{"id":101528,"date":"2021-09-23T23:58:42","date_gmt":"2021-09-23T21:58:42","guid":{"rendered":"https:\/\/www.peakdesign.cz\/?page_id=101528"},"modified":"2022-10-21T21:12:57","modified_gmt":"2022-10-21T19:12:57","slug":"mobile-dostupnost","status":"publish","type":"page","link":"https:\/\/www.onefive.cz\/peakdesign\/mobile-dostupnost\/","title":{"rendered":"Mobile - dostupnost"},"content":{"rendered":"<h3 class=\"top_header\">Dostupnost produkt\u016f \u0159ady Mobile - kryty pro iPhone 14 a SE<\/h3>\n<p>V\u0161echny informace ohledn\u011b dostupnosti \u0159ady <a href=\"https:\/\/www.onefive.cz\/peakdesign\/mobile-shop\/\">Mobile<\/a> aktualizujeme na t\u00e9to str\u00e1nce.<\/p>\n<p>N\u00ed\u017ee naleznete p\u0159edpokl\u00e1dan\u00e1 data expedice jednotliv\u00fdch kryt\u016f pro iPhone 14 a SE.<br \/>\nPeak Design d\u011bl\u00e1 maximum pro to, aby se k v\u00e1m produkty Mobile dostaly co nejd\u0159\u00edve.<\/p>\n<p><strong>Va\u0161e objedn\u00e1vky budou expedov\u00e1ny v okam\u017eiku naskladn\u011bn\u00ed v\u0161ech objednan\u00fdch produkt\u016f.<\/strong> Pokud nechcete \u010dekat a pot\u0159ebujete n\u011bkter\u00fd z produkt\u016f d\u0159\u00edve ne\u017e ostatn\u00ed s pozd\u011bj\u0161\u00ed dostupnost\u00ed, pros\u00edm vytvo\u0159te pro n\u011b separ\u00e1tn\u00ed objedn\u00e1vky.<br \/>\nVa\u0161e existuj\u00edc\u00ed objedn\u00e1vky m\u016f\u017eete v p\u0159\u00edpad\u011b pot\u0159eby upravit - <a href=\"https:\/\/www.peakdesign.cz\/kontakt\/\">dejte n\u00e1m v\u011bd\u011bt<\/a>.<\/p>\n<p>D\u011bkujeme v\u00e1m za trp\u011blvost. Slibujeme v\u00e1m, \u017ee je opravdu na co si po\u010dkat a nebudete litovat \ud83d\ude42<\/p>\n<p>(aktualizov\u00e1no 21. 10. 2022)<\/p>\n<p><strong>O\u010dek\u00e1v\u00e1me 25. 10.<\/strong><\/p>\n<style type=\"text\/css\">\n.tg  {border-collapse:collapse;border-spacing:0;border-width:0px;}\n.tg td{border-color:white;border-style:solid;border-width:0px;overflow:hidden;padding:0px 5px;word-break:normal;}\n.tg .tg-87il{text-align:left;vertical-align:bottom}\n<\/style>\n<table class=\"tg\">\n<tbody>\n<tr>\n<td class=\"tg-87il\">M-LC-AX-CH-1<\/td>\n<td class=\"tg-87il\"><a href=\"https:\/\/www.onefive.cz\/peakdesign\/produkt\/everyday-case\/\">Everyday Loop Case iPhone 14 - Charcoal<\/a><\/td>\n<\/tr>\n<tr>\n<td class=\"tg-87il\">M-LC-BA-CH-1<\/td>\n<td class=\"tg-87il\"><a href=\"https:\/\/www.onefive.cz\/peakdesign\/produkt\/everyday-case\/\">Everyday Loop Case iPhone 14 Plus - Charcoal<\/a><\/td>\n<\/tr>\n<\/tbody>\n<\/table>\n<p><strong>Skladem<\/strong><\/p>\n<style type=\"text\/css\">\n.tg  {border-collapse:collapse;border-spacing:0;border-width:0px;}\n.tg td{border-color:white;border-style:solid;border-width:0px;overflow:hidden;padding:0px 5px;word-break:normal;}\n.tg .tg-87il{text-align:left;vertical-align:bottom}\n<\/style>\n<table class=\"tg\">\n<tbody>\n<tr>\n<td class=\"tg-87il\">M-MC-AX-CH-1<\/td>\n<td class=\"tg-87il\"><a href=\"https:\/\/www.onefive.cz\/peakdesign\/produkt\/everyday-case\/\">Everyday Case iPhone 14 - Charcoal<\/a><\/td>\n<\/tr>\n<tr>\n<td class=\"tg-87il\">M-MC-BA-CH-1<\/td>\n<td class=\"tg-87il\"><a href=\"https:\/\/www.onefive.cz\/peakdesign\/produkt\/everyday-case\/\">Everyday Case iPhone 14 Plus - Charcoal<\/a><\/td>\n<\/tr>\n<tr>\n<td class=\"tg-87il\">M-MC-BB-CH-1<\/td>\n<td class=\"tg-87il\"><a href=\"https:\/\/www.onefive.cz\/peakdesign\/produkt\/everyday-case\/\">Everyday Case Phone 14 Pro - Charcoal<\/a><\/td>\n<\/tr>\n<tr>\n<td class=\"tg-87il\">M-MC-BC-CH-1<\/td>\n<td class=\"tg-87il\"><a href=\"https:\/\/www.onefive.cz\/peakdesign\/produkt\/everyday-case\/\">Everyday Case iPhone 14 Pro Max - Charcoal<\/a><\/td>\n<\/tr>\n<tr>\n<td class=\"tg-87il\">M-MC-AX-SG-1<\/td>\n<td class=\"tg-87il\"><a href=\"https:\/\/www.onefive.cz\/peakdesign\/produkt\/everyday-case\/\">Everyday Case iPhone 14 - Sage<\/a><\/td>\n<\/tr>\n<tr>\n<td class=\"tg-87il\">M-MC-BA-SG-1<\/td>\n<td class=\"tg-87il\"><a href=\"https:\/\/www.onefive.cz\/peakdesign\/produkt\/everyday-case\/\">Everyday Case iPhone 14 Plus - Sage<\/a><\/td>\n<\/tr>\n<tr>\n<td class=\"tg-87il\">M-MC-BB-SG-1<\/td>\n<td class=\"tg-87il\"><a href=\"https:\/\/www.onefive.cz\/peakdesign\/produkt\/everyday-case\/\">Everyday Case iPhone 14 Pro - Sage<\/a><\/td>\n<\/tr>\n<tr>\n<td class=\"tg-87il\">M-MC-BC-SG-1<\/td>\n<td class=\"tg-87il\"><a href=\"https:\/\/www.onefive.cz\/peakdesign\/produkt\/everyday-case\/\">Everyday Case iPhone 14 Pro Max - Sage<\/a><\/td>\n<\/tr>\n<tr>\n<td class=\"tg-87il\">M-LC-BB-CH-1<\/td>\n<td class=\"tg-87il\"><a href=\"https:\/\/www.onefive.cz\/peakdesign\/produkt\/everyday-case\/\">Everyday Loop Case iPhone 14 Pro - Charcoal<\/a><\/td>\n<\/tr>\n<tr>\n<td class=\"tg-87il\">M-LC-BC-CH-1<\/td>\n<td class=\"tg-87il\"><a href=\"https:\/\/www.onefive.cz\/peakdesign\/produkt\/everyday-case\/\">Everyday Loop Case iPhone 14 Pro Max - Charcoal<\/a><\/td>\n<\/tr>\n<tr>\n<td class=\"tg-87il\">M-MC-AW-CH-1<\/td>\n<td class=\"tg-87il\"><a href=\"https:\/\/www.onefive.cz\/peakdesign\/produkt\/everyday-case\/\">Everyday Case iPhone SE - Charcoal<\/a><\/td>\n<\/tr>\n<\/tbody>\n<\/table>\n<p><a href=\"https:\/\/www.onefive.cz\/peakdesign\/mobile-shop\/\"><img decoding=\"async\" src=\"https:\/\/www.peakdesign.cz\/wp-content\/uploads\/2021\/09\/burst2-copy.jpg\" alt=\"\" width=\"900\" class=\"alignnone size-full\" \/><\/a><\/p>\n","protected":false},"excerpt":{"rendered":"<p>Dostupnost produkt\u016f \u0159ady Mobile - kryty pro iPhone 14 a SE V\u0161echny informace ohledn\u011b dostupnosti \u0159ady Mobile aktualizujeme na t\u00e9to str\u00e1nce. N\u00ed\u017ee naleznete p\u0159edpokl\u00e1dan\u00e1 data expedice jednotliv\u00fdch kryt\u016f pro iPhone 14 a SE. Peak Design d\u011bl\u00e1 maximum pro to, aby se k v\u00e1m produkty Mobile dostaly co nejd\u0159\u00edve. Va\u0161e objedn\u00e1vky budou expedov\u00e1ny v okam\u017eiku naskladn\u011bn\u00ed [&hellip;]<\/p>\n","protected":false},"author":1,"featured_media":0,"parent":0,"menu_order":0,"comment_status":"closed","ping_status":"closed","template":"","meta":{"footnotes":""},"class_list":["post-101528","page","type-page","status-publish","hentry"],"yoast_head":"<!-- This site is optimized with the Yoast SEO plugin v27.4 - https:\/\/yoast.com\/product\/yoast-seo-wordpress\/ -->\n<title>Mobile - dostupnost - OneFive.cz - Prodejce Peak Design<\/title>\n<meta name=\"robots\" content=\"index, follow, max-snippet:-1, max-image-preview:large, max-video-preview:-1\" \/>\n<link rel=\"canonical\" href=\"https:\/\/www.onefive.cz\/peakdesign\/mobile-dostupnost\/\" \/>\n<meta property=\"og:locale\" content=\"cs_CZ\" \/>\n<meta property=\"og:type\" content=\"article\" \/>\n<meta property=\"og:title\" content=\"Mobile - dostupnost\" \/>\n<meta property=\"og:description\" content=\"Dostupnost produkt\u016f \u0159ady Mobile - kryty pro iPhone 14 a SE V\u0161echny informace ohledn\u011b dostupnosti \u0159ady Mobile aktualizujeme na t\u00e9to str\u00e1nce. N\u00ed\u017ee naleznete p\u0159edpokl\u00e1dan\u00e1 data expedice jednotliv\u00fdch kryt\u016f pro iPhone 14 a SE. Peak Design d\u011bl\u00e1 maximum pro to, aby se k v\u00e1m produkty Mobile dostaly co nejd\u0159\u00edve. Va\u0161e objedn\u00e1vky budou expedov\u00e1ny v okam\u017eiku naskladn\u011bn\u00ed [&hellip;]\" \/>\n<meta property=\"og:url\" content=\"https:\/\/www.onefive.cz\/peakdesign\/mobile-dostupnost\/\" \/>\n<meta property=\"og:site_name\" content=\"OneFive.cz - Prodejce Peak Design\" \/>\n<meta property=\"article:modified_time\" content=\"2022-10-21T19:12:57+00:00\" \/>\n<meta property=\"og:image\" content=\"https:\/\/i0.wp.com\/www.onefive.cz\/peakdesign\/wp-content\/uploads\/2021\/09\/IMG-5.jpeg?fit=1280%2C855&ssl=1\" \/>\n\t<meta property=\"og:image:width\" content=\"1280\" \/>\n\t<meta property=\"og:image:height\" content=\"855\" \/>\n\t<meta property=\"og:image:type\" content=\"image\/jpeg\" \/>\n<meta name=\"twitter:card\" content=\"summary_large_image\" \/>\n<meta name=\"twitter:label1\" content=\"Odhadovan\u00e1 doba \u010dten\u00ed\" \/>\n\t<meta name=\"twitter:data1\" content=\"2 minuty\" \/>\n<script type=\"application\/ld+json\" class=\"yoast-schema-graph\">{\"@context\":\"https:\\\/\\\/schema.org\",\"@graph\":[{\"@type\":\"WebPage\",\"@id\":\"https:\\\/\\\/www.onefive.cz\\\/peakdesign\\\/mobile-dostupnost\\\/\",\"url\":\"https:\\\/\\\/www.onefive.cz\\\/peakdesign\\\/mobile-dostupnost\\\/\",\"name\":\"Mobile - dostupnost - OneFive.cz - Prodejce Peak Design\",\"isPartOf\":{\"@id\":\"https:\\\/\\\/www.onefive.cz\\\/peakdesign\\\/#website\"},\"primaryImageOfPage\":{\"@id\":\"https:\\\/\\\/www.onefive.cz\\\/peakdesign\\\/mobile-dostupnost\\\/#primaryimage\"},\"image\":{\"@id\":\"https:\\\/\\\/www.onefive.cz\\\/peakdesign\\\/mobile-dostupnost\\\/#primaryimage\"},\"thumbnailUrl\":\"https:\\\/\\\/www.peakdesign.cz\\\/wp-content\\\/uploads\\\/2021\\\/09\\\/burst2-copy.jpg\",\"datePublished\":\"2021-09-23T21:58:42+00:00\",\"dateModified\":\"2022-10-21T19:12:57+00:00\",\"breadcrumb\":{\"@id\":\"https:\\\/\\\/www.onefive.cz\\\/peakdesign\\\/mobile-dostupnost\\\/#breadcrumb\"},\"inLanguage\":\"cs\",\"potentialAction\":[{\"@type\":\"ReadAction\",\"target\":[\"https:\\\/\\\/www.onefive.cz\\\/peakdesign\\\/mobile-dostupnost\\\/\"]}]},{\"@type\":\"ImageObject\",\"inLanguage\":\"cs\",\"@id\":\"https:\\\/\\\/www.onefive.cz\\\/peakdesign\\\/mobile-dostupnost\\\/#primaryimage\",\"url\":\"https:\\\/\\\/www.peakdesign.cz\\\/wp-content\\\/uploads\\\/2021\\\/09\\\/burst2-copy.jpg\",\"contentUrl\":\"https:\\\/\\\/www.peakdesign.cz\\\/wp-content\\\/uploads\\\/2021\\\/09\\\/burst2-copy.jpg\"},{\"@type\":\"BreadcrumbList\",\"@id\":\"https:\\\/\\\/www.onefive.cz\\\/peakdesign\\\/mobile-dostupnost\\\/#breadcrumb\",\"itemListElement\":[{\"@type\":\"ListItem\",\"position\":1,\"name\":\"Dom\u016f\",\"item\":\"https:\\\/\\\/www.onefive.cz\\\/peakdesign\\\/\"},{\"@type\":\"ListItem\",\"position\":2,\"name\":\"Mobile - dostupnost\"}]},{\"@type\":\"WebSite\",\"@id\":\"https:\\\/\\\/www.onefive.cz\\\/peakdesign\\\/#website\",\"url\":\"https:\\\/\\\/www.onefive.cz\\\/peakdesign\\\/\",\"name\":\"OneFive.cz - Prodejce Peak Design\",\"description\":\"Kryty a dr\u017e\u00e1ky pro telefony, cestovn\u00ed a everyday batohy a ta\u0161ky, organiz\u00e9ry a fotop\u0159\u00edslu\u0161enstv\u00ed. Ultim\u00e1tn\u00ed v\u00fdbava pro ty, kte\u0159\u00ed vy\u017eaduj\u00ed to nejlep\u0161\u00ed.\",\"potentialAction\":[{\"@type\":\"SearchAction\",\"target\":{\"@type\":\"EntryPoint\",\"urlTemplate\":\"https:\\\/\\\/www.onefive.cz\\\/peakdesign\\\/?s={search_term_string}\"},\"query-input\":{\"@type\":\"PropertyValueSpecification\",\"valueRequired\":true,\"valueName\":\"search_term_string\"}}],\"inLanguage\":\"cs\"}]}<\/script>\n<!-- \/ Yoast SEO plugin. -->","yoast_head_json":{"title":"Mobile - dostupnost - OneFive.cz - Prodejce Peak Design","robots":{"index":"index","follow":"follow","max-snippet":"max-snippet:-1","max-image-preview":"max-image-preview:large","max-video-preview":"max-video-preview:-1"},"canonical":"https:\/\/www.onefive.cz\/peakdesign\/mobile-dostupnost\/","og_locale":"cs_CZ","og_type":"article","og_title":"Mobile - dostupnost","og_description":"Dostupnost produkt\u016f \u0159ady Mobile - kryty pro iPhone 14 a SE V\u0161echny informace ohledn\u011b dostupnosti \u0159ady Mobile aktualizujeme na t\u00e9to str\u00e1nce. N\u00ed\u017ee naleznete p\u0159edpokl\u00e1dan\u00e1 data expedice jednotliv\u00fdch kryt\u016f pro iPhone 14 a SE. Peak Design d\u011bl\u00e1 maximum pro to, aby se k v\u00e1m produkty Mobile dostaly co nejd\u0159\u00edve. Va\u0161e objedn\u00e1vky budou expedov\u00e1ny v okam\u017eiku naskladn\u011bn\u00ed [&hellip;]","og_url":"https:\/\/www.onefive.cz\/peakdesign\/mobile-dostupnost\/","og_site_name":"OneFive.cz - Prodejce Peak Design","article_modified_time":"2022-10-21T19:12:57+00:00","og_image":[{"width":1280,"height":855,"url":"https:\/\/i0.wp.com\/www.onefive.cz\/peakdesign\/wp-content\/uploads\/2021\/09\/IMG-5.jpeg?fit=1280%2C855&ssl=1","type":"image\/jpeg"}],"twitter_card":"summary_large_image","twitter_misc":{"Odhadovan\u00e1 doba \u010dten\u00ed":"2 minuty"},"schema":{"@context":"https:\/\/schema.org","@graph":[{"@type":"WebPage","@id":"https:\/\/www.onefive.cz\/peakdesign\/mobile-dostupnost\/","url":"https:\/\/www.onefive.cz\/peakdesign\/mobile-dostupnost\/","name":"Mobile - dostupnost - OneFive.cz - Prodejce Peak Design","isPartOf":{"@id":"https:\/\/www.onefive.cz\/peakdesign\/#website"},"primaryImageOfPage":{"@id":"https:\/\/www.onefive.cz\/peakdesign\/mobile-dostupnost\/#primaryimage"},"image":{"@id":"https:\/\/www.onefive.cz\/peakdesign\/mobile-dostupnost\/#primaryimage"},"thumbnailUrl":"https:\/\/www.peakdesign.cz\/wp-content\/uploads\/2021\/09\/burst2-copy.jpg","datePublished":"2021-09-23T21:58:42+00:00","dateModified":"2022-10-21T19:12:57+00:00","breadcrumb":{"@id":"https:\/\/www.onefive.cz\/peakdesign\/mobile-dostupnost\/#breadcrumb"},"inLanguage":"cs","potentialAction":[{"@type":"ReadAction","target":["https:\/\/www.onefive.cz\/peakdesign\/mobile-dostupnost\/"]}]},{"@type":"ImageObject","inLanguage":"cs","@id":"https:\/\/www.onefive.cz\/peakdesign\/mobile-dostupnost\/#primaryimage","url":"https:\/\/www.peakdesign.cz\/wp-content\/uploads\/2021\/09\/burst2-copy.jpg","contentUrl":"https:\/\/www.peakdesign.cz\/wp-content\/uploads\/2021\/09\/burst2-copy.jpg"},{"@type":"BreadcrumbList","@id":"https:\/\/www.onefive.cz\/peakdesign\/mobile-dostupnost\/#breadcrumb","itemListElement":[{"@type":"ListItem","position":1,"name":"Dom\u016f","item":"https:\/\/www.onefive.cz\/peakdesign\/"},{"@type":"ListItem","position":2,"name":"Mobile - dostupnost"}]},{"@type":"WebSite","@id":"https:\/\/www.onefive.cz\/peakdesign\/#website","url":"https:\/\/www.onefive.cz\/peakdesign\/","name":"OneFive.cz - Prodejce Peak Design","description":"Kryty a dr\u017e\u00e1ky pro telefony, cestovn\u00ed a everyday batohy a ta\u0161ky, organiz\u00e9ry a fotop\u0159\u00edslu\u0161enstv\u00ed. Ultim\u00e1tn\u00ed v\u00fdbava pro ty, kte\u0159\u00ed vy\u017eaduj\u00ed to nejlep\u0161\u00ed.","potentialAction":[{"@type":"SearchAction","target":{"@type":"EntryPoint","urlTemplate":"https:\/\/www.onefive.cz\/peakdesign\/?s={search_term_string}"},"query-input":{"@type":"PropertyValueSpecification","valueRequired":true,"valueName":"search_term_string"}}],"inLanguage":"cs"}]}},"_links":{"self":[{"href":"https:\/\/www.onefive.cz\/peakdesign\/wp-json\/wp\/v2\/pages\/101528","targetHints":{"allow":["GET"]}}],"collection":[{"href":"https:\/\/www.onefive.cz\/peakdesign\/wp-json\/wp\/v2\/pages"}],"about":[{"href":"https:\/\/www.onefive.cz\/peakdesign\/wp-json\/wp\/v2\/types\/page"}],"author":[{"embeddable":true,"href":"https:\/\/www.onefive.cz\/peakdesign\/wp-json\/wp\/v2\/users\/1"}],"replies":[{"embeddable":true,"href":"https:\/\/www.onefive.cz\/peakdesign\/wp-json\/wp\/v2\/comments?post=101528"}],"version-history":[{"count":0,"href":"https:\/\/www.onefive.cz\/peakdesign\/wp-json\/wp\/v2\/pages\/101528\/revisions"}],"wp:attachment":[{"href":"https:\/\/www.onefive.cz\/peakdesign\/wp-json\/wp\/v2\/media?parent=101528"}],"curies":[{"name":"wp","href":"https:\/\/api.w.org\/{rel}","templated":true}]}}