{"id":106322,"date":"2022-11-17T21:48:46","date_gmt":"2022-11-17T20:48:46","guid":{"rendered":"https:\/\/www.peakdesign.cz\/?page_id=106322"},"modified":"2022-11-17T21:54:08","modified_gmt":"2022-11-17T20:54:08","slug":"test123","status":"publish","type":"page","link":"https:\/\/www.onefive.cz\/peakdesign\/test123\/","title":{"rendered":"Test123"},"content":{"rendered":"<p>[rev_slider alias=\"peaksliderbf\"]<\/p>\n<p>&nbsp;<\/p>\n<div class=\"one-third\">\n<a style=\"width: 100%;\" href=\"https:\/\/www.onefive.cz\/peakdesign\/mobile-shop\/\"><img decoding=\"async\" src=\"\/wp-content\/uploads\/2021\/09\/category-mobile.jpeg\" alt=\"MOBILE\" width=\"330\" class=\"alignnone size-full\" \/><\/p>\n<div class=\"hp_category\">MOBILE<\/div>\n<p><\/a>\n<\/div>\n<div class=\"one-third\">\n<a style=\"width: 100%;\" href=\"https:\/\/www.peakdesign.cz\/zavazadla-pro-kazdy-den\/\"><img decoding=\"async\" class=\"alignnone size-full\" loading=\"lazy\" src=\"\/wp-content\/uploads\/2021\/02\/category-bags4.jpg\" alt=\"ZAVAZADLA PRO KA\u017dD\u00dd DEN\" width=\"330\" \/><\/p>\n<div class=\"hp_category\">ZAVAZADLA PRO KA\u017dD\u00dd DEN<\/div>\n<p><\/a>\n<\/div>\n<div class=\"one-third \">\n<a style=\"width: 100%;\" href=\"https:\/\/www.peakdesign.cz\/stativy\/\"><img decoding=\"async\" class=\"alignnone size-full\" loading=\"lazy\" src=\"\/wp-content\/uploads\/2019\/07\/category-tripods.jpg\" alt=\"STATIVY\" width=\"330\" \/><\/p>\n<div class=\"hp_category\">STATIVY<\/div>\n<p><\/a>\n<\/div>\n<div class=\"one-third \">\n<a style=\"width: 100%; \" href=\"https:\/\/www.peakdesign.cz\/popruhy\/\"><img decoding=\"async\" class=\"alignnone size-full\" loading=\"lazy\" src=\"\/wp-content\/uploads\/2018\/07\/category-straps.jpg\" alt=\"POPRUHY\" width=\"330\" \/><\/p>\n<div class=\"hp_category\">POPRUHY<\/div>\n<p><\/a>\n<\/div>\n<div class=\"one-third \">\n<a style=\"width: 100%;\" href=\"https:\/\/www.peakdesign.cz\/drzaky\/\"><img decoding=\"async\" class=\"alignnone size-full\" loading=\"lazy\" src=\"\/wp-content\/uploads\/2021\/02\/category-clips2.jpg\" alt=\"DR\u017d\u00c1KY\" width=\"330\" \/><\/p>\n<div class=\"hp_category\">DR\u017d\u00c1KY<\/div>\n<p><\/a>\n<\/div>\n<div class=\"one-third \">\n<a style=\"width: 100%; \" href=\"https:\/\/www.peakdesign.cz\/travel-line\/\"><img decoding=\"async\" class=\"alignnone size-full\" loading=\"lazy\" src=\"\/wp-content\/uploads\/2021\/02\/category-travel2.jpg\" alt=\"CESTOVN\u00cd ZAVAZADLA\" width=\"330\" \/><\/p>\n<div class=\"hp_category\">CESTOVN\u00cd ZAVAZADLA<\/div>\n<p><\/a>\n<\/div>\n<div class=\"one-third \">\n<a style=\"width: 100%;\" href=\"https:\/\/www.peakdesign.cz\/pouzdra-a-organizery\/\"><img decoding=\"async\" class=\"alignnone size-full\" loading=\"lazy\" src=\"\/wp-content\/uploads\/2021\/06\/category-pouches.jpg\" alt=\"POUZDRA A ORGANIZ\u00c9RY\" width=\"330\" \/><\/p>\n<div class=\"hp_category\">POUZDRA A ORGANIZ\u00c9RY<\/div>\n<p><\/a>\n<\/div>\n<div class=\"one-third \">\n<a style=\"width: 100%;\" href=\"https:\/\/www.peakdesign.cz\/obleceni\/\"><img decoding=\"async\" class=\"alignnone size-full\" loading=\"lazy\" src=\"\/wp-content\/uploads\/2022\/10\/mikina-aloe.jpg\" alt=\"OBLE\u010cEN\u00cd\" width=\"330\" \/><\/p>\n<div class=\"hp_category\">OBLE\u010cEN\u00cd<\/div>\n<p><\/a>\n<\/div>\n<div class=\"one-third \">\n<a style=\"width: 100%;\" href=\"https:\/\/www.onefive.cz\/peakdesign\/produkt\/darkovy-poukaz\/\"><img decoding=\"async\" class=\"alignnone size-full\" loading=\"lazy\" src=\"\/wp-content\/uploads\/2018\/12\/category-kupon.jpg\" alt=\"D\u00c1RKOV\u00dd POUKAZ\" width=\"330\" \/><\/p>\n<div class=\"hp_category\">D\u00c1RKOV\u00dd POUKAZ<\/div>\n<p><\/a>\n<\/div>\n<div style=\"clear: both;\"><\/div>\n<p>&nbsp;<\/p>\n<h3>Peak Design<\/h3>\n<p style=\"font-size: 14px;\">V\u00fdbava pro cestovatele, kreativce a dobrodruhy - cestovn\u00ed batohy, zavazadla a pouzdra, daypacky a p\u0159\u00edslu\u0161enstv\u00ed nejen pro transport a ochranu mobiln\u00edch telefon\u016f, foto\/video techniky a dron\u016f.<\/p>\n<p>&nbsp;<\/p>\n<div class=\"youtube-player\" data-id=\"FpSa0Z2FBSA\"><\/div>\n<p>&nbsp;<\/p>\n<p><a title=\"Obchodn\u00ed podm\u00ednky\" href=\"https:\/\/www.peakdesign.cz\/obchodni-podminky\/\">Obchodn\u00ed podm\u00ednky<\/a> eshopu peakdesign.cz<\/p>\n","protected":false},"excerpt":{"rendered":"<p>[rev_slider alias=\"peaksliderbf\"] &nbsp; MOBILE ZAVAZADLA PRO KA\u017dD\u00dd DEN STATIVY POPRUHY DR\u017d\u00c1KY CESTOVN\u00cd ZAVAZADLA POUZDRA A ORGANIZ\u00c9RY OBLE\u010cEN\u00cd D\u00c1RKOV\u00dd POUKAZ &nbsp; Peak Design V\u00fdbava pro cestovatele, kreativce a dobrodruhy - cestovn\u00ed batohy, zavazadla a pouzdra, daypacky a p\u0159\u00edslu\u0161enstv\u00ed nejen pro transport a ochranu mobiln\u00edch telefon\u016f, foto\/video techniky a dron\u016f. &nbsp; &nbsp; Obchodn\u00ed podm\u00ednky eshopu peakdesign.cz<\/p>\n","protected":false},"author":1,"featured_media":105772,"parent":0,"menu_order":0,"comment_status":"open","ping_status":"open","template":"","meta":{"footnotes":""},"class_list":["post-106322","page","type-page","status-publish","has-post-thumbnail","hentry"],"yoast_head":"<!-- This site is optimized with the Yoast SEO plugin v27.4 - https:\/\/yoast.com\/product\/yoast-seo-wordpress\/ -->\n<title>OneFive.cz - Prodejce Peak Design<\/title>\n<meta name=\"description\" content=\"Kryty a dr\u017e\u00e1ky pro telefony, cestovn\u00ed a everyday batohy a ta\u0161ky, organiz\u00e9ry a fotop\u0159\u00edslu\u0161enstv\u00ed. Ultim\u00e1tn\u00ed v\u00fdbava pro ty, kte\u0159\u00ed vy\u017eaduj\u00ed to nejlep\u0161\u00ed.\" \/>\n<meta name=\"robots\" content=\"index, follow, max-snippet:-1, max-image-preview:large, max-video-preview:-1\" \/>\n<link rel=\"canonical\" href=\"https:\/\/www.onefive.cz\/peakdesign\/test123\/\" \/>\n<meta property=\"og:locale\" content=\"cs_CZ\" \/>\n<meta property=\"og:type\" content=\"article\" \/>\n<meta property=\"og:title\" content=\"Peak Design\" \/>\n<meta property=\"og:description\" content=\"Kryty a dr\u017e\u00e1ky pro telefony, cestovn\u00ed a everyday batohy a ta\u0161ky, organiz\u00e9ry a fotop\u0159\u00edslu\u0161enstv\u00ed. Ultim\u00e1tn\u00ed v\u00fdbava pro ty, kte\u0159\u00ed vy\u017eaduj\u00ed to nejlep\u0161\u00ed.\" \/>\n<meta property=\"og:url\" content=\"https:\/\/www.onefive.cz\/peakdesign\/test123\/\" \/>\n<meta property=\"og:site_name\" content=\"OneFive.cz - Prodejce Peak Design\" \/>\n<meta property=\"article:modified_time\" content=\"2022-11-17T20:54:08+00:00\" \/>\n<meta property=\"og:image\" content=\"https:\/\/i0.wp.com\/www.onefive.cz\/peakdesign\/wp-content\/uploads\/2017\/11\/logos_justlogo_black.png?fit=1240%2C688&ssl=1\" \/>\n\t<meta property=\"og:image:width\" content=\"1240\" \/>\n\t<meta property=\"og:image:height\" content=\"688\" \/>\n\t<meta property=\"og:image:type\" content=\"image\/png\" \/>\n<meta name=\"twitter:card\" content=\"summary_large_image\" \/>\n<meta name=\"twitter:label1\" content=\"Odhadovan\u00e1 doba \u010dten\u00ed\" \/>\n\t<meta name=\"twitter:data1\" content=\"3 minuty\" \/>\n<script type=\"application\/ld+json\" class=\"yoast-schema-graph\">{\"@context\":\"https:\\\/\\\/schema.org\",\"@graph\":[{\"@type\":\"WebPage\",\"@id\":\"https:\\\/\\\/www.onefive.cz\\\/peakdesign\\\/test123\\\/\",\"url\":\"https:\\\/\\\/www.onefive.cz\\\/peakdesign\\\/test123\\\/\",\"name\":\"OneFive.cz - Prodejce Peak Design\",\"isPartOf\":{\"@id\":\"https:\\\/\\\/www.onefive.cz\\\/peakdesign\\\/#website\"},\"primaryImageOfPage\":{\"@id\":\"https:\\\/\\\/www.onefive.cz\\\/peakdesign\\\/test123\\\/#primaryimage\"},\"image\":{\"@id\":\"https:\\\/\\\/www.onefive.cz\\\/peakdesign\\\/test123\\\/#primaryimage\"},\"thumbnailUrl\":\"https:\\\/\\\/www.onefive.cz\\\/peakdesign\\\/wp-content\\\/uploads\\\/2022\\\/10\\\/pdlogo.jpg\",\"datePublished\":\"2022-11-17T20:48:46+00:00\",\"dateModified\":\"2022-11-17T20:54:08+00:00\",\"description\":\"Kryty a dr\u017e\u00e1ky pro telefony, cestovn\u00ed a everyday batohy a ta\u0161ky, organiz\u00e9ry a fotop\u0159\u00edslu\u0161enstv\u00ed. Ultim\u00e1tn\u00ed v\u00fdbava pro ty, kte\u0159\u00ed vy\u017eaduj\u00ed to nejlep\u0161\u00ed.\",\"breadcrumb\":{\"@id\":\"https:\\\/\\\/www.onefive.cz\\\/peakdesign\\\/test123\\\/#breadcrumb\"},\"inLanguage\":\"cs\",\"potentialAction\":[{\"@type\":\"ReadAction\",\"target\":[\"https:\\\/\\\/www.onefive.cz\\\/peakdesign\\\/test123\\\/\"]}]},{\"@type\":\"ImageObject\",\"inLanguage\":\"cs\",\"@id\":\"https:\\\/\\\/www.onefive.cz\\\/peakdesign\\\/test123\\\/#primaryimage\",\"url\":\"https:\\\/\\\/www.onefive.cz\\\/peakdesign\\\/wp-content\\\/uploads\\\/2022\\\/10\\\/pdlogo.jpg\",\"contentUrl\":\"https:\\\/\\\/www.onefive.cz\\\/peakdesign\\\/wp-content\\\/uploads\\\/2022\\\/10\\\/pdlogo.jpg\",\"width\":800,\"height\":800},{\"@type\":\"BreadcrumbList\",\"@id\":\"https:\\\/\\\/www.onefive.cz\\\/peakdesign\\\/test123\\\/#breadcrumb\",\"itemListElement\":[{\"@type\":\"ListItem\",\"position\":1,\"name\":\"Dom\u016f\",\"item\":\"https:\\\/\\\/www.onefive.cz\\\/peakdesign\\\/\"},{\"@type\":\"ListItem\",\"position\":2,\"name\":\"Test123\"}]},{\"@type\":\"WebSite\",\"@id\":\"https:\\\/\\\/www.onefive.cz\\\/peakdesign\\\/#website\",\"url\":\"https:\\\/\\\/www.onefive.cz\\\/peakdesign\\\/\",\"name\":\"OneFive.cz - Prodejce Peak Design\",\"description\":\"Kryty a dr\u017e\u00e1ky pro telefony, cestovn\u00ed a everyday batohy a ta\u0161ky, organiz\u00e9ry a fotop\u0159\u00edslu\u0161enstv\u00ed. Ultim\u00e1tn\u00ed v\u00fdbava pro ty, kte\u0159\u00ed vy\u017eaduj\u00ed to nejlep\u0161\u00ed.\",\"potentialAction\":[{\"@type\":\"SearchAction\",\"target\":{\"@type\":\"EntryPoint\",\"urlTemplate\":\"https:\\\/\\\/www.onefive.cz\\\/peakdesign\\\/?s={search_term_string}\"},\"query-input\":{\"@type\":\"PropertyValueSpecification\",\"valueRequired\":true,\"valueName\":\"search_term_string\"}}],\"inLanguage\":\"cs\"}]}<\/script>\n<!-- \/ Yoast SEO plugin. -->","yoast_head_json":{"title":"OneFive.cz - Prodejce Peak Design","description":"Kryty a dr\u017e\u00e1ky pro telefony, cestovn\u00ed a everyday batohy a ta\u0161ky, organiz\u00e9ry a fotop\u0159\u00edslu\u0161enstv\u00ed. Ultim\u00e1tn\u00ed v\u00fdbava pro ty, kte\u0159\u00ed vy\u017eaduj\u00ed to nejlep\u0161\u00ed.","robots":{"index":"index","follow":"follow","max-snippet":"max-snippet:-1","max-image-preview":"max-image-preview:large","max-video-preview":"max-video-preview:-1"},"canonical":"https:\/\/www.onefive.cz\/peakdesign\/test123\/","og_locale":"cs_CZ","og_type":"article","og_title":"Peak Design","og_description":"Kryty a dr\u017e\u00e1ky pro telefony, cestovn\u00ed a everyday batohy a ta\u0161ky, organiz\u00e9ry a fotop\u0159\u00edslu\u0161enstv\u00ed. Ultim\u00e1tn\u00ed v\u00fdbava pro ty, kte\u0159\u00ed vy\u017eaduj\u00ed to nejlep\u0161\u00ed.","og_url":"https:\/\/www.onefive.cz\/peakdesign\/test123\/","og_site_name":"OneFive.cz - Prodejce Peak Design","article_modified_time":"2022-11-17T20:54:08+00:00","og_image":[{"width":1240,"height":688,"url":"https:\/\/i0.wp.com\/www.onefive.cz\/peakdesign\/wp-content\/uploads\/2017\/11\/logos_justlogo_black.png?fit=1240%2C688&ssl=1","type":"image\/png"}],"twitter_card":"summary_large_image","twitter_misc":{"Odhadovan\u00e1 doba \u010dten\u00ed":"3 minuty"},"schema":{"@context":"https:\/\/schema.org","@graph":[{"@type":"WebPage","@id":"https:\/\/www.onefive.cz\/peakdesign\/test123\/","url":"https:\/\/www.onefive.cz\/peakdesign\/test123\/","name":"OneFive.cz - Prodejce Peak Design","isPartOf":{"@id":"https:\/\/www.onefive.cz\/peakdesign\/#website"},"primaryImageOfPage":{"@id":"https:\/\/www.onefive.cz\/peakdesign\/test123\/#primaryimage"},"image":{"@id":"https:\/\/www.onefive.cz\/peakdesign\/test123\/#primaryimage"},"thumbnailUrl":"https:\/\/www.onefive.cz\/peakdesign\/wp-content\/uploads\/2022\/10\/pdlogo.jpg","datePublished":"2022-11-17T20:48:46+00:00","dateModified":"2022-11-17T20:54:08+00:00","description":"Kryty a dr\u017e\u00e1ky pro telefony, cestovn\u00ed a everyday batohy a ta\u0161ky, organiz\u00e9ry a fotop\u0159\u00edslu\u0161enstv\u00ed. Ultim\u00e1tn\u00ed v\u00fdbava pro ty, kte\u0159\u00ed vy\u017eaduj\u00ed to nejlep\u0161\u00ed.","breadcrumb":{"@id":"https:\/\/www.onefive.cz\/peakdesign\/test123\/#breadcrumb"},"inLanguage":"cs","potentialAction":[{"@type":"ReadAction","target":["https:\/\/www.onefive.cz\/peakdesign\/test123\/"]}]},{"@type":"ImageObject","inLanguage":"cs","@id":"https:\/\/www.onefive.cz\/peakdesign\/test123\/#primaryimage","url":"https:\/\/www.onefive.cz\/peakdesign\/wp-content\/uploads\/2022\/10\/pdlogo.jpg","contentUrl":"https:\/\/www.onefive.cz\/peakdesign\/wp-content\/uploads\/2022\/10\/pdlogo.jpg","width":800,"height":800},{"@type":"BreadcrumbList","@id":"https:\/\/www.onefive.cz\/peakdesign\/test123\/#breadcrumb","itemListElement":[{"@type":"ListItem","position":1,"name":"Dom\u016f","item":"https:\/\/www.onefive.cz\/peakdesign\/"},{"@type":"ListItem","position":2,"name":"Test123"}]},{"@type":"WebSite","@id":"https:\/\/www.onefive.cz\/peakdesign\/#website","url":"https:\/\/www.onefive.cz\/peakdesign\/","name":"OneFive.cz - Prodejce Peak Design","description":"Kryty a dr\u017e\u00e1ky pro telefony, cestovn\u00ed a everyday batohy a ta\u0161ky, organiz\u00e9ry a fotop\u0159\u00edslu\u0161enstv\u00ed. Ultim\u00e1tn\u00ed v\u00fdbava pro ty, kte\u0159\u00ed vy\u017eaduj\u00ed to nejlep\u0161\u00ed.","potentialAction":[{"@type":"SearchAction","target":{"@type":"EntryPoint","urlTemplate":"https:\/\/www.onefive.cz\/peakdesign\/?s={search_term_string}"},"query-input":{"@type":"PropertyValueSpecification","valueRequired":true,"valueName":"search_term_string"}}],"inLanguage":"cs"}]}},"_links":{"self":[{"href":"https:\/\/www.onefive.cz\/peakdesign\/wp-json\/wp\/v2\/pages\/106322","targetHints":{"allow":["GET"]}}],"collection":[{"href":"https:\/\/www.onefive.cz\/peakdesign\/wp-json\/wp\/v2\/pages"}],"about":[{"href":"https:\/\/www.onefive.cz\/peakdesign\/wp-json\/wp\/v2\/types\/page"}],"author":[{"embeddable":true,"href":"https:\/\/www.onefive.cz\/peakdesign\/wp-json\/wp\/v2\/users\/1"}],"replies":[{"embeddable":true,"href":"https:\/\/www.onefive.cz\/peakdesign\/wp-json\/wp\/v2\/comments?post=106322"}],"version-history":[{"count":0,"href":"https:\/\/www.onefive.cz\/peakdesign\/wp-json\/wp\/v2\/pages\/106322\/revisions"}],"wp:featuredmedia":[{"embeddable":true,"href":"https:\/\/www.onefive.cz\/peakdesign\/wp-json\/wp\/v2\/media\/105772"}],"wp:attachment":[{"href":"https:\/\/www.onefive.cz\/peakdesign\/wp-json\/wp\/v2\/media?parent=106322"}],"curies":[{"name":"wp","href":"https:\/\/api.w.org\/{rel}","templated":true}]}}