{"id":115282,"date":"2024-08-27T20:22:07","date_gmt":"2024-08-27T18:22:07","guid":{"rendered":"https:\/\/www.onefive.cz\/peakdesign\/?page_id=115282"},"modified":"2025-07-14T10:21:31","modified_gmt":"2025-07-14T08:21:31","slug":"store","status":"publish","type":"page","link":"https:\/\/www.onefive.cz\/peakdesign\/store\/","title":{"rendered":"Store"},"content":{"rendered":"<h1>PEAK DESIGN Prague store<\/h1>\n<p>Ji\u017e brzy!<\/p>\n","protected":false},"excerpt":{"rendered":"<p>PEAK DESIGN Prague store Ji\u017e brzy!<\/p>\n","protected":false},"author":1,"featured_media":0,"parent":0,"menu_order":0,"comment_status":"open","ping_status":"open","template":"","meta":{"footnotes":""},"class_list":["post-115282","page","type-page","status-publish","hentry"],"yoast_head":"<!-- This site is optimized with the Yoast SEO plugin v27.4 - https:\/\/yoast.com\/product\/yoast-seo-wordpress\/ -->\n<title>Peak Design Prague Store<\/title>\n<meta name=\"description\" content=\"Prvn\u00ed evropsk\u00fd Peak Design Store je otev\u0159en\u00fd! V centru historick\u00e9 Prahy, nedaleko V\u00e1clavsk\u00e9ho n\u00e1m\u011bst\u00ed, najde\u0161 v\u0161e, co Peak Design nab\u00edz\u00ed.\" \/>\n<meta name=\"robots\" content=\"index, follow, max-snippet:-1, max-image-preview:large, max-video-preview:-1\" \/>\n<link rel=\"canonical\" href=\"https:\/\/www.onefive.cz\/peakdesign\/store\/\" \/>\n<meta property=\"og:locale\" content=\"cs_CZ\" \/>\n<meta property=\"og:type\" content=\"article\" \/>\n<meta property=\"og:title\" content=\"Peak Design Prague Store\" \/>\n<meta property=\"og:description\" content=\"Prvn\u00ed evropsk\u00fd Peak Design Store je otev\u0159en\u00fd! V centru historick\u00e9 Prahy, nedaleko V\u00e1clavsk\u00e9ho n\u00e1m\u011bst\u00ed, najde\u0161 v\u0161e, co Peak Design nab\u00edz\u00ed.\" \/>\n<meta property=\"og:url\" content=\"https:\/\/www.onefive.cz\/peakdesign\/store\/\" \/>\n<meta property=\"og:site_name\" content=\"OneFive.cz - Prodejce Peak Design\" \/>\n<meta property=\"article:modified_time\" content=\"2025-07-14T08:21:31+00:00\" \/>\n<meta name=\"twitter:card\" content=\"summary_large_image\" \/>\n<meta name=\"twitter:label1\" content=\"Odhadovan\u00e1 doba \u010dten\u00ed\" \/>\n\t<meta name=\"twitter:data1\" content=\"2 minuty\" \/>\n<script type=\"application\/ld+json\" class=\"yoast-schema-graph\">{\"@context\":\"https:\\\/\\\/schema.org\",\"@graph\":[{\"@type\":\"WebPage\",\"@id\":\"https:\\\/\\\/www.onefive.cz\\\/peakdesign\\\/store\\\/\",\"url\":\"https:\\\/\\\/www.onefive.cz\\\/peakdesign\\\/store\\\/\",\"name\":\"Peak Design Prague Store\",\"isPartOf\":{\"@id\":\"https:\\\/\\\/www.onefive.cz\\\/peakdesign\\\/#website\"},\"datePublished\":\"2024-08-27T18:22:07+00:00\",\"dateModified\":\"2025-07-14T08:21:31+00:00\",\"description\":\"Prvn\u00ed evropsk\u00fd Peak Design Store je otev\u0159en\u00fd! V centru historick\u00e9 Prahy, nedaleko V\u00e1clavsk\u00e9ho n\u00e1m\u011bst\u00ed, najde\u0161 v\u0161e, co Peak Design nab\u00edz\u00ed.\",\"breadcrumb\":{\"@id\":\"https:\\\/\\\/www.onefive.cz\\\/peakdesign\\\/store\\\/#breadcrumb\"},\"inLanguage\":\"cs\",\"potentialAction\":[{\"@type\":\"ReadAction\",\"target\":[\"https:\\\/\\\/www.onefive.cz\\\/peakdesign\\\/store\\\/\"]}]},{\"@type\":\"BreadcrumbList\",\"@id\":\"https:\\\/\\\/www.onefive.cz\\\/peakdesign\\\/store\\\/#breadcrumb\",\"itemListElement\":[{\"@type\":\"ListItem\",\"position\":1,\"name\":\"Dom\u016f\",\"item\":\"https:\\\/\\\/www.onefive.cz\\\/peakdesign\\\/\"},{\"@type\":\"ListItem\",\"position\":2,\"name\":\"Store\"}]},{\"@type\":\"WebSite\",\"@id\":\"https:\\\/\\\/www.onefive.cz\\\/peakdesign\\\/#website\",\"url\":\"https:\\\/\\\/www.onefive.cz\\\/peakdesign\\\/\",\"name\":\"OneFive.cz - Prodejce Peak Design\",\"description\":\"Kryty a dr\u017e\u00e1ky pro telefony, cestovn\u00ed a everyday batohy a ta\u0161ky, organiz\u00e9ry a fotop\u0159\u00edslu\u0161enstv\u00ed. Ultim\u00e1tn\u00ed v\u00fdbava pro ty, kte\u0159\u00ed vy\u017eaduj\u00ed to nejlep\u0161\u00ed.\",\"potentialAction\":[{\"@type\":\"SearchAction\",\"target\":{\"@type\":\"EntryPoint\",\"urlTemplate\":\"https:\\\/\\\/www.onefive.cz\\\/peakdesign\\\/?s={search_term_string}\"},\"query-input\":{\"@type\":\"PropertyValueSpecification\",\"valueRequired\":true,\"valueName\":\"search_term_string\"}}],\"inLanguage\":\"cs\"}]}<\/script>\n<!-- \/ Yoast SEO plugin. -->","yoast_head_json":{"title":"Peak Design Prague Store","description":"Prvn\u00ed evropsk\u00fd Peak Design Store je otev\u0159en\u00fd! V centru historick\u00e9 Prahy, nedaleko V\u00e1clavsk\u00e9ho n\u00e1m\u011bst\u00ed, najde\u0161 v\u0161e, co Peak Design nab\u00edz\u00ed.","robots":{"index":"index","follow":"follow","max-snippet":"max-snippet:-1","max-image-preview":"max-image-preview:large","max-video-preview":"max-video-preview:-1"},"canonical":"https:\/\/www.onefive.cz\/peakdesign\/store\/","og_locale":"cs_CZ","og_type":"article","og_title":"Peak Design Prague Store","og_description":"Prvn\u00ed evropsk\u00fd Peak Design Store je otev\u0159en\u00fd! V centru historick\u00e9 Prahy, nedaleko V\u00e1clavsk\u00e9ho n\u00e1m\u011bst\u00ed, najde\u0161 v\u0161e, co Peak Design nab\u00edz\u00ed.","og_url":"https:\/\/www.onefive.cz\/peakdesign\/store\/","og_site_name":"OneFive.cz - Prodejce Peak Design","article_modified_time":"2025-07-14T08:21:31+00:00","twitter_card":"summary_large_image","twitter_misc":{"Odhadovan\u00e1 doba \u010dten\u00ed":"2 minuty"},"schema":{"@context":"https:\/\/schema.org","@graph":[{"@type":"WebPage","@id":"https:\/\/www.onefive.cz\/peakdesign\/store\/","url":"https:\/\/www.onefive.cz\/peakdesign\/store\/","name":"Peak Design Prague Store","isPartOf":{"@id":"https:\/\/www.onefive.cz\/peakdesign\/#website"},"datePublished":"2024-08-27T18:22:07+00:00","dateModified":"2025-07-14T08:21:31+00:00","description":"Prvn\u00ed evropsk\u00fd Peak Design Store je otev\u0159en\u00fd! V centru historick\u00e9 Prahy, nedaleko V\u00e1clavsk\u00e9ho n\u00e1m\u011bst\u00ed, najde\u0161 v\u0161e, co Peak Design nab\u00edz\u00ed.","breadcrumb":{"@id":"https:\/\/www.onefive.cz\/peakdesign\/store\/#breadcrumb"},"inLanguage":"cs","potentialAction":[{"@type":"ReadAction","target":["https:\/\/www.onefive.cz\/peakdesign\/store\/"]}]},{"@type":"BreadcrumbList","@id":"https:\/\/www.onefive.cz\/peakdesign\/store\/#breadcrumb","itemListElement":[{"@type":"ListItem","position":1,"name":"Dom\u016f","item":"https:\/\/www.onefive.cz\/peakdesign\/"},{"@type":"ListItem","position":2,"name":"Store"}]},{"@type":"WebSite","@id":"https:\/\/www.onefive.cz\/peakdesign\/#website","url":"https:\/\/www.onefive.cz\/peakdesign\/","name":"OneFive.cz - Prodejce Peak Design","description":"Kryty a dr\u017e\u00e1ky pro telefony, cestovn\u00ed a everyday batohy a ta\u0161ky, organiz\u00e9ry a fotop\u0159\u00edslu\u0161enstv\u00ed. Ultim\u00e1tn\u00ed v\u00fdbava pro ty, kte\u0159\u00ed vy\u017eaduj\u00ed to nejlep\u0161\u00ed.","potentialAction":[{"@type":"SearchAction","target":{"@type":"EntryPoint","urlTemplate":"https:\/\/www.onefive.cz\/peakdesign\/?s={search_term_string}"},"query-input":{"@type":"PropertyValueSpecification","valueRequired":true,"valueName":"search_term_string"}}],"inLanguage":"cs"}]}},"_links":{"self":[{"href":"https:\/\/www.onefive.cz\/peakdesign\/wp-json\/wp\/v2\/pages\/115282","targetHints":{"allow":["GET"]}}],"collection":[{"href":"https:\/\/www.onefive.cz\/peakdesign\/wp-json\/wp\/v2\/pages"}],"about":[{"href":"https:\/\/www.onefive.cz\/peakdesign\/wp-json\/wp\/v2\/types\/page"}],"author":[{"embeddable":true,"href":"https:\/\/www.onefive.cz\/peakdesign\/wp-json\/wp\/v2\/users\/1"}],"replies":[{"embeddable":true,"href":"https:\/\/www.onefive.cz\/peakdesign\/wp-json\/wp\/v2\/comments?post=115282"}],"version-history":[{"count":2,"href":"https:\/\/www.onefive.cz\/peakdesign\/wp-json\/wp\/v2\/pages\/115282\/revisions"}],"predecessor-version":[{"id":115284,"href":"https:\/\/www.onefive.cz\/peakdesign\/wp-json\/wp\/v2\/pages\/115282\/revisions\/115284"}],"wp:attachment":[{"href":"https:\/\/www.onefive.cz\/peakdesign\/wp-json\/wp\/v2\/media?parent=115282"}],"curies":[{"name":"wp","href":"https:\/\/api.w.org\/{rel}","templated":true}]}}