{"id":121156,"date":"2025-05-13T11:16:52","date_gmt":"2025-05-13T09:16:52","guid":{"rendered":"https:\/\/www.onefive.cz\/peakdesign\/?page_id=121156"},"modified":"2025-05-13T13:54:27","modified_gmt":"2025-05-13T11:54:27","slug":"everyday-line","status":"publish","type":"page","link":"https:\/\/www.onefive.cz\/peakdesign\/everyday-line\/","title":{"rendered":"EVERYDAY LINE"},"content":{"rendered":"","protected":false},"excerpt":{"rendered":"","protected":false},"author":1838,"featured_media":0,"parent":0,"menu_order":0,"comment_status":"closed","ping_status":"closed","template":"","meta":{"footnotes":""},"class_list":["post-121156","page","type-page","status-publish","hentry"],"yoast_head":"<!-- This site is optimized with the Yoast SEO plugin v27.4 - https:\/\/yoast.com\/product\/yoast-seo-wordpress\/ -->\n<title>EVERYDAY LINE - OneFive.cz - Prodejce Peak Design<\/title>\n<meta name=\"description\" content=\"Objev ikonickou \u0159adu Peak Design Everyday Line! Inovativn\u00ed design, maxim\u00e1ln\u00ed organizace a prvot\u0159\u00eddn\u00ed materi\u00e1ly pro tv\u016fj aktivn\u00ed \u017eivotn\u00ed styl.\" \/>\n<meta name=\"robots\" content=\"index, follow, max-snippet:-1, max-image-preview:large, max-video-preview:-1\" \/>\n<link rel=\"canonical\" href=\"https:\/\/www.onefive.cz\/peakdesign\/everyday-line\/\" \/>\n<meta property=\"og:locale\" content=\"cs_CZ\" \/>\n<meta property=\"og:type\" content=\"article\" \/>\n<meta property=\"og:title\" content=\"EVERYDAY LINE - OneFive.cz - Prodejce Peak Design\" \/>\n<meta property=\"og:description\" content=\"Objev ikonickou \u0159adu Peak Design Everyday Line! Inovativn\u00ed design, maxim\u00e1ln\u00ed organizace a prvot\u0159\u00eddn\u00ed materi\u00e1ly pro tv\u016fj aktivn\u00ed \u017eivotn\u00ed styl.\" \/>\n<meta property=\"og:url\" content=\"https:\/\/www.onefive.cz\/peakdesign\/everyday-line\/\" \/>\n<meta property=\"og:site_name\" content=\"OneFive.cz - Prodejce Peak Design\" \/>\n<meta property=\"article:modified_time\" content=\"2025-05-13T11:54:27+00:00\" \/>\n<meta name=\"twitter:card\" content=\"summary_large_image\" \/>\n<meta name=\"twitter:label1\" content=\"Odhadovan\u00e1 doba \u010dten\u00ed\" \/>\n\t<meta name=\"twitter:data1\" content=\"8 minut\" \/>\n<script type=\"application\/ld+json\" class=\"yoast-schema-graph\">{\"@context\":\"https:\\\/\\\/schema.org\",\"@graph\":[{\"@type\":\"WebPage\",\"@id\":\"https:\\\/\\\/www.onefive.cz\\\/peakdesign\\\/everyday-line\\\/\",\"url\":\"https:\\\/\\\/www.onefive.cz\\\/peakdesign\\\/everyday-line\\\/\",\"name\":\"EVERYDAY LINE - OneFive.cz - Prodejce Peak Design\",\"isPartOf\":{\"@id\":\"https:\\\/\\\/www.onefive.cz\\\/peakdesign\\\/#website\"},\"datePublished\":\"2025-05-13T09:16:52+00:00\",\"dateModified\":\"2025-05-13T11:54:27+00:00\",\"description\":\"Objev ikonickou \u0159adu Peak Design Everyday Line! Inovativn\u00ed design, maxim\u00e1ln\u00ed organizace a prvot\u0159\u00eddn\u00ed materi\u00e1ly pro tv\u016fj aktivn\u00ed \u017eivotn\u00ed styl.\",\"breadcrumb\":{\"@id\":\"https:\\\/\\\/www.onefive.cz\\\/peakdesign\\\/everyday-line\\\/#breadcrumb\"},\"inLanguage\":\"cs\",\"potentialAction\":[{\"@type\":\"ReadAction\",\"target\":[\"https:\\\/\\\/www.onefive.cz\\\/peakdesign\\\/everyday-line\\\/\"]}]},{\"@type\":\"BreadcrumbList\",\"@id\":\"https:\\\/\\\/www.onefive.cz\\\/peakdesign\\\/everyday-line\\\/#breadcrumb\",\"itemListElement\":[{\"@type\":\"ListItem\",\"position\":1,\"name\":\"Dom\u016f\",\"item\":\"https:\\\/\\\/www.onefive.cz\\\/peakdesign\\\/\"},{\"@type\":\"ListItem\",\"position\":2,\"name\":\"EVERYDAY LINE\"}]},{\"@type\":\"WebSite\",\"@id\":\"https:\\\/\\\/www.onefive.cz\\\/peakdesign\\\/#website\",\"url\":\"https:\\\/\\\/www.onefive.cz\\\/peakdesign\\\/\",\"name\":\"OneFive.cz - Prodejce Peak Design\",\"description\":\"Kryty a dr\u017e\u00e1ky pro telefony, cestovn\u00ed a everyday batohy a ta\u0161ky, organiz\u00e9ry a fotop\u0159\u00edslu\u0161enstv\u00ed. Ultim\u00e1tn\u00ed v\u00fdbava pro ty, kte\u0159\u00ed vy\u017eaduj\u00ed to nejlep\u0161\u00ed.\",\"potentialAction\":[{\"@type\":\"SearchAction\",\"target\":{\"@type\":\"EntryPoint\",\"urlTemplate\":\"https:\\\/\\\/www.onefive.cz\\\/peakdesign\\\/?s={search_term_string}\"},\"query-input\":{\"@type\":\"PropertyValueSpecification\",\"valueRequired\":true,\"valueName\":\"search_term_string\"}}],\"inLanguage\":\"cs\"}]}<\/script>\n<!-- \/ Yoast SEO plugin. -->","yoast_head_json":{"title":"EVERYDAY LINE - OneFive.cz - Prodejce Peak Design","description":"Objev ikonickou \u0159adu Peak Design Everyday Line! Inovativn\u00ed design, maxim\u00e1ln\u00ed organizace a prvot\u0159\u00eddn\u00ed materi\u00e1ly pro tv\u016fj aktivn\u00ed \u017eivotn\u00ed styl.","robots":{"index":"index","follow":"follow","max-snippet":"max-snippet:-1","max-image-preview":"max-image-preview:large","max-video-preview":"max-video-preview:-1"},"canonical":"https:\/\/www.onefive.cz\/peakdesign\/everyday-line\/","og_locale":"cs_CZ","og_type":"article","og_title":"EVERYDAY LINE - OneFive.cz - Prodejce Peak Design","og_description":"Objev ikonickou \u0159adu Peak Design Everyday Line! Inovativn\u00ed design, maxim\u00e1ln\u00ed organizace a prvot\u0159\u00eddn\u00ed materi\u00e1ly pro tv\u016fj aktivn\u00ed \u017eivotn\u00ed styl.","og_url":"https:\/\/www.onefive.cz\/peakdesign\/everyday-line\/","og_site_name":"OneFive.cz - Prodejce Peak Design","article_modified_time":"2025-05-13T11:54:27+00:00","twitter_card":"summary_large_image","twitter_misc":{"Odhadovan\u00e1 doba \u010dten\u00ed":"8 minut"},"schema":{"@context":"https:\/\/schema.org","@graph":[{"@type":"WebPage","@id":"https:\/\/www.onefive.cz\/peakdesign\/everyday-line\/","url":"https:\/\/www.onefive.cz\/peakdesign\/everyday-line\/","name":"EVERYDAY LINE - OneFive.cz - Prodejce Peak Design","isPartOf":{"@id":"https:\/\/www.onefive.cz\/peakdesign\/#website"},"datePublished":"2025-05-13T09:16:52+00:00","dateModified":"2025-05-13T11:54:27+00:00","description":"Objev ikonickou \u0159adu Peak Design Everyday Line! Inovativn\u00ed design, maxim\u00e1ln\u00ed organizace a prvot\u0159\u00eddn\u00ed materi\u00e1ly pro tv\u016fj aktivn\u00ed \u017eivotn\u00ed styl.","breadcrumb":{"@id":"https:\/\/www.onefive.cz\/peakdesign\/everyday-line\/#breadcrumb"},"inLanguage":"cs","potentialAction":[{"@type":"ReadAction","target":["https:\/\/www.onefive.cz\/peakdesign\/everyday-line\/"]}]},{"@type":"BreadcrumbList","@id":"https:\/\/www.onefive.cz\/peakdesign\/everyday-line\/#breadcrumb","itemListElement":[{"@type":"ListItem","position":1,"name":"Dom\u016f","item":"https:\/\/www.onefive.cz\/peakdesign\/"},{"@type":"ListItem","position":2,"name":"EVERYDAY LINE"}]},{"@type":"WebSite","@id":"https:\/\/www.onefive.cz\/peakdesign\/#website","url":"https:\/\/www.onefive.cz\/peakdesign\/","name":"OneFive.cz - Prodejce Peak Design","description":"Kryty a dr\u017e\u00e1ky pro telefony, cestovn\u00ed a everyday batohy a ta\u0161ky, organiz\u00e9ry a fotop\u0159\u00edslu\u0161enstv\u00ed. Ultim\u00e1tn\u00ed v\u00fdbava pro ty, kte\u0159\u00ed vy\u017eaduj\u00ed to nejlep\u0161\u00ed.","potentialAction":[{"@type":"SearchAction","target":{"@type":"EntryPoint","urlTemplate":"https:\/\/www.onefive.cz\/peakdesign\/?s={search_term_string}"},"query-input":{"@type":"PropertyValueSpecification","valueRequired":true,"valueName":"search_term_string"}}],"inLanguage":"cs"}]}},"_links":{"self":[{"href":"https:\/\/www.onefive.cz\/peakdesign\/wp-json\/wp\/v2\/pages\/121156","targetHints":{"allow":["GET"]}}],"collection":[{"href":"https:\/\/www.onefive.cz\/peakdesign\/wp-json\/wp\/v2\/pages"}],"about":[{"href":"https:\/\/www.onefive.cz\/peakdesign\/wp-json\/wp\/v2\/types\/page"}],"author":[{"embeddable":true,"href":"https:\/\/www.onefive.cz\/peakdesign\/wp-json\/wp\/v2\/users\/1838"}],"replies":[{"embeddable":true,"href":"https:\/\/www.onefive.cz\/peakdesign\/wp-json\/wp\/v2\/comments?post=121156"}],"version-history":[{"count":3,"href":"https:\/\/www.onefive.cz\/peakdesign\/wp-json\/wp\/v2\/pages\/121156\/revisions"}],"predecessor-version":[{"id":122653,"href":"https:\/\/www.onefive.cz\/peakdesign\/wp-json\/wp\/v2\/pages\/121156\/revisions\/122653"}],"wp:attachment":[{"href":"https:\/\/www.onefive.cz\/peakdesign\/wp-json\/wp\/v2\/media?parent=121156"}],"curies":[{"name":"wp","href":"https:\/\/api.w.org\/{rel}","templated":true}]}}