{"id":121881,"date":"2025-04-24T09:47:06","date_gmt":"2025-04-24T07:47:06","guid":{"rendered":"https:\/\/www.onefive.cz\/peakdesign\/?page_id=121881"},"modified":"2025-04-24T12:11:06","modified_gmt":"2025-04-24T10:11:06","slug":"make-the-switch","status":"publish","type":"page","link":"https:\/\/www.onefive.cz\/peakdesign\/make-the-switch\/","title":{"rendered":"MAKE THE SWITCH!"},"content":{"rendered":"","protected":false},"excerpt":{"rendered":"","protected":false},"author":1838,"featured_media":0,"parent":0,"menu_order":0,"comment_status":"open","ping_status":"open","template":"","meta":{"footnotes":""},"class_list":["post-121881","page","type-page","status-publish","hentry"],"yoast_head":"<!-- This site is optimized with the Yoast SEO plugin v27.4 - https:\/\/yoast.com\/product\/yoast-seo-wordpress\/ -->\n<title>MAKE THE SWITCH! - OneFive.cz - Prodejce Peak Design<\/title>\n<meta name=\"description\" content=\"Zapome\u0148 na ot\u00e1\u010den\u00ed, upev\u0148ov\u00e1n\u00ed a nevzhledn\u00fd design. Make the Switch. Vybav svou motorku t\u011bmi nejlep\u0161\u00edmi dr\u017e\u00e1ky telefono od Peak Design.\" \/>\n<meta name=\"robots\" content=\"index, follow, max-snippet:-1, max-image-preview:large, max-video-preview:-1\" \/>\n<link rel=\"canonical\" href=\"https:\/\/www.onefive.cz\/peakdesign\/make-the-switch\/\" \/>\n<meta property=\"og:locale\" content=\"cs_CZ\" \/>\n<meta property=\"og:type\" content=\"article\" \/>\n<meta property=\"og:title\" content=\"Make The Switch: akce na Peak Design Moto Mounts!\" \/>\n<meta property=\"og:description\" content=\"\u0160pi\u010dkov\u00e9 dr\u017e\u00e1ky telefonu na motorku za neuv\u011b\u0159itelnou cenu! Jen do ned\u011ble!\" \/>\n<meta property=\"og:url\" content=\"https:\/\/www.onefive.cz\/peakdesign\/make-the-switch\/\" \/>\n<meta property=\"og:site_name\" content=\"OneFive.cz - Prodejce Peak Design\" \/>\n<meta property=\"article:modified_time\" content=\"2025-04-24T10:11:06+00:00\" \/>\n<meta property=\"og:image\" content=\"https:\/\/www.onefive.cz\/peakdesign\/wp-content\/uploads\/2025\/04\/mobile-gnarcase-lifestyle-159A0761.jpg\" \/>\n\t<meta property=\"og:image:width\" content=\"1919\" \/>\n\t<meta property=\"og:image:height\" content=\"1280\" \/>\n\t<meta property=\"og:image:type\" content=\"image\/jpeg\" \/>\n<meta name=\"twitter:card\" content=\"summary_large_image\" \/>\n<meta name=\"twitter:label1\" content=\"Odhadovan\u00e1 doba \u010dten\u00ed\" \/>\n\t<meta name=\"twitter:data1\" content=\"3 minuty\" \/>\n<script type=\"application\/ld+json\" class=\"yoast-schema-graph\">{\"@context\":\"https:\\\/\\\/schema.org\",\"@graph\":[{\"@type\":\"WebPage\",\"@id\":\"https:\\\/\\\/www.onefive.cz\\\/peakdesign\\\/make-the-switch\\\/\",\"url\":\"https:\\\/\\\/www.onefive.cz\\\/peakdesign\\\/make-the-switch\\\/\",\"name\":\"MAKE THE SWITCH! - OneFive.cz - Prodejce Peak Design\",\"isPartOf\":{\"@id\":\"https:\\\/\\\/www.onefive.cz\\\/peakdesign\\\/#website\"},\"datePublished\":\"2025-04-24T07:47:06+00:00\",\"dateModified\":\"2025-04-24T10:11:06+00:00\",\"description\":\"Zapome\u0148 na ot\u00e1\u010den\u00ed, upev\u0148ov\u00e1n\u00ed a nevzhledn\u00fd design. Make the Switch. Vybav svou motorku t\u011bmi nejlep\u0161\u00edmi dr\u017e\u00e1ky telefono od Peak Design.\",\"breadcrumb\":{\"@id\":\"https:\\\/\\\/www.onefive.cz\\\/peakdesign\\\/make-the-switch\\\/#breadcrumb\"},\"inLanguage\":\"cs\",\"potentialAction\":[{\"@type\":\"ReadAction\",\"target\":[\"https:\\\/\\\/www.onefive.cz\\\/peakdesign\\\/make-the-switch\\\/\"]}]},{\"@type\":\"BreadcrumbList\",\"@id\":\"https:\\\/\\\/www.onefive.cz\\\/peakdesign\\\/make-the-switch\\\/#breadcrumb\",\"itemListElement\":[{\"@type\":\"ListItem\",\"position\":1,\"name\":\"Dom\u016f\",\"item\":\"https:\\\/\\\/www.onefive.cz\\\/peakdesign\\\/\"},{\"@type\":\"ListItem\",\"position\":2,\"name\":\"MAKE THE SWITCH!\"}]},{\"@type\":\"WebSite\",\"@id\":\"https:\\\/\\\/www.onefive.cz\\\/peakdesign\\\/#website\",\"url\":\"https:\\\/\\\/www.onefive.cz\\\/peakdesign\\\/\",\"name\":\"OneFive.cz - Prodejce Peak Design\",\"description\":\"Kryty a dr\u017e\u00e1ky pro telefony, cestovn\u00ed a everyday batohy a ta\u0161ky, organiz\u00e9ry a fotop\u0159\u00edslu\u0161enstv\u00ed. Ultim\u00e1tn\u00ed v\u00fdbava pro ty, kte\u0159\u00ed vy\u017eaduj\u00ed to nejlep\u0161\u00ed.\",\"potentialAction\":[{\"@type\":\"SearchAction\",\"target\":{\"@type\":\"EntryPoint\",\"urlTemplate\":\"https:\\\/\\\/www.onefive.cz\\\/peakdesign\\\/?s={search_term_string}\"},\"query-input\":{\"@type\":\"PropertyValueSpecification\",\"valueRequired\":true,\"valueName\":\"search_term_string\"}}],\"inLanguage\":\"cs\"}]}<\/script>\n<!-- \/ Yoast SEO plugin. -->","yoast_head_json":{"title":"MAKE THE SWITCH! - OneFive.cz - Prodejce Peak Design","description":"Zapome\u0148 na ot\u00e1\u010den\u00ed, upev\u0148ov\u00e1n\u00ed a nevzhledn\u00fd design. Make the Switch. Vybav svou motorku t\u011bmi nejlep\u0161\u00edmi dr\u017e\u00e1ky telefono od Peak Design.","robots":{"index":"index","follow":"follow","max-snippet":"max-snippet:-1","max-image-preview":"max-image-preview:large","max-video-preview":"max-video-preview:-1"},"canonical":"https:\/\/www.onefive.cz\/peakdesign\/make-the-switch\/","og_locale":"cs_CZ","og_type":"article","og_title":"Make The Switch: akce na Peak Design Moto Mounts!","og_description":"\u0160pi\u010dkov\u00e9 dr\u017e\u00e1ky telefonu na motorku za neuv\u011b\u0159itelnou cenu! Jen do ned\u011ble!","og_url":"https:\/\/www.onefive.cz\/peakdesign\/make-the-switch\/","og_site_name":"OneFive.cz - Prodejce Peak Design","article_modified_time":"2025-04-24T10:11:06+00:00","og_image":[{"width":1919,"height":1280,"url":"https:\/\/www.onefive.cz\/peakdesign\/wp-content\/uploads\/2025\/04\/mobile-gnarcase-lifestyle-159A0761.jpg","type":"image\/jpeg"}],"twitter_card":"summary_large_image","twitter_misc":{"Odhadovan\u00e1 doba \u010dten\u00ed":"3 minuty"},"schema":{"@context":"https:\/\/schema.org","@graph":[{"@type":"WebPage","@id":"https:\/\/www.onefive.cz\/peakdesign\/make-the-switch\/","url":"https:\/\/www.onefive.cz\/peakdesign\/make-the-switch\/","name":"MAKE THE SWITCH! - OneFive.cz - Prodejce Peak Design","isPartOf":{"@id":"https:\/\/www.onefive.cz\/peakdesign\/#website"},"datePublished":"2025-04-24T07:47:06+00:00","dateModified":"2025-04-24T10:11:06+00:00","description":"Zapome\u0148 na ot\u00e1\u010den\u00ed, upev\u0148ov\u00e1n\u00ed a nevzhledn\u00fd design. Make the Switch. Vybav svou motorku t\u011bmi nejlep\u0161\u00edmi dr\u017e\u00e1ky telefono od Peak Design.","breadcrumb":{"@id":"https:\/\/www.onefive.cz\/peakdesign\/make-the-switch\/#breadcrumb"},"inLanguage":"cs","potentialAction":[{"@type":"ReadAction","target":["https:\/\/www.onefive.cz\/peakdesign\/make-the-switch\/"]}]},{"@type":"BreadcrumbList","@id":"https:\/\/www.onefive.cz\/peakdesign\/make-the-switch\/#breadcrumb","itemListElement":[{"@type":"ListItem","position":1,"name":"Dom\u016f","item":"https:\/\/www.onefive.cz\/peakdesign\/"},{"@type":"ListItem","position":2,"name":"MAKE THE SWITCH!"}]},{"@type":"WebSite","@id":"https:\/\/www.onefive.cz\/peakdesign\/#website","url":"https:\/\/www.onefive.cz\/peakdesign\/","name":"OneFive.cz - Prodejce Peak Design","description":"Kryty a dr\u017e\u00e1ky pro telefony, cestovn\u00ed a everyday batohy a ta\u0161ky, organiz\u00e9ry a fotop\u0159\u00edslu\u0161enstv\u00ed. Ultim\u00e1tn\u00ed v\u00fdbava pro ty, kte\u0159\u00ed vy\u017eaduj\u00ed to nejlep\u0161\u00ed.","potentialAction":[{"@type":"SearchAction","target":{"@type":"EntryPoint","urlTemplate":"https:\/\/www.onefive.cz\/peakdesign\/?s={search_term_string}"},"query-input":{"@type":"PropertyValueSpecification","valueRequired":true,"valueName":"search_term_string"}}],"inLanguage":"cs"}]}},"_links":{"self":[{"href":"https:\/\/www.onefive.cz\/peakdesign\/wp-json\/wp\/v2\/pages\/121881","targetHints":{"allow":["GET"]}}],"collection":[{"href":"https:\/\/www.onefive.cz\/peakdesign\/wp-json\/wp\/v2\/pages"}],"about":[{"href":"https:\/\/www.onefive.cz\/peakdesign\/wp-json\/wp\/v2\/types\/page"}],"author":[{"embeddable":true,"href":"https:\/\/www.onefive.cz\/peakdesign\/wp-json\/wp\/v2\/users\/1838"}],"replies":[{"embeddable":true,"href":"https:\/\/www.onefive.cz\/peakdesign\/wp-json\/wp\/v2\/comments?post=121881"}],"version-history":[{"count":1,"href":"https:\/\/www.onefive.cz\/peakdesign\/wp-json\/wp\/v2\/pages\/121881\/revisions"}],"predecessor-version":[{"id":121882,"href":"https:\/\/www.onefive.cz\/peakdesign\/wp-json\/wp\/v2\/pages\/121881\/revisions\/121882"}],"wp:attachment":[{"href":"https:\/\/www.onefive.cz\/peakdesign\/wp-json\/wp\/v2\/media?parent=121881"}],"curies":[{"name":"wp","href":"https:\/\/api.w.org\/{rel}","templated":true}]}}