{"id":123233,"date":"2025-06-02T21:56:52","date_gmt":"2025-06-02T19:56:52","guid":{"rendered":"https:\/\/www.onefive.cz\/peakdesign\/?page_id=123233"},"modified":"2025-06-02T21:56:52","modified_gmt":"2025-06-02T19:56:52","slug":"outdoor-bags-2","status":"publish","type":"page","link":"https:\/\/www.onefive.cz\/peakdesign\/outdoor-bags-2\/","title":{"rendered":"OUTDOOR BAGS 2"},"content":{"rendered":"","protected":false},"excerpt":{"rendered":"","protected":false},"author":1838,"featured_media":0,"parent":0,"menu_order":0,"comment_status":"open","ping_status":"open","template":"","meta":{"footnotes":""},"class_list":["post-123233","page","type-page","status-publish","hentry"],"yoast_head":"<!-- This site is optimized with the Yoast SEO plugin v27.4 - https:\/\/yoast.com\/product\/yoast-seo-wordpress\/ -->\n<title>Novinky v Outdoor Line by Peak Design!<\/title>\n<meta name=\"description\" content=\"P\u0159edstavujeme nov\u00e9 p\u0159\u00edr\u016fstky do \u0159ady Peak Design Outdoor Bags. Nov\u00fd batoh, nov\u00fd Sling a jeden super praktick\u00fd dopln\u011bk!\" \/>\n<meta name=\"robots\" content=\"index, follow, max-snippet:-1, max-image-preview:large, max-video-preview:-1\" \/>\n<link rel=\"canonical\" href=\"https:\/\/www.onefive.cz\/peakdesign\/outdoor-bags-2\/\" \/>\n<meta property=\"og:locale\" content=\"cs_CZ\" \/>\n<meta property=\"og:type\" content=\"article\" \/>\n<meta property=\"og:title\" content=\"Travel Line - Peak Design CZ\/SK\" \/>\n<meta property=\"og:description\" content=\"Travel Line \u2013 cestovn\u00ed zavazadla a pouzdra s bezkonkuren\u010dn\u00ed v\u0161estrannost\u00ed, p\u0159\u00edstupem, uspo\u0159\u00e1d\u00e1n\u00edm a estetikou.\" \/>\n<meta property=\"og:url\" content=\"https:\/\/www.onefive.cz\/peakdesign\/outdoor-bags-2\/\" \/>\n<meta property=\"og:site_name\" content=\"OneFive.cz - Prodejce Peak Design\" \/>\n<meta property=\"og:image\" content=\"https:\/\/www.onefive.cz\/peakdesign\/wp-content\/uploads\/2023\/11\/travelbags1.jpg\" \/>\n\t<meta property=\"og:image:width\" content=\"1600\" \/>\n\t<meta property=\"og:image:height\" content=\"564\" \/>\n\t<meta property=\"og:image:type\" content=\"image\/jpeg\" \/>\n<meta name=\"twitter:card\" content=\"summary_large_image\" \/>\n<meta name=\"twitter:label1\" content=\"Odhadovan\u00e1 doba \u010dten\u00ed\" \/>\n\t<meta name=\"twitter:data1\" content=\"14 minut\" \/>\n<script type=\"application\/ld+json\" class=\"yoast-schema-graph\">{\"@context\":\"https:\\\/\\\/schema.org\",\"@graph\":[{\"@type\":\"WebPage\",\"@id\":\"https:\\\/\\\/www.onefive.cz\\\/peakdesign\\\/outdoor-bags-2\\\/\",\"url\":\"https:\\\/\\\/www.onefive.cz\\\/peakdesign\\\/outdoor-bags-2\\\/\",\"name\":\"Novinky v Outdoor Line by Peak Design!\",\"isPartOf\":{\"@id\":\"https:\\\/\\\/www.onefive.cz\\\/peakdesign\\\/#website\"},\"datePublished\":\"2025-06-02T19:56:52+00:00\",\"description\":\"P\u0159edstavujeme nov\u00e9 p\u0159\u00edr\u016fstky do \u0159ady Peak Design Outdoor Bags. Nov\u00fd batoh, nov\u00fd Sling a jeden super praktick\u00fd dopln\u011bk!\",\"breadcrumb\":{\"@id\":\"https:\\\/\\\/www.onefive.cz\\\/peakdesign\\\/outdoor-bags-2\\\/#breadcrumb\"},\"inLanguage\":\"cs\",\"potentialAction\":[{\"@type\":\"ReadAction\",\"target\":[\"https:\\\/\\\/www.onefive.cz\\\/peakdesign\\\/outdoor-bags-2\\\/\"]}]},{\"@type\":\"BreadcrumbList\",\"@id\":\"https:\\\/\\\/www.onefive.cz\\\/peakdesign\\\/outdoor-bags-2\\\/#breadcrumb\",\"itemListElement\":[{\"@type\":\"ListItem\",\"position\":1,\"name\":\"Dom\u016f\",\"item\":\"https:\\\/\\\/www.onefive.cz\\\/peakdesign\\\/\"},{\"@type\":\"ListItem\",\"position\":2,\"name\":\"OUTDOOR BAGS 2\"}]},{\"@type\":\"WebSite\",\"@id\":\"https:\\\/\\\/www.onefive.cz\\\/peakdesign\\\/#website\",\"url\":\"https:\\\/\\\/www.onefive.cz\\\/peakdesign\\\/\",\"name\":\"OneFive.cz - Prodejce Peak Design\",\"description\":\"Kryty a dr\u017e\u00e1ky pro telefony, cestovn\u00ed a everyday batohy a ta\u0161ky, organiz\u00e9ry a fotop\u0159\u00edslu\u0161enstv\u00ed. Ultim\u00e1tn\u00ed v\u00fdbava pro ty, kte\u0159\u00ed vy\u017eaduj\u00ed to nejlep\u0161\u00ed.\",\"potentialAction\":[{\"@type\":\"SearchAction\",\"target\":{\"@type\":\"EntryPoint\",\"urlTemplate\":\"https:\\\/\\\/www.onefive.cz\\\/peakdesign\\\/?s={search_term_string}\"},\"query-input\":{\"@type\":\"PropertyValueSpecification\",\"valueRequired\":true,\"valueName\":\"search_term_string\"}}],\"inLanguage\":\"cs\"}]}<\/script>\n<!-- \/ Yoast SEO plugin. -->","yoast_head_json":{"title":"Novinky v Outdoor Line by Peak Design!","description":"P\u0159edstavujeme nov\u00e9 p\u0159\u00edr\u016fstky do \u0159ady Peak Design Outdoor Bags. Nov\u00fd batoh, nov\u00fd Sling a jeden super praktick\u00fd dopln\u011bk!","robots":{"index":"index","follow":"follow","max-snippet":"max-snippet:-1","max-image-preview":"max-image-preview:large","max-video-preview":"max-video-preview:-1"},"canonical":"https:\/\/www.onefive.cz\/peakdesign\/outdoor-bags-2\/","og_locale":"cs_CZ","og_type":"article","og_title":"Travel Line - Peak Design CZ\/SK","og_description":"Travel Line \u2013 cestovn\u00ed zavazadla a pouzdra s bezkonkuren\u010dn\u00ed v\u0161estrannost\u00ed, p\u0159\u00edstupem, uspo\u0159\u00e1d\u00e1n\u00edm a estetikou.","og_url":"https:\/\/www.onefive.cz\/peakdesign\/outdoor-bags-2\/","og_site_name":"OneFive.cz - Prodejce Peak Design","og_image":[{"width":1600,"height":564,"url":"https:\/\/www.onefive.cz\/peakdesign\/wp-content\/uploads\/2023\/11\/travelbags1.jpg","type":"image\/jpeg"}],"twitter_card":"summary_large_image","twitter_misc":{"Odhadovan\u00e1 doba \u010dten\u00ed":"14 minut"},"schema":{"@context":"https:\/\/schema.org","@graph":[{"@type":"WebPage","@id":"https:\/\/www.onefive.cz\/peakdesign\/outdoor-bags-2\/","url":"https:\/\/www.onefive.cz\/peakdesign\/outdoor-bags-2\/","name":"Novinky v Outdoor Line by Peak Design!","isPartOf":{"@id":"https:\/\/www.onefive.cz\/peakdesign\/#website"},"datePublished":"2025-06-02T19:56:52+00:00","description":"P\u0159edstavujeme nov\u00e9 p\u0159\u00edr\u016fstky do \u0159ady Peak Design Outdoor Bags. Nov\u00fd batoh, nov\u00fd Sling a jeden super praktick\u00fd dopln\u011bk!","breadcrumb":{"@id":"https:\/\/www.onefive.cz\/peakdesign\/outdoor-bags-2\/#breadcrumb"},"inLanguage":"cs","potentialAction":[{"@type":"ReadAction","target":["https:\/\/www.onefive.cz\/peakdesign\/outdoor-bags-2\/"]}]},{"@type":"BreadcrumbList","@id":"https:\/\/www.onefive.cz\/peakdesign\/outdoor-bags-2\/#breadcrumb","itemListElement":[{"@type":"ListItem","position":1,"name":"Dom\u016f","item":"https:\/\/www.onefive.cz\/peakdesign\/"},{"@type":"ListItem","position":2,"name":"OUTDOOR BAGS 2"}]},{"@type":"WebSite","@id":"https:\/\/www.onefive.cz\/peakdesign\/#website","url":"https:\/\/www.onefive.cz\/peakdesign\/","name":"OneFive.cz - Prodejce Peak Design","description":"Kryty a dr\u017e\u00e1ky pro telefony, cestovn\u00ed a everyday batohy a ta\u0161ky, organiz\u00e9ry a fotop\u0159\u00edslu\u0161enstv\u00ed. Ultim\u00e1tn\u00ed v\u00fdbava pro ty, kte\u0159\u00ed vy\u017eaduj\u00ed to nejlep\u0161\u00ed.","potentialAction":[{"@type":"SearchAction","target":{"@type":"EntryPoint","urlTemplate":"https:\/\/www.onefive.cz\/peakdesign\/?s={search_term_string}"},"query-input":{"@type":"PropertyValueSpecification","valueRequired":true,"valueName":"search_term_string"}}],"inLanguage":"cs"}]}},"_links":{"self":[{"href":"https:\/\/www.onefive.cz\/peakdesign\/wp-json\/wp\/v2\/pages\/123233","targetHints":{"allow":["GET"]}}],"collection":[{"href":"https:\/\/www.onefive.cz\/peakdesign\/wp-json\/wp\/v2\/pages"}],"about":[{"href":"https:\/\/www.onefive.cz\/peakdesign\/wp-json\/wp\/v2\/types\/page"}],"author":[{"embeddable":true,"href":"https:\/\/www.onefive.cz\/peakdesign\/wp-json\/wp\/v2\/users\/1838"}],"replies":[{"embeddable":true,"href":"https:\/\/www.onefive.cz\/peakdesign\/wp-json\/wp\/v2\/comments?post=123233"}],"version-history":[{"count":1,"href":"https:\/\/www.onefive.cz\/peakdesign\/wp-json\/wp\/v2\/pages\/123233\/revisions"}],"predecessor-version":[{"id":123234,"href":"https:\/\/www.onefive.cz\/peakdesign\/wp-json\/wp\/v2\/pages\/123233\/revisions\/123234"}],"wp:attachment":[{"href":"https:\/\/www.onefive.cz\/peakdesign\/wp-json\/wp\/v2\/media?parent=123233"}],"curies":[{"name":"wp","href":"https:\/\/api.w.org\/{rel}","templated":true}]}}