{"id":125509,"date":"2025-08-11T13:39:33","date_gmt":"2025-08-11T11:39:33","guid":{"rendered":"https:\/\/www.onefive.cz\/peakdesign\/?page_id=125509"},"modified":"2025-08-12T11:50:28","modified_gmt":"2025-08-12T09:50:28","slug":"revoluce-barev","status":"publish","type":"page","link":"https:\/\/www.onefive.cz\/peakdesign\/revoluce-barev\/","title":{"rendered":"PEAK DESIGN V NOV\u00c9M. REVOLUCE BAREV."},"content":{"rendered":"","protected":false},"excerpt":{"rendered":"","protected":false},"author":1838,"featured_media":0,"parent":0,"menu_order":0,"comment_status":"open","ping_status":"open","template":"","meta":{"footnotes":""},"class_list":["post-125509","page","type-page","status-publish","hentry"],"yoast_head":"<!-- This site is optimized with the Yoast SEO plugin v27.4 - https:\/\/yoast.com\/product\/yoast-seo-wordpress\/ -->\n<title>Peak Design v nov\u00e9m! Revoluce barev!<\/title>\n<meta name=\"description\" content=\"Elegantn\u00ed &amp; kontrastn\u00ed, p\u0159itom vylad\u011bn\u00e9 a intenzivn\u00ed. Vystup z \u0159ady s nov\u00fdmi barvami Peak Design. Revoluce barev je tady!\" \/>\n<meta name=\"robots\" content=\"index, follow, max-snippet:-1, max-image-preview:large, max-video-preview:-1\" \/>\n<link rel=\"canonical\" href=\"https:\/\/www.onefive.cz\/peakdesign\/revoluce-barev\/\" \/>\n<meta property=\"og:locale\" content=\"cs_CZ\" \/>\n<meta property=\"og:type\" content=\"article\" \/>\n<meta property=\"og:title\" content=\"Peak Design v nov\u00e9m: revoluce barev!\" \/>\n<meta property=\"og:description\" content=\"Nov\u00e9 barvy v t\u00e9m\u011b\u0159 cel\u00e9m portfoliu Peak Design!\" \/>\n<meta property=\"og:url\" content=\"https:\/\/www.onefive.cz\/peakdesign\/revoluce-barev\/\" \/>\n<meta property=\"og:site_name\" content=\"OneFive.cz - Prodejce Peak Design\" \/>\n<meta property=\"article:modified_time\" content=\"2025-08-12T09:50:28+00:00\" \/>\n<meta property=\"og:image\" content=\"https:\/\/www.onefive.cz\/peakdesign\/wp-content\/uploads\/2025\/08\/Screenshot-2025-08-10-at-23.03.10-1500x621.png\" \/>\n\t<meta property=\"og:image:width\" content=\"1500\" \/>\n\t<meta property=\"og:image:height\" content=\"621\" \/>\n\t<meta property=\"og:image:type\" content=\"image\/png\" \/>\n<meta name=\"twitter:card\" content=\"summary_large_image\" \/>\n<meta name=\"twitter:label1\" content=\"Odhadovan\u00e1 doba \u010dten\u00ed\" \/>\n\t<meta name=\"twitter:data1\" content=\"7 minut\" \/>\n<script type=\"application\/ld+json\" class=\"yoast-schema-graph\">{\"@context\":\"https:\\\/\\\/schema.org\",\"@graph\":[{\"@type\":\"WebPage\",\"@id\":\"https:\\\/\\\/www.onefive.cz\\\/peakdesign\\\/revoluce-barev\\\/\",\"url\":\"https:\\\/\\\/www.onefive.cz\\\/peakdesign\\\/revoluce-barev\\\/\",\"name\":\"Peak Design v nov\u00e9m! Revoluce barev!\",\"isPartOf\":{\"@id\":\"https:\\\/\\\/www.onefive.cz\\\/peakdesign\\\/#website\"},\"datePublished\":\"2025-08-11T11:39:33+00:00\",\"dateModified\":\"2025-08-12T09:50:28+00:00\",\"description\":\"Elegantn\u00ed & kontrastn\u00ed, p\u0159itom vylad\u011bn\u00e9 a intenzivn\u00ed. Vystup z \u0159ady s nov\u00fdmi barvami Peak Design. Revoluce barev je tady!\",\"breadcrumb\":{\"@id\":\"https:\\\/\\\/www.onefive.cz\\\/peakdesign\\\/revoluce-barev\\\/#breadcrumb\"},\"inLanguage\":\"cs\",\"potentialAction\":[{\"@type\":\"ReadAction\",\"target\":[\"https:\\\/\\\/www.onefive.cz\\\/peakdesign\\\/revoluce-barev\\\/\"]}]},{\"@type\":\"BreadcrumbList\",\"@id\":\"https:\\\/\\\/www.onefive.cz\\\/peakdesign\\\/revoluce-barev\\\/#breadcrumb\",\"itemListElement\":[{\"@type\":\"ListItem\",\"position\":1,\"name\":\"Dom\u016f\",\"item\":\"https:\\\/\\\/www.onefive.cz\\\/peakdesign\\\/\"},{\"@type\":\"ListItem\",\"position\":2,\"name\":\"PEAK DESIGN V NOV\u00c9M. REVOLUCE BAREV.\"}]},{\"@type\":\"WebSite\",\"@id\":\"https:\\\/\\\/www.onefive.cz\\\/peakdesign\\\/#website\",\"url\":\"https:\\\/\\\/www.onefive.cz\\\/peakdesign\\\/\",\"name\":\"OneFive.cz - Prodejce Peak Design\",\"description\":\"Kryty a dr\u017e\u00e1ky pro telefony, cestovn\u00ed a everyday batohy a ta\u0161ky, organiz\u00e9ry a fotop\u0159\u00edslu\u0161enstv\u00ed. Ultim\u00e1tn\u00ed v\u00fdbava pro ty, kte\u0159\u00ed vy\u017eaduj\u00ed to nejlep\u0161\u00ed.\",\"potentialAction\":[{\"@type\":\"SearchAction\",\"target\":{\"@type\":\"EntryPoint\",\"urlTemplate\":\"https:\\\/\\\/www.onefive.cz\\\/peakdesign\\\/?s={search_term_string}\"},\"query-input\":{\"@type\":\"PropertyValueSpecification\",\"valueRequired\":true,\"valueName\":\"search_term_string\"}}],\"inLanguage\":\"cs\"}]}<\/script>\n<!-- \/ Yoast SEO plugin. -->","yoast_head_json":{"title":"Peak Design v nov\u00e9m! Revoluce barev!","description":"Elegantn\u00ed & kontrastn\u00ed, p\u0159itom vylad\u011bn\u00e9 a intenzivn\u00ed. Vystup z \u0159ady s nov\u00fdmi barvami Peak Design. Revoluce barev je tady!","robots":{"index":"index","follow":"follow","max-snippet":"max-snippet:-1","max-image-preview":"max-image-preview:large","max-video-preview":"max-video-preview:-1"},"canonical":"https:\/\/www.onefive.cz\/peakdesign\/revoluce-barev\/","og_locale":"cs_CZ","og_type":"article","og_title":"Peak Design v nov\u00e9m: revoluce barev!","og_description":"Nov\u00e9 barvy v t\u00e9m\u011b\u0159 cel\u00e9m portfoliu Peak Design!","og_url":"https:\/\/www.onefive.cz\/peakdesign\/revoluce-barev\/","og_site_name":"OneFive.cz - Prodejce Peak Design","article_modified_time":"2025-08-12T09:50:28+00:00","og_image":[{"width":1500,"height":621,"url":"https:\/\/www.onefive.cz\/peakdesign\/wp-content\/uploads\/2025\/08\/Screenshot-2025-08-10-at-23.03.10-1500x621.png","type":"image\/png"}],"twitter_card":"summary_large_image","twitter_misc":{"Odhadovan\u00e1 doba \u010dten\u00ed":"7 minut"},"schema":{"@context":"https:\/\/schema.org","@graph":[{"@type":"WebPage","@id":"https:\/\/www.onefive.cz\/peakdesign\/revoluce-barev\/","url":"https:\/\/www.onefive.cz\/peakdesign\/revoluce-barev\/","name":"Peak Design v nov\u00e9m! Revoluce barev!","isPartOf":{"@id":"https:\/\/www.onefive.cz\/peakdesign\/#website"},"datePublished":"2025-08-11T11:39:33+00:00","dateModified":"2025-08-12T09:50:28+00:00","description":"Elegantn\u00ed & kontrastn\u00ed, p\u0159itom vylad\u011bn\u00e9 a intenzivn\u00ed. Vystup z \u0159ady s nov\u00fdmi barvami Peak Design. Revoluce barev je tady!","breadcrumb":{"@id":"https:\/\/www.onefive.cz\/peakdesign\/revoluce-barev\/#breadcrumb"},"inLanguage":"cs","potentialAction":[{"@type":"ReadAction","target":["https:\/\/www.onefive.cz\/peakdesign\/revoluce-barev\/"]}]},{"@type":"BreadcrumbList","@id":"https:\/\/www.onefive.cz\/peakdesign\/revoluce-barev\/#breadcrumb","itemListElement":[{"@type":"ListItem","position":1,"name":"Dom\u016f","item":"https:\/\/www.onefive.cz\/peakdesign\/"},{"@type":"ListItem","position":2,"name":"PEAK DESIGN V NOV\u00c9M. REVOLUCE BAREV."}]},{"@type":"WebSite","@id":"https:\/\/www.onefive.cz\/peakdesign\/#website","url":"https:\/\/www.onefive.cz\/peakdesign\/","name":"OneFive.cz - Prodejce Peak Design","description":"Kryty a dr\u017e\u00e1ky pro telefony, cestovn\u00ed a everyday batohy a ta\u0161ky, organiz\u00e9ry a fotop\u0159\u00edslu\u0161enstv\u00ed. Ultim\u00e1tn\u00ed v\u00fdbava pro ty, kte\u0159\u00ed vy\u017eaduj\u00ed to nejlep\u0161\u00ed.","potentialAction":[{"@type":"SearchAction","target":{"@type":"EntryPoint","urlTemplate":"https:\/\/www.onefive.cz\/peakdesign\/?s={search_term_string}"},"query-input":{"@type":"PropertyValueSpecification","valueRequired":true,"valueName":"search_term_string"}}],"inLanguage":"cs"}]}},"_links":{"self":[{"href":"https:\/\/www.onefive.cz\/peakdesign\/wp-json\/wp\/v2\/pages\/125509","targetHints":{"allow":["GET"]}}],"collection":[{"href":"https:\/\/www.onefive.cz\/peakdesign\/wp-json\/wp\/v2\/pages"}],"about":[{"href":"https:\/\/www.onefive.cz\/peakdesign\/wp-json\/wp\/v2\/types\/page"}],"author":[{"embeddable":true,"href":"https:\/\/www.onefive.cz\/peakdesign\/wp-json\/wp\/v2\/users\/1838"}],"replies":[{"embeddable":true,"href":"https:\/\/www.onefive.cz\/peakdesign\/wp-json\/wp\/v2\/comments?post=125509"}],"version-history":[{"count":1,"href":"https:\/\/www.onefive.cz\/peakdesign\/wp-json\/wp\/v2\/pages\/125509\/revisions"}],"predecessor-version":[{"id":125510,"href":"https:\/\/www.onefive.cz\/peakdesign\/wp-json\/wp\/v2\/pages\/125509\/revisions\/125510"}],"wp:attachment":[{"href":"https:\/\/www.onefive.cz\/peakdesign\/wp-json\/wp\/v2\/media?parent=125509"}],"curies":[{"name":"wp","href":"https:\/\/api.w.org\/{rel}","templated":true}]}}