{"id":1314,"date":"2015-11-23T09:56:34","date_gmt":"2015-11-23T09:56:34","guid":{"rendered":"http:\/\/onefive.cz\/?page_id=1314"},"modified":"2024-03-01T10:53:34","modified_gmt":"2024-03-01T09:53:34","slug":"drzaky","status":"publish","type":"page","link":"https:\/\/www.onefive.cz\/peakdesign\/drzaky\/","title":{"rendered":"Dr\u017e\u00e1ky"},"content":{"rendered":"","protected":false},"excerpt":{"rendered":"","protected":false},"author":1,"featured_media":0,"parent":0,"menu_order":0,"comment_status":"open","ping_status":"open","template":"","meta":{"footnotes":""},"class_list":["post-1314","page","type-page","status-publish","hentry"],"yoast_head":"<!-- This site is optimized with the Yoast SEO plugin v27.4 - https:\/\/yoast.com\/product\/yoast-seo-wordpress\/ -->\n<title>Peak Design Capture: \u0161pi\u010dkov\u00fd dr\u017e\u00e1k fotoapar\u00e1tu \/ OneFive.cz<\/title>\n<meta name=\"description\" content=\"Peak Design p\u0159edstavuje celou \u0159adu dr\u017e\u00e1k\u016f na fotoapar\u00e1ty. Srdcem ekosyst\u00e9mu je dr\u017e\u00e1k Capture - geni\u00e1ln\u00ed syst\u00e9m no\u0161en\u00ed profi fotoapar\u00e1tu.\" \/>\n<meta name=\"robots\" content=\"index, follow, max-snippet:-1, max-image-preview:large, max-video-preview:-1\" \/>\n<link rel=\"canonical\" href=\"https:\/\/www.onefive.cz\/peakdesign\/drzaky\/\" \/>\n<meta property=\"og:locale\" content=\"cs_CZ\" \/>\n<meta property=\"og:type\" content=\"article\" \/>\n<meta property=\"og:title\" content=\"Peak Design Capture: \u0161pi\u010dkov\u00fd dr\u017e\u00e1k fotoapar\u00e1tu \/ OneFive.cz\" \/>\n<meta property=\"og:description\" content=\"Peak Design p\u0159edstavuje celou \u0159adu dr\u017e\u00e1k\u016f na fotoapar\u00e1ty. Srdcem ekosyst\u00e9mu je dr\u017e\u00e1k Capture - geni\u00e1ln\u00ed syst\u00e9m no\u0161en\u00ed profi fotoapar\u00e1tu.\" \/>\n<meta property=\"og:url\" content=\"https:\/\/www.onefive.cz\/peakdesign\/drzaky\/\" \/>\n<meta property=\"og:site_name\" content=\"OneFive.cz - Prodejce Peak Design\" \/>\n<meta property=\"article:modified_time\" content=\"2024-03-01T09:53:34+00:00\" \/>\n<meta name=\"twitter:card\" content=\"summary_large_image\" \/>\n<meta name=\"twitter:label1\" content=\"Odhadovan\u00e1 doba \u010dten\u00ed\" \/>\n\t<meta name=\"twitter:data1\" content=\"2 minuty\" \/>\n<script type=\"application\/ld+json\" class=\"yoast-schema-graph\">{\"@context\":\"https:\\\/\\\/schema.org\",\"@graph\":[{\"@type\":\"WebPage\",\"@id\":\"https:\\\/\\\/www.onefive.cz\\\/peakdesign\\\/drzaky\\\/\",\"url\":\"https:\\\/\\\/www.onefive.cz\\\/peakdesign\\\/drzaky\\\/\",\"name\":\"Peak Design Capture: \u0161pi\u010dkov\u00fd dr\u017e\u00e1k fotoapar\u00e1tu \\\/ OneFive.cz\",\"isPartOf\":{\"@id\":\"https:\\\/\\\/www.onefive.cz\\\/peakdesign\\\/#website\"},\"datePublished\":\"2015-11-23T09:56:34+00:00\",\"dateModified\":\"2024-03-01T09:53:34+00:00\",\"description\":\"Peak Design p\u0159edstavuje celou \u0159adu dr\u017e\u00e1k\u016f na fotoapar\u00e1ty. Srdcem ekosyst\u00e9mu je dr\u017e\u00e1k Capture - geni\u00e1ln\u00ed syst\u00e9m no\u0161en\u00ed profi fotoapar\u00e1tu.\",\"breadcrumb\":{\"@id\":\"https:\\\/\\\/www.onefive.cz\\\/peakdesign\\\/drzaky\\\/#breadcrumb\"},\"inLanguage\":\"cs\",\"potentialAction\":[{\"@type\":\"ReadAction\",\"target\":[\"https:\\\/\\\/www.onefive.cz\\\/peakdesign\\\/drzaky\\\/\"]}]},{\"@type\":\"BreadcrumbList\",\"@id\":\"https:\\\/\\\/www.onefive.cz\\\/peakdesign\\\/drzaky\\\/#breadcrumb\",\"itemListElement\":[{\"@type\":\"ListItem\",\"position\":1,\"name\":\"Dom\u016f\",\"item\":\"https:\\\/\\\/www.onefive.cz\\\/peakdesign\\\/\"},{\"@type\":\"ListItem\",\"position\":2,\"name\":\"Dr\u017e\u00e1ky\"}]},{\"@type\":\"WebSite\",\"@id\":\"https:\\\/\\\/www.onefive.cz\\\/peakdesign\\\/#website\",\"url\":\"https:\\\/\\\/www.onefive.cz\\\/peakdesign\\\/\",\"name\":\"OneFive.cz - Prodejce Peak Design\",\"description\":\"Kryty a dr\u017e\u00e1ky pro telefony, cestovn\u00ed a everyday batohy a ta\u0161ky, organiz\u00e9ry a fotop\u0159\u00edslu\u0161enstv\u00ed. Ultim\u00e1tn\u00ed v\u00fdbava pro ty, kte\u0159\u00ed vy\u017eaduj\u00ed to nejlep\u0161\u00ed.\",\"potentialAction\":[{\"@type\":\"SearchAction\",\"target\":{\"@type\":\"EntryPoint\",\"urlTemplate\":\"https:\\\/\\\/www.onefive.cz\\\/peakdesign\\\/?s={search_term_string}\"},\"query-input\":{\"@type\":\"PropertyValueSpecification\",\"valueRequired\":true,\"valueName\":\"search_term_string\"}}],\"inLanguage\":\"cs\"}]}<\/script>\n<!-- \/ Yoast SEO plugin. -->","yoast_head_json":{"title":"Peak Design Capture: \u0161pi\u010dkov\u00fd dr\u017e\u00e1k fotoapar\u00e1tu \/ OneFive.cz","description":"Peak Design p\u0159edstavuje celou \u0159adu dr\u017e\u00e1k\u016f na fotoapar\u00e1ty. Srdcem ekosyst\u00e9mu je dr\u017e\u00e1k Capture - geni\u00e1ln\u00ed syst\u00e9m no\u0161en\u00ed profi fotoapar\u00e1tu.","robots":{"index":"index","follow":"follow","max-snippet":"max-snippet:-1","max-image-preview":"max-image-preview:large","max-video-preview":"max-video-preview:-1"},"canonical":"https:\/\/www.onefive.cz\/peakdesign\/drzaky\/","og_locale":"cs_CZ","og_type":"article","og_title":"Peak Design Capture: \u0161pi\u010dkov\u00fd dr\u017e\u00e1k fotoapar\u00e1tu \/ OneFive.cz","og_description":"Peak Design p\u0159edstavuje celou \u0159adu dr\u017e\u00e1k\u016f na fotoapar\u00e1ty. Srdcem ekosyst\u00e9mu je dr\u017e\u00e1k Capture - geni\u00e1ln\u00ed syst\u00e9m no\u0161en\u00ed profi fotoapar\u00e1tu.","og_url":"https:\/\/www.onefive.cz\/peakdesign\/drzaky\/","og_site_name":"OneFive.cz - Prodejce Peak Design","article_modified_time":"2024-03-01T09:53:34+00:00","twitter_card":"summary_large_image","twitter_misc":{"Odhadovan\u00e1 doba \u010dten\u00ed":"2 minuty"},"schema":{"@context":"https:\/\/schema.org","@graph":[{"@type":"WebPage","@id":"https:\/\/www.onefive.cz\/peakdesign\/drzaky\/","url":"https:\/\/www.onefive.cz\/peakdesign\/drzaky\/","name":"Peak Design Capture: \u0161pi\u010dkov\u00fd dr\u017e\u00e1k fotoapar\u00e1tu \/ OneFive.cz","isPartOf":{"@id":"https:\/\/www.onefive.cz\/peakdesign\/#website"},"datePublished":"2015-11-23T09:56:34+00:00","dateModified":"2024-03-01T09:53:34+00:00","description":"Peak Design p\u0159edstavuje celou \u0159adu dr\u017e\u00e1k\u016f na fotoapar\u00e1ty. Srdcem ekosyst\u00e9mu je dr\u017e\u00e1k Capture - geni\u00e1ln\u00ed syst\u00e9m no\u0161en\u00ed profi fotoapar\u00e1tu.","breadcrumb":{"@id":"https:\/\/www.onefive.cz\/peakdesign\/drzaky\/#breadcrumb"},"inLanguage":"cs","potentialAction":[{"@type":"ReadAction","target":["https:\/\/www.onefive.cz\/peakdesign\/drzaky\/"]}]},{"@type":"BreadcrumbList","@id":"https:\/\/www.onefive.cz\/peakdesign\/drzaky\/#breadcrumb","itemListElement":[{"@type":"ListItem","position":1,"name":"Dom\u016f","item":"https:\/\/www.onefive.cz\/peakdesign\/"},{"@type":"ListItem","position":2,"name":"Dr\u017e\u00e1ky"}]},{"@type":"WebSite","@id":"https:\/\/www.onefive.cz\/peakdesign\/#website","url":"https:\/\/www.onefive.cz\/peakdesign\/","name":"OneFive.cz - Prodejce Peak Design","description":"Kryty a dr\u017e\u00e1ky pro telefony, cestovn\u00ed a everyday batohy a ta\u0161ky, organiz\u00e9ry a fotop\u0159\u00edslu\u0161enstv\u00ed. Ultim\u00e1tn\u00ed v\u00fdbava pro ty, kte\u0159\u00ed vy\u017eaduj\u00ed to nejlep\u0161\u00ed.","potentialAction":[{"@type":"SearchAction","target":{"@type":"EntryPoint","urlTemplate":"https:\/\/www.onefive.cz\/peakdesign\/?s={search_term_string}"},"query-input":{"@type":"PropertyValueSpecification","valueRequired":true,"valueName":"search_term_string"}}],"inLanguage":"cs"}]}},"_links":{"self":[{"href":"https:\/\/www.onefive.cz\/peakdesign\/wp-json\/wp\/v2\/pages\/1314","targetHints":{"allow":["GET"]}}],"collection":[{"href":"https:\/\/www.onefive.cz\/peakdesign\/wp-json\/wp\/v2\/pages"}],"about":[{"href":"https:\/\/www.onefive.cz\/peakdesign\/wp-json\/wp\/v2\/types\/page"}],"author":[{"embeddable":true,"href":"https:\/\/www.onefive.cz\/peakdesign\/wp-json\/wp\/v2\/users\/1"}],"replies":[{"embeddable":true,"href":"https:\/\/www.onefive.cz\/peakdesign\/wp-json\/wp\/v2\/comments?post=1314"}],"version-history":[{"count":2,"href":"https:\/\/www.onefive.cz\/peakdesign\/wp-json\/wp\/v2\/pages\/1314\/revisions"}],"predecessor-version":[{"id":108450,"href":"https:\/\/www.onefive.cz\/peakdesign\/wp-json\/wp\/v2\/pages\/1314\/revisions\/108450"}],"wp:attachment":[{"href":"https:\/\/www.onefive.cz\/peakdesign\/wp-json\/wp\/v2\/media?parent=1314"}],"curies":[{"name":"wp","href":"https:\/\/api.w.org\/{rel}","templated":true}]}}