{"id":1321,"date":"2015-11-23T10:24:06","date_gmt":"2015-11-23T10:24:06","guid":{"rendered":"http:\/\/onefive.cz\/?page_id=1321"},"modified":"2017-04-10T08:10:36","modified_gmt":"2017-04-10T08:10:36","slug":"ochranakryty","status":"publish","type":"page","link":"https:\/\/www.onefive.cz\/peakdesign\/ochranakryty\/","title":{"rendered":"Ochrana\/kryty"},"content":{"rendered":"<p>[rev_slider alias=\"pd-kryty\"]<\/p>\n<p id=\"nadpis\">&nbsp;<\/p>\n<h2>OCHRANA\/KRYTY<\/h2>\n<div class=\"woocommerce columns-4 \"><ul class=\"products columns-4\">\n<li class=\"product type-product post-1097 status-publish first instock product_cat-uncategorized has-post-thumbnail taxable shipping-taxable purchasable product-type-variable\">\n\t<a href=\"https:\/\/www.onefive.cz\/peakdesign\/produkt\/shell\/\" class=\"woocommerce-LoopProduct-link woocommerce-loop-product__link\"><img loading=\"lazy\" decoding=\"async\" width=\"450\" height=\"450\" src=\"https:\/\/www.onefive.cz\/peakdesign\/wp-content\/uploads\/2015\/11\/Shell-PDP-1-HERO_1024x1024-450x450.jpg\" class=\"attachment-woocommerce_thumbnail size-woocommerce_thumbnail\" alt=\"Shell\" srcset=\"https:\/\/www.onefive.cz\/peakdesign\/wp-content\/uploads\/2015\/11\/Shell-PDP-1-HERO_1024x1024-450x450.jpg 450w, https:\/\/www.onefive.cz\/peakdesign\/wp-content\/uploads\/2015\/11\/Shell-PDP-1-HERO_1024x1024-80x80.jpg 80w, https:\/\/www.onefive.cz\/peakdesign\/wp-content\/uploads\/2015\/11\/Shell-PDP-1-HERO_1024x1024-500x500.jpg 500w, https:\/\/www.onefive.cz\/peakdesign\/wp-content\/uploads\/2015\/11\/Shell-PDP-1-HERO_1024x1024-768x768.jpg 768w, https:\/\/www.onefive.cz\/peakdesign\/wp-content\/uploads\/2015\/11\/Shell-PDP-1-HERO_1024x1024-24x24.jpg 24w, https:\/\/www.onefive.cz\/peakdesign\/wp-content\/uploads\/2015\/11\/Shell-PDP-1-HERO_1024x1024-36x36.jpg 36w, https:\/\/www.onefive.cz\/peakdesign\/wp-content\/uploads\/2015\/11\/Shell-PDP-1-HERO_1024x1024-48x48.jpg 48w, https:\/\/www.onefive.cz\/peakdesign\/wp-content\/uploads\/2015\/11\/Shell-PDP-1-HERO_1024x1024-100x100.jpg 100w, https:\/\/www.onefive.cz\/peakdesign\/wp-content\/uploads\/2015\/11\/Shell-PDP-1-HERO_1024x1024.jpg 1024w\" sizes=\"auto, (max-width: 450px) 100vw, 450px\" \/><h2 class=\"woocommerce-loop-product__title\">Shell<\/h2>\n\t<span class=\"price\"><span class='wmc-cache-pid ' data-wmc_product_id='1097'>OD <span class=\"woocommerce-Price-amount amount\">1.490&nbsp;<span class=\"woocommerce-Price-currencySymbol\">&#75;&#269;<\/span><\/span> s DPH<\/span><\/span>\n<\/a><a href=\"https:\/\/www.onefive.cz\/peakdesign\/produkt\/shell\/\" aria-describedby=\"woocommerce_loop_add_to_cart_link_describedby_1097\" data-quantity=\"1\" class=\"button wp-element-button product_type_variable add_to_cart_button\" data-product_id=\"1097\" data-product_sku=\"\" aria-label=\"Vyberte nastaven\u00ed pro &bdquo;Shell&ldquo;\" rel=\"nofollow\">V\u00fdb\u011br mo\u017enost\u00ed<\/a>\t<span id=\"woocommerce_loop_add_to_cart_link_describedby_1097\" class=\"screen-reader-text\">\n\t\tTento produkt m\u00e1 v\u00edce variant. Mo\u017enosti lze vybrat na str\u00e1nce produktu\t<\/span>\n<span class=\"gtm4wp_productdata\" style=\"display:none; visibility:hidden;\" data-gtm4wp_product_data=\"{&quot;internal_id&quot;:1097,&quot;item_id&quot;:1097,&quot;item_name&quot;:&quot;Shell&quot;,&quot;sku&quot;:1097,&quot;price&quot;:1490,&quot;stocklevel&quot;:null,&quot;stockstatus&quot;:&quot;instock&quot;,&quot;google_business_vertical&quot;:&quot;retail&quot;,&quot;item_category&quot;:&quot;Uncategorized&quot;,&quot;id&quot;:1097,&quot;productlink&quot;:&quot;https:\\\/\\\/www.onefive.cz\\\/peakdesign\\\/produkt\\\/shell\\\/&quot;,&quot;item_list_name&quot;:&quot;General Product List&quot;,&quot;index&quot;:1,&quot;product_type&quot;:&quot;variable&quot;,&quot;item_brand&quot;:&quot;&quot;}\"><\/span><div data-metadata-product-list='{&quot;base_id&quot;:1097,&quot;full_id&quot;:1097,&quot;has_variation&quot;:true,&quot;name&quot;:&quot;Shell&quot;,&quot;category&quot;:&quot;Uncategorized&quot;,&quot;categories_json&quot;:[&quot;Uncategorized&quot;],&quot;price&quot;:1490,&quot;price_with_vat&quot;:1490,&quot;price_without_vat&quot;:1231.404959,&quot;regular_price_with_vat&quot;:1490,&quot;regular_price_without_vat&quot;:1231.404959,&quot;discount_with_vat&quot;:0,&quot;discount_without_vat&quot;:0,&quot;currency&quot;:&quot;CZK&quot;}'><\/div><\/li>\n<\/ul>\n<\/div>\n","protected":false},"excerpt":{"rendered":"<p>[rev_slider alias=\"pd-kryty\"] &nbsp; OCHRANA\/KRYTY<\/p>\n","protected":false},"author":1,"featured_media":0,"parent":0,"menu_order":0,"comment_status":"open","ping_status":"open","template":"","meta":{"footnotes":""},"class_list":["post-1321","page","type-page","status-publish","hentry"],"yoast_head":"<!-- This site is optimized with the Yoast SEO plugin v27.4 - https:\/\/yoast.com\/product\/yoast-seo-wordpress\/ -->\n<title>Ochrana\/kryty - OneFive.cz - Prodejce Peak Design<\/title>\n<meta name=\"robots\" content=\"index, follow, max-snippet:-1, max-image-preview:large, max-video-preview:-1\" \/>\n<link rel=\"canonical\" href=\"https:\/\/www.onefive.cz\/peakdesign\/ochranakryty\/\" \/>\n<meta property=\"og:locale\" content=\"cs_CZ\" \/>\n<meta property=\"og:type\" content=\"article\" \/>\n<meta property=\"og:title\" content=\"Ochrana\/kryty - OneFive.cz - Prodejce Peak Design\" \/>\n<meta property=\"og:description\" content=\"[rev_slider alias=&quot;pd-kryty&quot;] &nbsp; OCHRANA\/KRYTY\" \/>\n<meta property=\"og:url\" content=\"https:\/\/www.onefive.cz\/peakdesign\/ochranakryty\/\" \/>\n<meta property=\"og:site_name\" content=\"OneFive.cz - Prodejce Peak Design\" \/>\n<meta property=\"article:modified_time\" content=\"2017-04-10T08:10:36+00:00\" \/>\n<meta name=\"twitter:card\" content=\"summary_large_image\" \/>\n<script type=\"application\/ld+json\" class=\"yoast-schema-graph\">{\"@context\":\"https:\\\/\\\/schema.org\",\"@graph\":[{\"@type\":\"WebPage\",\"@id\":\"https:\\\/\\\/www.onefive.cz\\\/peakdesign\\\/ochranakryty\\\/\",\"url\":\"https:\\\/\\\/www.onefive.cz\\\/peakdesign\\\/ochranakryty\\\/\",\"name\":\"Ochrana\\\/kryty - OneFive.cz - Prodejce Peak Design\",\"isPartOf\":{\"@id\":\"https:\\\/\\\/www.onefive.cz\\\/peakdesign\\\/#website\"},\"datePublished\":\"2015-11-23T10:24:06+00:00\",\"dateModified\":\"2017-04-10T08:10:36+00:00\",\"breadcrumb\":{\"@id\":\"https:\\\/\\\/www.onefive.cz\\\/peakdesign\\\/ochranakryty\\\/#breadcrumb\"},\"inLanguage\":\"cs\",\"potentialAction\":[{\"@type\":\"ReadAction\",\"target\":[\"https:\\\/\\\/www.onefive.cz\\\/peakdesign\\\/ochranakryty\\\/\"]}]},{\"@type\":\"BreadcrumbList\",\"@id\":\"https:\\\/\\\/www.onefive.cz\\\/peakdesign\\\/ochranakryty\\\/#breadcrumb\",\"itemListElement\":[{\"@type\":\"ListItem\",\"position\":1,\"name\":\"Dom\u016f\",\"item\":\"https:\\\/\\\/www.onefive.cz\\\/peakdesign\\\/\"},{\"@type\":\"ListItem\",\"position\":2,\"name\":\"Ochrana\\\/kryty\"}]},{\"@type\":\"WebSite\",\"@id\":\"https:\\\/\\\/www.onefive.cz\\\/peakdesign\\\/#website\",\"url\":\"https:\\\/\\\/www.onefive.cz\\\/peakdesign\\\/\",\"name\":\"OneFive.cz - Prodejce Peak Design\",\"description\":\"Kryty a dr\u017e\u00e1ky pro telefony, cestovn\u00ed a everyday batohy a ta\u0161ky, organiz\u00e9ry a fotop\u0159\u00edslu\u0161enstv\u00ed. Ultim\u00e1tn\u00ed v\u00fdbava pro ty, kte\u0159\u00ed vy\u017eaduj\u00ed to nejlep\u0161\u00ed.\",\"potentialAction\":[{\"@type\":\"SearchAction\",\"target\":{\"@type\":\"EntryPoint\",\"urlTemplate\":\"https:\\\/\\\/www.onefive.cz\\\/peakdesign\\\/?s={search_term_string}\"},\"query-input\":{\"@type\":\"PropertyValueSpecification\",\"valueRequired\":true,\"valueName\":\"search_term_string\"}}],\"inLanguage\":\"cs\"}]}<\/script>\n<!-- \/ Yoast SEO plugin. -->","yoast_head_json":{"title":"Ochrana\/kryty - OneFive.cz - Prodejce Peak Design","robots":{"index":"index","follow":"follow","max-snippet":"max-snippet:-1","max-image-preview":"max-image-preview:large","max-video-preview":"max-video-preview:-1"},"canonical":"https:\/\/www.onefive.cz\/peakdesign\/ochranakryty\/","og_locale":"cs_CZ","og_type":"article","og_title":"Ochrana\/kryty - OneFive.cz - Prodejce Peak Design","og_description":"[rev_slider alias=\"pd-kryty\"] &nbsp; OCHRANA\/KRYTY","og_url":"https:\/\/www.onefive.cz\/peakdesign\/ochranakryty\/","og_site_name":"OneFive.cz - Prodejce Peak Design","article_modified_time":"2017-04-10T08:10:36+00:00","twitter_card":"summary_large_image","schema":{"@context":"https:\/\/schema.org","@graph":[{"@type":"WebPage","@id":"https:\/\/www.onefive.cz\/peakdesign\/ochranakryty\/","url":"https:\/\/www.onefive.cz\/peakdesign\/ochranakryty\/","name":"Ochrana\/kryty - OneFive.cz - Prodejce Peak Design","isPartOf":{"@id":"https:\/\/www.onefive.cz\/peakdesign\/#website"},"datePublished":"2015-11-23T10:24:06+00:00","dateModified":"2017-04-10T08:10:36+00:00","breadcrumb":{"@id":"https:\/\/www.onefive.cz\/peakdesign\/ochranakryty\/#breadcrumb"},"inLanguage":"cs","potentialAction":[{"@type":"ReadAction","target":["https:\/\/www.onefive.cz\/peakdesign\/ochranakryty\/"]}]},{"@type":"BreadcrumbList","@id":"https:\/\/www.onefive.cz\/peakdesign\/ochranakryty\/#breadcrumb","itemListElement":[{"@type":"ListItem","position":1,"name":"Dom\u016f","item":"https:\/\/www.onefive.cz\/peakdesign\/"},{"@type":"ListItem","position":2,"name":"Ochrana\/kryty"}]},{"@type":"WebSite","@id":"https:\/\/www.onefive.cz\/peakdesign\/#website","url":"https:\/\/www.onefive.cz\/peakdesign\/","name":"OneFive.cz - Prodejce Peak Design","description":"Kryty a dr\u017e\u00e1ky pro telefony, cestovn\u00ed a everyday batohy a ta\u0161ky, organiz\u00e9ry a fotop\u0159\u00edslu\u0161enstv\u00ed. Ultim\u00e1tn\u00ed v\u00fdbava pro ty, kte\u0159\u00ed vy\u017eaduj\u00ed to nejlep\u0161\u00ed.","potentialAction":[{"@type":"SearchAction","target":{"@type":"EntryPoint","urlTemplate":"https:\/\/www.onefive.cz\/peakdesign\/?s={search_term_string}"},"query-input":{"@type":"PropertyValueSpecification","valueRequired":true,"valueName":"search_term_string"}}],"inLanguage":"cs"}]}},"_links":{"self":[{"href":"https:\/\/www.onefive.cz\/peakdesign\/wp-json\/wp\/v2\/pages\/1321","targetHints":{"allow":["GET"]}}],"collection":[{"href":"https:\/\/www.onefive.cz\/peakdesign\/wp-json\/wp\/v2\/pages"}],"about":[{"href":"https:\/\/www.onefive.cz\/peakdesign\/wp-json\/wp\/v2\/types\/page"}],"author":[{"embeddable":true,"href":"https:\/\/www.onefive.cz\/peakdesign\/wp-json\/wp\/v2\/users\/1"}],"replies":[{"embeddable":true,"href":"https:\/\/www.onefive.cz\/peakdesign\/wp-json\/wp\/v2\/comments?post=1321"}],"version-history":[{"count":0,"href":"https:\/\/www.onefive.cz\/peakdesign\/wp-json\/wp\/v2\/pages\/1321\/revisions"}],"wp:attachment":[{"href":"https:\/\/www.onefive.cz\/peakdesign\/wp-json\/wp\/v2\/media?parent=1321"}],"curies":[{"name":"wp","href":"https:\/\/api.w.org\/{rel}","templated":true}]}}