{"id":1539,"date":"2015-12-26T18:02:30","date_gmt":"2015-12-26T18:02:30","guid":{"rendered":"http:\/\/onefive.cz\/?page_id=1539"},"modified":"2017-04-10T08:13:09","modified_gmt":"2017-04-10T08:13:09","slug":"everyday-messenger-nastaveni-popruhu-a-konfigurace","status":"publish","type":"page","link":"https:\/\/www.onefive.cz\/peakdesign\/everyday-messenger-nastaveni-popruhu-a-konfigurace\/","title":{"rendered":"Everyday Messenger - nastaven\u00ed popruhu a konfigurace"},"content":{"rendered":"<p>Na prvn\u00ed pohled vypadaj\u00ed popruhy na Everyday Messengeru \u010dist\u011b, jednodu\u0161e a klasicky. Tyto popruhy jsou v\u0161ak nabit\u00e9 mnoha funkcemi a umo\u017e\u0148uj\u00ed no\u0161en\u00ed mnoha zp\u016fsoby.<\/p>\n<p>Pod\u00edvjte se na n\u00e1sleduj\u00edc\u00ed video, kter\u00e9 popisuje, jak popruhy nastavit pro r\u016fzn\u00e9 zp\u016fsoby no\u0161en\u00ed:<\/p>\n<p><iframe loading=\"lazy\" width=\"950\" height=\"534\" src=\"https:\/\/www.youtube.com\/embed\/yrjvBjmksks\" frameborder=\"0\" allowfullscreen><\/iframe><\/p>\n<h4>Jednotliv\u00e9 kapitoly:<\/h4>\n<p>Nechce se v\u00e1m sledovat cel\u00e9 video? Zde jsou d\u016fle\u017eit\u00e9 \u010dasov\u00e9 zna\u010dky, podle kter\u00fdch m\u016f\u017eete ve videu sko\u010dit p\u0159\u00edmo na ta m\u00edsta, kter\u00e1 v\u00e1s zaj\u00edmaj\u00ed nejv\u00edce:<\/p>\n<p>Na kr\u00e1tko: Styl \"klasick\u00fd messenger bag\" (<strong>0:14<\/strong>)<br \/>\nSt\u0159edn\u00ed d\u00e9lka: Zm\u011bna na styl \"low messenger\" (<strong>0:39<\/strong>)<br \/>\nNa dlouho: Styl \"p\u0159es rameno\" (<strong>1:08<\/strong>)<br \/>\nRychl\u00e9 nastaven\u00ed d\u00e9lky (<strong>2:00<\/strong>)<br \/>\nProtiskluzov\u00e9 p\u00e1sky (<strong>2:49<\/strong>)<br \/>\nOto\u010dn\u00e9 upevn\u011bn\u00ed popruhu (<strong>3:50<\/strong>)<br \/>\nStabiliza\u010dn\u00ed popruh: konfigurace p\u0159es t\u011blo (<strong>4:08<\/strong>)<br \/>\nStabiliza\u010dn\u00ed popruh: konfigurace okolo pasu (<strong>4:36<\/strong>)<br \/>\nStabiliza\u010dn\u00ed popruh: odpojen\u00ed a \u00faschova (<strong>4:58<\/strong>)<br \/>\nP\u0159enastaven\u00ed popruhu pro no\u0161en\u00ed na prav\u00e9m rameni (<strong>6:10<\/strong>)<\/p>\n<p style=\"padding=bottom:30px\">\n","protected":false},"excerpt":{"rendered":"<p>Na prvn\u00ed pohled vypadaj\u00ed popruhy na Everyday Messengeru \u010dist\u011b, jednodu\u0161e a klasicky. Tyto popruhy jsou v\u0161ak nabit\u00e9 mnoha funkcemi a umo\u017e\u0148uj\u00ed no\u0161en\u00ed mnoha zp\u016fsoby. Pod\u00edvjte se na n\u00e1sleduj\u00edc\u00ed video, kter\u00e9 popisuje, jak popruhy nastavit pro r\u016fzn\u00e9 zp\u016fsoby no\u0161en\u00ed: Jednotliv\u00e9 kapitoly: Nechce se v\u00e1m sledovat cel\u00e9 video? Zde jsou d\u016fle\u017eit\u00e9 \u010dasov\u00e9 zna\u010dky, podle kter\u00fdch m\u016f\u017eete ve [&hellip;]<\/p>\n","protected":false},"author":1,"featured_media":0,"parent":0,"menu_order":0,"comment_status":"open","ping_status":"open","template":"","meta":{"footnotes":""},"class_list":["post-1539","page","type-page","status-publish","hentry"],"yoast_head":"<!-- This site is optimized with the Yoast SEO plugin v27.4 - https:\/\/yoast.com\/product\/yoast-seo-wordpress\/ -->\n<title>Everyday Messenger - nastaven\u00ed popruhu a konfigurace - OneFive.cz - Prodejce Peak Design<\/title>\n<meta name=\"robots\" content=\"index, follow, max-snippet:-1, max-image-preview:large, max-video-preview:-1\" \/>\n<link rel=\"canonical\" href=\"https:\/\/www.onefive.cz\/peakdesign\/everyday-messenger-nastaveni-popruhu-a-konfigurace\/\" \/>\n<meta property=\"og:locale\" content=\"cs_CZ\" \/>\n<meta property=\"og:type\" content=\"article\" \/>\n<meta property=\"og:title\" content=\"Everyday Messenger - nastaven\u00ed popruhu a konfigurace - OneFive.cz - Prodejce Peak Design\" \/>\n<meta property=\"og:description\" content=\"Na prvn\u00ed pohled vypadaj\u00ed popruhy na Everyday Messengeru \u010dist\u011b, jednodu\u0161e a klasicky. Tyto popruhy jsou v\u0161ak nabit\u00e9 mnoha funkcemi a umo\u017e\u0148uj\u00ed no\u0161en\u00ed mnoha zp\u016fsoby. Pod\u00edvjte se na n\u00e1sleduj\u00edc\u00ed video, kter\u00e9 popisuje, jak popruhy nastavit pro r\u016fzn\u00e9 zp\u016fsoby no\u0161en\u00ed: Jednotliv\u00e9 kapitoly: Nechce se v\u00e1m sledovat cel\u00e9 video? Zde jsou d\u016fle\u017eit\u00e9 \u010dasov\u00e9 zna\u010dky, podle kter\u00fdch m\u016f\u017eete ve [&hellip;]\" \/>\n<meta property=\"og:url\" content=\"https:\/\/www.onefive.cz\/peakdesign\/everyday-messenger-nastaveni-popruhu-a-konfigurace\/\" \/>\n<meta property=\"og:site_name\" content=\"OneFive.cz - Prodejce Peak Design\" \/>\n<meta property=\"article:modified_time\" content=\"2017-04-10T08:13:09+00:00\" \/>\n<meta name=\"twitter:card\" content=\"summary_large_image\" \/>\n<meta name=\"twitter:label1\" content=\"Odhadovan\u00e1 doba \u010dten\u00ed\" \/>\n\t<meta name=\"twitter:data1\" content=\"1 minuta\" \/>\n<script type=\"application\/ld+json\" class=\"yoast-schema-graph\">{\"@context\":\"https:\\\/\\\/schema.org\",\"@graph\":[{\"@type\":\"WebPage\",\"@id\":\"https:\\\/\\\/www.onefive.cz\\\/peakdesign\\\/everyday-messenger-nastaveni-popruhu-a-konfigurace\\\/\",\"url\":\"https:\\\/\\\/www.onefive.cz\\\/peakdesign\\\/everyday-messenger-nastaveni-popruhu-a-konfigurace\\\/\",\"name\":\"Everyday Messenger - nastaven\u00ed popruhu a konfigurace - OneFive.cz - Prodejce Peak Design\",\"isPartOf\":{\"@id\":\"https:\\\/\\\/www.onefive.cz\\\/peakdesign\\\/#website\"},\"datePublished\":\"2015-12-26T18:02:30+00:00\",\"dateModified\":\"2017-04-10T08:13:09+00:00\",\"breadcrumb\":{\"@id\":\"https:\\\/\\\/www.onefive.cz\\\/peakdesign\\\/everyday-messenger-nastaveni-popruhu-a-konfigurace\\\/#breadcrumb\"},\"inLanguage\":\"cs\",\"potentialAction\":[{\"@type\":\"ReadAction\",\"target\":[\"https:\\\/\\\/www.onefive.cz\\\/peakdesign\\\/everyday-messenger-nastaveni-popruhu-a-konfigurace\\\/\"]}]},{\"@type\":\"BreadcrumbList\",\"@id\":\"https:\\\/\\\/www.onefive.cz\\\/peakdesign\\\/everyday-messenger-nastaveni-popruhu-a-konfigurace\\\/#breadcrumb\",\"itemListElement\":[{\"@type\":\"ListItem\",\"position\":1,\"name\":\"Dom\u016f\",\"item\":\"https:\\\/\\\/www.onefive.cz\\\/peakdesign\\\/\"},{\"@type\":\"ListItem\",\"position\":2,\"name\":\"Everyday Messenger - nastaven\u00ed popruhu a konfigurace\"}]},{\"@type\":\"WebSite\",\"@id\":\"https:\\\/\\\/www.onefive.cz\\\/peakdesign\\\/#website\",\"url\":\"https:\\\/\\\/www.onefive.cz\\\/peakdesign\\\/\",\"name\":\"OneFive.cz - Prodejce Peak Design\",\"description\":\"Kryty a dr\u017e\u00e1ky pro telefony, cestovn\u00ed a everyday batohy a ta\u0161ky, organiz\u00e9ry a fotop\u0159\u00edslu\u0161enstv\u00ed. Ultim\u00e1tn\u00ed v\u00fdbava pro ty, kte\u0159\u00ed vy\u017eaduj\u00ed to nejlep\u0161\u00ed.\",\"potentialAction\":[{\"@type\":\"SearchAction\",\"target\":{\"@type\":\"EntryPoint\",\"urlTemplate\":\"https:\\\/\\\/www.onefive.cz\\\/peakdesign\\\/?s={search_term_string}\"},\"query-input\":{\"@type\":\"PropertyValueSpecification\",\"valueRequired\":true,\"valueName\":\"search_term_string\"}}],\"inLanguage\":\"cs\"}]}<\/script>\n<!-- \/ Yoast SEO plugin. -->","yoast_head_json":{"title":"Everyday Messenger - nastaven\u00ed popruhu a konfigurace - OneFive.cz - Prodejce Peak Design","robots":{"index":"index","follow":"follow","max-snippet":"max-snippet:-1","max-image-preview":"max-image-preview:large","max-video-preview":"max-video-preview:-1"},"canonical":"https:\/\/www.onefive.cz\/peakdesign\/everyday-messenger-nastaveni-popruhu-a-konfigurace\/","og_locale":"cs_CZ","og_type":"article","og_title":"Everyday Messenger - nastaven\u00ed popruhu a konfigurace - OneFive.cz - Prodejce Peak Design","og_description":"Na prvn\u00ed pohled vypadaj\u00ed popruhy na Everyday Messengeru \u010dist\u011b, jednodu\u0161e a klasicky. Tyto popruhy jsou v\u0161ak nabit\u00e9 mnoha funkcemi a umo\u017e\u0148uj\u00ed no\u0161en\u00ed mnoha zp\u016fsoby. Pod\u00edvjte se na n\u00e1sleduj\u00edc\u00ed video, kter\u00e9 popisuje, jak popruhy nastavit pro r\u016fzn\u00e9 zp\u016fsoby no\u0161en\u00ed: Jednotliv\u00e9 kapitoly: Nechce se v\u00e1m sledovat cel\u00e9 video? Zde jsou d\u016fle\u017eit\u00e9 \u010dasov\u00e9 zna\u010dky, podle kter\u00fdch m\u016f\u017eete ve [&hellip;]","og_url":"https:\/\/www.onefive.cz\/peakdesign\/everyday-messenger-nastaveni-popruhu-a-konfigurace\/","og_site_name":"OneFive.cz - Prodejce Peak Design","article_modified_time":"2017-04-10T08:13:09+00:00","twitter_card":"summary_large_image","twitter_misc":{"Odhadovan\u00e1 doba \u010dten\u00ed":"1 minuta"},"schema":{"@context":"https:\/\/schema.org","@graph":[{"@type":"WebPage","@id":"https:\/\/www.onefive.cz\/peakdesign\/everyday-messenger-nastaveni-popruhu-a-konfigurace\/","url":"https:\/\/www.onefive.cz\/peakdesign\/everyday-messenger-nastaveni-popruhu-a-konfigurace\/","name":"Everyday Messenger - nastaven\u00ed popruhu a konfigurace - OneFive.cz - Prodejce Peak Design","isPartOf":{"@id":"https:\/\/www.onefive.cz\/peakdesign\/#website"},"datePublished":"2015-12-26T18:02:30+00:00","dateModified":"2017-04-10T08:13:09+00:00","breadcrumb":{"@id":"https:\/\/www.onefive.cz\/peakdesign\/everyday-messenger-nastaveni-popruhu-a-konfigurace\/#breadcrumb"},"inLanguage":"cs","potentialAction":[{"@type":"ReadAction","target":["https:\/\/www.onefive.cz\/peakdesign\/everyday-messenger-nastaveni-popruhu-a-konfigurace\/"]}]},{"@type":"BreadcrumbList","@id":"https:\/\/www.onefive.cz\/peakdesign\/everyday-messenger-nastaveni-popruhu-a-konfigurace\/#breadcrumb","itemListElement":[{"@type":"ListItem","position":1,"name":"Dom\u016f","item":"https:\/\/www.onefive.cz\/peakdesign\/"},{"@type":"ListItem","position":2,"name":"Everyday Messenger - nastaven\u00ed popruhu a konfigurace"}]},{"@type":"WebSite","@id":"https:\/\/www.onefive.cz\/peakdesign\/#website","url":"https:\/\/www.onefive.cz\/peakdesign\/","name":"OneFive.cz - Prodejce Peak Design","description":"Kryty a dr\u017e\u00e1ky pro telefony, cestovn\u00ed a everyday batohy a ta\u0161ky, organiz\u00e9ry a fotop\u0159\u00edslu\u0161enstv\u00ed. Ultim\u00e1tn\u00ed v\u00fdbava pro ty, kte\u0159\u00ed vy\u017eaduj\u00ed to nejlep\u0161\u00ed.","potentialAction":[{"@type":"SearchAction","target":{"@type":"EntryPoint","urlTemplate":"https:\/\/www.onefive.cz\/peakdesign\/?s={search_term_string}"},"query-input":{"@type":"PropertyValueSpecification","valueRequired":true,"valueName":"search_term_string"}}],"inLanguage":"cs"}]}},"_links":{"self":[{"href":"https:\/\/www.onefive.cz\/peakdesign\/wp-json\/wp\/v2\/pages\/1539","targetHints":{"allow":["GET"]}}],"collection":[{"href":"https:\/\/www.onefive.cz\/peakdesign\/wp-json\/wp\/v2\/pages"}],"about":[{"href":"https:\/\/www.onefive.cz\/peakdesign\/wp-json\/wp\/v2\/types\/page"}],"author":[{"embeddable":true,"href":"https:\/\/www.onefive.cz\/peakdesign\/wp-json\/wp\/v2\/users\/1"}],"replies":[{"embeddable":true,"href":"https:\/\/www.onefive.cz\/peakdesign\/wp-json\/wp\/v2\/comments?post=1539"}],"version-history":[{"count":0,"href":"https:\/\/www.onefive.cz\/peakdesign\/wp-json\/wp\/v2\/pages\/1539\/revisions"}],"wp:attachment":[{"href":"https:\/\/www.onefive.cz\/peakdesign\/wp-json\/wp\/v2\/media?parent=1539"}],"curies":[{"name":"wp","href":"https:\/\/api.w.org\/{rel}","templated":true}]}}