{"id":1550,"date":"2015-12-26T20:18:53","date_gmt":"2015-12-26T20:18:53","guid":{"rendered":"http:\/\/onefive.cz\/?page_id=1550"},"modified":"2017-04-11T22:06:02","modified_gmt":"2017-04-11T22:06:02","slug":"everyday-messenger-tipy-vlastnosti-a-funkce","status":"publish","type":"page","link":"https:\/\/www.onefive.cz\/peakdesign\/everyday-messenger-tipy-vlastnosti-a-funkce\/","title":{"rendered":"Everyday Messenger - tipy, vlastnosti a funkce"},"content":{"rendered":"<p>Everyday Messenger je promy\u0161len\u00e1 do posledn\u00edho detailu. Abyste z n\u00ed dostali opravdu maximum, uk\u00e1\u017ee v\u00e1m Peak Design \u0161\u00e9fdesigner Art Vigor v\u0161e v n\u00e1sleduj\u00edc\u00edm videu:<\/p>\n<p><iframe loading=\"lazy\" width=\"950\" height=\"534\" src=\"https:\/\/www.youtube.com\/embed\/lmtjqnxxLbo\" frameborder=\"0\" allowfullscreen><\/iframe><\/p>\n<h4>Jednotliv\u00e9 kapitoly:<\/h4>\n<p>Nechce se v\u00e1m sledovat cel\u00e9 20 minutov\u00e9 video? Zde jsou d\u016fle\u017eit\u00e9 \u010dasov\u00e9 zna\u010dky, podle kter\u00fdch m\u016f\u017eete ve videu sko\u010dit p\u0159\u00edmo na ta m\u00edsta, kter\u00e1 v\u00e1s zaj\u00edmaj\u00ed nejv\u00edce:<\/p>\n<p>Nastaven\u00ed popruhu pro r\u016fzn\u00e9 zp\u016fsoby no\u0161en\u00ed - <a href=\"https:\/\/www.peakdesign.cz\/everyday-messenger-nastaveni-popruhu-a-konfigurace\/\">zvl\u00e1\u0161tn\u00ed video<\/a><br \/>\nAnatomie zvn\u011bj\u0161ku a kl\u00ed\u010dov\u00e9 vlastnosti (<strong>0:21<\/strong>)<br \/>\nZav\u00edrac\u00ed syst\u00e9m MagLatch\u2122 (<strong>1:55<\/strong>)<br \/>\nP\u0159ehled vnit\u0159ku bra\u0161ny (<strong>3:00<\/strong>)<br \/>\nPostrann\u00ed kapsy a vlastnosti (<strong>5:08<\/strong>)<br \/>\nMatearialy, odolnost pro po\u010das\u00ed a p\u00e9\u010de (<strong>6:03<\/strong>)<br \/>\nP\u0159ipevn\u011bn\u00ed dr\u017e\u00e1ku Capture Clip a nastaven\u00ed (<strong>7:19<\/strong>)<br \/>\nNastaven\u00ed p\u0159ep\u00e1\u017eek FlexFold\u2122 (<strong>11:18<\/strong>)<br \/>\nNastaven\u00ed s v\u00fdbavou: Mal\u00fd fotoapar\u00e1t + extra objektiv (<strong>14:12<\/strong>)<br \/>\nNastaven\u00ed s v\u00fdbavou: St\u0159edn\u011b velk\u00fd fotoapar\u00e1t + 2 objektivy (<strong>15:05<\/strong>)<br \/>\nNastaven\u00ed s v\u00fdbavou: Velk\u00fd prostor uprost\u0159ed (<strong>15:54<\/strong>)<br \/>\nNastaven\u00ed s v\u00fdbavou: Polovi\u010dn\u00ed v\u00fd\u0161ka p\u0159ep\u00e1\u017eek a stohov\u00e1n\u00ed v\u00fdbavy (<strong>16:44<\/strong>)<br \/>\nNastaven\u00ed s v\u00fdbavou: Postrann\u00ed mont\u00e1\u017e p\u0159ep\u00e1\u017eek pro blesky, popruhy apod. (<strong>17:17<\/strong>)<br \/>\nNastaven\u00ed s v\u00fdbavou: Extra dlouh\u00e9 objektivy (<strong>17:50<\/strong>)<br \/>\nP\u0159ipevn\u011bn\u00ed stativu (<strong>18:20<\/strong>)<\/p>\n<p style=\"padding=bottom:30px\">\n","protected":false},"excerpt":{"rendered":"<p>Everyday Messenger je promy\u0161len\u00e1 do posledn\u00edho detailu. Abyste z n\u00ed dostali opravdu maximum, uk\u00e1\u017ee v\u00e1m Peak Design \u0161\u00e9fdesigner Art Vigor v\u0161e v n\u00e1sleduj\u00edc\u00edm videu: Jednotliv\u00e9 kapitoly: Nechce se v\u00e1m sledovat cel\u00e9 20 minutov\u00e9 video? Zde jsou d\u016fle\u017eit\u00e9 \u010dasov\u00e9 zna\u010dky, podle kter\u00fdch m\u016f\u017eete ve videu sko\u010dit p\u0159\u00edmo na ta m\u00edsta, kter\u00e1 v\u00e1s zaj\u00edmaj\u00ed nejv\u00edce: Nastaven\u00ed popruhu [&hellip;]<\/p>\n","protected":false},"author":1,"featured_media":0,"parent":0,"menu_order":0,"comment_status":"open","ping_status":"open","template":"","meta":{"footnotes":""},"class_list":["post-1550","page","type-page","status-publish","hentry"],"yoast_head":"<!-- This site is optimized with the Yoast SEO plugin v27.4 - https:\/\/yoast.com\/product\/yoast-seo-wordpress\/ -->\n<title>Everyday Messenger - tipy, vlastnosti a funkce - OneFive.cz - Prodejce Peak Design<\/title>\n<meta name=\"robots\" content=\"index, follow, max-snippet:-1, max-image-preview:large, max-video-preview:-1\" \/>\n<link rel=\"canonical\" href=\"https:\/\/www.onefive.cz\/peakdesign\/everyday-messenger-tipy-vlastnosti-a-funkce\/\" \/>\n<meta property=\"og:locale\" content=\"cs_CZ\" \/>\n<meta property=\"og:type\" content=\"article\" \/>\n<meta property=\"og:title\" content=\"Everyday Messenger - tipy, vlastnosti a funkce - OneFive.cz - Prodejce Peak Design\" \/>\n<meta property=\"og:description\" content=\"Everyday Messenger je promy\u0161len\u00e1 do posledn\u00edho detailu. Abyste z n\u00ed dostali opravdu maximum, uk\u00e1\u017ee v\u00e1m Peak Design \u0161\u00e9fdesigner Art Vigor v\u0161e v n\u00e1sleduj\u00edc\u00edm videu: Jednotliv\u00e9 kapitoly: Nechce se v\u00e1m sledovat cel\u00e9 20 minutov\u00e9 video? Zde jsou d\u016fle\u017eit\u00e9 \u010dasov\u00e9 zna\u010dky, podle kter\u00fdch m\u016f\u017eete ve videu sko\u010dit p\u0159\u00edmo na ta m\u00edsta, kter\u00e1 v\u00e1s zaj\u00edmaj\u00ed nejv\u00edce: Nastaven\u00ed popruhu [&hellip;]\" \/>\n<meta property=\"og:url\" content=\"https:\/\/www.onefive.cz\/peakdesign\/everyday-messenger-tipy-vlastnosti-a-funkce\/\" \/>\n<meta property=\"og:site_name\" content=\"OneFive.cz - Prodejce Peak Design\" \/>\n<meta property=\"article:modified_time\" content=\"2017-04-11T22:06:02+00:00\" \/>\n<meta name=\"twitter:card\" content=\"summary_large_image\" \/>\n<meta name=\"twitter:label1\" content=\"Odhadovan\u00e1 doba \u010dten\u00ed\" \/>\n\t<meta name=\"twitter:data1\" content=\"1 minuta\" \/>\n<script type=\"application\/ld+json\" class=\"yoast-schema-graph\">{\"@context\":\"https:\\\/\\\/schema.org\",\"@graph\":[{\"@type\":\"WebPage\",\"@id\":\"https:\\\/\\\/www.onefive.cz\\\/peakdesign\\\/everyday-messenger-tipy-vlastnosti-a-funkce\\\/\",\"url\":\"https:\\\/\\\/www.onefive.cz\\\/peakdesign\\\/everyday-messenger-tipy-vlastnosti-a-funkce\\\/\",\"name\":\"Everyday Messenger - tipy, vlastnosti a funkce - OneFive.cz - Prodejce Peak Design\",\"isPartOf\":{\"@id\":\"https:\\\/\\\/www.onefive.cz\\\/peakdesign\\\/#website\"},\"datePublished\":\"2015-12-26T20:18:53+00:00\",\"dateModified\":\"2017-04-11T22:06:02+00:00\",\"breadcrumb\":{\"@id\":\"https:\\\/\\\/www.onefive.cz\\\/peakdesign\\\/everyday-messenger-tipy-vlastnosti-a-funkce\\\/#breadcrumb\"},\"inLanguage\":\"cs\",\"potentialAction\":[{\"@type\":\"ReadAction\",\"target\":[\"https:\\\/\\\/www.onefive.cz\\\/peakdesign\\\/everyday-messenger-tipy-vlastnosti-a-funkce\\\/\"]}]},{\"@type\":\"BreadcrumbList\",\"@id\":\"https:\\\/\\\/www.onefive.cz\\\/peakdesign\\\/everyday-messenger-tipy-vlastnosti-a-funkce\\\/#breadcrumb\",\"itemListElement\":[{\"@type\":\"ListItem\",\"position\":1,\"name\":\"Dom\u016f\",\"item\":\"https:\\\/\\\/www.onefive.cz\\\/peakdesign\\\/\"},{\"@type\":\"ListItem\",\"position\":2,\"name\":\"Everyday Messenger - tipy, vlastnosti a funkce\"}]},{\"@type\":\"WebSite\",\"@id\":\"https:\\\/\\\/www.onefive.cz\\\/peakdesign\\\/#website\",\"url\":\"https:\\\/\\\/www.onefive.cz\\\/peakdesign\\\/\",\"name\":\"OneFive.cz - Prodejce Peak Design\",\"description\":\"Kryty a dr\u017e\u00e1ky pro telefony, cestovn\u00ed a everyday batohy a ta\u0161ky, organiz\u00e9ry a fotop\u0159\u00edslu\u0161enstv\u00ed. Ultim\u00e1tn\u00ed v\u00fdbava pro ty, kte\u0159\u00ed vy\u017eaduj\u00ed to nejlep\u0161\u00ed.\",\"potentialAction\":[{\"@type\":\"SearchAction\",\"target\":{\"@type\":\"EntryPoint\",\"urlTemplate\":\"https:\\\/\\\/www.onefive.cz\\\/peakdesign\\\/?s={search_term_string}\"},\"query-input\":{\"@type\":\"PropertyValueSpecification\",\"valueRequired\":true,\"valueName\":\"search_term_string\"}}],\"inLanguage\":\"cs\"}]}<\/script>\n<!-- \/ Yoast SEO plugin. -->","yoast_head_json":{"title":"Everyday Messenger - tipy, vlastnosti a funkce - OneFive.cz - Prodejce Peak Design","robots":{"index":"index","follow":"follow","max-snippet":"max-snippet:-1","max-image-preview":"max-image-preview:large","max-video-preview":"max-video-preview:-1"},"canonical":"https:\/\/www.onefive.cz\/peakdesign\/everyday-messenger-tipy-vlastnosti-a-funkce\/","og_locale":"cs_CZ","og_type":"article","og_title":"Everyday Messenger - tipy, vlastnosti a funkce - OneFive.cz - Prodejce Peak Design","og_description":"Everyday Messenger je promy\u0161len\u00e1 do posledn\u00edho detailu. Abyste z n\u00ed dostali opravdu maximum, uk\u00e1\u017ee v\u00e1m Peak Design \u0161\u00e9fdesigner Art Vigor v\u0161e v n\u00e1sleduj\u00edc\u00edm videu: Jednotliv\u00e9 kapitoly: Nechce se v\u00e1m sledovat cel\u00e9 20 minutov\u00e9 video? Zde jsou d\u016fle\u017eit\u00e9 \u010dasov\u00e9 zna\u010dky, podle kter\u00fdch m\u016f\u017eete ve videu sko\u010dit p\u0159\u00edmo na ta m\u00edsta, kter\u00e1 v\u00e1s zaj\u00edmaj\u00ed nejv\u00edce: Nastaven\u00ed popruhu [&hellip;]","og_url":"https:\/\/www.onefive.cz\/peakdesign\/everyday-messenger-tipy-vlastnosti-a-funkce\/","og_site_name":"OneFive.cz - Prodejce Peak Design","article_modified_time":"2017-04-11T22:06:02+00:00","twitter_card":"summary_large_image","twitter_misc":{"Odhadovan\u00e1 doba \u010dten\u00ed":"1 minuta"},"schema":{"@context":"https:\/\/schema.org","@graph":[{"@type":"WebPage","@id":"https:\/\/www.onefive.cz\/peakdesign\/everyday-messenger-tipy-vlastnosti-a-funkce\/","url":"https:\/\/www.onefive.cz\/peakdesign\/everyday-messenger-tipy-vlastnosti-a-funkce\/","name":"Everyday Messenger - tipy, vlastnosti a funkce - OneFive.cz - Prodejce Peak Design","isPartOf":{"@id":"https:\/\/www.onefive.cz\/peakdesign\/#website"},"datePublished":"2015-12-26T20:18:53+00:00","dateModified":"2017-04-11T22:06:02+00:00","breadcrumb":{"@id":"https:\/\/www.onefive.cz\/peakdesign\/everyday-messenger-tipy-vlastnosti-a-funkce\/#breadcrumb"},"inLanguage":"cs","potentialAction":[{"@type":"ReadAction","target":["https:\/\/www.onefive.cz\/peakdesign\/everyday-messenger-tipy-vlastnosti-a-funkce\/"]}]},{"@type":"BreadcrumbList","@id":"https:\/\/www.onefive.cz\/peakdesign\/everyday-messenger-tipy-vlastnosti-a-funkce\/#breadcrumb","itemListElement":[{"@type":"ListItem","position":1,"name":"Dom\u016f","item":"https:\/\/www.onefive.cz\/peakdesign\/"},{"@type":"ListItem","position":2,"name":"Everyday Messenger - tipy, vlastnosti a funkce"}]},{"@type":"WebSite","@id":"https:\/\/www.onefive.cz\/peakdesign\/#website","url":"https:\/\/www.onefive.cz\/peakdesign\/","name":"OneFive.cz - Prodejce Peak Design","description":"Kryty a dr\u017e\u00e1ky pro telefony, cestovn\u00ed a everyday batohy a ta\u0161ky, organiz\u00e9ry a fotop\u0159\u00edslu\u0161enstv\u00ed. Ultim\u00e1tn\u00ed v\u00fdbava pro ty, kte\u0159\u00ed vy\u017eaduj\u00ed to nejlep\u0161\u00ed.","potentialAction":[{"@type":"SearchAction","target":{"@type":"EntryPoint","urlTemplate":"https:\/\/www.onefive.cz\/peakdesign\/?s={search_term_string}"},"query-input":{"@type":"PropertyValueSpecification","valueRequired":true,"valueName":"search_term_string"}}],"inLanguage":"cs"}]}},"_links":{"self":[{"href":"https:\/\/www.onefive.cz\/peakdesign\/wp-json\/wp\/v2\/pages\/1550","targetHints":{"allow":["GET"]}}],"collection":[{"href":"https:\/\/www.onefive.cz\/peakdesign\/wp-json\/wp\/v2\/pages"}],"about":[{"href":"https:\/\/www.onefive.cz\/peakdesign\/wp-json\/wp\/v2\/types\/page"}],"author":[{"embeddable":true,"href":"https:\/\/www.onefive.cz\/peakdesign\/wp-json\/wp\/v2\/users\/1"}],"replies":[{"embeddable":true,"href":"https:\/\/www.onefive.cz\/peakdesign\/wp-json\/wp\/v2\/comments?post=1550"}],"version-history":[{"count":0,"href":"https:\/\/www.onefive.cz\/peakdesign\/wp-json\/wp\/v2\/pages\/1550\/revisions"}],"wp:attachment":[{"href":"https:\/\/www.onefive.cz\/peakdesign\/wp-json\/wp\/v2\/media?parent=1550"}],"curies":[{"name":"wp","href":"https:\/\/api.w.org\/{rel}","templated":true}]}}