{"id":1624,"date":"2016-01-31T17:25:40","date_gmt":"2016-01-31T17:25:40","guid":{"rendered":"http:\/\/onefive.cz\/?page_id=1624"},"modified":"2017-09-05T16:36:24","modified_gmt":"2017-09-05T14:36:24","slug":"field-pouch-tipy-vlastnosti-a-funkce","status":"publish","type":"page","link":"https:\/\/www.onefive.cz\/peakdesign\/field-pouch-tipy-vlastnosti-a-funkce\/","title":{"rendered":"Field Pouch - tipy, vlastnosti a funkce"},"content":{"rendered":"<h4 class=\"top_header\">Field Pouch - tipy, vlastnosti a funkce<\/h4>\n<p><a href=\"https:\/\/www.onefive.cz\/peakdesign\/produkt\/field-pouch\/\">Field Pouch<\/a> je promy\u0161len\u00fd do posledn\u00edho detailu. Abyste z n\u00ed dostali opravdu maximum, uk\u00e1\u017ee v\u00e1m Peak Design \u0161\u00e9fdesigner Art Vigor v\u0161e v n\u00e1sleduj\u00edc\u00edm videu:<\/p>\n<div style=\"position:relative;\n\tpadding-bottom:53.25%;\n\tpadding-top:30px;\n\theight:0;\n\toverflow:hidden;\"><br \/>\n<iframe style=\"position:absolute;\n\ttop:0;\n\tleft:0;\n\twidth:100%;\n\theight:100%;\" src=\"https:\/\/www.youtube.com\/embed\/B2rVYkHaLI0?rel=0\" frameborder=\"0\" allowfullscreen><br \/>\n<\/iframe>\n<\/div>\n<h4 style=\"padding-top:20px\">Jednotliv\u00e9 kapitoly:<\/h4>\n<p>Nechce se v\u00e1m sledovat cel\u00e9 video? Zde jsou d\u016fle\u017eit\u00e9 \u010dasov\u00e9 zna\u010dky, podle kter\u00fdch m\u016f\u017eete ve videu sko\u010dit p\u0159\u00edmo na ta m\u00edsta, kter\u00e1 v\u00e1s zaj\u00edmaj\u00ed nejv\u00edce:<\/p>\n<p>Jak lze Field Pouch um\u00edstit v bra\u0161n\u011b Everyday Messenger (<strong>0:15<\/strong>)<br \/>\nRoz\u0161i\u0159itelnost a kapacita (<strong>0:52<\/strong>)<br \/>\nUspo\u0159\u00e1d\u00e1n\u00ed vnit\u0159n\u00ed kapsy (<strong>1:30<\/strong>)<br \/>\nPou\u017eit\u00ed jako kapsa pro objektivy (<strong>1:57<\/strong>)<br \/>\nP\u0159ehled r\u016fzn\u00fdch zp\u016fsob\u016f no\u0161en\u00ed Field Pouch (<strong>2:56<\/strong>)<br \/>\nP\u0159ipevn\u011bn\u00ed dr\u017e\u00e1ku Capture clip (<strong>3:19<\/strong>)<br \/>\nNo\u0161en\u00ed na opasku (<strong>3:53<\/strong>)<br \/>\nNo\u0161en\u00ed na Peak Design popruhu (<strong>4:42<\/strong>)<\/p>\n<p style=\"padding=bottom:30px\">\n","protected":false},"excerpt":{"rendered":"<p>Field Pouch - tipy, vlastnosti a funkce Field Pouch je promy\u0161len\u00fd do posledn\u00edho detailu. Abyste z n\u00ed dostali opravdu maximum, uk\u00e1\u017ee v\u00e1m Peak Design \u0161\u00e9fdesigner Art Vigor v\u0161e v n\u00e1sleduj\u00edc\u00edm videu: Jednotliv\u00e9 kapitoly: Nechce se v\u00e1m sledovat cel\u00e9 video? Zde jsou d\u016fle\u017eit\u00e9 \u010dasov\u00e9 zna\u010dky, podle kter\u00fdch m\u016f\u017eete ve videu sko\u010dit p\u0159\u00edmo na ta m\u00edsta, kter\u00e1 [&hellip;]<\/p>\n","protected":false},"author":1,"featured_media":2713,"parent":0,"menu_order":0,"comment_status":"open","ping_status":"open","template":"","meta":{"footnotes":""},"class_list":["post-1624","page","type-page","status-publish","has-post-thumbnail","hentry"],"yoast_head":"<!-- This site is optimized with the Yoast SEO plugin v27.4 - https:\/\/yoast.com\/product\/yoast-seo-wordpress\/ -->\n<title>Field Pouch - tipy, vlastnosti a funkce - OneFive.cz - Prodejce Peak Design<\/title>\n<meta name=\"robots\" content=\"index, follow, max-snippet:-1, max-image-preview:large, max-video-preview:-1\" \/>\n<link rel=\"canonical\" href=\"https:\/\/www.onefive.cz\/peakdesign\/field-pouch-tipy-vlastnosti-a-funkce\/\" \/>\n<meta property=\"og:locale\" content=\"cs_CZ\" \/>\n<meta property=\"og:type\" content=\"article\" \/>\n<meta property=\"og:title\" content=\"Field Pouch - tipy, vlastnosti a funkce - OneFive.cz - Prodejce Peak Design\" \/>\n<meta property=\"og:description\" content=\"Field Pouch - tipy, vlastnosti a funkce Field Pouch je promy\u0161len\u00fd do posledn\u00edho detailu. Abyste z n\u00ed dostali opravdu maximum, uk\u00e1\u017ee v\u00e1m Peak Design \u0161\u00e9fdesigner Art Vigor v\u0161e v n\u00e1sleduj\u00edc\u00edm videu: Jednotliv\u00e9 kapitoly: Nechce se v\u00e1m sledovat cel\u00e9 video? Zde jsou d\u016fle\u017eit\u00e9 \u010dasov\u00e9 zna\u010dky, podle kter\u00fdch m\u016f\u017eete ve videu sko\u010dit p\u0159\u00edmo na ta m\u00edsta, kter\u00e1 [&hellip;]\" \/>\n<meta property=\"og:url\" content=\"https:\/\/www.onefive.cz\/peakdesign\/field-pouch-tipy-vlastnosti-a-funkce\/\" \/>\n<meta property=\"og:site_name\" content=\"OneFive.cz - Prodejce Peak Design\" \/>\n<meta property=\"article:modified_time\" content=\"2017-09-05T14:36:24+00:00\" \/>\n<meta property=\"og:image\" content=\"https:\/\/i0.wp.com\/www.onefive.cz\/peakdesign\/wp-content\/uploads\/2016\/01\/field-pouch-tips.jpg?fit=1912%2C1078&ssl=1\" \/>\n\t<meta property=\"og:image:width\" content=\"1912\" \/>\n\t<meta property=\"og:image:height\" content=\"1078\" \/>\n\t<meta property=\"og:image:type\" content=\"image\/jpeg\" \/>\n<meta name=\"twitter:card\" content=\"summary_large_image\" \/>\n<meta name=\"twitter:label1\" content=\"Odhadovan\u00e1 doba \u010dten\u00ed\" \/>\n\t<meta name=\"twitter:data1\" content=\"1 minuta\" \/>\n<script type=\"application\/ld+json\" class=\"yoast-schema-graph\">{\"@context\":\"https:\\\/\\\/schema.org\",\"@graph\":[{\"@type\":\"WebPage\",\"@id\":\"https:\\\/\\\/www.onefive.cz\\\/peakdesign\\\/field-pouch-tipy-vlastnosti-a-funkce\\\/\",\"url\":\"https:\\\/\\\/www.onefive.cz\\\/peakdesign\\\/field-pouch-tipy-vlastnosti-a-funkce\\\/\",\"name\":\"Field Pouch - tipy, vlastnosti a funkce - OneFive.cz - Prodejce Peak Design\",\"isPartOf\":{\"@id\":\"https:\\\/\\\/www.onefive.cz\\\/peakdesign\\\/#website\"},\"primaryImageOfPage\":{\"@id\":\"https:\\\/\\\/www.onefive.cz\\\/peakdesign\\\/field-pouch-tipy-vlastnosti-a-funkce\\\/#primaryimage\"},\"image\":{\"@id\":\"https:\\\/\\\/www.onefive.cz\\\/peakdesign\\\/field-pouch-tipy-vlastnosti-a-funkce\\\/#primaryimage\"},\"thumbnailUrl\":\"https:\\\/\\\/www.onefive.cz\\\/peakdesign\\\/wp-content\\\/uploads\\\/2016\\\/01\\\/field-pouch-tips.jpg\",\"datePublished\":\"2016-01-31T17:25:40+00:00\",\"dateModified\":\"2017-09-05T14:36:24+00:00\",\"breadcrumb\":{\"@id\":\"https:\\\/\\\/www.onefive.cz\\\/peakdesign\\\/field-pouch-tipy-vlastnosti-a-funkce\\\/#breadcrumb\"},\"inLanguage\":\"cs\",\"potentialAction\":[{\"@type\":\"ReadAction\",\"target\":[\"https:\\\/\\\/www.onefive.cz\\\/peakdesign\\\/field-pouch-tipy-vlastnosti-a-funkce\\\/\"]}]},{\"@type\":\"ImageObject\",\"inLanguage\":\"cs\",\"@id\":\"https:\\\/\\\/www.onefive.cz\\\/peakdesign\\\/field-pouch-tipy-vlastnosti-a-funkce\\\/#primaryimage\",\"url\":\"https:\\\/\\\/www.onefive.cz\\\/peakdesign\\\/wp-content\\\/uploads\\\/2016\\\/01\\\/field-pouch-tips.jpg\",\"contentUrl\":\"https:\\\/\\\/www.onefive.cz\\\/peakdesign\\\/wp-content\\\/uploads\\\/2016\\\/01\\\/field-pouch-tips.jpg\",\"width\":1912,\"height\":1078},{\"@type\":\"BreadcrumbList\",\"@id\":\"https:\\\/\\\/www.onefive.cz\\\/peakdesign\\\/field-pouch-tipy-vlastnosti-a-funkce\\\/#breadcrumb\",\"itemListElement\":[{\"@type\":\"ListItem\",\"position\":1,\"name\":\"Dom\u016f\",\"item\":\"https:\\\/\\\/www.onefive.cz\\\/peakdesign\\\/\"},{\"@type\":\"ListItem\",\"position\":2,\"name\":\"Field Pouch - tipy, vlastnosti a funkce\"}]},{\"@type\":\"WebSite\",\"@id\":\"https:\\\/\\\/www.onefive.cz\\\/peakdesign\\\/#website\",\"url\":\"https:\\\/\\\/www.onefive.cz\\\/peakdesign\\\/\",\"name\":\"OneFive.cz - Prodejce Peak Design\",\"description\":\"Kryty a dr\u017e\u00e1ky pro telefony, cestovn\u00ed a everyday batohy a ta\u0161ky, organiz\u00e9ry a fotop\u0159\u00edslu\u0161enstv\u00ed. Ultim\u00e1tn\u00ed v\u00fdbava pro ty, kte\u0159\u00ed vy\u017eaduj\u00ed to nejlep\u0161\u00ed.\",\"potentialAction\":[{\"@type\":\"SearchAction\",\"target\":{\"@type\":\"EntryPoint\",\"urlTemplate\":\"https:\\\/\\\/www.onefive.cz\\\/peakdesign\\\/?s={search_term_string}\"},\"query-input\":{\"@type\":\"PropertyValueSpecification\",\"valueRequired\":true,\"valueName\":\"search_term_string\"}}],\"inLanguage\":\"cs\"}]}<\/script>\n<!-- \/ Yoast SEO plugin. -->","yoast_head_json":{"title":"Field Pouch - tipy, vlastnosti a funkce - OneFive.cz - Prodejce Peak Design","robots":{"index":"index","follow":"follow","max-snippet":"max-snippet:-1","max-image-preview":"max-image-preview:large","max-video-preview":"max-video-preview:-1"},"canonical":"https:\/\/www.onefive.cz\/peakdesign\/field-pouch-tipy-vlastnosti-a-funkce\/","og_locale":"cs_CZ","og_type":"article","og_title":"Field Pouch - tipy, vlastnosti a funkce - OneFive.cz - Prodejce Peak Design","og_description":"Field Pouch - tipy, vlastnosti a funkce Field Pouch je promy\u0161len\u00fd do posledn\u00edho detailu. Abyste z n\u00ed dostali opravdu maximum, uk\u00e1\u017ee v\u00e1m Peak Design \u0161\u00e9fdesigner Art Vigor v\u0161e v n\u00e1sleduj\u00edc\u00edm videu: Jednotliv\u00e9 kapitoly: Nechce se v\u00e1m sledovat cel\u00e9 video? Zde jsou d\u016fle\u017eit\u00e9 \u010dasov\u00e9 zna\u010dky, podle kter\u00fdch m\u016f\u017eete ve videu sko\u010dit p\u0159\u00edmo na ta m\u00edsta, kter\u00e1 [&hellip;]","og_url":"https:\/\/www.onefive.cz\/peakdesign\/field-pouch-tipy-vlastnosti-a-funkce\/","og_site_name":"OneFive.cz - Prodejce Peak Design","article_modified_time":"2017-09-05T14:36:24+00:00","og_image":[{"width":1912,"height":1078,"url":"https:\/\/i0.wp.com\/www.onefive.cz\/peakdesign\/wp-content\/uploads\/2016\/01\/field-pouch-tips.jpg?fit=1912%2C1078&ssl=1","type":"image\/jpeg"}],"twitter_card":"summary_large_image","twitter_misc":{"Odhadovan\u00e1 doba \u010dten\u00ed":"1 minuta"},"schema":{"@context":"https:\/\/schema.org","@graph":[{"@type":"WebPage","@id":"https:\/\/www.onefive.cz\/peakdesign\/field-pouch-tipy-vlastnosti-a-funkce\/","url":"https:\/\/www.onefive.cz\/peakdesign\/field-pouch-tipy-vlastnosti-a-funkce\/","name":"Field Pouch - tipy, vlastnosti a funkce - OneFive.cz - Prodejce Peak Design","isPartOf":{"@id":"https:\/\/www.onefive.cz\/peakdesign\/#website"},"primaryImageOfPage":{"@id":"https:\/\/www.onefive.cz\/peakdesign\/field-pouch-tipy-vlastnosti-a-funkce\/#primaryimage"},"image":{"@id":"https:\/\/www.onefive.cz\/peakdesign\/field-pouch-tipy-vlastnosti-a-funkce\/#primaryimage"},"thumbnailUrl":"https:\/\/www.onefive.cz\/peakdesign\/wp-content\/uploads\/2016\/01\/field-pouch-tips.jpg","datePublished":"2016-01-31T17:25:40+00:00","dateModified":"2017-09-05T14:36:24+00:00","breadcrumb":{"@id":"https:\/\/www.onefive.cz\/peakdesign\/field-pouch-tipy-vlastnosti-a-funkce\/#breadcrumb"},"inLanguage":"cs","potentialAction":[{"@type":"ReadAction","target":["https:\/\/www.onefive.cz\/peakdesign\/field-pouch-tipy-vlastnosti-a-funkce\/"]}]},{"@type":"ImageObject","inLanguage":"cs","@id":"https:\/\/www.onefive.cz\/peakdesign\/field-pouch-tipy-vlastnosti-a-funkce\/#primaryimage","url":"https:\/\/www.onefive.cz\/peakdesign\/wp-content\/uploads\/2016\/01\/field-pouch-tips.jpg","contentUrl":"https:\/\/www.onefive.cz\/peakdesign\/wp-content\/uploads\/2016\/01\/field-pouch-tips.jpg","width":1912,"height":1078},{"@type":"BreadcrumbList","@id":"https:\/\/www.onefive.cz\/peakdesign\/field-pouch-tipy-vlastnosti-a-funkce\/#breadcrumb","itemListElement":[{"@type":"ListItem","position":1,"name":"Dom\u016f","item":"https:\/\/www.onefive.cz\/peakdesign\/"},{"@type":"ListItem","position":2,"name":"Field Pouch - tipy, vlastnosti a funkce"}]},{"@type":"WebSite","@id":"https:\/\/www.onefive.cz\/peakdesign\/#website","url":"https:\/\/www.onefive.cz\/peakdesign\/","name":"OneFive.cz - Prodejce Peak Design","description":"Kryty a dr\u017e\u00e1ky pro telefony, cestovn\u00ed a everyday batohy a ta\u0161ky, organiz\u00e9ry a fotop\u0159\u00edslu\u0161enstv\u00ed. Ultim\u00e1tn\u00ed v\u00fdbava pro ty, kte\u0159\u00ed vy\u017eaduj\u00ed to nejlep\u0161\u00ed.","potentialAction":[{"@type":"SearchAction","target":{"@type":"EntryPoint","urlTemplate":"https:\/\/www.onefive.cz\/peakdesign\/?s={search_term_string}"},"query-input":{"@type":"PropertyValueSpecification","valueRequired":true,"valueName":"search_term_string"}}],"inLanguage":"cs"}]}},"_links":{"self":[{"href":"https:\/\/www.onefive.cz\/peakdesign\/wp-json\/wp\/v2\/pages\/1624","targetHints":{"allow":["GET"]}}],"collection":[{"href":"https:\/\/www.onefive.cz\/peakdesign\/wp-json\/wp\/v2\/pages"}],"about":[{"href":"https:\/\/www.onefive.cz\/peakdesign\/wp-json\/wp\/v2\/types\/page"}],"author":[{"embeddable":true,"href":"https:\/\/www.onefive.cz\/peakdesign\/wp-json\/wp\/v2\/users\/1"}],"replies":[{"embeddable":true,"href":"https:\/\/www.onefive.cz\/peakdesign\/wp-json\/wp\/v2\/comments?post=1624"}],"version-history":[{"count":0,"href":"https:\/\/www.onefive.cz\/peakdesign\/wp-json\/wp\/v2\/pages\/1624\/revisions"}],"wp:featuredmedia":[{"embeddable":true,"href":"https:\/\/www.onefive.cz\/peakdesign\/wp-json\/wp\/v2\/media\/2713"}],"wp:attachment":[{"href":"https:\/\/www.onefive.cz\/peakdesign\/wp-json\/wp\/v2\/media?parent=1624"}],"curies":[{"name":"wp","href":"https:\/\/api.w.org\/{rel}","templated":true}]}}