{"id":2417,"date":"2017-07-17T12:34:22","date_gmt":"2017-07-17T12:34:22","guid":{"rendered":"https:\/\/www.peak-design.cz\/?page_id=2417"},"modified":"2017-07-17T12:34:22","modified_gmt":"2017-07-17T12:34:22","slug":"ochrana-osobnich-udaju","status":"publish","type":"page","link":"https:\/\/www.onefive.cz\/peakdesign\/ochrana-osobnich-udaju\/","title":{"rendered":"Ochrana osobn\u00edch \u00fadaj\u016f"},"content":{"rendered":"<h4>Ochrana osobn\u00edch \u00fadaj\u016f<\/h4>\n<p>1. PROHL\u00c1\u0160EN\u00cd O OCHRAN\u011a OSOBN\u00cdCH \u00daDAJ\u016e<\/p>\n<p>Spole\u010dnost Bicyclecafe se zavazuje vyu\u017e\u00edvat informace v\u00e1mi poskytnut\u00e9 na t\u00e9to webov\u00e9 str\u00e1nce v souladu s t\u00edmto Prohl\u00e1\u0161en\u00edm o ochran\u011b osobn\u00edch \u00fadaj\u016f. Spole\u010dnost Bicyclecafe shroma\u017e\u010fuje osobn\u00ed \u00fadaje prost\u0159ednictv\u00edm dobrovoln\u011b poskytnut\u00fdch dat v p\u0159\u00edpadech, jako jsou nap\u0159\u00edklad registrace v\u00fdrobk\u016f (online), asistence na\u0161ich telefonn\u00edch center a opravy po\u0161kozen\u00fdch v\u00fdrobk\u016f. Spole\u010dnost Bicyclecafe pou\u017eije z\u00edskan\u00e9 \u00fadaje pro poskytnut\u00ed po\u017eadovan\u00e9 slu\u017eby (nap\u0159\u00edklad oprava po\u0161kozen\u00e9ho v\u00fdrobku) nebo pro poskytnut\u00ed v\u00e1mi po\u017eadovan\u00fdch informac\u00ed o v\u00fdrobc\u00edch a slu\u017eb\u00e1ch. To m\u016f\u017ee vy\u017eadovat kontaktov\u00e1n\u00ed va\u0161\u00ed osoby prost\u0159ednictv\u00edm e-mailu, telefonu, zpr\u00e1vy SMS nebo dopisu. V p\u0159\u00edpad\u011b propaga\u010dn\u00edch nab\u00eddek mohou tyto \u00fadaje zahrnovat ov\u011b\u0159en\u00ed va\u0161eho opr\u00e1vn\u011bn\u00ed k vyu\u017eit\u00ed nab\u00eddky nebo upozorn\u011bn\u00ed t\u00fdkaj\u00edc\u00ed se administrativn\u00edch z\u00e1le\u017eitost\u00ed. Spole\u010dnost Bicyclecafe m\u016f\u017ee p\u0159en\u00e9st osobn\u00ed \u00fadaje p\u0159idru\u017een\u00fdm spole\u010dnostem a\/nebo t\u0159et\u00edm stran\u00e1m, kter\u00e9 jsou zapojeny spole\u010dnost\u00ed Bicyclecafe do poskytov\u00e1n\u00ed definovan\u00fdch slu\u017eeb, jako jsou nap\u0159\u00edklad opravy v\u00fdrobk\u016f. Ve\u0161ker\u00e9 \u00fadaje p\u0159enesen\u00e9 za t\u011bchto podm\u00ednek budou pou\u017eity striktn\u011b v souladu s \u00fa\u010delem, pro kter\u00fd byly shrom\u00e1\u017ed\u011bny, a nebudou poskytnuty k \u017e\u00e1dn\u00e9mu jin\u00e9mu \u00fa\u010delu mimo definice tohoto Prohl\u00e1\u0161en\u00ed o ochran\u011b osobn\u00edch \u00fadaj\u016f.<\/p>\n<p>2. TRVAL\u00c1 INFORMOVANOST<br \/>\nZas\u00edl\u00e1n\u00ed informac\u00ed o nab\u00eddk\u00e1ch, slu\u017eb\u00e1ch a v\u00fdrobc\u00edch. Pokud jste uvedli, \u017ee si p\u0159ejete doru\u010dovat takov\u00e9to informace, spole\u010dnost Bicyclecafe, n\u011bkter\u00e1 z na\u0161ich p\u0159idru\u017een\u00fdch spole\u010dnost\u00ed nebo t\u0159et\u00ed strana najat\u00e1 spole\u010dnost\u00ed Bicyclecafe v\u00e1s m\u016f\u017ee kontaktovat pomoc\u00ed e-mailu nebo jinak (po\u0161tou nebo telefonicky, pokud m\u00e1me tyto \u00fadaje k dispozici) z d\u016fvodu poskytnut\u00ed informac\u00ed o slu\u017eb\u00e1ch, v\u00fdrobc\u00edch, sout\u011b\u017e\u00edch a nab\u00eddk\u00e1ch vztahuj\u00edc\u00edch se p\u0159\u00edmo ke spole\u010dnosti Bicyclecafe, k jej\u00edm v\u00fdrobk\u016fm pro pr\u00e1ci s obrazem a souvisej\u00edc\u00edm slu\u017eb\u00e1m. Budete-li si v libovoln\u00e9m okam\u017eiku p\u0159\u00e1t ukon\u010dit doru\u010dov\u00e1n\u00ed takov\u00fdchto informac\u00ed, m\u016f\u017eete sv\u016fj po\u017eadavek vzn\u00e9st kontaktov\u00e1n\u00edm spole\u010dnosti Bicyclecafe prost\u0159ednictv\u00edm na\u0161eho emailu info@peakdesign.cz.<\/p>\n<p>3. SOUBORY COOKIE A MONITOROV\u00c1N\u00cd<br \/>\nSpole\u010dnost Bicyclecafe m\u016f\u017ee shroma\u017e\u010fovat informace o va\u0161em vyu\u017e\u00edv\u00e1n\u00ed webov\u00fdch str\u00e1nek prost\u0159ednictv\u00edm soubor\u016f cookie.<br \/>\nCo je to cookie?<br \/>\nSoubory cookie jsou informace ukl\u00e1dan\u00e9 na pevn\u00e9m disku va\u0161eho po\u010d\u00edta\u010de nebo na va\u0161em mobiln\u00edm za\u0159\u00edzen\u00ed va\u0161\u00edm webov\u00fdm prohl\u00ed\u017ee\u010dem. Vr\u00e1t\u00edte-li se na na\u0161\u00ed webovou str\u00e1nku, n\u00e1\u0161 server automaticky rozpozn\u00e1 soubor cookie a poskytne n\u00e1m informace o va\u0161\u00ed posledn\u00ed n\u00e1v\u0161t\u011bv\u011b.<br \/>\nSoubory cookie pou\u017e\u00edv\u00e1me pro zlep\u0161en\u00ed online z\u00e1\u017eitk\u016f na\u0161ich n\u00e1v\u0161t\u011bvn\u00edk\u016f a lep\u0161\u00ed porozum\u011bn\u00ed vyu\u017e\u00edv\u00e1n\u00ed na\u0161\u00ed webov\u00e9 str\u00e1nky. Soubory cookie n\u00e1m nap\u0159\u00edklad mohou \u0159\u00edci, jestli jste ji\u017e d\u0159\u00edve nav\u0161t\u00edvili na\u0161\u00ed webovou str\u00e1nku nebo jestli jste nov\u00fdmi n\u00e1v\u0161t\u011bvn\u00edky. Tyto soubory si rovn\u011b\u017e mohou zapamatovat v\u00e1mi up\u0159ednost\u0148ovan\u00e9 v\u00fdrobky a pomohou zajistit, aby v\u00e1m zobrazovan\u00e9 online reklamy l\u00e9pe vyhovovaly v\u00e1m a va\u0161im z\u00e1jm\u016fm. Spole\u010dnost Bicyclecafe m\u016f\u017ee rovn\u011b\u017e prov\u00e1d\u011bt monitoring slou\u017e\u00edc\u00ed k posouzen\u00ed obl\u00edbenosti r\u016fzn\u00fdch \u010d\u00e1st\u00ed webov\u00e9 str\u00e1nky a k vylep\u0161en\u00ed navigace na webov\u00e9 str\u00e1nce. Tyto informace nicm\u00e9n\u011b nebudou propojov\u00e1ny s va\u0161imi osobn\u00edmi \u00fadaji.<br \/>\nTypy soubor\u016f cookie<br \/>\nExistuj\u00ed dv\u011b \u0161irok\u00e9 kategorie soubor\u016f cookie:<br \/>\nVlastn\u00ed soubory, kter\u00e9 jsou ukl\u00e1d\u00e1ny p\u0159\u00edmo spole\u010dnost\u00ed Bicyclecafe do va\u0161eho po\u010d\u00edta\u010de nebo mobiln\u00edho za\u0159\u00edzen\u00ed. Pou\u017e\u00edv\u00e1 je pouze spole\u010dnost Bicyclecafe za \u00fa\u010delem rozpozn\u00e1n\u00ed va\u0161eho po\u010d\u00edta\u010de nebo mobiln\u00edho za\u0159\u00edzen\u00ed po n\u00e1vratu na na\u0161e webov\u00e9 str\u00e1nky.<br \/>\nCiz\u00ed soubory cookie jsou pod\u00e1v\u00e1ny poskytovateli slu\u017eeb na na\u0161ich webov\u00fdch str\u00e1nk\u00e1ch. Tito poskytovatel\u00e9 slu\u017eeb je mohou pou\u017e\u00edvat k rozpozn\u00e1n\u00ed va\u0161eho po\u010d\u00edta\u010de nebo mobiln\u00edho za\u0159\u00edzen\u00ed p\u0159i n\u00e1v\u0161t\u011bv\u011b jin\u00fdch webov\u00fdch str\u00e1nek. Ciz\u00ed soubory cookie jsou nej\u010dast\u011bji pou\u017e\u00edv\u00e1ny pro \u00fa\u010dely anal\u00fdzy nebo reklamy.<br \/>\nSoubory cookie mohou na va\u0161em po\u010d\u00edta\u010di nebo mobiln\u00edm za\u0159\u00edzen\u00ed existovat r\u016fzn\u011b dlouho. N\u011bkter\u00e9 soubory cookie jsou \u201ecookie relace\u201c. To znamen\u00e1, \u017ee existuj\u00ed jen po dobu spu\u0161t\u011bn\u00ed prohl\u00ed\u017ee\u010de. Po zav\u0159en\u00ed prohl\u00ed\u017ee\u010de se automaticky odstran\u00ed. N\u011bkter\u00e9 soubory cookie jsou \u201etrval\u00e9 cookie\u201c. Zachovaj\u00ed se i po zav\u0159en\u00ed prohl\u00ed\u017ee\u010de. Mohou b\u00fdt pou\u017e\u00edv\u00e1ny webov\u00fdmi str\u00e1nkami spole\u010dnosti Bicyclecafe za \u00fa\u010delem rozpozn\u00e1n\u00ed va\u0161eho po\u010d\u00edta\u010de nebo mobiln\u00edho za\u0159\u00edzen\u00ed pot\u00e9, co prohl\u00ed\u017ee\u010d znovu otev\u0159ete.<br \/>\nKter\u00e9 soubory cookie pou\u017e\u00edv\u00e1me?<br \/>\nNa\u0161e webov\u00e9 str\u00e1nky pou\u017e\u00edvaj\u00ed n\u00e1sleduj\u00edc\u00ed typy soubor\u016f cookie:<br \/>\n- Typ soubor\u016f cookie: Soubory cookie nezbytn\u00e9 pro z\u00e1kladn\u00ed \u00fa\u010dely<br \/>\n  \u00da\u010del: Tyto soubory cookie jsou nezbytn\u00e9 k poskytov\u00e1n\u00ed slu\u017eeb na na\u0161ich webov\u00fdch str\u00e1nk\u00e1ch a k pou\u017e\u00edv\u00e1n\u00ed n\u011bkter\u00fdch funkc\u00ed. Umo\u017e\u0148uj\u00ed na\u0161im str\u00e1nk\u00e1m pamatovat si va\u0161e volby, nap\u0159\u00edklad ozna\u010den\u00ed p\u0159\u00edsp\u011bvku hv\u011bzdi\u010dkou. Nemohou sledovat va\u0161i aktivitu p\u0159i proch\u00e1zen\u00ed jin\u00fdch webov\u00fdch str\u00e1nek.<br \/>\n- Typ soubor\u016f cookie: Analytick\u00e9 soubory cookie<br \/>\n  \u00da\u010del: Tyto soubory cookie slou\u017e\u00ed ke shroma\u017e\u010fov\u00e1n\u00ed informac\u00ed o tom, jak na\u0161i n\u00e1v\u0161t\u011bvn\u00edci vyu\u017e\u00edvaj\u00ed na\u0161e webov\u00e9 str\u00e1nky. Shrom\u00e1\u017ed\u011bn\u00e9 informace nelze pou\u017e\u00edt k identifikaci individu\u00e1ln\u00edch n\u00e1v\u0161t\u011bvn\u00edk\u016f. Tyto informace jsou agregov\u00e1ny. Zahrnuj\u00ed po\u010det n\u00e1v\u0161t\u011bvn\u00edk\u016f na na\u0161ich webov\u00fdch str\u00e1nk\u00e1ch, webov\u00e9 str\u00e1nky, ze kter\u00fdch na na\u0161e str\u00e1nky p\u0159e\u0161li, a nav\u0161t\u00edven\u00e9 str\u00e1nky na na\u0161em webu. Tyto informace pou\u017e\u00edv\u00e1me k efektivn\u011bj\u0161\u00edmu provozov\u00e1n\u00ed na\u0161ich webov\u00fdch str\u00e1nek, ke shroma\u017e\u010fov\u00e1n\u00ed obecn\u00fdch demografick\u00fdch informac\u00ed a k monitorov\u00e1n\u00ed \u00farovn\u011b aktivity na na\u0161ich webov\u00fdch str\u00e1nk\u00e1ch.<br \/>\n- Typ soubor\u016f cookie: V\u00fdkonnostn\u00ed cookie<br \/>\n  \u00da\u010del: Tyto soubory cookie slou\u017e\u00ed ke shroma\u017e\u010fov\u00e1n\u00ed informac\u00ed o tom, jak na\u0161i n\u00e1v\u0161t\u011bvn\u00edci vyu\u017e\u00edvaj\u00ed na\u0161e webov\u00e9 str\u00e1nky. To pom\u00e1h\u00e1 p\u0159i prov\u00e1d\u011bn\u00ed anal\u00fdzy n\u00e1v\u0161t\u011bvnosti a porozum\u011bn\u00ed tomu, jak\u00fdm zp\u016fsobem n\u00e1v\u0161t\u011bvn\u00edci na\u0161e str\u00e1nky pou\u017e\u00edvaj\u00ed. Pro tento \u00fa\u010del pou\u017e\u00edv\u00e1me slu\u017ebu Google Analytics. Google Analytics pou\u017e\u00edv\u00e1 vlastn\u00ed soubory cookie. Tyto soubory neshroma\u017e\u010fuj\u00ed informace, kter\u00e9 by bylo mo\u017en\u00e9 pou\u017e\u00edt k identifikaci individu\u00e1ln\u00edch n\u00e1v\u0161t\u011bvn\u00edk\u016f. V\u0161echny informace shrom\u00e1\u017ed\u011bn\u00e9 t\u011bmito soubory cookies jsou agregov\u00e1ny a tedy anonymn\u00ed. Slou\u017e\u00ed pouze ke zlep\u0161en\u00ed fungov\u00e1n\u00ed str\u00e1nek. Dal\u0161\u00ed informace o souborech cookie slu\u017eby Google Analytics naleznete zde: https:\/\/developers.google.com\/analytics\/resources\/concepts\/gaConceptsCookies. Pokud chcete, aby slu\u017eba Google Analytics nesledovala va\u0161e pou\u017e\u00edv\u00e1n\u00ed na\u0161ich str\u00e1nek, st\u00e1hn\u011bte a nainstalujte si do prohl\u00ed\u017ee\u010de plugin, kter\u00fd je k dispozici zde: https:\/\/tools.google.com\/dlpage\/gaoptout?hl=<br \/>\n- Typ soubor\u016f cookie: Cookie soci\u00e1ln\u00edch m\u00e9di\u00ed<br \/>\n  \u00da\u010del: Tyto soubory cookie se pou\u017e\u00edvaj\u00ed p\u0159i sd\u00edlen\u00ed informac\u00ed pomoc\u00ed tla\u010d\u00edtka sd\u00edlen\u00ed prost\u0159ednictv\u00edm soci\u00e1ln\u00edch m\u00e9di\u00ed. D\u00e1le se pou\u017e\u00edvaj\u00ed p\u0159i pou\u017eit\u00ed tla\u010d\u00edtek \u201eTo se mi l\u00edb\u00ed\u201c, propojen\u00ed va\u0161eho \u00fa\u010dtu nebo interakci s na\u0161\u00edm obsahem prost\u0159ednictv\u00edm soci\u00e1ln\u00edch s\u00edt\u00ed, jako je Facebook, Twitter nebo Google+. Soci\u00e1ln\u00ed s\u00edt\u011b zaznamen\u00e1vaj\u00ed tuto \u010dinnost. Tyto informace mohou b\u00fdt propojeny s c\u00edlenou nebo reklamn\u00ed \u010dinnost\u00ed.<br \/>\nJak spravovat nebo odstra\u0148ovat soubory cookie<br \/>\nV\u011bt\u0161ina prohl\u00ed\u017ee\u010d\u016f p\u0159ij\u00edm\u00e1 soubory cookie automaticky. V nastaven\u00ed prohl\u00ed\u017ee\u010de na va\u0161em po\u010d\u00edta\u010di nebo mobiln\u00edm za\u0159\u00edzen\u00ed m\u016f\u017eete zm\u011bnit p\u0159edvolby soubor\u016f cookie a zak\u00e1zat jejich automatick\u00e9 p\u0159ij\u00edm\u00e1n\u00ed, p\u0159\u00edpadn\u011b zak\u00e1zat p\u0159ij\u00edm\u00e1n\u00ed v\u0161ech soubor\u016f cookies z t\u011bchto webov\u00fdch str\u00e1nek. Chcete-li tak u\u010dinit, postupujte podle pokyn\u016f ve va\u0161em prohl\u00ed\u017ee\u010di (obvykle um\u00edst\u011bn\u00fdch v ovl\u00e1dac\u00edch prvc\u00edch \u201eNastaven\u00ed\u201c, \u201eN\u00e1pov\u011bda\u201c, \u201eN\u00e1stroje\u201c nebo \u201eUpravit\u201c). Pokud se rozhodnete zak\u00e1zat p\u0159ij\u00edm\u00e1n\u00ed soubor\u016f cookie, budete i nad\u00e1le moci pou\u017e\u00edvat v\u011bt\u0161inu funkc\u00ed na na\u0161ich str\u00e1nk\u00e1ch. M\u016f\u017ee v\u00e1m v\u0161ak b\u00fdt znemo\u017en\u011bn p\u0159\u00edstup k \u010d\u00e1stem, kter\u00e9 se soubory cookie pracuj\u00ed.<\/p>\n<p>4. BEZPE\u010cNOST A ZVE\u0158EJN\u011aN\u00cd INFORMAC\u00cd<br \/>\nSpole\u010dnost Bicyclecafe implementovala zabezpe\u010dovac\u00ed technologie zaru\u010duj\u00edc\u00ed ochranu va\u0161ich osobn\u00edch \u00fadaj\u016f. Na p\u0159\u00edslu\u0161n\u00fdch m\u00edstech se vyu\u017e\u00edv\u00e1 \u0161ifrov\u00e1n\u00ed a br\u00e1na Firewall pro zamezen\u00ed p\u0159\u00edstupu t\u0159et\u00edch stran k va\u0161im osobn\u00edm \u00fadaj\u016fm.<br \/>\nAby mohla spole\u010dnost Bicyclecafe plnit po\u017eadavky souvisej\u00edc\u00edch z\u00e1kon\u016f a vl\u00e1dn\u00edch na\u0159\u00edzen\u00ed, vyhrazuje si pr\u00e1vo p\u0159istupovat k identifikovateln\u00fdm osobn\u00edm \u00fadaj\u016fm z d\u016fvodu spr\u00e1vn\u00e9 \u010dinnosti na\u0161ich syst\u00e9m\u016f nebo z d\u016fvodu ochrany z\u00e1kazn\u00edk\u016f \u010di spole\u010dnosti Bicyclecafe. Spole\u010dnost Bicyclecafe si rovn\u011b\u017e vyhrazuje pr\u00e1vo odhalit identifikovateln\u00e9 informace t\u0159et\u00ed stran\u011b, pokud se vyskytne st\u00ed\u017enost ohledn\u011b va\u0161eho vyu\u017e\u00edv\u00e1n\u00ed webov\u00e9 str\u00e1nky a na\u0161ich slu\u017eeb.<\/p>\n<p>5. PR\u00c1VA<br \/>\nM\u00e1te pr\u00e1vo p\u0159istupovat k va\u0161im osobn\u00edm \u00fadaj\u016fm prost\u0159ednictv\u00edm odkazu na v\u00e1\u0161 profil a tyto \u00fadaje opravovat, aktualizovat nebo mazat zasl\u00e1n\u00edm po\u017eadavku na na\u0161e evropsk\u00e9 st\u0159edisko podpory na adrese www.europe-Bicyclecafe.com\/support. M\u011bjte na pam\u011bti, \u017ee pokud budete po\u017eadovat kopii t\u011bchto \u00fadaj\u016f, m\u016f\u017eeme v\u00e1s po\u017e\u00e1dat o ov\u011b\u0159en\u00ed identity. Spole\u010dnost Bicyclecafe si vyhrazuje pr\u00e1vo \u00fa\u010dtovat v takov\u00fdchto p\u0159\u00edpadech mal\u00fd administrativn\u00ed poplatek.<\/p>\n<p>6. PLATNOST<br \/>\nSpole\u010dnost Bicyclecafe bude uchov\u00e1vat va\u0161e osobn\u00ed \u00fadaje pouze po dobu nezbytn\u011b nutnou k tomu, abychom mohli poskytnout v\u00fdrobky nebo slu\u017eby v\u00e1mi po\u017eadovan\u00e9, resp. po del\u0161\u00ed dobu vy\u017eadovanou z\u00e1konem.<\/p>\n<p>7. AKTUALIZACE<br \/>\nSpole\u010dnost Bicyclecafe si vyhrazuje pr\u00e1vo \u010das od \u010dasu aktualizovat Prohl\u00e1\u0161en\u00ed o ochran\u011b osobn\u00edch \u00fadaj\u016f a upozorn\u00ed v\u00e1s v p\u0159\u00edpad\u011b libovoln\u00fdch zm\u011bn ovliv\u0148uj\u00edc\u00edch vyu\u017e\u00edv\u00e1n\u00ed va\u0161ich osobn\u00edch \u00fadaj\u016f.<\/p>\n<p>8. DAL\u0160\u00cd INFORMACE<br \/>\nN\u011bkter\u00e9 \u010d\u00e1sti zpracov\u00e1n\u00ed va\u0161ich osobn\u00edch \u00fadaj\u016f mohou prob\u00edhat na m\u00edstech mimo evropskou ekonomickou oblast, a to v\u00fdhradn\u011b za v\u00fd\u0161e uveden\u00fdm \u00fa\u010delem a za \u00fa\u010delem hromadn\u00e9 administrace. To vy\u017eaduje p\u0159enos dat na m\u00edsto mimo evropskou ekonomickou oblast. Spole\u010dnost Bicyclecafe v\u00e1m zaru\u010duje, \u017ee pokud budou va\u0161e \u00fadaje p\u0159eneseny, zajist\u00ed pot\u0159ebn\u00e1 opat\u0159en\u00ed pro ochranu d\u016fv\u011brnosti a bezpe\u010dnosti t\u011bchto \u00fadaj\u016f v\u010detn\u011b p\u0159\u00edslu\u0161n\u00fdch kontrol v souladu s legislativou na ochranu osobn\u00edch \u00fadaj\u016f.<\/p>\n<p>Tato webov\u00e1 str\u00e1nka je provozov\u00e1na spole\u010dnost\u00ed Bicyclecafe, s.r.o. se s\u00eddlem \u017ditom\u00edrsk\u00e1 693\/39, 101 00, Praha 10 identifika\u010dn\u00ed \u010d\u00edslo: 27911888, zapsan\u00e9 v obchodn\u00edm rejst\u0159\u00edku veden\u00e9m M\u011bstsk\u00fdm soudem v Praze, odd\u00edl C, vlo\u017eka 125977.<\/p>\n","protected":false},"excerpt":{"rendered":"<p>Ochrana osobn\u00edch \u00fadaj\u016f 1. PROHL\u00c1\u0160EN\u00cd O OCHRAN\u011a OSOBN\u00cdCH \u00daDAJ\u016e Spole\u010dnost Bicyclecafe se zavazuje vyu\u017e\u00edvat informace v\u00e1mi poskytnut\u00e9 na t\u00e9to webov\u00e9 str\u00e1nce v souladu s t\u00edmto Prohl\u00e1\u0161en\u00edm o ochran\u011b osobn\u00edch \u00fadaj\u016f. Spole\u010dnost Bicyclecafe shroma\u017e\u010fuje osobn\u00ed \u00fadaje prost\u0159ednictv\u00edm dobrovoln\u011b poskytnut\u00fdch dat v p\u0159\u00edpadech, jako jsou nap\u0159\u00edklad registrace v\u00fdrobk\u016f (online), asistence na\u0161ich telefonn\u00edch center a opravy po\u0161kozen\u00fdch v\u00fdrobk\u016f. [&hellip;]<\/p>\n","protected":false},"author":1,"featured_media":0,"parent":0,"menu_order":0,"comment_status":"open","ping_status":"open","template":"","meta":{"footnotes":""},"class_list":["post-2417","page","type-page","status-publish","hentry"],"yoast_head":"<!-- This site is optimized with the Yoast SEO plugin v27.4 - https:\/\/yoast.com\/product\/yoast-seo-wordpress\/ -->\n<title>Ochrana osobn\u00edch \u00fadaj\u016f - OneFive.cz - Prodejce Peak Design<\/title>\n<meta name=\"robots\" content=\"index, follow, max-snippet:-1, max-image-preview:large, max-video-preview:-1\" \/>\n<link rel=\"canonical\" href=\"https:\/\/www.onefive.cz\/peakdesign\/ochrana-osobnich-udaju\/\" \/>\n<meta property=\"og:locale\" content=\"cs_CZ\" \/>\n<meta property=\"og:type\" content=\"article\" \/>\n<meta property=\"og:title\" content=\"Ochrana osobn\u00edch \u00fadaj\u016f - OneFive.cz - Prodejce Peak Design\" \/>\n<meta property=\"og:description\" content=\"Ochrana osobn\u00edch \u00fadaj\u016f 1. PROHL\u00c1\u0160EN\u00cd O OCHRAN\u011a OSOBN\u00cdCH \u00daDAJ\u016e Spole\u010dnost Bicyclecafe se zavazuje vyu\u017e\u00edvat informace v\u00e1mi poskytnut\u00e9 na t\u00e9to webov\u00e9 str\u00e1nce v souladu s t\u00edmto Prohl\u00e1\u0161en\u00edm o ochran\u011b osobn\u00edch \u00fadaj\u016f. Spole\u010dnost Bicyclecafe shroma\u017e\u010fuje osobn\u00ed \u00fadaje prost\u0159ednictv\u00edm dobrovoln\u011b poskytnut\u00fdch dat v p\u0159\u00edpadech, jako jsou nap\u0159\u00edklad registrace v\u00fdrobk\u016f (online), asistence na\u0161ich telefonn\u00edch center a opravy po\u0161kozen\u00fdch v\u00fdrobk\u016f. [&hellip;]\" \/>\n<meta property=\"og:url\" content=\"https:\/\/www.onefive.cz\/peakdesign\/ochrana-osobnich-udaju\/\" \/>\n<meta property=\"og:site_name\" content=\"OneFive.cz - Prodejce Peak Design\" \/>\n<meta name=\"twitter:card\" content=\"summary_large_image\" \/>\n<meta name=\"twitter:label1\" content=\"Odhadovan\u00e1 doba \u010dten\u00ed\" \/>\n\t<meta name=\"twitter:data1\" content=\"10 minut\" \/>\n<script type=\"application\/ld+json\" class=\"yoast-schema-graph\">{\"@context\":\"https:\\\/\\\/schema.org\",\"@graph\":[{\"@type\":\"WebPage\",\"@id\":\"https:\\\/\\\/www.onefive.cz\\\/peakdesign\\\/ochrana-osobnich-udaju\\\/\",\"url\":\"https:\\\/\\\/www.onefive.cz\\\/peakdesign\\\/ochrana-osobnich-udaju\\\/\",\"name\":\"Ochrana osobn\u00edch \u00fadaj\u016f - OneFive.cz - Prodejce Peak Design\",\"isPartOf\":{\"@id\":\"https:\\\/\\\/www.onefive.cz\\\/peakdesign\\\/#website\"},\"datePublished\":\"2017-07-17T12:34:22+00:00\",\"breadcrumb\":{\"@id\":\"https:\\\/\\\/www.onefive.cz\\\/peakdesign\\\/ochrana-osobnich-udaju\\\/#breadcrumb\"},\"inLanguage\":\"cs\",\"potentialAction\":[{\"@type\":\"ReadAction\",\"target\":[\"https:\\\/\\\/www.onefive.cz\\\/peakdesign\\\/ochrana-osobnich-udaju\\\/\"]}]},{\"@type\":\"BreadcrumbList\",\"@id\":\"https:\\\/\\\/www.onefive.cz\\\/peakdesign\\\/ochrana-osobnich-udaju\\\/#breadcrumb\",\"itemListElement\":[{\"@type\":\"ListItem\",\"position\":1,\"name\":\"Dom\u016f\",\"item\":\"https:\\\/\\\/www.onefive.cz\\\/peakdesign\\\/\"},{\"@type\":\"ListItem\",\"position\":2,\"name\":\"Ochrana osobn\u00edch \u00fadaj\u016f\"}]},{\"@type\":\"WebSite\",\"@id\":\"https:\\\/\\\/www.onefive.cz\\\/peakdesign\\\/#website\",\"url\":\"https:\\\/\\\/www.onefive.cz\\\/peakdesign\\\/\",\"name\":\"OneFive.cz - Prodejce Peak Design\",\"description\":\"Kryty a dr\u017e\u00e1ky pro telefony, cestovn\u00ed a everyday batohy a ta\u0161ky, organiz\u00e9ry a fotop\u0159\u00edslu\u0161enstv\u00ed. Ultim\u00e1tn\u00ed v\u00fdbava pro ty, kte\u0159\u00ed vy\u017eaduj\u00ed to nejlep\u0161\u00ed.\",\"potentialAction\":[{\"@type\":\"SearchAction\",\"target\":{\"@type\":\"EntryPoint\",\"urlTemplate\":\"https:\\\/\\\/www.onefive.cz\\\/peakdesign\\\/?s={search_term_string}\"},\"query-input\":{\"@type\":\"PropertyValueSpecification\",\"valueRequired\":true,\"valueName\":\"search_term_string\"}}],\"inLanguage\":\"cs\"}]}<\/script>\n<!-- \/ Yoast SEO plugin. -->","yoast_head_json":{"title":"Ochrana osobn\u00edch \u00fadaj\u016f - OneFive.cz - Prodejce Peak Design","robots":{"index":"index","follow":"follow","max-snippet":"max-snippet:-1","max-image-preview":"max-image-preview:large","max-video-preview":"max-video-preview:-1"},"canonical":"https:\/\/www.onefive.cz\/peakdesign\/ochrana-osobnich-udaju\/","og_locale":"cs_CZ","og_type":"article","og_title":"Ochrana osobn\u00edch \u00fadaj\u016f - OneFive.cz - Prodejce Peak Design","og_description":"Ochrana osobn\u00edch \u00fadaj\u016f 1. PROHL\u00c1\u0160EN\u00cd O OCHRAN\u011a OSOBN\u00cdCH \u00daDAJ\u016e Spole\u010dnost Bicyclecafe se zavazuje vyu\u017e\u00edvat informace v\u00e1mi poskytnut\u00e9 na t\u00e9to webov\u00e9 str\u00e1nce v souladu s t\u00edmto Prohl\u00e1\u0161en\u00edm o ochran\u011b osobn\u00edch \u00fadaj\u016f. Spole\u010dnost Bicyclecafe shroma\u017e\u010fuje osobn\u00ed \u00fadaje prost\u0159ednictv\u00edm dobrovoln\u011b poskytnut\u00fdch dat v p\u0159\u00edpadech, jako jsou nap\u0159\u00edklad registrace v\u00fdrobk\u016f (online), asistence na\u0161ich telefonn\u00edch center a opravy po\u0161kozen\u00fdch v\u00fdrobk\u016f. [&hellip;]","og_url":"https:\/\/www.onefive.cz\/peakdesign\/ochrana-osobnich-udaju\/","og_site_name":"OneFive.cz - Prodejce Peak Design","twitter_card":"summary_large_image","twitter_misc":{"Odhadovan\u00e1 doba \u010dten\u00ed":"10 minut"},"schema":{"@context":"https:\/\/schema.org","@graph":[{"@type":"WebPage","@id":"https:\/\/www.onefive.cz\/peakdesign\/ochrana-osobnich-udaju\/","url":"https:\/\/www.onefive.cz\/peakdesign\/ochrana-osobnich-udaju\/","name":"Ochrana osobn\u00edch \u00fadaj\u016f - OneFive.cz - Prodejce Peak Design","isPartOf":{"@id":"https:\/\/www.onefive.cz\/peakdesign\/#website"},"datePublished":"2017-07-17T12:34:22+00:00","breadcrumb":{"@id":"https:\/\/www.onefive.cz\/peakdesign\/ochrana-osobnich-udaju\/#breadcrumb"},"inLanguage":"cs","potentialAction":[{"@type":"ReadAction","target":["https:\/\/www.onefive.cz\/peakdesign\/ochrana-osobnich-udaju\/"]}]},{"@type":"BreadcrumbList","@id":"https:\/\/www.onefive.cz\/peakdesign\/ochrana-osobnich-udaju\/#breadcrumb","itemListElement":[{"@type":"ListItem","position":1,"name":"Dom\u016f","item":"https:\/\/www.onefive.cz\/peakdesign\/"},{"@type":"ListItem","position":2,"name":"Ochrana osobn\u00edch \u00fadaj\u016f"}]},{"@type":"WebSite","@id":"https:\/\/www.onefive.cz\/peakdesign\/#website","url":"https:\/\/www.onefive.cz\/peakdesign\/","name":"OneFive.cz - Prodejce Peak Design","description":"Kryty a dr\u017e\u00e1ky pro telefony, cestovn\u00ed a everyday batohy a ta\u0161ky, organiz\u00e9ry a fotop\u0159\u00edslu\u0161enstv\u00ed. Ultim\u00e1tn\u00ed v\u00fdbava pro ty, kte\u0159\u00ed vy\u017eaduj\u00ed to nejlep\u0161\u00ed.","potentialAction":[{"@type":"SearchAction","target":{"@type":"EntryPoint","urlTemplate":"https:\/\/www.onefive.cz\/peakdesign\/?s={search_term_string}"},"query-input":{"@type":"PropertyValueSpecification","valueRequired":true,"valueName":"search_term_string"}}],"inLanguage":"cs"}]}},"_links":{"self":[{"href":"https:\/\/www.onefive.cz\/peakdesign\/wp-json\/wp\/v2\/pages\/2417","targetHints":{"allow":["GET"]}}],"collection":[{"href":"https:\/\/www.onefive.cz\/peakdesign\/wp-json\/wp\/v2\/pages"}],"about":[{"href":"https:\/\/www.onefive.cz\/peakdesign\/wp-json\/wp\/v2\/types\/page"}],"author":[{"embeddable":true,"href":"https:\/\/www.onefive.cz\/peakdesign\/wp-json\/wp\/v2\/users\/1"}],"replies":[{"embeddable":true,"href":"https:\/\/www.onefive.cz\/peakdesign\/wp-json\/wp\/v2\/comments?post=2417"}],"version-history":[{"count":0,"href":"https:\/\/www.onefive.cz\/peakdesign\/wp-json\/wp\/v2\/pages\/2417\/revisions"}],"wp:attachment":[{"href":"https:\/\/www.onefive.cz\/peakdesign\/wp-json\/wp\/v2\/media?parent=2417"}],"curies":[{"name":"wp","href":"https:\/\/api.w.org\/{rel}","templated":true}]}}