{"id":24617,"date":"2019-11-07T08:15:08","date_gmt":"2019-11-07T07:15:08","guid":{"rendered":"https:\/\/www.peakdesign.cz\/?page_id=24617"},"modified":"2023-05-23T19:48:38","modified_gmt":"2023-05-23T17:48:38","slug":"darky-pro-hobby-fotografy","status":"publish","type":"page","link":"https:\/\/www.onefive.cz\/peakdesign\/darky-pro-hobby-fotografy\/","title":{"rendered":"D\u00e1rky pro hobby fotografy"},"content":{"rendered":"","protected":false},"excerpt":{"rendered":"","protected":false},"author":1,"featured_media":0,"parent":0,"menu_order":0,"comment_status":"open","ping_status":"open","template":"","meta":{"footnotes":""},"class_list":["post-24617","page","type-page","status-publish","hentry"],"yoast_head":"<!-- This site is optimized with the Yoast SEO plugin v27.4 - https:\/\/yoast.com\/product\/yoast-seo-wordpress\/ -->\n<title>D\u00e1rky pro hobby fotografy - OneFive.cz - Prodejce Peak Design<\/title>\n<meta name=\"description\" content=\"Pot\u0159ebujete poradit s v\u00fdb\u011brem d\u00e1rk\u016f pro va\u0161e bl\u00edzk\u00e9 a kamar\u00e1dy? D\u00e1rky pro cestovatele, fotografy i do m\u011bsta? Vyu\u017eijte pr\u016fvodce d\u00e1rky, kter\u00fd v\u00e1m v\u0161e usnadn\u00ed!\" \/>\n<meta name=\"robots\" content=\"index, follow, max-snippet:-1, max-image-preview:large, max-video-preview:-1\" \/>\n<link rel=\"canonical\" href=\"https:\/\/www.onefive.cz\/peakdesign\/darky-pro-hobby-fotografy\/\" \/>\n<meta property=\"og:locale\" content=\"cs_CZ\" \/>\n<meta property=\"og:type\" content=\"article\" \/>\n<meta property=\"og:title\" content=\"D\u00e1rky pro hobby fotografy - OneFive.cz - Prodejce Peak Design\" \/>\n<meta property=\"og:description\" content=\"Pot\u0159ebujete poradit s v\u00fdb\u011brem d\u00e1rk\u016f pro va\u0161e bl\u00edzk\u00e9 a kamar\u00e1dy? D\u00e1rky pro cestovatele, fotografy i do m\u011bsta? Vyu\u017eijte pr\u016fvodce d\u00e1rky, kter\u00fd v\u00e1m v\u0161e usnadn\u00ed!\" \/>\n<meta property=\"og:url\" content=\"https:\/\/www.onefive.cz\/peakdesign\/darky-pro-hobby-fotografy\/\" \/>\n<meta property=\"og:site_name\" content=\"OneFive.cz - Prodejce Peak Design\" \/>\n<meta property=\"article:modified_time\" content=\"2023-05-23T17:48:38+00:00\" \/>\n<meta name=\"twitter:card\" content=\"summary_large_image\" \/>\n<script type=\"application\/ld+json\" class=\"yoast-schema-graph\">{\"@context\":\"https:\\\/\\\/schema.org\",\"@graph\":[{\"@type\":\"WebPage\",\"@id\":\"https:\\\/\\\/www.onefive.cz\\\/peakdesign\\\/darky-pro-hobby-fotografy\\\/\",\"url\":\"https:\\\/\\\/www.onefive.cz\\\/peakdesign\\\/darky-pro-hobby-fotografy\\\/\",\"name\":\"D\u00e1rky pro hobby fotografy - OneFive.cz - Prodejce Peak Design\",\"isPartOf\":{\"@id\":\"https:\\\/\\\/www.onefive.cz\\\/peakdesign\\\/#website\"},\"datePublished\":\"2019-11-07T07:15:08+00:00\",\"dateModified\":\"2023-05-23T17:48:38+00:00\",\"description\":\"Pot\u0159ebujete poradit s v\u00fdb\u011brem d\u00e1rk\u016f pro va\u0161e bl\u00edzk\u00e9 a kamar\u00e1dy? D\u00e1rky pro cestovatele, fotografy i do m\u011bsta? Vyu\u017eijte pr\u016fvodce d\u00e1rky, kter\u00fd v\u00e1m v\u0161e usnadn\u00ed!\",\"breadcrumb\":{\"@id\":\"https:\\\/\\\/www.onefive.cz\\\/peakdesign\\\/darky-pro-hobby-fotografy\\\/#breadcrumb\"},\"inLanguage\":\"cs\",\"potentialAction\":[{\"@type\":\"ReadAction\",\"target\":[\"https:\\\/\\\/www.onefive.cz\\\/peakdesign\\\/darky-pro-hobby-fotografy\\\/\"]}]},{\"@type\":\"BreadcrumbList\",\"@id\":\"https:\\\/\\\/www.onefive.cz\\\/peakdesign\\\/darky-pro-hobby-fotografy\\\/#breadcrumb\",\"itemListElement\":[{\"@type\":\"ListItem\",\"position\":1,\"name\":\"Dom\u016f\",\"item\":\"https:\\\/\\\/www.onefive.cz\\\/peakdesign\\\/\"},{\"@type\":\"ListItem\",\"position\":2,\"name\":\"D\u00e1rky pro hobby fotografy\"}]},{\"@type\":\"WebSite\",\"@id\":\"https:\\\/\\\/www.onefive.cz\\\/peakdesign\\\/#website\",\"url\":\"https:\\\/\\\/www.onefive.cz\\\/peakdesign\\\/\",\"name\":\"OneFive.cz - Prodejce Peak Design\",\"description\":\"Kryty a dr\u017e\u00e1ky pro telefony, cestovn\u00ed a everyday batohy a ta\u0161ky, organiz\u00e9ry a fotop\u0159\u00edslu\u0161enstv\u00ed. Ultim\u00e1tn\u00ed v\u00fdbava pro ty, kte\u0159\u00ed vy\u017eaduj\u00ed to nejlep\u0161\u00ed.\",\"potentialAction\":[{\"@type\":\"SearchAction\",\"target\":{\"@type\":\"EntryPoint\",\"urlTemplate\":\"https:\\\/\\\/www.onefive.cz\\\/peakdesign\\\/?s={search_term_string}\"},\"query-input\":{\"@type\":\"PropertyValueSpecification\",\"valueRequired\":true,\"valueName\":\"search_term_string\"}}],\"inLanguage\":\"cs\"}]}<\/script>\n<!-- \/ Yoast SEO plugin. -->","yoast_head_json":{"title":"D\u00e1rky pro hobby fotografy - OneFive.cz - Prodejce Peak Design","description":"Pot\u0159ebujete poradit s v\u00fdb\u011brem d\u00e1rk\u016f pro va\u0161e bl\u00edzk\u00e9 a kamar\u00e1dy? D\u00e1rky pro cestovatele, fotografy i do m\u011bsta? Vyu\u017eijte pr\u016fvodce d\u00e1rky, kter\u00fd v\u00e1m v\u0161e usnadn\u00ed!","robots":{"index":"index","follow":"follow","max-snippet":"max-snippet:-1","max-image-preview":"max-image-preview:large","max-video-preview":"max-video-preview:-1"},"canonical":"https:\/\/www.onefive.cz\/peakdesign\/darky-pro-hobby-fotografy\/","og_locale":"cs_CZ","og_type":"article","og_title":"D\u00e1rky pro hobby fotografy - OneFive.cz - Prodejce Peak Design","og_description":"Pot\u0159ebujete poradit s v\u00fdb\u011brem d\u00e1rk\u016f pro va\u0161e bl\u00edzk\u00e9 a kamar\u00e1dy? D\u00e1rky pro cestovatele, fotografy i do m\u011bsta? Vyu\u017eijte pr\u016fvodce d\u00e1rky, kter\u00fd v\u00e1m v\u0161e usnadn\u00ed!","og_url":"https:\/\/www.onefive.cz\/peakdesign\/darky-pro-hobby-fotografy\/","og_site_name":"OneFive.cz - Prodejce Peak Design","article_modified_time":"2023-05-23T17:48:38+00:00","twitter_card":"summary_large_image","schema":{"@context":"https:\/\/schema.org","@graph":[{"@type":"WebPage","@id":"https:\/\/www.onefive.cz\/peakdesign\/darky-pro-hobby-fotografy\/","url":"https:\/\/www.onefive.cz\/peakdesign\/darky-pro-hobby-fotografy\/","name":"D\u00e1rky pro hobby fotografy - OneFive.cz - Prodejce Peak Design","isPartOf":{"@id":"https:\/\/www.onefive.cz\/peakdesign\/#website"},"datePublished":"2019-11-07T07:15:08+00:00","dateModified":"2023-05-23T17:48:38+00:00","description":"Pot\u0159ebujete poradit s v\u00fdb\u011brem d\u00e1rk\u016f pro va\u0161e bl\u00edzk\u00e9 a kamar\u00e1dy? D\u00e1rky pro cestovatele, fotografy i do m\u011bsta? Vyu\u017eijte pr\u016fvodce d\u00e1rky, kter\u00fd v\u00e1m v\u0161e usnadn\u00ed!","breadcrumb":{"@id":"https:\/\/www.onefive.cz\/peakdesign\/darky-pro-hobby-fotografy\/#breadcrumb"},"inLanguage":"cs","potentialAction":[{"@type":"ReadAction","target":["https:\/\/www.onefive.cz\/peakdesign\/darky-pro-hobby-fotografy\/"]}]},{"@type":"BreadcrumbList","@id":"https:\/\/www.onefive.cz\/peakdesign\/darky-pro-hobby-fotografy\/#breadcrumb","itemListElement":[{"@type":"ListItem","position":1,"name":"Dom\u016f","item":"https:\/\/www.onefive.cz\/peakdesign\/"},{"@type":"ListItem","position":2,"name":"D\u00e1rky pro hobby fotografy"}]},{"@type":"WebSite","@id":"https:\/\/www.onefive.cz\/peakdesign\/#website","url":"https:\/\/www.onefive.cz\/peakdesign\/","name":"OneFive.cz - Prodejce Peak Design","description":"Kryty a dr\u017e\u00e1ky pro telefony, cestovn\u00ed a everyday batohy a ta\u0161ky, organiz\u00e9ry a fotop\u0159\u00edslu\u0161enstv\u00ed. Ultim\u00e1tn\u00ed v\u00fdbava pro ty, kte\u0159\u00ed vy\u017eaduj\u00ed to nejlep\u0161\u00ed.","potentialAction":[{"@type":"SearchAction","target":{"@type":"EntryPoint","urlTemplate":"https:\/\/www.onefive.cz\/peakdesign\/?s={search_term_string}"},"query-input":{"@type":"PropertyValueSpecification","valueRequired":true,"valueName":"search_term_string"}}],"inLanguage":"cs"}]}},"_links":{"self":[{"href":"https:\/\/www.onefive.cz\/peakdesign\/wp-json\/wp\/v2\/pages\/24617","targetHints":{"allow":["GET"]}}],"collection":[{"href":"https:\/\/www.onefive.cz\/peakdesign\/wp-json\/wp\/v2\/pages"}],"about":[{"href":"https:\/\/www.onefive.cz\/peakdesign\/wp-json\/wp\/v2\/types\/page"}],"author":[{"embeddable":true,"href":"https:\/\/www.onefive.cz\/peakdesign\/wp-json\/wp\/v2\/users\/1"}],"replies":[{"embeddable":true,"href":"https:\/\/www.onefive.cz\/peakdesign\/wp-json\/wp\/v2\/comments?post=24617"}],"version-history":[{"count":2,"href":"https:\/\/www.onefive.cz\/peakdesign\/wp-json\/wp\/v2\/pages\/24617\/revisions"}],"predecessor-version":[{"id":108479,"href":"https:\/\/www.onefive.cz\/peakdesign\/wp-json\/wp\/v2\/pages\/24617\/revisions\/108479"}],"wp:attachment":[{"href":"https:\/\/www.onefive.cz\/peakdesign\/wp-json\/wp\/v2\/media?parent=24617"}],"curies":[{"name":"wp","href":"https:\/\/api.w.org\/{rel}","templated":true}]}}