{"id":255,"date":"2013-12-08T00:10:37","date_gmt":"2013-12-08T00:10:37","guid":{"rendered":"http:\/\/onefive.cz\/?page_id=255"},"modified":"2015-11-27T07:10:43","modified_gmt":"2015-11-27T07:10:43","slug":"capture-navod","status":"publish","type":"page","link":"https:\/\/www.onefive.cz\/peakdesign\/tipy-navody\/capture-navod\/","title":{"rendered":"Capture: N\u00e1vod"},"content":{"rendered":"<div class='content-column two_third'><h1>Capture: Jak funguje?<\/h1>\n<p>A\u0165 u\u017e jste hrd\u00fdm majitelem nov\u00e9ho Capture Camera Clip\/CapturePRO Camera Clip, nebo jste o n\u00e1s jen sly\u0161eli a chcete se dozv\u011bd\u011bt v\u00edce, vysv\u011btl\u00edme v\u00e1m co vlastn\u011b Capture je a jak funguje. Pokud o Capture sly\u0161\u00edte poprv\u00e9, shl\u00e9dn\u011bte toto kr\u00e1tk\u00e9 video:<\/p>\n<p>[youtube width=\"699\" height=\"393\" video_id=\"089QnOjBatg\"]<\/p><\/div><br \/>\n<div class='content-column one_third last_column'><h3>Vyberte t\u00e9ma:<\/h3>\n<p><strong>Capture: N\u00e1vod<\/strong><br \/>\n<a href=\"https:\/\/www.onefive.cz\/peakdesign\/produkt\/tipy-navody\/capture-na-batohu\/\" title=\"Capture: Na batohu\"><strong>Capture: Na batohu<\/strong><\/a><br \/>\n<a href=\"https:\/\/www.onefive.cz\/peakdesign\/produkt\/tipy-navody\/capture-na-opasku\/\" title=\"Capture: Na opasku\"><strong>Capture: Na opasku<\/strong><\/a><br \/>\n<a href=\"https:\/\/www.onefive.cz\/peakdesign\/produkt\/tipy-navody\/pro-plate-vyber-desticky\/\" title=\"PRO Plate: V\u00fdb\u011br desti\u010dky\"><strong>PRO Plate: V\u00fdb\u011br desti\u010dky<\/strong><\/a><br \/>\n<a href=\"\"><strong>PRO Plate: N\u00e1vod<\/strong><\/a><\/p><\/div><div class='clear_column'><\/div><\/p>\n","protected":false},"excerpt":{"rendered":"","protected":false},"author":1,"featured_media":0,"parent":227,"menu_order":0,"comment_status":"open","ping_status":"open","template":"","meta":{"footnotes":""},"class_list":["post-255","page","type-page","status-publish","hentry"],"yoast_head":"<!-- This site is optimized with the Yoast SEO plugin v27.4 - https:\/\/yoast.com\/product\/yoast-seo-wordpress\/ -->\n<title>Capture: N\u00e1vod - OneFive.cz - Prodejce Peak Design<\/title>\n<meta name=\"robots\" content=\"index, follow, max-snippet:-1, max-image-preview:large, max-video-preview:-1\" \/>\n<link rel=\"canonical\" href=\"https:\/\/www.onefive.cz\/peakdesign\/tipy-navody\/capture-navod\/\" \/>\n<meta property=\"og:locale\" content=\"cs_CZ\" \/>\n<meta property=\"og:type\" content=\"article\" \/>\n<meta property=\"og:title\" content=\"Capture: N\u00e1vod - OneFive.cz - Prodejce Peak Design\" \/>\n<meta property=\"og:url\" content=\"https:\/\/www.onefive.cz\/peakdesign\/tipy-navody\/capture-navod\/\" \/>\n<meta property=\"og:site_name\" content=\"OneFive.cz - Prodejce Peak Design\" \/>\n<meta property=\"article:modified_time\" content=\"2015-11-27T07:10:43+00:00\" \/>\n<meta name=\"twitter:card\" content=\"summary_large_image\" \/>\n<script type=\"application\/ld+json\" class=\"yoast-schema-graph\">{\"@context\":\"https:\\\/\\\/schema.org\",\"@graph\":[{\"@type\":\"WebPage\",\"@id\":\"https:\\\/\\\/www.onefive.cz\\\/peakdesign\\\/tipy-navody\\\/capture-navod\\\/\",\"url\":\"https:\\\/\\\/www.onefive.cz\\\/peakdesign\\\/tipy-navody\\\/capture-navod\\\/\",\"name\":\"Capture: N\u00e1vod - OneFive.cz - Prodejce Peak Design\",\"isPartOf\":{\"@id\":\"https:\\\/\\\/www.onefive.cz\\\/peakdesign\\\/#website\"},\"datePublished\":\"2013-12-08T00:10:37+00:00\",\"dateModified\":\"2015-11-27T07:10:43+00:00\",\"breadcrumb\":{\"@id\":\"https:\\\/\\\/www.onefive.cz\\\/peakdesign\\\/tipy-navody\\\/capture-navod\\\/#breadcrumb\"},\"inLanguage\":\"cs\",\"potentialAction\":[{\"@type\":\"ReadAction\",\"target\":[\"https:\\\/\\\/www.onefive.cz\\\/peakdesign\\\/tipy-navody\\\/capture-navod\\\/\"]}]},{\"@type\":\"BreadcrumbList\",\"@id\":\"https:\\\/\\\/www.onefive.cz\\\/peakdesign\\\/tipy-navody\\\/capture-navod\\\/#breadcrumb\",\"itemListElement\":[{\"@type\":\"ListItem\",\"position\":1,\"name\":\"Dom\u016f\",\"item\":\"https:\\\/\\\/www.onefive.cz\\\/peakdesign\\\/\"},{\"@type\":\"ListItem\",\"position\":2,\"name\":\"Tipy &#038; N\u00e1vody\",\"item\":\"https:\\\/\\\/www.onefive.cz\\\/peakdesign\\\/tipy-navody\\\/\"},{\"@type\":\"ListItem\",\"position\":3,\"name\":\"Capture: N\u00e1vod\"}]},{\"@type\":\"WebSite\",\"@id\":\"https:\\\/\\\/www.onefive.cz\\\/peakdesign\\\/#website\",\"url\":\"https:\\\/\\\/www.onefive.cz\\\/peakdesign\\\/\",\"name\":\"OneFive.cz - Prodejce Peak Design\",\"description\":\"Kryty a dr\u017e\u00e1ky pro telefony, cestovn\u00ed a everyday batohy a ta\u0161ky, organiz\u00e9ry a fotop\u0159\u00edslu\u0161enstv\u00ed. Ultim\u00e1tn\u00ed v\u00fdbava pro ty, kte\u0159\u00ed vy\u017eaduj\u00ed to nejlep\u0161\u00ed.\",\"potentialAction\":[{\"@type\":\"SearchAction\",\"target\":{\"@type\":\"EntryPoint\",\"urlTemplate\":\"https:\\\/\\\/www.onefive.cz\\\/peakdesign\\\/?s={search_term_string}\"},\"query-input\":{\"@type\":\"PropertyValueSpecification\",\"valueRequired\":true,\"valueName\":\"search_term_string\"}}],\"inLanguage\":\"cs\"}]}<\/script>\n<!-- \/ Yoast SEO plugin. -->","yoast_head_json":{"title":"Capture: N\u00e1vod - OneFive.cz - Prodejce Peak Design","robots":{"index":"index","follow":"follow","max-snippet":"max-snippet:-1","max-image-preview":"max-image-preview:large","max-video-preview":"max-video-preview:-1"},"canonical":"https:\/\/www.onefive.cz\/peakdesign\/tipy-navody\/capture-navod\/","og_locale":"cs_CZ","og_type":"article","og_title":"Capture: N\u00e1vod - OneFive.cz - Prodejce Peak Design","og_url":"https:\/\/www.onefive.cz\/peakdesign\/tipy-navody\/capture-navod\/","og_site_name":"OneFive.cz - Prodejce Peak Design","article_modified_time":"2015-11-27T07:10:43+00:00","twitter_card":"summary_large_image","schema":{"@context":"https:\/\/schema.org","@graph":[{"@type":"WebPage","@id":"https:\/\/www.onefive.cz\/peakdesign\/tipy-navody\/capture-navod\/","url":"https:\/\/www.onefive.cz\/peakdesign\/tipy-navody\/capture-navod\/","name":"Capture: N\u00e1vod - OneFive.cz - Prodejce Peak Design","isPartOf":{"@id":"https:\/\/www.onefive.cz\/peakdesign\/#website"},"datePublished":"2013-12-08T00:10:37+00:00","dateModified":"2015-11-27T07:10:43+00:00","breadcrumb":{"@id":"https:\/\/www.onefive.cz\/peakdesign\/tipy-navody\/capture-navod\/#breadcrumb"},"inLanguage":"cs","potentialAction":[{"@type":"ReadAction","target":["https:\/\/www.onefive.cz\/peakdesign\/tipy-navody\/capture-navod\/"]}]},{"@type":"BreadcrumbList","@id":"https:\/\/www.onefive.cz\/peakdesign\/tipy-navody\/capture-navod\/#breadcrumb","itemListElement":[{"@type":"ListItem","position":1,"name":"Dom\u016f","item":"https:\/\/www.onefive.cz\/peakdesign\/"},{"@type":"ListItem","position":2,"name":"Tipy &#038; N\u00e1vody","item":"https:\/\/www.onefive.cz\/peakdesign\/tipy-navody\/"},{"@type":"ListItem","position":3,"name":"Capture: N\u00e1vod"}]},{"@type":"WebSite","@id":"https:\/\/www.onefive.cz\/peakdesign\/#website","url":"https:\/\/www.onefive.cz\/peakdesign\/","name":"OneFive.cz - Prodejce Peak Design","description":"Kryty a dr\u017e\u00e1ky pro telefony, cestovn\u00ed a everyday batohy a ta\u0161ky, organiz\u00e9ry a fotop\u0159\u00edslu\u0161enstv\u00ed. Ultim\u00e1tn\u00ed v\u00fdbava pro ty, kte\u0159\u00ed vy\u017eaduj\u00ed to nejlep\u0161\u00ed.","potentialAction":[{"@type":"SearchAction","target":{"@type":"EntryPoint","urlTemplate":"https:\/\/www.onefive.cz\/peakdesign\/?s={search_term_string}"},"query-input":{"@type":"PropertyValueSpecification","valueRequired":true,"valueName":"search_term_string"}}],"inLanguage":"cs"}]}},"_links":{"self":[{"href":"https:\/\/www.onefive.cz\/peakdesign\/wp-json\/wp\/v2\/pages\/255","targetHints":{"allow":["GET"]}}],"collection":[{"href":"https:\/\/www.onefive.cz\/peakdesign\/wp-json\/wp\/v2\/pages"}],"about":[{"href":"https:\/\/www.onefive.cz\/peakdesign\/wp-json\/wp\/v2\/types\/page"}],"author":[{"embeddable":true,"href":"https:\/\/www.onefive.cz\/peakdesign\/wp-json\/wp\/v2\/users\/1"}],"replies":[{"embeddable":true,"href":"https:\/\/www.onefive.cz\/peakdesign\/wp-json\/wp\/v2\/comments?post=255"}],"version-history":[{"count":0,"href":"https:\/\/www.onefive.cz\/peakdesign\/wp-json\/wp\/v2\/pages\/255\/revisions"}],"up":[{"embeddable":true,"href":"https:\/\/www.onefive.cz\/peakdesign\/wp-json\/wp\/v2\/pages\/227"}],"wp:attachment":[{"href":"https:\/\/www.onefive.cz\/peakdesign\/wp-json\/wp\/v2\/media?parent=255"}],"curies":[{"name":"wp","href":"https:\/\/api.w.org\/{rel}","templated":true}]}}