{"id":306,"date":"2013-12-08T19:48:02","date_gmt":"2013-12-08T19:48:02","guid":{"rendered":"http:\/\/onefive.cz\/?page_id=306"},"modified":"2014-01-19T01:14:43","modified_gmt":"2014-01-19T01:14:43","slug":"capture-na-opasku","status":"publish","type":"page","link":"https:\/\/www.onefive.cz\/peakdesign\/tipy-navody\/capture-na-opasku\/","title":{"rendered":"Capture: Na opasku"},"content":{"rendered":"<div class='content-column two_third'><h1>Capture: Na opasku<\/h1>\n<h4>P\u0159ipevn\u011bn\u00ed Capture na opasek<\/h4>\n<p>P\u0159ipevn\u011bn\u00ed va\u0161eho fotoapar\u00e1tu k opasku je bezpe\u010dn\u00fd zp\u016fsob, jak jej m\u00edt v\u0161ude s sebou a m\u00edt p\u0159i tom voln\u00e9 ruce. A\u0165 u\u017e fot\u00edte svatbu, jedete do pr\u00e1ce, jdete na hudebn\u00ed fastival \u010di berete d\u011bti do zoo; d\u00edky Capture budete m\u00edt v\u00e1\u0161 fotoapar\u00e1t st\u00e1le po ruce. Toto kr\u00e1tk\u00e9 video ukazuje jak lze dr\u017e\u00e1k na opasku pou\u017e\u00edt:<\/p>\n<p>[vimeo width=\"699\" height=\"393\" video_id=\"36883900\"]<\/p>\n<p>&nbsp;<\/p>\n<h5>Um\u00edst\u011bn\u00ed dr\u017e\u00e1ku<\/br><\/br><\/h5>\n<ul style=\"padding-left: 15px\">\n<li>Doporu\u010dujeme nosit Capture na p\u0159edn\u00ed stran\u011b va\u0161eho opasku bl\u00ed\u017ee ke st\u0159edu va\u0161eho t\u011bla. Toto um\u00edst\u011bn\u00ed zajist\u00ed fotoapar\u00e1tu a objektivu ochranu a umo\u017en\u00ed fotografovi se pohybovat i sed\u011bt, zat\u00edmco jeho p\u0159\u00edstroj je p\u0159ipevn\u011bn ke Capture.<\/li>\n<li>Zm\u011bnou um\u00edst\u011bn\u00ed Capture na opasku si vyzkou\u0161ejte, kter\u00e9 um\u00edst\u011bn\u00ed v\u00e1m nejl\u00e9pe vyhovuje. Podle aktivity \u010di typu pohybu, kter\u00fd vykon\u00e1v\u00e1te, m\u016f\u017eete p\u0159ipevnit Capture i nad kapsy kalhot \u010di naopak bl\u00ed\u017ee ke st\u0159edu t\u011bla.<\/li>\n<li>Nastavte si \u00fahel, pod kter\u00fdm je Capture uchycen k p\u00e1sku, stejn\u011b jako \u00fahel, pod kter\u00fdm je stativov\u00e1 desti\u010dka p\u0159ipevn\u011bna k fotoapar\u00e1tu. T\u00edm doc\u00edl\u00edte libovoln\u00e9ho \u00fahlu fotoapar\u00e1tu vzhledem k opasku.<\/li>\n<\/ul>\n<h5><\/br>Zlep\u0161en\u00ed stability fotoapar\u00e1tu<\/br><\/br><\/h5>\n<ul style=\"padding-left: 15px\">\n<li>Nejlep\u0161\u00edho v\u00fdsledku dos\u00e1hnete, pokud je Capture k opasku pevn\u011b p\u0159ipevn\u011bn (dokonale opasek sv\u00edr\u00e1).<\/li>\n<li>Pevn\u011bj\u0161\u00ed\/tvrd\u0161\u00ed opasek zafunguje l\u00e9pe, zvl\u00e1\u0161t\u011b pokud pou\u017e\u00edvate t\u011b\u017e\u0161\u00ed t\u011bla a objektivy.<\/li>\n<\/ul><\/div><br \/>\n<div class='content-column one_third last_column'><h3>Vyberte t\u00e9ma:<\/h3>\n<p><a href=\"https:\/\/www.onefive.cz\/peakdesign\/produkt\/tipy-navody\/capture-navod\/\" title=\"Capture: N\u00e1vod\"><strong>Capture: N\u00e1vod<\/strong><\/a><br \/>\n<a href=\"https:\/\/www.onefive.cz\/peakdesign\/produkt\/tipy-navody\/capture-na-batohu\/\" title=\"Capture: Na batohu\"><strong>Capture: Na batohu<\/strong><\/a><br \/>\n<strong>Capture: Na opasku<\/strong><br \/>\n<a href=\"https:\/\/www.onefive.cz\/peakdesign\/produkt\/tipy-navody\/pro-plate-vyber-desticky\/\" title=\"PRO Plate: V\u00fdb\u011br desti\u010dky\"><strong>PRO Plate: V\u00fdb\u011br desti\u010dky<\/strong><\/a><br \/>\n<a href=\"\"><strong>PRO Plate: N\u00e1vod<\/strong><\/a><\/p><\/div><div class='clear_column'><\/div><\/p>\n","protected":false},"excerpt":{"rendered":"","protected":false},"author":1,"featured_media":0,"parent":227,"menu_order":0,"comment_status":"open","ping_status":"open","template":"","meta":{"footnotes":""},"class_list":["post-306","page","type-page","status-publish","hentry"],"yoast_head":"<!-- This site is optimized with the Yoast SEO plugin v27.4 - https:\/\/yoast.com\/product\/yoast-seo-wordpress\/ -->\n<title>Capture: Na opasku - OneFive.cz - Prodejce Peak Design<\/title>\n<meta name=\"robots\" content=\"index, follow, max-snippet:-1, max-image-preview:large, max-video-preview:-1\" \/>\n<link rel=\"canonical\" href=\"https:\/\/www.onefive.cz\/peakdesign\/tipy-navody\/capture-na-opasku\/\" \/>\n<meta property=\"og:locale\" content=\"cs_CZ\" \/>\n<meta property=\"og:type\" content=\"article\" \/>\n<meta property=\"og:title\" content=\"Capture: Na opasku - OneFive.cz - Prodejce Peak Design\" \/>\n<meta property=\"og:url\" content=\"https:\/\/www.onefive.cz\/peakdesign\/tipy-navody\/capture-na-opasku\/\" \/>\n<meta property=\"og:site_name\" content=\"OneFive.cz - Prodejce Peak Design\" \/>\n<meta property=\"article:modified_time\" content=\"2014-01-19T01:14:43+00:00\" \/>\n<meta name=\"twitter:card\" content=\"summary_large_image\" \/>\n<meta name=\"twitter:label1\" content=\"Odhadovan\u00e1 doba \u010dten\u00ed\" \/>\n\t<meta name=\"twitter:data1\" content=\"2 minuty\" \/>\n<script type=\"application\/ld+json\" class=\"yoast-schema-graph\">{\"@context\":\"https:\\\/\\\/schema.org\",\"@graph\":[{\"@type\":\"WebPage\",\"@id\":\"https:\\\/\\\/www.onefive.cz\\\/peakdesign\\\/tipy-navody\\\/capture-na-opasku\\\/\",\"url\":\"https:\\\/\\\/www.onefive.cz\\\/peakdesign\\\/tipy-navody\\\/capture-na-opasku\\\/\",\"name\":\"Capture: Na opasku - OneFive.cz - Prodejce Peak Design\",\"isPartOf\":{\"@id\":\"https:\\\/\\\/www.onefive.cz\\\/peakdesign\\\/#website\"},\"datePublished\":\"2013-12-08T19:48:02+00:00\",\"dateModified\":\"2014-01-19T01:14:43+00:00\",\"breadcrumb\":{\"@id\":\"https:\\\/\\\/www.onefive.cz\\\/peakdesign\\\/tipy-navody\\\/capture-na-opasku\\\/#breadcrumb\"},\"inLanguage\":\"cs\",\"potentialAction\":[{\"@type\":\"ReadAction\",\"target\":[\"https:\\\/\\\/www.onefive.cz\\\/peakdesign\\\/tipy-navody\\\/capture-na-opasku\\\/\"]}]},{\"@type\":\"BreadcrumbList\",\"@id\":\"https:\\\/\\\/www.onefive.cz\\\/peakdesign\\\/tipy-navody\\\/capture-na-opasku\\\/#breadcrumb\",\"itemListElement\":[{\"@type\":\"ListItem\",\"position\":1,\"name\":\"Dom\u016f\",\"item\":\"https:\\\/\\\/www.onefive.cz\\\/peakdesign\\\/\"},{\"@type\":\"ListItem\",\"position\":2,\"name\":\"Tipy &#038; N\u00e1vody\",\"item\":\"https:\\\/\\\/www.onefive.cz\\\/peakdesign\\\/tipy-navody\\\/\"},{\"@type\":\"ListItem\",\"position\":3,\"name\":\"Capture: Na opasku\"}]},{\"@type\":\"WebSite\",\"@id\":\"https:\\\/\\\/www.onefive.cz\\\/peakdesign\\\/#website\",\"url\":\"https:\\\/\\\/www.onefive.cz\\\/peakdesign\\\/\",\"name\":\"OneFive.cz - Prodejce Peak Design\",\"description\":\"Kryty a dr\u017e\u00e1ky pro telefony, cestovn\u00ed a everyday batohy a ta\u0161ky, organiz\u00e9ry a fotop\u0159\u00edslu\u0161enstv\u00ed. Ultim\u00e1tn\u00ed v\u00fdbava pro ty, kte\u0159\u00ed vy\u017eaduj\u00ed to nejlep\u0161\u00ed.\",\"potentialAction\":[{\"@type\":\"SearchAction\",\"target\":{\"@type\":\"EntryPoint\",\"urlTemplate\":\"https:\\\/\\\/www.onefive.cz\\\/peakdesign\\\/?s={search_term_string}\"},\"query-input\":{\"@type\":\"PropertyValueSpecification\",\"valueRequired\":true,\"valueName\":\"search_term_string\"}}],\"inLanguage\":\"cs\"}]}<\/script>\n<!-- \/ Yoast SEO plugin. -->","yoast_head_json":{"title":"Capture: Na opasku - OneFive.cz - Prodejce Peak Design","robots":{"index":"index","follow":"follow","max-snippet":"max-snippet:-1","max-image-preview":"max-image-preview:large","max-video-preview":"max-video-preview:-1"},"canonical":"https:\/\/www.onefive.cz\/peakdesign\/tipy-navody\/capture-na-opasku\/","og_locale":"cs_CZ","og_type":"article","og_title":"Capture: Na opasku - OneFive.cz - Prodejce Peak Design","og_url":"https:\/\/www.onefive.cz\/peakdesign\/tipy-navody\/capture-na-opasku\/","og_site_name":"OneFive.cz - Prodejce Peak Design","article_modified_time":"2014-01-19T01:14:43+00:00","twitter_card":"summary_large_image","twitter_misc":{"Odhadovan\u00e1 doba \u010dten\u00ed":"2 minuty"},"schema":{"@context":"https:\/\/schema.org","@graph":[{"@type":"WebPage","@id":"https:\/\/www.onefive.cz\/peakdesign\/tipy-navody\/capture-na-opasku\/","url":"https:\/\/www.onefive.cz\/peakdesign\/tipy-navody\/capture-na-opasku\/","name":"Capture: Na opasku - OneFive.cz - Prodejce Peak Design","isPartOf":{"@id":"https:\/\/www.onefive.cz\/peakdesign\/#website"},"datePublished":"2013-12-08T19:48:02+00:00","dateModified":"2014-01-19T01:14:43+00:00","breadcrumb":{"@id":"https:\/\/www.onefive.cz\/peakdesign\/tipy-navody\/capture-na-opasku\/#breadcrumb"},"inLanguage":"cs","potentialAction":[{"@type":"ReadAction","target":["https:\/\/www.onefive.cz\/peakdesign\/tipy-navody\/capture-na-opasku\/"]}]},{"@type":"BreadcrumbList","@id":"https:\/\/www.onefive.cz\/peakdesign\/tipy-navody\/capture-na-opasku\/#breadcrumb","itemListElement":[{"@type":"ListItem","position":1,"name":"Dom\u016f","item":"https:\/\/www.onefive.cz\/peakdesign\/"},{"@type":"ListItem","position":2,"name":"Tipy &#038; N\u00e1vody","item":"https:\/\/www.onefive.cz\/peakdesign\/tipy-navody\/"},{"@type":"ListItem","position":3,"name":"Capture: Na opasku"}]},{"@type":"WebSite","@id":"https:\/\/www.onefive.cz\/peakdesign\/#website","url":"https:\/\/www.onefive.cz\/peakdesign\/","name":"OneFive.cz - Prodejce Peak Design","description":"Kryty a dr\u017e\u00e1ky pro telefony, cestovn\u00ed a everyday batohy a ta\u0161ky, organiz\u00e9ry a fotop\u0159\u00edslu\u0161enstv\u00ed. Ultim\u00e1tn\u00ed v\u00fdbava pro ty, kte\u0159\u00ed vy\u017eaduj\u00ed to nejlep\u0161\u00ed.","potentialAction":[{"@type":"SearchAction","target":{"@type":"EntryPoint","urlTemplate":"https:\/\/www.onefive.cz\/peakdesign\/?s={search_term_string}"},"query-input":{"@type":"PropertyValueSpecification","valueRequired":true,"valueName":"search_term_string"}}],"inLanguage":"cs"}]}},"_links":{"self":[{"href":"https:\/\/www.onefive.cz\/peakdesign\/wp-json\/wp\/v2\/pages\/306","targetHints":{"allow":["GET"]}}],"collection":[{"href":"https:\/\/www.onefive.cz\/peakdesign\/wp-json\/wp\/v2\/pages"}],"about":[{"href":"https:\/\/www.onefive.cz\/peakdesign\/wp-json\/wp\/v2\/types\/page"}],"author":[{"embeddable":true,"href":"https:\/\/www.onefive.cz\/peakdesign\/wp-json\/wp\/v2\/users\/1"}],"replies":[{"embeddable":true,"href":"https:\/\/www.onefive.cz\/peakdesign\/wp-json\/wp\/v2\/comments?post=306"}],"version-history":[{"count":0,"href":"https:\/\/www.onefive.cz\/peakdesign\/wp-json\/wp\/v2\/pages\/306\/revisions"}],"up":[{"embeddable":true,"href":"https:\/\/www.onefive.cz\/peakdesign\/wp-json\/wp\/v2\/pages\/227"}],"wp:attachment":[{"href":"https:\/\/www.onefive.cz\/peakdesign\/wp-json\/wp\/v2\/media?parent=306"}],"curies":[{"name":"wp","href":"https:\/\/api.w.org\/{rel}","templated":true}]}}