{"id":3377,"date":"2018-01-14T16:57:14","date_gmt":"2018-01-14T15:57:14","guid":{"rendered":"https:\/\/www.peakdesign.cz\/?page_id=3377"},"modified":"2018-01-14T17:02:52","modified_gmt":"2018-01-14T16:02:52","slug":"pro-pad-pro-capture-pouziti-a-tipy","status":"publish","type":"page","link":"https:\/\/www.onefive.cz\/peakdesign\/pro-pad-pro-capture-pouziti-a-tipy\/","title":{"rendered":"Pro Pad pro Capture - pou\u017eit\u00ed a tipy"},"content":{"rendered":"<h4 class=\"top_header\">Pro Pad pro Capture - pou\u017eit\u00ed a tipy<\/h4>\n<p>Nov\u00fd <a href=\"https:\/\/www.onefive.cz\/peakdesign\/produkt\/pro-pad\/\">Pro Pad<\/a> dramaticky zvy\u0161uje stabilitu a pohodl\u00ed p\u0159i u\u017e\u00edv\u00e1n\u00ed Capture i s t\u011bmi nejt\u011b\u017e\u0161\u00edmi fotoapar\u00e1ty a objektivy.<br \/>\nLawrence (Peak Design Art Director) v\u00e1m uk\u00e1\u017ee, jak se Pro Pad pou\u017e\u00edv\u00e1 na opasku i batahu a co v\u0161echno nab\u00edz\u00ed:<\/p>\n<div style=\"position:relative;\n\tpadding-bottom:53.25%;\n\tpadding-top:30px;\n\theight:0;\n\toverflow:hidden;\"><br \/>\n<iframe style=\"position:absolute;\n\ttop:0;\n\tleft:0;\n\twidth:100%;\n\theight:100%;\" src=\"https:\/\/www.youtube.com\/embed\/T06NTnyo0Jo?rel=0\" frameborder=\"0\" allowfullscreen><br \/>\n<\/iframe>\n<\/div>\n<h4 style=\"padding-top:20px\">Dal\u0161\u00ed ot\u00e1zky?<\/h4>\n<p>Nev\u00e1hejte n\u00e1m d\u00e1t <a href=\"https:\/\/www.peakdesign.cz\/kontakt\/\">v\u011bd\u011bt<\/a>, jsme tu pro v\u00e1s!<\/p>\n<p style=\"padding=bottom:30px\">\n","protected":false},"excerpt":{"rendered":"<p>Pro Pad pro Capture - pou\u017eit\u00ed a tipy Nov\u00fd Pro Pad dramaticky zvy\u0161uje stabilitu a pohodl\u00ed p\u0159i u\u017e\u00edv\u00e1n\u00ed Capture i s t\u011bmi nejt\u011b\u017e\u0161\u00edmi fotoapar\u00e1ty a objektivy. Lawrence (Peak Design Art Director) v\u00e1m uk\u00e1\u017ee, jak se Pro Pad pou\u017e\u00edv\u00e1 na opasku i batahu a co v\u0161echno nab\u00edz\u00ed: Dal\u0161\u00ed ot\u00e1zky? Nev\u00e1hejte n\u00e1m d\u00e1t v\u011bd\u011bt, jsme tu pro [&hellip;]<\/p>\n","protected":false},"author":1,"featured_media":3379,"parent":0,"menu_order":0,"comment_status":"open","ping_status":"open","template":"","meta":{"footnotes":""},"class_list":["post-3377","page","type-page","status-publish","has-post-thumbnail","hentry"],"yoast_head":"<!-- This site is optimized with the Yoast SEO plugin v27.4 - https:\/\/yoast.com\/product\/yoast-seo-wordpress\/ -->\n<title>Pro Pad pro Capture - pou\u017eit\u00ed a tipy - OneFive.cz - Prodejce Peak Design<\/title>\n<meta name=\"robots\" content=\"index, follow, max-snippet:-1, max-image-preview:large, max-video-preview:-1\" \/>\n<link rel=\"canonical\" href=\"https:\/\/www.onefive.cz\/peakdesign\/pro-pad-pro-capture-pouziti-a-tipy\/\" \/>\n<meta property=\"og:locale\" content=\"cs_CZ\" \/>\n<meta property=\"og:type\" content=\"article\" \/>\n<meta property=\"og:title\" content=\"Pro Pad pro Capture - pou\u017eit\u00ed a tipy - OneFive.cz - Prodejce Peak Design\" \/>\n<meta property=\"og:description\" content=\"Pro Pad pro Capture - pou\u017eit\u00ed a tipy Nov\u00fd Pro Pad dramaticky zvy\u0161uje stabilitu a pohodl\u00ed p\u0159i u\u017e\u00edv\u00e1n\u00ed Capture i s t\u011bmi nejt\u011b\u017e\u0161\u00edmi fotoapar\u00e1ty a objektivy. Lawrence (Peak Design Art Director) v\u00e1m uk\u00e1\u017ee, jak se Pro Pad pou\u017e\u00edv\u00e1 na opasku i batahu a co v\u0161echno nab\u00edz\u00ed: Dal\u0161\u00ed ot\u00e1zky? Nev\u00e1hejte n\u00e1m d\u00e1t v\u011bd\u011bt, jsme tu pro [&hellip;]\" \/>\n<meta property=\"og:url\" content=\"https:\/\/www.onefive.cz\/peakdesign\/pro-pad-pro-capture-pouziti-a-tipy\/\" \/>\n<meta property=\"og:site_name\" content=\"OneFive.cz - Prodejce Peak Design\" \/>\n<meta property=\"article:modified_time\" content=\"2018-01-14T16:02:52+00:00\" \/>\n<meta property=\"og:image\" content=\"https:\/\/i0.wp.com\/www.onefive.cz\/peakdesign\/wp-content\/uploads\/2018\/01\/propad-tips.jpg?fit=1776%2C1000&ssl=1\" \/>\n\t<meta property=\"og:image:width\" content=\"1776\" \/>\n\t<meta property=\"og:image:height\" content=\"1000\" \/>\n\t<meta property=\"og:image:type\" content=\"image\/jpeg\" \/>\n<meta name=\"twitter:card\" content=\"summary_large_image\" \/>\n<script type=\"application\/ld+json\" class=\"yoast-schema-graph\">{\"@context\":\"https:\\\/\\\/schema.org\",\"@graph\":[{\"@type\":\"WebPage\",\"@id\":\"https:\\\/\\\/www.onefive.cz\\\/peakdesign\\\/pro-pad-pro-capture-pouziti-a-tipy\\\/\",\"url\":\"https:\\\/\\\/www.onefive.cz\\\/peakdesign\\\/pro-pad-pro-capture-pouziti-a-tipy\\\/\",\"name\":\"Pro Pad pro Capture - pou\u017eit\u00ed a tipy - OneFive.cz - Prodejce Peak Design\",\"isPartOf\":{\"@id\":\"https:\\\/\\\/www.onefive.cz\\\/peakdesign\\\/#website\"},\"primaryImageOfPage\":{\"@id\":\"https:\\\/\\\/www.onefive.cz\\\/peakdesign\\\/pro-pad-pro-capture-pouziti-a-tipy\\\/#primaryimage\"},\"image\":{\"@id\":\"https:\\\/\\\/www.onefive.cz\\\/peakdesign\\\/pro-pad-pro-capture-pouziti-a-tipy\\\/#primaryimage\"},\"thumbnailUrl\":\"https:\\\/\\\/www.onefive.cz\\\/peakdesign\\\/wp-content\\\/uploads\\\/2018\\\/01\\\/propad-tips.jpg\",\"datePublished\":\"2018-01-14T15:57:14+00:00\",\"dateModified\":\"2018-01-14T16:02:52+00:00\",\"breadcrumb\":{\"@id\":\"https:\\\/\\\/www.onefive.cz\\\/peakdesign\\\/pro-pad-pro-capture-pouziti-a-tipy\\\/#breadcrumb\"},\"inLanguage\":\"cs\",\"potentialAction\":[{\"@type\":\"ReadAction\",\"target\":[\"https:\\\/\\\/www.onefive.cz\\\/peakdesign\\\/pro-pad-pro-capture-pouziti-a-tipy\\\/\"]}]},{\"@type\":\"ImageObject\",\"inLanguage\":\"cs\",\"@id\":\"https:\\\/\\\/www.onefive.cz\\\/peakdesign\\\/pro-pad-pro-capture-pouziti-a-tipy\\\/#primaryimage\",\"url\":\"https:\\\/\\\/www.onefive.cz\\\/peakdesign\\\/wp-content\\\/uploads\\\/2018\\\/01\\\/propad-tips.jpg\",\"contentUrl\":\"https:\\\/\\\/www.onefive.cz\\\/peakdesign\\\/wp-content\\\/uploads\\\/2018\\\/01\\\/propad-tips.jpg\",\"width\":1776,\"height\":1000},{\"@type\":\"BreadcrumbList\",\"@id\":\"https:\\\/\\\/www.onefive.cz\\\/peakdesign\\\/pro-pad-pro-capture-pouziti-a-tipy\\\/#breadcrumb\",\"itemListElement\":[{\"@type\":\"ListItem\",\"position\":1,\"name\":\"Dom\u016f\",\"item\":\"https:\\\/\\\/www.onefive.cz\\\/peakdesign\\\/\"},{\"@type\":\"ListItem\",\"position\":2,\"name\":\"Pro Pad pro Capture - pou\u017eit\u00ed a tipy\"}]},{\"@type\":\"WebSite\",\"@id\":\"https:\\\/\\\/www.onefive.cz\\\/peakdesign\\\/#website\",\"url\":\"https:\\\/\\\/www.onefive.cz\\\/peakdesign\\\/\",\"name\":\"OneFive.cz - Prodejce Peak Design\",\"description\":\"Kryty a dr\u017e\u00e1ky pro telefony, cestovn\u00ed a everyday batohy a ta\u0161ky, organiz\u00e9ry a fotop\u0159\u00edslu\u0161enstv\u00ed. Ultim\u00e1tn\u00ed v\u00fdbava pro ty, kte\u0159\u00ed vy\u017eaduj\u00ed to nejlep\u0161\u00ed.\",\"potentialAction\":[{\"@type\":\"SearchAction\",\"target\":{\"@type\":\"EntryPoint\",\"urlTemplate\":\"https:\\\/\\\/www.onefive.cz\\\/peakdesign\\\/?s={search_term_string}\"},\"query-input\":{\"@type\":\"PropertyValueSpecification\",\"valueRequired\":true,\"valueName\":\"search_term_string\"}}],\"inLanguage\":\"cs\"}]}<\/script>\n<!-- \/ Yoast SEO plugin. -->","yoast_head_json":{"title":"Pro Pad pro Capture - pou\u017eit\u00ed a tipy - OneFive.cz - Prodejce Peak Design","robots":{"index":"index","follow":"follow","max-snippet":"max-snippet:-1","max-image-preview":"max-image-preview:large","max-video-preview":"max-video-preview:-1"},"canonical":"https:\/\/www.onefive.cz\/peakdesign\/pro-pad-pro-capture-pouziti-a-tipy\/","og_locale":"cs_CZ","og_type":"article","og_title":"Pro Pad pro Capture - pou\u017eit\u00ed a tipy - OneFive.cz - Prodejce Peak Design","og_description":"Pro Pad pro Capture - pou\u017eit\u00ed a tipy Nov\u00fd Pro Pad dramaticky zvy\u0161uje stabilitu a pohodl\u00ed p\u0159i u\u017e\u00edv\u00e1n\u00ed Capture i s t\u011bmi nejt\u011b\u017e\u0161\u00edmi fotoapar\u00e1ty a objektivy. Lawrence (Peak Design Art Director) v\u00e1m uk\u00e1\u017ee, jak se Pro Pad pou\u017e\u00edv\u00e1 na opasku i batahu a co v\u0161echno nab\u00edz\u00ed: Dal\u0161\u00ed ot\u00e1zky? Nev\u00e1hejte n\u00e1m d\u00e1t v\u011bd\u011bt, jsme tu pro [&hellip;]","og_url":"https:\/\/www.onefive.cz\/peakdesign\/pro-pad-pro-capture-pouziti-a-tipy\/","og_site_name":"OneFive.cz - Prodejce Peak Design","article_modified_time":"2018-01-14T16:02:52+00:00","og_image":[{"width":1776,"height":1000,"url":"https:\/\/i0.wp.com\/www.onefive.cz\/peakdesign\/wp-content\/uploads\/2018\/01\/propad-tips.jpg?fit=1776%2C1000&ssl=1","type":"image\/jpeg"}],"twitter_card":"summary_large_image","schema":{"@context":"https:\/\/schema.org","@graph":[{"@type":"WebPage","@id":"https:\/\/www.onefive.cz\/peakdesign\/pro-pad-pro-capture-pouziti-a-tipy\/","url":"https:\/\/www.onefive.cz\/peakdesign\/pro-pad-pro-capture-pouziti-a-tipy\/","name":"Pro Pad pro Capture - pou\u017eit\u00ed a tipy - OneFive.cz - Prodejce Peak Design","isPartOf":{"@id":"https:\/\/www.onefive.cz\/peakdesign\/#website"},"primaryImageOfPage":{"@id":"https:\/\/www.onefive.cz\/peakdesign\/pro-pad-pro-capture-pouziti-a-tipy\/#primaryimage"},"image":{"@id":"https:\/\/www.onefive.cz\/peakdesign\/pro-pad-pro-capture-pouziti-a-tipy\/#primaryimage"},"thumbnailUrl":"https:\/\/www.onefive.cz\/peakdesign\/wp-content\/uploads\/2018\/01\/propad-tips.jpg","datePublished":"2018-01-14T15:57:14+00:00","dateModified":"2018-01-14T16:02:52+00:00","breadcrumb":{"@id":"https:\/\/www.onefive.cz\/peakdesign\/pro-pad-pro-capture-pouziti-a-tipy\/#breadcrumb"},"inLanguage":"cs","potentialAction":[{"@type":"ReadAction","target":["https:\/\/www.onefive.cz\/peakdesign\/pro-pad-pro-capture-pouziti-a-tipy\/"]}]},{"@type":"ImageObject","inLanguage":"cs","@id":"https:\/\/www.onefive.cz\/peakdesign\/pro-pad-pro-capture-pouziti-a-tipy\/#primaryimage","url":"https:\/\/www.onefive.cz\/peakdesign\/wp-content\/uploads\/2018\/01\/propad-tips.jpg","contentUrl":"https:\/\/www.onefive.cz\/peakdesign\/wp-content\/uploads\/2018\/01\/propad-tips.jpg","width":1776,"height":1000},{"@type":"BreadcrumbList","@id":"https:\/\/www.onefive.cz\/peakdesign\/pro-pad-pro-capture-pouziti-a-tipy\/#breadcrumb","itemListElement":[{"@type":"ListItem","position":1,"name":"Dom\u016f","item":"https:\/\/www.onefive.cz\/peakdesign\/"},{"@type":"ListItem","position":2,"name":"Pro Pad pro Capture - pou\u017eit\u00ed a tipy"}]},{"@type":"WebSite","@id":"https:\/\/www.onefive.cz\/peakdesign\/#website","url":"https:\/\/www.onefive.cz\/peakdesign\/","name":"OneFive.cz - Prodejce Peak Design","description":"Kryty a dr\u017e\u00e1ky pro telefony, cestovn\u00ed a everyday batohy a ta\u0161ky, organiz\u00e9ry a fotop\u0159\u00edslu\u0161enstv\u00ed. Ultim\u00e1tn\u00ed v\u00fdbava pro ty, kte\u0159\u00ed vy\u017eaduj\u00ed to nejlep\u0161\u00ed.","potentialAction":[{"@type":"SearchAction","target":{"@type":"EntryPoint","urlTemplate":"https:\/\/www.onefive.cz\/peakdesign\/?s={search_term_string}"},"query-input":{"@type":"PropertyValueSpecification","valueRequired":true,"valueName":"search_term_string"}}],"inLanguage":"cs"}]}},"_links":{"self":[{"href":"https:\/\/www.onefive.cz\/peakdesign\/wp-json\/wp\/v2\/pages\/3377","targetHints":{"allow":["GET"]}}],"collection":[{"href":"https:\/\/www.onefive.cz\/peakdesign\/wp-json\/wp\/v2\/pages"}],"about":[{"href":"https:\/\/www.onefive.cz\/peakdesign\/wp-json\/wp\/v2\/types\/page"}],"author":[{"embeddable":true,"href":"https:\/\/www.onefive.cz\/peakdesign\/wp-json\/wp\/v2\/users\/1"}],"replies":[{"embeddable":true,"href":"https:\/\/www.onefive.cz\/peakdesign\/wp-json\/wp\/v2\/comments?post=3377"}],"version-history":[{"count":0,"href":"https:\/\/www.onefive.cz\/peakdesign\/wp-json\/wp\/v2\/pages\/3377\/revisions"}],"wp:featuredmedia":[{"embeddable":true,"href":"https:\/\/www.onefive.cz\/peakdesign\/wp-json\/wp\/v2\/media\/3379"}],"wp:attachment":[{"href":"https:\/\/www.onefive.cz\/peakdesign\/wp-json\/wp\/v2\/media?parent=3377"}],"curies":[{"name":"wp","href":"https:\/\/api.w.org\/{rel}","templated":true}]}}