{"id":414,"date":"2014-01-05T13:03:03","date_gmt":"2014-01-05T13:03:03","guid":{"rendered":"http:\/\/onefive.cz\/?page_id=414"},"modified":"2017-07-02T09:16:18","modified_gmt":"2017-07-02T09:16:18","slug":"pro-plate-vyber-desticky","status":"publish","type":"page","link":"https:\/\/www.onefive.cz\/peakdesign\/tipy-navody\/pro-plate-vyber-desticky\/","title":{"rendered":"PRO Plate: V\u00fdb\u011br desti\u010dky"},"content":{"rendered":"<div class='content-column two_third'><h1>PRO Plate: V\u00fdb\u011br desti\u010dky<\/h1>\n<p><\/br><\/p>\n<h3>AKTUALIZACE<\/h3>\n<p>Od p\u0159edchoz\u00edho modelu CapturePRO Camera Clip se nov\u00fd (v prodeji od roku 2014) li\u0161\u00ed desti\u010dkou PROplate. Tato nov\u00e1 desti\u010dka, kter\u00e1 je obsa\u017eena v sad\u011b, kombinuje funkci v\u0161ech t\u0159\u00ed p\u0159edchoz\u00edch verz\u00ed desti\u010dek PROplate do jedn\u00e9 nov\u00e9 desti\u010dky PROplate. <strong>V\u00fdb\u011brem desti\u010dky se ji\u017e tedy nemus\u00edte zab\u00fdvat<\/strong>. N\u00e1sleduj\u00edc\u00ed text ji\u017e tedy pro CapturePRO Camera Clip aktu\u00e1ln\u00ed. Pokud z n\u011bjak\u00e9ho d\u016fvodu pot\u0159ebujete n\u011bkterou ze star\u0161\u00edch typ\u016f PRO desti\u010dek (ARCAplate\u00ae, DUALplate\u00ae nebo MICROplate\u00ae), kontaktujte n\u00e1s - desti\u010dky jsou st\u00e1le k dispozici.<\/p>\n<p><\/br><br \/>\nK p\u0159edchoz\u00edmu modelu <a href=\"https:\/\/www.onefive.cz\/peakdesign\/produkt\/capture-pro-camera-clip-2\/\">Capture PRO<\/a> byly k dispozici t\u0159i rychloup\u00ednac\u00ed desti\u010dky: ARCAplate\u00ae, DUALplate\u00ae a MICROplate\u00ae. Ka\u017ed\u00e9 balen\u00ed Capture obsahovalo jednu z desti\u010dek, lze je v\u0161ak dokoupit i dodate\u010dn\u011b.<br \/>\n[divider]<\/p>\n<h1>V\u00fdb\u011br desti\u010dky<\/h1>\n<p>Kupujete si Capture\u00ae a nev\u00edte, jakou desti\u010dku pot\u0159ebujete? Abyste si spr\u00e1vn\u011b vybrali, p\u0159ehledn\u011b v\u00e1m rozd\u00edly vysv\u011btl\u00edme.<\/p>\n<p>1. <strong>ARCAplate<\/strong> je standardn\u00ed desti\u010dka v balen\u00ed dr\u017e\u00e1ku Capture. Pokud v\u00e1h\u00e1te, kterou z desti\u010dek vybrat, ARCAplate je pravd\u011bpodobn\u011b ta spr\u00e1vn\u00e1. Jedin\u00e9 vyj\u00edmky, kdy ARCAplate nen\u00ed vhodn\u00e1, jsou n\u00e1sleduj\u00edc\u00ed body #2 a #3...<\/p>\n<p>2. Pokud m\u00e1te stativovou hlavu Manfrotto RC2, pak si vyberte <strong>DUALplate<\/strong>. Desti\u010dka <strong>DUALplate<\/strong> je speci\u00e1ln\u00e9 ur\u010den\u00e1 pro tyto stativy.<\/p>\n<p><img loading=\"lazy\" decoding=\"async\" src=\"https:\/\/www.peakdesign.cz\/wp-content\/uploads\/2014\/01\/Tips-Graphics-For-Website-13.png\" alt=\"Tips-Graphics-For-Website-13\" width=\"618\" height=\"290\" class=\"aligncenter size-full wp-image-427\" srcset=\"https:\/\/www.onefive.cz\/peakdesign\/wp-content\/uploads\/2014\/01\/Tips-Graphics-For-Website-13.png 618w, https:\/\/www.onefive.cz\/peakdesign\/wp-content\/uploads\/2014\/01\/Tips-Graphics-For-Website-13-500x235.png 500w, https:\/\/www.onefive.cz\/peakdesign\/wp-content\/uploads\/2014\/01\/Tips-Graphics-For-Website-13-24x11.png 24w, https:\/\/www.onefive.cz\/peakdesign\/wp-content\/uploads\/2014\/01\/Tips-Graphics-For-Website-13-36x17.png 36w, https:\/\/www.onefive.cz\/peakdesign\/wp-content\/uploads\/2014\/01\/Tips-Graphics-For-Website-13-48x23.png 48w, https:\/\/www.onefive.cz\/peakdesign\/wp-content\/uploads\/2014\/01\/Tips-Graphics-For-Website-13-450x211.png 450w\" sizes=\"auto, (max-width: 618px) 100vw, 618px\" \/><\/p>\n<p>3. Pokud se chyst\u00e1te pou\u017e\u00edvat Capture hlavn\u011b s jin\u00fdmi fotoapar\u00e1ty ne\u017e jsou zrcadlovky (tedy hlavn\u011b kompakty bez nebo s v\u00fdm\u011bnn\u00fdmi objektivy), je nejlep\u0161\u00ed volbou desti\u010dka <strong>MICROplate<\/strong>. <strong>MICROplate<\/strong> je ur\u010dena pro fotoapar\u00e1ty s men\u0161\u00edm t\u011blem.<\/p>\n<p><img loading=\"lazy\" decoding=\"async\" src=\"https:\/\/www.peakdesign.cz\/wp-content\/uploads\/2014\/01\/Tips-Graphics-For-Website-14.png\" alt=\"Tips-Graphics-For-Website-14\" width=\"481\" height=\"220\" class=\"aligncenter size-full wp-image-434\" srcset=\"https:\/\/www.onefive.cz\/peakdesign\/wp-content\/uploads\/2014\/01\/Tips-Graphics-For-Website-14.png 481w, https:\/\/www.onefive.cz\/peakdesign\/wp-content\/uploads\/2014\/01\/Tips-Graphics-For-Website-14-24x11.png 24w, https:\/\/www.onefive.cz\/peakdesign\/wp-content\/uploads\/2014\/01\/Tips-Graphics-For-Website-14-36x16.png 36w, https:\/\/www.onefive.cz\/peakdesign\/wp-content\/uploads\/2014\/01\/Tips-Graphics-For-Website-14-48x22.png 48w, https:\/\/www.onefive.cz\/peakdesign\/wp-content\/uploads\/2014\/01\/Tips-Graphics-For-Website-14-450x206.png 450w\" sizes=\"auto, (max-width: 481px) 100vw, 481px\" \/><\/p>\n<p>To je v\u0161e. Kdy\u017e za\u010dnete s desti\u010dkou <strong>ARCAplate<\/strong> a oak si po\u0159\u00edd\u00edte nova fotoapar\u00e1t nebo stativ Manfrotto\u00ae, v\u017edy si m\u016f\u017eete dokoupit desti\u010dku <strong>MICROplate<\/strong> nebo <strong>DUALplate<\/strong>. V\u0161echny desti\u010dky jsou kompatibiln\u00ed s dr\u017e\u00e1kem Capture\u00ae Camera Clip, tak\u017ee nebudete muset m\u011bnit nabo upgradovat dr\u017e\u00e1k Capture\u00ae. Upozorn\u011bn\u00ed - mezi v\u0161emi 3 desti\u010dkami jsou drobn\u00e9 funk\u010dn\u00ed rozd\u00edly - \u010dt\u011bte d\u00e1le...<\/p><\/div><br \/>\n<div class='content-column one_third last_column'><h3>Vyberte t\u00e9ma:<\/h3>\n<p><a href=\"https:\/\/www.onefive.cz\/peakdesign\/produkt\/tipy-navody\/capture-navod\/\" title=\"Capture: N\u00e1vod\"><strong>Capture: N\u00e1vod<\/strong><\/a><br \/>\n<a href=\"https:\/\/www.onefive.cz\/peakdesign\/produkt\/tipy-navody\/capture-na-batohu\/\" title=\"Capture: Na batohu\"><strong>Capture: Na batohu<\/strong><\/a><br \/>\n<a href=\"https:\/\/www.onefive.cz\/peakdesign\/produkt\/tipy-navody\/capture-na-opasku\/\" title=\"Capture: Na opasku\"><strong>Capture: Na opasku<\/strong><\/a><br \/>\n<strong>PRO Plate: V\u00fdb\u011br desti\u010dky<\/strong><br \/>\n<a href=\"\"><strong>PRO Plate: N\u00e1vod<\/strong><\/a><\/p><\/div><div class='clear_column'><\/div><\/p>\n","protected":false},"excerpt":{"rendered":"","protected":false},"author":1,"featured_media":0,"parent":227,"menu_order":0,"comment_status":"open","ping_status":"open","template":"","meta":{"footnotes":""},"class_list":["post-414","page","type-page","status-publish","hentry"],"yoast_head":"<!-- This site is optimized with the Yoast SEO plugin v27.4 - https:\/\/yoast.com\/product\/yoast-seo-wordpress\/ -->\n<title>PRO Plate: V\u00fdb\u011br desti\u010dky - OneFive.cz - Prodejce Peak Design<\/title>\n<meta name=\"robots\" content=\"index, follow, max-snippet:-1, max-image-preview:large, max-video-preview:-1\" \/>\n<link rel=\"canonical\" href=\"https:\/\/www.onefive.cz\/peakdesign\/tipy-navody\/pro-plate-vyber-desticky\/\" \/>\n<meta property=\"og:locale\" content=\"cs_CZ\" \/>\n<meta property=\"og:type\" content=\"article\" \/>\n<meta property=\"og:title\" content=\"PRO Plate: V\u00fdb\u011br desti\u010dky - OneFive.cz - Prodejce Peak Design\" \/>\n<meta property=\"og:url\" content=\"https:\/\/www.onefive.cz\/peakdesign\/tipy-navody\/pro-plate-vyber-desticky\/\" \/>\n<meta property=\"og:site_name\" content=\"OneFive.cz - Prodejce Peak Design\" \/>\n<meta property=\"article:modified_time\" content=\"2017-07-02T09:16:18+00:00\" \/>\n<meta property=\"og:image\" content=\"https:\/\/www.peakdesign.cz\/wp-content\/uploads\/2014\/01\/Tips-Graphics-For-Website-13.png\" \/>\n<meta name=\"twitter:card\" content=\"summary_large_image\" \/>\n<meta name=\"twitter:label1\" content=\"Odhadovan\u00e1 doba \u010dten\u00ed\" \/>\n\t<meta name=\"twitter:data1\" content=\"2 minuty\" \/>\n<script type=\"application\/ld+json\" class=\"yoast-schema-graph\">{\"@context\":\"https:\\\/\\\/schema.org\",\"@graph\":[{\"@type\":\"WebPage\",\"@id\":\"https:\\\/\\\/www.onefive.cz\\\/peakdesign\\\/tipy-navody\\\/pro-plate-vyber-desticky\\\/\",\"url\":\"https:\\\/\\\/www.onefive.cz\\\/peakdesign\\\/tipy-navody\\\/pro-plate-vyber-desticky\\\/\",\"name\":\"PRO Plate: V\u00fdb\u011br desti\u010dky - OneFive.cz - Prodejce Peak Design\",\"isPartOf\":{\"@id\":\"https:\\\/\\\/www.onefive.cz\\\/peakdesign\\\/#website\"},\"primaryImageOfPage\":{\"@id\":\"https:\\\/\\\/www.onefive.cz\\\/peakdesign\\\/tipy-navody\\\/pro-plate-vyber-desticky\\\/#primaryimage\"},\"image\":{\"@id\":\"https:\\\/\\\/www.onefive.cz\\\/peakdesign\\\/tipy-navody\\\/pro-plate-vyber-desticky\\\/#primaryimage\"},\"thumbnailUrl\":\"https:\\\/\\\/www.peakdesign.cz\\\/wp-content\\\/uploads\\\/2014\\\/01\\\/Tips-Graphics-For-Website-13.png\",\"datePublished\":\"2014-01-05T13:03:03+00:00\",\"dateModified\":\"2017-07-02T09:16:18+00:00\",\"breadcrumb\":{\"@id\":\"https:\\\/\\\/www.onefive.cz\\\/peakdesign\\\/tipy-navody\\\/pro-plate-vyber-desticky\\\/#breadcrumb\"},\"inLanguage\":\"cs\",\"potentialAction\":[{\"@type\":\"ReadAction\",\"target\":[\"https:\\\/\\\/www.onefive.cz\\\/peakdesign\\\/tipy-navody\\\/pro-plate-vyber-desticky\\\/\"]}]},{\"@type\":\"ImageObject\",\"inLanguage\":\"cs\",\"@id\":\"https:\\\/\\\/www.onefive.cz\\\/peakdesign\\\/tipy-navody\\\/pro-plate-vyber-desticky\\\/#primaryimage\",\"url\":\"https:\\\/\\\/www.peakdesign.cz\\\/wp-content\\\/uploads\\\/2014\\\/01\\\/Tips-Graphics-For-Website-13.png\",\"contentUrl\":\"https:\\\/\\\/www.peakdesign.cz\\\/wp-content\\\/uploads\\\/2014\\\/01\\\/Tips-Graphics-For-Website-13.png\"},{\"@type\":\"BreadcrumbList\",\"@id\":\"https:\\\/\\\/www.onefive.cz\\\/peakdesign\\\/tipy-navody\\\/pro-plate-vyber-desticky\\\/#breadcrumb\",\"itemListElement\":[{\"@type\":\"ListItem\",\"position\":1,\"name\":\"Dom\u016f\",\"item\":\"https:\\\/\\\/www.onefive.cz\\\/peakdesign\\\/\"},{\"@type\":\"ListItem\",\"position\":2,\"name\":\"Tipy &#038; N\u00e1vody\",\"item\":\"https:\\\/\\\/www.onefive.cz\\\/peakdesign\\\/tipy-navody\\\/\"},{\"@type\":\"ListItem\",\"position\":3,\"name\":\"PRO Plate: V\u00fdb\u011br desti\u010dky\"}]},{\"@type\":\"WebSite\",\"@id\":\"https:\\\/\\\/www.onefive.cz\\\/peakdesign\\\/#website\",\"url\":\"https:\\\/\\\/www.onefive.cz\\\/peakdesign\\\/\",\"name\":\"OneFive.cz - Prodejce Peak Design\",\"description\":\"Kryty a dr\u017e\u00e1ky pro telefony, cestovn\u00ed a everyday batohy a ta\u0161ky, organiz\u00e9ry a fotop\u0159\u00edslu\u0161enstv\u00ed. Ultim\u00e1tn\u00ed v\u00fdbava pro ty, kte\u0159\u00ed vy\u017eaduj\u00ed to nejlep\u0161\u00ed.\",\"potentialAction\":[{\"@type\":\"SearchAction\",\"target\":{\"@type\":\"EntryPoint\",\"urlTemplate\":\"https:\\\/\\\/www.onefive.cz\\\/peakdesign\\\/?s={search_term_string}\"},\"query-input\":{\"@type\":\"PropertyValueSpecification\",\"valueRequired\":true,\"valueName\":\"search_term_string\"}}],\"inLanguage\":\"cs\"}]}<\/script>\n<!-- \/ Yoast SEO plugin. -->","yoast_head_json":{"title":"PRO Plate: V\u00fdb\u011br desti\u010dky - OneFive.cz - Prodejce Peak Design","robots":{"index":"index","follow":"follow","max-snippet":"max-snippet:-1","max-image-preview":"max-image-preview:large","max-video-preview":"max-video-preview:-1"},"canonical":"https:\/\/www.onefive.cz\/peakdesign\/tipy-navody\/pro-plate-vyber-desticky\/","og_locale":"cs_CZ","og_type":"article","og_title":"PRO Plate: V\u00fdb\u011br desti\u010dky - OneFive.cz - Prodejce Peak Design","og_url":"https:\/\/www.onefive.cz\/peakdesign\/tipy-navody\/pro-plate-vyber-desticky\/","og_site_name":"OneFive.cz - Prodejce Peak Design","article_modified_time":"2017-07-02T09:16:18+00:00","og_image":[{"url":"https:\/\/www.peakdesign.cz\/wp-content\/uploads\/2014\/01\/Tips-Graphics-For-Website-13.png","type":"","width":"","height":""}],"twitter_card":"summary_large_image","twitter_misc":{"Odhadovan\u00e1 doba \u010dten\u00ed":"2 minuty"},"schema":{"@context":"https:\/\/schema.org","@graph":[{"@type":"WebPage","@id":"https:\/\/www.onefive.cz\/peakdesign\/tipy-navody\/pro-plate-vyber-desticky\/","url":"https:\/\/www.onefive.cz\/peakdesign\/tipy-navody\/pro-plate-vyber-desticky\/","name":"PRO Plate: V\u00fdb\u011br desti\u010dky - OneFive.cz - Prodejce Peak Design","isPartOf":{"@id":"https:\/\/www.onefive.cz\/peakdesign\/#website"},"primaryImageOfPage":{"@id":"https:\/\/www.onefive.cz\/peakdesign\/tipy-navody\/pro-plate-vyber-desticky\/#primaryimage"},"image":{"@id":"https:\/\/www.onefive.cz\/peakdesign\/tipy-navody\/pro-plate-vyber-desticky\/#primaryimage"},"thumbnailUrl":"https:\/\/www.peakdesign.cz\/wp-content\/uploads\/2014\/01\/Tips-Graphics-For-Website-13.png","datePublished":"2014-01-05T13:03:03+00:00","dateModified":"2017-07-02T09:16:18+00:00","breadcrumb":{"@id":"https:\/\/www.onefive.cz\/peakdesign\/tipy-navody\/pro-plate-vyber-desticky\/#breadcrumb"},"inLanguage":"cs","potentialAction":[{"@type":"ReadAction","target":["https:\/\/www.onefive.cz\/peakdesign\/tipy-navody\/pro-plate-vyber-desticky\/"]}]},{"@type":"ImageObject","inLanguage":"cs","@id":"https:\/\/www.onefive.cz\/peakdesign\/tipy-navody\/pro-plate-vyber-desticky\/#primaryimage","url":"https:\/\/www.peakdesign.cz\/wp-content\/uploads\/2014\/01\/Tips-Graphics-For-Website-13.png","contentUrl":"https:\/\/www.peakdesign.cz\/wp-content\/uploads\/2014\/01\/Tips-Graphics-For-Website-13.png"},{"@type":"BreadcrumbList","@id":"https:\/\/www.onefive.cz\/peakdesign\/tipy-navody\/pro-plate-vyber-desticky\/#breadcrumb","itemListElement":[{"@type":"ListItem","position":1,"name":"Dom\u016f","item":"https:\/\/www.onefive.cz\/peakdesign\/"},{"@type":"ListItem","position":2,"name":"Tipy &#038; N\u00e1vody","item":"https:\/\/www.onefive.cz\/peakdesign\/tipy-navody\/"},{"@type":"ListItem","position":3,"name":"PRO Plate: V\u00fdb\u011br desti\u010dky"}]},{"@type":"WebSite","@id":"https:\/\/www.onefive.cz\/peakdesign\/#website","url":"https:\/\/www.onefive.cz\/peakdesign\/","name":"OneFive.cz - Prodejce Peak Design","description":"Kryty a dr\u017e\u00e1ky pro telefony, cestovn\u00ed a everyday batohy a ta\u0161ky, organiz\u00e9ry a fotop\u0159\u00edslu\u0161enstv\u00ed. Ultim\u00e1tn\u00ed v\u00fdbava pro ty, kte\u0159\u00ed vy\u017eaduj\u00ed to nejlep\u0161\u00ed.","potentialAction":[{"@type":"SearchAction","target":{"@type":"EntryPoint","urlTemplate":"https:\/\/www.onefive.cz\/peakdesign\/?s={search_term_string}"},"query-input":{"@type":"PropertyValueSpecification","valueRequired":true,"valueName":"search_term_string"}}],"inLanguage":"cs"}]}},"_links":{"self":[{"href":"https:\/\/www.onefive.cz\/peakdesign\/wp-json\/wp\/v2\/pages\/414","targetHints":{"allow":["GET"]}}],"collection":[{"href":"https:\/\/www.onefive.cz\/peakdesign\/wp-json\/wp\/v2\/pages"}],"about":[{"href":"https:\/\/www.onefive.cz\/peakdesign\/wp-json\/wp\/v2\/types\/page"}],"author":[{"embeddable":true,"href":"https:\/\/www.onefive.cz\/peakdesign\/wp-json\/wp\/v2\/users\/1"}],"replies":[{"embeddable":true,"href":"https:\/\/www.onefive.cz\/peakdesign\/wp-json\/wp\/v2\/comments?post=414"}],"version-history":[{"count":0,"href":"https:\/\/www.onefive.cz\/peakdesign\/wp-json\/wp\/v2\/pages\/414\/revisions"}],"up":[{"embeddable":true,"href":"https:\/\/www.onefive.cz\/peakdesign\/wp-json\/wp\/v2\/pages\/227"}],"wp:attachment":[{"href":"https:\/\/www.onefive.cz\/peakdesign\/wp-json\/wp\/v2\/media?parent=414"}],"curies":[{"name":"wp","href":"https:\/\/api.w.org\/{rel}","templated":true}]}}