{"id":4305,"date":"2018-11-16T00:23:16","date_gmt":"2018-11-15T23:23:16","guid":{"rendered":"https:\/\/www.peakdesign.cz\/?page_id=4305"},"modified":"2020-03-22T16:15:15","modified_gmt":"2020-03-22T15:15:15","slug":"dostupnost-travel-tripod","status":"publish","type":"page","link":"https:\/\/www.onefive.cz\/peakdesign\/dostupnost-travel-tripod\/","title":{"rendered":"Dostupnost Travel Tripod"},"content":{"rendered":"<h3 class=\"top_header\">Dostupnost Travel Tripod<\/h3>\n<p>&nbsp;<\/p>\n<p>V\u0161echny informace ohledn\u011b dostupnosti <a href=\"https:\/\/www.onefive.cz\/peakdesign\/produkt\/travel-tripod\/\">Travel Tripod<\/a> aktualizujeme na t\u00e9to str\u00e1nce.<\/p>\n<p>20. 3. 2020 - Stativy m\u00e1me na sklad\u011b v \u010cR. Celosv\u011btov\u00fd za\u010d\u00e1tek prodeje je 7. 4. 2020. (V prosinci 2019 \/ lednu 2020 Peak Design expeduje stativy z\u00e1kazn\u00edk\u016fm, kte\u0159\u00ed si je koupili v l\u00e9t\u011b v r\u00e1mci KS kampan\u011b. V prodejn\u00ed s\u00edti stativy je\u0161t\u011b nejsou a do za\u010d\u00e1tku prodeje nebudou.)<\/p>\n<p><a href=\"https:\/\/www.peakdesign.cz\/wp-content\/uploads\/2019\/07\/TT_S_1002.jpg\"><img decoding=\"async\" src=\"https:\/\/www.peakdesign.cz\/wp-content\/uploads\/2019\/07\/TT_S_1002.jpg\" alt=\"\" width=\"900\" class=\"alignnone size-full\" \/><\/a><\/p>\n","protected":false},"excerpt":{"rendered":"<p>Dostupnost Travel Tripod &nbsp; V\u0161echny informace ohledn\u011b dostupnosti Travel Tripod aktualizujeme na t\u00e9to str\u00e1nce. 20. 3. 2020 - Stativy m\u00e1me na sklad\u011b v \u010cR. Celosv\u011btov\u00fd za\u010d\u00e1tek prodeje je 7. 4. 2020. (V prosinci 2019 \/ lednu 2020 Peak Design expeduje stativy z\u00e1kazn\u00edk\u016fm, kte\u0159\u00ed si je koupili v l\u00e9t\u011b v r\u00e1mci KS kampan\u011b. V prodejn\u00ed s\u00edti [&hellip;]<\/p>\n","protected":false},"author":1,"featured_media":5949,"parent":0,"menu_order":0,"comment_status":"open","ping_status":"open","template":"","meta":{"footnotes":""},"class_list":["post-4305","page","type-page","status-publish","has-post-thumbnail","hentry"],"yoast_head":"<!-- This site is optimized with the Yoast SEO plugin v27.4 - https:\/\/yoast.com\/product\/yoast-seo-wordpress\/ -->\n<title>Dostupnost Travel Tripod - OneFive.cz - Prodejce Peak Design<\/title>\n<meta name=\"robots\" content=\"noindex, nofollow\" \/>\n<meta property=\"og:locale\" content=\"cs_CZ\" \/>\n<meta property=\"og:type\" content=\"article\" \/>\n<meta property=\"og:title\" content=\"Dostupnost Travel Tripod - OneFive.cz - Prodejce Peak Design\" \/>\n<meta property=\"og:description\" content=\"Dostupnost Travel Tripod &nbsp; V\u0161echny informace ohledn\u011b dostupnosti Travel Tripod aktualizujeme na t\u00e9to str\u00e1nce. 20. 3. 2020 - Stativy m\u00e1me na sklad\u011b v \u010cR. Celosv\u011btov\u00fd za\u010d\u00e1tek prodeje je 7. 4. 2020. (V prosinci 2019 \/ lednu 2020 Peak Design expeduje stativy z\u00e1kazn\u00edk\u016fm, kte\u0159\u00ed si je koupili v l\u00e9t\u011b v r\u00e1mci KS kampan\u011b. V prodejn\u00ed s\u00edti [&hellip;]\" \/>\n<meta property=\"og:url\" content=\"https:\/\/www.onefive.cz\/peakdesign\/dostupnost-travel-tripod\/\" \/>\n<meta property=\"og:site_name\" content=\"OneFive.cz - Prodejce Peak Design\" \/>\n<meta property=\"article:modified_time\" content=\"2020-03-22T15:15:15+00:00\" \/>\n<meta property=\"og:image\" content=\"https:\/\/i0.wp.com\/www.onefive.cz\/peakdesign\/wp-content\/uploads\/2019\/07\/TT_S_1002.jpg?fit=1600%2C1067&ssl=1\" \/>\n\t<meta property=\"og:image:width\" content=\"1600\" \/>\n\t<meta property=\"og:image:height\" content=\"1067\" \/>\n\t<meta property=\"og:image:type\" content=\"image\/jpeg\" \/>\n<meta name=\"twitter:card\" content=\"summary_large_image\" \/>\n<script type=\"application\/ld+json\" class=\"yoast-schema-graph\">{\"@context\":\"https:\\\/\\\/schema.org\",\"@graph\":[{\"@type\":\"WebPage\",\"@id\":\"https:\\\/\\\/www.onefive.cz\\\/peakdesign\\\/dostupnost-travel-tripod\\\/\",\"url\":\"https:\\\/\\\/www.onefive.cz\\\/peakdesign\\\/dostupnost-travel-tripod\\\/\",\"name\":\"Dostupnost Travel Tripod - OneFive.cz - Prodejce Peak Design\",\"isPartOf\":{\"@id\":\"https:\\\/\\\/www.onefive.cz\\\/peakdesign\\\/#website\"},\"primaryImageOfPage\":{\"@id\":\"https:\\\/\\\/www.onefive.cz\\\/peakdesign\\\/dostupnost-travel-tripod\\\/#primaryimage\"},\"image\":{\"@id\":\"https:\\\/\\\/www.onefive.cz\\\/peakdesign\\\/dostupnost-travel-tripod\\\/#primaryimage\"},\"thumbnailUrl\":\"https:\\\/\\\/www.onefive.cz\\\/peakdesign\\\/wp-content\\\/uploads\\\/2019\\\/07\\\/TT_S_1002.jpg\",\"datePublished\":\"2018-11-15T23:23:16+00:00\",\"dateModified\":\"2020-03-22T15:15:15+00:00\",\"breadcrumb\":{\"@id\":\"https:\\\/\\\/www.onefive.cz\\\/peakdesign\\\/dostupnost-travel-tripod\\\/#breadcrumb\"},\"inLanguage\":\"cs\",\"potentialAction\":[{\"@type\":\"ReadAction\",\"target\":[\"https:\\\/\\\/www.onefive.cz\\\/peakdesign\\\/dostupnost-travel-tripod\\\/\"]}]},{\"@type\":\"ImageObject\",\"inLanguage\":\"cs\",\"@id\":\"https:\\\/\\\/www.onefive.cz\\\/peakdesign\\\/dostupnost-travel-tripod\\\/#primaryimage\",\"url\":\"https:\\\/\\\/www.onefive.cz\\\/peakdesign\\\/wp-content\\\/uploads\\\/2019\\\/07\\\/TT_S_1002.jpg\",\"contentUrl\":\"https:\\\/\\\/www.onefive.cz\\\/peakdesign\\\/wp-content\\\/uploads\\\/2019\\\/07\\\/TT_S_1002.jpg\",\"width\":1600,\"height\":1067},{\"@type\":\"BreadcrumbList\",\"@id\":\"https:\\\/\\\/www.onefive.cz\\\/peakdesign\\\/dostupnost-travel-tripod\\\/#breadcrumb\",\"itemListElement\":[{\"@type\":\"ListItem\",\"position\":1,\"name\":\"Dom\u016f\",\"item\":\"https:\\\/\\\/www.onefive.cz\\\/peakdesign\\\/\"},{\"@type\":\"ListItem\",\"position\":2,\"name\":\"Dostupnost Travel Tripod\"}]},{\"@type\":\"WebSite\",\"@id\":\"https:\\\/\\\/www.onefive.cz\\\/peakdesign\\\/#website\",\"url\":\"https:\\\/\\\/www.onefive.cz\\\/peakdesign\\\/\",\"name\":\"OneFive.cz - Prodejce Peak Design\",\"description\":\"Kryty a dr\u017e\u00e1ky pro telefony, cestovn\u00ed a everyday batohy a ta\u0161ky, organiz\u00e9ry a fotop\u0159\u00edslu\u0161enstv\u00ed. Ultim\u00e1tn\u00ed v\u00fdbava pro ty, kte\u0159\u00ed vy\u017eaduj\u00ed to nejlep\u0161\u00ed.\",\"potentialAction\":[{\"@type\":\"SearchAction\",\"target\":{\"@type\":\"EntryPoint\",\"urlTemplate\":\"https:\\\/\\\/www.onefive.cz\\\/peakdesign\\\/?s={search_term_string}\"},\"query-input\":{\"@type\":\"PropertyValueSpecification\",\"valueRequired\":true,\"valueName\":\"search_term_string\"}}],\"inLanguage\":\"cs\"}]}<\/script>\n<!-- \/ Yoast SEO plugin. -->","yoast_head_json":{"title":"Dostupnost Travel Tripod - OneFive.cz - Prodejce Peak Design","robots":{"index":"noindex","follow":"nofollow"},"og_locale":"cs_CZ","og_type":"article","og_title":"Dostupnost Travel Tripod - OneFive.cz - Prodejce Peak Design","og_description":"Dostupnost Travel Tripod &nbsp; V\u0161echny informace ohledn\u011b dostupnosti Travel Tripod aktualizujeme na t\u00e9to str\u00e1nce. 20. 3. 2020 - Stativy m\u00e1me na sklad\u011b v \u010cR. Celosv\u011btov\u00fd za\u010d\u00e1tek prodeje je 7. 4. 2020. (V prosinci 2019 \/ lednu 2020 Peak Design expeduje stativy z\u00e1kazn\u00edk\u016fm, kte\u0159\u00ed si je koupili v l\u00e9t\u011b v r\u00e1mci KS kampan\u011b. V prodejn\u00ed s\u00edti [&hellip;]","og_url":"https:\/\/www.onefive.cz\/peakdesign\/dostupnost-travel-tripod\/","og_site_name":"OneFive.cz - Prodejce Peak Design","article_modified_time":"2020-03-22T15:15:15+00:00","og_image":[{"width":1600,"height":1067,"url":"https:\/\/i0.wp.com\/www.onefive.cz\/peakdesign\/wp-content\/uploads\/2019\/07\/TT_S_1002.jpg?fit=1600%2C1067&ssl=1","type":"image\/jpeg"}],"twitter_card":"summary_large_image","schema":{"@context":"https:\/\/schema.org","@graph":[{"@type":"WebPage","@id":"https:\/\/www.onefive.cz\/peakdesign\/dostupnost-travel-tripod\/","url":"https:\/\/www.onefive.cz\/peakdesign\/dostupnost-travel-tripod\/","name":"Dostupnost Travel Tripod - OneFive.cz - Prodejce Peak Design","isPartOf":{"@id":"https:\/\/www.onefive.cz\/peakdesign\/#website"},"primaryImageOfPage":{"@id":"https:\/\/www.onefive.cz\/peakdesign\/dostupnost-travel-tripod\/#primaryimage"},"image":{"@id":"https:\/\/www.onefive.cz\/peakdesign\/dostupnost-travel-tripod\/#primaryimage"},"thumbnailUrl":"https:\/\/www.onefive.cz\/peakdesign\/wp-content\/uploads\/2019\/07\/TT_S_1002.jpg","datePublished":"2018-11-15T23:23:16+00:00","dateModified":"2020-03-22T15:15:15+00:00","breadcrumb":{"@id":"https:\/\/www.onefive.cz\/peakdesign\/dostupnost-travel-tripod\/#breadcrumb"},"inLanguage":"cs","potentialAction":[{"@type":"ReadAction","target":["https:\/\/www.onefive.cz\/peakdesign\/dostupnost-travel-tripod\/"]}]},{"@type":"ImageObject","inLanguage":"cs","@id":"https:\/\/www.onefive.cz\/peakdesign\/dostupnost-travel-tripod\/#primaryimage","url":"https:\/\/www.onefive.cz\/peakdesign\/wp-content\/uploads\/2019\/07\/TT_S_1002.jpg","contentUrl":"https:\/\/www.onefive.cz\/peakdesign\/wp-content\/uploads\/2019\/07\/TT_S_1002.jpg","width":1600,"height":1067},{"@type":"BreadcrumbList","@id":"https:\/\/www.onefive.cz\/peakdesign\/dostupnost-travel-tripod\/#breadcrumb","itemListElement":[{"@type":"ListItem","position":1,"name":"Dom\u016f","item":"https:\/\/www.onefive.cz\/peakdesign\/"},{"@type":"ListItem","position":2,"name":"Dostupnost Travel Tripod"}]},{"@type":"WebSite","@id":"https:\/\/www.onefive.cz\/peakdesign\/#website","url":"https:\/\/www.onefive.cz\/peakdesign\/","name":"OneFive.cz - Prodejce Peak Design","description":"Kryty a dr\u017e\u00e1ky pro telefony, cestovn\u00ed a everyday batohy a ta\u0161ky, organiz\u00e9ry a fotop\u0159\u00edslu\u0161enstv\u00ed. Ultim\u00e1tn\u00ed v\u00fdbava pro ty, kte\u0159\u00ed vy\u017eaduj\u00ed to nejlep\u0161\u00ed.","potentialAction":[{"@type":"SearchAction","target":{"@type":"EntryPoint","urlTemplate":"https:\/\/www.onefive.cz\/peakdesign\/?s={search_term_string}"},"query-input":{"@type":"PropertyValueSpecification","valueRequired":true,"valueName":"search_term_string"}}],"inLanguage":"cs"}]}},"_links":{"self":[{"href":"https:\/\/www.onefive.cz\/peakdesign\/wp-json\/wp\/v2\/pages\/4305","targetHints":{"allow":["GET"]}}],"collection":[{"href":"https:\/\/www.onefive.cz\/peakdesign\/wp-json\/wp\/v2\/pages"}],"about":[{"href":"https:\/\/www.onefive.cz\/peakdesign\/wp-json\/wp\/v2\/types\/page"}],"author":[{"embeddable":true,"href":"https:\/\/www.onefive.cz\/peakdesign\/wp-json\/wp\/v2\/users\/1"}],"replies":[{"embeddable":true,"href":"https:\/\/www.onefive.cz\/peakdesign\/wp-json\/wp\/v2\/comments?post=4305"}],"version-history":[{"count":0,"href":"https:\/\/www.onefive.cz\/peakdesign\/wp-json\/wp\/v2\/pages\/4305\/revisions"}],"wp:featuredmedia":[{"embeddable":true,"href":"https:\/\/www.onefive.cz\/peakdesign\/wp-json\/wp\/v2\/media\/5949"}],"wp:attachment":[{"href":"https:\/\/www.onefive.cz\/peakdesign\/wp-json\/wp\/v2\/media?parent=4305"}],"curies":[{"name":"wp","href":"https:\/\/api.w.org\/{rel}","templated":true}]}}