{"id":91408,"date":"2020-03-21T15:54:23","date_gmt":"2020-03-21T14:54:23","guid":{"rendered":"https:\/\/www.peakdesign.cz\/?page_id=91408"},"modified":"2023-05-26T14:09:49","modified_gmt":"2023-05-26T12:09:49","slug":"travel-tripod-instalace-universal-head-adapter-pro-pouziti-pano-a-video-hlav","status":"publish","type":"page","link":"https:\/\/www.onefive.cz\/peakdesign\/travel-tripod-instalace-universal-head-adapter-pro-pouziti-pano-a-video-hlav\/","title":{"rendered":"Travel Tripod - Instalace Universal Head Adapter pro pou\u017eit\u00ed pano a video hlav"},"content":{"rendered":"","protected":false},"excerpt":{"rendered":"","protected":false},"author":1,"featured_media":0,"parent":0,"menu_order":0,"comment_status":"open","ping_status":"open","template":"","meta":{"footnotes":""},"class_list":["post-91408","page","type-page","status-publish","hentry"],"yoast_head":"<!-- This site is optimized with the Yoast SEO plugin v27.4 - https:\/\/yoast.com\/product\/yoast-seo-wordpress\/ -->\n<title>Travel Tripod - Instalace Universal Head Adapter pro pou\u017eit\u00ed pano a video hlav - OneFive.cz - Prodejce Peak Design<\/title>\n<meta name=\"robots\" content=\"index, follow, max-snippet:-1, max-image-preview:large, max-video-preview:-1\" \/>\n<link rel=\"canonical\" href=\"https:\/\/www.onefive.cz\/peakdesign\/travel-tripod-instalace-universal-head-adapter-pro-pouziti-pano-a-video-hlav\/\" \/>\n<meta property=\"og:locale\" content=\"cs_CZ\" \/>\n<meta property=\"og:type\" content=\"article\" \/>\n<meta property=\"og:title\" content=\"Travel Tripod - Instalace Universal Head Adapter pro pou\u017eit\u00ed pano a video hlav\" \/>\n<meta property=\"og:url\" content=\"https:\/\/www.onefive.cz\/peakdesign\/travel-tripod-instalace-universal-head-adapter-pro-pouziti-pano-a-video-hlav\/\" \/>\n<meta property=\"og:site_name\" content=\"OneFive.cz - Prodejce Peak Design\" \/>\n<meta property=\"article:modified_time\" content=\"2023-05-26T12:09:49+00:00\" \/>\n<meta property=\"og:image\" content=\"https:\/\/i0.wp.com\/www.onefive.cz\/peakdesign\/wp-content\/uploads\/2019\/07\/traveltripodtips-fb.jpg?fit=1200%2C628&ssl=1\" \/>\n\t<meta property=\"og:image:width\" content=\"1200\" \/>\n\t<meta property=\"og:image:height\" content=\"628\" \/>\n\t<meta property=\"og:image:type\" content=\"image\/jpeg\" \/>\n<meta name=\"twitter:card\" content=\"summary_large_image\" \/>\n<meta name=\"twitter:label1\" content=\"Odhadovan\u00e1 doba \u010dten\u00ed\" \/>\n\t<meta name=\"twitter:data1\" content=\"5 minut\" \/>\n<script type=\"application\/ld+json\" class=\"yoast-schema-graph\">{\"@context\":\"https:\\\/\\\/schema.org\",\"@graph\":[{\"@type\":\"WebPage\",\"@id\":\"https:\\\/\\\/www.onefive.cz\\\/peakdesign\\\/travel-tripod-instalace-universal-head-adapter-pro-pouziti-pano-a-video-hlav\\\/\",\"url\":\"https:\\\/\\\/www.onefive.cz\\\/peakdesign\\\/travel-tripod-instalace-universal-head-adapter-pro-pouziti-pano-a-video-hlav\\\/\",\"name\":\"Travel Tripod - Instalace Universal Head Adapter pro pou\u017eit\u00ed pano a video hlav - OneFive.cz - Prodejce Peak Design\",\"isPartOf\":{\"@id\":\"https:\\\/\\\/www.onefive.cz\\\/peakdesign\\\/#website\"},\"datePublished\":\"2020-03-21T14:54:23+00:00\",\"dateModified\":\"2023-05-26T12:09:49+00:00\",\"breadcrumb\":{\"@id\":\"https:\\\/\\\/www.onefive.cz\\\/peakdesign\\\/travel-tripod-instalace-universal-head-adapter-pro-pouziti-pano-a-video-hlav\\\/#breadcrumb\"},\"inLanguage\":\"cs\",\"potentialAction\":[{\"@type\":\"ReadAction\",\"target\":[\"https:\\\/\\\/www.onefive.cz\\\/peakdesign\\\/travel-tripod-instalace-universal-head-adapter-pro-pouziti-pano-a-video-hlav\\\/\"]}]},{\"@type\":\"BreadcrumbList\",\"@id\":\"https:\\\/\\\/www.onefive.cz\\\/peakdesign\\\/travel-tripod-instalace-universal-head-adapter-pro-pouziti-pano-a-video-hlav\\\/#breadcrumb\",\"itemListElement\":[{\"@type\":\"ListItem\",\"position\":1,\"name\":\"Dom\u016f\",\"item\":\"https:\\\/\\\/www.onefive.cz\\\/peakdesign\\\/\"},{\"@type\":\"ListItem\",\"position\":2,\"name\":\"Travel Tripod - Instalace Universal Head Adapter pro pou\u017eit\u00ed pano a video hlav\"}]},{\"@type\":\"WebSite\",\"@id\":\"https:\\\/\\\/www.onefive.cz\\\/peakdesign\\\/#website\",\"url\":\"https:\\\/\\\/www.onefive.cz\\\/peakdesign\\\/\",\"name\":\"OneFive.cz - Prodejce Peak Design\",\"description\":\"Kryty a dr\u017e\u00e1ky pro telefony, cestovn\u00ed a everyday batohy a ta\u0161ky, organiz\u00e9ry a fotop\u0159\u00edslu\u0161enstv\u00ed. Ultim\u00e1tn\u00ed v\u00fdbava pro ty, kte\u0159\u00ed vy\u017eaduj\u00ed to nejlep\u0161\u00ed.\",\"potentialAction\":[{\"@type\":\"SearchAction\",\"target\":{\"@type\":\"EntryPoint\",\"urlTemplate\":\"https:\\\/\\\/www.onefive.cz\\\/peakdesign\\\/?s={search_term_string}\"},\"query-input\":{\"@type\":\"PropertyValueSpecification\",\"valueRequired\":true,\"valueName\":\"search_term_string\"}}],\"inLanguage\":\"cs\"}]}<\/script>\n<!-- \/ Yoast SEO plugin. -->","yoast_head_json":{"title":"Travel Tripod - Instalace Universal Head Adapter pro pou\u017eit\u00ed pano a video hlav - OneFive.cz - Prodejce Peak Design","robots":{"index":"index","follow":"follow","max-snippet":"max-snippet:-1","max-image-preview":"max-image-preview:large","max-video-preview":"max-video-preview:-1"},"canonical":"https:\/\/www.onefive.cz\/peakdesign\/travel-tripod-instalace-universal-head-adapter-pro-pouziti-pano-a-video-hlav\/","og_locale":"cs_CZ","og_type":"article","og_title":"Travel Tripod - Instalace Universal Head Adapter pro pou\u017eit\u00ed pano a video hlav","og_url":"https:\/\/www.onefive.cz\/peakdesign\/travel-tripod-instalace-universal-head-adapter-pro-pouziti-pano-a-video-hlav\/","og_site_name":"OneFive.cz - Prodejce Peak Design","article_modified_time":"2023-05-26T12:09:49+00:00","og_image":[{"width":1200,"height":628,"url":"https:\/\/i0.wp.com\/www.onefive.cz\/peakdesign\/wp-content\/uploads\/2019\/07\/traveltripodtips-fb.jpg?fit=1200%2C628&ssl=1","type":"image\/jpeg"}],"twitter_card":"summary_large_image","twitter_misc":{"Odhadovan\u00e1 doba \u010dten\u00ed":"5 minut"},"schema":{"@context":"https:\/\/schema.org","@graph":[{"@type":"WebPage","@id":"https:\/\/www.onefive.cz\/peakdesign\/travel-tripod-instalace-universal-head-adapter-pro-pouziti-pano-a-video-hlav\/","url":"https:\/\/www.onefive.cz\/peakdesign\/travel-tripod-instalace-universal-head-adapter-pro-pouziti-pano-a-video-hlav\/","name":"Travel Tripod - Instalace Universal Head Adapter pro pou\u017eit\u00ed pano a video hlav - OneFive.cz - Prodejce Peak Design","isPartOf":{"@id":"https:\/\/www.onefive.cz\/peakdesign\/#website"},"datePublished":"2020-03-21T14:54:23+00:00","dateModified":"2023-05-26T12:09:49+00:00","breadcrumb":{"@id":"https:\/\/www.onefive.cz\/peakdesign\/travel-tripod-instalace-universal-head-adapter-pro-pouziti-pano-a-video-hlav\/#breadcrumb"},"inLanguage":"cs","potentialAction":[{"@type":"ReadAction","target":["https:\/\/www.onefive.cz\/peakdesign\/travel-tripod-instalace-universal-head-adapter-pro-pouziti-pano-a-video-hlav\/"]}]},{"@type":"BreadcrumbList","@id":"https:\/\/www.onefive.cz\/peakdesign\/travel-tripod-instalace-universal-head-adapter-pro-pouziti-pano-a-video-hlav\/#breadcrumb","itemListElement":[{"@type":"ListItem","position":1,"name":"Dom\u016f","item":"https:\/\/www.onefive.cz\/peakdesign\/"},{"@type":"ListItem","position":2,"name":"Travel Tripod - Instalace Universal Head Adapter pro pou\u017eit\u00ed pano a video hlav"}]},{"@type":"WebSite","@id":"https:\/\/www.onefive.cz\/peakdesign\/#website","url":"https:\/\/www.onefive.cz\/peakdesign\/","name":"OneFive.cz - Prodejce Peak Design","description":"Kryty a dr\u017e\u00e1ky pro telefony, cestovn\u00ed a everyday batohy a ta\u0161ky, organiz\u00e9ry a fotop\u0159\u00edslu\u0161enstv\u00ed. Ultim\u00e1tn\u00ed v\u00fdbava pro ty, kte\u0159\u00ed vy\u017eaduj\u00ed to nejlep\u0161\u00ed.","potentialAction":[{"@type":"SearchAction","target":{"@type":"EntryPoint","urlTemplate":"https:\/\/www.onefive.cz\/peakdesign\/?s={search_term_string}"},"query-input":{"@type":"PropertyValueSpecification","valueRequired":true,"valueName":"search_term_string"}}],"inLanguage":"cs"}]}},"_links":{"self":[{"href":"https:\/\/www.onefive.cz\/peakdesign\/wp-json\/wp\/v2\/pages\/91408","targetHints":{"allow":["GET"]}}],"collection":[{"href":"https:\/\/www.onefive.cz\/peakdesign\/wp-json\/wp\/v2\/pages"}],"about":[{"href":"https:\/\/www.onefive.cz\/peakdesign\/wp-json\/wp\/v2\/types\/page"}],"author":[{"embeddable":true,"href":"https:\/\/www.onefive.cz\/peakdesign\/wp-json\/wp\/v2\/users\/1"}],"replies":[{"embeddable":true,"href":"https:\/\/www.onefive.cz\/peakdesign\/wp-json\/wp\/v2\/comments?post=91408"}],"version-history":[{"count":1,"href":"https:\/\/www.onefive.cz\/peakdesign\/wp-json\/wp\/v2\/pages\/91408\/revisions"}],"predecessor-version":[{"id":108490,"href":"https:\/\/www.onefive.cz\/peakdesign\/wp-json\/wp\/v2\/pages\/91408\/revisions\/108490"}],"wp:attachment":[{"href":"https:\/\/www.onefive.cz\/peakdesign\/wp-json\/wp\/v2\/media?parent=91408"}],"curies":[{"name":"wp","href":"https:\/\/api.w.org\/{rel}","templated":true}]}}