{"id":98563,"date":"2020-10-19T13:13:22","date_gmt":"2020-10-19T11:13:22","guid":{"rendered":"https:\/\/www.peakdesign.cz\/?page_id=98563"},"modified":"2023-05-18T19:24:45","modified_gmt":"2023-05-18T17:24:45","slug":"mobile-shop","status":"publish","type":"page","link":"https:\/\/www.onefive.cz\/peakdesign\/mobile-shop\/","title":{"rendered":"Mobile"},"content":{"rendered":"","protected":false},"excerpt":{"rendered":"","protected":false},"author":1,"featured_media":98566,"parent":0,"menu_order":0,"comment_status":"open","ping_status":"open","template":"","meta":{"footnotes":""},"class_list":["post-98563","page","type-page","status-publish","has-post-thumbnail","hentry"],"yoast_head":"<!-- This site is optimized with the Yoast SEO plugin v27.5 - https:\/\/yoast.com\/product\/yoast-seo-wordpress\/ -->\n<title>Mobile - OneFive.cz - Prodejce Peak Design<\/title>\n<meta name=\"description\" content=\"Dokonal\u00fd syst\u00e9m kryt\u016f na telefony, dr\u017e\u00e1k\u016f a p\u0159\u00edslu\u0161enstv\u00ed, kter\u00e9 skv\u011ble p\u0159izp\u016fsob\u00ed v\u00e1\u0161 telefon v\u0161em va\u0161im aktivit\u00e1m.\" \/>\n<meta name=\"robots\" content=\"index, follow, max-snippet:-1, max-image-preview:large, max-video-preview:-1\" \/>\n<link rel=\"canonical\" href=\"https:\/\/www.onefive.cz\/peakdesign\/mobile-shop\/\" \/>\n<meta property=\"og:locale\" content=\"cs_CZ\" \/>\n<meta property=\"og:type\" content=\"article\" \/>\n<meta property=\"og:title\" content=\"Mobile by Peak Design\" \/>\n<meta property=\"og:description\" content=\"Dokonal\u00fd syst\u00e9m kryt\u016f na telefony, dr\u017e\u00e1k\u016f a p\u0159\u00edslu\u0161enstv\u00ed, kter\u00e9 skv\u011ble p\u0159izp\u016fsob\u00ed v\u00e1\u0161 telefon v\u0161em va\u0161im aktivit\u00e1m: komunikaci, navigaci, kreativit\u011b a rekreaci a sportu.\" \/>\n<meta property=\"og:url\" content=\"https:\/\/www.onefive.cz\/peakdesign\/mobile-shop\/\" \/>\n<meta property=\"og:site_name\" content=\"OneFive.cz - Prodejce Peak Design\" \/>\n<meta property=\"article:modified_time\" content=\"2023-05-18T17:24:45+00:00\" \/>\n<meta property=\"og:image\" content=\"https:\/\/www.onefive.cz\/peakdesign\/wp-content\/uploads\/2020\/10\/mobile-head.jpg\" \/>\n\t<meta property=\"og:image:width\" content=\"1024\" \/>\n\t<meta property=\"og:image:height\" content=\"576\" \/>\n\t<meta property=\"og:image:type\" content=\"image\/jpeg\" \/>\n<meta name=\"twitter:card\" content=\"summary_large_image\" \/>\n<meta name=\"twitter:label1\" content=\"Odhadovan\u00e1 doba \u010dten\u00ed\" \/>\n\t<meta name=\"twitter:data1\" content=\"1 minuta\" \/>\n<script type=\"application\/ld+json\" class=\"yoast-schema-graph\">{\"@context\":\"https:\\\/\\\/schema.org\",\"@graph\":[{\"@type\":\"WebPage\",\"@id\":\"https:\\\/\\\/www.onefive.cz\\\/peakdesign\\\/mobile-shop\\\/\",\"url\":\"https:\\\/\\\/www.onefive.cz\\\/peakdesign\\\/mobile-shop\\\/\",\"name\":\"Mobile - OneFive.cz - Prodejce Peak Design\",\"isPartOf\":{\"@id\":\"https:\\\/\\\/www.onefive.cz\\\/peakdesign\\\/#website\"},\"primaryImageOfPage\":{\"@id\":\"https:\\\/\\\/www.onefive.cz\\\/peakdesign\\\/mobile-shop\\\/#primaryimage\"},\"image\":{\"@id\":\"https:\\\/\\\/www.onefive.cz\\\/peakdesign\\\/mobile-shop\\\/#primaryimage\"},\"thumbnailUrl\":\"https:\\\/\\\/www.onefive.cz\\\/peakdesign\\\/wp-content\\\/uploads\\\/2020\\\/10\\\/mobile-head.jpg\",\"datePublished\":\"2020-10-19T11:13:22+00:00\",\"dateModified\":\"2023-05-18T17:24:45+00:00\",\"description\":\"Dokonal\u00fd syst\u00e9m kryt\u016f na telefony, dr\u017e\u00e1k\u016f a p\u0159\u00edslu\u0161enstv\u00ed, kter\u00e9 skv\u011ble p\u0159izp\u016fsob\u00ed v\u00e1\u0161 telefon v\u0161em va\u0161im aktivit\u00e1m.\",\"breadcrumb\":{\"@id\":\"https:\\\/\\\/www.onefive.cz\\\/peakdesign\\\/mobile-shop\\\/#breadcrumb\"},\"inLanguage\":\"cs\",\"potentialAction\":[{\"@type\":\"ReadAction\",\"target\":[\"https:\\\/\\\/www.onefive.cz\\\/peakdesign\\\/mobile-shop\\\/\"]}]},{\"@type\":\"ImageObject\",\"inLanguage\":\"cs\",\"@id\":\"https:\\\/\\\/www.onefive.cz\\\/peakdesign\\\/mobile-shop\\\/#primaryimage\",\"url\":\"https:\\\/\\\/www.onefive.cz\\\/peakdesign\\\/wp-content\\\/uploads\\\/2020\\\/10\\\/mobile-head.jpg\",\"contentUrl\":\"https:\\\/\\\/www.onefive.cz\\\/peakdesign\\\/wp-content\\\/uploads\\\/2020\\\/10\\\/mobile-head.jpg\",\"width\":1024,\"height\":576},{\"@type\":\"BreadcrumbList\",\"@id\":\"https:\\\/\\\/www.onefive.cz\\\/peakdesign\\\/mobile-shop\\\/#breadcrumb\",\"itemListElement\":[{\"@type\":\"ListItem\",\"position\":1,\"name\":\"Dom\u016f\",\"item\":\"https:\\\/\\\/www.onefive.cz\\\/peakdesign\\\/\"},{\"@type\":\"ListItem\",\"position\":2,\"name\":\"Mobile\"}]},{\"@type\":\"WebSite\",\"@id\":\"https:\\\/\\\/www.onefive.cz\\\/peakdesign\\\/#website\",\"url\":\"https:\\\/\\\/www.onefive.cz\\\/peakdesign\\\/\",\"name\":\"OneFive.cz - Prodejce Peak Design\",\"description\":\"Kryty a dr\u017e\u00e1ky pro telefony, cestovn\u00ed a everyday batohy a ta\u0161ky, organiz\u00e9ry a fotop\u0159\u00edslu\u0161enstv\u00ed. Ultim\u00e1tn\u00ed v\u00fdbava pro ty, kte\u0159\u00ed vy\u017eaduj\u00ed to nejlep\u0161\u00ed.\",\"potentialAction\":[{\"@type\":\"SearchAction\",\"target\":{\"@type\":\"EntryPoint\",\"urlTemplate\":\"https:\\\/\\\/www.onefive.cz\\\/peakdesign\\\/?s={search_term_string}\"},\"query-input\":{\"@type\":\"PropertyValueSpecification\",\"valueRequired\":true,\"valueName\":\"search_term_string\"}}],\"inLanguage\":\"cs\"}]}<\/script>\n<!-- \/ Yoast SEO plugin. -->","yoast_head_json":{"title":"Mobile - OneFive.cz - Prodejce Peak Design","description":"Dokonal\u00fd syst\u00e9m kryt\u016f na telefony, dr\u017e\u00e1k\u016f a p\u0159\u00edslu\u0161enstv\u00ed, kter\u00e9 skv\u011ble p\u0159izp\u016fsob\u00ed v\u00e1\u0161 telefon v\u0161em va\u0161im aktivit\u00e1m.","robots":{"index":"index","follow":"follow","max-snippet":"max-snippet:-1","max-image-preview":"max-image-preview:large","max-video-preview":"max-video-preview:-1"},"canonical":"https:\/\/www.onefive.cz\/peakdesign\/mobile-shop\/","og_locale":"cs_CZ","og_type":"article","og_title":"Mobile by Peak Design","og_description":"Dokonal\u00fd syst\u00e9m kryt\u016f na telefony, dr\u017e\u00e1k\u016f a p\u0159\u00edslu\u0161enstv\u00ed, kter\u00e9 skv\u011ble p\u0159izp\u016fsob\u00ed v\u00e1\u0161 telefon v\u0161em va\u0161im aktivit\u00e1m: komunikaci, navigaci, kreativit\u011b a rekreaci a sportu.","og_url":"https:\/\/www.onefive.cz\/peakdesign\/mobile-shop\/","og_site_name":"OneFive.cz - Prodejce Peak Design","article_modified_time":"2023-05-18T17:24:45+00:00","og_image":[{"width":1024,"height":576,"url":"https:\/\/www.onefive.cz\/peakdesign\/wp-content\/uploads\/2020\/10\/mobile-head.jpg","type":"image\/jpeg"}],"twitter_card":"summary_large_image","twitter_misc":{"Odhadovan\u00e1 doba \u010dten\u00ed":"1 minuta"},"schema":{"@context":"https:\/\/schema.org","@graph":[{"@type":"WebPage","@id":"https:\/\/www.onefive.cz\/peakdesign\/mobile-shop\/","url":"https:\/\/www.onefive.cz\/peakdesign\/mobile-shop\/","name":"Mobile - OneFive.cz - Prodejce Peak Design","isPartOf":{"@id":"https:\/\/www.onefive.cz\/peakdesign\/#website"},"primaryImageOfPage":{"@id":"https:\/\/www.onefive.cz\/peakdesign\/mobile-shop\/#primaryimage"},"image":{"@id":"https:\/\/www.onefive.cz\/peakdesign\/mobile-shop\/#primaryimage"},"thumbnailUrl":"https:\/\/www.onefive.cz\/peakdesign\/wp-content\/uploads\/2020\/10\/mobile-head.jpg","datePublished":"2020-10-19T11:13:22+00:00","dateModified":"2023-05-18T17:24:45+00:00","description":"Dokonal\u00fd syst\u00e9m kryt\u016f na telefony, dr\u017e\u00e1k\u016f a p\u0159\u00edslu\u0161enstv\u00ed, kter\u00e9 skv\u011ble p\u0159izp\u016fsob\u00ed v\u00e1\u0161 telefon v\u0161em va\u0161im aktivit\u00e1m.","breadcrumb":{"@id":"https:\/\/www.onefive.cz\/peakdesign\/mobile-shop\/#breadcrumb"},"inLanguage":"cs","potentialAction":[{"@type":"ReadAction","target":["https:\/\/www.onefive.cz\/peakdesign\/mobile-shop\/"]}]},{"@type":"ImageObject","inLanguage":"cs","@id":"https:\/\/www.onefive.cz\/peakdesign\/mobile-shop\/#primaryimage","url":"https:\/\/www.onefive.cz\/peakdesign\/wp-content\/uploads\/2020\/10\/mobile-head.jpg","contentUrl":"https:\/\/www.onefive.cz\/peakdesign\/wp-content\/uploads\/2020\/10\/mobile-head.jpg","width":1024,"height":576},{"@type":"BreadcrumbList","@id":"https:\/\/www.onefive.cz\/peakdesign\/mobile-shop\/#breadcrumb","itemListElement":[{"@type":"ListItem","position":1,"name":"Dom\u016f","item":"https:\/\/www.onefive.cz\/peakdesign\/"},{"@type":"ListItem","position":2,"name":"Mobile"}]},{"@type":"WebSite","@id":"https:\/\/www.onefive.cz\/peakdesign\/#website","url":"https:\/\/www.onefive.cz\/peakdesign\/","name":"OneFive.cz - Prodejce Peak Design","description":"Kryty a dr\u017e\u00e1ky pro telefony, cestovn\u00ed a everyday batohy a ta\u0161ky, organiz\u00e9ry a fotop\u0159\u00edslu\u0161enstv\u00ed. Ultim\u00e1tn\u00ed v\u00fdbava pro ty, kte\u0159\u00ed vy\u017eaduj\u00ed to nejlep\u0161\u00ed.","potentialAction":[{"@type":"SearchAction","target":{"@type":"EntryPoint","urlTemplate":"https:\/\/www.onefive.cz\/peakdesign\/?s={search_term_string}"},"query-input":{"@type":"PropertyValueSpecification","valueRequired":true,"valueName":"search_term_string"}}],"inLanguage":"cs"}]}},"_links":{"self":[{"href":"https:\/\/www.onefive.cz\/peakdesign\/wp-json\/wp\/v2\/pages\/98563","targetHints":{"allow":["GET"]}}],"collection":[{"href":"https:\/\/www.onefive.cz\/peakdesign\/wp-json\/wp\/v2\/pages"}],"about":[{"href":"https:\/\/www.onefive.cz\/peakdesign\/wp-json\/wp\/v2\/types\/page"}],"author":[{"embeddable":true,"href":"https:\/\/www.onefive.cz\/peakdesign\/wp-json\/wp\/v2\/users\/1"}],"replies":[{"embeddable":true,"href":"https:\/\/www.onefive.cz\/peakdesign\/wp-json\/wp\/v2\/comments?post=98563"}],"version-history":[{"count":1,"href":"https:\/\/www.onefive.cz\/peakdesign\/wp-json\/wp\/v2\/pages\/98563\/revisions"}],"predecessor-version":[{"id":108429,"href":"https:\/\/www.onefive.cz\/peakdesign\/wp-json\/wp\/v2\/pages\/98563\/revisions\/108429"}],"wp:featuredmedia":[{"embeddable":true,"href":"https:\/\/www.onefive.cz\/peakdesign\/wp-json\/wp\/v2\/media\/98566"}],"wp:attachment":[{"href":"https:\/\/www.onefive.cz\/peakdesign\/wp-json\/wp\/v2\/media?parent=98563"}],"curies":[{"name":"wp","href":"https:\/\/api.w.org\/{rel}","templated":true}]}}