{"id":101267,"date":"2021-09-14T21:34:41","date_gmt":"2021-09-14T19:34:41","guid":{"rendered":"https:\/\/www.peakdesign.cz\/?post_type=product&#038;p=101267"},"modified":"2026-04-17T06:05:36","modified_gmt":"2026-04-17T04:05:36","slug":"out-front-bike-mount","status":"publish","type":"product","link":"https:\/\/www.onefive.cz\/peakdesign\/produkt\/out-front-bike-mount\/","title":{"rendered":"Out Front Bike Mount v2"},"content":{"rendered":"<div class='content-column one_half'><h2>Hlavn\u00ed rysy<\/h2>\n<p><strong>UPGRADE NA PROFESION\u00c1LN\u00cd \u00daROVE\u0147<\/strong><\/p>\n<ul style=\"padding-left: 15px\">\n<li>Jsme t\u00fdm nad\u0161en\u00fdch cyklist\u016f na horsk\u00fdch kolech, silni\u010dn\u00edch kolech a \u0161otolin\u011b. Navrhli jsme dr\u017e\u00e1k Out Front Bike Mount tak, aby zvl\u00e1dl jak\u00fdkoliv ter\u00e9n nebo aktivitu a z\u00e1rove\u0148 n\u00e1m poskytl dal\u0161\u00ed funkce, kter\u00e9 jsme si v\u017edy p\u0159\u00e1li m\u00edt<\/li>\n<\/ul>\n<p><strong>MAGICK\u00c9 SPOJEN\u00cd<\/strong><\/p>\n<ul style=\"padding-left: 15px\">\n<li>Rychlost a bezpe\u010dnost vestav\u011bn\u00e9ho magneticko\/mechanick\u00e9ho z\u00e1mku (tzv. SlimLink\u2122) t\u011b naprosto okouzl\u00ed<\/li>\n<li>Intuitivn\u00ed upevn\u011bn\u00ed a odejmut\u00ed telefonu jednou rukou bez nutnosti pohledu<\/li>\n<li>Dr\u017e\u00ed telefon i p\u0159i nejv\u011bt\u0161\u00edch n\u00e1razech b\u011bhem j\u00edzdy<\/li>\n<li>Telefon pevn\u011b dr\u017e\u00ed na m\u00edst\u011b, ale je p\u0159\u00edstupn\u00fd stisknut\u00edm tla\u010d\u00edtka<\/li>\n<\/ul>\n<p><strong>DOSTATE\u010cN\u011a ROBUSTN\u00cd PRO COKOLI<\/strong><\/p>\n<ul style=\"padding-left: 15px\">\n<li>Pevn\u00e1 instalace na \u0159\u00edd\u00edtka kola pomoc\u00ed p\u0159ilo\u017een\u00e9ho \u0161estihrann\u00e9ho \u0161roubu (imbus) nebo \u0161roubu pro uta\u017een\u00ed rukou<\/li>\n<li>Zamykac\u00ed mechanismus je dostate\u010dn\u011b pevn\u00fd pro jak\u00e9koliv cyklistick\u00e9 aktivitu nebo ter\u00e9n<\/li>\n<li>Pevn\u00e1 konstrukce z obr\u00e1b\u011bn\u00e9ho\/anodizovan\u00e9ho hlin\u00edku<\/li>\n<li>Odoln\u00fd proti pov\u011btrnostn\u00edm vliv\u016fm, trvanliv\u00fd a lehk\u00fd<\/li>\n<\/ul>\n<p><strong>VYDR\u017d\u00cd ROKY<\/strong><\/p>\n<ul style=\"padding-left: 15px\">\n<li>D\u00edky pr\u00e9miov\u00fdm materi\u00e1l\u016fm a pevn\u00e9 konstrukci ti tento dr\u017e\u00e1k bude slou\u017eit mnoho let a p\u0159e\u017eije mnoho telefon\u016f<\/li>\n<li>Do\u017eivotn\u00ed z\u00e1ruka, stejn\u011b jako u v\u0161ech produkt\u016f Peak Design<\/li>\n<\/ul>\n<p><strong>OTO\u010c A FILMUJ<\/strong><\/p>\n<ul style=\"padding-left: 15px\">\n<li>Okam\u017eit\u011b prom\u011b\u0148 sv\u016fj telefon v ak\u010dn\u00ed kameru<\/li>\n<li>P\u0159ilo\u017een\u00fd \u0161roub pro uta\u017een\u00ed rukou umo\u017e\u0148uje rychlou zm\u011bnu polohy telefonu pro nat\u00e1\u010den\u00ed j\u00edzdy<\/li>\n<li>Telefon pevn\u011b dr\u017e\u00ed na m\u00edst\u011b, ale je p\u0159\u00edstupn\u00fd stisknut\u00edm tla\u010d\u00edtka<\/li>\n<\/ul>\n<p><strong>UNIVERZ\u00c1LN\u00cd MO\u017dNOSTI MONT\u00c1\u017dE<\/strong><\/p>\n<ul style=\"padding-left: 15px\">\n<li>Um\u00edst\u011bn\u00ed telefonu p\u0159ed \u0159\u00edd\u00edtky, v optim\u00e1ln\u00edm pozorovac\u00edm \u00fahlu a mimo dosah kolen<\/li>\n<li>Dr\u017e\u00ed telefon v re\u017eimu na v\u00fd\u0161ku nebo na \u0161\u00ed\u0159ku<\/li>\n<li>Lze instalovat obr\u00e1cen\u011b (nad p\u0159edstavec) a pou\u017e\u00edt jej ve spojen\u00ed s cyklo-computerem<\/li>\n<li>Obsahuje dr\u017e\u00e1k p\u0159\u00edslu\u0161enstv\u00ed ve stylu GoPro pro p\u0159ipevn\u011bn\u00ed sv\u011btla na kolo nebo ak\u010dn\u00ed kamery<\/li>\n<\/ul>\n<p><strong>KOMPATIBILITA S TELEFONY\/KRYTY<\/strong><\/p>\n<ul style=\"padding-left: 15px\">\n<li>Vy\u017eaduje pou\u017eit\u00ed <a href=\"https:\/\/www.onefive.cz\/peakdesign\/produkt\/everyday-case\/\">krytu Peak Design<\/a> nebo <a href=\"https:\/\/www.onefive.cz\/peakdesign\/produkt\/universal-adapter\/\">univerz\u00e1ln\u00edho adapt\u00e9ru<\/a><\/li>\n<\/ul>\n<p><strong>KOMPATIBILITA S \u0158\u00cdD\u00cdTKY\/KOLEM<\/strong><\/p>\n<ul style=\"padding-left: 15px\">\n<li>Sou\u010d\u00e1st\u00ed balen\u00ed jsou obj\u00edmky pro upevn\u011bn\u00ed na n\u00e1sleduj\u00edc\u00ed pr\u016fm\u011bry \u0159id\u00edtek: 22,2 mm (7\/8\"), 25,4 mm (1\"), 31,8 mm (1-1\/4\") a 35 mm<\/li>\n<\/ul><\/div>\n<div class='content-column one_half last_column'><h2>Video<\/h2>\n<p><iframe loading=\"lazy\" title=\"Meet the Peak Design Out Front Bike Mount V2, with Jaimee Erickson.\" width=\"500\" height=\"281\" src=\"https:\/\/www.youtube.com\/embed\/a3slfkXbUyo?feature=oembed\" frameborder=\"0\" allow=\"accelerometer; autoplay; clipboard-write; encrypted-media; gyroscope; picture-in-picture; web-share\" referrerpolicy=\"strict-origin-when-cross-origin\" allowfullscreen><\/iframe><\/p>\n<h2><\/h2>\n<h2 style=\"padding-top: 15px\">Specifikace<\/h2>\n<p><strong>Rozm\u011bry<\/strong><br \/>\nCelkov\u00e9 rozm\u011bry: 11,4 cm x 5,1 cm x 6,3 cm<br \/>\nHlava dr\u017e\u00e1ku: 5,5 cm x 5,5 cm x 0,7 cm<\/p>\n<p><strong>Hmotnost<\/strong><br \/>\nS \u0161estihrann\u00fdm \u0161roubem a bez obj\u00edmky: 87,1 g<br \/>\nS \u0161estihrann\u00fdm \u0161roubem a malou obj\u00edmkou: 88,6 g<br \/>\nS \u0161estihrann\u00fdm \u0161roubem a st\u0159edn\u00ed obj\u00edmkou: 92,2 g<br \/>\nS \u0161estihrann\u00fdm \u0161roubem a velkou obj\u00edmkou: 92,9 g<br \/>\nDr\u017e\u00e1k p\u0159\u00edslu\u0161enstv\u00ed ve stylu GoPro: 8,3 g<br \/>\n\u0160roub pro utaho\u017een\u00ed rukou: 8,8 g<\/p>\n<p><strong>Materi\u00e1ly<\/strong><br \/>\nObr\u00e1b\u011bn\u00e1\/anodizovan\u00e1 hlin\u00edkov\u00e1 mont\u00e1\u017en\u00ed hlava a rameno<br \/>\nP\u0159ilnav\u00e1 silikonov\u00e1 mont\u00e1\u017en\u00ed podlo\u017eka s UV stabiliz\u00e1torem Tinuvin 770<br \/>\nPolykarbon\u00e1tov\u00e9 obj\u00edmky pro r\u016fzn\u00e9 pr\u016fm\u011bry \u0159id\u00edtek<br \/>\n\u010c\u00e1sti z nerezov\u00e9 oceli s PVD \u00fapravou<br \/>\nVysokoteplotn\u00ed neodymov\u00e9 magnety<\/p>\n<p><strong>Z\u00e1ruka<\/strong>: Do\u017eivotn\u00ed<\/p>\n<p><strong>N\u00e1vod<\/strong>: <a href=\"https:\/\/www.peakdesign.cz\/data\/manuals\/mobile\/Out%20Front%20Bike%20Mount%20CZ.pdf\" target=\"_blank\" rel=\"noopener\">st\u00e1hnout PDF<\/a><\/p>\n<h2>Obsah balen\u00ed<\/h2>\n<p><img decoding=\"async\" class=\"alignnone size-full\" src=\"https:\/\/www.onefive.cz\/peakdesign\/wp-content\/uploads\/2021\/09\/3-WITB-Bike-OF-02.jpg\" alt=\"\" width=\"450\" \/><\/p>\n<ul style=\"padding-left: 15px;padding-bottom: 15px\">\n<li>1. 1x Out Front Bike Mount<\/li>\n<li>2. 3x Obj\u00edmky: 22.2mm (7\/8\"\"), 25.4mm (1\"\"), 31.8mm (1-1\/4\"\") a 35mm<\/li>\n<li>3. 1x Adapt\u00e9r pro pou\u017eit\u00ed p\u0159\u00edslu\u0161enstv\u00ed s dr\u017e\u00e1kem GoPro<\/li>\n<li>4. 1x \u0160roub pro uta\u017een\u00ed rukou (pro rychl\u00e9 oto\u010den\u00ed a nahr\u00e1v\u00e1n\u00ed videa)<\/li>\n<li>5. 1x Imbus kl\u00ed\u010d<\/li>\n<\/ul><\/div><div class='clear_column'><\/div>\n","protected":false},"excerpt":{"rendered":"<p>Dr\u017e\u00e1k telefonu s pojistkou na \u0159\u00edd\u00edtka j\u00edzdn\u00edho kola<\/p>\n<p>Nov\u011b aktualizovan\u00fd dr\u017e\u00e1k telefonu na kolo pro pou\u017eit\u00ed s je\u0161t\u011b v\u00edce velikostmi \u0159\u00edd\u00edtek - vylep\u0161en\u00fd Out Front Bike Mount. Elegantn\u00ed, ale robustn\u00ed dr\u017e\u00e1k umo\u017e\u0148uje pevn\u011b p\u0159ipevnit telefon na \u0159\u00edd\u00edtka kola, m\u00edt k n\u011bmu okam\u017eit\u00fd p\u0159\u00edstup a dokonce jej naklopit a nat\u00e1\u010det j\u00edzdu. Dr\u017e\u00e1k Out Front Bike Mount je vyroben z ultralehk\u00e9ho obr\u00e1b\u011bn\u00e9ho\/anodizovan\u00e9ho hlin\u00edku a je vybaven mimo\u0159\u00e1dn\u011b siln\u00fdm magneticko\/mechanick\u00fdm z\u00e1mkem (SlimLink\u2122). Jeho rychlost uchopen\u00ed a uzamknut\u00ed a bezpe\u010dnost t\u011b naprosto okouzl\u00ed. Telefon m\u016f\u017ee\u0161 okam\u017eit\u011b sejmout stisknut\u00edm tla\u010d\u00edtka. Je navr\u017een tak, aby dr\u017eel telefon p\u0159ed \u0159\u00edd\u00edtky a umo\u017e\u0148oval optim\u00e1ln\u00ed zobrazen\u00ed Lze jej tak\u00e9 p\u0159ipevnit tak, aby byl pod \u0159\u00edd\u00edtky (nad p\u0159edstavcem) nebo za nimi a umo\u017e\u0148oval um\u00edst\u011bn\u00ed cyklistick\u00fdch po\u010d\u00edta\u010d\u016f. P\u0159ilo\u017een\u00fd \u0161roub pro utahov\u00e1n\u00ed palcem umo\u017e\u0148uje m\u011bnit polohu telefonu b\u011bhem pou\u017eit\u00ed a nat\u00e1\u010det j\u00edzdu. P\u0159ilo\u017een\u00fd dr\u017e\u00e1k na p\u0159\u00edslu\u0161enstv\u00ed umo\u017e\u0148uje p\u0159ipevnit sv\u011btlo na kolo nebo ak\u010dn\u00ed kameru. A\u0165 u\u017e se jedn\u00e1 o kr\u00e1tkou cestu do pr\u00e1ce nebo dlouhou j\u00edzdu po \u0161otolinov\u00fdch stezk\u00e1ch, dr\u017e\u00e1k Out Front Bike Mount udr\u017e\u00ed tv\u016fj telefon v bezpe\u010d\u00ed a v\u017edy na o\u010d\u00edch. [read more]<\/p>\n<p>Vy\u017eaduje kryt Peak Design <a href=\"https:\/\/www.onefive.cz\/peakdesign\/produkt\/everyday-case\/\">Everyday Case<\/a> nebo adapt\u00e9r <a href=\"https:\/\/www.onefive.cz\/peakdesign\/produkt\/universal-adapter\/\">Universal Adapter<\/a> (prod\u00e1v\u00e1 se samostatn\u011b).[\/read]<\/p>\n","protected":false},"featured_media":111572,"template":"","meta":[],"product_brand":[],"product_cat":[18],"product_tag":[],"class_list":{"0":"post-101267","1":"product","2":"type-product","3":"status-publish","4":"has-post-thumbnail","6":"product_cat-uncategorized","8":"first","9":"instock","10":"taxable","11":"shipping-taxable","12":"purchasable","13":"product-type-simple"},"yoast_head":"<!-- This site is optimized with the Yoast SEO plugin v27.4 - https:\/\/yoast.com\/product\/yoast-seo-wordpress\/ -->\n<title>Out Front Bike Mount v2 - OneFive.cz - Prodejce Peak Design<\/title>\n<meta name=\"description\" content=\"Out Front Bike Mount V2 je nejlep\u0161\u00ed dr\u017e\u00e1k telefonu na kolo. Je jedno, jestli jezd\u00ed\u0161 gravel, silnici nebo MTB. Out Front Bike Mount se hod\u00ed na v\u0161echny.\" \/>\n<meta name=\"robots\" content=\"index, follow, max-snippet:-1, max-image-preview:large, max-video-preview:-1\" \/>\n<link rel=\"canonical\" href=\"https:\/\/www.onefive.cz\/peakdesign\/produkt\/out-front-bike-mount\/\" \/>\n<meta property=\"og:locale\" content=\"cs_CZ\" \/>\n<meta property=\"og:type\" content=\"article\" \/>\n<meta property=\"og:title\" content=\"Out Front Bike Mount v2 - OneFive.cz - Prodejce Peak Design\" \/>\n<meta property=\"og:description\" content=\"Out Front Bike Mount V2 je nejlep\u0161\u00ed dr\u017e\u00e1k telefonu na kolo. Je jedno, jestli jezd\u00ed\u0161 gravel, silnici nebo MTB. Out Front Bike Mount se hod\u00ed na v\u0161echny.\" \/>\n<meta property=\"og:url\" content=\"https:\/\/www.onefive.cz\/peakdesign\/produkt\/out-front-bike-mount\/\" \/>\n<meta property=\"og:site_name\" content=\"OneFive.cz - Prodejce Peak Design\" \/>\n<meta property=\"article:modified_time\" content=\"2026-04-17T04:05:36+00:00\" \/>\n<meta property=\"og:image\" content=\"https:\/\/www.onefive.cz\/peakdesign\/wp-content\/uploads\/2021\/09\/mobile-outfrontbikemount-mav2-159A6445_2afd2384-f953-45f2-9ea4-77c3c40da848_1024x1024.jpg\" \/>\n\t<meta property=\"og:image:width\" content=\"1024\" \/>\n\t<meta property=\"og:image:height\" content=\"1024\" \/>\n\t<meta property=\"og:image:type\" content=\"image\/jpeg\" \/>\n<meta name=\"twitter:card\" content=\"summary_large_image\" \/>\n<meta name=\"twitter:label1\" content=\"Odhadovan\u00e1 doba \u010dten\u00ed\" \/>\n\t<meta name=\"twitter:data1\" content=\"3 minuty\" \/>\n<script type=\"application\/ld+json\" class=\"yoast-schema-graph\">{\"@context\":\"https:\\\/\\\/schema.org\",\"@graph\":[{\"@type\":\"WebPage\",\"@id\":\"https:\\\/\\\/www.onefive.cz\\\/peakdesign\\\/produkt\\\/out-front-bike-mount\\\/\",\"url\":\"https:\\\/\\\/www.onefive.cz\\\/peakdesign\\\/produkt\\\/out-front-bike-mount\\\/\",\"name\":\"Out Front Bike Mount v2 - OneFive.cz - Prodejce Peak Design\",\"isPartOf\":{\"@id\":\"https:\\\/\\\/www.onefive.cz\\\/peakdesign\\\/#website\"},\"primaryImageOfPage\":{\"@id\":\"https:\\\/\\\/www.onefive.cz\\\/peakdesign\\\/produkt\\\/out-front-bike-mount\\\/#primaryimage\"},\"image\":{\"@id\":\"https:\\\/\\\/www.onefive.cz\\\/peakdesign\\\/produkt\\\/out-front-bike-mount\\\/#primaryimage\"},\"thumbnailUrl\":\"https:\\\/\\\/www.onefive.cz\\\/peakdesign\\\/wp-content\\\/uploads\\\/2021\\\/09\\\/mobile-outfrontbikemount-mav2-159A6445_2afd2384-f953-45f2-9ea4-77c3c40da848_1024x1024.jpg\",\"datePublished\":\"2021-09-14T19:34:41+00:00\",\"dateModified\":\"2026-04-17T04:05:36+00:00\",\"description\":\"Out Front Bike Mount V2 je nejlep\u0161\u00ed dr\u017e\u00e1k telefonu na kolo. Je jedno, jestli jezd\u00ed\u0161 gravel, silnici nebo MTB. Out Front Bike Mount se hod\u00ed na v\u0161echny.\",\"breadcrumb\":{\"@id\":\"https:\\\/\\\/www.onefive.cz\\\/peakdesign\\\/produkt\\\/out-front-bike-mount\\\/#breadcrumb\"},\"inLanguage\":\"cs\",\"potentialAction\":[{\"@type\":\"ReadAction\",\"target\":[\"https:\\\/\\\/www.onefive.cz\\\/peakdesign\\\/produkt\\\/out-front-bike-mount\\\/\"]}]},{\"@type\":\"ImageObject\",\"inLanguage\":\"cs\",\"@id\":\"https:\\\/\\\/www.onefive.cz\\\/peakdesign\\\/produkt\\\/out-front-bike-mount\\\/#primaryimage\",\"url\":\"https:\\\/\\\/www.onefive.cz\\\/peakdesign\\\/wp-content\\\/uploads\\\/2021\\\/09\\\/mobile-outfrontbikemount-mav2-159A6445_2afd2384-f953-45f2-9ea4-77c3c40da848_1024x1024.jpg\",\"contentUrl\":\"https:\\\/\\\/www.onefive.cz\\\/peakdesign\\\/wp-content\\\/uploads\\\/2021\\\/09\\\/mobile-outfrontbikemount-mav2-159A6445_2afd2384-f953-45f2-9ea4-77c3c40da848_1024x1024.jpg\",\"width\":1024,\"height\":1024},{\"@type\":\"BreadcrumbList\",\"@id\":\"https:\\\/\\\/www.onefive.cz\\\/peakdesign\\\/produkt\\\/out-front-bike-mount\\\/#breadcrumb\",\"itemListElement\":[{\"@type\":\"ListItem\",\"position\":1,\"name\":\"Dom\u016f\",\"item\":\"https:\\\/\\\/www.onefive.cz\\\/peakdesign\\\/\"},{\"@type\":\"ListItem\",\"position\":2,\"name\":\"Shop\",\"item\":\"https:\\\/\\\/www.onefive.cz\\\/peakdesign\\\/shop\\\/\"},{\"@type\":\"ListItem\",\"position\":3,\"name\":\"Out Front Bike Mount v2\"}]},{\"@type\":\"WebSite\",\"@id\":\"https:\\\/\\\/www.onefive.cz\\\/peakdesign\\\/#website\",\"url\":\"https:\\\/\\\/www.onefive.cz\\\/peakdesign\\\/\",\"name\":\"OneFive.cz - Prodejce Peak Design\",\"description\":\"Kryty a dr\u017e\u00e1ky pro telefony, cestovn\u00ed a everyday batohy a ta\u0161ky, organiz\u00e9ry a fotop\u0159\u00edslu\u0161enstv\u00ed. Ultim\u00e1tn\u00ed v\u00fdbava pro ty, kte\u0159\u00ed vy\u017eaduj\u00ed to nejlep\u0161\u00ed.\",\"potentialAction\":[{\"@type\":\"SearchAction\",\"target\":{\"@type\":\"EntryPoint\",\"urlTemplate\":\"https:\\\/\\\/www.onefive.cz\\\/peakdesign\\\/?s={search_term_string}\"},\"query-input\":{\"@type\":\"PropertyValueSpecification\",\"valueRequired\":true,\"valueName\":\"search_term_string\"}}],\"inLanguage\":\"cs\"}]}<\/script>\n<!-- \/ Yoast SEO plugin. -->","yoast_head_json":{"title":"Out Front Bike Mount v2 - OneFive.cz - Prodejce Peak Design","description":"Out Front Bike Mount V2 je nejlep\u0161\u00ed dr\u017e\u00e1k telefonu na kolo. Je jedno, jestli jezd\u00ed\u0161 gravel, silnici nebo MTB. Out Front Bike Mount se hod\u00ed na v\u0161echny.","robots":{"index":"index","follow":"follow","max-snippet":"max-snippet:-1","max-image-preview":"max-image-preview:large","max-video-preview":"max-video-preview:-1"},"canonical":"https:\/\/www.onefive.cz\/peakdesign\/produkt\/out-front-bike-mount\/","og_locale":"cs_CZ","og_type":"article","og_title":"Out Front Bike Mount v2 - OneFive.cz - Prodejce Peak Design","og_description":"Out Front Bike Mount V2 je nejlep\u0161\u00ed dr\u017e\u00e1k telefonu na kolo. Je jedno, jestli jezd\u00ed\u0161 gravel, silnici nebo MTB. Out Front Bike Mount se hod\u00ed na v\u0161echny.","og_url":"https:\/\/www.onefive.cz\/peakdesign\/produkt\/out-front-bike-mount\/","og_site_name":"OneFive.cz - Prodejce Peak Design","article_modified_time":"2026-04-17T04:05:36+00:00","og_image":[{"width":1024,"height":1024,"url":"https:\/\/www.onefive.cz\/peakdesign\/wp-content\/uploads\/2021\/09\/mobile-outfrontbikemount-mav2-159A6445_2afd2384-f953-45f2-9ea4-77c3c40da848_1024x1024.jpg","type":"image\/jpeg"}],"twitter_card":"summary_large_image","twitter_misc":{"Odhadovan\u00e1 doba \u010dten\u00ed":"3 minuty"},"schema":{"@context":"https:\/\/schema.org","@graph":[{"@type":"WebPage","@id":"https:\/\/www.onefive.cz\/peakdesign\/produkt\/out-front-bike-mount\/","url":"https:\/\/www.onefive.cz\/peakdesign\/produkt\/out-front-bike-mount\/","name":"Out Front Bike Mount v2 - OneFive.cz - Prodejce Peak Design","isPartOf":{"@id":"https:\/\/www.onefive.cz\/peakdesign\/#website"},"primaryImageOfPage":{"@id":"https:\/\/www.onefive.cz\/peakdesign\/produkt\/out-front-bike-mount\/#primaryimage"},"image":{"@id":"https:\/\/www.onefive.cz\/peakdesign\/produkt\/out-front-bike-mount\/#primaryimage"},"thumbnailUrl":"https:\/\/www.onefive.cz\/peakdesign\/wp-content\/uploads\/2021\/09\/mobile-outfrontbikemount-mav2-159A6445_2afd2384-f953-45f2-9ea4-77c3c40da848_1024x1024.jpg","datePublished":"2021-09-14T19:34:41+00:00","dateModified":"2026-04-17T04:05:36+00:00","description":"Out Front Bike Mount V2 je nejlep\u0161\u00ed dr\u017e\u00e1k telefonu na kolo. Je jedno, jestli jezd\u00ed\u0161 gravel, silnici nebo MTB. Out Front Bike Mount se hod\u00ed na v\u0161echny.","breadcrumb":{"@id":"https:\/\/www.onefive.cz\/peakdesign\/produkt\/out-front-bike-mount\/#breadcrumb"},"inLanguage":"cs","potentialAction":[{"@type":"ReadAction","target":["https:\/\/www.onefive.cz\/peakdesign\/produkt\/out-front-bike-mount\/"]}]},{"@type":"ImageObject","inLanguage":"cs","@id":"https:\/\/www.onefive.cz\/peakdesign\/produkt\/out-front-bike-mount\/#primaryimage","url":"https:\/\/www.onefive.cz\/peakdesign\/wp-content\/uploads\/2021\/09\/mobile-outfrontbikemount-mav2-159A6445_2afd2384-f953-45f2-9ea4-77c3c40da848_1024x1024.jpg","contentUrl":"https:\/\/www.onefive.cz\/peakdesign\/wp-content\/uploads\/2021\/09\/mobile-outfrontbikemount-mav2-159A6445_2afd2384-f953-45f2-9ea4-77c3c40da848_1024x1024.jpg","width":1024,"height":1024},{"@type":"BreadcrumbList","@id":"https:\/\/www.onefive.cz\/peakdesign\/produkt\/out-front-bike-mount\/#breadcrumb","itemListElement":[{"@type":"ListItem","position":1,"name":"Dom\u016f","item":"https:\/\/www.onefive.cz\/peakdesign\/"},{"@type":"ListItem","position":2,"name":"Shop","item":"https:\/\/www.onefive.cz\/peakdesign\/shop\/"},{"@type":"ListItem","position":3,"name":"Out Front Bike Mount v2"}]},{"@type":"WebSite","@id":"https:\/\/www.onefive.cz\/peakdesign\/#website","url":"https:\/\/www.onefive.cz\/peakdesign\/","name":"OneFive.cz - Prodejce Peak Design","description":"Kryty a dr\u017e\u00e1ky pro telefony, cestovn\u00ed a everyday batohy a ta\u0161ky, organiz\u00e9ry a fotop\u0159\u00edslu\u0161enstv\u00ed. Ultim\u00e1tn\u00ed v\u00fdbava pro ty, kte\u0159\u00ed vy\u017eaduj\u00ed to nejlep\u0161\u00ed.","potentialAction":[{"@type":"SearchAction","target":{"@type":"EntryPoint","urlTemplate":"https:\/\/www.onefive.cz\/peakdesign\/?s={search_term_string}"},"query-input":{"@type":"PropertyValueSpecification","valueRequired":true,"valueName":"search_term_string"}}],"inLanguage":"cs"}]}},"_links":{"self":[{"href":"https:\/\/www.onefive.cz\/peakdesign\/wp-json\/wp\/v2\/product\/101267","targetHints":{"allow":["GET"]}}],"collection":[{"href":"https:\/\/www.onefive.cz\/peakdesign\/wp-json\/wp\/v2\/product"}],"about":[{"href":"https:\/\/www.onefive.cz\/peakdesign\/wp-json\/wp\/v2\/types\/product"}],"wp:featuredmedia":[{"embeddable":true,"href":"https:\/\/www.onefive.cz\/peakdesign\/wp-json\/wp\/v2\/media\/111572"}],"wp:attachment":[{"href":"https:\/\/www.onefive.cz\/peakdesign\/wp-json\/wp\/v2\/media?parent=101267"}],"wp:term":[{"taxonomy":"product_brand","embeddable":true,"href":"https:\/\/www.onefive.cz\/peakdesign\/wp-json\/wp\/v2\/product_brand?post=101267"},{"taxonomy":"product_cat","embeddable":true,"href":"https:\/\/www.onefive.cz\/peakdesign\/wp-json\/wp\/v2\/product_cat?post=101267"},{"taxonomy":"product_tag","embeddable":true,"href":"https:\/\/www.onefive.cz\/peakdesign\/wp-json\/wp\/v2\/product_tag?post=101267"}],"curies":[{"name":"wp","href":"https:\/\/api.w.org\/{rel}","templated":true}]}}