{"id":101279,"date":"2021-09-14T22:20:05","date_gmt":"2021-09-14T20:20:05","guid":{"rendered":"https:\/\/www.peakdesign.cz\/?post_type=product&#038;p=101279"},"modified":"2026-04-17T07:05:22","modified_gmt":"2026-04-17T05:05:22","slug":"universal-bar-mount","status":"publish","type":"product","link":"https:\/\/www.onefive.cz\/peakdesign\/produkt\/universal-bar-mount\/","title":{"rendered":"Universal Bar Mount"},"content":{"rendered":"<div class='content-column one_half'><h2>Hlavn\u00ed rysy<\/h2>\n<p><strong>P\u0158IPEVN\u011aN\u00cd TELEFONU NA COKOLI<\/strong><\/p>\n<ul style=\"padding-left: 15px;\">\n<li>\u0158\u00edd\u00edtka, p\u0159edstavce a r\u00e1my kol? Ano. Sk\u00fatry, motocykly a mopedy? Ano. Ko\u010d\u00e1rky. Golfov\u00e9 voz\u00edky. Seka\u010dky na tr\u00e1vu. Sn\u011bhov\u00e9 fr\u00e9zy. Prost\u011b kamkoliv!<\/li>\n<\/ul>\n<p><strong>MAGICK\u00c9 SPOJEN\u00cd<\/strong><\/p>\n<ul style=\"padding-left: 15px;\">\n<li>Rychlost a bezpe\u010dnost vestav\u011bn\u00e9ho magneticko\/mechanick\u00e9ho z\u00e1mku (tzv. SlimLink\u2122) t\u011b naprosto okouzl\u00ed<\/li>\n<li>Intuitivn\u00ed upevn\u011bn\u00ed a odejmut\u00ed telefonu jednou rukou bez nutnosti pohledu<\/li>\n<li>Dr\u017e\u00ed telefon i p\u0159i nejv\u011bt\u0161\u00edch n\u00e1razech b\u011bhem j\u00edzdy<\/li>\n<li>Telefon pevn\u011b dr\u017e\u00ed na m\u00edst\u011b, ale je p\u0159\u00edstupn\u00fd stisknut\u00edm tla\u010d\u00edtka<\/li>\n<\/ul>\n<p><strong>NESKUTE\u010cN\u011a V\u0160ESTRANN\u00dd<\/strong><\/p>\n<ul style=\"padding-left: 15px;\">\n<li>Mont\u00e1\u017e na jak\u00e1koli \u0159\u00edd\u00edtka a p\u0159edm\u011bty podobn\u00e9ho tvaru: kola, kolob\u011b\u017eky, ko\u010d\u00e1rky, motocykly, golfov\u00e9 voz\u00edky a dal\u0161\u00ed<\/li>\n<li>Navr\u017eeno pro pou\u017eit\u00ed na ty\u010d\u00edch o pr\u016fm\u011bru 22-35 mm (max. rozsah 19-55 mm) <\/li>\n<li>Vhodn\u00e9 i na nekulat\u00e1 \u0159\u00edd\u00edtka (nap\u0159. aero)<\/li>\n<li>Dr\u017e\u00ed telefon v re\u017eimu na v\u00fd\u0161ku nebo na \u0161\u00ed\u0159ku<\/li>\n<li>Hlava dr\u017e\u00e1ku lze aretovat v jedn\u00e9 z 32 poloh ot\u00e1\u010den\u00ed<\/li>\n<\/ul>\n<p><strong>VYDR\u017d\u00cd ROKY<\/strong><\/p>\n<ul style=\"padding-left: 15px;\">\n<li>D\u00edky pr\u00e9miov\u00fdm materi\u00e1l\u016fm a pevn\u00e9 konstrukci ti tento dr\u017e\u00e1k bude slou\u017eit mnoho let a p\u0159e\u017eije mnoho telefon\u016f<\/li>\n<li>Do\u017eivotn\u00ed z\u00e1ruka, stejn\u011b jako u v\u0161ech produkt\u016f Peak Design<\/li>\n<\/ul>\n<p><strong>SNADN\u00c1 MONT\u00c1\u017d A DEMONT\u00c1\u017d<\/strong><\/p>\n<ul style=\"padding-left: 15px;\">\n<li>Okam\u017eit\u00e1 instalace pomoc\u00ed silikonov\u00e9ho p\u00e1sku se snadnou a rychlou demont\u00e1\u017e\u00ed<\/li>\n<li>H\u00e1\u010dek pro uchov\u00e1n\u00ed silikonov\u00e9ho konce p\u00e1sku udr\u017euje p\u00e1sek \u00fahledn\u011b ulo\u017een\u00fd<\/li>\n<li>Ide\u00e1ln\u00ed pro pou\u017eit\u00ed s p\u016fj\u010den\u00fdmi koly nebo jako prevence proti kr\u00e1de\u017ei<\/li>\n<li>Skv\u011bl\u00e9 tak\u00e9 pro dom\u00e1cnosti s v\u00edce koly<\/li>\n<\/ul>\n<p><strong>DOSTATE\u010cN\u011a ROBUSTN\u00cd PRO COKOLI<\/strong><\/p>\n<ul style=\"padding-left: 15px;\">\n<li>Zamykac\u00ed mechanismus je dostate\u010dn\u011b pevn\u00fd pro jak\u00e9koliv cyklistick\u00e9 aktivitu nebo ter\u00e9n<\/li>\n<li>Pevn\u00e1 konstrukce z obr\u00e1b\u011bn\u00e9ho\/anodizovan\u00e9ho hlin\u00edku a silikonu<\/li>\n<li>Odoln\u00fd proti pov\u011btrnostn\u00edm vliv\u016fm, trvanliv\u00fd a lehk\u00fd<\/li>\n<\/ul>\n<p><strong>KOMPATIBILITA S TELEFONY\/KRYTY<\/strong><\/p>\n<ul style=\"padding-left: 15px;\">\n<li>Vy\u017eaduje pou\u017eit\u00ed <a href=\"https:\/\/www.onefive.cz\/peakdesign\/produkt\/everyday-case\/\">krytu Peak Design<\/a> nebo <a href=\"https:\/\/www.onefive.cz\/peakdesign\/produkt\/universal-adapter\/\">univerz\u00e1ln\u00edho adapt\u00e9ru<\/a><\/li>\n<\/ul>\n<p><strong>KOMPATIBILITA S \u0158\u00cdD\u00cdTKY\/V\u00ddBAVOU<\/strong><\/p>\n<ul style=\"padding-left: 15px;\">\n<li>Navr\u017eeno pro kola, sk\u00fatry, ko\u010d\u00e1rky, motocykly, golfov\u00e9 voz\u00edky a dal\u0161\u00ed.<\/li>\n<li>Doporu\u010deno pro pou\u017eit\u00ed na \u0159\u00edd\u00edtk\u00e1ch o pr\u016fm\u011bru 22-35 mm<\/li>\n<li>Maxim\u00e1ln\u00ed rozsah pr\u016fm\u011bru ty\u010de (\u0159\u00edd\u00edtek) 19-55 mm<\/li>\n<li>Mimo doporu\u010den\u00fd rozsah m\u016f\u017ee b\u00fdt obt\u00ed\u017en\u00e9 dr\u017e\u00e1k p\u0159ipevnit\/odpojit<\/li>\n<li>Vhodn\u00e9 i pro nekulat\u00e1 \u0159\u00edd\u00edtka - \u010dty\u0159hrann\u00e9 trubky, aero atd.<\/li>\n<\/ul><\/div>\n<div class='content-column one_half last_column'><h2>Video<\/h2>\n<p><iframe loading=\"lazy\" title=\"Universal Bar Mount Feature Overview\" width=\"500\" height=\"281\" src=\"https:\/\/www.youtube.com\/embed\/Tc-oAObe-as?feature=oembed\" frameborder=\"0\" allow=\"accelerometer; autoplay; clipboard-write; encrypted-media; gyroscope; picture-in-picture; web-share\" referrerpolicy=\"strict-origin-when-cross-origin\" allowfullscreen><\/iframe><\/p>\n<h2 style=\"padding-top: 15px;\">Specifikace<\/h2>\n<p><strong>Rozm\u011bry<\/strong><br \/>\nHlava dr\u017e\u00e1ku: 5,3 cm x 5,3 cm x 1,39 cm<br \/>\nD\u00e9lka p\u00e1sku: 16 cm<br \/>\n\u0160\u00ed\u0159ka p\u00e1sku: 2,1 cm<br \/>\nTlou\u0161\u0165ka p\u00e1sku: 0,5 cm<br \/>\nV\u016fle (od \u0159\u00edd\u00edtek ke spodn\u00ed \u010d\u00e1sti hlavy dr\u017e\u00e1ku): 0,77 cm<br \/>\nV\u00fd\u0161ka (od \u0159\u00edd\u00edtek po horn\u00ed \u010d\u00e1st hlavy dr\u017e\u00e1ku): 2,2 cm <\/p>\n<p><strong>Hmotnost<\/strong><br \/>\n78 g <\/p>\n<p><strong>Materi\u00e1ly<\/strong><br \/>\nObr\u00e1b\u011bn\u00e1\/anodizovan\u00e1 hlin\u00edkov\u00e1 mont\u00e1\u017en\u00ed hlava<br \/>\nP\u0159ilnav\u00e1 silikonov\u00e1 mont\u00e1\u017en\u00ed podlo\u017eka s UV stabiliz\u00e1torem Tinuvin 770<br \/>\nSilikonov\u00fd mont\u00e1\u017en\u00ed p\u00e1sek<br \/>\nSkeln\u00fdm vl\u00e1knem vyztu\u017een\u00fd nylonov\u00fd mont\u00e1\u017en\u00ed h\u00e1k<br \/>\nPolykarbon\u00e1tov\u00fd h\u00e1\u010dek pro upevn\u011bn\u00ed p\u00e1sku<br \/>\nVysokoteplotn\u00ed neodymov\u00e9 magnety<\/p>\n<p><strong>Z\u00e1ruka<\/strong>: Do\u017eivotn\u00ed<\/p>\n<p><strong>N\u00e1vod<\/strong>: <a href=\"https:\/\/www.peakdesign.cz\/data\/manuals\/mobile\/Universal%20Bar%20Mount%20CZ.pdf\" target=\"_blank\" rel=\"noopener\">st\u00e1hnout PDF<\/a><\/p>\n<h2>Obsah balen\u00ed<\/h2>\n<p><img decoding=\"async\" src=\"https:\/\/www.peakdesign.cz\/wp-content\/uploads\/2021\/09\/3-WITB-Bar-Universal-01.jpeg\" alt=\"\" width=\"450\" class=\"alignnone size-full\" \/><\/p>\n<ul style=\"padding-left: 15px; padding-bottom: 15px;\">\n<li>1. 1x Universal Bar Mount<\/li>\n<\/ul><\/div><div class='clear_column'><\/div>\n","protected":false},"excerpt":{"rendered":"<p>Dr\u017e\u00e1k telefonu s pojistkou na libovoln\u00e1 \u0159\u00edd\u00edtka<\/p>\n<p>Univerz\u00e1ln\u00ed dr\u017e\u00e1k na \u0159id\u00edtka je navr\u017een pro \u0161irokou \u0161k\u00e1lu pou\u017eit\u00ed a bezpe\u010dn\u011b dr\u017e\u00ed telefon na \u0159\u00edd\u00edtk\u00e1ch, p\u0159edstavci nebo r\u00e1mu jak\u00e9hokoli kola, kolob\u011b\u017eky, ko\u010d\u00e1rku, motocyklu, golfov\u00e9ho voz\u00edku a dal\u0161\u00edch za\u0159\u00edzen\u00ed. Silikonov\u00fd p\u00e1sek se pevn\u011b p\u0159ipevn\u00ed k \u0161irok\u00e9 \u0161k\u00e1le standardn\u00edch pr\u016fm\u011br\u016f ty\u010d\u00ed a lze jej snadno p\u0159em\u00edstit. Mimo\u0159\u00e1dn\u011b siln\u00fd magneticko-mechanick\u00fd z\u00e1mek (SlimLink\u2122) telefon uchop\u00ed a uzamkne tak snadno, \u017ee t\u011b to naprosto okouzl\u00ed. Telefon m\u016f\u017ee\u0161 okam\u017eit\u011b vyjmout stisknut\u00edm tla\u010d\u00edtka. Snadn\u00e1 zm\u011bna mezi orientac\u00ed telefonu na v\u00fd\u0161ku a na \u0161\u00ed\u0159ku bez nutnosti vyjmut\u00ed telefonu. Hlavu dr\u017e\u00e1ku lze oto\u010dit do jedn\u00e9 z 32 poloh, tak\u017ee m\u016f\u017eete telefon um\u00edstit do vodorovn\u00e9 polohy na libovoln\u00e9m stylu \u0159\u00edd\u00edtek. Tento dr\u017e\u00e1k m\u016f\u017ee\u0161 rychle p\u0159em\u00edstit z jednoho m\u00edsta na druh\u00e9 nebo jej na konci j\u00edzdy sejmout, nap\u0159\u00edklad pokud hroz\u00ed jeho zcizen\u00ed. [read more]<\/p>\n<p>Vy\u017eaduje kryt Peak Design <a href=\"https:\/\/www.onefive.cz\/peakdesign\/produkt\/everyday-case\/\">Everyday Case<\/a> nebo adapt\u00e9r <a href=\"https:\/\/www.onefive.cz\/peakdesign\/produkt\/universal-adapter\/\">Universal Adapter<\/a> (prod\u00e1v\u00e1 se samostatn\u011b).[\/read]<\/p>\n","protected":false},"featured_media":101280,"template":"","meta":[],"product_brand":[],"product_cat":[25],"product_tag":[],"class_list":{"0":"post-101279","1":"product","2":"type-product","3":"status-publish","4":"has-post-thumbnail","6":"product_cat-mobile","8":"first","9":"instock","10":"taxable","11":"shipping-taxable","12":"purchasable","13":"product-type-simple"},"yoast_head":"<!-- This site is optimized with the Yoast SEO plugin v27.4 - https:\/\/yoast.com\/product\/yoast-seo-wordpress\/ -->\n<title>Universal Bar Mount - OneFive.cz - Prodejce Peak Design<\/title>\n<meta name=\"description\" content=\"Universal Bar Mount\" \/>\n<meta name=\"robots\" content=\"index, follow, max-snippet:-1, max-image-preview:large, max-video-preview:-1\" \/>\n<link rel=\"canonical\" href=\"https:\/\/www.onefive.cz\/peakdesign\/produkt\/universal-bar-mount\/\" \/>\n<meta property=\"og:locale\" content=\"cs_CZ\" \/>\n<meta property=\"og:type\" content=\"article\" \/>\n<meta property=\"og:title\" content=\"Universal Bar Mount - OneFive.cz - Prodejce Peak Design\" \/>\n<meta property=\"og:description\" content=\"Universal Bar Mount\" \/>\n<meta property=\"og:url\" content=\"https:\/\/www.onefive.cz\/peakdesign\/produkt\/universal-bar-mount\/\" \/>\n<meta property=\"og:site_name\" content=\"OneFive.cz - Prodejce Peak Design\" \/>\n<meta property=\"article:modified_time\" content=\"2026-04-17T05:05:22+00:00\" \/>\n<meta property=\"og:image\" content=\"https:\/\/www.onefive.cz\/peakdesign\/wp-content\/uploads\/2021\/09\/1-LIGHTBOX-Bar-Universal-02copy_1024x1024.jpeg\" \/>\n\t<meta property=\"og:image:width\" content=\"1024\" \/>\n\t<meta property=\"og:image:height\" content=\"1024\" \/>\n\t<meta property=\"og:image:type\" content=\"image\/jpeg\" \/>\n<meta name=\"twitter:card\" content=\"summary_large_image\" \/>\n<meta name=\"twitter:label1\" content=\"Odhadovan\u00e1 doba \u010dten\u00ed\" \/>\n\t<meta name=\"twitter:data1\" content=\"3 minuty\" \/>\n<script type=\"application\/ld+json\" class=\"yoast-schema-graph\">{\"@context\":\"https:\\\/\\\/schema.org\",\"@graph\":[{\"@type\":\"WebPage\",\"@id\":\"https:\\\/\\\/www.onefive.cz\\\/peakdesign\\\/produkt\\\/universal-bar-mount\\\/\",\"url\":\"https:\\\/\\\/www.onefive.cz\\\/peakdesign\\\/produkt\\\/universal-bar-mount\\\/\",\"name\":\"Universal Bar Mount - OneFive.cz - Prodejce Peak Design\",\"isPartOf\":{\"@id\":\"https:\\\/\\\/www.onefive.cz\\\/peakdesign\\\/#website\"},\"primaryImageOfPage\":{\"@id\":\"https:\\\/\\\/www.onefive.cz\\\/peakdesign\\\/produkt\\\/universal-bar-mount\\\/#primaryimage\"},\"image\":{\"@id\":\"https:\\\/\\\/www.onefive.cz\\\/peakdesign\\\/produkt\\\/universal-bar-mount\\\/#primaryimage\"},\"thumbnailUrl\":\"https:\\\/\\\/www.onefive.cz\\\/peakdesign\\\/wp-content\\\/uploads\\\/2021\\\/09\\\/1-LIGHTBOX-Bar-Universal-02copy_1024x1024.jpeg\",\"datePublished\":\"2021-09-14T20:20:05+00:00\",\"dateModified\":\"2026-04-17T05:05:22+00:00\",\"description\":\"Universal Bar Mount\",\"breadcrumb\":{\"@id\":\"https:\\\/\\\/www.onefive.cz\\\/peakdesign\\\/produkt\\\/universal-bar-mount\\\/#breadcrumb\"},\"inLanguage\":\"cs\",\"potentialAction\":[{\"@type\":\"ReadAction\",\"target\":[\"https:\\\/\\\/www.onefive.cz\\\/peakdesign\\\/produkt\\\/universal-bar-mount\\\/\"]}]},{\"@type\":\"ImageObject\",\"inLanguage\":\"cs\",\"@id\":\"https:\\\/\\\/www.onefive.cz\\\/peakdesign\\\/produkt\\\/universal-bar-mount\\\/#primaryimage\",\"url\":\"https:\\\/\\\/www.onefive.cz\\\/peakdesign\\\/wp-content\\\/uploads\\\/2021\\\/09\\\/1-LIGHTBOX-Bar-Universal-02copy_1024x1024.jpeg\",\"contentUrl\":\"https:\\\/\\\/www.onefive.cz\\\/peakdesign\\\/wp-content\\\/uploads\\\/2021\\\/09\\\/1-LIGHTBOX-Bar-Universal-02copy_1024x1024.jpeg\",\"width\":1024,\"height\":1024},{\"@type\":\"BreadcrumbList\",\"@id\":\"https:\\\/\\\/www.onefive.cz\\\/peakdesign\\\/produkt\\\/universal-bar-mount\\\/#breadcrumb\",\"itemListElement\":[{\"@type\":\"ListItem\",\"position\":1,\"name\":\"Dom\u016f\",\"item\":\"https:\\\/\\\/www.onefive.cz\\\/peakdesign\\\/\"},{\"@type\":\"ListItem\",\"position\":2,\"name\":\"Shop\",\"item\":\"https:\\\/\\\/www.onefive.cz\\\/peakdesign\\\/shop\\\/\"},{\"@type\":\"ListItem\",\"position\":3,\"name\":\"Universal Bar Mount\"}]},{\"@type\":\"WebSite\",\"@id\":\"https:\\\/\\\/www.onefive.cz\\\/peakdesign\\\/#website\",\"url\":\"https:\\\/\\\/www.onefive.cz\\\/peakdesign\\\/\",\"name\":\"OneFive.cz - Prodejce Peak Design\",\"description\":\"Kryty a dr\u017e\u00e1ky pro telefony, cestovn\u00ed a everyday batohy a ta\u0161ky, organiz\u00e9ry a fotop\u0159\u00edslu\u0161enstv\u00ed. Ultim\u00e1tn\u00ed v\u00fdbava pro ty, kte\u0159\u00ed vy\u017eaduj\u00ed to nejlep\u0161\u00ed.\",\"potentialAction\":[{\"@type\":\"SearchAction\",\"target\":{\"@type\":\"EntryPoint\",\"urlTemplate\":\"https:\\\/\\\/www.onefive.cz\\\/peakdesign\\\/?s={search_term_string}\"},\"query-input\":{\"@type\":\"PropertyValueSpecification\",\"valueRequired\":true,\"valueName\":\"search_term_string\"}}],\"inLanguage\":\"cs\"}]}<\/script>\n<!-- \/ Yoast SEO plugin. -->","yoast_head_json":{"title":"Universal Bar Mount - OneFive.cz - Prodejce Peak Design","description":"Universal Bar Mount","robots":{"index":"index","follow":"follow","max-snippet":"max-snippet:-1","max-image-preview":"max-image-preview:large","max-video-preview":"max-video-preview:-1"},"canonical":"https:\/\/www.onefive.cz\/peakdesign\/produkt\/universal-bar-mount\/","og_locale":"cs_CZ","og_type":"article","og_title":"Universal Bar Mount - OneFive.cz - Prodejce Peak Design","og_description":"Universal Bar Mount","og_url":"https:\/\/www.onefive.cz\/peakdesign\/produkt\/universal-bar-mount\/","og_site_name":"OneFive.cz - Prodejce Peak Design","article_modified_time":"2026-04-17T05:05:22+00:00","og_image":[{"width":1024,"height":1024,"url":"https:\/\/www.onefive.cz\/peakdesign\/wp-content\/uploads\/2021\/09\/1-LIGHTBOX-Bar-Universal-02copy_1024x1024.jpeg","type":"image\/jpeg"}],"twitter_card":"summary_large_image","twitter_misc":{"Odhadovan\u00e1 doba \u010dten\u00ed":"3 minuty"},"schema":{"@context":"https:\/\/schema.org","@graph":[{"@type":"WebPage","@id":"https:\/\/www.onefive.cz\/peakdesign\/produkt\/universal-bar-mount\/","url":"https:\/\/www.onefive.cz\/peakdesign\/produkt\/universal-bar-mount\/","name":"Universal Bar Mount - OneFive.cz - Prodejce Peak Design","isPartOf":{"@id":"https:\/\/www.onefive.cz\/peakdesign\/#website"},"primaryImageOfPage":{"@id":"https:\/\/www.onefive.cz\/peakdesign\/produkt\/universal-bar-mount\/#primaryimage"},"image":{"@id":"https:\/\/www.onefive.cz\/peakdesign\/produkt\/universal-bar-mount\/#primaryimage"},"thumbnailUrl":"https:\/\/www.onefive.cz\/peakdesign\/wp-content\/uploads\/2021\/09\/1-LIGHTBOX-Bar-Universal-02copy_1024x1024.jpeg","datePublished":"2021-09-14T20:20:05+00:00","dateModified":"2026-04-17T05:05:22+00:00","description":"Universal Bar Mount","breadcrumb":{"@id":"https:\/\/www.onefive.cz\/peakdesign\/produkt\/universal-bar-mount\/#breadcrumb"},"inLanguage":"cs","potentialAction":[{"@type":"ReadAction","target":["https:\/\/www.onefive.cz\/peakdesign\/produkt\/universal-bar-mount\/"]}]},{"@type":"ImageObject","inLanguage":"cs","@id":"https:\/\/www.onefive.cz\/peakdesign\/produkt\/universal-bar-mount\/#primaryimage","url":"https:\/\/www.onefive.cz\/peakdesign\/wp-content\/uploads\/2021\/09\/1-LIGHTBOX-Bar-Universal-02copy_1024x1024.jpeg","contentUrl":"https:\/\/www.onefive.cz\/peakdesign\/wp-content\/uploads\/2021\/09\/1-LIGHTBOX-Bar-Universal-02copy_1024x1024.jpeg","width":1024,"height":1024},{"@type":"BreadcrumbList","@id":"https:\/\/www.onefive.cz\/peakdesign\/produkt\/universal-bar-mount\/#breadcrumb","itemListElement":[{"@type":"ListItem","position":1,"name":"Dom\u016f","item":"https:\/\/www.onefive.cz\/peakdesign\/"},{"@type":"ListItem","position":2,"name":"Shop","item":"https:\/\/www.onefive.cz\/peakdesign\/shop\/"},{"@type":"ListItem","position":3,"name":"Universal Bar Mount"}]},{"@type":"WebSite","@id":"https:\/\/www.onefive.cz\/peakdesign\/#website","url":"https:\/\/www.onefive.cz\/peakdesign\/","name":"OneFive.cz - Prodejce Peak Design","description":"Kryty a dr\u017e\u00e1ky pro telefony, cestovn\u00ed a everyday batohy a ta\u0161ky, organiz\u00e9ry a fotop\u0159\u00edslu\u0161enstv\u00ed. Ultim\u00e1tn\u00ed v\u00fdbava pro ty, kte\u0159\u00ed vy\u017eaduj\u00ed to nejlep\u0161\u00ed.","potentialAction":[{"@type":"SearchAction","target":{"@type":"EntryPoint","urlTemplate":"https:\/\/www.onefive.cz\/peakdesign\/?s={search_term_string}"},"query-input":{"@type":"PropertyValueSpecification","valueRequired":true,"valueName":"search_term_string"}}],"inLanguage":"cs"}]}},"_links":{"self":[{"href":"https:\/\/www.onefive.cz\/peakdesign\/wp-json\/wp\/v2\/product\/101279","targetHints":{"allow":["GET"]}}],"collection":[{"href":"https:\/\/www.onefive.cz\/peakdesign\/wp-json\/wp\/v2\/product"}],"about":[{"href":"https:\/\/www.onefive.cz\/peakdesign\/wp-json\/wp\/v2\/types\/product"}],"wp:featuredmedia":[{"embeddable":true,"href":"https:\/\/www.onefive.cz\/peakdesign\/wp-json\/wp\/v2\/media\/101280"}],"wp:attachment":[{"href":"https:\/\/www.onefive.cz\/peakdesign\/wp-json\/wp\/v2\/media?parent=101279"}],"wp:term":[{"taxonomy":"product_brand","embeddable":true,"href":"https:\/\/www.onefive.cz\/peakdesign\/wp-json\/wp\/v2\/product_brand?post=101279"},{"taxonomy":"product_cat","embeddable":true,"href":"https:\/\/www.onefive.cz\/peakdesign\/wp-json\/wp\/v2\/product_cat?post=101279"},{"taxonomy":"product_tag","embeddable":true,"href":"https:\/\/www.onefive.cz\/peakdesign\/wp-json\/wp\/v2\/product_tag?post=101279"}],"curies":[{"name":"wp","href":"https:\/\/api.w.org\/{rel}","templated":true}]}}