{"id":101332,"date":"2021-09-11T00:28:55","date_gmt":"2021-09-10T22:28:55","guid":{"rendered":"https:\/\/www.peakdesign.cz\/?post_type=product&#038;p=101332"},"modified":"2026-04-17T05:35:19","modified_gmt":"2026-04-17T03:35:19","slug":"creator-kit","status":"publish","type":"product","link":"https:\/\/www.onefive.cz\/peakdesign\/produkt\/creator-kit\/","title":{"rendered":"Creator Kit"},"content":{"rendered":"<div class='content-column one_half'><h2>Hlavn\u00ed rysy<\/h2>\n<p><strong>VYU\u017dIJ SV\u016eJ TELEFON NAPLNO<\/strong><\/p>\n<ul style=\"padding-left: 15px;\">\n<li>Chytr\u00e9 telefony maj\u00ed ohromuj\u00edc\u00ed mo\u017enosti fotografov\u00e1n\u00ed a nat\u00e1\u010den\u00ed videa a st\u00e1le se zlep\u0161uj\u00ed. Sada Creator Kit roz\u0161i\u0159uje v\u00fdhody ultrarychl\u00e9ho a velmi pevn\u00e9ho syst\u00e9mu pro upevn\u011bn\u00ed telefonu od spole\u010dnosti Peak Design na \u0161irokou \u0161k\u00e1lu kreativn\u00edch za\u0159\u00edzen\u00ed. Po\u0159izov\u00e1n\u00ed obsahu v profesion\u00e1ln\u00ed kvalit\u011b pomoc\u00ed telefonu je te\u010f snaz\u0161\u00ed ne\u017e kdykoli p\u0159edt\u00edm.<\/li>\n<\/ul>\n<p><strong>MAGICK\u00c9 SPOJEN\u00cd<\/strong><\/p>\n<ul style=\"padding-left: 15px;\">\n<li>Rychlost a bezpe\u010dnost vestav\u011bn\u00e9ho magneticko\/mechanick\u00e9ho z\u00e1mku (tzv. SlimLink\u2122) t\u011b naprosto okouzl\u00ed<\/li>\n<li>Intuitivn\u00ed upevn\u011bn\u00ed a odejmut\u00ed telefonu jednou rukou bez nutnosti pohledu<\/li>\n<li>Telefon pevn\u011b dr\u017e\u00ed na m\u00edst\u011b, ale je p\u0159\u00edstupn\u00fd stisknut\u00edm tla\u010d\u00edtka<\/li>\n<\/ul>\n<p><strong>TOT\u00c1LN\u00cd BEZPE\u010c\u00cd A P\u0158\u00cdSTUP<\/strong><\/p>\n<ul style=\"padding-left: 15px;\">\n<li>Zamykac\u00ed mechanismus je dostate\u010dn\u011b pevn\u00fd pro jak\u00e9koliv aktivity<\/li>\n<li>Okam\u017eit\u00e9 p\u0159ipevn\u011bn\u00ed a odejmut\u00ed telefonu jednou rukou<\/li>\n<\/ul>\n<p><strong>VYDR\u017d\u00cd ROKY<\/strong><\/p>\n<ul style=\"padding-left: 15px;\">\n<li>Ultra pr\u00e9miov\u00e1 konstrukce z obr\u00e1b\u011bn\u00e9ho\/anodizovan\u00e9ho hlin\u00edku a polykarbon\u00e1tu vyztu\u017een\u00e9ho skeln\u00fdm vl\u00e1knem<\/li>\n<li>Zkonstruov\u00e1no tak, \u017ee ti tento dr\u017e\u00e1k bude slou\u017eit mnoho let a p\u0159e\u017eije mnoho telefon\u016f<\/li>\n<li>Do\u017eivotn\u00ed z\u00e1ruka, stejn\u011b jako u v\u0161ech produkt\u016f Peak Design<\/li>\n<\/ul>\n<p><strong>P\u0158IPEVNI TV\u016eJ TELEFON K<\/strong><\/p>\n<ul style=\"padding-left: 15px;\">\n<li>Stativ\u016fm s ARCA hlavou<\/li>\n<li>Dr\u017e\u00e1k\u016fm GoPro<\/li>\n<li>Dr\u017e\u00e1k\u016fm se \u0161roubem 1\/4\"-20<\/li>\n<li>Dr\u017e\u00e1ku Peak Design <a href=\"https:\/\/www.onefive.cz\/peakdesign\/produkt\/capture\/\">Capture<\/a><\/li>\n<\/ul>\n<p><strong>DOPORU\u010cEN\u00c9 POU\u017dIT\u00cd*<\/strong><\/p>\n<ul style=\"padding-left: 15px;\">\n<li><strong>Pou\u017e\u00edvej telefon jako kameru GoPro<\/strong>. P\u0159ipevni telefon k dr\u017e\u00e1k\u016fm na helmu a hrudn\u00edk a po\u0159izuj videa z vlastn\u00edho pohledu<\/li>\n<li><strong>Fotografov\u00e1n\u00ed s mobiln\u00edm telefonem<\/strong>. P\u0159ipevni telefon na jak\u00fdkoli stativ kompatibiln\u00ed s ARCA<\/li>\n<li><strong>Vlogov\u00e1n\u00ed a mobiln\u00ed filmov\u00e1n\u00ed<\/strong>. P\u0159ipevni telefon na nat\u00e1\u010dec\u00ed za\u0159\u00edzen\u00ed, kruhov\u00e1 sv\u011btla, adapt\u00e9ry hotshoe a dal\u0161\u00ed<\/li>\n<li><strong>P\u0159en\u00e1\u0161ej nebo nat\u00e1\u010dej pomoc\u00ed Capture<\/strong>. Upni telefon do dr\u017e\u00e1ku <a href=\"https:\/\/www.onefive.cz\/peakdesign\/produkt\/capture\/\">Capture<\/a> od Peak Design <\/li>\n<\/ul>\n<p><strong>KOMPATIBILITA S TELEFONY\/KRYTY<\/strong><\/p>\n<ul style=\"padding-left: 15px;\">\n<li>Funguje s jak\u00fdmkoli telefonem s <a href=\"https:\/\/www.onefive.cz\/peakdesign\/produkt\/everyday-case\/\">krytem Peak Design<\/a> nebo <a href=\"https:\/\/www.onefive.cz\/peakdesign\/produkt\/universal-adapter\/\">univerz\u00e1ln\u00edm adapt\u00e9rem<\/a><\/li>\n<\/ul>\n<p>*V\u0161echna tato pou\u017eit\u00ed vy\u017eaduj\u00ed dal\u0161\u00ed hardware t\u0159et\u00edch stran.<\/p><\/div>\n<div class='content-column one_half last_column'><h2>Video<\/h2>\n<p><iframe loading=\"lazy\" title=\"Meet the Peak Design Creator Kit with Dane\" width=\"500\" height=\"281\" src=\"https:\/\/www.youtube.com\/embed\/fi4aHHgkelY?feature=oembed\" frameborder=\"0\" allow=\"accelerometer; autoplay; clipboard-write; encrypted-media; gyroscope; picture-in-picture; web-share\" referrerpolicy=\"strict-origin-when-cross-origin\" allowfullscreen><\/iframe><\/p>\n<h2 style=\"padding-top: 15px;\">Specifikace<\/h2>\n<p><strong>Rozm\u011bry<\/strong><br \/>\nSestava s desti\u010dkou POV: 11,5 cm x 2,4 cm x 5,5 cm<br \/>\nHlava dr\u017e\u00e1ku: 5,5 cm x 5,5 cm x 0,7 cm<br \/>\nRozm\u011bry se li\u0161\u00ed v z\u00e1vislosti na p\u0159esn\u00e9 konfiguraci<\/p>\n<p><strong>Hmotnost<\/strong><br \/>\nV\u0161echny komponenty: 106,9 g<br \/>\nSestava s desti\u010dkou POV: 94,9 g<br \/>\nSestava s desti\u010dkou 1\/4\"-20: 87,6 g <\/p>\n<p><strong>Materi\u00e1ly<\/strong><br \/>\nObr\u00e1b\u011bn\u00e1\/anodizovan\u00e1 hlin\u00edkov\u00e1 mont\u00e1\u017en\u00ed hlava<br \/>\nP\u0159ipev\u0148ovac\u00ed ram\u00ednko z polykarbon\u00e1tu vyztu\u017een\u00e9ho skeln\u00fdm vl\u00e1knem<br \/>\nPolykarbon\u00e1tov\u00e9 desti\u010dky<br \/>\nP\u0159ilnav\u00e1 silikonov\u00e1 podlo\u017eka s UV stabiliz\u00e1torem Tinuvin 770<br \/>\n\u010c\u00e1sti z nerezov\u00e9 oceli s PVD \u00fapravou<br \/>\nVysokoteplotn\u00ed neodymov\u00e9 magnety<\/p>\n<p><strong>Z\u00e1ruka<\/strong>: Do\u017eivotn\u00ed<\/p>\n<p><strong>N\u00e1vod<\/strong>: <a href=\"https:\/\/www.peakdesign.cz\/data\/manuals\/mobile\/Creator%20Kit%20CZ.pdf\" target=\"_blank\" rel=\"noopener\">st\u00e1hnout PDF<\/a><\/p>\n<h2>Obsah balen\u00ed<\/h2>\n<p><img decoding=\"async\" src=\"https:\/\/www.peakdesign.cz\/wp-content\/uploads\/2021\/09\/3-WITB-Wall-Mount-Bone-02.jpeg\" alt=\"\" width=\"450\" class=\"alignnone size-full\" \/><\/p>\n<ul style=\"padding-left: 15px; padding-bottom: 15px;\">\n<li>1. 1x P\u0159ipev\u0148ovac\u00ed ram\u00ednko (kompatibiln\u00ed s GoPro mount)<\/li>\n<li>2. 1x \u0160roub pro uta\u017een\u00ed rukou (pro rychl\u00e9 oto\u010den\u00ed a nahr\u00e1v\u00e1n\u00ed videa)<\/li>\n<li>3. 1x Adapt\u00e9r pro desti\u010dku ARCA (kompatibiln\u00ed s Capture)<\/li>\n<li>4. 1x Adapt\u00e9r se z\u00e1vitem 1\/4\"-20 <\/li>\n<\/ul><\/div><div class='clear_column'><\/div>\n","protected":false},"excerpt":{"rendered":"<p>Dr\u017e\u00e1k telefonu s pojistkou pro stativy, dr\u017e\u00e1ky ak\u010dn\u00edch kamer a dr\u017e\u00e1k Peak Design Capture<\/p>\n<p>Vyu\u017eij naplno fotografick\u00fd a filma\u0159sk\u00fd potenci\u00e1l sv\u00e9ho telefonu pomoc\u00ed sady Creator Kit - skv\u011bl\u00e9ho univerz\u00e1ln\u00edho dr\u017e\u00e1ku na telefon, kter\u00fd lze p\u0159ipevnit ke  stativ\u016fm, dr\u017e\u00e1k\u016fm GoPro, dr\u017e\u00e1k\u016fm se stativov\u00fdm \u0161roubem 1\/4\"-20 a dr\u017e\u00e1ku Peak Design Capture. Nech zrcadlovku doma a m\u00edsto toho p\u0159ipevni telefon na jakoukoliv stativovou hlavu typu Arca a po\u0159izuj \u010dasosb\u011brn\u00e9 sn\u00edmky a dlouh\u00e9 expozice. Zapomn\u011bl si na GoPro? Nasa\u010f telefon p\u0159\u00edmo na jak\u00fdkoli dr\u017e\u00e1k typu GoPro (nap\u0159\u00edklad na helmu nebo hrudn\u00ed dr\u017e\u00e1k) a po\u0159izuj a sd\u00edlej videa z vlastn\u00ed perspektivy. Pomoc\u00ed adapt\u00e9ru se z\u00e1vitem 1\/4-20\" m\u016f\u017ee\u0161 telefon upevnit na nejr\u016fzn\u011bj\u0161\u00ed vlogovac\u00ed a video platformy. A pokud m\u00e1\u0161 po ruce Capture, m\u016f\u017ee\u0161 v n\u011bm nyn\u00ed nosit i telefon. Mimo\u0159\u00e1dn\u011b siln\u00fd magneticko-mechanick\u00fd z\u00e1mek (SlimLink\u2122) telefon uchop\u00ed a uzamkne tak snadno, \u017ee t\u011b to naprosto okouzl\u00ed. P\u0159ipevni telefon na v\u00fd\u0161ku nebo na \u0161\u00ed\u0159ku a okam\u017eit\u011b jej sejmi stisknut\u00edm tla\u010d\u00edtka. Dostate\u010dn\u011b pevn\u00e9 a bezpe\u010dn\u00e9 pro jak\u00e9koliv aktivity. [read more]<\/p>\n<p>Vy\u017eaduje kryt Peak Design <a href=\"https:\/\/www.onefive.cz\/peakdesign\/produkt\/everyday-case\/\">Everyday Case<\/a> nebo adapt\u00e9r <a href=\"https:\/\/www.onefive.cz\/peakdesign\/produkt\/universal-adapter\/\">Universal Adapter<\/a> (prod\u00e1v\u00e1 se samostatn\u011b).[\/read]<\/p>\n","protected":false},"featured_media":101333,"template":"","meta":[],"product_brand":[],"product_cat":[18],"product_tag":[],"class_list":{"0":"post-101332","1":"product","2":"type-product","3":"status-publish","4":"has-post-thumbnail","6":"product_cat-uncategorized","8":"first","9":"instock","10":"taxable","11":"shipping-taxable","12":"purchasable","13":"product-type-simple"},"yoast_head":"<!-- This site is optimized with the Yoast SEO plugin v27.4 - https:\/\/yoast.com\/product\/yoast-seo-wordpress\/ -->\n<title>Creator Kit - OneFive.cz - Prodejce Peak Design<\/title>\n<meta name=\"description\" content=\"Creator Kit\" \/>\n<meta name=\"robots\" content=\"index, follow, max-snippet:-1, max-image-preview:large, max-video-preview:-1\" \/>\n<link rel=\"canonical\" href=\"https:\/\/www.onefive.cz\/peakdesign\/produkt\/creator-kit\/\" \/>\n<meta property=\"og:locale\" content=\"cs_CZ\" \/>\n<meta property=\"og:type\" content=\"article\" \/>\n<meta property=\"og:title\" content=\"Creator Kit - OneFive.cz - Prodejce Peak Design\" \/>\n<meta property=\"og:description\" content=\"Creator Kit\" \/>\n<meta property=\"og:url\" content=\"https:\/\/www.onefive.cz\/peakdesign\/produkt\/creator-kit\/\" \/>\n<meta property=\"og:site_name\" content=\"OneFive.cz - Prodejce Peak Design\" \/>\n<meta property=\"article:modified_time\" content=\"2026-04-17T03:35:19+00:00\" \/>\n<meta property=\"og:image\" content=\"https:\/\/www.onefive.cz\/peakdesign\/wp-content\/uploads\/2021\/09\/1-LIGHTBOX-Creator-Kit-01_1024x1024.jpeg\" \/>\n\t<meta property=\"og:image:width\" content=\"1024\" \/>\n\t<meta property=\"og:image:height\" content=\"1024\" \/>\n\t<meta property=\"og:image:type\" content=\"image\/jpeg\" \/>\n<meta name=\"twitter:card\" content=\"summary_large_image\" \/>\n<meta name=\"twitter:label1\" content=\"Odhadovan\u00e1 doba \u010dten\u00ed\" \/>\n\t<meta name=\"twitter:data1\" content=\"3 minuty\" \/>\n<script type=\"application\/ld+json\" class=\"yoast-schema-graph\">{\"@context\":\"https:\\\/\\\/schema.org\",\"@graph\":[{\"@type\":\"WebPage\",\"@id\":\"https:\\\/\\\/www.onefive.cz\\\/peakdesign\\\/produkt\\\/creator-kit\\\/\",\"url\":\"https:\\\/\\\/www.onefive.cz\\\/peakdesign\\\/produkt\\\/creator-kit\\\/\",\"name\":\"Creator Kit - OneFive.cz - Prodejce Peak Design\",\"isPartOf\":{\"@id\":\"https:\\\/\\\/www.onefive.cz\\\/peakdesign\\\/#website\"},\"primaryImageOfPage\":{\"@id\":\"https:\\\/\\\/www.onefive.cz\\\/peakdesign\\\/produkt\\\/creator-kit\\\/#primaryimage\"},\"image\":{\"@id\":\"https:\\\/\\\/www.onefive.cz\\\/peakdesign\\\/produkt\\\/creator-kit\\\/#primaryimage\"},\"thumbnailUrl\":\"https:\\\/\\\/www.onefive.cz\\\/peakdesign\\\/wp-content\\\/uploads\\\/2021\\\/09\\\/1-LIGHTBOX-Creator-Kit-01_1024x1024.jpeg\",\"datePublished\":\"2021-09-10T22:28:55+00:00\",\"dateModified\":\"2026-04-17T03:35:19+00:00\",\"description\":\"Creator Kit\",\"breadcrumb\":{\"@id\":\"https:\\\/\\\/www.onefive.cz\\\/peakdesign\\\/produkt\\\/creator-kit\\\/#breadcrumb\"},\"inLanguage\":\"cs\",\"potentialAction\":[{\"@type\":\"ReadAction\",\"target\":[\"https:\\\/\\\/www.onefive.cz\\\/peakdesign\\\/produkt\\\/creator-kit\\\/\"]}]},{\"@type\":\"ImageObject\",\"inLanguage\":\"cs\",\"@id\":\"https:\\\/\\\/www.onefive.cz\\\/peakdesign\\\/produkt\\\/creator-kit\\\/#primaryimage\",\"url\":\"https:\\\/\\\/www.onefive.cz\\\/peakdesign\\\/wp-content\\\/uploads\\\/2021\\\/09\\\/1-LIGHTBOX-Creator-Kit-01_1024x1024.jpeg\",\"contentUrl\":\"https:\\\/\\\/www.onefive.cz\\\/peakdesign\\\/wp-content\\\/uploads\\\/2021\\\/09\\\/1-LIGHTBOX-Creator-Kit-01_1024x1024.jpeg\",\"width\":1024,\"height\":1024},{\"@type\":\"BreadcrumbList\",\"@id\":\"https:\\\/\\\/www.onefive.cz\\\/peakdesign\\\/produkt\\\/creator-kit\\\/#breadcrumb\",\"itemListElement\":[{\"@type\":\"ListItem\",\"position\":1,\"name\":\"Dom\u016f\",\"item\":\"https:\\\/\\\/www.onefive.cz\\\/peakdesign\\\/\"},{\"@type\":\"ListItem\",\"position\":2,\"name\":\"Shop\",\"item\":\"https:\\\/\\\/www.onefive.cz\\\/peakdesign\\\/shop\\\/\"},{\"@type\":\"ListItem\",\"position\":3,\"name\":\"Creator Kit\"}]},{\"@type\":\"WebSite\",\"@id\":\"https:\\\/\\\/www.onefive.cz\\\/peakdesign\\\/#website\",\"url\":\"https:\\\/\\\/www.onefive.cz\\\/peakdesign\\\/\",\"name\":\"OneFive.cz - Prodejce Peak Design\",\"description\":\"Kryty a dr\u017e\u00e1ky pro telefony, cestovn\u00ed a everyday batohy a ta\u0161ky, organiz\u00e9ry a fotop\u0159\u00edslu\u0161enstv\u00ed. Ultim\u00e1tn\u00ed v\u00fdbava pro ty, kte\u0159\u00ed vy\u017eaduj\u00ed to nejlep\u0161\u00ed.\",\"potentialAction\":[{\"@type\":\"SearchAction\",\"target\":{\"@type\":\"EntryPoint\",\"urlTemplate\":\"https:\\\/\\\/www.onefive.cz\\\/peakdesign\\\/?s={search_term_string}\"},\"query-input\":{\"@type\":\"PropertyValueSpecification\",\"valueRequired\":true,\"valueName\":\"search_term_string\"}}],\"inLanguage\":\"cs\"}]}<\/script>\n<!-- \/ Yoast SEO plugin. -->","yoast_head_json":{"title":"Creator Kit - OneFive.cz - Prodejce Peak Design","description":"Creator Kit","robots":{"index":"index","follow":"follow","max-snippet":"max-snippet:-1","max-image-preview":"max-image-preview:large","max-video-preview":"max-video-preview:-1"},"canonical":"https:\/\/www.onefive.cz\/peakdesign\/produkt\/creator-kit\/","og_locale":"cs_CZ","og_type":"article","og_title":"Creator Kit - OneFive.cz - Prodejce Peak Design","og_description":"Creator Kit","og_url":"https:\/\/www.onefive.cz\/peakdesign\/produkt\/creator-kit\/","og_site_name":"OneFive.cz - Prodejce Peak Design","article_modified_time":"2026-04-17T03:35:19+00:00","og_image":[{"width":1024,"height":1024,"url":"https:\/\/www.onefive.cz\/peakdesign\/wp-content\/uploads\/2021\/09\/1-LIGHTBOX-Creator-Kit-01_1024x1024.jpeg","type":"image\/jpeg"}],"twitter_card":"summary_large_image","twitter_misc":{"Odhadovan\u00e1 doba \u010dten\u00ed":"3 minuty"},"schema":{"@context":"https:\/\/schema.org","@graph":[{"@type":"WebPage","@id":"https:\/\/www.onefive.cz\/peakdesign\/produkt\/creator-kit\/","url":"https:\/\/www.onefive.cz\/peakdesign\/produkt\/creator-kit\/","name":"Creator Kit - OneFive.cz - Prodejce Peak Design","isPartOf":{"@id":"https:\/\/www.onefive.cz\/peakdesign\/#website"},"primaryImageOfPage":{"@id":"https:\/\/www.onefive.cz\/peakdesign\/produkt\/creator-kit\/#primaryimage"},"image":{"@id":"https:\/\/www.onefive.cz\/peakdesign\/produkt\/creator-kit\/#primaryimage"},"thumbnailUrl":"https:\/\/www.onefive.cz\/peakdesign\/wp-content\/uploads\/2021\/09\/1-LIGHTBOX-Creator-Kit-01_1024x1024.jpeg","datePublished":"2021-09-10T22:28:55+00:00","dateModified":"2026-04-17T03:35:19+00:00","description":"Creator Kit","breadcrumb":{"@id":"https:\/\/www.onefive.cz\/peakdesign\/produkt\/creator-kit\/#breadcrumb"},"inLanguage":"cs","potentialAction":[{"@type":"ReadAction","target":["https:\/\/www.onefive.cz\/peakdesign\/produkt\/creator-kit\/"]}]},{"@type":"ImageObject","inLanguage":"cs","@id":"https:\/\/www.onefive.cz\/peakdesign\/produkt\/creator-kit\/#primaryimage","url":"https:\/\/www.onefive.cz\/peakdesign\/wp-content\/uploads\/2021\/09\/1-LIGHTBOX-Creator-Kit-01_1024x1024.jpeg","contentUrl":"https:\/\/www.onefive.cz\/peakdesign\/wp-content\/uploads\/2021\/09\/1-LIGHTBOX-Creator-Kit-01_1024x1024.jpeg","width":1024,"height":1024},{"@type":"BreadcrumbList","@id":"https:\/\/www.onefive.cz\/peakdesign\/produkt\/creator-kit\/#breadcrumb","itemListElement":[{"@type":"ListItem","position":1,"name":"Dom\u016f","item":"https:\/\/www.onefive.cz\/peakdesign\/"},{"@type":"ListItem","position":2,"name":"Shop","item":"https:\/\/www.onefive.cz\/peakdesign\/shop\/"},{"@type":"ListItem","position":3,"name":"Creator Kit"}]},{"@type":"WebSite","@id":"https:\/\/www.onefive.cz\/peakdesign\/#website","url":"https:\/\/www.onefive.cz\/peakdesign\/","name":"OneFive.cz - Prodejce Peak Design","description":"Kryty a dr\u017e\u00e1ky pro telefony, cestovn\u00ed a everyday batohy a ta\u0161ky, organiz\u00e9ry a fotop\u0159\u00edslu\u0161enstv\u00ed. Ultim\u00e1tn\u00ed v\u00fdbava pro ty, kte\u0159\u00ed vy\u017eaduj\u00ed to nejlep\u0161\u00ed.","potentialAction":[{"@type":"SearchAction","target":{"@type":"EntryPoint","urlTemplate":"https:\/\/www.onefive.cz\/peakdesign\/?s={search_term_string}"},"query-input":{"@type":"PropertyValueSpecification","valueRequired":true,"valueName":"search_term_string"}}],"inLanguage":"cs"}]}},"_links":{"self":[{"href":"https:\/\/www.onefive.cz\/peakdesign\/wp-json\/wp\/v2\/product\/101332","targetHints":{"allow":["GET"]}}],"collection":[{"href":"https:\/\/www.onefive.cz\/peakdesign\/wp-json\/wp\/v2\/product"}],"about":[{"href":"https:\/\/www.onefive.cz\/peakdesign\/wp-json\/wp\/v2\/types\/product"}],"wp:featuredmedia":[{"embeddable":true,"href":"https:\/\/www.onefive.cz\/peakdesign\/wp-json\/wp\/v2\/media\/101333"}],"wp:attachment":[{"href":"https:\/\/www.onefive.cz\/peakdesign\/wp-json\/wp\/v2\/media?parent=101332"}],"wp:term":[{"taxonomy":"product_brand","embeddable":true,"href":"https:\/\/www.onefive.cz\/peakdesign\/wp-json\/wp\/v2\/product_brand?post=101332"},{"taxonomy":"product_cat","embeddable":true,"href":"https:\/\/www.onefive.cz\/peakdesign\/wp-json\/wp\/v2\/product_cat?post=101332"},{"taxonomy":"product_tag","embeddable":true,"href":"https:\/\/www.onefive.cz\/peakdesign\/wp-json\/wp\/v2\/product_tag?post=101332"}],"curies":[{"name":"wp","href":"https:\/\/api.w.org\/{rel}","templated":true}]}}