{"id":102774,"date":"2022-02-07T17:04:30","date_gmt":"2022-02-07T16:04:30","guid":{"rendered":"https:\/\/www.peakdesign.cz\/?post_type=product&#038;p=102774"},"modified":"2026-04-17T06:06:45","modified_gmt":"2026-04-17T04:06:45","slug":"travel-backpack-30l","status":"publish","type":"product","link":"https:\/\/www.onefive.cz\/peakdesign\/produkt\/travel-backpack-30l\/","title":{"rendered":"Travel Backpack 30L"},"content":{"rendered":"<div class='content-column one_half'><h2>Hlavn\u00ed rysy - Travel Backpack 30L<\/h2>\n<p><strong>P\u0158\u00cdSTUP<\/strong><\/p>\n<ul style=\"padding-left: 15px; padding-bottom: 15px;\">\n<li>Plnohodnotn\u00fd zadn\u00ed p\u0159\u00edstup (#10 UltraZip) pro snadn\u00e9 balen\u00ed<\/li>\n<li>Rychl\u00fd p\u0159\u00edstup k tabletu\/notebooku<\/li>\n<li>Velk\u00e1 horn\u00ed kapsa na zip s m\u011bkkou pod\u0161\u00edvkou a kapsami na kl\u00ed\u010de, br\u00fdle, pas atd.<\/li>\n<li>Batoh na podlaze stoj\u00ed vzp\u0159\u00edmen\u011b v napln\u011bn\u00e9m i pr\u00e1zdn\u00e9m stavu<\/li>\n<\/ul>\n<p><strong>ROZ\u0160\u00cd\u0158EN\u00cd A KOMPRESE<\/strong><\/p>\n<ul style=\"padding-left: 15px; padding-bottom: 15px;\">\n<li>Spl\u0148uje maxim\u00e1ln\u00ed povolenou velikost palubn\u00edho zavazadla<\/li>\n<li>Roz\u0161i\u0159uj\u00edc\u00ed zip pro zv\u011bt\u0161en\u00ed objemu nebo naopak kompresi obsahu<\/li>\n<li>Rozta\u017eiteln\u00e9 postrann\u00ed kapsy pro l\u00e1hve na vodu, stativy apod.<\/li>\n<li>Skryt\u00e9 stahovac\u00ed p\u00e1sky (pod magnetickou p\u0159edn\u00ed klopou) pro jednoduch\u00e9 p\u0159ipevn\u011bn\u00ed p\u0159edm\u011bt\u016f vn\u011b batohu<\/li>\n<\/ul>\n<p><strong>USPO\u0158\u00c1D\u00c1N\u00cd<\/strong><\/p>\n<ul style=\"padding-left: 15px; padding-bottom: 15px;\">\n<li>Pevn\u00e9 bo\u010dn\u00ed st\u011bny pro snadn\u00e9 balen\u00ed<\/li>\n<li>Vnit\u0159n\u00ed s\u00ed\u0165ovan\u00e9 kapsy na zip<\/li>\n<li>Body pro bezpe\u010dn\u00e9 p\u0159ipevn\u011bn\u00ed pouzder pro foto, video v\u00fdbavu a drony<\/li>\n<li>Dimenzov\u00e1no p\u0159esn\u011b pro <a href=\"https:\/\/www.peakdesign.cz\/pouzdra-a-organizery\/\">organiz\u00e9ry<\/a> Peak Design Packing Tools (<a href=\"https:\/\/www.onefive.cz\/peakdesign\/produkt\/packing-cube\/\">Packing Cube<\/a>, <a href=\"https:\/\/www.onefive.cz\/peakdesign\/produkt\/camera-cube\/\">Camera Cube<\/a> (ty se do batohu vejdou pouze p\u0159i zv\u011bt\u0161en\u00ed objemu batohu pomoc\u00ed p\u0159edn\u00edho expanzn\u00edho zipu), <a href=\"https:\/\/www.onefive.cz\/peakdesign\/produkt\/tech-pouch\/\">Tech Pouch<\/a>, <a href=\"https:\/\/www.onefive.cz\/peakdesign\/produkt\/wash-pouch\/\">Wash Pouch<\/a>, <a href=\"https:\/\/www.onefive.cz\/peakdesign\/produkt\/shoe-pouch\/\">Shoe Pouch<\/a>, <a href=\"https:\/\/www.onefive.cz\/peakdesign\/produkt\/rain-fly\/\">Rain Fly<\/a>), pojme t\u0159i objemov\u00e9 jednotky (v prodeji zvl\u00e1\u0161\u0165).<\/li>\n<li>Kapsi\u010dka na cedulku s adresou<\/li>\n<\/ul>\n<p><strong>KOMFORT A NO\u0160EN\u00cd<\/strong><\/p>\n<ul style=\"padding-left: 15px; padding-bottom: 15px;\">\n<li>Magnetick\u00fd syst\u00e9m pro rychl\u00e9 uschov\u00e1n\u00ed ramenn\u00edch popruh\u016f<\/li>\n<li>Rukojeti ze v\u0161ech stran<\/li>\n<li>Oto\u010dn\u00e9 p\u0159ipevn\u011bn\u00ed ramenn\u00edch popruh\u016f zaji\u0161\u0165uje optim\u00e1ln\u00ed p\u0159izp\u016fsoben\u00ed se r\u016fzn\u00fdm postav\u00e1m, nez\u00e1visl\u00fd pohyb batohu a bok\u016f a neust\u00e1l\u00fd komfort s jakoukoliv z\u00e1t\u011b\u017e\u00ed.<\/li>\n<li>Hrudn\u00ed popruh vlastn\u00ed kostrukce<\/li>\n<li>Kombinovan\u00e1 zadn\u00ed rukoje\u0165 pro no\u0161en\u00ed a p\u0159ipevn\u011bn\u00ed k zavazadlu na kole\u010dk\u00e1ch<\/li>\n<li>Vnit\u0159ek \u0161ed\u00e9 barvy (pro dobr\u00fd p\u0159ehled a viditelnost)<\/li>\n<li>Odejmuteln\u00fd polstrovan\u00fd bedern\u00ed p\u00e1s <a href=\"https:\/\/www.onefive.cz\/peakdesign\/produkt\/everyday-hip-belt\/\">Everyday Hip Belt<\/a> (v prodeji samostatn\u011b) pro lep\u0161\u00ed rozd\u011blen\u00ed v\u00e1hy a stabilitu p\u0159i t\u011b\u017ek\u00e9 z\u00e1t\u011b\u017ei. Pokud nen\u00ed pou\u017e\u00edv\u00e1n, lze jej schovat do bedern\u00ed \u010d\u00e1sti batohu nebo odpojit.<\/li>\n<\/ul>\n<p><strong>BEZPE\u010cNOST<\/strong><\/p>\n<ul style=\"padding-left: 15px; padding-bottom: 15px;\">\n<li>Vliv\u016fm po\u010das\u00ed odoln\u00e1 100% recyklovan\u00e1 nylonov\u00e1 tkanina 400D<\/li>\n<li>DWR impregnovan\u00fd interi\u00e9r pota\u017een\u00fd PU pro odolnost proti vod\u011b (pl\u00e1\u0161t\u011bnka <a href=\"https:\/\/www.onefive.cz\/peakdesign\/produkt\/rain-fly\/\">Rain Fly<\/a> pro perfektn\u00ed odolnost proti nejsiln\u011bj\u0161\u00edmu de\u0161ti v prodeji zvl\u00e1\u0161\u0165)<\/li>\n<li>Velk\u00e9 zipy #10 jsou odoln\u00e9 proti pov\u011btrnostn\u00edm vliv\u016fm a uzamykateln\u00e9, tah\u00e1\u010dky zip\u016f sni\u017euj\u00ed riziko kr\u00e1de\u017ee<\/li>\n<li>Robustn\u00ed dno (900D) odoln\u00e9 proti pov\u011btrnostn\u00edm vliv\u016fm<\/li>\n<li>Polstrov\u00e1n\u00ed ultralehkou p\u011bnou zaji\u0161\u0165uje ochranu, tvar a estetickou \u010distotu cel\u00e9ho batohu<\/li>\n<\/ul>\n<p><strong>FUNK\u010cN\u00cd ROZD\u00cdLY OPROTI 45L<\/strong><\/p>\n<ul style=\"padding-left: 15px; padding-bottom: 15px;\">\n<li>Zjednodu\u0161en\u00fd p\u0159\u00edstup: hlavn\u00ed p\u0159\u00edstup p\u0159es jedin\u00fd zadn\u00ed zip (<a href=\"https:\/\/www.onefive.cz\/peakdesign\/produkt\/travel-backpack-45l\/\">Travel Backpack 45L<\/a> m\u00e1 tak\u00e9 bo\u010dn\u00ed a p\u0159edn\u00ed p\u0159\u00edstup).<\/li>\n<li>V\u011bt\u0161\u00ed horn\u00ed kapsa: rozd\u011blen\u00e1 pomoc\u00ed vnit\u0159n\u00edch stre\u010dov\u00fdch kapes a kapes na zip (45L m\u00e1 men\u0161\u00ed, nerozd\u011blenou kapsu)<\/li>\n<li>Jednotn\u00fd vnit\u0159n\u00ed prostor: 45L m\u00e1 vyj\u00edmatelnou vnit\u0159n\u00ed p\u0159ep\u00e1\u017eku, kterou nenajdete u 30L<\/li>\n<li>Bedern\u00ed p\u00e1s nen\u00ed sou\u010d\u00e1st\u00ed balen\u00ed: 45L m\u00e1 vestav\u011bn\u00fd bedern\u00ed p\u00e1s, pro 30L lze <a href=\"https:\/\/www.onefive.cz\/peakdesign\/produkt\/everyday-hip-belt\/\">p\u00e1s<\/a> dokoupit<\/li>\n<li>M\u00e9n\u011b zam\u011b\u0159en\u00fd na fotografov\u00e1n\u00ed: do 30L se vejdou PD Camera Cubes pouze pokud je batoh v pln\u011b roz\u0161\u00ed\u0159en\u00e9m stavu. Pro \u010dast\u00e9 p\u0159en\u00e1\u0161en\u00ed fotov\u00fdbavy nebo jej\u00ed v\u011bt\u0161\u00ed hmotnost se doporu\u010duje 45L<\/li>\n<\/ul>\n<p>Certifik\u00e1t Fair Trade a 100% uhl\u00edkov\u011b neutr\u00e1ln\u00ed<br \/>\nDo\u017eivotn\u00ed z\u00e1ruka<\/p><\/div>\n<div class='content-column one_half last_column'><h2>Specifikace<\/h2>\n<p><strong>TRAVEL BACKPACK 30L<\/strong><\/p>\n<ul style=\"padding-left: 15px; padding-bottom: 15px;\">\n<li><strong>Objednac\u00ed k\u00f3d<\/strong>: BTR-30-BK-1 (Black), BTR-30-MN-1 (Midnight Blue), BTR-30-SG-1 (Sage)<\/li>\n<li><strong>Hmotnost<\/strong>: 1.44kg<\/li>\n<li><strong>Objem<\/strong>: v\u00fdchoz\u00ed\/zmen\u0161en\u00fd 27l, roz\u0161\u00ed\u0159en\u00fd 33l<\/li>\n<li><strong>Max rozm\u011bry notebooku<\/strong>: 40cm x 29.5cm x 4cm<\/li>\n<li><strong>Max rozm\u011bry tabletu<\/strong>: 24cm x 19cm x 1.5cm<\/li>\n<li><strong>Vn\u011bj\u0161\u00ed rozm\u011bry (v\u00fdchoz\u00ed)<\/strong>: 53cm x 33cm x 18cm<\/li>\n<li><strong>Vn\u011bj\u0161\u00ed rozm\u011bry (roz\u0161\u00ed\u0159en\u00fd)<\/strong>: 53cm x 33cm x 20cm<\/li>\n<li><strong>Vnit\u0159n\u00ed rozm\u011bry (v\u00fdchoz\u00ed)<\/strong>: 49cm x 36cm x 14cm<\/li>\n<li><strong>Vnit\u0159n\u00ed rozm\u011bry (roz\u0161\u00ed\u0159en\u00fd)<\/strong>: 49cm x 36cm x 16cm<\/li>\n<li><strong>Po\u010det organiz\u00e9r\u016f PD Packing\/Camera Cube<\/strong>: 3<\/li>\n<li><strong>Max rozm\u011bry notebooku<\/strong>: 16\u2033 \/ 40cm x 29.5cm x 4cm<\/li>\n<li><strong>Max rozm\u011bry tabletu<\/strong>: 24cm x 19cm x 1.5cm<\/li>\n<\/ul>\n<p><strong>DAL\u0160\u00cd SPECIFIKACE<\/strong><\/p>\n<ul style=\"padding-left: 15px; padding-bottom: 15px;\">\n<li><strong>Materi\u00e1l<\/strong>: Vliv\u016fm po\u010das\u00ed odoln\u00e1 100% recyklovan\u00e1 nylonov\u00e1 tkanina 400D. Robustn\u00ed dno (900D). DWR impregnace a dvojit\u00fd poly potah. Tkaniny v barv\u00e1ch Sage &amp; Midnight jsou Bluesign approved. Tah\u00e1\u010dky zip\u016f a siln\u011b nam\u00e1han\u00e1 m\u00edsta z Hypalonu. Detaily z k\u016f\u017ee NuBuck (pouze u barvy Sage a Midnight) - Gold Certified by the Leather Working Group. Nylonov\u00fd vnit\u0159ek v \u0161ed\u00e9 barv\u011b pro lep\u0161\u00ed p\u0159ehlednost. P\u0159ezky (h\u00e1\u010dky) popruh\u016f a dal\u0161\u00ed hardware z anodizovan\u00e9ho duralu (horn\u00ed popruhy) and plastu se sklen\u011bn\u00fdmi vl\u00e1kny (ramenn\u00ed popruh). Super odoln\u00e9 UltraZips s od\u011bru-odoln\u00fdm materi\u00e1lem UHMPE.<\/li>\n<li><strong>Z\u00e1ruka<\/strong>: Do\u017eivotn\u00ed<\/li>\n<\/ul>\n<h2>Obsah balen\u00ed<\/h2>\n<ul style=\"padding-left: 15px; padding-bottom: 15px;\">\n<li>1. Travel Backpack 3OL<\/li>\n<li>2. 2 vn\u011bj\u0161\u00ed stahovac\u00ed popruhy (odn\u00edmateln\u00e9)<\/li>\n<li>3. hrudn\u00ed popruh (odn\u00edmateln\u00fd)<\/li>\n<\/ul>\n<h2>P\u0159\u00edslu\u0161enstv\u00ed - Packing Cubes<\/h2>\n<p>(v prodeji samostatn\u011b)<\/p>\n<p><strong>PACKING CUBES<\/strong><\/p>\n<ul style=\"padding-left: 15px; padding-bottom: 15px;\">\n<li>[Small a Medium] Kompaktn\u00ed, snadno p\u0159\u00edstupn\u00e9 Peak Design <a href=\"https:\/\/www.onefive.cz\/peakdesign\/produkt\/packing-cube\/\">Packing Cubes<\/a> s vnit\u0159n\u00edm d\u011blen\u00edm jsou k dispozici ve 2 velikostech. Odtrh\u00e1vac\u00ed hlavn\u00ed zip umo\u017e\u0148uje okam\u017eit\u00fd p\u0159\u00edstup k obsahu a vnit\u0159n\u00ed p\u0159ep\u00e1\u017eka umo\u017e\u0148uje odd\u011blen\u00ed \u010dist\u00e9ho a \u0161pinav\u00e9ho oble\u010den\u00ed\/pr\u00e1dla. Roz\u0161i\u0159uj\u00edc\u00ed\/kompresn\u00ed zip zdvojn\u00e1sobuje dostupn\u00fd prostor nebo oble\u010den\u00ed zm\u00e1\u010dkne, tak\u017ee se ho do batohu vejde v\u00edce.<\/li>\n<\/ul>\n<p><strong>WASH POUCH<\/strong><\/p>\n<ul style=\"padding-left: 15px; padding-bottom: 15px;\">\n<li><a href=\"https:\/\/www.onefive.cz\/peakdesign\/produkt\/wash-pouch\/\">Wash Pouch<\/a> je nejdokonalej\u0161\u00ed hygienick\u00e1 ta\u0161ti\u010dka. Vyhrazen\u00e9 omyvateln\u00e9 kapsy pro zubn\u00ed kart\u00e1\u010dky a holic\u00ed strojky pro snadn\u00e9 \u010di\u0161t\u011bn\u00ed. Lze jej zav\u011bsit nebo stoj\u00ed ve svisl\u00e9 poloze na umyvadle pro snadn\u00fd p\u0159\u00edstup v t\u011bsn\u00fdch prostorech. Jedine\u010dn\u00e9 uspo\u0159\u00e1d\u00e1n\u00ed ta\u0161ti\u010dky pom\u00e1h\u00e1 udr\u017eet toaletn\u00ed pot\u0159eby \u00fahledn\u011b uspo\u0159\u00e1dan\u00e9 a v\u017edy po ruce.<\/li>\n<\/ul>\n<p><strong>TECH POUCH<\/strong><\/p>\n<ul style=\"padding-left: 15px; padding-bottom: 15px;\">\n<li>Zkonstruov\u00e1no pro drobnosti jakou jsou kabely, pam\u011b\u0165ov\u00e9 karty, baterie a dal\u0161\u00ed mali\u010dkosti. Unik\u00e1tn\u00ed konstrukce <a href=\"https:\/\/www.onefive.cz\/peakdesign\/produkt\/tech-pouch\/\">Tech Pouch<\/a> inspirovan\u00e1 origami vytv\u00e1\u0159\u00ed \u00fa\u017easnou prostorovou efektivitu - zabalte v\u00edce do men\u0161\u00edho prostoru, ale m\u011bjte v\u0161e uspo\u0159\u00e1dan\u00e9 a rychle po ruce.<\/li>\n<\/ul>\n<p><strong>CAMERA CUBES<\/strong><\/p>\n<ul style=\"padding-left: 15px; padding-bottom: 15px;\">\n<li>[Small, Medium a Large] Pouzdra <a href=\"https:\/\/www.onefive.cz\/peakdesign\/produkt\/camera-cube\/\">Camera Cubes<\/a> poskytuj\u00ed ochranu, uspo\u0159\u00e1dan\u00ed a okam\u017eit\u00fd p\u0159\u00edstup k foto a video v\u00fdbav\u011b a dron\u016fm. Pouzdra lze uvnit\u0159 batohu bezpe\u010dn\u011b p\u0159ipevnit a k v\u00fdbav\u011b p\u0159istupovat prost\u0159ednictv\u00edm zadn\u00edho nebo bo\u010dn\u00edch zip\u016f. Pouzdra disponuj\u00ed syst\u00e9mem inteligentn\u011b navr\u017een\u00fdch p\u0159ep\u00e1\u017eek, kter\u00e9 nab\u00edz\u00ed nekone\u010dn\u00e9 mo\u017enosti konfigurace a p\u0159izp\u016fsoben\u00ed. Pouzdra lze d\u00edky poutk\u016fm a dr\u017eadl\u016fm pohodln\u011b p\u0159en\u00e1\u0161et mimo zavazadlo\/batoh.<\/li>\n<\/ul>\n<p><strong>SHOE POUCH<\/strong><\/p>\n<ul style=\"padding-left: 15px; padding-bottom: 15px;\">\n<li>Ultralehk\u00e9 pouzdro <a href=\"https:\/\/www.onefive.cz\/peakdesign\/produkt\/shoe-pouch\/\">Shoe Pouch<\/a> odoln\u00e9 proti pov\u011btrnostn\u00edm vliv\u016fm je vhod\u00e9 na boty, mokr\u00e9 a \u0161pinav\u00e9 oble\u010den\u00ed, plavky apod.<\/li>\n<\/ul>\n<p><strong>RAIN FLY<\/strong><\/p>\n<ul style=\"padding-left: 15px; padding-bottom: 15px;\">\n<li>Pl\u00e1\u0161t\u011bnka <a href=\"https:\/\/www.onefive.cz\/peakdesign\/produkt\/rain-fly\/\">Rain Fly<\/a> poskytuje \u00faplnou ochranu batohu (kter\u00fd jeji\u017e s\u00e1m o sob\u011b odoln\u00fd vliv\u016fm po\u010das\u00ed) proti de\u0161ti. Rain Fly je vyrobena z odoln\u00e9ho, \u200b\u200bultralehk\u00e9ho rip-stop nylonu 200D, lze ji rychle p\u0159ipevnit sta\u017een\u00edm okraj\u016f a tak\u00e9 ulo\u017eit do odkl\u00e1dac\u00ed kapsy batohu.<\/li>\n<\/ul><\/div><div class='clear_column'><\/div>\n","protected":false},"excerpt":{"rendered":"<p>Men\u0161\u00ed sourozenec na\u0161eho kultovn\u00edho cestovn\u00edho <a href=\"https:\/\/www.onefive.cz\/peakdesign\/produkt\/travel-backpack-45l\/\">batohu o objemu 45L<\/a>, Travel Backpack 30L je robustn\u00ed, roz\u0161i\u0159iteln\u00fd batoh ide\u00e1ln\u00ed na krat\u0161\u00ed cesty a ka\u017edodenn\u00ed no\u0161en\u00ed, nabit\u00fd t\u011bmi nejlep\u0161\u00edmi funkcemi (tak jak jste u Peak Design zvykl\u00ed).<\/p>\n<p>Velk\u00fd praktick\u00fd zadn\u00ed otvor poskytuje \u00fapln\u00fd p\u0159\u00edstup pro snadn\u00e9 balen\u00ed a vybalov\u00e1n\u00ed. Zv\u011bt\u0161en\u00e1 horn\u00ed kapsa je rozd\u011blena stre\u010dov\u00fdmi p\u0159ep\u00e1\u017ekami a kapsami na zip pro kl\u00ed\u010de, br\u00fdle, pas atd. Nov\u00e9 zipy UltraZip #10 jsou odoln\u00e9 proti pov\u011btrnostn\u00edm vliv\u016fm a d\u00edky patentovan\u00e9mu od\u011bru-odoln\u00e9mu vl\u00e1knu vydr\u017e\u00ed des\u00edtky let pou\u017e\u00edv\u00e1n\u00ed. Spl\u0148uje mezin\u00e1rodn\u00ed po\u017eadavky na velikost p\u0159\u00edru\u010dn\u00edho\/kabinov\u00e9ho zavazadla v roz\u0161\u00ed\u0159en\u00e9m (33 l) i zmen\u0161en\u00e9m (27 l) stavu. Objemn\u00e9 bo\u010dn\u00ed kapsy na l\u00e1hve s vodou, stativy a dal\u0161\u00ed v\u011bci. Polstrovan\u00e1 pouzdra na notebook + tablet. Zasouvac\u00ed ramenn\u00ed popruhy a [read more]voliteln\u011b <a href=\"https:\/\/www.onefive.cz\/peakdesign\/produkt\/everyday-hip-belt\/\">bedern\u00ed p\u00e1s<\/a>. Rukojeti ze v\u0161ech stran. Chyt\u0159e skryt\u00e9 popruhy pro p\u0159ipevn\u011bn\u00ed v\u011bc\u00ed vn\u011b batohu. To v\u0161e zabaleno v elegantn\u00edm, pov\u011btrnostn\u00edm vliv\u016fm odoln\u00e9m pl\u00e1\u0161ti ze 100% recyklovan\u00e9ho nylonu 400D (spodn\u00ed \u010d\u00e1st batohu 900D). Certifik\u00e1t Fair Trade a 100% uhl\u00edkov\u011b neutr\u00e1ln\u00ed.<\/p>\n<p>Perfektn\u011b spolupracuje s <a href=\"https:\/\/www.peakdesign.cz\/pouzdra-a-organizery\/\">organiz\u00e9ry a kapsami<\/a> Peak Design, kter\u00e9 jsou k dispozici samostatn\u011b. Uspo\u0159\u00e1dejte oble\u010den\u00ed, boty, toaletn\u00ed pot\u0159eby, kabely, adapt\u00e9ry nebo foto\/video techniku. V roz\u0161\u00ed\u0159en\u00e9 podob\u011b pojme batoh pouzdra Peak Design <a href=\"https:\/\/www.onefive.cz\/peakdesign\/produkt\/camera-cube\/\">Camera Cubes<\/a>, pro optim\u00e1ln\u00ed p\u0159en\u00e1\u0161en\u00ed objemn\u011bj\u0161\u00ed foto\/video v\u00fdbavy doporu\u010dujeme v\u011bt\u0161\u00ed <a href=\"https:\/\/www.onefive.cz\/peakdesign\/produkt\/travel-backpack-45l\/\">Travel Backpack 45L<\/a>.[\/read]<\/p>\n","protected":false},"featured_media":126673,"template":"","meta":[],"product_brand":[],"product_cat":[18],"product_tag":[],"class_list":{"0":"post-102774","1":"product","2":"type-product","3":"status-publish","4":"has-post-thumbnail","6":"product_cat-uncategorized","8":"first","9":"instock","10":"taxable","11":"shipping-taxable","12":"purchasable","13":"product-type-variable","14":"has-default-attributes"},"yoast_head":"<!-- This site is optimized with the Yoast SEO plugin v27.4 - https:\/\/yoast.com\/product\/yoast-seo-wordpress\/ -->\n<title>Travel Backpack 30L - OneFive.cz - Prodejce Peak Design<\/title>\n<meta name=\"description\" content=\"Travel Backpack 30L \u2013 batoh velikosti kabinov\u00e9ho zavazadla nabit\u00fd t\u011bmi nejlep\u0161\u00edmi funkcemi pro cestov\u00e1n\u00ed.\" \/>\n<meta name=\"robots\" content=\"index, follow, max-snippet:-1, max-image-preview:large, max-video-preview:-1\" \/>\n<link rel=\"canonical\" href=\"https:\/\/www.onefive.cz\/peakdesign\/produkt\/travel-backpack-30l\/\" \/>\n<meta property=\"og:locale\" content=\"cs_CZ\" \/>\n<meta property=\"og:type\" content=\"article\" \/>\n<meta property=\"og:title\" content=\"Travel Backpack 30L - Peak Design CZ\/SK\" \/>\n<meta property=\"og:description\" content=\"Travel Backpack 30L \u2013 cestovn\u00ed batoh s bezkonkuren\u010dn\u00ed v\u0161estrannost\u00ed, p\u0159\u00edstupem, uspo\u0159\u00e1d\u00e1n\u00edm a estetikou.\" \/>\n<meta property=\"og:url\" content=\"https:\/\/www.onefive.cz\/peakdesign\/produkt\/travel-backpack-30l\/\" \/>\n<meta property=\"og:site_name\" content=\"OneFive.cz - Prodejce Peak Design\" \/>\n<meta property=\"article:modified_time\" content=\"2026-04-17T04:06:45+00:00\" \/>\n<meta property=\"og:image\" content=\"https:\/\/www.onefive.cz\/peakdesign\/wp-content\/uploads\/2022\/01\/travel-backpack-30l-hero-fb.png\" \/>\n\t<meta property=\"og:image:width\" content=\"841\" \/>\n\t<meta property=\"og:image:height\" content=\"588\" \/>\n\t<meta property=\"og:image:type\" content=\"image\/png\" \/>\n<meta name=\"twitter:card\" content=\"summary_large_image\" \/>\n<meta name=\"twitter:title\" content=\"Travel Backpack 30L - Peak Design CZ\/SK\" \/>\n<meta name=\"twitter:description\" content=\"Travel Backpack 30L \u2013 cestovn\u00ed batoh s bezkonkuren\u010dn\u00ed v\u0161estrannost\u00ed, p\u0159\u00edstupem, uspo\u0159\u00e1d\u00e1n\u00edm a estetikou.\" \/>\n<meta name=\"twitter:image\" content=\"https:\/\/www.onefive.cz\/peakdesign\/wp-content\/uploads\/2022\/01\/travel-backpack-30l-hero-fb.png\" \/>\n<meta name=\"twitter:label1\" content=\"Odhadovan\u00e1 doba \u010dten\u00ed\" \/>\n\t<meta name=\"twitter:data1\" content=\"5 minut\" \/>\n<script type=\"application\/ld+json\" class=\"yoast-schema-graph\">{\"@context\":\"https:\\\/\\\/schema.org\",\"@graph\":[{\"@type\":\"WebPage\",\"@id\":\"https:\\\/\\\/www.onefive.cz\\\/peakdesign\\\/produkt\\\/travel-backpack-30l\\\/\",\"url\":\"https:\\\/\\\/www.onefive.cz\\\/peakdesign\\\/produkt\\\/travel-backpack-30l\\\/\",\"name\":\"Travel Backpack 30L - OneFive.cz - Prodejce Peak Design\",\"isPartOf\":{\"@id\":\"https:\\\/\\\/www.onefive.cz\\\/peakdesign\\\/#website\"},\"primaryImageOfPage\":{\"@id\":\"https:\\\/\\\/www.onefive.cz\\\/peakdesign\\\/produkt\\\/travel-backpack-30l\\\/#primaryimage\"},\"image\":{\"@id\":\"https:\\\/\\\/www.onefive.cz\\\/peakdesign\\\/produkt\\\/travel-backpack-30l\\\/#primaryimage\"},\"thumbnailUrl\":\"https:\\\/\\\/www.onefive.cz\\\/peakdesign\\\/wp-content\\\/uploads\\\/2022\\\/02\\\/travelbackpack30-1.png\",\"datePublished\":\"2022-02-07T16:04:30+00:00\",\"dateModified\":\"2026-04-17T04:06:45+00:00\",\"description\":\"Travel Backpack 30L \u2013 batoh velikosti kabinov\u00e9ho zavazadla nabit\u00fd t\u011bmi nejlep\u0161\u00edmi funkcemi pro cestov\u00e1n\u00ed.\",\"breadcrumb\":{\"@id\":\"https:\\\/\\\/www.onefive.cz\\\/peakdesign\\\/produkt\\\/travel-backpack-30l\\\/#breadcrumb\"},\"inLanguage\":\"cs\",\"potentialAction\":[{\"@type\":\"ReadAction\",\"target\":[\"https:\\\/\\\/www.onefive.cz\\\/peakdesign\\\/produkt\\\/travel-backpack-30l\\\/\"]}]},{\"@type\":\"ImageObject\",\"inLanguage\":\"cs\",\"@id\":\"https:\\\/\\\/www.onefive.cz\\\/peakdesign\\\/produkt\\\/travel-backpack-30l\\\/#primaryimage\",\"url\":\"https:\\\/\\\/www.onefive.cz\\\/peakdesign\\\/wp-content\\\/uploads\\\/2022\\\/02\\\/travelbackpack30-1.png\",\"contentUrl\":\"https:\\\/\\\/www.onefive.cz\\\/peakdesign\\\/wp-content\\\/uploads\\\/2022\\\/02\\\/travelbackpack30-1.png\",\"width\":960,\"height\":960},{\"@type\":\"BreadcrumbList\",\"@id\":\"https:\\\/\\\/www.onefive.cz\\\/peakdesign\\\/produkt\\\/travel-backpack-30l\\\/#breadcrumb\",\"itemListElement\":[{\"@type\":\"ListItem\",\"position\":1,\"name\":\"Dom\u016f\",\"item\":\"https:\\\/\\\/www.onefive.cz\\\/peakdesign\\\/\"},{\"@type\":\"ListItem\",\"position\":2,\"name\":\"Shop\",\"item\":\"https:\\\/\\\/www.onefive.cz\\\/peakdesign\\\/shop\\\/\"},{\"@type\":\"ListItem\",\"position\":3,\"name\":\"Travel Backpack 30L\"}]},{\"@type\":\"WebSite\",\"@id\":\"https:\\\/\\\/www.onefive.cz\\\/peakdesign\\\/#website\",\"url\":\"https:\\\/\\\/www.onefive.cz\\\/peakdesign\\\/\",\"name\":\"OneFive.cz - Prodejce Peak Design\",\"description\":\"Kryty a dr\u017e\u00e1ky pro telefony, cestovn\u00ed a everyday batohy a ta\u0161ky, organiz\u00e9ry a fotop\u0159\u00edslu\u0161enstv\u00ed. Ultim\u00e1tn\u00ed v\u00fdbava pro ty, kte\u0159\u00ed vy\u017eaduj\u00ed to nejlep\u0161\u00ed.\",\"potentialAction\":[{\"@type\":\"SearchAction\",\"target\":{\"@type\":\"EntryPoint\",\"urlTemplate\":\"https:\\\/\\\/www.onefive.cz\\\/peakdesign\\\/?s={search_term_string}\"},\"query-input\":{\"@type\":\"PropertyValueSpecification\",\"valueRequired\":true,\"valueName\":\"search_term_string\"}}],\"inLanguage\":\"cs\"}]}<\/script>\n<!-- \/ Yoast SEO plugin. -->","yoast_head_json":{"title":"Travel Backpack 30L - OneFive.cz - Prodejce Peak Design","description":"Travel Backpack 30L \u2013 batoh velikosti kabinov\u00e9ho zavazadla nabit\u00fd t\u011bmi nejlep\u0161\u00edmi funkcemi pro cestov\u00e1n\u00ed.","robots":{"index":"index","follow":"follow","max-snippet":"max-snippet:-1","max-image-preview":"max-image-preview:large","max-video-preview":"max-video-preview:-1"},"canonical":"https:\/\/www.onefive.cz\/peakdesign\/produkt\/travel-backpack-30l\/","og_locale":"cs_CZ","og_type":"article","og_title":"Travel Backpack 30L - Peak Design CZ\/SK","og_description":"Travel Backpack 30L \u2013 cestovn\u00ed batoh s bezkonkuren\u010dn\u00ed v\u0161estrannost\u00ed, p\u0159\u00edstupem, uspo\u0159\u00e1d\u00e1n\u00edm a estetikou.","og_url":"https:\/\/www.onefive.cz\/peakdesign\/produkt\/travel-backpack-30l\/","og_site_name":"OneFive.cz - Prodejce Peak Design","article_modified_time":"2026-04-17T04:06:45+00:00","og_image":[{"width":841,"height":588,"url":"https:\/\/www.onefive.cz\/peakdesign\/wp-content\/uploads\/2022\/01\/travel-backpack-30l-hero-fb.png","type":"image\/png"}],"twitter_card":"summary_large_image","twitter_title":"Travel Backpack 30L - Peak Design CZ\/SK","twitter_description":"Travel Backpack 30L \u2013 cestovn\u00ed batoh s bezkonkuren\u010dn\u00ed v\u0161estrannost\u00ed, p\u0159\u00edstupem, uspo\u0159\u00e1d\u00e1n\u00edm a estetikou.","twitter_image":"https:\/\/www.onefive.cz\/peakdesign\/wp-content\/uploads\/2022\/01\/travel-backpack-30l-hero-fb.png","twitter_misc":{"Odhadovan\u00e1 doba \u010dten\u00ed":"5 minut"},"schema":{"@context":"https:\/\/schema.org","@graph":[{"@type":"WebPage","@id":"https:\/\/www.onefive.cz\/peakdesign\/produkt\/travel-backpack-30l\/","url":"https:\/\/www.onefive.cz\/peakdesign\/produkt\/travel-backpack-30l\/","name":"Travel Backpack 30L - OneFive.cz - Prodejce Peak Design","isPartOf":{"@id":"https:\/\/www.onefive.cz\/peakdesign\/#website"},"primaryImageOfPage":{"@id":"https:\/\/www.onefive.cz\/peakdesign\/produkt\/travel-backpack-30l\/#primaryimage"},"image":{"@id":"https:\/\/www.onefive.cz\/peakdesign\/produkt\/travel-backpack-30l\/#primaryimage"},"thumbnailUrl":"https:\/\/www.onefive.cz\/peakdesign\/wp-content\/uploads\/2022\/02\/travelbackpack30-1.png","datePublished":"2022-02-07T16:04:30+00:00","dateModified":"2026-04-17T04:06:45+00:00","description":"Travel Backpack 30L \u2013 batoh velikosti kabinov\u00e9ho zavazadla nabit\u00fd t\u011bmi nejlep\u0161\u00edmi funkcemi pro cestov\u00e1n\u00ed.","breadcrumb":{"@id":"https:\/\/www.onefive.cz\/peakdesign\/produkt\/travel-backpack-30l\/#breadcrumb"},"inLanguage":"cs","potentialAction":[{"@type":"ReadAction","target":["https:\/\/www.onefive.cz\/peakdesign\/produkt\/travel-backpack-30l\/"]}]},{"@type":"ImageObject","inLanguage":"cs","@id":"https:\/\/www.onefive.cz\/peakdesign\/produkt\/travel-backpack-30l\/#primaryimage","url":"https:\/\/www.onefive.cz\/peakdesign\/wp-content\/uploads\/2022\/02\/travelbackpack30-1.png","contentUrl":"https:\/\/www.onefive.cz\/peakdesign\/wp-content\/uploads\/2022\/02\/travelbackpack30-1.png","width":960,"height":960},{"@type":"BreadcrumbList","@id":"https:\/\/www.onefive.cz\/peakdesign\/produkt\/travel-backpack-30l\/#breadcrumb","itemListElement":[{"@type":"ListItem","position":1,"name":"Dom\u016f","item":"https:\/\/www.onefive.cz\/peakdesign\/"},{"@type":"ListItem","position":2,"name":"Shop","item":"https:\/\/www.onefive.cz\/peakdesign\/shop\/"},{"@type":"ListItem","position":3,"name":"Travel Backpack 30L"}]},{"@type":"WebSite","@id":"https:\/\/www.onefive.cz\/peakdesign\/#website","url":"https:\/\/www.onefive.cz\/peakdesign\/","name":"OneFive.cz - Prodejce Peak Design","description":"Kryty a dr\u017e\u00e1ky pro telefony, cestovn\u00ed a everyday batohy a ta\u0161ky, organiz\u00e9ry a fotop\u0159\u00edslu\u0161enstv\u00ed. Ultim\u00e1tn\u00ed v\u00fdbava pro ty, kte\u0159\u00ed vy\u017eaduj\u00ed to nejlep\u0161\u00ed.","potentialAction":[{"@type":"SearchAction","target":{"@type":"EntryPoint","urlTemplate":"https:\/\/www.onefive.cz\/peakdesign\/?s={search_term_string}"},"query-input":{"@type":"PropertyValueSpecification","valueRequired":true,"valueName":"search_term_string"}}],"inLanguage":"cs"}]}},"_links":{"self":[{"href":"https:\/\/www.onefive.cz\/peakdesign\/wp-json\/wp\/v2\/product\/102774","targetHints":{"allow":["GET"]}}],"collection":[{"href":"https:\/\/www.onefive.cz\/peakdesign\/wp-json\/wp\/v2\/product"}],"about":[{"href":"https:\/\/www.onefive.cz\/peakdesign\/wp-json\/wp\/v2\/types\/product"}],"wp:featuredmedia":[{"embeddable":true,"href":"https:\/\/www.onefive.cz\/peakdesign\/wp-json\/wp\/v2\/media\/126673"}],"wp:attachment":[{"href":"https:\/\/www.onefive.cz\/peakdesign\/wp-json\/wp\/v2\/media?parent=102774"}],"wp:term":[{"taxonomy":"product_brand","embeddable":true,"href":"https:\/\/www.onefive.cz\/peakdesign\/wp-json\/wp\/v2\/product_brand?post=102774"},{"taxonomy":"product_cat","embeddable":true,"href":"https:\/\/www.onefive.cz\/peakdesign\/wp-json\/wp\/v2\/product_cat?post=102774"},{"taxonomy":"product_tag","embeddable":true,"href":"https:\/\/www.onefive.cz\/peakdesign\/wp-json\/wp\/v2\/product_tag?post=102774"}],"curies":[{"name":"wp","href":"https:\/\/api.w.org\/{rel}","templated":true}]}}