{"id":102868,"date":"2018-05-27T01:15:26","date_gmt":"2018-05-26T23:15:26","guid":{"rendered":"https:\/\/www.peakdesign.cz\/?post_type=product&#038;p=102868"},"modified":"2026-04-17T06:06:44","modified_gmt":"2026-04-17T04:06:44","slug":"wash-pouch-small","status":"publish","type":"product","link":"https:\/\/www.onefive.cz\/peakdesign\/produkt\/wash-pouch-small\/","title":{"rendered":"Wash Pouch Small"},"content":{"rendered":"<div class='content-column one_half'><h2>Hlavn\u00ed rysy<\/h2>\n<p><strong>P\u0158EHLED VLASTNOST\u00cd<\/strong><\/p>\n<ul style=\"padding-left: 15px; padding-bottom: 15px;\">\n<li>Vnit\u0159n\u00ed p\u0159ep\u00e1\u017eky ze silikonem pota\u017een\u00e9 s\u00ed\u0165oviny vytv\u00e1\u0159ej\u00ed 4 vnit\u0159n\u00ed \u00falo\u017en\u00e9 prostory<\/li>\n<li>P\u0159i otev\u0159en\u00ed a polo\u017een\u00ed na podlo\u017eku stoj\u00ed vzp\u0159\u00edmen\u011b pro snadn\u00fd p\u0159\u00edstup dovnit\u0159, v t\u011bsn\u00fdch prostorech zab\u00edr\u00e1 m\u00e1lo m\u00edsta<\/li>\n<li>Vyhrazen\u00e1 magneticky uzav\u00edran\u00e1 kapsa na zubn\u00ed kart\u00e1\u010dky s vyta\u017eitelnou pod\u0161\u00edvkou pro snadn\u00e9 \u010di\u0161t\u011bn\u00ed a opl\u00e1chnut\u00ed<\/li>\n<li>Vnit\u0159n\u00ed kapsa pro ulo\u017een\u00ed holic\u00edho strojku<\/li>\n<li>Vnit\u0159n\u00ed kapsy se silikonov\u00fdm potahem z\u016fst\u00e1vaj\u00ed \u010dist\u00e9 a such\u00e9, snadno se ot\u00edraj\u00ed<\/li>\n<li>Hlin\u00edkov\u00fd h\u00e1k pro zav\u011b\u0161en\u00ed (lze jej skr\u00fdt)<\/li>\n<li>Vn\u011bj\u0161\u00ed rukoje\u0165<\/li>\n<li>Velk\u00fd zip #8 odoln\u00fd proti pov\u011btrnostn\u00edm vliv\u016fm a s patentovan\u00fdm vl\u00e1knem odoln\u00fdm proti od\u011bru<\/li>\n<li>Vn\u011bj\u0161\u00ed obal z 100% recyklovan\u00e9 200D nylonov\u00e9 impregnovan\u00e9 (DWR) tkaniny<\/li>\n<li>Tkanina Sage je schv\u00e1lena jako Bluesign, \u010dern\u00e1 tkanina je barven\u00e1 roztokem<\/li>\n<li>Certifik\u00e1t Fair Trade a 100% uhl\u00edkov\u011b neutr\u00e1ln\u00ed<\/li>\n<\/ul>\n<p><strong>Vyb\u00edr\u00e1te mezi standardn\u00ed a Small variantou?<\/strong><\/p>\n<ul>\n<li>Po\u0159i\u010fte si velikost Small pro zabalen\u00ed toho nejnutn\u011bj\u0161\u00edho: zubn\u00edho kart\u00e1\u010dku, deodorantu, ru\u010dn\u00edho holic\u00edho strojku a hrstky mal\u00fdch cestovn\u00edch lahvi\u010dek<\/li>\n<li><a href=\"https:\/\/www.onefive.cz\/peakdesign\/produkt\/wash-pouch\/\">Standardn\u00ed velikost<\/a> si po\u0159i\u010fte, pokud toho s sebou nos\u00edte v\u00edce, chyst\u00e1te se na del\u0161\u00ed cesty nebo chcete pouzdro, kter\u00e9 se bude hodit pro velk\u00e9 i mal\u00e9 cesty<\/li>\n<\/ul><\/div>\n<div class='content-column one_half last_column'><h2 style=\"padding-top: 15px;\">Specifikace<\/h2>\n<ul style=\"padding-left: 15px; padding-bottom: 15px;\">\n<li><strong>Vn\u011bj\u0161\u00ed rozm\u011bry<\/strong>: 26cm x 10cm x 13cm<\/li>\n<li><strong>Vnit\u0159n\u00ed rozm\u011bry<\/strong>: 24cm x 9cm x 13cm<\/li>\n<li><strong>Hmotnost<\/strong>: 176g<\/li>\n<li><strong>Objem<\/strong>: 1l<\/li>\n<\/ul>\n<p><strong>DAL\u0160\u00cd SPECIFIKACE<\/strong><\/p>\n<ul style=\"padding-left: 15px; padding-bottom: 15px;\">\n<li><strong>Materi\u00e1ly<\/strong>: Versa Shell\u2122 200D 100% recyklovan\u00fd vod\u011bodoln\u00fd vn\u011bj\u0161\u00ed materi\u00e1l. Extr\u00e9mn\u011b odoln\u00fd zip #8 UltraZip s vl\u00e1knem UHMPE odoln\u00fdm proti od\u011bru. Interi\u00e9r z vysoce viditeln\u00e9ho \u0161ed\u00e9ho nylonu\/polyesteru. Vnit\u0159n\u00ed a vn\u011bj\u0161\u00ed tkaniny jsou schv\u00e1leny Bluesign. Vnit\u0159n\u00ed a vn\u011bj\u0161\u00ed tkaniny jsou barveny v roztoku pro \u00fasporu energie a spot\u0159eby vody. Hypalonov\u00e9 stresov\u00e9 body a logo odznak (Black a Coyote). Sage m\u00e1 ko\u017een\u00fd odznak, certifikovan\u00fd Gold-Rated Leather Working Group. Bez PFAS. Pou\u017e\u00edv\u00e1 C0 DWR, vodoodpudivou \u00fapravu, kter\u00e1 je ekologi\u010dt\u011bj\u0161\u00ed alternativou k tradi\u010dn\u00edm DWR \u00faprav\u00e1m.<\/li>\n<li><strong>Materi\u00e1l Coyote<\/strong>: Barevn\u00e1 varianta Coyote je vyrobena ze speci\u00e1ln\u00edho materi\u00e1lu X-PAC VX-21 Ocean Edition. Ten je vyvinut\u00fd a vyroben\u00fd v USA, je extr\u00e9mn\u011b odoln\u00fd, a to jak mechanicky, tak proti vod\u011b a ne\u010distot\u00e1m. Konstrukce za pou\u017eit\u00ed v\u00edcevrstevn\u00e1 laminace a zes\u00edlen\u00ed pomoc\u00ed polyesterov\u00e9ho vl\u00e1kna X-Ply zaji\u0161\u0165uje skv\u011bl\u00fd pom\u011br n\u00edzk\u00e9 hmotnosti a pevnosti.<br \/>\nNeobsahuje PFAS, je vyroben\u00fd z recyklovan\u00fdch nylonov\u00fdch ryb\u00e1\u0159sk\u00fdch s\u00edt\u00ed a o\u0161et\u0159en\u00fd ekologickou vod\u011bodpudivou \u00fapravou DWR C0.<br \/>\nSpl\u0148uje tak na\u0161e vysok\u00e9 n\u00e1roky na odolnost i udr\u017eitetelnost.<\/li>\n<li><strong>Z\u00e1ruka<\/strong>: Do\u017eivotn\u00ed<\/li>\n<\/ul><\/div><div class='clear_column'><\/div>\n","protected":false},"excerpt":{"rendered":"<p style=\"padding-top: 30px;\">Minimalistick\u00e1 cestovn\u00ed toaletn\u00ed\/kosmetick\u00e1 ta\u0161ti\u010dka.<\/p>\n<p>Mal\u00e1 toaletn\u00ed ta\u0161ti\u010dka Small Wash Pouch je men\u0161\u00ed sourozenec <a href=\"https:\/\/www.onefive.cz\/peakdesign\/produkt\/wash-pouch\/\">Wash Pouch<\/a>. Zjednodu\u0161en\u00e1, ale p\u0159esto pln\u011b vybaven\u00e1 toaletn\u00ed ta\u0161ti\u010dka pro ty, kte\u0159\u00ed si cht\u011bj\u00ed sbalit jen to nejnutn\u011bj\u0161\u00ed. Wash Pouch Small m\u00e1 stejn\u00e9 jedine\u010dn\u00e9 materi\u00e1ly a vlastnosti jako v\u011bt\u0161\u00ed verze, ale m\u00e1 m\u00e9n\u011b kapes a je men\u0161\u00ed, tak\u017ee se vejde opravdu kamkoliv. Odoln\u00e9, pov\u011btrnostn\u00edm vliv\u016fm odoln\u00e9 a snadno omyvateln\u00e9 materi\u00e1ly odpuzuj\u00ed vodu a ne\u010distoty, tak\u017ee toho vydr\u017e\u00ed opravdu hodn\u011b a bude z\u00e1\u0159it \u010distotou mnoho let. Pevn\u00fd zip UltraZip (#8) odoln\u00fd proti pov\u011btrnostn\u00edm vliv\u016fm umo\u017e\u0148uje ta\u0161ti\u010dku do\u0161iroka otev\u0159\u00edt, tak\u017ee m\u00e1te dokonal\u00fd p\u0159ehled a p\u0159\u00edstup k obsahu. UltraZip vydr\u017e\u00ed des\u00edtky let pou\u017e\u00edv\u00e1n\u00ed d\u00edky patentovan\u00e9mu vl\u00e1knu odoln\u00e9mu proti od\u011bru. Ta\u0161ti\u010dka stoj\u00ed (vzp\u0159\u00edmen\u011b) na podlo\u017ece nebo vis\u00ed pomoc\u00ed duralov\u00e9ho h\u00e1\u010dku (lze jej skr\u00fdt). [read more]\u010cty\u0159i vnit\u0159n\u00ed kapsy z nylonov\u00e9 s\u00ed\u0165oviny pota\u017een\u00e9 TPU, vnit\u0159n\u00ed kapsa na zip a magneticky uzav\u00edrateln\u00e1 kapsa na zubn\u00ed kart\u00e1\u010dek udr\u017euj\u00ed v\u011bci uspo\u0159\u00e1dan\u00e9 a \u010dist\u00e9. V\u0161echny kapsy lze nav\u00edc obr\u00e1tit naruby, aby je bylo mo\u017en\u00e9 rychle vy\u010distit. Fair Trade certifikace a 100% uhl\u00edkov\u00e1 neutr\u00e1lita.<\/p>\n<p>Hled\u00e1te n\u011bco vhodn\u011bj\u0161\u00edho na del\u0161\u00ed cesty, v\u011bt\u0161\u00ed zavazadla pro v\u011bt\u0161\u00ed p\u0159edm\u011bty? Pod\u00edvejte se na origin\u00e1ln\u00ed ta\u0161ti\u010dku <a href=\"https:\/\/www.onefive.cz\/peakdesign\/produkt\/wash-pouch\/\">Wash Pouch<\/a>.[\/read]<\/p>\n","protected":false},"featured_media":126660,"template":"","meta":[],"product_brand":[],"product_cat":[18],"product_tag":[],"class_list":{"0":"post-102868","1":"product","2":"type-product","3":"status-publish","4":"has-post-thumbnail","6":"product_cat-uncategorized","8":"first","9":"instock","10":"taxable","11":"shipping-taxable","12":"purchasable","13":"product-type-variable","14":"has-default-attributes"},"yoast_head":"<!-- This site is optimized with the Yoast SEO plugin v27.4 - https:\/\/yoast.com\/product\/yoast-seo-wordpress\/ -->\n<title>Wash Pouch Small - OneFive.cz - Prodejce Peak Design<\/title>\n<meta name=\"description\" content=\"Wash Pouch Small \u2013 Minimalistick\u00e1 cestovn\u00ed toaletn\u00ed\/kosmetick\u00e1 ta\u0161ti\u010dka.\" \/>\n<meta name=\"robots\" content=\"index, follow, max-snippet:-1, max-image-preview:large, max-video-preview:-1\" \/>\n<link rel=\"canonical\" href=\"https:\/\/www.onefive.cz\/peakdesign\/produkt\/wash-pouch-small\/\" \/>\n<meta property=\"og:locale\" content=\"cs_CZ\" \/>\n<meta property=\"og:type\" content=\"article\" \/>\n<meta property=\"og:title\" content=\"Wash Pouch - Peak Design CZ\/SK\" \/>\n<meta property=\"og:description\" content=\"Wash Pouch \u2013 nejpromy\u0161len\u011bj\u0161\u00ed cestovn\u00ed toaletn\u00ed\/kosmetick\u00e1 ta\u0161ti\u010dka.\" \/>\n<meta property=\"og:url\" content=\"https:\/\/www.onefive.cz\/peakdesign\/produkt\/wash-pouch-small\/\" \/>\n<meta property=\"og:site_name\" content=\"OneFive.cz - Prodejce Peak Design\" \/>\n<meta property=\"article:modified_time\" content=\"2026-04-17T04:06:44+00:00\" \/>\n<meta property=\"og:image\" content=\"https:\/\/www.onefive.cz\/peakdesign\/wp-content\/uploads\/2022\/02\/hero-wash-pouch-small-fb.jpg\" \/>\n\t<meta property=\"og:image:width\" content=\"841\" \/>\n\t<meta property=\"og:image:height\" content=\"588\" \/>\n\t<meta property=\"og:image:type\" content=\"image\/jpeg\" \/>\n<meta name=\"twitter:card\" content=\"summary_large_image\" \/>\n<meta name=\"twitter:image\" content=\"https:\/\/www.onefive.cz\/peakdesign\/wp-content\/uploads\/2022\/02\/hero-wash-pouch-small-fb.jpg\" \/>\n<meta name=\"twitter:label1\" content=\"Odhadovan\u00e1 doba \u010dten\u00ed\" \/>\n\t<meta name=\"twitter:data1\" content=\"3 minuty\" \/>\n<script type=\"application\/ld+json\" class=\"yoast-schema-graph\">{\"@context\":\"https:\\\/\\\/schema.org\",\"@graph\":[{\"@type\":\"WebPage\",\"@id\":\"https:\\\/\\\/www.onefive.cz\\\/peakdesign\\\/produkt\\\/wash-pouch-small\\\/\",\"url\":\"https:\\\/\\\/www.onefive.cz\\\/peakdesign\\\/produkt\\\/wash-pouch-small\\\/\",\"name\":\"Wash Pouch Small - OneFive.cz - Prodejce Peak Design\",\"isPartOf\":{\"@id\":\"https:\\\/\\\/www.onefive.cz\\\/peakdesign\\\/#website\"},\"primaryImageOfPage\":{\"@id\":\"https:\\\/\\\/www.onefive.cz\\\/peakdesign\\\/produkt\\\/wash-pouch-small\\\/#primaryimage\"},\"image\":{\"@id\":\"https:\\\/\\\/www.onefive.cz\\\/peakdesign\\\/produkt\\\/wash-pouch-small\\\/#primaryimage\"},\"thumbnailUrl\":\"https:\\\/\\\/www.onefive.cz\\\/peakdesign\\\/wp-content\\\/uploads\\\/2018\\\/05\\\/small-wash-pouch-1.png\",\"datePublished\":\"2018-05-26T23:15:26+00:00\",\"dateModified\":\"2026-04-17T04:06:44+00:00\",\"description\":\"Wash Pouch Small \u2013 Minimalistick\u00e1 cestovn\u00ed toaletn\u00ed\\\/kosmetick\u00e1 ta\u0161ti\u010dka.\",\"breadcrumb\":{\"@id\":\"https:\\\/\\\/www.onefive.cz\\\/peakdesign\\\/produkt\\\/wash-pouch-small\\\/#breadcrumb\"},\"inLanguage\":\"cs\",\"potentialAction\":[{\"@type\":\"ReadAction\",\"target\":[\"https:\\\/\\\/www.onefive.cz\\\/peakdesign\\\/produkt\\\/wash-pouch-small\\\/\"]}]},{\"@type\":\"ImageObject\",\"inLanguage\":\"cs\",\"@id\":\"https:\\\/\\\/www.onefive.cz\\\/peakdesign\\\/produkt\\\/wash-pouch-small\\\/#primaryimage\",\"url\":\"https:\\\/\\\/www.onefive.cz\\\/peakdesign\\\/wp-content\\\/uploads\\\/2018\\\/05\\\/small-wash-pouch-1.png\",\"contentUrl\":\"https:\\\/\\\/www.onefive.cz\\\/peakdesign\\\/wp-content\\\/uploads\\\/2018\\\/05\\\/small-wash-pouch-1.png\",\"width\":960,\"height\":960},{\"@type\":\"BreadcrumbList\",\"@id\":\"https:\\\/\\\/www.onefive.cz\\\/peakdesign\\\/produkt\\\/wash-pouch-small\\\/#breadcrumb\",\"itemListElement\":[{\"@type\":\"ListItem\",\"position\":1,\"name\":\"Dom\u016f\",\"item\":\"https:\\\/\\\/www.onefive.cz\\\/peakdesign\\\/\"},{\"@type\":\"ListItem\",\"position\":2,\"name\":\"Shop\",\"item\":\"https:\\\/\\\/www.onefive.cz\\\/peakdesign\\\/shop\\\/\"},{\"@type\":\"ListItem\",\"position\":3,\"name\":\"Wash Pouch Small\"}]},{\"@type\":\"WebSite\",\"@id\":\"https:\\\/\\\/www.onefive.cz\\\/peakdesign\\\/#website\",\"url\":\"https:\\\/\\\/www.onefive.cz\\\/peakdesign\\\/\",\"name\":\"OneFive.cz - Prodejce Peak Design\",\"description\":\"Kryty a dr\u017e\u00e1ky pro telefony, cestovn\u00ed a everyday batohy a ta\u0161ky, organiz\u00e9ry a fotop\u0159\u00edslu\u0161enstv\u00ed. Ultim\u00e1tn\u00ed v\u00fdbava pro ty, kte\u0159\u00ed vy\u017eaduj\u00ed to nejlep\u0161\u00ed.\",\"potentialAction\":[{\"@type\":\"SearchAction\",\"target\":{\"@type\":\"EntryPoint\",\"urlTemplate\":\"https:\\\/\\\/www.onefive.cz\\\/peakdesign\\\/?s={search_term_string}\"},\"query-input\":{\"@type\":\"PropertyValueSpecification\",\"valueRequired\":true,\"valueName\":\"search_term_string\"}}],\"inLanguage\":\"cs\"}]}<\/script>\n<!-- \/ Yoast SEO plugin. -->","yoast_head_json":{"title":"Wash Pouch Small - OneFive.cz - Prodejce Peak Design","description":"Wash Pouch Small \u2013 Minimalistick\u00e1 cestovn\u00ed toaletn\u00ed\/kosmetick\u00e1 ta\u0161ti\u010dka.","robots":{"index":"index","follow":"follow","max-snippet":"max-snippet:-1","max-image-preview":"max-image-preview:large","max-video-preview":"max-video-preview:-1"},"canonical":"https:\/\/www.onefive.cz\/peakdesign\/produkt\/wash-pouch-small\/","og_locale":"cs_CZ","og_type":"article","og_title":"Wash Pouch - Peak Design CZ\/SK","og_description":"Wash Pouch \u2013 nejpromy\u0161len\u011bj\u0161\u00ed cestovn\u00ed toaletn\u00ed\/kosmetick\u00e1 ta\u0161ti\u010dka.","og_url":"https:\/\/www.onefive.cz\/peakdesign\/produkt\/wash-pouch-small\/","og_site_name":"OneFive.cz - Prodejce Peak Design","article_modified_time":"2026-04-17T04:06:44+00:00","og_image":[{"width":841,"height":588,"url":"https:\/\/www.onefive.cz\/peakdesign\/wp-content\/uploads\/2022\/02\/hero-wash-pouch-small-fb.jpg","type":"image\/jpeg"}],"twitter_card":"summary_large_image","twitter_image":"https:\/\/www.onefive.cz\/peakdesign\/wp-content\/uploads\/2022\/02\/hero-wash-pouch-small-fb.jpg","twitter_misc":{"Odhadovan\u00e1 doba \u010dten\u00ed":"3 minuty"},"schema":{"@context":"https:\/\/schema.org","@graph":[{"@type":"WebPage","@id":"https:\/\/www.onefive.cz\/peakdesign\/produkt\/wash-pouch-small\/","url":"https:\/\/www.onefive.cz\/peakdesign\/produkt\/wash-pouch-small\/","name":"Wash Pouch Small - OneFive.cz - Prodejce Peak Design","isPartOf":{"@id":"https:\/\/www.onefive.cz\/peakdesign\/#website"},"primaryImageOfPage":{"@id":"https:\/\/www.onefive.cz\/peakdesign\/produkt\/wash-pouch-small\/#primaryimage"},"image":{"@id":"https:\/\/www.onefive.cz\/peakdesign\/produkt\/wash-pouch-small\/#primaryimage"},"thumbnailUrl":"https:\/\/www.onefive.cz\/peakdesign\/wp-content\/uploads\/2018\/05\/small-wash-pouch-1.png","datePublished":"2018-05-26T23:15:26+00:00","dateModified":"2026-04-17T04:06:44+00:00","description":"Wash Pouch Small \u2013 Minimalistick\u00e1 cestovn\u00ed toaletn\u00ed\/kosmetick\u00e1 ta\u0161ti\u010dka.","breadcrumb":{"@id":"https:\/\/www.onefive.cz\/peakdesign\/produkt\/wash-pouch-small\/#breadcrumb"},"inLanguage":"cs","potentialAction":[{"@type":"ReadAction","target":["https:\/\/www.onefive.cz\/peakdesign\/produkt\/wash-pouch-small\/"]}]},{"@type":"ImageObject","inLanguage":"cs","@id":"https:\/\/www.onefive.cz\/peakdesign\/produkt\/wash-pouch-small\/#primaryimage","url":"https:\/\/www.onefive.cz\/peakdesign\/wp-content\/uploads\/2018\/05\/small-wash-pouch-1.png","contentUrl":"https:\/\/www.onefive.cz\/peakdesign\/wp-content\/uploads\/2018\/05\/small-wash-pouch-1.png","width":960,"height":960},{"@type":"BreadcrumbList","@id":"https:\/\/www.onefive.cz\/peakdesign\/produkt\/wash-pouch-small\/#breadcrumb","itemListElement":[{"@type":"ListItem","position":1,"name":"Dom\u016f","item":"https:\/\/www.onefive.cz\/peakdesign\/"},{"@type":"ListItem","position":2,"name":"Shop","item":"https:\/\/www.onefive.cz\/peakdesign\/shop\/"},{"@type":"ListItem","position":3,"name":"Wash Pouch Small"}]},{"@type":"WebSite","@id":"https:\/\/www.onefive.cz\/peakdesign\/#website","url":"https:\/\/www.onefive.cz\/peakdesign\/","name":"OneFive.cz - Prodejce Peak Design","description":"Kryty a dr\u017e\u00e1ky pro telefony, cestovn\u00ed a everyday batohy a ta\u0161ky, organiz\u00e9ry a fotop\u0159\u00edslu\u0161enstv\u00ed. Ultim\u00e1tn\u00ed v\u00fdbava pro ty, kte\u0159\u00ed vy\u017eaduj\u00ed to nejlep\u0161\u00ed.","potentialAction":[{"@type":"SearchAction","target":{"@type":"EntryPoint","urlTemplate":"https:\/\/www.onefive.cz\/peakdesign\/?s={search_term_string}"},"query-input":{"@type":"PropertyValueSpecification","valueRequired":true,"valueName":"search_term_string"}}],"inLanguage":"cs"}]}},"_links":{"self":[{"href":"https:\/\/www.onefive.cz\/peakdesign\/wp-json\/wp\/v2\/product\/102868","targetHints":{"allow":["GET"]}}],"collection":[{"href":"https:\/\/www.onefive.cz\/peakdesign\/wp-json\/wp\/v2\/product"}],"about":[{"href":"https:\/\/www.onefive.cz\/peakdesign\/wp-json\/wp\/v2\/types\/product"}],"wp:featuredmedia":[{"embeddable":true,"href":"https:\/\/www.onefive.cz\/peakdesign\/wp-json\/wp\/v2\/media\/126660"}],"wp:attachment":[{"href":"https:\/\/www.onefive.cz\/peakdesign\/wp-json\/wp\/v2\/media?parent=102868"}],"wp:term":[{"taxonomy":"product_brand","embeddable":true,"href":"https:\/\/www.onefive.cz\/peakdesign\/wp-json\/wp\/v2\/product_brand?post=102868"},{"taxonomy":"product_cat","embeddable":true,"href":"https:\/\/www.onefive.cz\/peakdesign\/wp-json\/wp\/v2\/product_cat?post=102868"},{"taxonomy":"product_tag","embeddable":true,"href":"https:\/\/www.onefive.cz\/peakdesign\/wp-json\/wp\/v2\/product_tag?post=102868"}],"curies":[{"name":"wp","href":"https:\/\/api.w.org\/{rel}","templated":true}]}}