{"id":102929,"date":"2022-02-07T00:41:35","date_gmt":"2022-02-06T23:41:35","guid":{"rendered":"https:\/\/www.peakdesign.cz\/?post_type=product&#038;p=102929"},"modified":"2026-04-17T06:06:43","modified_gmt":"2026-04-17T04:06:43","slug":"travel-duffel","status":"publish","type":"product","link":"https:\/\/www.onefive.cz\/peakdesign\/produkt\/travel-duffel\/","title":{"rendered":"Travel Duffel"},"content":{"rendered":"<div class='content-column one_half'><h2>Hlavn\u00ed rysy - Travel Duffel<\/h2>\n<p><strong>PO\u0158I\u010e SI 35L\/50L NA<\/strong><\/p>\n<ul style=\"padding-left: 15px; padding-bottom: 15px;\">\n<li>Kr\u00e1tk\u00e9 v\u00fdlety, denn\u00ed no\u0161en\u00ed, ta\u0161ka do posilovny, dopl\u0148kov\u00e1 ta\u0161ka<\/li>\n<li>P\u0159eprava foto\/video vybaven\u00ed v PD Camera Cubes (prod\u00e1v\u00e1 se samostatn\u011b)<\/li>\n<li>35L je maxim\u00e1ln\u00ed velikost p\u0159\u00edru\u010dn\u00edho zavazadla pro mezin\u00e1rodn\u00ed lety<\/li>\n<li>50L je maxim\u00e1ln\u00ed velikost p\u0159\u00edru\u010dn\u00edho zavazadla pro lety v USA<\/li>\n<\/ul>\n<p><strong>PO\u0158I\u010e SI 65L\/80L NA<\/strong><\/p>\n<ul style=\"padding-left: 15px; padding-bottom: 15px;\">\n<li>Dlouh\u00e9 v\u00fdlety a p\u0159epravu objemn\u00e9ho vybaven\u00ed<\/li>\n<li>Kempov\u00e1n\u00ed v aut\u011b, silni\u010dn\u00ed v\u00fdlety, ly\u017ea\u0159sk\u00e9 v\u00fdlety<\/li>\n<li>Ob\u011b velikosti jsou ur\u010deny pouze jako odbaven\u00e1 zavazadla<\/li>\n<\/ul>\n<p><strong>DUFFEL PODLE N\u00c1S<\/strong><\/p>\n<ul style=\"padding-left: 15px; padding-bottom: 15px;\">\n<li>Duffel je nad\u010dasov\u00e9 zavazadlo, kter\u00e9 nepodl\u00e9h\u00e1 modn\u00edm vliv\u016fm. Travel Duffel v pod\u00e1n\u00ed od Peak Design je praktick\u00e9 zavazadlo s \u010dist\u00fdm a funk\u010dn\u00edm designem, technick\u00fdmi materi\u00e1ly a promy\u0161len\u00fdmi detaily<\/li>\n<\/ul>\n<p><strong>MNOHO ZP\u016eSOB\u016e NO\u0160EN\u00cd<\/strong><\/p>\n<ul style=\"padding-left: 15px; padding-bottom: 15px;\">\n<li>Polstrovan\u00fd popruh pro no\u0161en\u00ed na rameni nebo p\u0159es rameno.<\/li>\n<li>Horn\u00ed popruhy pro no\u0161en\u00ed v ruce nebo na z\u00e1dech (jako batoh - po zm\u011bn\u011b um\u00edst\u011bn\u00ed p\u0159ipnut\u00ed popruh\u016f).<\/li>\n<li>V\u0161echny popruhy lze libovoln\u011b odep\u00ednat a p\u0159enastavovat pomoc\u00ed syst\u00e9mu p\u0159ezek a p\u0159ipev\u0148ovac\u00edch ok.<\/li>\n<\/ul>\n<p><strong>PERFEKTN\u00cd P\u0158\u00cdSTUP<\/strong><\/p>\n<ul style=\"padding-left: 15px; padding-bottom: 15px;\">\n<li>Prodlou\u017een\u00fd hlavn\u00ed zip nab\u00edz\u00ed v\u00fdrazn\u011b \u0161ir\u0161\u00ed otvor ne\u017e tradi\u010dn\u00ed duffely a snadn\u011bj\u0161\u00ed a p\u0159ehledn\u011bj\u0161\u00ed p\u0159\u00edstup do vnit\u0159n\u00edho prostoru.<\/li>\n<\/ul>\n<p><strong>OCHRANA<\/strong><\/p>\n<ul style=\"padding-left: 15px; padding-bottom: 15px;\">\n<li>Vliv\u016fm po\u010das\u00ed odoln\u00e1 100% recyklovan\u00e1 nylonov\u00e1 tkanina 600D, sv\u011btle \u0161ed\u00fd vnit\u0159ek pro lep\u0161\u00ed p\u0159ehlednost.<\/li>\n<li>Vod\u011bodoln\u00e1 spodn\u00ed pod\u0161\u00edvka z materi\u00e1lu 900D.<\/li>\n<li>Masivn\u00ed (#10) vliv\u016fm po\u010das\u00ed odoln\u00fd zip. Hlavn\u00ed i bo\u010dn\u00ed zipy maj\u00ed mo\u017enost uzam\u010den\u00ed, kter\u00e9 zabr\u00e1n\u00ed rychl\u00e9mu otev\u0159en\u00ed.<\/li>\n<\/ul>\n<p><strong>USPO\u0158\u00c1D\u00c1N\u00cd A KOMPATIBILITA<\/strong><\/p>\n<ul style=\"padding-left: 15px; padding-bottom: 15px;\">\n<li>2 vnit\u0159n\u00ed kapsy ze s\u00ed\u0165oviny a 4 vn\u011bj\u0161\u00ed kapsy na zip.<\/li>\n<li>Dimenzov\u00e1no p\u0159esn\u011b pro <a href=\"https:\/\/www.peakdesign.cz\/pouzdra-a-organizery\/\">organiz\u00e9ry<\/a> Peak Design Packing Tools (<a href=\"https:\/\/www.onefive.cz\/peakdesign\/produkt\/packing-cube\/\">Packing Cube<\/a>, <a href=\"https:\/\/www.onefive.cz\/peakdesign\/produkt\/camera-cube\/\">Camera Cube<\/a>, <a href=\"https:\/\/www.onefive.cz\/peakdesign\/produkt\/tech-pouch\/\">Tech Pouch<\/a>, <a href=\"https:\/\/www.onefive.cz\/peakdesign\/produkt\/wash-pouch\/\">Wash Pouch<\/a>, <a href=\"https:\/\/www.onefive.cz\/peakdesign\/produkt\/shoe-pouch\/\">Shoe Pouch<\/a>), v\u0161e (v prodeji zvl\u00e1\u0161\u0165).<\/li>\n<li>35L pojme 3 objemov\u00e9 jednoty, 65L 4 jednotky).<\/li>\n<li>P\u0159ipev\u0148ovac\u00ed body pro Peak Design Camera Cube.<\/li>\n<li>Ru\u010dn\u00ed popruhy slou\u017e\u00ed jako pr\u016fchodka pro p\u0159ipevn\u011bn\u00ed k dr\u017eadlu zavazadla na kole\u010dk\u00e1ch.<\/li>\n<\/ul>\n<p><strong>DO LETADLA<\/strong><\/p>\n<ul style=\"padding-left: 15px; padding-bottom: 15px;\">\n<li>Maxim\u00e1ln\u00ed povolen\u00e1 velikost palubn\u00edho zavazadla (35L).<\/li>\n<li>Chr\u00e1n\u011bn\u00e1 kapsi\u010dka na \u0161t\u00edtek s adresou.<\/li>\n<\/ul>\n<p><strong>KOMFORTN\u00cd NO\u0160EN\u00cd<\/strong><\/p>\n<ul style=\"padding-left: 15px; padding-bottom: 15px;\">\n<li>2 m\u011bk\u010den\u00e9 popruhy\/dr\u017eadla pro no\u0161en\u00ed v ruce. D\u00edky vestav\u011bn\u00fdm magnet\u016fm dr\u017e\u00ed po polo\u017een\u00ed l\u00e9pe u sebe.<\/li>\n<li>Kapsi\u010dka na \u0161t\u00edtek s adresou.<\/li>\n<\/ul>\n<p><strong>Hlavn\u00ed rysy 35L<\/strong><\/p>\n<ul style=\"padding-left: 15px; padding-bottom: 15px;\">\n<li>Velikost kabinov\u00e9ho\/p\u0159\u00edru\u010dn\u00edho zavazadla<\/li>\n<li>Pojme 3 jednotky <a href=\"https:\/\/www.onefive.cz\/peakdesign\/produkt\/packing-cube\/\">Packing Cube<\/a>\/<a href=\"https:\/\/www.onefive.cz\/peakdesign\/produkt\/camera-cube\/\">Camera Cube<\/a><\/li>\n<\/ul>\n<p><strong>Hlavn\u00ed rysy 65L<\/strong><\/p>\n<ul style=\"padding-left: 15px; padding-bottom: 15px;\">\n<li>Odn\u00edmateln\u00fd obal ru\u010dn\u00edho popruhu - pro p\u0159en\u00e1\u0161en\u00ed t\u011b\u017e\u0161\u00edch n\u00e1klad\u016f<\/li>\n<li>Dodate\u010dn\u00e9 zes\u00edlen\u00ed spojovac\u00edch bod\u016f popruh\u016f<\/li>\n<li>Pojme 4 jednotky <a href=\"https:\/\/www.onefive.cz\/peakdesign\/produkt\/packing-cube\/\">Packing Cube<\/a>\/<a href=\"https:\/\/www.onefive.cz\/peakdesign\/produkt\/camera-cube\/\">Camera Cube<\/a> + spousta bonusov\u00e9ho prostoru pro dal\u0161\u00ed v\u00fdbavu. P\u0159i pou\u017eit\u00ed pro foto v\u00fdbavu nedoporu\u010dujeme tuto bra\u0161nu odbavovat do letadla<\/li>\n<\/ul>\n<p>Certifik\u00e1t Fair Trade a 100% uhl\u00edkov\u011b neutr\u00e1ln\u00ed<br \/>\nDo\u017eivotn\u00ed z\u00e1ruka<\/p>\n<p><strong>ROZD\u00cdLY<\/strong><\/p>\n<p>VLASTNOSTI 35L<br \/>\nOdn\u00edmateln\u00fd obal ru\u010dn\u00ed<br \/>\nSchv\u00e1leno jako p\u0159\u00edru\u010dn\u00ed zavazadlo pro mezin\u00e1rodn\u00ed lety<br \/>\nPojme 3 jednotky PD Packing\/Camera Cubes<\/p>\n<p>VLASTNOSTI 50L<br \/>\nSchv\u00e1leno jako p\u0159\u00edru\u010dn\u00ed zavazadlo pro lety v USA (m\u00edrn\u011b p\u0159ekra\u010duje mezin\u00e1rodn\u00ed limity)<br \/>\nOvinut\u00ed rukojeti pro no\u0161en\u00ed t\u011b\u017e\u0161\u00edch n\u00e1klad\u016f<br \/>\nPojme 4 jednotky PD Packing\/Camera Cubes + prostor nav\u00edc<\/p>\n<p>VLASTNOSTI 65L<br \/>\nPouze jako odbaven\u00e9 zavazadlo<br \/>\nOvinut\u00ed rukojeti pro no\u0161en\u00ed t\u011b\u017e\u0161\u00edch n\u00e1klad\u016f<br \/>\nExtra zes\u00edlen\u00ed spojovac\u00edch bod\u016f popruh\u016f<br \/>\nPojme 4 jednotky PD Packing\/Camera Cubes a spoustu bonusov\u00e9ho prostoru<br \/>\nP\u0159i p\u0159eprav\u011b fotoapar\u00e1t\u016f nedoporu\u010dujeme tuto ta\u0161ku odbavit<\/p>\n<p>VLASTNOSTI 80L<br \/>\nPouze jako odbaven\u00e9 zavazadlo<br \/>\nOvinut\u00ed rukojeti pro no\u0161en\u00ed t\u011b\u017e\u0161\u00edch n\u00e1klad\u016f<br \/>\nExtra zes\u00edlen\u00ed spojovac\u00edch bod\u016f popruh\u016f<br \/>\nPojme 8 jednotek PD Packing\/Camera Cubes a spoustu bonusov\u00e9ho prostoru pro dal\u0161\u00ed \u00falo\u017en\u00fd prostor<br \/>\nP\u0159i p\u0159eprav\u011b fotoapar\u00e1t\u016f nedoporu\u010dujeme tuto ta\u0161ku odbavit<\/p><\/div>\n<div class='content-column one_half last_column'><h2>Video<\/h2>\n<p><iframe loading=\"lazy\" title=\"Travel Duffel 35L - Gear Hauling Made Simple\" width=\"500\" height=\"281\" src=\"https:\/\/www.youtube.com\/embed\/KwEhAd74DZY?feature=oembed&enablejsapi=1&origin=https:\/\/www.onefive.cz\" frameborder=\"0\" allow=\"accelerometer; autoplay; clipboard-write; encrypted-media; gyroscope; picture-in-picture; web-share\" referrerpolicy=\"strict-origin-when-cross-origin\" allowfullscreen><\/iframe><\/p>\n<h2 style=\"padding-top: 15px;\">Specifikace<\/h2>\n<p><strong>35L<br \/>\n<\/strong>VN\u011aJ\u0160\u00cd ROZM\u011aRY: 56 cm x 34,5 cm x 26 cm<br \/>\nVNIT\u0158N\u00cd ROZM\u011aRY: 51 cm x 25,5 cm x 20 cm<br \/>\nKAPACITA: 35 l<br \/>\nKAPACITA PD PACKING\/CAMERA CUBE: 3 jednotky<br \/>\nHMOTNOST: 0,9 kg<\/p>\n<p><strong>50L<br \/>\n<\/strong>VN\u011aJ\u0160\u00cd ROZM\u011aRY: 60 cm x 36 cm x 23 cm<br \/>\nVNIT\u0158N\u00cd ROZM\u011aRY: 59 cm x 35 cm x 22 cm<br \/>\nKAPACITA: 50 l<br \/>\nKAPACITA PD PACKING\/CAMERA CUBE: 4 jednotky + bonusov\u00fd prostor<br \/>\nHMOTNOST: 1,3 kg<\/p>\n<p><strong>65L<br \/>\n<\/strong>VN\u011aJ\u0160\u00cd ROZM\u011aRY: 34 cm x 76 cm x 32 cm<br \/>\nVNIT\u0158N\u00cd ROZM\u011aRY: 33 cm x 74 cm x 31 cm<br \/>\nKAPACITA: 65 l<br \/>\nKAPACITA PD PACKING\/CAMERA CUBE: 4 jednotky + bonusov\u00fd prostor<br \/>\nHMOTNOST: 1,3 kg<\/p>\n<p><strong>80L<\/strong><br \/>\nVN\u011aJ\u0160\u00cd ROZM\u011aRY: 78 cm x 36 cm x 32 cm<br \/>\nVNIT\u0158N\u00cd ROZM\u011aRY: 77 cm x 35 cm x 31 cm<br \/>\nKAPACITA: 80 l<br \/>\nKAPACITA PD PACKING\/CAMERA CUBE: 8 jednotek<br \/>\nHMOTNOST: 1,4 kg<\/p>\n<p><strong>DAL\u0160\u00cd SPECIFIKACE<\/strong><\/p>\n<ul style=\"padding-left: 15px; padding-bottom: 15px;\">\n<li><strong>Materi\u00e1ly<\/strong>: Versa Shell\u2122 600D: Vod\u011bodoln\u00fd, 100% recyklovan\u00fd nylonov\u00fd pl\u00e1t\u011bn\u00fd vn\u011bj\u0161\u00ed materi\u00e1l, barven\u00fd v roztoku pro \u00fasporu vody a energie900D: Vodot\u011bsn\u00e1 spodn\u00ed pod\u0161\u00edvka. Vysoce viditeln\u00fd \u0161ed\u00fd nylonov\u00fd interi\u00e9r. V\u0161echny tkaniny a popruhy jsou schv\u00e1leny Bluesign. Bez PFAS**: Pou\u017e\u00edv\u00e1 C0 DWR, vodoodpudivou \u00fapravu, kter\u00e1 je ekologi\u010dt\u011bj\u0161\u00ed alternativou k tradi\u010dn\u00edm DWR \u00faprav\u00e1m. Kov\u00e1n\u00ed z eloxovan\u00e9ho hlin\u00edku a nylonu vyztu\u017een\u00e9ho sklem. Extr\u00e9mn\u011b odoln\u00e9 UltraZips\u2122 s vl\u00e1knem UHMPE odoln\u00fdm proti od\u011bru. Ko\u017een\u00e9 akcenty (pouze u barvy Sage) jsou certifikov\u00e1ny Gold od Leather Working Group. Hypalonov\u00e9 tah\u00e1\u010dky na zip a zes\u00edlen\u00e9 stresov\u00e9 body<\/li>\n<li><strong>Materi\u00e1l Coyote<\/strong>: Barevn\u00e1 varianta Coyote je vyrobena ze speci\u00e1ln\u00edho materi\u00e1lu X-PAC VX-21 Ocean Edition. Ten je vyvinut\u00fd a vyroben\u00fd v USA, je extr\u00e9mn\u011b odoln\u00fd, a to jak mechanicky, tak proti vod\u011b a ne\u010distot\u00e1m. Konstrukce za pou\u017eit\u00ed v\u00edcevrstevn\u00e1 laminace a zes\u00edlen\u00ed pomoc\u00ed polyesterov\u00e9ho vl\u00e1kna X-Ply zaji\u0161\u0165uje skv\u011bl\u00fd pom\u011br n\u00edzk\u00e9 hmotnosti a pevnosti.<br \/>\nNeobsahuje PFAS, je vyroben\u00fd z recyklovan\u00fdch nylonov\u00fdch ryb\u00e1\u0159sk\u00fdch s\u00edt\u00ed a o\u0161et\u0159en\u00fd ekologickou vod\u011bodpudivou \u00fapravou DWR C0.<br \/>\nSpl\u0148uje tak na\u0161e vysok\u00e9 n\u00e1roky na odolnost i udr\u017eitetelnost.<\/li>\n<li><strong>Z\u00e1ruka<\/strong>: Do\u017eivotn\u00ed<\/li>\n<\/ul>\n<h2>Obsah balen\u00ed<\/h2>\n<p><img decoding=\"async\" class=\"alignnone size-full\" src=\"https:\/\/www.peakdesign.cz\/wp-content\/uploads\/2018\/07\/35L-duffel.jpg\" alt=\"\" width=\"450\" \/><\/p>\n<ul style=\"padding-left: 15px; padding-bottom: 15px;\">\n<li>1. Travel Duffel (\u010dern\u00e1, \u0161alv\u011bjov\u00e1)<\/li>\n<li>2. 2 ru\u010dn\u00ed popruhy (odn\u00edmateln\u00e9)<\/li>\n<li>3. Ramenn\u00ed popruh (odn\u00edmateln\u00fd)<\/li>\n<li>4. Obal ru\u010dn\u00edho popruhu (pouze 50\/65\/80L) (odn\u00edmateln\u00fd)<\/li>\n<\/ul><\/div><div class='clear_column'><\/div>\n","protected":false},"excerpt":{"rendered":"<p style=\"padding-top: 30px;\">Klasick\u00e1 odoln\u00e1 cestovn\u00ed ta\u0161ka (duffel bag) - nyn\u00ed ve dvou velikostech. V jednoduchosti je kr\u00e1sa - Travel Duffel 35L a 65L jsou praktick\u00e1, funk\u010dn\u00ed a nad\u010dasov\u00e1 zavazadla. S velikost\u00ed p\u0159\u00edru\u010dn\u00edho\/kabinov\u00e9ho zavazadla a kapacitou 35L je Travel Duffel 35L perfektn\u00ed zavazadlo na v\u00edkend nebo p\u0159esp\u00e1n\u00ed mimo domov, gym bag nebo par\u0165\u00e1k pro dal\u0161\u00ed zavazadla \u0159ady Travel nebo Everyday. Travel Duffel 65L pom\u016f\u017ee transportovat velk\u00e9 mno\u017estv\u00ed v\u00fdbavy nejen v aut\u011b, nebo p\u0159i cest\u00e1ch letadlem (odbaven\u00e9 zavazadlo).<\/p>\n<p>Ob\u011b zavazadla maj\u00ed odep\u00ednac\u00ed polstrovan\u00e1 horn\u00ed dr\u017eadla, odep\u00ednac\u00ed polstrovan\u00fd ramenn\u00ed popruh, 2 vnit\u0159n\u00ed s\u00ed\u0165ovan\u00e9 kapsy a 4 vn\u011bj\u0161\u00ed bo\u010dn\u00ed kapsy pro lep\u0161\u00ed uspo\u0159\u00e1d\u00e1n\u00ed obsahu. Vliv\u016fm po\u010das\u00ed odoln\u00e1 100% recyklovan\u00e1 nylonov\u00e1 tkanina 600D, mimo\u0159\u00e1dn\u011b odoln\u00e1 vod\u011bodoln\u00e1 spodn\u00ed pod\u0161\u00edvka a na zak\u00e1zku vyroben\u00e9 duralov\u00e9 p\u0159ezky. [read more]Velmi komfortn\u00ed p\u0159\u00edstup a v\u00fdborn\u00fd p\u0159ehled vnit\u0159n\u00edho prostoru d\u00edky dlouh\u00e9mu masivn\u00edmu (#10) vliv\u016fm po\u010das\u00ed odoln\u00e9mu zipu (vydr\u017e\u00ed des\u00edtky let pou\u017e\u00edv\u00e1n\u00ed d\u00edky patentovan\u00e9mu vl\u00e1knu odoln\u00e9mu proti od\u011bru). Rozm\u011bry vnit\u0159n\u00edho prostoru (bez p\u0159ep\u00e1\u017eek) dimenzov\u00e1ny p\u0159esn\u011b pro organiz\u00e9ry Packing Tools (v prodeji zvl\u00e1\u0161\u0165) pro lep\u0161\u00ed uspo\u0159\u00e1d\u00e1n\u00ed obsahu ta\u0161ky.<\/p>\n<p>Ob\u011b velikosti bezprobl\u00e9mov\u011b spolupracuj\u00ed s Peak Design Packing Tools - kapsami, pouzdry a obaly pro uspo\u0159\u00e1d\u00e1n\u00ed a ochranu oble\u010den\u00ed, obuvi, toaletn\u00edch pot\u0159eb, drobn\u00e9 techniky, foto\/video v\u00fdbavy (od jednoho fotoapar\u00e1tu\/dronu a\u017e po kompletn\u00ed profesion\u00e1ln\u00ed v\u00fdbavu) a mnoho dal\u0161\u00edho. Do 35L se vejdou 3 jednotky Packing\/Camera Cubes, do 65L 4 jednotky a spousta bonusov\u00e9ho prostoru pro dal\u0161\u00ed v\u00fdbavu. Ob\u011b velikosti maj\u00ed certifik\u00e1t Fair Trade a jsou 100% uhl\u00edkov\u011b neutr\u00e1ln\u00ed.<\/p>\n<p>Po\u0159i\u010fte si 35L pro:<br \/>\n- Pou\u017eit\u00ed jako p\u0159\u00edru\u010dn\u00ed zavazadlo do letadla<br \/>\n- V\u00edkendov\u00e9 v\u00fdlety<br \/>\n- Bra\u0161nu, kterou lze polo\u017eit na zavazadlo s kole\u010dkami<br \/>\n- Pro p\u0159en\u00e1\u0161en\u00ed foto\/video vybaven\u00ed v letadle nebo v ter\u00e9nu<br \/>\n- Pou\u017eit\u00ed jako ta\u0161ka do t\u011blocvi\u010dny nebo jin\u00e9 ka\u017edodenn\u00ed pou\u017eit\u00ed.<\/p>\n<p>Po\u0159i\u010fte si 65L pro:<br \/>\n- Pou\u017eit\u00ed jako odbaven\u00e9 zavazdlo do letadla<br \/>\n- Na del\u0161\u00ed cesty<br \/>\n- P\u0159ev\u00e1\u017een\u00ed v\u011bt\u0161\u00edho mno\u017estv\u00ed objemn\u00e9ho vybaven\u00ed a oble\u010den\u00ed<br \/>\n[\/read]<\/p>\n","protected":false},"featured_media":126676,"template":"","meta":[],"product_brand":[],"product_cat":[18],"product_tag":[],"class_list":{"0":"post-102929","1":"product","2":"type-product","3":"status-publish","4":"has-post-thumbnail","6":"product_cat-uncategorized","8":"first","9":"instock","10":"taxable","11":"shipping-taxable","12":"purchasable","13":"product-type-variable","14":"has-default-attributes"},"yoast_head":"<!-- This site is optimized with the Yoast SEO plugin v27.4 - https:\/\/yoast.com\/product\/yoast-seo-wordpress\/ -->\n<title>Travel Duffel - OneFive.cz - Prodejce Peak Design<\/title>\n<meta name=\"description\" content=\"Travel Duffel \u2013 klasick\u00e1 odoln\u00e1 cestovn\u00ed ta\u0161ka (duffel bag).\" \/>\n<meta name=\"robots\" content=\"index, follow, max-snippet:-1, max-image-preview:large, max-video-preview:-1\" \/>\n<link rel=\"canonical\" href=\"https:\/\/www.onefive.cz\/peakdesign\/produkt\/travel-duffel\/\" \/>\n<meta property=\"og:locale\" content=\"cs_CZ\" \/>\n<meta property=\"og:type\" content=\"article\" \/>\n<meta property=\"og:title\" content=\"Travel Duffel - Peak Design CZ\/SK\" \/>\n<meta property=\"og:description\" content=\"Travel Duffel \u2013 klasick\u00e1 odoln\u00e1, praktick\u00e1 a nad\u010dasov\u00e1 cestovn\u00ed ta\u0161ka (duffel bag).\" \/>\n<meta property=\"og:url\" content=\"https:\/\/www.onefive.cz\/peakdesign\/produkt\/travel-duffel\/\" \/>\n<meta property=\"og:site_name\" content=\"OneFive.cz - Prodejce Peak Design\" \/>\n<meta property=\"article:modified_time\" content=\"2026-04-17T04:06:43+00:00\" \/>\n<meta property=\"og:image\" content=\"https:\/\/www.onefive.cz\/peakdesign\/wp-content\/uploads\/2018\/07\/travelduffel35l-fb2.jpg\" \/>\n\t<meta property=\"og:image:width\" content=\"1200\" \/>\n\t<meta property=\"og:image:height\" content=\"628\" \/>\n\t<meta property=\"og:image:type\" content=\"image\/jpeg\" \/>\n<meta name=\"twitter:card\" content=\"summary_large_image\" \/>\n<meta name=\"twitter:label1\" content=\"Odhadovan\u00e1 doba \u010dten\u00ed\" \/>\n\t<meta name=\"twitter:data1\" content=\"5 minut\" \/>\n<script type=\"application\/ld+json\" class=\"yoast-schema-graph\">{\"@context\":\"https:\\\/\\\/schema.org\",\"@graph\":[{\"@type\":\"WebPage\",\"@id\":\"https:\\\/\\\/www.onefive.cz\\\/peakdesign\\\/produkt\\\/travel-duffel\\\/\",\"url\":\"https:\\\/\\\/www.onefive.cz\\\/peakdesign\\\/produkt\\\/travel-duffel\\\/\",\"name\":\"Travel Duffel - OneFive.cz - Prodejce Peak Design\",\"isPartOf\":{\"@id\":\"https:\\\/\\\/www.onefive.cz\\\/peakdesign\\\/#website\"},\"primaryImageOfPage\":{\"@id\":\"https:\\\/\\\/www.onefive.cz\\\/peakdesign\\\/produkt\\\/travel-duffel\\\/#primaryimage\"},\"image\":{\"@id\":\"https:\\\/\\\/www.onefive.cz\\\/peakdesign\\\/produkt\\\/travel-duffel\\\/#primaryimage\"},\"thumbnailUrl\":\"https:\\\/\\\/www.onefive.cz\\\/peakdesign\\\/wp-content\\\/uploads\\\/2022\\\/02\\\/travel-duffel-1.png\",\"datePublished\":\"2022-02-06T23:41:35+00:00\",\"dateModified\":\"2026-04-17T04:06:43+00:00\",\"description\":\"Travel Duffel \u2013 klasick\u00e1 odoln\u00e1 cestovn\u00ed ta\u0161ka (duffel bag).\",\"breadcrumb\":{\"@id\":\"https:\\\/\\\/www.onefive.cz\\\/peakdesign\\\/produkt\\\/travel-duffel\\\/#breadcrumb\"},\"inLanguage\":\"cs\",\"potentialAction\":[{\"@type\":\"ReadAction\",\"target\":[\"https:\\\/\\\/www.onefive.cz\\\/peakdesign\\\/produkt\\\/travel-duffel\\\/\"]}]},{\"@type\":\"ImageObject\",\"inLanguage\":\"cs\",\"@id\":\"https:\\\/\\\/www.onefive.cz\\\/peakdesign\\\/produkt\\\/travel-duffel\\\/#primaryimage\",\"url\":\"https:\\\/\\\/www.onefive.cz\\\/peakdesign\\\/wp-content\\\/uploads\\\/2022\\\/02\\\/travel-duffel-1.png\",\"contentUrl\":\"https:\\\/\\\/www.onefive.cz\\\/peakdesign\\\/wp-content\\\/uploads\\\/2022\\\/02\\\/travel-duffel-1.png\",\"width\":960,\"height\":960},{\"@type\":\"BreadcrumbList\",\"@id\":\"https:\\\/\\\/www.onefive.cz\\\/peakdesign\\\/produkt\\\/travel-duffel\\\/#breadcrumb\",\"itemListElement\":[{\"@type\":\"ListItem\",\"position\":1,\"name\":\"Dom\u016f\",\"item\":\"https:\\\/\\\/www.onefive.cz\\\/peakdesign\\\/\"},{\"@type\":\"ListItem\",\"position\":2,\"name\":\"Shop\",\"item\":\"https:\\\/\\\/www.onefive.cz\\\/peakdesign\\\/shop\\\/\"},{\"@type\":\"ListItem\",\"position\":3,\"name\":\"Travel Duffel\"}]},{\"@type\":\"WebSite\",\"@id\":\"https:\\\/\\\/www.onefive.cz\\\/peakdesign\\\/#website\",\"url\":\"https:\\\/\\\/www.onefive.cz\\\/peakdesign\\\/\",\"name\":\"OneFive.cz - Prodejce Peak Design\",\"description\":\"Kryty a dr\u017e\u00e1ky pro telefony, cestovn\u00ed a everyday batohy a ta\u0161ky, organiz\u00e9ry a fotop\u0159\u00edslu\u0161enstv\u00ed. Ultim\u00e1tn\u00ed v\u00fdbava pro ty, kte\u0159\u00ed vy\u017eaduj\u00ed to nejlep\u0161\u00ed.\",\"potentialAction\":[{\"@type\":\"SearchAction\",\"target\":{\"@type\":\"EntryPoint\",\"urlTemplate\":\"https:\\\/\\\/www.onefive.cz\\\/peakdesign\\\/?s={search_term_string}\"},\"query-input\":{\"@type\":\"PropertyValueSpecification\",\"valueRequired\":true,\"valueName\":\"search_term_string\"}}],\"inLanguage\":\"cs\"}]}<\/script>\n<!-- \/ Yoast SEO plugin. -->","yoast_head_json":{"title":"Travel Duffel - OneFive.cz - Prodejce Peak Design","description":"Travel Duffel \u2013 klasick\u00e1 odoln\u00e1 cestovn\u00ed ta\u0161ka (duffel bag).","robots":{"index":"index","follow":"follow","max-snippet":"max-snippet:-1","max-image-preview":"max-image-preview:large","max-video-preview":"max-video-preview:-1"},"canonical":"https:\/\/www.onefive.cz\/peakdesign\/produkt\/travel-duffel\/","og_locale":"cs_CZ","og_type":"article","og_title":"Travel Duffel - Peak Design CZ\/SK","og_description":"Travel Duffel \u2013 klasick\u00e1 odoln\u00e1, praktick\u00e1 a nad\u010dasov\u00e1 cestovn\u00ed ta\u0161ka (duffel bag).","og_url":"https:\/\/www.onefive.cz\/peakdesign\/produkt\/travel-duffel\/","og_site_name":"OneFive.cz - Prodejce Peak Design","article_modified_time":"2026-04-17T04:06:43+00:00","og_image":[{"width":1200,"height":628,"url":"https:\/\/www.onefive.cz\/peakdesign\/wp-content\/uploads\/2018\/07\/travelduffel35l-fb2.jpg","type":"image\/jpeg"}],"twitter_card":"summary_large_image","twitter_misc":{"Odhadovan\u00e1 doba \u010dten\u00ed":"5 minut"},"schema":{"@context":"https:\/\/schema.org","@graph":[{"@type":"WebPage","@id":"https:\/\/www.onefive.cz\/peakdesign\/produkt\/travel-duffel\/","url":"https:\/\/www.onefive.cz\/peakdesign\/produkt\/travel-duffel\/","name":"Travel Duffel - OneFive.cz - Prodejce Peak Design","isPartOf":{"@id":"https:\/\/www.onefive.cz\/peakdesign\/#website"},"primaryImageOfPage":{"@id":"https:\/\/www.onefive.cz\/peakdesign\/produkt\/travel-duffel\/#primaryimage"},"image":{"@id":"https:\/\/www.onefive.cz\/peakdesign\/produkt\/travel-duffel\/#primaryimage"},"thumbnailUrl":"https:\/\/www.onefive.cz\/peakdesign\/wp-content\/uploads\/2022\/02\/travel-duffel-1.png","datePublished":"2022-02-06T23:41:35+00:00","dateModified":"2026-04-17T04:06:43+00:00","description":"Travel Duffel \u2013 klasick\u00e1 odoln\u00e1 cestovn\u00ed ta\u0161ka (duffel bag).","breadcrumb":{"@id":"https:\/\/www.onefive.cz\/peakdesign\/produkt\/travel-duffel\/#breadcrumb"},"inLanguage":"cs","potentialAction":[{"@type":"ReadAction","target":["https:\/\/www.onefive.cz\/peakdesign\/produkt\/travel-duffel\/"]}]},{"@type":"ImageObject","inLanguage":"cs","@id":"https:\/\/www.onefive.cz\/peakdesign\/produkt\/travel-duffel\/#primaryimage","url":"https:\/\/www.onefive.cz\/peakdesign\/wp-content\/uploads\/2022\/02\/travel-duffel-1.png","contentUrl":"https:\/\/www.onefive.cz\/peakdesign\/wp-content\/uploads\/2022\/02\/travel-duffel-1.png","width":960,"height":960},{"@type":"BreadcrumbList","@id":"https:\/\/www.onefive.cz\/peakdesign\/produkt\/travel-duffel\/#breadcrumb","itemListElement":[{"@type":"ListItem","position":1,"name":"Dom\u016f","item":"https:\/\/www.onefive.cz\/peakdesign\/"},{"@type":"ListItem","position":2,"name":"Shop","item":"https:\/\/www.onefive.cz\/peakdesign\/shop\/"},{"@type":"ListItem","position":3,"name":"Travel Duffel"}]},{"@type":"WebSite","@id":"https:\/\/www.onefive.cz\/peakdesign\/#website","url":"https:\/\/www.onefive.cz\/peakdesign\/","name":"OneFive.cz - Prodejce Peak Design","description":"Kryty a dr\u017e\u00e1ky pro telefony, cestovn\u00ed a everyday batohy a ta\u0161ky, organiz\u00e9ry a fotop\u0159\u00edslu\u0161enstv\u00ed. Ultim\u00e1tn\u00ed v\u00fdbava pro ty, kte\u0159\u00ed vy\u017eaduj\u00ed to nejlep\u0161\u00ed.","potentialAction":[{"@type":"SearchAction","target":{"@type":"EntryPoint","urlTemplate":"https:\/\/www.onefive.cz\/peakdesign\/?s={search_term_string}"},"query-input":{"@type":"PropertyValueSpecification","valueRequired":true,"valueName":"search_term_string"}}],"inLanguage":"cs"}]}},"_links":{"self":[{"href":"https:\/\/www.onefive.cz\/peakdesign\/wp-json\/wp\/v2\/product\/102929","targetHints":{"allow":["GET"]}}],"collection":[{"href":"https:\/\/www.onefive.cz\/peakdesign\/wp-json\/wp\/v2\/product"}],"about":[{"href":"https:\/\/www.onefive.cz\/peakdesign\/wp-json\/wp\/v2\/types\/product"}],"wp:featuredmedia":[{"embeddable":true,"href":"https:\/\/www.onefive.cz\/peakdesign\/wp-json\/wp\/v2\/media\/126676"}],"wp:attachment":[{"href":"https:\/\/www.onefive.cz\/peakdesign\/wp-json\/wp\/v2\/media?parent=102929"}],"wp:term":[{"taxonomy":"product_brand","embeddable":true,"href":"https:\/\/www.onefive.cz\/peakdesign\/wp-json\/wp\/v2\/product_brand?post=102929"},{"taxonomy":"product_cat","embeddable":true,"href":"https:\/\/www.onefive.cz\/peakdesign\/wp-json\/wp\/v2\/product_cat?post=102929"},{"taxonomy":"product_tag","embeddable":true,"href":"https:\/\/www.onefive.cz\/peakdesign\/wp-json\/wp\/v2\/product_tag?post=102929"}],"curies":[{"name":"wp","href":"https:\/\/api.w.org\/{rel}","templated":true}]}}