{"id":103260,"date":"2021-09-13T11:40:33","date_gmt":"2021-09-13T09:40:33","guid":{"rendered":"https:\/\/www.peakdesign.cz\/?post_type=product&#038;p=103260"},"modified":"2026-05-03T10:36:27","modified_gmt":"2026-05-03T08:36:27","slug":"everyday-case-pro-samsung","status":"publish","type":"product","link":"https:\/\/www.onefive.cz\/peakdesign\/produkt\/everyday-case-pro-samsung\/","title":{"rendered":"Everyday Case pro Samsung"},"content":{"rendered":"<div class='content-column one_half'><h2>Hlavn\u00ed rysy<\/h2>\n<p><a href=\"https:\/\/www.nytimes.com\/wirecutter\/reviews\/best-iphone-13-case\/#an-accessory-friendly-case-peak-design-everyday-case\">Wirecutter<\/a> (odd\u011blen\u00ed New York Times pro hodnocen\u00ed produkt\u016f) ozna\u010duje kryt Everyday Case za bezchybn\u00fd. \u010casopis <a href=\"https:\/\/gearjunkie.com\/news\/gear-of-the-year-2021\">Gear Junkie<\/a> mu ud\u011blil ocen\u011bn\u00ed \"Gear Of The Year\" a <a href=\"https:\/\/www.gearpatrol.com\/tech\/a34494544\/peaks-design-mobile-accessories-iphone-12\/\">Gear Patrol<\/a> uvedl, \u017ee \"je to asi nejlep\u0161\u00ed kryt MagSafe\".<\/p>\n<p><strong>100% FUNKCE, BEZ KOMPROMIS\u016e<\/strong><\/p>\n<ul style=\"padding-left: 15px;\">\n<li>D\u00edky vestav\u011bn\u00e9mu syst\u00e9mu p\u0159ipojen\u00ed toho kryt Everyday Case um\u00ed v\u00edc ne\u017e jak\u00e9koliv jin\u00fd kryt na telefon na sv\u011bt\u011b. P\u0159esto je tenk\u00fd, kr\u00e1sn\u00fd a s maximaln\u00ed ochranou.<\/li>\n<\/ul>\n<p><strong>VSTUP DO EKOSYST\u00c9MU PEAK DESIGN<\/strong><\/p>\n<ul style=\"padding-left: 15px;\">\n<li>P\u0159ipojen\u00ed ke v\u0161em dr\u017e\u00e1k\u016fm a p\u0159\u00edslu\u0161enstv\u00ed <a href=\"https:\/\/www.onefive.cz\/peakdesign\/mobile-shop\/\">Peak Design Mobile<\/a><\/li>\n<li>Rychlost a bezpe\u010dnost vestav\u011bn\u00e9ho magneticko\/mechanick\u00e9ho z\u00e1mku (tzv. SlimLink\u2122) t\u011b naprosto okouzl\u00ed<\/li>\n<\/ul>\n<p><strong>KOMPATIBILN\u00cd S MAGSAFE*<\/strong><\/p>\n<ul style=\"padding-left: 15px;\">\n<li>Kompatibiln\u00ed tak\u00e9 s p\u0159\u00edslu\u0161enstv\u00edm a nab\u00edje\u010dkami MagSafe*.<\/li>\n<li>Pozn.: kompatibilita se v\u0161emi nab\u00edje\u010dkami t\u0159et\u00edch stran (dokonce i s nab\u00edje\u010dkami s certifikac\u00ed Qi) nen\u00ed zaru\u010dena.<\/li>\n<\/ul>\n<p><strong>MINIM\u00c1LN\u00cd TLOU\u0160\u0164KA A MAXIM\u00c1LN\u00cd OCHRANA<\/strong><\/p>\n<ul style=\"padding-left: 15px;\">\n<li>Velmi tenk\u00fd 2,4mm profil<\/li>\n<li>Pogumovan\u00fd n\u00e1razn\u00edk po cel\u00e9m obvodou pro tlumen\u00ed n\u00e1raz\u016f<\/li>\n<li>Ochrann\u00fd okraj kolem obrazovky a \u010do\u010dek fotoapar\u00e1tu<\/li>\n<li>Ochrana proti p\u00e1du z v\u00fd\u0161ky 2 m<\/li>\n<li>S21 Ultra a S22 Ultra: Vzhledem k magnetick\u00e9mu poli tohoto krytu nen\u00ed mo\u017en\u00e9 pou\u017e\u00edvat p\u0159\u00edslu\u0161enstv\u00ed S-Pen stylus, pokud je kryt nasazen na telefonu. U S23 Ultra je probl\u00e9m vy\u0159e\u0161en.<\/li>\n<\/ul>\n<p><strong>LEP\u0160\u00cd MATERI\u00c1LY = LEP\u0160\u00cd KRYT<\/strong><\/p>\n<ul style=\"padding-left: 15px;\">\n<li>Obal z nylonov\u00e9 tkaniny je odoln\u00fd v\u016f\u010di pov\u011btrnostn\u00edm vliv\u016fm, 100% recyklovan\u00fd a Bluesign approved<\/li>\n<li>Ultralehk\u00e1 polykarbon\u00e1tov\u00e1 konstrukce<\/li>\n<\/ul>\n<p><strong>LZE POU\u017d\u00cdT S PEAK DESIGN POPRUHY<\/strong><\/p>\n<ul style=\"padding-left: 15px;\">\n<li>2 mont\u00e1\u017en\u00ed body pro kotvi\u010dky Peak Design Anchor umo\u017e\u0148uj\u00ed telefon libovoln\u011b zabezpe\u010dit nebo nosit s jak\u00fdmkoli popruhem Peak Design<\/li>\n<\/ul>\n<p>*MagSafe je registrovan\u00e1 ochrann\u00e1 zn\u00e1mka spole\u010dnosti Apple, Inc.<\/p><\/div>\n<div class='content-column one_half last_column'><h2>Video<\/h2>\n<p><iframe loading=\"lazy\" title=\"Mobile by Peak Design is LIVE.\" width=\"500\" height=\"281\" src=\"https:\/\/www.youtube.com\/embed\/NUquspWRrQ8?feature=oembed&enablejsapi=1&origin=https:\/\/www.onefive.cz\" frameborder=\"0\" allow=\"accelerometer; autoplay; clipboard-write; encrypted-media; gyroscope; picture-in-picture; web-share\" referrerpolicy=\"strict-origin-when-cross-origin\" allowfullscreen><\/iframe><\/p>\n<h2 style=\"padding-top: 15px;\">Specifikace<\/h2>\n<p><strong>Rozm\u011bry<\/strong><br \/>\nTlou\u0161\u0165ka zadn\u00ed st\u011bny 2,4 mm<br \/>\n3,4 mm bo\u010dn\u00ed a horn\u00ed n\u00e1razn\u00edk z TPU<br \/>\n5,6 mm spodn\u00ed n\u00e1razn\u00edk z TPU<\/p>\n<p><strong>Hmotnost<\/strong><br \/>\n40 g<br \/>\nHmotnost se li\u0161\u00ed o +\/- 4 g v z\u00e1vislosti na modelu telefonu<\/p>\n<p><strong>Materi\u00e1ly<\/strong><br \/>\nVn\u011bj\u0161\u00ed pl\u00e1\u0161\u0165 ze 100% recyklovan\u00e9ho nylonov\u00e9 tkaniny odoln\u00e9 proti pov\u011btrnostn\u00edm vliv\u016fm a Bluesign-approved<br \/>\nUltralehk\u00e9 polykarbon\u00e1tov\u00e9 t\u011blo<br \/>\nPogumovan\u00fd n\u00e1razn\u00edk z TPU<br \/>\nTvarovan\u00e1 tla\u010d\u00edtka TPU<br \/>\nVysokoteplotn\u00ed neodymov\u00e9 magnety<br \/>\nVysokopevnostn\u00ed keramick\u00fd pojistn\u00fd r\u00e1me\u010dek (yttriem stabilizovan\u00fd zirkon)<\/p>\n<p><strong>Z\u00e1ruka<\/strong>: Do\u017eivotn\u00ed<\/p>\n<p><strong>N\u00e1vod<\/strong>: <a href=\"https:\/\/www.peakdesign.cz\/data\/manuals\/mobile\/Everyday%20Case%20CZ.pdf\" target=\"_blank\" rel=\"noopener\">st\u00e1hnout PDF<\/a><\/p>\n<h2>Obsah balen\u00ed<\/h2>\n<p><img decoding=\"async\" class=\"alignnone size-full\" src=\"https:\/\/www.peakdesign.cz\/wp-content\/uploads\/2022\/02\/3-WITB-Everyday-Case-Samsung-01.jpeg\" alt=\"\" width=\"450\" \/><\/p>\n<ul style=\"padding-left: 15px; padding-bottom: 15px;\">\n<li>1. 1 x Everyday Case<\/li>\n<\/ul><\/div><div class='clear_column'><\/div>\n","protected":false},"excerpt":{"rendered":"<p>Tenk\u00fd ochrann\u00fd kryt na telefon s mo\u017enost\u00ed p\u0159ipevn\u011bn\u00ed k dal\u0161\u00edmu p\u0159\u00edslu\u0161enstv\u00ed.<\/p>\n<p><strong>Nov\u011b pro S25 Ultra: \u00a0nov\u00fd materi\u00e1l Clarino\u2122 Vegan Leather - vzhled, textura a pocit na dotek jako m\u011bkk\u00e1, pr\u00e9miov\u00e1 k\u016f\u017ee, ale s mnohem vy\u0161\u0161\u00ed odolnost\u00ed. Clarino\u2122 je vyrobeno z recyklovan\u00e9ho nylonu a je zn\u00e1m\u00e9 svou odolnost\u00ed a estetikou. Clarino\u2122 kryty jsou v barv\u011b Black (\u010dern\u00e1).<\/strong><\/p>\n<p>Kryt na telefon s dokonalou rovnov\u00e1hou mezi tenkost\u00ed, eleganc\u00ed a ochranou, kter\u00e9 je nav\u00edc skv\u011ble propojeno s cel\u00fdm ekosyst\u00e9mem Peak Design Mobile. Je jako smoking pro tv\u016fj telefon - smoking s tenk\u00fdm 2,4mm profilem a ochrann\u00fdm pogumovan\u00fdm n\u00e1razn\u00edkem, to v\u0161e zabalen\u00e9 do kr\u00e1sn\u00e9ho nylonov\u00e9ho pl\u00e1\u0161t\u011b. Co v\u0161ak kryt Everyday Case skute\u010dn\u011b odli\u0161uje, je vestav\u011bn\u00fd geni\u00e1ln\u00ed magneticko\/mechanick\u00fd z\u00e1mek (tzv. SlimLink\u2122). Jeho rychlost a bezpe\u010dnost t\u011b naprosto okouzl\u00ed. S t\u00edmto krytem na telefonu jej m\u016f\u017ee\u0161 okam\u017eit\u011b p\u0159ipojit ke v\u0161em dr\u017e\u00e1k\u016fm, nab\u00edje\u010dk\u00e1m a p\u0159\u00edslu\u0161enstv\u00ed Peak Design Mobile. Dokonce ti umo\u017en\u00ed pou\u017e\u00edvat telefon Samsung s nab\u00edje\u010dkami a p\u0159\u00edslu\u0161enstv\u00edm MagSafe, av\u0161ak kompatibilita se v\u0161emi nab\u00edje\u010dkami t\u0159et\u00edch stran nen\u00ed zaru\u010dena.<\/p>\n<p>S21 Ultra a S22 Ultra: Vzhledem k magnetick\u00e9mu poli tohoto krytu nen\u00ed mo\u017en\u00e9 pou\u017e\u00edvat p\u0159\u00edslu\u0161enstv\u00ed S-Pen stylus, pokud je kryt nasazen na telefonu. U S23 Ultra a S24 Ultra je probl\u00e9m vy\u0159e\u0161en.<\/p>\n<p>Kryt S25 nefunguje spr\u00e1vn\u011b s prvn\u00ed verz\u00ed na\u0161ich dr\u017e\u00e1k\u016f s bezdr\u00e1tov\u00fdm nab\u00edjen\u00edm. Pro spr\u00e1vnou funkci bezdr\u00e1tov\u00e9ho nab\u00edjen\u00ed je t\u0159eba na\u0161e dr\u017e\u00e1ky podporuj\u00edc\u00ed bezdr\u00e1tov\u00e9 nab\u00edjen\u00ed Qi2. [read more]<\/p>\n<p>Bezpe\u010dnost, tenkost, perfektn\u00ed \u00fachop a elegance - p\u0159iprav se na to, \u017ee v tomto krytu na telefon z\u00edsk\u00e1\u0161 v\u0161e, co si kdy cht\u011bl, a to bez kompromis\u016f.<\/p>\n<p>K dispozici tak\u00e9 proto telefony <a href=\"https:\/\/www.onefive.cz\/peakdesign\/produkt\/everyday-case\/\">iPhone<\/a>. Pro v\u0161echny ostatn\u00ed telefony pou\u017eij <a href=\"https:\/\/www.onefive.cz\/peakdesign\/produkt\/universal-adapter\/\">Universal Adapter<\/a>.[\/read]<\/p>\n","protected":false},"featured_media":109801,"template":"","meta":[],"product_brand":[],"product_cat":[25],"product_tag":[],"class_list":{"0":"post-103260","1":"product","2":"type-product","3":"status-publish","4":"has-post-thumbnail","6":"product_cat-mobile","8":"first","9":"instock","10":"taxable","11":"shipping-taxable","12":"purchasable","13":"product-type-variable","14":"has-default-attributes"},"yoast_head":"<!-- This site is optimized with the Yoast SEO plugin v27.5 - https:\/\/yoast.com\/product\/yoast-seo-wordpress\/ -->\n<title>Everyday Case pro Samsung - OneFive.cz - Prodejce Peak Design<\/title>\n<meta name=\"description\" content=\"Everyday Case\" \/>\n<meta name=\"robots\" content=\"index, follow, max-snippet:-1, max-image-preview:large, max-video-preview:-1\" \/>\n<link rel=\"canonical\" href=\"https:\/\/www.onefive.cz\/peakdesign\/produkt\/everyday-case-pro-samsung\/\" \/>\n<meta property=\"og:locale\" content=\"cs_CZ\" \/>\n<meta property=\"og:type\" content=\"article\" \/>\n<meta property=\"og:title\" content=\"Everyday Case pro Samsung - OneFive.cz - Prodejce Peak Design\" \/>\n<meta property=\"og:description\" content=\"Everyday Case\" \/>\n<meta property=\"og:url\" content=\"https:\/\/www.onefive.cz\/peakdesign\/produkt\/everyday-case-pro-samsung\/\" \/>\n<meta property=\"og:site_name\" content=\"OneFive.cz - Prodejce Peak Design\" \/>\n<meta property=\"article:modified_time\" content=\"2026-05-03T08:36:27+00:00\" \/>\n<meta property=\"og:image\" content=\"https:\/\/www.onefive.cz\/peakdesign\/wp-content\/uploads\/2021\/09\/1-LIGHTBOX-Case-Samsung-S22-Family.jpg\" \/>\n\t<meta property=\"og:image:width\" content=\"1024\" \/>\n\t<meta property=\"og:image:height\" content=\"1024\" \/>\n\t<meta property=\"og:image:type\" content=\"image\/jpeg\" \/>\n<meta name=\"twitter:card\" content=\"summary_large_image\" \/>\n<meta name=\"twitter:label1\" content=\"Odhadovan\u00e1 doba \u010dten\u00ed\" \/>\n\t<meta name=\"twitter:data1\" content=\"3 minuty\" \/>\n<script type=\"application\/ld+json\" class=\"yoast-schema-graph\">{\"@context\":\"https:\\\/\\\/schema.org\",\"@graph\":[{\"@type\":\"WebPage\",\"@id\":\"https:\\\/\\\/www.onefive.cz\\\/peakdesign\\\/produkt\\\/everyday-case-pro-samsung\\\/\",\"url\":\"https:\\\/\\\/www.onefive.cz\\\/peakdesign\\\/produkt\\\/everyday-case-pro-samsung\\\/\",\"name\":\"Everyday Case pro Samsung - OneFive.cz - Prodejce Peak Design\",\"isPartOf\":{\"@id\":\"https:\\\/\\\/www.onefive.cz\\\/peakdesign\\\/#website\"},\"primaryImageOfPage\":{\"@id\":\"https:\\\/\\\/www.onefive.cz\\\/peakdesign\\\/produkt\\\/everyday-case-pro-samsung\\\/#primaryimage\"},\"image\":{\"@id\":\"https:\\\/\\\/www.onefive.cz\\\/peakdesign\\\/produkt\\\/everyday-case-pro-samsung\\\/#primaryimage\"},\"thumbnailUrl\":\"https:\\\/\\\/www.onefive.cz\\\/peakdesign\\\/wp-content\\\/uploads\\\/2021\\\/09\\\/1-LIGHTBOX-Case-Samsung-S22-Family.jpg\",\"datePublished\":\"2021-09-13T09:40:33+00:00\",\"dateModified\":\"2026-05-03T08:36:27+00:00\",\"description\":\"Everyday Case\",\"breadcrumb\":{\"@id\":\"https:\\\/\\\/www.onefive.cz\\\/peakdesign\\\/produkt\\\/everyday-case-pro-samsung\\\/#breadcrumb\"},\"inLanguage\":\"cs\",\"potentialAction\":[{\"@type\":\"ReadAction\",\"target\":[\"https:\\\/\\\/www.onefive.cz\\\/peakdesign\\\/produkt\\\/everyday-case-pro-samsung\\\/\"]}]},{\"@type\":\"ImageObject\",\"inLanguage\":\"cs\",\"@id\":\"https:\\\/\\\/www.onefive.cz\\\/peakdesign\\\/produkt\\\/everyday-case-pro-samsung\\\/#primaryimage\",\"url\":\"https:\\\/\\\/www.onefive.cz\\\/peakdesign\\\/wp-content\\\/uploads\\\/2021\\\/09\\\/1-LIGHTBOX-Case-Samsung-S22-Family.jpg\",\"contentUrl\":\"https:\\\/\\\/www.onefive.cz\\\/peakdesign\\\/wp-content\\\/uploads\\\/2021\\\/09\\\/1-LIGHTBOX-Case-Samsung-S22-Family.jpg\",\"width\":1024,\"height\":1024},{\"@type\":\"BreadcrumbList\",\"@id\":\"https:\\\/\\\/www.onefive.cz\\\/peakdesign\\\/produkt\\\/everyday-case-pro-samsung\\\/#breadcrumb\",\"itemListElement\":[{\"@type\":\"ListItem\",\"position\":1,\"name\":\"Dom\u016f\",\"item\":\"https:\\\/\\\/www.onefive.cz\\\/peakdesign\\\/\"},{\"@type\":\"ListItem\",\"position\":2,\"name\":\"Shop\",\"item\":\"https:\\\/\\\/www.onefive.cz\\\/peakdesign\\\/shop\\\/\"},{\"@type\":\"ListItem\",\"position\":3,\"name\":\"Everyday Case pro Samsung\"}]},{\"@type\":\"WebSite\",\"@id\":\"https:\\\/\\\/www.onefive.cz\\\/peakdesign\\\/#website\",\"url\":\"https:\\\/\\\/www.onefive.cz\\\/peakdesign\\\/\",\"name\":\"OneFive.cz - Prodejce Peak Design\",\"description\":\"Kryty a dr\u017e\u00e1ky pro telefony, cestovn\u00ed a everyday batohy a ta\u0161ky, organiz\u00e9ry a fotop\u0159\u00edslu\u0161enstv\u00ed. Ultim\u00e1tn\u00ed v\u00fdbava pro ty, kte\u0159\u00ed vy\u017eaduj\u00ed to nejlep\u0161\u00ed.\",\"potentialAction\":[{\"@type\":\"SearchAction\",\"target\":{\"@type\":\"EntryPoint\",\"urlTemplate\":\"https:\\\/\\\/www.onefive.cz\\\/peakdesign\\\/?s={search_term_string}\"},\"query-input\":{\"@type\":\"PropertyValueSpecification\",\"valueRequired\":true,\"valueName\":\"search_term_string\"}}],\"inLanguage\":\"cs\"}]}<\/script>\n<!-- \/ Yoast SEO plugin. -->","yoast_head_json":{"title":"Everyday Case pro Samsung - OneFive.cz - Prodejce Peak Design","description":"Everyday Case","robots":{"index":"index","follow":"follow","max-snippet":"max-snippet:-1","max-image-preview":"max-image-preview:large","max-video-preview":"max-video-preview:-1"},"canonical":"https:\/\/www.onefive.cz\/peakdesign\/produkt\/everyday-case-pro-samsung\/","og_locale":"cs_CZ","og_type":"article","og_title":"Everyday Case pro Samsung - OneFive.cz - Prodejce Peak Design","og_description":"Everyday Case","og_url":"https:\/\/www.onefive.cz\/peakdesign\/produkt\/everyday-case-pro-samsung\/","og_site_name":"OneFive.cz - Prodejce Peak Design","article_modified_time":"2026-05-03T08:36:27+00:00","og_image":[{"width":1024,"height":1024,"url":"https:\/\/www.onefive.cz\/peakdesign\/wp-content\/uploads\/2021\/09\/1-LIGHTBOX-Case-Samsung-S22-Family.jpg","type":"image\/jpeg"}],"twitter_card":"summary_large_image","twitter_misc":{"Odhadovan\u00e1 doba \u010dten\u00ed":"3 minuty"},"schema":{"@context":"https:\/\/schema.org","@graph":[{"@type":"WebPage","@id":"https:\/\/www.onefive.cz\/peakdesign\/produkt\/everyday-case-pro-samsung\/","url":"https:\/\/www.onefive.cz\/peakdesign\/produkt\/everyday-case-pro-samsung\/","name":"Everyday Case pro Samsung - OneFive.cz - Prodejce Peak Design","isPartOf":{"@id":"https:\/\/www.onefive.cz\/peakdesign\/#website"},"primaryImageOfPage":{"@id":"https:\/\/www.onefive.cz\/peakdesign\/produkt\/everyday-case-pro-samsung\/#primaryimage"},"image":{"@id":"https:\/\/www.onefive.cz\/peakdesign\/produkt\/everyday-case-pro-samsung\/#primaryimage"},"thumbnailUrl":"https:\/\/www.onefive.cz\/peakdesign\/wp-content\/uploads\/2021\/09\/1-LIGHTBOX-Case-Samsung-S22-Family.jpg","datePublished":"2021-09-13T09:40:33+00:00","dateModified":"2026-05-03T08:36:27+00:00","description":"Everyday Case","breadcrumb":{"@id":"https:\/\/www.onefive.cz\/peakdesign\/produkt\/everyday-case-pro-samsung\/#breadcrumb"},"inLanguage":"cs","potentialAction":[{"@type":"ReadAction","target":["https:\/\/www.onefive.cz\/peakdesign\/produkt\/everyday-case-pro-samsung\/"]}]},{"@type":"ImageObject","inLanguage":"cs","@id":"https:\/\/www.onefive.cz\/peakdesign\/produkt\/everyday-case-pro-samsung\/#primaryimage","url":"https:\/\/www.onefive.cz\/peakdesign\/wp-content\/uploads\/2021\/09\/1-LIGHTBOX-Case-Samsung-S22-Family.jpg","contentUrl":"https:\/\/www.onefive.cz\/peakdesign\/wp-content\/uploads\/2021\/09\/1-LIGHTBOX-Case-Samsung-S22-Family.jpg","width":1024,"height":1024},{"@type":"BreadcrumbList","@id":"https:\/\/www.onefive.cz\/peakdesign\/produkt\/everyday-case-pro-samsung\/#breadcrumb","itemListElement":[{"@type":"ListItem","position":1,"name":"Dom\u016f","item":"https:\/\/www.onefive.cz\/peakdesign\/"},{"@type":"ListItem","position":2,"name":"Shop","item":"https:\/\/www.onefive.cz\/peakdesign\/shop\/"},{"@type":"ListItem","position":3,"name":"Everyday Case pro Samsung"}]},{"@type":"WebSite","@id":"https:\/\/www.onefive.cz\/peakdesign\/#website","url":"https:\/\/www.onefive.cz\/peakdesign\/","name":"OneFive.cz - Prodejce Peak Design","description":"Kryty a dr\u017e\u00e1ky pro telefony, cestovn\u00ed a everyday batohy a ta\u0161ky, organiz\u00e9ry a fotop\u0159\u00edslu\u0161enstv\u00ed. Ultim\u00e1tn\u00ed v\u00fdbava pro ty, kte\u0159\u00ed vy\u017eaduj\u00ed to nejlep\u0161\u00ed.","potentialAction":[{"@type":"SearchAction","target":{"@type":"EntryPoint","urlTemplate":"https:\/\/www.onefive.cz\/peakdesign\/?s={search_term_string}"},"query-input":{"@type":"PropertyValueSpecification","valueRequired":true,"valueName":"search_term_string"}}],"inLanguage":"cs"}]}},"_links":{"self":[{"href":"https:\/\/www.onefive.cz\/peakdesign\/wp-json\/wp\/v2\/product\/103260","targetHints":{"allow":["GET"]}}],"collection":[{"href":"https:\/\/www.onefive.cz\/peakdesign\/wp-json\/wp\/v2\/product"}],"about":[{"href":"https:\/\/www.onefive.cz\/peakdesign\/wp-json\/wp\/v2\/types\/product"}],"wp:featuredmedia":[{"embeddable":true,"href":"https:\/\/www.onefive.cz\/peakdesign\/wp-json\/wp\/v2\/media\/109801"}],"wp:attachment":[{"href":"https:\/\/www.onefive.cz\/peakdesign\/wp-json\/wp\/v2\/media?parent=103260"}],"wp:term":[{"taxonomy":"product_brand","embeddable":true,"href":"https:\/\/www.onefive.cz\/peakdesign\/wp-json\/wp\/v2\/product_brand?post=103260"},{"taxonomy":"product_cat","embeddable":true,"href":"https:\/\/www.onefive.cz\/peakdesign\/wp-json\/wp\/v2\/product_cat?post=103260"},{"taxonomy":"product_tag","embeddable":true,"href":"https:\/\/www.onefive.cz\/peakdesign\/wp-json\/wp\/v2\/product_tag?post=103260"}],"curies":[{"name":"wp","href":"https:\/\/api.w.org\/{rel}","templated":true}]}}