{"id":104973,"date":"2021-09-14T19:43:15","date_gmt":"2021-09-14T17:43:15","guid":{"rendered":"https:\/\/www.peakdesign.cz\/?post_type=product&#038;p=104973"},"modified":"2026-04-17T06:06:44","modified_gmt":"2026-04-17T04:06:44","slug":"ball-mount-adapter","status":"publish","type":"product","link":"https:\/\/www.onefive.cz\/peakdesign\/produkt\/ball-mount-adapter\/","title":{"rendered":"Ball Mount Adapter"},"content":{"rendered":"<div class='content-column one_half'><h2>Hlavn\u00ed rysy<\/h2>\n<p><strong>V\u00cdCE J\u00cdZDY, M\u00c9N\u011a ROZPTYLOV\u00c1N\u00cd<\/strong><\/p>\n<ul style=\"padding-left: 15px;\">\n<li>Objemn\u00fd a t\u011b\u017ekop\u00e1dn\u00fd dr\u017e\u00e1k telefonu na motorce je otravn\u00fd, rozptyluj\u00edc\u00ed a nebezpe\u010dn\u00fd. Dr\u017e\u00e1ky Peak Design pro motocykly maximalizuj\u00ed bezpe\u010dnost a pou\u017eitelnost tv\u00e9ho telefonu - to v\u0161e p\u0159i minim\u00e1ln\u00edch rozm\u011brech.<\/li>\n<li>Umo\u017e\u0148uje vylep\u0161it dr\u017e\u00e1k telefonu t\u0159et\u00ed strany o bezpe\u010dn\u00fd, elegantn\u00ed a snadno pou\u017eiteln\u00fd p\u0159ipev\u0148ovac\u00ed syst\u00e9m SlimLink\u2122 od Peak Design. Funguje s \u0159adou modul\u00e1rn\u00edch syst\u00e9m\u016f t\u0159et\u00edch stran pro mont\u00e1\u017e telefon\u016f - s jak\u00fdmkoli syst\u00e9mem, kter\u00fd vyu\u017e\u00edv\u00e1 kulov\u00e9 klouby o pr\u016fm\u011bru 1\".<\/li>\n<\/ul>\n<p><strong>DOKONAL\u00c9 SPOJEN\u00cd<\/strong><\/p>\n<ul style=\"padding-left: 15px;\">\n<li>Rychlost a bezpe\u010dnost vestav\u011bn\u00e9ho magneticko\/mechanick\u00e9ho z\u00e1mku (tzv. SlimLink\u2122) t\u011b naprosto okouzl\u00ed<\/li>\n<li>Intuitivn\u00ed upevn\u011bn\u00ed a odejmut\u00ed telefonu jednou rukou bez nutnosti pohledu<\/li>\n<li>Telefon pevn\u011b dr\u017e\u00ed na m\u00edst\u011b, ale je p\u0159\u00edstupn\u00fd stisknut\u00edm tla\u010d\u00edtka<\/li>\n<li>Dostate\u010dn\u011b robustn\u00ed pro tvou ka\u017edou j\u00edzdu<\/li>\n<li>Snadn\u00e9 upevn\u011bn\u00ed a odejmut\u00ed telefonu i v rukavic\u00edch<\/li>\n<\/ul>\n<p><strong>VYDR\u017d\u00cd ROKY<\/strong><\/p>\n<ul style=\"padding-left: 15px;\">\n<li>D\u00edky pr\u00e9miov\u00fdm materi\u00e1l\u016fm a pevn\u00e9 konstrukci ti tento dr\u017e\u00e1k bude slou\u017eit mnoho let a p\u0159e\u017eije mnoho telefon\u016f<\/li>\n<li>Do\u017eivotn\u00ed z\u00e1ruka, stejn\u011b jako u v\u0161ech produkt\u016f Peak Design<\/li>\n<\/ul>\n<p><strong>MAXIM\u00c1LN\u00cd OCHRANA PROTI VIBRAC\u00cdM<\/strong><\/p>\n<ul style=\"padding-left: 15px;\">\n<li>Nejlep\u0161\u00ed tlumi\u010d vibrac\u00ed ve sv\u00e9 t\u0159\u00edd\u011b zabra\u0148uje po\u0161kozen\u00ed choulostiv\u00fdch sou\u010d\u00e1st\u00ed telefonu<\/li>\n<li><a href=\"https:\/\/www.peakdesign.cz\/tlumeni-vibraci-drzaky-na-motorku-peak-design\/\">Testov\u00e1no<\/a> tis\u00edce kilometr\u016f v r\u016fzn\u00fdch ter\u00e9nech, na r\u016fzn\u00fdch motocyklech a s r\u016fzn\u00fdmi modely telefon\u016f<\/li>\n<\/ul>\n<p><strong>UNIVERZ\u00c1LN\u00cd MO\u017dNOSTI MONT\u00c1\u017dE<\/strong><\/p>\n<ul style=\"padding-left: 15px;\">\n<li>Dr\u017e\u00ed telefon v re\u017eimu na v\u00fd\u0161ku nebo na \u0161\u00ed\u0159ku<\/li>\n<\/ul>\n<p><strong>KOMPATIBILITA S TELEFONY\/KRYTY<\/strong><\/p>\n<ul style=\"padding-left: 15px;\">\n<li>Vy\u017eaduje pou\u017eit\u00ed <a href=\"https:\/\/www.onefive.cz\/peakdesign\/produkt\/everyday-case\/\">krytu Peak Design<\/a> nebo <a href=\"https:\/\/www.onefive.cz\/peakdesign\/produkt\/universal-adapter\/\">univerz\u00e1ln\u00edho adapt\u00e9ru<\/a><\/li>\n<\/ul>\n<p><strong>KOMPATIBILITA S \u0158\u00cdD\u00cdTKY\/MOTOCYKLY<\/strong><\/p>\n<ul style=\"padding-left: 15px;\">\n<li>Vy\u017eaduje dr\u017e\u00e1k telefonu t\u0159et\u00ed strany, kter\u00fd vyu\u017e\u00edv\u00e1 1\" kulov\u00e9 p\u0159ipojovac\u00ed klouby (v prodeji samostatn\u011b).<\/li>\n<\/ul>\n<p>*Qi2 nab\u00edz\u00ed pouze nov\u00fd model V2<\/p><\/div>\n<div class='content-column one_half last_column'><h2>Video<\/h2>\n<p><iframe loading=\"lazy\" title=\"Meet The Peak Design Locking Ball Adapter for Mobile, with Max\" width=\"500\" height=\"281\" src=\"https:\/\/www.youtube.com\/embed\/sPv9-rXnPZA?feature=oembed&enablejsapi=1&origin=https:\/\/www.onefive.cz\" frameborder=\"0\" allow=\"accelerometer; autoplay; clipboard-write; encrypted-media; gyroscope; picture-in-picture; web-share\" referrerpolicy=\"strict-origin-when-cross-origin\" allowfullscreen><\/iframe><br \/>\n<iframe loading=\"lazy\" title=\"Meet The Peak Design Charging Ball Adapter for Mobile with Adrienne\" width=\"500\" height=\"281\" src=\"https:\/\/www.youtube.com\/embed\/gR7JUk2Ofgw?feature=oembed&enablejsapi=1&origin=https:\/\/www.onefive.cz\" frameborder=\"0\" allow=\"accelerometer; autoplay; clipboard-write; encrypted-media; gyroscope; picture-in-picture; web-share\" referrerpolicy=\"strict-origin-when-cross-origin\" allowfullscreen><\/iframe><\/p>\n<h2 style=\"padding-top: 15px;\">Specifikace<\/h2>\n<p><strong>Rozm\u011bry<\/strong><br \/>\nHlava dr\u017e\u00e1ku: 5,3 cm x 5,3 cm x 1,39 cm<br \/>\nKulov\u00fd konektor: pr\u016fm\u011br 1\" (25,4 mm)<\/p>\n<p><strong>Hmotnost<\/strong><br \/>\n83 g<\/p>\n<p><strong>Materi\u00e1ly<\/strong><br \/>\nObr\u00e1b\u011bn\u00e1\/anodizovan\u00e1 hlin\u00edkov\u00e1 hlava dr\u017e\u00e1ku<br \/>\nPry\u017eov\u00e1 koule\/rameno z EPDM s pevn\u00fdm hlin\u00edkov\u00fdm j\u00e1drem<br \/>\nP\u0159ilnav\u00e1 silikonov\u00e1 mont\u00e1\u017en\u00ed podlo\u017eka s UV stabiliz\u00e1torem Tinuvin 770<br \/>\nSilikonov\u00e9 tlumi\u010de vibrac\u00ed<br \/>\nVysokoteplotn\u00ed neodymov\u00e9 magnety<\/p>\n<p><strong>Z\u00e1ruka<\/strong>: Do\u017eivotn\u00ed<\/p>\n<h2>Obsah balen\u00ed<\/h2>\n<p><img decoding=\"async\" class=\"alignnone size-full\" src=\"https:\/\/www.peakdesign.cz\/wp-content\/uploads\/2021\/09\/3-WITB-Ball-Adapters-v3.jpg\" alt=\"\" width=\"450\" \/><\/p>\n<ul style=\"padding-left: 15px; padding-bottom: 15px;\">\n<li>1. 1\" nebo 20mm Ball Adapter<\/li>\n<li>2. 3x Klipy pro veden\u00ed nab\u00edjec\u00edho kabelu<\/li>\n<li>3. 1x 1m nap\u00e1jec\u00ed kabel (USB-C na USB-C)<\/li>\n<li>4. 1x Adapt\u00e9r do zapalova\u010de cigaret (pouze u verze V1 (Qi1))<\/li>\n<\/ul><\/div><div class='clear_column'><\/div>\n","protected":false},"excerpt":{"rendered":"<p>Adapt\u00e9r pro dr\u017e\u00e1ky s kulov\u00fdm kloubem od jin\u00fdch v\u00fdrobc\u016f.<\/p>\n<p>Tyto adapt\u00e9ry jsou ide\u00e1ln\u00ed pro motocykly, automobily, n\u00e1kladn\u00ed automobily, \u010dty\u0159kolky, ter\u00e9nn\u00ed auta, lod\u011b, letadla a invalidn\u00ed voz\u00edky a umo\u017e\u0148uj\u00ed vylep\u0161it dr\u017e\u00e1k telefonu t\u0159et\u00ed strany o pevn\u00fd, n\u00edzkoprofilov\u00fd a snadno pou\u017eiteln\u00fd p\u0159ipev\u0148ovac\u00ed syst\u00e9m SlimLink\u2122 od Peak Design. Funguje s celou \u0159adou modul\u00e1rn\u00edch syst\u00e9m\u016f pro mont\u00e1\u017e telefon\u016f t\u0159et\u00edch stran - konkr\u00e9tn\u011b s t\u011bmi, kter\u00e9 vyu\u017e\u00edvaj\u00ed kulov\u00e9 klouby o pr\u016fm\u011bru 1\" nebo 20 mm. Tyto syst\u00e9my t\u0159et\u00edch stran umo\u017e\u0148uj\u00ed t\u00e9m\u011b\u0159 nekone\u010dnou \u0161k\u00e1lu konfigurac\u00ed mont\u00e1\u017ee telefon\u016f. Adapt\u00e9ry Peak Design Ball Mount Adapter roz\u0161i\u0159uj\u00ed tv\u016fj syst\u00e9m o brilantn\u011b rychlou a bezpe\u010dnou mont\u00e1\u017e telefonu. Konstrukce z obr\u00e1b\u011bn\u00e9ho\/anodizovan\u00e9ho hlin\u00edku odoln\u00e1 proti pov\u011btrnostn\u00edm vliv\u016fm s upev\u0148ovac\u00edmi prvky z nerezov\u00e9 oceli, kter\u00e1 je ide\u00e1ln\u00ed pro uzamykateln\u00fd kulov\u00fd dr\u017e\u00e1k a v\u0161echna offroad a outdoor dobrodru\u017estv\u00ed, na kter\u00e1 se vyd\u00e1\u0161.<\/p>\n<p>Vyber si ze 2 typ\u016f dr\u017e\u00e1ku - zamykac\u00edho nebo nab\u00edjec\u00edho v nov\u00e9 verzi s bezdr\u00e1tov\u00fdm nab\u00edjen\u00edm Qi2*. Zamykac\u00ed dr\u017e\u00e1ky jsou bezpe\u010dn\u011bj\u0161\u00ed, jsou vybaveny tla\u010d\u00edtkem pro uvoln\u011bn\u00ed telefonu a jsou vhodn\u00e9 pro venkovn\u00ed pou\u017eit\u00ed (motocykly, ter\u00e9nn\u00ed motocykly, \u010dty\u0159kolky, lod\u011b). Zamykac\u00ed dr\u017e\u00e1ky jsou vybaveny <a href=\"https:\/\/www.onefive.cz\/peakdesign\/tlumeni-vibraci-drzaky-na-motorku-peak-design\/\">nejlep\u0161\u00edm tlumi\u010dem vibrac\u00ed<\/a> ve sv\u00e9 t\u0159\u00edd\u011b, kter\u00fd zabra\u0148uje po\u0161kozen\u00ed telefonu. Nab\u00edjec\u00ed dr\u017e\u00e1ky dr\u017e\u00ed telefon magneticky a umo\u017e\u0148uj\u00ed okam\u017eit\u00e9 bezdr\u00e1tov\u00e9 nab\u00edjen\u00ed. Jsou vhodn\u00e9 pro v\u0161echna vozidla s uzav\u0159enou kabinou (osobn\u00ed a n\u00e1kladn\u00ed automobily, letadla) a zvl\u00e1dnou i ty nejn\u00e1ro\u010dn\u011bj\u0161\u00ed ter\u00e9nn\u00ed trasy. Nab\u00edjec\u00ed dr\u017e\u00e1ky Qi2* dr\u017e\u00ed v\u00e1\u0161 telefon magneticky a poskytuj\u00ed nejrychlej\u0161\u00ed bezdr\u00e1tov\u00e9 nab\u00edjen\u00ed ve sv\u00e9 t\u0159\u00edd\u011b pro za\u0159\u00edzen\u00ed s podporou Qi2*. Jsou vhodn\u00e9 pro jak\u00e9koli vozidlo s uzav\u0159enou kabinou (auta, n\u00e1kladn\u00ed auta, letadla) a zvl\u00e1dnou i ty nejn\u00e1ro\u010dn\u011bj\u0161\u00ed ter\u00e9nn\u00ed trasy. Nab\u00edjec\u00ed dr\u017e\u00e1ky Qi2* jsou tak\u00e9 kompatibiln\u00ed s MagSafe. [read more]<\/p>\n<p>Vy\u017eaduje dr\u017e\u00e1k telefonu t\u0159et\u00ed strany, kter\u00fd vyu\u017e\u00edv\u00e1 1\" (jako RAM) nebo 20mm (jako Offroam, Tackform, 67 Designs) kulov\u00e9 p\u0159ipojovac\u00ed klouby (prod\u00e1v\u00e1 se samostatn\u011b). Uzamykateln\u00e9 dr\u017e\u00e1ky vy\u017eaduj\u00ed kryt Peak Design <a href=\"https:\/\/www.onefive.cz\/peakdesign\/produkt\/everyday-case\/\">Everyday Case<\/a> nebo adapt\u00e9r <a href=\"https:\/\/www.onefive.cz\/peakdesign\/produkt\/universal-adapter\/\">Universal Adapter<\/a>.[\/read]<\/p>\n","protected":false},"featured_media":104974,"template":"","meta":[],"product_brand":[],"product_cat":[25],"product_tag":[],"class_list":{"0":"post-104973","1":"product","2":"type-product","3":"status-publish","4":"has-post-thumbnail","6":"product_cat-mobile","8":"first","9":"instock","10":"taxable","11":"shipping-taxable","12":"purchasable","13":"product-type-variable"},"yoast_head":"<!-- This site is optimized with the Yoast SEO plugin v27.4 - https:\/\/yoast.com\/product\/yoast-seo-wordpress\/ -->\n<title>Ball Mount Adapter - OneFive.cz - Prodejce Peak Design<\/title>\n<meta name=\"description\" content=\"Ball Adapter - adapt\u00e9r pro dr\u017e\u00e1ky telefon\u016f s kulov\u00fdm kloubem od jin\u00fdch v\u00fdrobc\u016f\" \/>\n<meta name=\"robots\" content=\"index, follow, max-snippet:-1, max-image-preview:large, max-video-preview:-1\" \/>\n<link rel=\"canonical\" href=\"https:\/\/www.onefive.cz\/peakdesign\/produkt\/ball-mount-adapter\/\" \/>\n<meta property=\"og:locale\" content=\"cs_CZ\" \/>\n<meta property=\"og:type\" content=\"article\" \/>\n<meta property=\"og:title\" content=\"Ball Mount Adapter - OneFive.cz - Prodejce Peak Design\" \/>\n<meta property=\"og:description\" content=\"Ball Adapter - adapt\u00e9r pro dr\u017e\u00e1ky telefon\u016f s kulov\u00fdm kloubem od jin\u00fdch v\u00fdrobc\u016f\" \/>\n<meta property=\"og:url\" content=\"https:\/\/www.onefive.cz\/peakdesign\/produkt\/ball-mount-adapter\/\" \/>\n<meta property=\"og:site_name\" content=\"OneFive.cz - Prodejce Peak Design\" \/>\n<meta property=\"article:modified_time\" content=\"2026-04-17T04:06:44+00:00\" \/>\n<meta property=\"og:image\" content=\"https:\/\/www.onefive.cz\/peakdesign\/wp-content\/uploads\/2022\/07\/1ball.jpg\" \/>\n\t<meta property=\"og:image:width\" content=\"1024\" \/>\n\t<meta property=\"og:image:height\" content=\"1024\" \/>\n\t<meta property=\"og:image:type\" content=\"image\/jpeg\" \/>\n<meta name=\"twitter:card\" content=\"summary_large_image\" \/>\n<meta name=\"twitter:label1\" content=\"Odhadovan\u00e1 doba \u010dten\u00ed\" \/>\n\t<meta name=\"twitter:data1\" content=\"3 minuty\" \/>\n<script type=\"application\/ld+json\" class=\"yoast-schema-graph\">{\"@context\":\"https:\\\/\\\/schema.org\",\"@graph\":[{\"@type\":\"WebPage\",\"@id\":\"https:\\\/\\\/www.onefive.cz\\\/peakdesign\\\/produkt\\\/ball-mount-adapter\\\/\",\"url\":\"https:\\\/\\\/www.onefive.cz\\\/peakdesign\\\/produkt\\\/ball-mount-adapter\\\/\",\"name\":\"Ball Mount Adapter - OneFive.cz - Prodejce Peak Design\",\"isPartOf\":{\"@id\":\"https:\\\/\\\/www.onefive.cz\\\/peakdesign\\\/#website\"},\"primaryImageOfPage\":{\"@id\":\"https:\\\/\\\/www.onefive.cz\\\/peakdesign\\\/produkt\\\/ball-mount-adapter\\\/#primaryimage\"},\"image\":{\"@id\":\"https:\\\/\\\/www.onefive.cz\\\/peakdesign\\\/produkt\\\/ball-mount-adapter\\\/#primaryimage\"},\"thumbnailUrl\":\"https:\\\/\\\/www.onefive.cz\\\/peakdesign\\\/wp-content\\\/uploads\\\/2022\\\/07\\\/1ball.jpg\",\"datePublished\":\"2021-09-14T17:43:15+00:00\",\"dateModified\":\"2026-04-17T04:06:44+00:00\",\"description\":\"Ball Adapter - adapt\u00e9r pro dr\u017e\u00e1ky telefon\u016f s kulov\u00fdm kloubem od jin\u00fdch v\u00fdrobc\u016f\",\"breadcrumb\":{\"@id\":\"https:\\\/\\\/www.onefive.cz\\\/peakdesign\\\/produkt\\\/ball-mount-adapter\\\/#breadcrumb\"},\"inLanguage\":\"cs\",\"potentialAction\":[{\"@type\":\"ReadAction\",\"target\":[\"https:\\\/\\\/www.onefive.cz\\\/peakdesign\\\/produkt\\\/ball-mount-adapter\\\/\"]}]},{\"@type\":\"ImageObject\",\"inLanguage\":\"cs\",\"@id\":\"https:\\\/\\\/www.onefive.cz\\\/peakdesign\\\/produkt\\\/ball-mount-adapter\\\/#primaryimage\",\"url\":\"https:\\\/\\\/www.onefive.cz\\\/peakdesign\\\/wp-content\\\/uploads\\\/2022\\\/07\\\/1ball.jpg\",\"contentUrl\":\"https:\\\/\\\/www.onefive.cz\\\/peakdesign\\\/wp-content\\\/uploads\\\/2022\\\/07\\\/1ball.jpg\",\"width\":1024,\"height\":1024},{\"@type\":\"BreadcrumbList\",\"@id\":\"https:\\\/\\\/www.onefive.cz\\\/peakdesign\\\/produkt\\\/ball-mount-adapter\\\/#breadcrumb\",\"itemListElement\":[{\"@type\":\"ListItem\",\"position\":1,\"name\":\"Dom\u016f\",\"item\":\"https:\\\/\\\/www.onefive.cz\\\/peakdesign\\\/\"},{\"@type\":\"ListItem\",\"position\":2,\"name\":\"Shop\",\"item\":\"https:\\\/\\\/www.onefive.cz\\\/peakdesign\\\/shop\\\/\"},{\"@type\":\"ListItem\",\"position\":3,\"name\":\"Ball Mount Adapter\"}]},{\"@type\":\"WebSite\",\"@id\":\"https:\\\/\\\/www.onefive.cz\\\/peakdesign\\\/#website\",\"url\":\"https:\\\/\\\/www.onefive.cz\\\/peakdesign\\\/\",\"name\":\"OneFive.cz - Prodejce Peak Design\",\"description\":\"Kryty a dr\u017e\u00e1ky pro telefony, cestovn\u00ed a everyday batohy a ta\u0161ky, organiz\u00e9ry a fotop\u0159\u00edslu\u0161enstv\u00ed. Ultim\u00e1tn\u00ed v\u00fdbava pro ty, kte\u0159\u00ed vy\u017eaduj\u00ed to nejlep\u0161\u00ed.\",\"potentialAction\":[{\"@type\":\"SearchAction\",\"target\":{\"@type\":\"EntryPoint\",\"urlTemplate\":\"https:\\\/\\\/www.onefive.cz\\\/peakdesign\\\/?s={search_term_string}\"},\"query-input\":{\"@type\":\"PropertyValueSpecification\",\"valueRequired\":true,\"valueName\":\"search_term_string\"}}],\"inLanguage\":\"cs\"}]}<\/script>\n<!-- \/ Yoast SEO plugin. -->","yoast_head_json":{"title":"Ball Mount Adapter - OneFive.cz - Prodejce Peak Design","description":"Ball Adapter - adapt\u00e9r pro dr\u017e\u00e1ky telefon\u016f s kulov\u00fdm kloubem od jin\u00fdch v\u00fdrobc\u016f","robots":{"index":"index","follow":"follow","max-snippet":"max-snippet:-1","max-image-preview":"max-image-preview:large","max-video-preview":"max-video-preview:-1"},"canonical":"https:\/\/www.onefive.cz\/peakdesign\/produkt\/ball-mount-adapter\/","og_locale":"cs_CZ","og_type":"article","og_title":"Ball Mount Adapter - OneFive.cz - Prodejce Peak Design","og_description":"Ball Adapter - adapt\u00e9r pro dr\u017e\u00e1ky telefon\u016f s kulov\u00fdm kloubem od jin\u00fdch v\u00fdrobc\u016f","og_url":"https:\/\/www.onefive.cz\/peakdesign\/produkt\/ball-mount-adapter\/","og_site_name":"OneFive.cz - Prodejce Peak Design","article_modified_time":"2026-04-17T04:06:44+00:00","og_image":[{"width":1024,"height":1024,"url":"https:\/\/www.onefive.cz\/peakdesign\/wp-content\/uploads\/2022\/07\/1ball.jpg","type":"image\/jpeg"}],"twitter_card":"summary_large_image","twitter_misc":{"Odhadovan\u00e1 doba \u010dten\u00ed":"3 minuty"},"schema":{"@context":"https:\/\/schema.org","@graph":[{"@type":"WebPage","@id":"https:\/\/www.onefive.cz\/peakdesign\/produkt\/ball-mount-adapter\/","url":"https:\/\/www.onefive.cz\/peakdesign\/produkt\/ball-mount-adapter\/","name":"Ball Mount Adapter - OneFive.cz - Prodejce Peak Design","isPartOf":{"@id":"https:\/\/www.onefive.cz\/peakdesign\/#website"},"primaryImageOfPage":{"@id":"https:\/\/www.onefive.cz\/peakdesign\/produkt\/ball-mount-adapter\/#primaryimage"},"image":{"@id":"https:\/\/www.onefive.cz\/peakdesign\/produkt\/ball-mount-adapter\/#primaryimage"},"thumbnailUrl":"https:\/\/www.onefive.cz\/peakdesign\/wp-content\/uploads\/2022\/07\/1ball.jpg","datePublished":"2021-09-14T17:43:15+00:00","dateModified":"2026-04-17T04:06:44+00:00","description":"Ball Adapter - adapt\u00e9r pro dr\u017e\u00e1ky telefon\u016f s kulov\u00fdm kloubem od jin\u00fdch v\u00fdrobc\u016f","breadcrumb":{"@id":"https:\/\/www.onefive.cz\/peakdesign\/produkt\/ball-mount-adapter\/#breadcrumb"},"inLanguage":"cs","potentialAction":[{"@type":"ReadAction","target":["https:\/\/www.onefive.cz\/peakdesign\/produkt\/ball-mount-adapter\/"]}]},{"@type":"ImageObject","inLanguage":"cs","@id":"https:\/\/www.onefive.cz\/peakdesign\/produkt\/ball-mount-adapter\/#primaryimage","url":"https:\/\/www.onefive.cz\/peakdesign\/wp-content\/uploads\/2022\/07\/1ball.jpg","contentUrl":"https:\/\/www.onefive.cz\/peakdesign\/wp-content\/uploads\/2022\/07\/1ball.jpg","width":1024,"height":1024},{"@type":"BreadcrumbList","@id":"https:\/\/www.onefive.cz\/peakdesign\/produkt\/ball-mount-adapter\/#breadcrumb","itemListElement":[{"@type":"ListItem","position":1,"name":"Dom\u016f","item":"https:\/\/www.onefive.cz\/peakdesign\/"},{"@type":"ListItem","position":2,"name":"Shop","item":"https:\/\/www.onefive.cz\/peakdesign\/shop\/"},{"@type":"ListItem","position":3,"name":"Ball Mount Adapter"}]},{"@type":"WebSite","@id":"https:\/\/www.onefive.cz\/peakdesign\/#website","url":"https:\/\/www.onefive.cz\/peakdesign\/","name":"OneFive.cz - Prodejce Peak Design","description":"Kryty a dr\u017e\u00e1ky pro telefony, cestovn\u00ed a everyday batohy a ta\u0161ky, organiz\u00e9ry a fotop\u0159\u00edslu\u0161enstv\u00ed. Ultim\u00e1tn\u00ed v\u00fdbava pro ty, kte\u0159\u00ed vy\u017eaduj\u00ed to nejlep\u0161\u00ed.","potentialAction":[{"@type":"SearchAction","target":{"@type":"EntryPoint","urlTemplate":"https:\/\/www.onefive.cz\/peakdesign\/?s={search_term_string}"},"query-input":{"@type":"PropertyValueSpecification","valueRequired":true,"valueName":"search_term_string"}}],"inLanguage":"cs"}]}},"_links":{"self":[{"href":"https:\/\/www.onefive.cz\/peakdesign\/wp-json\/wp\/v2\/product\/104973","targetHints":{"allow":["GET"]}}],"collection":[{"href":"https:\/\/www.onefive.cz\/peakdesign\/wp-json\/wp\/v2\/product"}],"about":[{"href":"https:\/\/www.onefive.cz\/peakdesign\/wp-json\/wp\/v2\/types\/product"}],"wp:featuredmedia":[{"embeddable":true,"href":"https:\/\/www.onefive.cz\/peakdesign\/wp-json\/wp\/v2\/media\/104974"}],"wp:attachment":[{"href":"https:\/\/www.onefive.cz\/peakdesign\/wp-json\/wp\/v2\/media?parent=104973"}],"wp:term":[{"taxonomy":"product_brand","embeddable":true,"href":"https:\/\/www.onefive.cz\/peakdesign\/wp-json\/wp\/v2\/product_brand?post=104973"},{"taxonomy":"product_cat","embeddable":true,"href":"https:\/\/www.onefive.cz\/peakdesign\/wp-json\/wp\/v2\/product_cat?post=104973"},{"taxonomy":"product_tag","embeddable":true,"href":"https:\/\/www.onefive.cz\/peakdesign\/wp-json\/wp\/v2\/product_tag?post=104973"}],"curies":[{"name":"wp","href":"https:\/\/api.w.org\/{rel}","templated":true}]}}