{"id":105552,"date":"2022-09-17T14:56:14","date_gmt":"2022-09-17T12:56:14","guid":{"rendered":"https:\/\/www.peakdesign.cz\/?post_type=product&#038;p=105552"},"modified":"2026-04-17T07:05:27","modified_gmt":"2026-04-17T05:05:27","slug":"wall-mount-adhesive-set","status":"publish","type":"product","link":"https:\/\/www.onefive.cz\/peakdesign\/produkt\/wall-mount-adhesive-set\/","title":{"rendered":"Wall Mount - Adhesive Set"},"content":{"rendered":"<div class='content-column one_half'><h2>Hlavn\u00ed rysy<\/h2><\/div>\n<div class='content-column one_half last_column'><h2>Specifikace<\/h2>\n<p><strong>Hmotnost<\/strong><\/p>\n<p><strong>Z\u00e1ruka<\/strong>: Do\u017eivotn\u00ed<\/p>\n<h2>Obsah balen\u00ed<\/h2><\/div><div class='clear_column'><\/div>\n","protected":false},"excerpt":{"rendered":"<p>Sada obsahuje 2 n\u00e1hradn\u00ed lepic\u00ed podlo\u017eky pro zm\u011bnu um\u00edst\u011bn\u00ed\/opakovanou mont\u00e1\u017e dr\u017e\u00e1ku <a href=\"https:\/\/www.onefive.cz\/peakdesign\/produkt\/wall-mount\/\">Wall Mount<\/a>. Obsahuje tak\u00e9 2 ubrousky pro odma\u0161t\u011bn\u00ed povrchu p\u0159ed instalac\u00ed.<\/p>\n","protected":false},"featured_media":105554,"template":"","meta":[],"product_brand":[],"product_cat":[25],"product_tag":[],"class_list":{"0":"post-105552","1":"product","2":"type-product","3":"status-publish","4":"has-post-thumbnail","6":"product_cat-mobile","8":"first","9":"instock","10":"taxable","11":"shipping-taxable","12":"purchasable","13":"product-type-simple"},"yoast_head":"<!-- This site is optimized with the Yoast SEO plugin v27.4 - https:\/\/yoast.com\/product\/yoast-seo-wordpress\/ -->\n<title>Wall Mount - Adhesive Set - OneFive.cz - Prodejce Peak Design<\/title>\n<meta name=\"description\" content=\"S\u00ed\u0165ov\u00fd nap\u00e1jec\u00ed adapt\u00e9r USB-C\" \/>\n<meta name=\"robots\" content=\"index, follow, max-snippet:-1, max-image-preview:large, max-video-preview:-1\" \/>\n<link rel=\"canonical\" href=\"https:\/\/www.onefive.cz\/peakdesign\/produkt\/wall-mount-adhesive-set\/\" \/>\n<meta property=\"og:locale\" content=\"cs_CZ\" \/>\n<meta property=\"og:type\" content=\"article\" \/>\n<meta property=\"og:title\" content=\"S\u00ed\u0165ov\u00fd nap\u00e1jec\u00ed adapt\u00e9r USB-C\" \/>\n<meta property=\"og:description\" content=\"S\u00ed\u0165ov\u00fd nap\u00e1jec\u00ed adapt\u00e9r USB-C\" \/>\n<meta property=\"og:url\" content=\"https:\/\/www.onefive.cz\/peakdesign\/produkt\/wall-mount-adhesive-set\/\" \/>\n<meta property=\"og:site_name\" content=\"OneFive.cz - Prodejce Peak Design\" \/>\n<meta property=\"article:modified_time\" content=\"2026-04-17T05:05:27+00:00\" \/>\n<meta property=\"og:image\" content=\"https:\/\/www.onefive.cz\/peakdesign\/wp-content\/uploads\/2022\/02\/wall-power-adapter-eu-HERO.jpg\" \/>\n\t<meta property=\"og:image:width\" content=\"1024\" \/>\n\t<meta property=\"og:image:height\" content=\"1024\" \/>\n\t<meta property=\"og:image:type\" content=\"image\/jpeg\" \/>\n<meta name=\"twitter:card\" content=\"summary_large_image\" \/>\n<meta name=\"twitter:title\" content=\"S\u00ed\u0165ov\u00fd nap\u00e1jec\u00ed adapt\u00e9r USB-C\" \/>\n<meta name=\"twitter:description\" content=\"S\u00ed\u0165ov\u00fd nap\u00e1jec\u00ed adapt\u00e9r USB-C\" \/>\n<meta name=\"twitter:image\" content=\"https:\/\/www.onefive.cz\/peakdesign\/wp-content\/uploads\/2022\/02\/wall-power-adapter-eu-HERO.jpg\" \/>\n<meta name=\"twitter:label1\" content=\"Odhadovan\u00e1 doba \u010dten\u00ed\" \/>\n\t<meta name=\"twitter:data1\" content=\"1 minuta\" \/>\n<script type=\"application\/ld+json\" class=\"yoast-schema-graph\">{\"@context\":\"https:\\\/\\\/schema.org\",\"@graph\":[{\"@type\":\"WebPage\",\"@id\":\"https:\\\/\\\/www.onefive.cz\\\/peakdesign\\\/produkt\\\/wall-mount-adhesive-set\\\/\",\"url\":\"https:\\\/\\\/www.onefive.cz\\\/peakdesign\\\/produkt\\\/wall-mount-adhesive-set\\\/\",\"name\":\"Wall Mount - Adhesive Set - OneFive.cz - Prodejce Peak Design\",\"isPartOf\":{\"@id\":\"https:\\\/\\\/www.onefive.cz\\\/peakdesign\\\/#website\"},\"primaryImageOfPage\":{\"@id\":\"https:\\\/\\\/www.onefive.cz\\\/peakdesign\\\/produkt\\\/wall-mount-adhesive-set\\\/#primaryimage\"},\"image\":{\"@id\":\"https:\\\/\\\/www.onefive.cz\\\/peakdesign\\\/produkt\\\/wall-mount-adhesive-set\\\/#primaryimage\"},\"thumbnailUrl\":\"https:\\\/\\\/www.onefive.cz\\\/peakdesign\\\/wp-content\\\/uploads\\\/2022\\\/09\\\/1-LIGHTBOX-WallMountAdhesiveSet.jpeg\",\"datePublished\":\"2022-09-17T12:56:14+00:00\",\"dateModified\":\"2026-04-17T05:05:27+00:00\",\"description\":\"S\u00ed\u0165ov\u00fd nap\u00e1jec\u00ed adapt\u00e9r USB-C\",\"breadcrumb\":{\"@id\":\"https:\\\/\\\/www.onefive.cz\\\/peakdesign\\\/produkt\\\/wall-mount-adhesive-set\\\/#breadcrumb\"},\"inLanguage\":\"cs\",\"potentialAction\":[{\"@type\":\"ReadAction\",\"target\":[\"https:\\\/\\\/www.onefive.cz\\\/peakdesign\\\/produkt\\\/wall-mount-adhesive-set\\\/\"]}]},{\"@type\":\"ImageObject\",\"inLanguage\":\"cs\",\"@id\":\"https:\\\/\\\/www.onefive.cz\\\/peakdesign\\\/produkt\\\/wall-mount-adhesive-set\\\/#primaryimage\",\"url\":\"https:\\\/\\\/www.onefive.cz\\\/peakdesign\\\/wp-content\\\/uploads\\\/2022\\\/09\\\/1-LIGHTBOX-WallMountAdhesiveSet.jpeg\",\"contentUrl\":\"https:\\\/\\\/www.onefive.cz\\\/peakdesign\\\/wp-content\\\/uploads\\\/2022\\\/09\\\/1-LIGHTBOX-WallMountAdhesiveSet.jpeg\",\"width\":1024,\"height\":1024},{\"@type\":\"BreadcrumbList\",\"@id\":\"https:\\\/\\\/www.onefive.cz\\\/peakdesign\\\/produkt\\\/wall-mount-adhesive-set\\\/#breadcrumb\",\"itemListElement\":[{\"@type\":\"ListItem\",\"position\":1,\"name\":\"Dom\u016f\",\"item\":\"https:\\\/\\\/www.onefive.cz\\\/peakdesign\\\/\"},{\"@type\":\"ListItem\",\"position\":2,\"name\":\"Shop\",\"item\":\"https:\\\/\\\/www.onefive.cz\\\/peakdesign\\\/shop\\\/\"},{\"@type\":\"ListItem\",\"position\":3,\"name\":\"Wall Mount - Adhesive Set\"}]},{\"@type\":\"WebSite\",\"@id\":\"https:\\\/\\\/www.onefive.cz\\\/peakdesign\\\/#website\",\"url\":\"https:\\\/\\\/www.onefive.cz\\\/peakdesign\\\/\",\"name\":\"OneFive.cz - Prodejce Peak Design\",\"description\":\"Kryty a dr\u017e\u00e1ky pro telefony, cestovn\u00ed a everyday batohy a ta\u0161ky, organiz\u00e9ry a fotop\u0159\u00edslu\u0161enstv\u00ed. Ultim\u00e1tn\u00ed v\u00fdbava pro ty, kte\u0159\u00ed vy\u017eaduj\u00ed to nejlep\u0161\u00ed.\",\"potentialAction\":[{\"@type\":\"SearchAction\",\"target\":{\"@type\":\"EntryPoint\",\"urlTemplate\":\"https:\\\/\\\/www.onefive.cz\\\/peakdesign\\\/?s={search_term_string}\"},\"query-input\":{\"@type\":\"PropertyValueSpecification\",\"valueRequired\":true,\"valueName\":\"search_term_string\"}}],\"inLanguage\":\"cs\"}]}<\/script>\n<!-- \/ Yoast SEO plugin. -->","yoast_head_json":{"title":"Wall Mount - Adhesive Set - OneFive.cz - Prodejce Peak Design","description":"S\u00ed\u0165ov\u00fd nap\u00e1jec\u00ed adapt\u00e9r USB-C","robots":{"index":"index","follow":"follow","max-snippet":"max-snippet:-1","max-image-preview":"max-image-preview:large","max-video-preview":"max-video-preview:-1"},"canonical":"https:\/\/www.onefive.cz\/peakdesign\/produkt\/wall-mount-adhesive-set\/","og_locale":"cs_CZ","og_type":"article","og_title":"S\u00ed\u0165ov\u00fd nap\u00e1jec\u00ed adapt\u00e9r USB-C","og_description":"S\u00ed\u0165ov\u00fd nap\u00e1jec\u00ed adapt\u00e9r USB-C","og_url":"https:\/\/www.onefive.cz\/peakdesign\/produkt\/wall-mount-adhesive-set\/","og_site_name":"OneFive.cz - Prodejce Peak Design","article_modified_time":"2026-04-17T05:05:27+00:00","og_image":[{"width":1024,"height":1024,"url":"https:\/\/www.onefive.cz\/peakdesign\/wp-content\/uploads\/2022\/02\/wall-power-adapter-eu-HERO.jpg","type":"image\/jpeg"}],"twitter_card":"summary_large_image","twitter_title":"S\u00ed\u0165ov\u00fd nap\u00e1jec\u00ed adapt\u00e9r USB-C","twitter_description":"S\u00ed\u0165ov\u00fd nap\u00e1jec\u00ed adapt\u00e9r USB-C","twitter_image":"https:\/\/www.onefive.cz\/peakdesign\/wp-content\/uploads\/2022\/02\/wall-power-adapter-eu-HERO.jpg","twitter_misc":{"Odhadovan\u00e1 doba \u010dten\u00ed":"1 minuta"},"schema":{"@context":"https:\/\/schema.org","@graph":[{"@type":"WebPage","@id":"https:\/\/www.onefive.cz\/peakdesign\/produkt\/wall-mount-adhesive-set\/","url":"https:\/\/www.onefive.cz\/peakdesign\/produkt\/wall-mount-adhesive-set\/","name":"Wall Mount - Adhesive Set - OneFive.cz - Prodejce Peak Design","isPartOf":{"@id":"https:\/\/www.onefive.cz\/peakdesign\/#website"},"primaryImageOfPage":{"@id":"https:\/\/www.onefive.cz\/peakdesign\/produkt\/wall-mount-adhesive-set\/#primaryimage"},"image":{"@id":"https:\/\/www.onefive.cz\/peakdesign\/produkt\/wall-mount-adhesive-set\/#primaryimage"},"thumbnailUrl":"https:\/\/www.onefive.cz\/peakdesign\/wp-content\/uploads\/2022\/09\/1-LIGHTBOX-WallMountAdhesiveSet.jpeg","datePublished":"2022-09-17T12:56:14+00:00","dateModified":"2026-04-17T05:05:27+00:00","description":"S\u00ed\u0165ov\u00fd nap\u00e1jec\u00ed adapt\u00e9r USB-C","breadcrumb":{"@id":"https:\/\/www.onefive.cz\/peakdesign\/produkt\/wall-mount-adhesive-set\/#breadcrumb"},"inLanguage":"cs","potentialAction":[{"@type":"ReadAction","target":["https:\/\/www.onefive.cz\/peakdesign\/produkt\/wall-mount-adhesive-set\/"]}]},{"@type":"ImageObject","inLanguage":"cs","@id":"https:\/\/www.onefive.cz\/peakdesign\/produkt\/wall-mount-adhesive-set\/#primaryimage","url":"https:\/\/www.onefive.cz\/peakdesign\/wp-content\/uploads\/2022\/09\/1-LIGHTBOX-WallMountAdhesiveSet.jpeg","contentUrl":"https:\/\/www.onefive.cz\/peakdesign\/wp-content\/uploads\/2022\/09\/1-LIGHTBOX-WallMountAdhesiveSet.jpeg","width":1024,"height":1024},{"@type":"BreadcrumbList","@id":"https:\/\/www.onefive.cz\/peakdesign\/produkt\/wall-mount-adhesive-set\/#breadcrumb","itemListElement":[{"@type":"ListItem","position":1,"name":"Dom\u016f","item":"https:\/\/www.onefive.cz\/peakdesign\/"},{"@type":"ListItem","position":2,"name":"Shop","item":"https:\/\/www.onefive.cz\/peakdesign\/shop\/"},{"@type":"ListItem","position":3,"name":"Wall Mount - Adhesive Set"}]},{"@type":"WebSite","@id":"https:\/\/www.onefive.cz\/peakdesign\/#website","url":"https:\/\/www.onefive.cz\/peakdesign\/","name":"OneFive.cz - Prodejce Peak Design","description":"Kryty a dr\u017e\u00e1ky pro telefony, cestovn\u00ed a everyday batohy a ta\u0161ky, organiz\u00e9ry a fotop\u0159\u00edslu\u0161enstv\u00ed. Ultim\u00e1tn\u00ed v\u00fdbava pro ty, kte\u0159\u00ed vy\u017eaduj\u00ed to nejlep\u0161\u00ed.","potentialAction":[{"@type":"SearchAction","target":{"@type":"EntryPoint","urlTemplate":"https:\/\/www.onefive.cz\/peakdesign\/?s={search_term_string}"},"query-input":{"@type":"PropertyValueSpecification","valueRequired":true,"valueName":"search_term_string"}}],"inLanguage":"cs"}]}},"_links":{"self":[{"href":"https:\/\/www.onefive.cz\/peakdesign\/wp-json\/wp\/v2\/product\/105552","targetHints":{"allow":["GET"]}}],"collection":[{"href":"https:\/\/www.onefive.cz\/peakdesign\/wp-json\/wp\/v2\/product"}],"about":[{"href":"https:\/\/www.onefive.cz\/peakdesign\/wp-json\/wp\/v2\/types\/product"}],"wp:featuredmedia":[{"embeddable":true,"href":"https:\/\/www.onefive.cz\/peakdesign\/wp-json\/wp\/v2\/media\/105554"}],"wp:attachment":[{"href":"https:\/\/www.onefive.cz\/peakdesign\/wp-json\/wp\/v2\/media?parent=105552"}],"wp:term":[{"taxonomy":"product_brand","embeddable":true,"href":"https:\/\/www.onefive.cz\/peakdesign\/wp-json\/wp\/v2\/product_brand?post=105552"},{"taxonomy":"product_cat","embeddable":true,"href":"https:\/\/www.onefive.cz\/peakdesign\/wp-json\/wp\/v2\/product_cat?post=105552"},{"taxonomy":"product_tag","embeddable":true,"href":"https:\/\/www.onefive.cz\/peakdesign\/wp-json\/wp\/v2\/product_tag?post=105552"}],"curies":[{"name":"wp","href":"https:\/\/api.w.org\/{rel}","templated":true}]}}