{"id":106144,"date":"2017-04-20T17:17:31","date_gmt":"2017-04-20T15:17:31","guid":{"rendered":"https:\/\/www.peakdesign.cz\/?post_type=product&#038;p=106144"},"modified":"2026-04-17T07:06:20","modified_gmt":"2026-04-17T05:06:20","slug":"hrudni-popruh-everyday-backpack-v2","status":"publish","type":"product","link":"https:\/\/www.onefive.cz\/peakdesign\/produkt\/hrudni-popruh-everyday-backpack-v2\/","title":{"rendered":"Hrudn\u00ed popruh - Everyday Backpack v2"},"content":{"rendered":"<div class='content-column one_half'><h2>Hlavn\u00ed rysy<\/h2><\/div>\n<div class='content-column one_half last_column'><h2>Specifikace<\/h2>\n<ul style=\"padding-left: 15px;padding-bottom: 15px;\">\n<li><strong>Objednac\u00ed k\u00f3d<\/strong>: BED-STS-AS-2 (Ash), BED-STS-MN-2 (Midnight), BED-STS-BO-2 (Bone), BED-STS-BK-2 (Black)<\/li>\n<li><strong>Hmotnost<\/strong>: <\/li>\n<li><strong>Materi\u00e1l<\/strong>: <\/li>\n<li><strong>Rozm\u011bry balen\u00ed<\/strong>: <\/li>\n<\/ul>\n<h2>Obsah balen\u00ed<\/h2>\n<ul style=\"padding-left: 15px; padding-bottom: 15px;\">\n<li>1. 1 hrudn\u00ed popruh<\/li>\n<\/ul><\/div><div class='clear_column'><\/div>\n","protected":false},"excerpt":{"rendered":"<p style=\"font-size: 14px;\">\nN\u00e1hradn\u00ed hrudn\u00ed popruh pro batoh <a href=\"https:\/\/www.onefive.cz\/peakdesign\/produkt\/everyday-backpack\/\">Everyday Backpack<\/a> <strong>v2<\/strong> a <a href=\"https:\/\/www.onefive.cz\/peakdesign\/produkt\/everyday-backpack-zip\/\">Everyday Zip<\/a>.<br \/>\nPozn.: pro prvn\u00ed verzi batohu Everyday Backpack v1 a batoh Travel Backpack je k dispozici <a href=\"https:\/\/www.onefive.cz\/peakdesign\/produkt\/hrudni-popruh-everyday-v1-travel-backpack\/\">hrudn\u00ed popruh pro Everyday Backpack v1 a Travel<\/a>.<br \/>\nK batoh\u016fm barvy Charcoal p\u0159\u00edslu\u0161\u00ed popruh barvy Black. <\/p>\n","protected":false},"featured_media":2237,"template":"","meta":[],"product_brand":[],"product_cat":[18],"product_tag":[],"class_list":{"0":"post-106144","1":"product","2":"type-product","3":"status-publish","4":"has-post-thumbnail","6":"product_cat-uncategorized","8":"first","9":"instock","10":"taxable","11":"shipping-taxable","12":"purchasable","13":"product-type-variable"},"yoast_head":"<!-- This site is optimized with the Yoast SEO plugin v27.4 - https:\/\/yoast.com\/product\/yoast-seo-wordpress\/ -->\n<title>Hrudn\u00ed popruh - Everyday Backpack v2 - OneFive.cz - Prodejce Peak Design<\/title>\n<meta name=\"robots\" content=\"index, follow, max-snippet:-1, max-image-preview:large, max-video-preview:-1\" \/>\n<link rel=\"canonical\" href=\"https:\/\/www.onefive.cz\/peakdesign\/produkt\/hrudni-popruh-everyday-backpack-v2\/\" \/>\n<meta property=\"og:locale\" content=\"cs_CZ\" \/>\n<meta property=\"og:type\" content=\"article\" \/>\n<meta property=\"og:title\" content=\"Hrudn\u00ed popruh - Everyday Backpack v2 - OneFive.cz - Prodejce Peak Design\" \/>\n<meta property=\"og:description\" content=\"N\u00e1hradn\u00ed hrudn\u00ed popruh pro batoh Everyday Backpack v2 a Everyday Zip. Pozn.: pro prvn\u00ed verzi batohu Everyday Backpack v1 a batoh Travel Backpack je k dispozici hrudn\u00ed popruh pro Everyday Backpack v1 a Travel.  K batoh\u016fm barvy Charcoal p\u0159\u00edslu\u0161\u00ed popruh barvy Black.\" \/>\n<meta property=\"og:url\" content=\"https:\/\/www.onefive.cz\/peakdesign\/produkt\/hrudni-popruh-everyday-backpack-v2\/\" \/>\n<meta property=\"og:site_name\" content=\"OneFive.cz - Prodejce Peak Design\" \/>\n<meta property=\"article:modified_time\" content=\"2026-04-17T05:06:20+00:00\" \/>\n<meta property=\"og:image\" content=\"https:\/\/i0.wp.com\/www.onefive.cz\/peakdesign\/wp-content\/uploads\/2017\/04\/sternum_ash.jpg?fit=1000%2C1000&ssl=1\" \/>\n\t<meta property=\"og:image:width\" content=\"1000\" \/>\n\t<meta property=\"og:image:height\" content=\"1000\" \/>\n\t<meta property=\"og:image:type\" content=\"image\/jpeg\" \/>\n<meta name=\"twitter:card\" content=\"summary_large_image\" \/>\n<meta name=\"twitter:label1\" content=\"Odhadovan\u00e1 doba \u010dten\u00ed\" \/>\n\t<meta name=\"twitter:data1\" content=\"1 minuta\" \/>\n<script type=\"application\/ld+json\" class=\"yoast-schema-graph\">{\"@context\":\"https:\\\/\\\/schema.org\",\"@graph\":[{\"@type\":\"WebPage\",\"@id\":\"https:\\\/\\\/www.onefive.cz\\\/peakdesign\\\/produkt\\\/hrudni-popruh-everyday-backpack-v2\\\/\",\"url\":\"https:\\\/\\\/www.onefive.cz\\\/peakdesign\\\/produkt\\\/hrudni-popruh-everyday-backpack-v2\\\/\",\"name\":\"Hrudn\u00ed popruh - Everyday Backpack v2 - OneFive.cz - Prodejce Peak Design\",\"isPartOf\":{\"@id\":\"https:\\\/\\\/www.onefive.cz\\\/peakdesign\\\/#website\"},\"primaryImageOfPage\":{\"@id\":\"https:\\\/\\\/www.onefive.cz\\\/peakdesign\\\/produkt\\\/hrudni-popruh-everyday-backpack-v2\\\/#primaryimage\"},\"image\":{\"@id\":\"https:\\\/\\\/www.onefive.cz\\\/peakdesign\\\/produkt\\\/hrudni-popruh-everyday-backpack-v2\\\/#primaryimage\"},\"thumbnailUrl\":\"https:\\\/\\\/www.onefive.cz\\\/peakdesign\\\/wp-content\\\/uploads\\\/2017\\\/04\\\/sternum_ash.jpg\",\"datePublished\":\"2017-04-20T15:17:31+00:00\",\"dateModified\":\"2026-04-17T05:06:20+00:00\",\"breadcrumb\":{\"@id\":\"https:\\\/\\\/www.onefive.cz\\\/peakdesign\\\/produkt\\\/hrudni-popruh-everyday-backpack-v2\\\/#breadcrumb\"},\"inLanguage\":\"cs\",\"potentialAction\":[{\"@type\":\"ReadAction\",\"target\":[\"https:\\\/\\\/www.onefive.cz\\\/peakdesign\\\/produkt\\\/hrudni-popruh-everyday-backpack-v2\\\/\"]}]},{\"@type\":\"ImageObject\",\"inLanguage\":\"cs\",\"@id\":\"https:\\\/\\\/www.onefive.cz\\\/peakdesign\\\/produkt\\\/hrudni-popruh-everyday-backpack-v2\\\/#primaryimage\",\"url\":\"https:\\\/\\\/www.onefive.cz\\\/peakdesign\\\/wp-content\\\/uploads\\\/2017\\\/04\\\/sternum_ash.jpg\",\"contentUrl\":\"https:\\\/\\\/www.onefive.cz\\\/peakdesign\\\/wp-content\\\/uploads\\\/2017\\\/04\\\/sternum_ash.jpg\",\"width\":1000,\"height\":1000},{\"@type\":\"BreadcrumbList\",\"@id\":\"https:\\\/\\\/www.onefive.cz\\\/peakdesign\\\/produkt\\\/hrudni-popruh-everyday-backpack-v2\\\/#breadcrumb\",\"itemListElement\":[{\"@type\":\"ListItem\",\"position\":1,\"name\":\"Dom\u016f\",\"item\":\"https:\\\/\\\/www.onefive.cz\\\/peakdesign\\\/\"},{\"@type\":\"ListItem\",\"position\":2,\"name\":\"Shop\",\"item\":\"https:\\\/\\\/www.onefive.cz\\\/peakdesign\\\/shop\\\/\"},{\"@type\":\"ListItem\",\"position\":3,\"name\":\"Hrudn\u00ed popruh - Everyday Backpack v2\"}]},{\"@type\":\"WebSite\",\"@id\":\"https:\\\/\\\/www.onefive.cz\\\/peakdesign\\\/#website\",\"url\":\"https:\\\/\\\/www.onefive.cz\\\/peakdesign\\\/\",\"name\":\"OneFive.cz - Prodejce Peak Design\",\"description\":\"Kryty a dr\u017e\u00e1ky pro telefony, cestovn\u00ed a everyday batohy a ta\u0161ky, organiz\u00e9ry a fotop\u0159\u00edslu\u0161enstv\u00ed. Ultim\u00e1tn\u00ed v\u00fdbava pro ty, kte\u0159\u00ed vy\u017eaduj\u00ed to nejlep\u0161\u00ed.\",\"potentialAction\":[{\"@type\":\"SearchAction\",\"target\":{\"@type\":\"EntryPoint\",\"urlTemplate\":\"https:\\\/\\\/www.onefive.cz\\\/peakdesign\\\/?s={search_term_string}\"},\"query-input\":{\"@type\":\"PropertyValueSpecification\",\"valueRequired\":true,\"valueName\":\"search_term_string\"}}],\"inLanguage\":\"cs\"}]}<\/script>\n<!-- \/ Yoast SEO plugin. -->","yoast_head_json":{"title":"Hrudn\u00ed popruh - Everyday Backpack v2 - OneFive.cz - Prodejce Peak Design","robots":{"index":"index","follow":"follow","max-snippet":"max-snippet:-1","max-image-preview":"max-image-preview:large","max-video-preview":"max-video-preview:-1"},"canonical":"https:\/\/www.onefive.cz\/peakdesign\/produkt\/hrudni-popruh-everyday-backpack-v2\/","og_locale":"cs_CZ","og_type":"article","og_title":"Hrudn\u00ed popruh - Everyday Backpack v2 - OneFive.cz - Prodejce Peak Design","og_description":"N\u00e1hradn\u00ed hrudn\u00ed popruh pro batoh Everyday Backpack v2 a Everyday Zip. Pozn.: pro prvn\u00ed verzi batohu Everyday Backpack v1 a batoh Travel Backpack je k dispozici hrudn\u00ed popruh pro Everyday Backpack v1 a Travel.  K batoh\u016fm barvy Charcoal p\u0159\u00edslu\u0161\u00ed popruh barvy Black.","og_url":"https:\/\/www.onefive.cz\/peakdesign\/produkt\/hrudni-popruh-everyday-backpack-v2\/","og_site_name":"OneFive.cz - Prodejce Peak Design","article_modified_time":"2026-04-17T05:06:20+00:00","og_image":[{"width":1000,"height":1000,"url":"https:\/\/i0.wp.com\/www.onefive.cz\/peakdesign\/wp-content\/uploads\/2017\/04\/sternum_ash.jpg?fit=1000%2C1000&ssl=1","type":"image\/jpeg"}],"twitter_card":"summary_large_image","twitter_misc":{"Odhadovan\u00e1 doba \u010dten\u00ed":"1 minuta"},"schema":{"@context":"https:\/\/schema.org","@graph":[{"@type":"WebPage","@id":"https:\/\/www.onefive.cz\/peakdesign\/produkt\/hrudni-popruh-everyday-backpack-v2\/","url":"https:\/\/www.onefive.cz\/peakdesign\/produkt\/hrudni-popruh-everyday-backpack-v2\/","name":"Hrudn\u00ed popruh - Everyday Backpack v2 - OneFive.cz - Prodejce Peak Design","isPartOf":{"@id":"https:\/\/www.onefive.cz\/peakdesign\/#website"},"primaryImageOfPage":{"@id":"https:\/\/www.onefive.cz\/peakdesign\/produkt\/hrudni-popruh-everyday-backpack-v2\/#primaryimage"},"image":{"@id":"https:\/\/www.onefive.cz\/peakdesign\/produkt\/hrudni-popruh-everyday-backpack-v2\/#primaryimage"},"thumbnailUrl":"https:\/\/www.onefive.cz\/peakdesign\/wp-content\/uploads\/2017\/04\/sternum_ash.jpg","datePublished":"2017-04-20T15:17:31+00:00","dateModified":"2026-04-17T05:06:20+00:00","breadcrumb":{"@id":"https:\/\/www.onefive.cz\/peakdesign\/produkt\/hrudni-popruh-everyday-backpack-v2\/#breadcrumb"},"inLanguage":"cs","potentialAction":[{"@type":"ReadAction","target":["https:\/\/www.onefive.cz\/peakdesign\/produkt\/hrudni-popruh-everyday-backpack-v2\/"]}]},{"@type":"ImageObject","inLanguage":"cs","@id":"https:\/\/www.onefive.cz\/peakdesign\/produkt\/hrudni-popruh-everyday-backpack-v2\/#primaryimage","url":"https:\/\/www.onefive.cz\/peakdesign\/wp-content\/uploads\/2017\/04\/sternum_ash.jpg","contentUrl":"https:\/\/www.onefive.cz\/peakdesign\/wp-content\/uploads\/2017\/04\/sternum_ash.jpg","width":1000,"height":1000},{"@type":"BreadcrumbList","@id":"https:\/\/www.onefive.cz\/peakdesign\/produkt\/hrudni-popruh-everyday-backpack-v2\/#breadcrumb","itemListElement":[{"@type":"ListItem","position":1,"name":"Dom\u016f","item":"https:\/\/www.onefive.cz\/peakdesign\/"},{"@type":"ListItem","position":2,"name":"Shop","item":"https:\/\/www.onefive.cz\/peakdesign\/shop\/"},{"@type":"ListItem","position":3,"name":"Hrudn\u00ed popruh - Everyday Backpack v2"}]},{"@type":"WebSite","@id":"https:\/\/www.onefive.cz\/peakdesign\/#website","url":"https:\/\/www.onefive.cz\/peakdesign\/","name":"OneFive.cz - Prodejce Peak Design","description":"Kryty a dr\u017e\u00e1ky pro telefony, cestovn\u00ed a everyday batohy a ta\u0161ky, organiz\u00e9ry a fotop\u0159\u00edslu\u0161enstv\u00ed. Ultim\u00e1tn\u00ed v\u00fdbava pro ty, kte\u0159\u00ed vy\u017eaduj\u00ed to nejlep\u0161\u00ed.","potentialAction":[{"@type":"SearchAction","target":{"@type":"EntryPoint","urlTemplate":"https:\/\/www.onefive.cz\/peakdesign\/?s={search_term_string}"},"query-input":{"@type":"PropertyValueSpecification","valueRequired":true,"valueName":"search_term_string"}}],"inLanguage":"cs"}]}},"_links":{"self":[{"href":"https:\/\/www.onefive.cz\/peakdesign\/wp-json\/wp\/v2\/product\/106144","targetHints":{"allow":["GET"]}}],"collection":[{"href":"https:\/\/www.onefive.cz\/peakdesign\/wp-json\/wp\/v2\/product"}],"about":[{"href":"https:\/\/www.onefive.cz\/peakdesign\/wp-json\/wp\/v2\/types\/product"}],"wp:featuredmedia":[{"embeddable":true,"href":"https:\/\/www.onefive.cz\/peakdesign\/wp-json\/wp\/v2\/media\/2237"}],"wp:attachment":[{"href":"https:\/\/www.onefive.cz\/peakdesign\/wp-json\/wp\/v2\/media?parent=106144"}],"wp:term":[{"taxonomy":"product_brand","embeddable":true,"href":"https:\/\/www.onefive.cz\/peakdesign\/wp-json\/wp\/v2\/product_brand?post=106144"},{"taxonomy":"product_cat","embeddable":true,"href":"https:\/\/www.onefive.cz\/peakdesign\/wp-json\/wp\/v2\/product_cat?post=106144"},{"taxonomy":"product_tag","embeddable":true,"href":"https:\/\/www.onefive.cz\/peakdesign\/wp-json\/wp\/v2\/product_tag?post=106144"}],"curies":[{"name":"wp","href":"https:\/\/api.w.org\/{rel}","templated":true}]}}