{"id":109632,"date":"2016-11-27T08:12:47","date_gmt":"2016-11-27T07:12:47","guid":{"rendered":"https:\/\/peakdesing-new.wordpressak.cz\/?post_type=product&#038;p=109632"},"modified":"2026-04-17T07:36:26","modified_gmt":"2026-04-17T05:36:26","slug":"micro-clutch","status":"publish","type":"product","link":"https:\/\/www.onefive.cz\/peakdesign\/produkt\/micro-clutch\/","title":{"rendered":"Micro Clutch"},"content":{"rendered":"<div class='content-column one_half'><h2>Hlavn\u00ed rysy<\/h2>\n<p><strong>KR\u00c1SN\u00dd N\u00cdZKOPROFILOV\u00dd DESIGN<\/strong><\/p>\n<p>Prvn\u00ed popruh pro mal\u00e9 bezzrcadlovky, kter\u00fd dokonale dopl\u0148uje estetiku tv\u00e9ho fotoapar\u00e1tu. Poutko z hypalonu obejme 2-4 prsty pro maxim\u00e1ln\u00ed bezpe\u010dnost. Oto\u010dn\u00e9 upevn\u011bn\u00ed poutka umo\u017e\u0148uje p\u0159izp\u016fsoben\u00ed tvaru va\u0161\u00ed ruky, polstrov\u00e1n\u00ed z mikrovl\u00e1kna odv\u00e1d\u00ed vlhkost pro celodenn\u00ed pohodl\u00ed. Micro Clutch poskytuje zabezpe\u010den\u00ed, stabilitu a komfort - to v\u0161e s dokonal\u00fdm designem.<\/p>\n<p><strong>PERFEKTN\u011a FUNGUJE S TVOU V\u00ddBAVOU<\/strong><\/p>\n<ul>\n<li>\u00dapln\u00fd p\u0159\u00edstup ke v\u0161em ovl\u00e1dac\u00edm prvk\u016fm fotoapar\u00e1tu na p\u0159edn\u00ed, zadn\u00ed i horn\u00ed stran\u011b<\/li>\n<li>Popruh snadno p\u0159izp\u016fsobiteln\u00fd velikosti tv\u00e9 ruky nebo fotoapar\u00e1tu<\/li>\n<li>Magneticky integrovan\u00fd n\u00e1stroj pro snadn\u00e9 uvoln\u011bn\u00ed a p\u0159\u00edstup k baterii<\/li>\n<li>N\u00edzkoprofilov\u00e1 z\u00e1kladna z obr\u00e1b\u011bn\u00e9ho anodizovan\u00e9ho hlin\u00edku<\/li>\n<li>Obsahuje desti\u010dku pro stativ pro kompatibilitu s Capture, PD stativy a stativy ARCA t\u0159et\u00edch stran<\/li>\n<li>Upev\u0148ovac\u00ed body Peak Design Anchor pro kompatibilitu s v\u0161emi popruhy Peak Design<\/li>\n<\/ul>\n<p><strong>VYROBENO S OHLEDEM NA UDR\u017dITELNOST<\/strong><\/p>\n<ul>\n<li>100% uhl\u00edkov\u011b neutr\u00e1ln\u00ed<\/li>\n<li>Vyrobeno z recyklovan\u00e9ho hlin\u00edku<\/li>\n<li>Do\u017eivotn\u00ed z\u00e1ruka<\/li>\n<\/ul>\n<p><strong>KOMPATIBILITA S FOTOAPAR\u00c1TY<\/strong><\/p>\n<ul>Micro Clutch je kompatibiln\u00ed s v\u011bt\u0161inou men\u0161\u00edch bezzrcadlov\u00fdch fotoapar\u00e1t\u016f. Zde jsou na\u0161e doporu\u010den\u00e9 kroky k v\u00fdb\u011bru nejlep\u0161\u00edho popruhu pro tv\u016fj fotoapar\u00e1t:<\/p>\n<li>Zrcadlovka nebo men\u0161\u00ed bezzrcadlov\u00fd fotoapar\u00e1t s bateriov\u00fdm gripem - pou\u017eij origin\u00e1ln\u00ed <a href=\"\/produkt\/clutch\/\">Clutch<\/a>.<\/li>\n<li>Men\u0161\u00ed bezzrcadlov\u00fd fotoapar\u00e1t - pou\u017eij Micro Clutch.<\/li>\n<li>Fotoapar\u00e1t s vystoupl\u00fdm gripem - zvol L-Plate.<\/li>\n<li>Fotoapar\u00e1t bez nebo s mal\u00fdm gripem - zvol I-Plate.<\/li>\n<\/ul>\n<p><img decoding=\"async\" class=\"alignnone \" src=\"https:\/\/www.onefive.cz\/peakdesign\/wp-content\/uploads\/2023\/06\/55168f7a3d5e13b851a04ef7a4c51367_original.png\" alt=\"\" width=\"450\" \/><\/p>\n<p>Pro dal\u0161\u00ed podrobnosti o kompatibilit\u011b a instrukce k m\u011b\u0159en\u00ed tv\u00e9ho fotoapar\u00e1tu z hlediska kompatibility si <a href=\"\/jaky-model-micro-clutch-l-plate-vs-i-plate-je-kompatibilni-s-mym-fotoaparatem\/\">p\u0159e\u010dti tento \u010dl\u00e1nek<\/a>.<\/p><\/div>\n<div class='content-column one_half last_column'><h2>Video<\/h2>\n<p><iframe loading=\"lazy\" title=\"Micro Clutch: Everything you could ever possibly want to know.\" width=\"500\" height=\"281\" src=\"https:\/\/www.youtube.com\/embed\/U733He1lYww?feature=oembed&enablejsapi=1&origin=https:\/\/www.onefive.cz\" frameborder=\"0\" allow=\"accelerometer; autoplay; clipboard-write; encrypted-media; gyroscope; picture-in-picture; web-share\" referrerpolicy=\"strict-origin-when-cross-origin\" allowfullscreen><\/iframe><\/p>\n<p><strong>Micro Clutch s I-Plate<\/strong><\/p>\n<p><strong>Rozm\u011bry<\/strong><\/p>\n<ul>\n<li>11,5 cm x 2,8 cm x 0,76 cm v\u010detn\u011b podlo\u017eky<\/li>\n<li>0,65 cm (tlou\u0161\u0165ka) bez podlo\u017eky<\/li>\n<li>ARCA desti\u010dka 3,8 x 3,8 cm<\/li>\n<\/ul>\n<p><strong>Hmotnost<\/strong><\/p>\n<ul>\n<li>I-Plate + \u0161roub pro desti\u010dku: 51 g<\/li>\n<li>I-Plate + Arca \u0161roub + Arca desti\u010dka 66 g<\/li>\n<li>Samostatn\u00e1 Arca desti\u010dka - 13,8 g<\/li>\n<li>Krou\u017eek a kryt - 0,7 g<\/li>\n<\/ul>\n<p><strong>Micro Clutch s L-Plate<\/strong><\/p>\n<p><strong>Rozm\u011bry<\/strong><\/p>\n<ul>\n<li>11,5 cm x 2,8 cm (\u0161\u00ed\u0159ka u\u017e\u0161\u00ed \u010d\u00e1sti) \/ 4,8 cm (\u0161\u00ed\u0159ka u gripu) x 0,76 cm v\u010detn\u011b podlo\u017eky<\/li>\n<li>0,65 cm (tlou\u0161\u0165ka) bez podlo\u017eky<\/li>\n<li>ARCA desti\u010dka: 3,8 x 3,8 cm<\/li>\n<\/ul>\n<p><strong>Hmotnost<\/strong><\/p>\n<ul>\n<li>L desti\u010dka + \u0161roub pro desti\u010dku: 60 g<\/li>\n<li>L desti\u010dka + Arca \u0161roub + Arca desti\u010dka: 75 g<\/li>\n<li>Samostatn\u00e1 Arca desti\u010dka: 13,8 g<\/li>\n<li>Krou\u017eek a kryt - 0,7 g<\/li>\n<li style=\"list-style-type: none;\"><\/li>\n<\/ul>\n<h2>Specifikace<\/h2>\n<p><strong>Materi\u00e1ly (oba modely)<\/strong><br \/>\nZ\u00e1kladna z obr\u00e1b\u011bn\u00e9ho recyklovan\u00e9ho hlin\u00edku s anodizovan\u00fdm povrchem<br \/>\nLisovan\u00e1 EPDM (mikrovl\u00e1kno) vlo\u017eka<br \/>\nPopruh z hypalonu s polstrov\u00e1n\u00edm z mikrovl\u00e1kna<br \/>\nVnit\u0159n\u00ed \u0161rouby z nerezov\u00e9 oceli s PVD \u00fapravou<\/p>\n<p><strong>Z\u00e1ruka<\/strong>: Do\u017eivotn\u00ed<\/p>\n<h2>Obsah balen\u00ed<\/h2>\n<p><img decoding=\"async\" class=\"alignnone size-full \" src=\"https:\/\/www.onefive.cz\/peakdesign\/wp-content\/uploads\/2023\/06\/3-WITB-Micro-Clutch-1.jpg\" alt=\"\" width=\"450\" \/><\/p>\n<p>I-Plate<\/p>\n<ul>\n<li>1. Micro Clutch I-Plate<\/li>\n<li>2. Mont\u00e1\u017en\u00ed n\u00e1stroj<\/li>\n<li>3. Adapt\u00e9rov\u00e1 desti\u010dka pro Arca<\/li>\n<li>4. \u0160roub pro desti\u010dku<\/li>\n<li>5. Krou\u017eek do oka fotoapar\u00e1tu<\/li>\n<li>6. Kryt krou\u017eku<\/li>\n<li>7. N\u00e1stroj pro instalaci krou\u017eku<\/li>\n<li style=\"list-style-type: none;\">\n<ul>\n<li style=\"list-style-type: none;\"><\/li>\n<\/ul>\n<\/li>\n<\/ul>\n<p>L-Plate<\/p>\n<ul>\n<li>1. Micro Clutch L-Plate<\/li>\n<li>2. Mont\u00e1\u017en\u00ed n\u00e1stroj<\/li>\n<li>3. Adapt\u00e9rov\u00e1 desti\u010dka pro Arca<\/li>\n<li>4. \u0160roub pro desti\u010dku<\/li>\n<li>5. Krou\u017eek do oka fotoapar\u00e1tu<\/li>\n<li>6. Kryt krou\u017eku<\/li>\n<li>7. N\u00e1stroj pro instalaci krou\u017eku<\/li>\n<li style=\"list-style-type: none;\">\n<ul>\n<li style=\"list-style-type: none;\"><\/li>\n<\/ul>\n<\/li>\n<\/ul><\/div><div class='clear_column'><\/div>\n","protected":false},"excerpt":{"rendered":"<p>Micro Clutch je prvn\u00ed popruh sv\u00e9ho druhu speci\u00e1ln\u011b navr\u017een\u00fd pro mal\u00e1 t\u011bla bezzrcadlovek. Micro Clutch je ide\u00e1ln\u00ed pro r\u016fzn\u00e9 \u010dinnosti, kter\u00e9 vy\u017eaduj\u00ed ochranu proti p\u00e1du a pohodl\u00ed, a\u0165 u\u017e se jedn\u00e1 o pouli\u010dn\u00ed fotografii, aktivn\u00ed fotografov\u00e1n\u00ed v p\u0159\u00edrod\u011b nebo del\u0161\u00ed portr\u00e9tn\u00ed focen\u00ed ve studiu.<\/p>\n<p>Na rozd\u00edl od tradi\u010dn\u00edch popruh\u016f pro digit\u00e1ln\u00ed zrcadlovky, kter\u00e9 p\u0159itla\u010duj\u00ed dla\u0148 na t\u011blo fotoapar\u00e1tu, polstrovan\u00e9 poutko Micro Clutch z materi\u00e1lu Hypalon pohodln\u011b obep\u00edn\u00e1 2-4 prsty. Tato unik\u00e1tn\u00ed konstrukce poskytuje vynikaj\u00edc\u00ed \u00fachop a zv\u00fd\u0161en\u00e9 pohodl\u00ed, ani\u017e by omezovala p\u0159\u00edstup k p\u0159edn\u00edm, zadn\u00edm a horn\u00edm ovl\u00e1dac\u00edm prvk\u016fm fotoapar\u00e1tu. [read more]<\/p>\n<p>Elegantn\u00ed n\u00edzkoprofilov\u00e1 z\u00e1kladna vyroben\u00e1 z obr\u00e1b\u011bn\u00e9ho hlin\u00edku skr\u00fdv\u00e1 skryt\u00fd n\u00e1stroj pro rychl\u00e9 uvoln\u011bn\u00ed\/upevn\u011bn\u00ed a snadn\u00fd p\u0159\u00edstup k baterii. Micro Clutch obsahuje tak\u00e9 odn\u00edmatelnou stativovou desti\u010dku kompatibiln\u00ed se syst\u00e9mem Arca pro pou\u017eit\u00ed s Capture, PD stativy a stativy t\u0159et\u00edch stran. Vestav\u011bn\u00fd upev\u0148ovac\u00ed bod Anchor umo\u017e\u0148uje pou\u017eit\u00ed s libovoln\u00fdm popruhem pro fotoapar\u00e1t od Peak Design.<\/p>\n<p>Je vhodn\u00fd pro \u0161irokou \u0161k\u00e1lu t\u011bl bezzrcadlovek. Vyberte si model s desti\u010dkou L pro bezzrcadlovky s v\u00fdrazn\u00fdm ru\u010dn\u00edm gripem a model s desti\u010dkou I pro fotoapar\u00e1ty s men\u0161\u00edm (nebo zcela bez) ru\u010dn\u00edm gripem. Pro digit\u00e1ln\u00ed zrcadlovky je k dispozici origin\u00e1ln\u00ed z\u00e1p\u011bstn\u00ed \u0159em\u00ednek <a href=\"\/produkt\/clutch\/\">Clutch<\/a>. [\/read]<\/p>\n","protected":false},"featured_media":109889,"template":"","meta":[],"product_brand":[],"product_cat":[18],"product_tag":[],"class_list":{"0":"post-109632","1":"product","2":"type-product","3":"status-publish","4":"has-post-thumbnail","6":"product_cat-uncategorized","8":"first","9":"instock","10":"taxable","11":"shipping-taxable","12":"purchasable","13":"product-type-variable"},"yoast_head":"<!-- This site is optimized with the Yoast SEO plugin v27.4 - https:\/\/yoast.com\/product\/yoast-seo-wordpress\/ -->\n<title>Micro Clutch - OneFive.cz - Prodejce Peak Design<\/title>\n<meta name=\"robots\" content=\"index, follow, max-snippet:-1, max-image-preview:large, max-video-preview:-1\" \/>\n<link rel=\"canonical\" href=\"https:\/\/www.onefive.cz\/peakdesign\/produkt\/micro-clutch\/\" \/>\n<meta property=\"og:locale\" content=\"cs_CZ\" \/>\n<meta property=\"og:type\" content=\"article\" \/>\n<meta property=\"og:title\" content=\"Micro Clutch - OneFive.cz - Prodejce Peak Design\" \/>\n<meta property=\"og:description\" content=\"Micro Clutch je prvn\u00ed popruh sv\u00e9ho druhu speci\u00e1ln\u011b navr\u017een\u00fd pro mal\u00e1 t\u011bla bezzrcadlovek. Micro Clutch je ide\u00e1ln\u00ed pro r\u016fzn\u00e9 \u010dinnosti, kter\u00e9 vy\u017eaduj\u00ed ochranu proti p\u00e1du a pohodl\u00ed, a\u0165 u\u017e se jedn\u00e1 o pouli\u010dn\u00ed fotografii, aktivn\u00ed fotografov\u00e1n\u00ed v p\u0159\u00edrod\u011b nebo del\u0161\u00ed portr\u00e9tn\u00ed focen\u00ed ve studiu.  Na rozd\u00edl od tradi\u010dn\u00edch popruh\u016f pro digit\u00e1ln\u00ed zrcadlovky, kter\u00e9 p\u0159itla\u010duj\u00ed dla\u0148 na t\u011blo fotoapar\u00e1tu, polstrovan\u00e9 poutko Micro Clutch z materi\u00e1lu Hypalon pohodln\u011b obep\u00edn\u00e1 2-4 prsty. Tato unik\u00e1tn\u00ed konstrukce poskytuje vynikaj\u00edc\u00ed \u00fachop a zv\u00fd\u0161en\u00e9 pohodl\u00ed, ani\u017e by omezovala p\u0159\u00edstup k p\u0159edn\u00edm, zadn\u00edm a horn\u00edm ovl\u00e1dac\u00edm prvk\u016fm fotoapar\u00e1tu.\" \/>\n<meta property=\"og:url\" content=\"https:\/\/www.onefive.cz\/peakdesign\/produkt\/micro-clutch\/\" \/>\n<meta property=\"og:site_name\" content=\"OneFive.cz - Prodejce Peak Design\" \/>\n<meta property=\"article:modified_time\" content=\"2026-04-17T05:36:26+00:00\" \/>\n<meta property=\"og:image\" content=\"https:\/\/www.onefive.cz\/peakdesign\/wp-content\/uploads\/2016\/11\/MC-L-1-01_1024x1024.jpg\" \/>\n\t<meta property=\"og:image:width\" content=\"1024\" \/>\n\t<meta property=\"og:image:height\" content=\"1024\" \/>\n\t<meta property=\"og:image:type\" content=\"image\/jpeg\" \/>\n<meta name=\"twitter:card\" content=\"summary_large_image\" \/>\n<meta name=\"twitter:label1\" content=\"Odhadovan\u00e1 doba \u010dten\u00ed\" \/>\n\t<meta name=\"twitter:data1\" content=\"3 minuty\" \/>\n<script type=\"application\/ld+json\" class=\"yoast-schema-graph\">{\"@context\":\"https:\\\/\\\/schema.org\",\"@graph\":[{\"@type\":\"WebPage\",\"@id\":\"https:\\\/\\\/www.onefive.cz\\\/peakdesign\\\/produkt\\\/micro-clutch\\\/\",\"url\":\"https:\\\/\\\/www.onefive.cz\\\/peakdesign\\\/produkt\\\/micro-clutch\\\/\",\"name\":\"Micro Clutch - OneFive.cz - Prodejce Peak Design\",\"isPartOf\":{\"@id\":\"https:\\\/\\\/www.onefive.cz\\\/peakdesign\\\/#website\"},\"primaryImageOfPage\":{\"@id\":\"https:\\\/\\\/www.onefive.cz\\\/peakdesign\\\/produkt\\\/micro-clutch\\\/#primaryimage\"},\"image\":{\"@id\":\"https:\\\/\\\/www.onefive.cz\\\/peakdesign\\\/produkt\\\/micro-clutch\\\/#primaryimage\"},\"thumbnailUrl\":\"https:\\\/\\\/www.onefive.cz\\\/peakdesign\\\/wp-content\\\/uploads\\\/2016\\\/11\\\/MC-L-1-01_1024x1024.jpg\",\"datePublished\":\"2016-11-27T07:12:47+00:00\",\"dateModified\":\"2026-04-17T05:36:26+00:00\",\"breadcrumb\":{\"@id\":\"https:\\\/\\\/www.onefive.cz\\\/peakdesign\\\/produkt\\\/micro-clutch\\\/#breadcrumb\"},\"inLanguage\":\"cs\",\"potentialAction\":[{\"@type\":\"ReadAction\",\"target\":[\"https:\\\/\\\/www.onefive.cz\\\/peakdesign\\\/produkt\\\/micro-clutch\\\/\"]}]},{\"@type\":\"ImageObject\",\"inLanguage\":\"cs\",\"@id\":\"https:\\\/\\\/www.onefive.cz\\\/peakdesign\\\/produkt\\\/micro-clutch\\\/#primaryimage\",\"url\":\"https:\\\/\\\/www.onefive.cz\\\/peakdesign\\\/wp-content\\\/uploads\\\/2016\\\/11\\\/MC-L-1-01_1024x1024.jpg\",\"contentUrl\":\"https:\\\/\\\/www.onefive.cz\\\/peakdesign\\\/wp-content\\\/uploads\\\/2016\\\/11\\\/MC-L-1-01_1024x1024.jpg\",\"width\":1024,\"height\":1024},{\"@type\":\"BreadcrumbList\",\"@id\":\"https:\\\/\\\/www.onefive.cz\\\/peakdesign\\\/produkt\\\/micro-clutch\\\/#breadcrumb\",\"itemListElement\":[{\"@type\":\"ListItem\",\"position\":1,\"name\":\"Dom\u016f\",\"item\":\"https:\\\/\\\/www.onefive.cz\\\/peakdesign\\\/\"},{\"@type\":\"ListItem\",\"position\":2,\"name\":\"Shop\",\"item\":\"https:\\\/\\\/www.onefive.cz\\\/peakdesign\\\/shop\\\/\"},{\"@type\":\"ListItem\",\"position\":3,\"name\":\"Micro Clutch\"}]},{\"@type\":\"WebSite\",\"@id\":\"https:\\\/\\\/www.onefive.cz\\\/peakdesign\\\/#website\",\"url\":\"https:\\\/\\\/www.onefive.cz\\\/peakdesign\\\/\",\"name\":\"OneFive.cz - Prodejce Peak Design\",\"description\":\"Kryty a dr\u017e\u00e1ky pro telefony, cestovn\u00ed a everyday batohy a ta\u0161ky, organiz\u00e9ry a fotop\u0159\u00edslu\u0161enstv\u00ed. Ultim\u00e1tn\u00ed v\u00fdbava pro ty, kte\u0159\u00ed vy\u017eaduj\u00ed to nejlep\u0161\u00ed.\",\"potentialAction\":[{\"@type\":\"SearchAction\",\"target\":{\"@type\":\"EntryPoint\",\"urlTemplate\":\"https:\\\/\\\/www.onefive.cz\\\/peakdesign\\\/?s={search_term_string}\"},\"query-input\":{\"@type\":\"PropertyValueSpecification\",\"valueRequired\":true,\"valueName\":\"search_term_string\"}}],\"inLanguage\":\"cs\"}]}<\/script>\n<!-- \/ Yoast SEO plugin. -->","yoast_head_json":{"title":"Micro Clutch - OneFive.cz - Prodejce Peak Design","robots":{"index":"index","follow":"follow","max-snippet":"max-snippet:-1","max-image-preview":"max-image-preview:large","max-video-preview":"max-video-preview:-1"},"canonical":"https:\/\/www.onefive.cz\/peakdesign\/produkt\/micro-clutch\/","og_locale":"cs_CZ","og_type":"article","og_title":"Micro Clutch - OneFive.cz - Prodejce Peak Design","og_description":"Micro Clutch je prvn\u00ed popruh sv\u00e9ho druhu speci\u00e1ln\u011b navr\u017een\u00fd pro mal\u00e1 t\u011bla bezzrcadlovek. Micro Clutch je ide\u00e1ln\u00ed pro r\u016fzn\u00e9 \u010dinnosti, kter\u00e9 vy\u017eaduj\u00ed ochranu proti p\u00e1du a pohodl\u00ed, a\u0165 u\u017e se jedn\u00e1 o pouli\u010dn\u00ed fotografii, aktivn\u00ed fotografov\u00e1n\u00ed v p\u0159\u00edrod\u011b nebo del\u0161\u00ed portr\u00e9tn\u00ed focen\u00ed ve studiu.  Na rozd\u00edl od tradi\u010dn\u00edch popruh\u016f pro digit\u00e1ln\u00ed zrcadlovky, kter\u00e9 p\u0159itla\u010duj\u00ed dla\u0148 na t\u011blo fotoapar\u00e1tu, polstrovan\u00e9 poutko Micro Clutch z materi\u00e1lu Hypalon pohodln\u011b obep\u00edn\u00e1 2-4 prsty. Tato unik\u00e1tn\u00ed konstrukce poskytuje vynikaj\u00edc\u00ed \u00fachop a zv\u00fd\u0161en\u00e9 pohodl\u00ed, ani\u017e by omezovala p\u0159\u00edstup k p\u0159edn\u00edm, zadn\u00edm a horn\u00edm ovl\u00e1dac\u00edm prvk\u016fm fotoapar\u00e1tu.","og_url":"https:\/\/www.onefive.cz\/peakdesign\/produkt\/micro-clutch\/","og_site_name":"OneFive.cz - Prodejce Peak Design","article_modified_time":"2026-04-17T05:36:26+00:00","og_image":[{"width":1024,"height":1024,"url":"https:\/\/www.onefive.cz\/peakdesign\/wp-content\/uploads\/2016\/11\/MC-L-1-01_1024x1024.jpg","type":"image\/jpeg"}],"twitter_card":"summary_large_image","twitter_misc":{"Odhadovan\u00e1 doba \u010dten\u00ed":"3 minuty"},"schema":{"@context":"https:\/\/schema.org","@graph":[{"@type":"WebPage","@id":"https:\/\/www.onefive.cz\/peakdesign\/produkt\/micro-clutch\/","url":"https:\/\/www.onefive.cz\/peakdesign\/produkt\/micro-clutch\/","name":"Micro Clutch - OneFive.cz - Prodejce Peak Design","isPartOf":{"@id":"https:\/\/www.onefive.cz\/peakdesign\/#website"},"primaryImageOfPage":{"@id":"https:\/\/www.onefive.cz\/peakdesign\/produkt\/micro-clutch\/#primaryimage"},"image":{"@id":"https:\/\/www.onefive.cz\/peakdesign\/produkt\/micro-clutch\/#primaryimage"},"thumbnailUrl":"https:\/\/www.onefive.cz\/peakdesign\/wp-content\/uploads\/2016\/11\/MC-L-1-01_1024x1024.jpg","datePublished":"2016-11-27T07:12:47+00:00","dateModified":"2026-04-17T05:36:26+00:00","breadcrumb":{"@id":"https:\/\/www.onefive.cz\/peakdesign\/produkt\/micro-clutch\/#breadcrumb"},"inLanguage":"cs","potentialAction":[{"@type":"ReadAction","target":["https:\/\/www.onefive.cz\/peakdesign\/produkt\/micro-clutch\/"]}]},{"@type":"ImageObject","inLanguage":"cs","@id":"https:\/\/www.onefive.cz\/peakdesign\/produkt\/micro-clutch\/#primaryimage","url":"https:\/\/www.onefive.cz\/peakdesign\/wp-content\/uploads\/2016\/11\/MC-L-1-01_1024x1024.jpg","contentUrl":"https:\/\/www.onefive.cz\/peakdesign\/wp-content\/uploads\/2016\/11\/MC-L-1-01_1024x1024.jpg","width":1024,"height":1024},{"@type":"BreadcrumbList","@id":"https:\/\/www.onefive.cz\/peakdesign\/produkt\/micro-clutch\/#breadcrumb","itemListElement":[{"@type":"ListItem","position":1,"name":"Dom\u016f","item":"https:\/\/www.onefive.cz\/peakdesign\/"},{"@type":"ListItem","position":2,"name":"Shop","item":"https:\/\/www.onefive.cz\/peakdesign\/shop\/"},{"@type":"ListItem","position":3,"name":"Micro Clutch"}]},{"@type":"WebSite","@id":"https:\/\/www.onefive.cz\/peakdesign\/#website","url":"https:\/\/www.onefive.cz\/peakdesign\/","name":"OneFive.cz - Prodejce Peak Design","description":"Kryty a dr\u017e\u00e1ky pro telefony, cestovn\u00ed a everyday batohy a ta\u0161ky, organiz\u00e9ry a fotop\u0159\u00edslu\u0161enstv\u00ed. Ultim\u00e1tn\u00ed v\u00fdbava pro ty, kte\u0159\u00ed vy\u017eaduj\u00ed to nejlep\u0161\u00ed.","potentialAction":[{"@type":"SearchAction","target":{"@type":"EntryPoint","urlTemplate":"https:\/\/www.onefive.cz\/peakdesign\/?s={search_term_string}"},"query-input":{"@type":"PropertyValueSpecification","valueRequired":true,"valueName":"search_term_string"}}],"inLanguage":"cs"}]}},"_links":{"self":[{"href":"https:\/\/www.onefive.cz\/peakdesign\/wp-json\/wp\/v2\/product\/109632","targetHints":{"allow":["GET"]}}],"collection":[{"href":"https:\/\/www.onefive.cz\/peakdesign\/wp-json\/wp\/v2\/product"}],"about":[{"href":"https:\/\/www.onefive.cz\/peakdesign\/wp-json\/wp\/v2\/types\/product"}],"wp:featuredmedia":[{"embeddable":true,"href":"https:\/\/www.onefive.cz\/peakdesign\/wp-json\/wp\/v2\/media\/109889"}],"wp:attachment":[{"href":"https:\/\/www.onefive.cz\/peakdesign\/wp-json\/wp\/v2\/media?parent=109632"}],"wp:term":[{"taxonomy":"product_brand","embeddable":true,"href":"https:\/\/www.onefive.cz\/peakdesign\/wp-json\/wp\/v2\/product_brand?post=109632"},{"taxonomy":"product_cat","embeddable":true,"href":"https:\/\/www.onefive.cz\/peakdesign\/wp-json\/wp\/v2\/product_cat?post=109632"},{"taxonomy":"product_tag","embeddable":true,"href":"https:\/\/www.onefive.cz\/peakdesign\/wp-json\/wp\/v2\/product_tag?post=109632"}],"curies":[{"name":"wp","href":"https:\/\/api.w.org\/{rel}","templated":true}]}}