{"id":113097,"date":"2024-06-20T21:32:50","date_gmt":"2024-06-20T19:32:50","guid":{"rendered":"https:\/\/www.onefive.cz\/peakdesign\/?post_type=product&#038;p=113097"},"modified":"2026-04-17T05:35:35","modified_gmt":"2026-04-17T03:35:35","slug":"flathook-carry-strap","status":"publish","type":"product","link":"https:\/\/www.onefive.cz\/peakdesign\/produkt\/flathook-carry-strap\/","title":{"rendered":"Flathook Carry Strap"},"content":{"rendered":"<div class='content-column one_half'><\/div>\n<div class='content-column one_half last_column'><h2>Specifikace<\/h2>\n<p>&nbsp;<\/p>\n<h2>Obsah balen\u00ed<\/h2>\n<ul style=\"padding-left: 15px; padding-bottom: 15px;\">\n<li>1. 1 popruh Flathook Carry Strap<\/li>\n<\/ul><\/div><div class='clear_column'><\/div>\n","protected":false},"excerpt":{"rendered":"<p style=\"font-size: 14px;\">Nastaviteln\u00fd popruh, kter\u00fd ud\u011bl\u00e1 z mnoha Peak Design organiz\u00e9r\u016f a pouzder minimalistick\u00e1 zavazadla p\u0159es rameno. Kompatibiln\u00ed s <a href=\"https:\/\/www.onefive.cz\/peakdesign\/produkt\/ultralight-packing-cube\/\">Ultralight Packing Cube<\/a>, <a href=\"https:\/\/www.onefive.cz\/peakdesign\/produkt\/tech-pouch\/\">Tech Pouch<\/a>, <a href=\"https:\/\/www.onefive.cz\/peakdesign\/produkt\/tech-pouch-small\/\">Tech Pouch Small<\/a>, <a href=\"https:\/\/www.onefive.cz\/peakdesign\/produkt\/wash-pouch\/\">Wash Pouch<\/a>, <a href=\"https:\/\/www.onefive.cz\/peakdesign\/produkt\/wash-pouch-small\/\">Wash Pouch Small<\/a>, <a href=\"https:\/\/www.onefive.cz\/peakdesign\/produkt\/camera-cube\/\">Camera Cube<\/a>, <a href=\"https:\/\/www.onefive.cz\/peakdesign\/produkt\/packing-cube\/\">Packing Cube<\/a>, <a href=\"https:\/\/www.onefive.cz\/peakdesign\/produkt\/shoe-pouch\/\">Shoe Pouch<\/a>, <a href=\"https:\/\/www.onefive.cz\/peakdesign\/produkt\/field-pouch\/\">Field Pouch<\/a>.<\/p>\n<p>&nbsp;<\/p>\n<p>&nbsp;<\/p>\n","protected":false},"featured_media":113107,"template":"","meta":[],"product_brand":[],"product_cat":[18],"product_tag":[],"class_list":{"0":"post-113097","1":"product","2":"type-product","3":"status-publish","4":"has-post-thumbnail","6":"product_cat-uncategorized","8":"first","9":"instock","10":"taxable","11":"shipping-taxable","12":"purchasable","13":"product-type-simple"},"yoast_head":"<!-- This site is optimized with the Yoast SEO plugin v27.4 - https:\/\/yoast.com\/product\/yoast-seo-wordpress\/ -->\n<title>Flathook Carry Strap - OneFive.cz - Prodejce Peak Design<\/title>\n<meta name=\"robots\" content=\"index, follow, max-snippet:-1, max-image-preview:large, max-video-preview:-1\" \/>\n<link rel=\"canonical\" href=\"https:\/\/www.onefive.cz\/peakdesign\/produkt\/flathook-carry-strap\/\" \/>\n<meta property=\"og:locale\" content=\"cs_CZ\" \/>\n<meta property=\"og:type\" content=\"article\" \/>\n<meta property=\"og:title\" content=\"Flathook Carry Strap - OneFive.cz - Prodejce Peak Design\" \/>\n<meta property=\"og:description\" content=\"Nastaviteln\u00fd popruh, kter\u00fd ud\u011bl\u00e1 z mnoha Peak Design organiz\u00e9r\u016f a pouzder minimalistick\u00e1 zavazadla p\u0159es rameno. Kompatibiln\u00ed s Ultralight Packing Cube, Tech Pouch, Tech Pouch Small, Wash Pouch, Wash Pouch Small, Camera Cube, Packing Cube, Shoe Pouch, Field Pouch. &nbsp;  &nbsp;\" \/>\n<meta property=\"og:url\" content=\"https:\/\/www.onefive.cz\/peakdesign\/produkt\/flathook-carry-strap\/\" \/>\n<meta property=\"og:site_name\" content=\"OneFive.cz - Prodejce Peak Design\" \/>\n<meta property=\"article:modified_time\" content=\"2026-04-17T03:35:35+00:00\" \/>\n<meta property=\"og:image\" content=\"https:\/\/www.onefive.cz\/peakdesign\/wp-content\/uploads\/2024\/06\/flathook-carry-strap_1024x1024.jpg\" \/>\n\t<meta property=\"og:image:width\" content=\"1024\" \/>\n\t<meta property=\"og:image:height\" content=\"1024\" \/>\n\t<meta property=\"og:image:type\" content=\"image\/jpeg\" \/>\n<meta name=\"twitter:card\" content=\"summary_large_image\" \/>\n<meta name=\"twitter:label1\" content=\"Odhadovan\u00e1 doba \u010dten\u00ed\" \/>\n\t<meta name=\"twitter:data1\" content=\"1 minuta\" \/>\n<script type=\"application\/ld+json\" class=\"yoast-schema-graph\">{\"@context\":\"https:\\\/\\\/schema.org\",\"@graph\":[{\"@type\":\"WebPage\",\"@id\":\"https:\\\/\\\/www.onefive.cz\\\/peakdesign\\\/produkt\\\/flathook-carry-strap\\\/\",\"url\":\"https:\\\/\\\/www.onefive.cz\\\/peakdesign\\\/produkt\\\/flathook-carry-strap\\\/\",\"name\":\"Flathook Carry Strap - OneFive.cz - Prodejce Peak Design\",\"isPartOf\":{\"@id\":\"https:\\\/\\\/www.onefive.cz\\\/peakdesign\\\/#website\"},\"primaryImageOfPage\":{\"@id\":\"https:\\\/\\\/www.onefive.cz\\\/peakdesign\\\/produkt\\\/flathook-carry-strap\\\/#primaryimage\"},\"image\":{\"@id\":\"https:\\\/\\\/www.onefive.cz\\\/peakdesign\\\/produkt\\\/flathook-carry-strap\\\/#primaryimage\"},\"thumbnailUrl\":\"https:\\\/\\\/www.onefive.cz\\\/peakdesign\\\/wp-content\\\/uploads\\\/2024\\\/06\\\/flathook-carry-strap_1024x1024.jpg\",\"datePublished\":\"2024-06-20T19:32:50+00:00\",\"dateModified\":\"2026-04-17T03:35:35+00:00\",\"breadcrumb\":{\"@id\":\"https:\\\/\\\/www.onefive.cz\\\/peakdesign\\\/produkt\\\/flathook-carry-strap\\\/#breadcrumb\"},\"inLanguage\":\"cs\",\"potentialAction\":[{\"@type\":\"ReadAction\",\"target\":[\"https:\\\/\\\/www.onefive.cz\\\/peakdesign\\\/produkt\\\/flathook-carry-strap\\\/\"]}]},{\"@type\":\"ImageObject\",\"inLanguage\":\"cs\",\"@id\":\"https:\\\/\\\/www.onefive.cz\\\/peakdesign\\\/produkt\\\/flathook-carry-strap\\\/#primaryimage\",\"url\":\"https:\\\/\\\/www.onefive.cz\\\/peakdesign\\\/wp-content\\\/uploads\\\/2024\\\/06\\\/flathook-carry-strap_1024x1024.jpg\",\"contentUrl\":\"https:\\\/\\\/www.onefive.cz\\\/peakdesign\\\/wp-content\\\/uploads\\\/2024\\\/06\\\/flathook-carry-strap_1024x1024.jpg\",\"width\":1024,\"height\":1024},{\"@type\":\"BreadcrumbList\",\"@id\":\"https:\\\/\\\/www.onefive.cz\\\/peakdesign\\\/produkt\\\/flathook-carry-strap\\\/#breadcrumb\",\"itemListElement\":[{\"@type\":\"ListItem\",\"position\":1,\"name\":\"Dom\u016f\",\"item\":\"https:\\\/\\\/www.onefive.cz\\\/peakdesign\\\/\"},{\"@type\":\"ListItem\",\"position\":2,\"name\":\"Shop\",\"item\":\"https:\\\/\\\/www.onefive.cz\\\/peakdesign\\\/shop\\\/\"},{\"@type\":\"ListItem\",\"position\":3,\"name\":\"Flathook Carry Strap\"}]},{\"@type\":\"WebSite\",\"@id\":\"https:\\\/\\\/www.onefive.cz\\\/peakdesign\\\/#website\",\"url\":\"https:\\\/\\\/www.onefive.cz\\\/peakdesign\\\/\",\"name\":\"OneFive.cz - Prodejce Peak Design\",\"description\":\"Kryty a dr\u017e\u00e1ky pro telefony, cestovn\u00ed a everyday batohy a ta\u0161ky, organiz\u00e9ry a fotop\u0159\u00edslu\u0161enstv\u00ed. Ultim\u00e1tn\u00ed v\u00fdbava pro ty, kte\u0159\u00ed vy\u017eaduj\u00ed to nejlep\u0161\u00ed.\",\"potentialAction\":[{\"@type\":\"SearchAction\",\"target\":{\"@type\":\"EntryPoint\",\"urlTemplate\":\"https:\\\/\\\/www.onefive.cz\\\/peakdesign\\\/?s={search_term_string}\"},\"query-input\":{\"@type\":\"PropertyValueSpecification\",\"valueRequired\":true,\"valueName\":\"search_term_string\"}}],\"inLanguage\":\"cs\"}]}<\/script>\n<!-- \/ Yoast SEO plugin. -->","yoast_head_json":{"title":"Flathook Carry Strap - OneFive.cz - Prodejce Peak Design","robots":{"index":"index","follow":"follow","max-snippet":"max-snippet:-1","max-image-preview":"max-image-preview:large","max-video-preview":"max-video-preview:-1"},"canonical":"https:\/\/www.onefive.cz\/peakdesign\/produkt\/flathook-carry-strap\/","og_locale":"cs_CZ","og_type":"article","og_title":"Flathook Carry Strap - OneFive.cz - Prodejce Peak Design","og_description":"Nastaviteln\u00fd popruh, kter\u00fd ud\u011bl\u00e1 z mnoha Peak Design organiz\u00e9r\u016f a pouzder minimalistick\u00e1 zavazadla p\u0159es rameno. Kompatibiln\u00ed s Ultralight Packing Cube, Tech Pouch, Tech Pouch Small, Wash Pouch, Wash Pouch Small, Camera Cube, Packing Cube, Shoe Pouch, Field Pouch. &nbsp;  &nbsp;","og_url":"https:\/\/www.onefive.cz\/peakdesign\/produkt\/flathook-carry-strap\/","og_site_name":"OneFive.cz - Prodejce Peak Design","article_modified_time":"2026-04-17T03:35:35+00:00","og_image":[{"width":1024,"height":1024,"url":"https:\/\/www.onefive.cz\/peakdesign\/wp-content\/uploads\/2024\/06\/flathook-carry-strap_1024x1024.jpg","type":"image\/jpeg"}],"twitter_card":"summary_large_image","twitter_misc":{"Odhadovan\u00e1 doba \u010dten\u00ed":"1 minuta"},"schema":{"@context":"https:\/\/schema.org","@graph":[{"@type":"WebPage","@id":"https:\/\/www.onefive.cz\/peakdesign\/produkt\/flathook-carry-strap\/","url":"https:\/\/www.onefive.cz\/peakdesign\/produkt\/flathook-carry-strap\/","name":"Flathook Carry Strap - OneFive.cz - Prodejce Peak Design","isPartOf":{"@id":"https:\/\/www.onefive.cz\/peakdesign\/#website"},"primaryImageOfPage":{"@id":"https:\/\/www.onefive.cz\/peakdesign\/produkt\/flathook-carry-strap\/#primaryimage"},"image":{"@id":"https:\/\/www.onefive.cz\/peakdesign\/produkt\/flathook-carry-strap\/#primaryimage"},"thumbnailUrl":"https:\/\/www.onefive.cz\/peakdesign\/wp-content\/uploads\/2024\/06\/flathook-carry-strap_1024x1024.jpg","datePublished":"2024-06-20T19:32:50+00:00","dateModified":"2026-04-17T03:35:35+00:00","breadcrumb":{"@id":"https:\/\/www.onefive.cz\/peakdesign\/produkt\/flathook-carry-strap\/#breadcrumb"},"inLanguage":"cs","potentialAction":[{"@type":"ReadAction","target":["https:\/\/www.onefive.cz\/peakdesign\/produkt\/flathook-carry-strap\/"]}]},{"@type":"ImageObject","inLanguage":"cs","@id":"https:\/\/www.onefive.cz\/peakdesign\/produkt\/flathook-carry-strap\/#primaryimage","url":"https:\/\/www.onefive.cz\/peakdesign\/wp-content\/uploads\/2024\/06\/flathook-carry-strap_1024x1024.jpg","contentUrl":"https:\/\/www.onefive.cz\/peakdesign\/wp-content\/uploads\/2024\/06\/flathook-carry-strap_1024x1024.jpg","width":1024,"height":1024},{"@type":"BreadcrumbList","@id":"https:\/\/www.onefive.cz\/peakdesign\/produkt\/flathook-carry-strap\/#breadcrumb","itemListElement":[{"@type":"ListItem","position":1,"name":"Dom\u016f","item":"https:\/\/www.onefive.cz\/peakdesign\/"},{"@type":"ListItem","position":2,"name":"Shop","item":"https:\/\/www.onefive.cz\/peakdesign\/shop\/"},{"@type":"ListItem","position":3,"name":"Flathook Carry Strap"}]},{"@type":"WebSite","@id":"https:\/\/www.onefive.cz\/peakdesign\/#website","url":"https:\/\/www.onefive.cz\/peakdesign\/","name":"OneFive.cz - Prodejce Peak Design","description":"Kryty a dr\u017e\u00e1ky pro telefony, cestovn\u00ed a everyday batohy a ta\u0161ky, organiz\u00e9ry a fotop\u0159\u00edslu\u0161enstv\u00ed. Ultim\u00e1tn\u00ed v\u00fdbava pro ty, kte\u0159\u00ed vy\u017eaduj\u00ed to nejlep\u0161\u00ed.","potentialAction":[{"@type":"SearchAction","target":{"@type":"EntryPoint","urlTemplate":"https:\/\/www.onefive.cz\/peakdesign\/?s={search_term_string}"},"query-input":{"@type":"PropertyValueSpecification","valueRequired":true,"valueName":"search_term_string"}}],"inLanguage":"cs"}]}},"_links":{"self":[{"href":"https:\/\/www.onefive.cz\/peakdesign\/wp-json\/wp\/v2\/product\/113097","targetHints":{"allow":["GET"]}}],"collection":[{"href":"https:\/\/www.onefive.cz\/peakdesign\/wp-json\/wp\/v2\/product"}],"about":[{"href":"https:\/\/www.onefive.cz\/peakdesign\/wp-json\/wp\/v2\/types\/product"}],"wp:featuredmedia":[{"embeddable":true,"href":"https:\/\/www.onefive.cz\/peakdesign\/wp-json\/wp\/v2\/media\/113107"}],"wp:attachment":[{"href":"https:\/\/www.onefive.cz\/peakdesign\/wp-json\/wp\/v2\/media?parent=113097"}],"wp:term":[{"taxonomy":"product_brand","embeddable":true,"href":"https:\/\/www.onefive.cz\/peakdesign\/wp-json\/wp\/v2\/product_brand?post=113097"},{"taxonomy":"product_cat","embeddable":true,"href":"https:\/\/www.onefive.cz\/peakdesign\/wp-json\/wp\/v2\/product_cat?post=113097"},{"taxonomy":"product_tag","embeddable":true,"href":"https:\/\/www.onefive.cz\/peakdesign\/wp-json\/wp\/v2\/product_tag?post=113097"}],"curies":[{"name":"wp","href":"https:\/\/api.w.org\/{rel}","templated":true}]}}