{"id":116455,"date":"2024-10-12T20:54:42","date_gmt":"2024-10-12T18:54:42","guid":{"rendered":"https:\/\/www.onefive.cz\/peakdesign\/?post_type=product&#038;p=116455"},"modified":"2026-04-17T05:36:21","modified_gmt":"2026-04-17T03:36:21","slug":"outdoor-sling-2l","status":"publish","type":"product","link":"https:\/\/www.onefive.cz\/peakdesign\/produkt\/outdoor-sling-2l\/","title":{"rendered":"Outdoor Sling 2L"},"content":{"rendered":"<div class='content-column one_half'><h2>Hlavn\u00ed rysy<\/h2>\n<ul style=\"padding-left: 15px;\">\n<li style=\"font-weight: 400;\" aria-level=\"1\"><span style=\"font-weight: 400;\">Polstrovan\u00fd nastaviteln\u00fd ramenn\u00ed popruh, kter\u00fd lze konfigurovat pro no\u0161en\u00ed p\u0159es t\u011blo nebo kolem pasu<\/span><\/li>\n<li style=\"font-weight: 400;\" aria-level=\"1\"><span style=\"font-weight: 400;\">Ramenn\u00ed popruh se snadno odpojuje, ot\u00e1\u010d\u00ed a nastavuje d\u00edky syst\u00e9mu spon Cord Hook\u2122 Cam Lock<\/span><\/li>\n<li style=\"font-weight: 400;\" aria-level=\"1\"><span style=\"font-weight: 400;\">Ramenn\u00ed popruh m\u00e1 n\u00edzkoprofilovou sponu z nylonu zpevn\u011bn\u00e9ho skeln\u00fdmi vl\u00e1kny, kterou lze ovl\u00e1dat jednou rukou<\/span><\/li>\n<li style=\"font-weight: 400;\" aria-level=\"1\"><span style=\"font-weight: 400;\">Hlavn\u00ed prostor obsahuje 3 vnit\u0159n\u00ed meshov\u00e9 kapsy na drobnosti<\/span><\/li>\n<li style=\"font-weight: 400;\" aria-level=\"1\"><span style=\"font-weight: 400;\">Odoln\u00fd a vod\u011bodoln\u00fd 5mm UltraZip\u2122<\/span><\/li>\n<li style=\"font-weight: 400;\" aria-level=\"1\"><span style=\"font-weight: 400;\">Polstrovan\u00e1 zadn\u00ed kapsa s magnetick\u00fdm zav\u00edr\u00e1n\u00edm pro rychl\u00e9 a bezpe\u010dn\u00e9 ulo\u017een\u00ed telefonu<\/span><\/li>\n<li style=\"font-weight: 400;\" aria-level=\"1\"><span style=\"font-weight: 400;\">Vn\u011bj\u0161\u00ed materi\u00e1l: ultralehk\u00e1 Terra Shell\u2122 210D ripstop l\u00e1tka vyroben\u00e1 ze 100% recyklovan\u00e9ho nylonu z pr\u016fmyslov\u00e9ho odpadu<\/span><\/li>\n<li style=\"font-weight: 400;\" aria-level=\"1\"><span style=\"font-weight: 400;\">Vodoodpudivost a vod\u011bodolnost zaji\u0161\u0165uje impregnace bez PFAS, vnit\u0159n\u00ed PU z\u00e1t\u011br a vod\u011bodoln\u00fd UltraZip\u2122<\/span><\/li>\n<li style=\"font-weight: 400;\" aria-level=\"1\"><span style=\"font-weight: 400;\">Sling se d\u00e1 p\u0159em\u011bnit na pouzdro na vybaven\u00ed upevn\u011bn\u00e9 na hrudi pro PD Outdoor Backpacks (odpojen\u00edm popruhu a p\u0159ipevn\u011bn\u00edm k batohu pomoc\u00ed Gear Loops - nejsou sou\u010d\u00e1st\u00ed balen\u00ed)<\/span><\/li>\n<li style=\"font-weight: 400;\" aria-level=\"1\"><span style=\"font-weight: 400;\">Certifikace Fair Trade a 100% uhl\u00edkov\u011b neutr\u00e1ln\u00ed v\u00fdroba<\/span><\/li>\n<\/ul>\n<p><strong>ROZD\u00cdLY OPROTI MODELU 7L<\/strong><\/p>\n<ul>\n<li style=\"font-weight: 400;\" aria-level=\"1\"><span style=\"font-weight: 400;\">Nevhodn\u00e9 pro p\u0159en\u00e1\u0161en\u00ed fotoapar\u00e1tu (7L pojme X-Small Camera Cube)<\/span><\/li>\n<li style=\"font-weight: 400;\" aria-level=\"1\"><span style=\"font-weight: 400;\">Gear Loops s Cord Hook\u2122 nejsou sou\u010d\u00e1st\u00ed (7L obsahuje 2x)<\/span><\/li>\n<li style=\"font-weight: 400;\" aria-level=\"1\"><span style=\"font-weight: 400;\">Odn\u00edmateln\u00fd stabiliza\u010dn\u00ed popruh nen\u00ed sou\u010d\u00e1st\u00ed balen\u00ed<\/span><\/li>\n<li style=\"font-weight: 400;\" aria-level=\"1\"><span style=\"font-weight: 400;\">Jednokomorov\u00e9 proveden\u00ed (7L m\u00e1 sekund\u00e1rn\u00ed kapsu na zip)<\/span><\/li>\n<li style=\"font-weight: 400;\" aria-level=\"1\"><span style=\"font-weight: 400;\">3 vnit\u0159n\u00ed kapsy (7L m\u00e1 8 kapes)<\/span><\/li>\n<\/ul>\n<p><a href=\"https:\/\/www.onefive.cz\/peakdesign\/wp-content\/uploads\/2024\/10\/outdoor-sling-2L-black-159A1629-1.jpg\"><img loading=\"lazy\" decoding=\"async\" class=\"alignnone size-full wp-image-116628\" src=\"https:\/\/www.onefive.cz\/peakdesign\/wp-content\/uploads\/2024\/10\/outdoor-sling-2L-black-159A1629-1.jpg\" alt=\"\" width=\"910\" height=\"1365\" srcset=\"https:\/\/www.onefive.cz\/peakdesign\/wp-content\/uploads\/2024\/10\/outdoor-sling-2L-black-159A1629-1.jpg 910w, https:\/\/www.onefive.cz\/peakdesign\/wp-content\/uploads\/2024\/10\/outdoor-sling-2L-black-159A1629-1-333x500.jpg 333w, https:\/\/www.onefive.cz\/peakdesign\/wp-content\/uploads\/2024\/10\/outdoor-sling-2L-black-159A1629-1-768x1152.jpg 768w, https:\/\/www.onefive.cz\/peakdesign\/wp-content\/uploads\/2024\/10\/outdoor-sling-2L-black-159A1629-1-16x24.jpg 16w, https:\/\/www.onefive.cz\/peakdesign\/wp-content\/uploads\/2024\/10\/outdoor-sling-2L-black-159A1629-1-24x36.jpg 24w, https:\/\/www.onefive.cz\/peakdesign\/wp-content\/uploads\/2024\/10\/outdoor-sling-2L-black-159A1629-1-32x48.jpg 32w, https:\/\/www.onefive.cz\/peakdesign\/wp-content\/uploads\/2024\/10\/outdoor-sling-2L-black-159A1629-1-450x675.jpg 450w\" sizes=\"auto, (max-width: 910px) 100vw, 910px\" \/><\/a><\/p><\/div>\n<div class='content-column one_half last_column'><h2>Video<\/h2>\n<p><iframe loading=\"lazy\" title=\"Peak Design Outdoor Sling 2L\" width=\"500\" height=\"281\" src=\"https:\/\/www.youtube.com\/embed\/BD9WHI3_efY?feature=oembed&enablejsapi=1&origin=https:\/\/www.onefive.cz\" frameborder=\"0\" allow=\"accelerometer; autoplay; clipboard-write; encrypted-media; gyroscope; picture-in-picture; web-share\" referrerpolicy=\"strict-origin-when-cross-origin\" allowfullscreen><\/iframe><\/p>\n<h2 style=\"padding-top: 15px;\">Specifikace<\/h2>\n<p><strong>Vn\u011bj\u0161\u00ed rozm\u011bry: <\/strong><span style=\"font-weight: 400;\">28 cm x 15 cm x 7 cm\u00a0<\/span><\/p>\n<p><strong>Vnit\u0159n\u00ed rozm\u011bry: <\/strong><span style=\"font-weight: 400;\">27,5 cm x 14,5 cm x 6,5 cm\u00a0<\/span><\/p>\n<p><strong>Objem: <\/strong><span style=\"font-weight: 400;\">2 l<\/span><\/p>\n<p><strong>Kapacita kapsy na telefon<\/strong><\/p>\n<ul>\n<li style=\"font-weight: 400;\" aria-level=\"1\"><span style=\"font-weight: 400;\">Pojme a\u017e iPhone 16 Pro Max, Samsung S24+<\/span><\/li>\n<li style=\"font-weight: 400;\" aria-level=\"1\"><span style=\"font-weight: 400;\">Telefon se vkl\u00e1d\u00e1 pod \u00fahlem. Otvor kapsy je u\u017e\u0161\u00ed a m\u00e1 magnetick\u00e9 zav\u00edr\u00e1n\u00ed, aby telefon nevypadl.<\/span><\/li>\n<li style=\"font-weight: 400;\" aria-level=\"1\"><span style=\"font-weight: 400;\">\u0160\u00ed\u0159ka otvoru kapsy: 19 cm<\/span><\/li>\n<\/ul>\n<p><strong>Hmotnost: <\/strong><span style=\"font-weight: 400;\">177 g (0,39 lbs)<\/span><\/p>\n<p><strong>Materi\u00e1ly<\/strong><\/p>\n<ul>\n<li><span style=\"font-weight: 400;\">Ultralehk\u00e1 Terra Shell\u2122 210D ripstop vn\u011bj\u0161\u00ed l\u00e1tka je vod\u011bodoln\u00e1, 100% recyklovan\u00e1 a schv\u00e1len\u00e1 certifikac\u00ed Bluesign<\/span><\/li>\n<li><span style=\"font-weight: 400;\">Vnit\u0159n\u00ed PU z\u00e1t\u011br s odolnost\u00ed 1500 mm vodn\u00edho sloupce<\/span><\/li>\n<li><span style=\"font-weight: 400;\">Vodoodpudiv\u00e1 \u00faprava bez PFAS je ekologi\u010dt\u011bj\u0161\u00ed variantou oproti standardn\u00ed DWR \u00faprav\u011b<\/span><\/li>\n<li><span style=\"font-weight: 400;\">Extr\u00e9mn\u011b odoln\u00fd 5mm vod\u011bodoln\u00fd UltraZip\u2122 s vl\u00e1kny UHMWPE odoln\u00fdmi proti od\u011bru<\/span><\/li>\n<li><span style=\"font-weight: 400;\">Vnit\u0159n\u00ed stre\u010dov\u00e9 kapsy z nylonu a UHMWPE<\/span><\/li>\n<li><span style=\"font-weight: 400;\">Prody\u0161n\u00fd zadn\u00ed panel z nylonov\u00e9 s\u00ed\u0165oviny<\/span><\/li>\n<li><span style=\"font-weight: 400;\">Bluesign certifikovan\u00e9 nylonov\u00e9 popruhy<\/span><\/li>\n<li><span style=\"font-weight: 400;\">P\u0159ezky Cord Hook\u2122 Cam Lock ze skeln\u00e9ho vl\u00e1kny zp\u011bvn\u011bn\u00e9ho nylonu<\/span><\/li>\n<\/ul>\n<p><strong>Z\u00e1ruka<\/strong>: Do\u017eivotn\u00ed<\/p>\n<p><strong>N\u00e1vod<\/strong>: st\u00e1hnout PDF<\/p>\n<h2>Obsah balen\u00ed<\/h2>\n<ul style=\"padding-left: 15px; padding-bottom: 15px;\">\n<li>1x Outdoor Sling 2L<\/li>\n<li>1x Key Tether<\/li>\n<\/ul>\n<p><a href=\"https:\/\/www.onefive.cz\/peakdesign\/wp-content\/uploads\/2024\/10\/outdoor-sling-2L-eclipse-159A0265.jpg\"><img loading=\"lazy\" decoding=\"async\" class=\"alignnone size-large wp-image-116629\" src=\"https:\/\/www.onefive.cz\/peakdesign\/wp-content\/uploads\/2024\/10\/outdoor-sling-2L-eclipse-159A0265-1500x1000.jpg\" alt=\"\" width=\"1500\" height=\"1000\" srcset=\"https:\/\/www.onefive.cz\/peakdesign\/wp-content\/uploads\/2024\/10\/outdoor-sling-2L-eclipse-159A0265-1500x1000.jpg 1500w, https:\/\/www.onefive.cz\/peakdesign\/wp-content\/uploads\/2024\/10\/outdoor-sling-2L-eclipse-159A0265-500x333.jpg 500w, https:\/\/www.onefive.cz\/peakdesign\/wp-content\/uploads\/2024\/10\/outdoor-sling-2L-eclipse-159A0265-768x512.jpg 768w, https:\/\/www.onefive.cz\/peakdesign\/wp-content\/uploads\/2024\/10\/outdoor-sling-2L-eclipse-159A0265-1536x1024.jpg 1536w, https:\/\/www.onefive.cz\/peakdesign\/wp-content\/uploads\/2024\/10\/outdoor-sling-2L-eclipse-159A0265-24x16.jpg 24w, https:\/\/www.onefive.cz\/peakdesign\/wp-content\/uploads\/2024\/10\/outdoor-sling-2L-eclipse-159A0265-36x24.jpg 36w, https:\/\/www.onefive.cz\/peakdesign\/wp-content\/uploads\/2024\/10\/outdoor-sling-2L-eclipse-159A0265-48x32.jpg 48w, https:\/\/www.onefive.cz\/peakdesign\/wp-content\/uploads\/2024\/10\/outdoor-sling-2L-eclipse-159A0265-450x300.jpg 450w, https:\/\/www.onefive.cz\/peakdesign\/wp-content\/uploads\/2024\/10\/outdoor-sling-2L-eclipse-159A0265.jpg 2047w\" sizes=\"auto, (max-width: 1500px) 100vw, 1500px\" \/><\/a><\/p><\/div><div class='clear_column'><\/div>\n","protected":false},"excerpt":{"rendered":"<p><span style=\"font-weight: 400;\">Ultralehk\u00fd outdoor sling p\u0159es rameno<\/span><\/p>\n<p><span style=\"font-weight: 400;\">Outdoor Sling 2L od Peak Design je tv\u016fj ide\u00e1ln\u00ed minimalistick\u00fd spole\u010dn\u00edk na cesty. Ultralehk\u00fd sling p\u0159es rameno m\u00e1 p\u0159esn\u011b tolik funkc\u00ed, aby byly tv\u00e9 nezbytnosti uspo\u0159\u00e1dan\u00e9, chr\u00e1n\u011bn\u00e9 a v bezpe\u010d\u00ed, a z\u00e1rove\u0148 je tak jednoduch\u00fd, \u017ee se do jeho pou\u017e\u00edv\u00e1n\u00ed zamiluje\u0161. Outdoor Sling m\u016f\u017ee\u0161 pou\u017e\u00edvat samostatn\u011b (p\u0159es rameno i jako ledvinku) nebo jej vyu\u017e\u00edt jako dopln\u011bk k dal\u0161\u00edm zavazadl\u016fm Peak Design. Polstrovan\u00fd popruh zaji\u0161\u0165uje pohodln\u00e9 no\u0161en\u00ed p\u0159es rameno, z\u00e1rove\u0148 jej lze snadno odejmout, obr\u00e1tit nebo p\u0159ipevnit k jin\u00fdm zavazadl\u016fm d\u00edky speci\u00e1ln\u00edm p\u0159ezk\u00e1m z lehk\u00e9ho a p\u0159itom odoln\u00e9ho materi\u00e1lu.<\/span><\/p>\n<p><span style=\"font-weight: 400;\">Outdoor Sling je vyroben\u00fd z materi\u00e1lu Terra Shell\u2122 210D ripstop (100% recyklovan\u00fd nylon), kter\u00fd je lehk\u00fd, odoln\u00fd proti od\u011bru a vod\u011bodoln\u00fd d\u00edky PU z\u00e1t\u011bru. Impregnace bez PFAS a spolehliv\u00fd 5 mm vod\u011bodoln\u00fd UltraZip\u2122 zajist\u00ed spolehlivou ochranu proti vn\u011bj\u0161\u00edm vliv\u016fm. Outdoor SLing 2L obsahuje polstrovanou kapsu s magnetick\u00fdm zav\u00edr\u00e1n\u00edm na telefon a dv\u011b vnit\u0159n\u00ed meshov\u00e9 kapsy na drobnosti.<\/span><\/p>\n<p><span style=\"font-weight: 400;\">Fair Trade a 100% Climate Neutral certifikace.<\/span><\/p>\n","protected":false},"featured_media":123156,"template":"","meta":[],"product_brand":[],"product_cat":[33],"product_tag":[],"class_list":{"0":"post-116455","1":"product","2":"type-product","3":"status-publish","4":"has-post-thumbnail","6":"product_cat-outdoor","8":"first","9":"onbackorder","10":"sale","11":"taxable","12":"shipping-taxable","13":"purchasable","14":"product-type-variable","15":"has-default-attributes"},"yoast_head":"<!-- This site is optimized with the Yoast SEO plugin v27.4 - https:\/\/yoast.com\/product\/yoast-seo-wordpress\/ -->\n<title>Outdoor Sling 2L - OneFive.cz - Prodejce Peak Design<\/title>\n<meta name=\"description\" content=\"Outdoor Sling 2L\" \/>\n<meta name=\"robots\" content=\"index, follow, max-snippet:-1, max-image-preview:large, max-video-preview:-1\" \/>\n<link rel=\"canonical\" href=\"https:\/\/www.onefive.cz\/peakdesign\/produkt\/outdoor-sling-2l\/\" \/>\n<meta property=\"og:locale\" content=\"cs_CZ\" \/>\n<meta property=\"og:type\" content=\"article\" \/>\n<meta property=\"og:title\" content=\"Outdoor Sling 2L - OneFive.cz - Prodejce Peak Design\" \/>\n<meta property=\"og:description\" content=\"Outdoor Sling 2L\" \/>\n<meta property=\"og:url\" content=\"https:\/\/www.onefive.cz\/peakdesign\/produkt\/outdoor-sling-2l\/\" \/>\n<meta property=\"og:site_name\" content=\"OneFive.cz - Prodejce Peak Design\" \/>\n<meta property=\"article:modified_time\" content=\"2026-04-17T03:36:21+00:00\" \/>\n<meta property=\"og:image\" content=\"https:\/\/www.onefive.cz\/peakdesign\/wp-content\/uploads\/2024\/10\/outdoor-sling-2L-black-2.jpg\" \/>\n\t<meta property=\"og:image:width\" content=\"2000\" \/>\n\t<meta property=\"og:image:height\" content=\"2000\" \/>\n\t<meta property=\"og:image:type\" content=\"image\/jpeg\" \/>\n<meta name=\"twitter:card\" content=\"summary_large_image\" \/>\n<meta name=\"twitter:label1\" content=\"Odhadovan\u00e1 doba \u010dten\u00ed\" \/>\n\t<meta name=\"twitter:data1\" content=\"3 minuty\" \/>\n<script type=\"application\/ld+json\" class=\"yoast-schema-graph\">{\"@context\":\"https:\\\/\\\/schema.org\",\"@graph\":[{\"@type\":\"WebPage\",\"@id\":\"https:\\\/\\\/www.onefive.cz\\\/peakdesign\\\/produkt\\\/outdoor-sling-2l\\\/\",\"url\":\"https:\\\/\\\/www.onefive.cz\\\/peakdesign\\\/produkt\\\/outdoor-sling-2l\\\/\",\"name\":\"Outdoor Sling 2L - OneFive.cz - Prodejce Peak Design\",\"isPartOf\":{\"@id\":\"https:\\\/\\\/www.onefive.cz\\\/peakdesign\\\/#website\"},\"primaryImageOfPage\":{\"@id\":\"https:\\\/\\\/www.onefive.cz\\\/peakdesign\\\/produkt\\\/outdoor-sling-2l\\\/#primaryimage\"},\"image\":{\"@id\":\"https:\\\/\\\/www.onefive.cz\\\/peakdesign\\\/produkt\\\/outdoor-sling-2l\\\/#primaryimage\"},\"thumbnailUrl\":\"https:\\\/\\\/www.onefive.cz\\\/peakdesign\\\/wp-content\\\/uploads\\\/2024\\\/10\\\/outdoor-sling-2L-black-2.jpg\",\"datePublished\":\"2024-10-12T18:54:42+00:00\",\"dateModified\":\"2026-04-17T03:36:21+00:00\",\"description\":\"Outdoor Sling 2L\",\"breadcrumb\":{\"@id\":\"https:\\\/\\\/www.onefive.cz\\\/peakdesign\\\/produkt\\\/outdoor-sling-2l\\\/#breadcrumb\"},\"inLanguage\":\"cs\",\"potentialAction\":[{\"@type\":\"ReadAction\",\"target\":[\"https:\\\/\\\/www.onefive.cz\\\/peakdesign\\\/produkt\\\/outdoor-sling-2l\\\/\"]}]},{\"@type\":\"ImageObject\",\"inLanguage\":\"cs\",\"@id\":\"https:\\\/\\\/www.onefive.cz\\\/peakdesign\\\/produkt\\\/outdoor-sling-2l\\\/#primaryimage\",\"url\":\"https:\\\/\\\/www.onefive.cz\\\/peakdesign\\\/wp-content\\\/uploads\\\/2024\\\/10\\\/outdoor-sling-2L-black-2.jpg\",\"contentUrl\":\"https:\\\/\\\/www.onefive.cz\\\/peakdesign\\\/wp-content\\\/uploads\\\/2024\\\/10\\\/outdoor-sling-2L-black-2.jpg\",\"width\":2000,\"height\":2000},{\"@type\":\"BreadcrumbList\",\"@id\":\"https:\\\/\\\/www.onefive.cz\\\/peakdesign\\\/produkt\\\/outdoor-sling-2l\\\/#breadcrumb\",\"itemListElement\":[{\"@type\":\"ListItem\",\"position\":1,\"name\":\"Dom\u016f\",\"item\":\"https:\\\/\\\/www.onefive.cz\\\/peakdesign\\\/\"},{\"@type\":\"ListItem\",\"position\":2,\"name\":\"Shop\",\"item\":\"https:\\\/\\\/www.onefive.cz\\\/peakdesign\\\/shop\\\/\"},{\"@type\":\"ListItem\",\"position\":3,\"name\":\"Outdoor Sling 2L\"}]},{\"@type\":\"WebSite\",\"@id\":\"https:\\\/\\\/www.onefive.cz\\\/peakdesign\\\/#website\",\"url\":\"https:\\\/\\\/www.onefive.cz\\\/peakdesign\\\/\",\"name\":\"OneFive.cz - Prodejce Peak Design\",\"description\":\"Kryty a dr\u017e\u00e1ky pro telefony, cestovn\u00ed a everyday batohy a ta\u0161ky, organiz\u00e9ry a fotop\u0159\u00edslu\u0161enstv\u00ed. Ultim\u00e1tn\u00ed v\u00fdbava pro ty, kte\u0159\u00ed vy\u017eaduj\u00ed to nejlep\u0161\u00ed.\",\"potentialAction\":[{\"@type\":\"SearchAction\",\"target\":{\"@type\":\"EntryPoint\",\"urlTemplate\":\"https:\\\/\\\/www.onefive.cz\\\/peakdesign\\\/?s={search_term_string}\"},\"query-input\":{\"@type\":\"PropertyValueSpecification\",\"valueRequired\":true,\"valueName\":\"search_term_string\"}}],\"inLanguage\":\"cs\"}]}<\/script>\n<!-- \/ Yoast SEO plugin. -->","yoast_head_json":{"title":"Outdoor Sling 2L - OneFive.cz - Prodejce Peak Design","description":"Outdoor Sling 2L","robots":{"index":"index","follow":"follow","max-snippet":"max-snippet:-1","max-image-preview":"max-image-preview:large","max-video-preview":"max-video-preview:-1"},"canonical":"https:\/\/www.onefive.cz\/peakdesign\/produkt\/outdoor-sling-2l\/","og_locale":"cs_CZ","og_type":"article","og_title":"Outdoor Sling 2L - OneFive.cz - Prodejce Peak Design","og_description":"Outdoor Sling 2L","og_url":"https:\/\/www.onefive.cz\/peakdesign\/produkt\/outdoor-sling-2l\/","og_site_name":"OneFive.cz - Prodejce Peak Design","article_modified_time":"2026-04-17T03:36:21+00:00","og_image":[{"width":2000,"height":2000,"url":"https:\/\/www.onefive.cz\/peakdesign\/wp-content\/uploads\/2024\/10\/outdoor-sling-2L-black-2.jpg","type":"image\/jpeg"}],"twitter_card":"summary_large_image","twitter_misc":{"Odhadovan\u00e1 doba \u010dten\u00ed":"3 minuty"},"schema":{"@context":"https:\/\/schema.org","@graph":[{"@type":"WebPage","@id":"https:\/\/www.onefive.cz\/peakdesign\/produkt\/outdoor-sling-2l\/","url":"https:\/\/www.onefive.cz\/peakdesign\/produkt\/outdoor-sling-2l\/","name":"Outdoor Sling 2L - OneFive.cz - Prodejce Peak Design","isPartOf":{"@id":"https:\/\/www.onefive.cz\/peakdesign\/#website"},"primaryImageOfPage":{"@id":"https:\/\/www.onefive.cz\/peakdesign\/produkt\/outdoor-sling-2l\/#primaryimage"},"image":{"@id":"https:\/\/www.onefive.cz\/peakdesign\/produkt\/outdoor-sling-2l\/#primaryimage"},"thumbnailUrl":"https:\/\/www.onefive.cz\/peakdesign\/wp-content\/uploads\/2024\/10\/outdoor-sling-2L-black-2.jpg","datePublished":"2024-10-12T18:54:42+00:00","dateModified":"2026-04-17T03:36:21+00:00","description":"Outdoor Sling 2L","breadcrumb":{"@id":"https:\/\/www.onefive.cz\/peakdesign\/produkt\/outdoor-sling-2l\/#breadcrumb"},"inLanguage":"cs","potentialAction":[{"@type":"ReadAction","target":["https:\/\/www.onefive.cz\/peakdesign\/produkt\/outdoor-sling-2l\/"]}]},{"@type":"ImageObject","inLanguage":"cs","@id":"https:\/\/www.onefive.cz\/peakdesign\/produkt\/outdoor-sling-2l\/#primaryimage","url":"https:\/\/www.onefive.cz\/peakdesign\/wp-content\/uploads\/2024\/10\/outdoor-sling-2L-black-2.jpg","contentUrl":"https:\/\/www.onefive.cz\/peakdesign\/wp-content\/uploads\/2024\/10\/outdoor-sling-2L-black-2.jpg","width":2000,"height":2000},{"@type":"BreadcrumbList","@id":"https:\/\/www.onefive.cz\/peakdesign\/produkt\/outdoor-sling-2l\/#breadcrumb","itemListElement":[{"@type":"ListItem","position":1,"name":"Dom\u016f","item":"https:\/\/www.onefive.cz\/peakdesign\/"},{"@type":"ListItem","position":2,"name":"Shop","item":"https:\/\/www.onefive.cz\/peakdesign\/shop\/"},{"@type":"ListItem","position":3,"name":"Outdoor Sling 2L"}]},{"@type":"WebSite","@id":"https:\/\/www.onefive.cz\/peakdesign\/#website","url":"https:\/\/www.onefive.cz\/peakdesign\/","name":"OneFive.cz - Prodejce Peak Design","description":"Kryty a dr\u017e\u00e1ky pro telefony, cestovn\u00ed a everyday batohy a ta\u0161ky, organiz\u00e9ry a fotop\u0159\u00edslu\u0161enstv\u00ed. Ultim\u00e1tn\u00ed v\u00fdbava pro ty, kte\u0159\u00ed vy\u017eaduj\u00ed to nejlep\u0161\u00ed.","potentialAction":[{"@type":"SearchAction","target":{"@type":"EntryPoint","urlTemplate":"https:\/\/www.onefive.cz\/peakdesign\/?s={search_term_string}"},"query-input":{"@type":"PropertyValueSpecification","valueRequired":true,"valueName":"search_term_string"}}],"inLanguage":"cs"}]}},"_links":{"self":[{"href":"https:\/\/www.onefive.cz\/peakdesign\/wp-json\/wp\/v2\/product\/116455","targetHints":{"allow":["GET"]}}],"collection":[{"href":"https:\/\/www.onefive.cz\/peakdesign\/wp-json\/wp\/v2\/product"}],"about":[{"href":"https:\/\/www.onefive.cz\/peakdesign\/wp-json\/wp\/v2\/types\/product"}],"wp:featuredmedia":[{"embeddable":true,"href":"https:\/\/www.onefive.cz\/peakdesign\/wp-json\/wp\/v2\/media\/123156"}],"wp:attachment":[{"href":"https:\/\/www.onefive.cz\/peakdesign\/wp-json\/wp\/v2\/media?parent=116455"}],"wp:term":[{"taxonomy":"product_brand","embeddable":true,"href":"https:\/\/www.onefive.cz\/peakdesign\/wp-json\/wp\/v2\/product_brand?post=116455"},{"taxonomy":"product_cat","embeddable":true,"href":"https:\/\/www.onefive.cz\/peakdesign\/wp-json\/wp\/v2\/product_cat?post=116455"},{"taxonomy":"product_tag","embeddable":true,"href":"https:\/\/www.onefive.cz\/peakdesign\/wp-json\/wp\/v2\/product_tag?post=116455"}],"curies":[{"name":"wp","href":"https:\/\/api.w.org\/{rel}","templated":true}]}}