{"id":118765,"date":"2024-12-08T23:15:14","date_gmt":"2024-12-08T22:15:14","guid":{"rendered":"https:\/\/www.onefive.cz\/peakdesign\/?post_type=product&#038;p=118765"},"modified":"2026-05-03T10:36:29","modified_gmt":"2026-05-03T08:36:29","slug":"triko-peak-design-see-you-out-there-unisex","status":"publish","type":"product","link":"https:\/\/www.onefive.cz\/peakdesign\/produkt\/triko-peak-design-see-you-out-there-unisex\/","title":{"rendered":"Triko Peak Design See You Out There \/ unisex"},"content":{"rendered":"<div class='content-column one_half'><h2>Hlavn\u00ed rysy<\/h2>\n<p><strong>SPECIFIKACE<\/strong><\/p>\n<ul style=\"padding-left: 15px;\">\n<li><strong>Materi\u00e1l<\/strong>: 100% Ring-Spun organick\u00e1 bavlna (Ring-Spun bavlna je jemn\u011bj\u0161\u00ed, odoln\u011bj\u0161\u00ed a vypad\u00e1 l\u00e9pe na pohled). Gram\u00e1\u017e 180 g\/m\u00b2. Pr\u00e9miov\u00e1 kvalita a konstrukce (ani to v\u0161echno neum\u00edme p\u0159elo\u017eit - Set-in sleeve, 1x1 rib at neck collar, Inside back neck tape in self fabric, Twin needle topstitch at sleeve cuff and hem).<\/li>\n<li><strong>Barva<\/strong>: Triko - \u010dern\u00e1, potisk - zlat\u011b \u017elut\u00e1 (stejn\u00e1 jako m\u00e1 logo PD na zavazadlech Outdoor line v \u010dern\u00e9 barv\u011b).<\/li>\n<li><strong>St\u0159ih<\/strong>: Medium fit, v\u00edce viz tabulka velikost\u00ed.<\/li>\n<li><strong>Fair Wear Foundation<\/strong>: Textil vyroben s certifikac\u00ed Fair Wear Foundation<\/li>\n<\/ul><\/div>\n<div class='content-column one_half last_column'><h2 style=\"padding-top: 15px;\">Ur\u010den\u00ed velikosti<\/h2>\n<p>Tato tabulka v\u00e1m pom\u016f\u017ee ur\u010dit spr\u00e1vnou velikost tri\u010dka. Pokud si nejste jist\u00ed, zm\u011b\u0159te tyto m\u00edry na va\u0161em tri\u010dku (ne sebe), kter\u00e9 v\u00e1m perfektn\u011b sedne, a porovnejte s m\u00edrami v tabulce. Obr\u00e1zek m\u016f\u017eete kliknut\u00edm zv\u011bt\u0161it.<\/p>\n<p>&nbsp;<\/p>\n<p><a href=\"https:\/\/www.onefive.cz\/peakdesign\/wp-content\/uploads\/2024\/12\/tee-sizing-2.jpg\" target=\"_blank\" rel=\"noopener\"><img loading=\"lazy\" decoding=\"async\" class=\"alignnone wp-image-118787 size-full\" src=\"https:\/\/www.onefive.cz\/peakdesign\/wp-content\/uploads\/2024\/12\/tee-sizing-2.jpg\" alt=\"\" width=\"1600\" height=\"657\" srcset=\"https:\/\/www.onefive.cz\/peakdesign\/wp-content\/uploads\/2024\/12\/tee-sizing-2.jpg 1600w, https:\/\/www.onefive.cz\/peakdesign\/wp-content\/uploads\/2024\/12\/tee-sizing-2-500x205.jpg 500w, https:\/\/www.onefive.cz\/peakdesign\/wp-content\/uploads\/2024\/12\/tee-sizing-2-1500x616.jpg 1500w, https:\/\/www.onefive.cz\/peakdesign\/wp-content\/uploads\/2024\/12\/tee-sizing-2-768x315.jpg 768w, https:\/\/www.onefive.cz\/peakdesign\/wp-content\/uploads\/2024\/12\/tee-sizing-2-1536x631.jpg 1536w, https:\/\/www.onefive.cz\/peakdesign\/wp-content\/uploads\/2024\/12\/tee-sizing-2-24x10.jpg 24w, https:\/\/www.onefive.cz\/peakdesign\/wp-content\/uploads\/2024\/12\/tee-sizing-2-36x15.jpg 36w, https:\/\/www.onefive.cz\/peakdesign\/wp-content\/uploads\/2024\/12\/tee-sizing-2-48x20.jpg 48w, https:\/\/www.onefive.cz\/peakdesign\/wp-content\/uploads\/2024\/12\/tee-sizing-2-450x185.jpg 450w\" sizes=\"auto, (max-width: 1600px) 100vw, 1600px\" \/><\/a><\/p><\/div><div class='clear_column'><\/div>\n","protected":false},"excerpt":{"rendered":"<p><img decoding=\"async\" class=\"alignnone size-full\" src=\"https:\/\/www.peakdesign.cz\/wp-content\/uploads\/2019\/11\/pdczskteesust.jpg\" alt=\"\" width=\"450\" \/><\/p>\n<p>Nezbytnost pro v\u0161echny fanou\u0161ky Peak Design. Dali jsme si velkou pr\u00e1ci a vybrali pro v\u00e1s to nejlep\u0161\u00ed a nejkvalitn\u011bj\u0161\u00ed triko pod sluncem. Triko nese na hrudi logo Peak Design a slogan na\u0161\u00ed nov\u00e9 \u0159ady zavazadel Outdoor Line - See You Out There. Pr\u00e9miov\u00e1 kvalita, 100% Ring-Spun organick\u00e1 bavlna, medium fit st\u0159ih, 180 g\/m\u00b2, certifikace Fair Wear Foundation.<\/p>\n<p><strong>Cena 339 K\u010d <\/strong>p\u0159i objedn\u00e1vce spolu s <a href=\"https:\/\/www.onefive.cz\/peakdesign\/produkt\/ponozky-peak-design\/\">pono\u017ekami<\/a>. Sleva se zobraz\u00ed automaticky v ko\u0161\u00edku.<\/p>\n<p>&nbsp;<\/p>\n<p>&nbsp;<\/p>\n","protected":false},"featured_media":118810,"template":"","meta":[],"product_brand":[],"product_cat":[18],"product_tag":[],"class_list":{"0":"post-118765","1":"product","2":"type-product","3":"status-publish","4":"has-post-thumbnail","6":"product_cat-uncategorized","8":"first","9":"instock","10":"taxable","11":"shipping-taxable","12":"purchasable","13":"product-type-variable"},"yoast_head":"<!-- This site is optimized with the Yoast SEO plugin v27.5 - https:\/\/yoast.com\/product\/yoast-seo-wordpress\/ -->\n<title>Triko Peak Design See You Out There \/ unisex - OneFive.cz - Prodejce Peak Design<\/title>\n<meta name=\"description\" content=\"Peak Design CZ\/SK T-SHIRT \/ unisex\" \/>\n<meta name=\"robots\" content=\"index, follow, max-snippet:-1, max-image-preview:large, max-video-preview:-1\" \/>\n<link rel=\"canonical\" href=\"https:\/\/www.onefive.cz\/peakdesign\/produkt\/triko-peak-design-see-you-out-there-unisex\/\" \/>\n<meta property=\"og:locale\" content=\"cs_CZ\" \/>\n<meta property=\"og:type\" content=\"article\" \/>\n<meta property=\"og:title\" content=\"Triko Peak Design See You Out There \/ unisex\" \/>\n<meta property=\"og:description\" content=\"Triko Peak Design See You Out There \/ unisex\" \/>\n<meta property=\"og:url\" content=\"https:\/\/www.onefive.cz\/peakdesign\/produkt\/triko-peak-design-see-you-out-there-unisex\/\" \/>\n<meta property=\"og:site_name\" content=\"OneFive.cz - Prodejce Peak Design\" \/>\n<meta property=\"article:modified_time\" content=\"2026-05-03T08:36:29+00:00\" \/>\n<meta property=\"og:image\" content=\"https:\/\/www.onefive.cz\/peakdesign\/wp-content\/uploads\/2024\/12\/tee-see-you2-2.jpg\" \/>\n\t<meta property=\"og:image:width\" content=\"1600\" \/>\n\t<meta property=\"og:image:height\" content=\"1600\" \/>\n\t<meta property=\"og:image:type\" content=\"image\/jpeg\" \/>\n<meta name=\"twitter:card\" content=\"summary_large_image\" \/>\n<meta name=\"twitter:label1\" content=\"Odhadovan\u00e1 doba \u010dten\u00ed\" \/>\n\t<meta name=\"twitter:data1\" content=\"2 minuty\" \/>\n<script type=\"application\/ld+json\" class=\"yoast-schema-graph\">{\"@context\":\"https:\\\/\\\/schema.org\",\"@graph\":[{\"@type\":\"WebPage\",\"@id\":\"https:\\\/\\\/www.onefive.cz\\\/peakdesign\\\/produkt\\\/triko-peak-design-see-you-out-there-unisex\\\/\",\"url\":\"https:\\\/\\\/www.onefive.cz\\\/peakdesign\\\/produkt\\\/triko-peak-design-see-you-out-there-unisex\\\/\",\"name\":\"Triko Peak Design See You Out There \\\/ unisex - OneFive.cz - Prodejce Peak Design\",\"isPartOf\":{\"@id\":\"https:\\\/\\\/www.onefive.cz\\\/peakdesign\\\/#website\"},\"primaryImageOfPage\":{\"@id\":\"https:\\\/\\\/www.onefive.cz\\\/peakdesign\\\/produkt\\\/triko-peak-design-see-you-out-there-unisex\\\/#primaryimage\"},\"image\":{\"@id\":\"https:\\\/\\\/www.onefive.cz\\\/peakdesign\\\/produkt\\\/triko-peak-design-see-you-out-there-unisex\\\/#primaryimage\"},\"thumbnailUrl\":\"https:\\\/\\\/www.onefive.cz\\\/peakdesign\\\/wp-content\\\/uploads\\\/2024\\\/12\\\/tee-see-you2-2.jpg\",\"datePublished\":\"2024-12-08T22:15:14+00:00\",\"dateModified\":\"2026-05-03T08:36:29+00:00\",\"description\":\"Peak Design CZ\\\/SK T-SHIRT \\\/ unisex\",\"breadcrumb\":{\"@id\":\"https:\\\/\\\/www.onefive.cz\\\/peakdesign\\\/produkt\\\/triko-peak-design-see-you-out-there-unisex\\\/#breadcrumb\"},\"inLanguage\":\"cs\",\"potentialAction\":[{\"@type\":\"ReadAction\",\"target\":[\"https:\\\/\\\/www.onefive.cz\\\/peakdesign\\\/produkt\\\/triko-peak-design-see-you-out-there-unisex\\\/\"]}]},{\"@type\":\"ImageObject\",\"inLanguage\":\"cs\",\"@id\":\"https:\\\/\\\/www.onefive.cz\\\/peakdesign\\\/produkt\\\/triko-peak-design-see-you-out-there-unisex\\\/#primaryimage\",\"url\":\"https:\\\/\\\/www.onefive.cz\\\/peakdesign\\\/wp-content\\\/uploads\\\/2024\\\/12\\\/tee-see-you2-2.jpg\",\"contentUrl\":\"https:\\\/\\\/www.onefive.cz\\\/peakdesign\\\/wp-content\\\/uploads\\\/2024\\\/12\\\/tee-see-you2-2.jpg\",\"width\":1600,\"height\":1600},{\"@type\":\"BreadcrumbList\",\"@id\":\"https:\\\/\\\/www.onefive.cz\\\/peakdesign\\\/produkt\\\/triko-peak-design-see-you-out-there-unisex\\\/#breadcrumb\",\"itemListElement\":[{\"@type\":\"ListItem\",\"position\":1,\"name\":\"Dom\u016f\",\"item\":\"https:\\\/\\\/www.onefive.cz\\\/peakdesign\\\/\"},{\"@type\":\"ListItem\",\"position\":2,\"name\":\"Shop\",\"item\":\"https:\\\/\\\/www.onefive.cz\\\/peakdesign\\\/shop\\\/\"},{\"@type\":\"ListItem\",\"position\":3,\"name\":\"Triko Peak Design See You Out There \\\/ unisex\"}]},{\"@type\":\"WebSite\",\"@id\":\"https:\\\/\\\/www.onefive.cz\\\/peakdesign\\\/#website\",\"url\":\"https:\\\/\\\/www.onefive.cz\\\/peakdesign\\\/\",\"name\":\"OneFive.cz - Prodejce Peak Design\",\"description\":\"Kryty a dr\u017e\u00e1ky pro telefony, cestovn\u00ed a everyday batohy a ta\u0161ky, organiz\u00e9ry a fotop\u0159\u00edslu\u0161enstv\u00ed. Ultim\u00e1tn\u00ed v\u00fdbava pro ty, kte\u0159\u00ed vy\u017eaduj\u00ed to nejlep\u0161\u00ed.\",\"potentialAction\":[{\"@type\":\"SearchAction\",\"target\":{\"@type\":\"EntryPoint\",\"urlTemplate\":\"https:\\\/\\\/www.onefive.cz\\\/peakdesign\\\/?s={search_term_string}\"},\"query-input\":{\"@type\":\"PropertyValueSpecification\",\"valueRequired\":true,\"valueName\":\"search_term_string\"}}],\"inLanguage\":\"cs\"}]}<\/script>\n<!-- \/ Yoast SEO plugin. -->","yoast_head_json":{"title":"Triko Peak Design See You Out There \/ unisex - OneFive.cz - Prodejce Peak Design","description":"Peak Design CZ\/SK T-SHIRT \/ unisex","robots":{"index":"index","follow":"follow","max-snippet":"max-snippet:-1","max-image-preview":"max-image-preview:large","max-video-preview":"max-video-preview:-1"},"canonical":"https:\/\/www.onefive.cz\/peakdesign\/produkt\/triko-peak-design-see-you-out-there-unisex\/","og_locale":"cs_CZ","og_type":"article","og_title":"Triko Peak Design See You Out There \/ unisex","og_description":"Triko Peak Design See You Out There \/ unisex","og_url":"https:\/\/www.onefive.cz\/peakdesign\/produkt\/triko-peak-design-see-you-out-there-unisex\/","og_site_name":"OneFive.cz - Prodejce Peak Design","article_modified_time":"2026-05-03T08:36:29+00:00","og_image":[{"width":1600,"height":1600,"url":"https:\/\/www.onefive.cz\/peakdesign\/wp-content\/uploads\/2024\/12\/tee-see-you2-2.jpg","type":"image\/jpeg"}],"twitter_card":"summary_large_image","twitter_misc":{"Odhadovan\u00e1 doba \u010dten\u00ed":"2 minuty"},"schema":{"@context":"https:\/\/schema.org","@graph":[{"@type":"WebPage","@id":"https:\/\/www.onefive.cz\/peakdesign\/produkt\/triko-peak-design-see-you-out-there-unisex\/","url":"https:\/\/www.onefive.cz\/peakdesign\/produkt\/triko-peak-design-see-you-out-there-unisex\/","name":"Triko Peak Design See You Out There \/ unisex - OneFive.cz - Prodejce Peak Design","isPartOf":{"@id":"https:\/\/www.onefive.cz\/peakdesign\/#website"},"primaryImageOfPage":{"@id":"https:\/\/www.onefive.cz\/peakdesign\/produkt\/triko-peak-design-see-you-out-there-unisex\/#primaryimage"},"image":{"@id":"https:\/\/www.onefive.cz\/peakdesign\/produkt\/triko-peak-design-see-you-out-there-unisex\/#primaryimage"},"thumbnailUrl":"https:\/\/www.onefive.cz\/peakdesign\/wp-content\/uploads\/2024\/12\/tee-see-you2-2.jpg","datePublished":"2024-12-08T22:15:14+00:00","dateModified":"2026-05-03T08:36:29+00:00","description":"Peak Design CZ\/SK T-SHIRT \/ unisex","breadcrumb":{"@id":"https:\/\/www.onefive.cz\/peakdesign\/produkt\/triko-peak-design-see-you-out-there-unisex\/#breadcrumb"},"inLanguage":"cs","potentialAction":[{"@type":"ReadAction","target":["https:\/\/www.onefive.cz\/peakdesign\/produkt\/triko-peak-design-see-you-out-there-unisex\/"]}]},{"@type":"ImageObject","inLanguage":"cs","@id":"https:\/\/www.onefive.cz\/peakdesign\/produkt\/triko-peak-design-see-you-out-there-unisex\/#primaryimage","url":"https:\/\/www.onefive.cz\/peakdesign\/wp-content\/uploads\/2024\/12\/tee-see-you2-2.jpg","contentUrl":"https:\/\/www.onefive.cz\/peakdesign\/wp-content\/uploads\/2024\/12\/tee-see-you2-2.jpg","width":1600,"height":1600},{"@type":"BreadcrumbList","@id":"https:\/\/www.onefive.cz\/peakdesign\/produkt\/triko-peak-design-see-you-out-there-unisex\/#breadcrumb","itemListElement":[{"@type":"ListItem","position":1,"name":"Dom\u016f","item":"https:\/\/www.onefive.cz\/peakdesign\/"},{"@type":"ListItem","position":2,"name":"Shop","item":"https:\/\/www.onefive.cz\/peakdesign\/shop\/"},{"@type":"ListItem","position":3,"name":"Triko Peak Design See You Out There \/ unisex"}]},{"@type":"WebSite","@id":"https:\/\/www.onefive.cz\/peakdesign\/#website","url":"https:\/\/www.onefive.cz\/peakdesign\/","name":"OneFive.cz - Prodejce Peak Design","description":"Kryty a dr\u017e\u00e1ky pro telefony, cestovn\u00ed a everyday batohy a ta\u0161ky, organiz\u00e9ry a fotop\u0159\u00edslu\u0161enstv\u00ed. Ultim\u00e1tn\u00ed v\u00fdbava pro ty, kte\u0159\u00ed vy\u017eaduj\u00ed to nejlep\u0161\u00ed.","potentialAction":[{"@type":"SearchAction","target":{"@type":"EntryPoint","urlTemplate":"https:\/\/www.onefive.cz\/peakdesign\/?s={search_term_string}"},"query-input":{"@type":"PropertyValueSpecification","valueRequired":true,"valueName":"search_term_string"}}],"inLanguage":"cs"}]}},"_links":{"self":[{"href":"https:\/\/www.onefive.cz\/peakdesign\/wp-json\/wp\/v2\/product\/118765","targetHints":{"allow":["GET"]}}],"collection":[{"href":"https:\/\/www.onefive.cz\/peakdesign\/wp-json\/wp\/v2\/product"}],"about":[{"href":"https:\/\/www.onefive.cz\/peakdesign\/wp-json\/wp\/v2\/types\/product"}],"wp:featuredmedia":[{"embeddable":true,"href":"https:\/\/www.onefive.cz\/peakdesign\/wp-json\/wp\/v2\/media\/118810"}],"wp:attachment":[{"href":"https:\/\/www.onefive.cz\/peakdesign\/wp-json\/wp\/v2\/media?parent=118765"}],"wp:term":[{"taxonomy":"product_brand","embeddable":true,"href":"https:\/\/www.onefive.cz\/peakdesign\/wp-json\/wp\/v2\/product_brand?post=118765"},{"taxonomy":"product_cat","embeddable":true,"href":"https:\/\/www.onefive.cz\/peakdesign\/wp-json\/wp\/v2\/product_cat?post=118765"},{"taxonomy":"product_tag","embeddable":true,"href":"https:\/\/www.onefive.cz\/peakdesign\/wp-json\/wp\/v2\/product_tag?post=118765"}],"curies":[{"name":"wp","href":"https:\/\/api.w.org\/{rel}","templated":true}]}}