{"id":118811,"date":"2024-12-07T00:12:25","date_gmt":"2024-12-06T23:12:25","guid":{"rendered":"https:\/\/www.onefive.cz\/peakdesign\/?post_type=product&#038;p=118811"},"modified":"2026-05-03T12:31:37","modified_gmt":"2026-05-03T10:31:37","slug":"ponozky-peak-design","status":"publish","type":"product","link":"https:\/\/www.onefive.cz\/peakdesign\/produkt\/ponozky-peak-design\/","title":{"rendered":"Pono\u017eky Peak Design"},"content":{"rendered":"<div class='content-column one_half'><h2>Hlavn\u00ed rysy<\/h2>\n<ul style=\"padding-left: 15px;\">\n<li><b>Jsou pono\u017eky a <em>pono\u017eky<\/em>.\u00a0<\/b>Ty na\u0161e pat\u0159\u00ed do t\u00e9 druh\u00e9 kategorie, kdy nejde o ka\u017edodenn\u00ed nutnost, ale o ka\u017edodenn\u00ed radost. Kvalitn\u011b zpracovan\u00e9 a v \u010cesku vyroben\u00e9 vy\u0161\u0161\u00ed pono\u017eky z dlouhovl\u00e1kenn\u00e9 bavlny zajist\u00ed maxim\u00e1ln\u00ed komfort p\u0159i ka\u017edodenn\u00edm no\u0161en\u00ed, a\u0165 u\u017e se vyd\u00e1v\u00e1te na jakoukoliv cestu. Zes\u00edlen\u00ed na pat\u011b a na \u0161pi\u010dce odoln\u00fdm polyamidem p\u0159id\u00e1v\u00e1 na komfortu a \u017eivotnosti.<\/li>\n<li>A co v\u00edc? Na zadn\u00ed stran\u011b najdete vypleten\u00e9 logo t\u00e9 nejlep\u0161\u00ed spole\u010dnosti na sv\u011bt\u011b. Alespo\u0148 podle n\u00e1s. A jeliko\u017e si prohl\u00ed\u017e\u00edte tuhle str\u00e1nku, pravd\u011bpodobn\u011b si mysl\u00edte to sam\u00e9.<\/li>\n<li>P\u0159ipravili jsme z\u00e1kladn\u00ed \u010dist\u00fd design. \u010cern\u00e1 pono\u017eka s b\u00edl\u00fdm logem a b\u00edl\u00e1 pono\u017eka s \u010dern\u00fdm. Kdo se chce odv\u00e1zat, m\u016f\u017ee nosit na prav\u00e9 noze jednu a na lev\u00e9 druhou. Ostatn\u011b, kdy\u017e u\u017e si na\u0161e pono\u017eky budete po\u0159izovat, je jednozna\u010dn\u011b nutn\u00e9 po\u0159\u00eddit v\u00edc ne\u017e jeden p\u00e1r.<\/li>\n<\/ul>\n<p><strong>SPECIFIKACE<\/strong><\/p>\n<ul style=\"padding-left: 15px;\">\n<li><strong>Materi\u00e1l<\/strong>: Hladk\u00e1 pletenina z kvalitn\u00ed dlouhovl\u00e1kn\u00e9 bavlny, do l\u00fdtka a chodidla je p\u0159id\u00e1n elastan pro tvarovou stabilitu a p\u0159\u00edjemn\u00e9 no\u0161en\u00ed a paty a \u0161pice jsou zes\u00edleny polyamidem. Materi\u00e1lov\u00e9 slo\u017een\u00ed pono\u017eek: 80% bavlna, 18% polyamid, 2% elastan.<\/li>\n<li><strong>Barva<\/strong>: Dv\u011b varianty: 1. pono\u017eka - \u010dern\u00e1, vypleten\u00e9 logo - b\u00edl\u00e1, \u00a02. pono\u017eka - b\u00edl\u00e1, vypleten\u00e9 logo - \u010dern\u00e1<\/li>\n<li><strong>Velikosti<\/strong>: 37-41 a 42-46<\/li>\n<li><strong>V\u00fdroba<\/strong>: \u010cR<\/li>\n<\/ul><\/div>\n<div class='content-column one_half last_column'><\/div><div class='clear_column'><\/div>\n","protected":false},"excerpt":{"rendered":"<p>Nezbytnost pro v\u0161echny fanou\u0161ky Peak Design. Vy\u0161\u0161\u00ed pono\u017eky z dlouhovl\u00e1kenn\u00e9 bavlny zajist\u00ed maxim\u00e1ln\u00ed komfort p\u0159i ka\u017edodenn\u00edm no\u0161en\u00ed. Vyrobeno v \u010cR. Cena je za 1 p\u00e1r.<\/p>\n<p><strong>Cena 189 K\u010d \/ p\u00e1r<\/strong> p\u0159i objedn\u00e1vce 2 a v\u00edce p\u00e1r\u016f. Sleva se zobraz\u00ed automaticky v ko\u0161\u00edku. Pod\u00edvejte se tak\u00e9 na na\u0161e nov\u00e9 <a href=\"https:\/\/www.onefive.cz\/peakdesign\/produkt\/triko-peak-design-see-you-out-there-unisex\/\">triko<\/a>.<\/p>\n","protected":false},"featured_media":118819,"template":"","meta":[],"product_brand":[],"product_cat":[26],"product_tag":[],"class_list":{"0":"post-118811","1":"product","2":"type-product","3":"status-publish","4":"has-post-thumbnail","6":"product_cat-limmerch","8":"first","9":"instock","10":"taxable","11":"shipping-taxable","12":"purchasable","13":"product-type-variable","14":"has-default-attributes"},"yoast_head":"<!-- This site is optimized with the Yoast SEO plugin v27.5 - https:\/\/yoast.com\/product\/yoast-seo-wordpress\/ -->\n<title>Pono\u017eky Peak Design - OneFive.cz - Prodejce Peak Design<\/title>\n<meta name=\"description\" content=\"Pono\u017eky Peak Design\" \/>\n<meta name=\"robots\" content=\"index, follow, max-snippet:-1, max-image-preview:large, max-video-preview:-1\" \/>\n<link rel=\"canonical\" href=\"https:\/\/www.onefive.cz\/peakdesign\/produkt\/ponozky-peak-design\/\" \/>\n<meta property=\"og:locale\" content=\"cs_CZ\" \/>\n<meta property=\"og:type\" content=\"article\" \/>\n<meta property=\"og:title\" content=\"Pono\u017eky Peak Design\" \/>\n<meta property=\"og:description\" content=\"Pono\u017eky Peak Design\" \/>\n<meta property=\"og:url\" content=\"https:\/\/www.onefive.cz\/peakdesign\/produkt\/ponozky-peak-design\/\" \/>\n<meta property=\"og:site_name\" content=\"OneFive.cz - Prodejce Peak Design\" \/>\n<meta property=\"article:modified_time\" content=\"2026-05-03T10:31:37+00:00\" \/>\n<meta property=\"og:image\" content=\"https:\/\/www.onefive.cz\/peakdesign\/wp-content\/uploads\/2024\/12\/pd-ponozka1-2.jpeg\" \/>\n\t<meta property=\"og:image:width\" content=\"1280\" \/>\n\t<meta property=\"og:image:height\" content=\"1280\" \/>\n\t<meta property=\"og:image:type\" content=\"image\/jpeg\" \/>\n<meta name=\"twitter:card\" content=\"summary_large_image\" \/>\n<meta name=\"twitter:label1\" content=\"Odhadovan\u00e1 doba \u010dten\u00ed\" \/>\n\t<meta name=\"twitter:data1\" content=\"2 minuty\" \/>\n<script type=\"application\/ld+json\" class=\"yoast-schema-graph\">{\"@context\":\"https:\\\/\\\/schema.org\",\"@graph\":[{\"@type\":\"WebPage\",\"@id\":\"https:\\\/\\\/www.onefive.cz\\\/peakdesign\\\/produkt\\\/ponozky-peak-design\\\/\",\"url\":\"https:\\\/\\\/www.onefive.cz\\\/peakdesign\\\/produkt\\\/ponozky-peak-design\\\/\",\"name\":\"Pono\u017eky Peak Design - OneFive.cz - Prodejce Peak Design\",\"isPartOf\":{\"@id\":\"https:\\\/\\\/www.onefive.cz\\\/peakdesign\\\/#website\"},\"primaryImageOfPage\":{\"@id\":\"https:\\\/\\\/www.onefive.cz\\\/peakdesign\\\/produkt\\\/ponozky-peak-design\\\/#primaryimage\"},\"image\":{\"@id\":\"https:\\\/\\\/www.onefive.cz\\\/peakdesign\\\/produkt\\\/ponozky-peak-design\\\/#primaryimage\"},\"thumbnailUrl\":\"https:\\\/\\\/www.onefive.cz\\\/peakdesign\\\/wp-content\\\/uploads\\\/2024\\\/12\\\/pd-ponozka1-2.jpeg\",\"datePublished\":\"2024-12-06T23:12:25+00:00\",\"dateModified\":\"2026-05-03T10:31:37+00:00\",\"description\":\"Pono\u017eky Peak Design\",\"breadcrumb\":{\"@id\":\"https:\\\/\\\/www.onefive.cz\\\/peakdesign\\\/produkt\\\/ponozky-peak-design\\\/#breadcrumb\"},\"inLanguage\":\"cs\",\"potentialAction\":[{\"@type\":\"ReadAction\",\"target\":[\"https:\\\/\\\/www.onefive.cz\\\/peakdesign\\\/produkt\\\/ponozky-peak-design\\\/\"]}]},{\"@type\":\"ImageObject\",\"inLanguage\":\"cs\",\"@id\":\"https:\\\/\\\/www.onefive.cz\\\/peakdesign\\\/produkt\\\/ponozky-peak-design\\\/#primaryimage\",\"url\":\"https:\\\/\\\/www.onefive.cz\\\/peakdesign\\\/wp-content\\\/uploads\\\/2024\\\/12\\\/pd-ponozka1-2.jpeg\",\"contentUrl\":\"https:\\\/\\\/www.onefive.cz\\\/peakdesign\\\/wp-content\\\/uploads\\\/2024\\\/12\\\/pd-ponozka1-2.jpeg\",\"width\":1280,\"height\":1280},{\"@type\":\"BreadcrumbList\",\"@id\":\"https:\\\/\\\/www.onefive.cz\\\/peakdesign\\\/produkt\\\/ponozky-peak-design\\\/#breadcrumb\",\"itemListElement\":[{\"@type\":\"ListItem\",\"position\":1,\"name\":\"Dom\u016f\",\"item\":\"https:\\\/\\\/www.onefive.cz\\\/peakdesign\\\/\"},{\"@type\":\"ListItem\",\"position\":2,\"name\":\"Shop\",\"item\":\"https:\\\/\\\/www.onefive.cz\\\/peakdesign\\\/shop\\\/\"},{\"@type\":\"ListItem\",\"position\":3,\"name\":\"Pono\u017eky Peak Design\"}]},{\"@type\":\"WebSite\",\"@id\":\"https:\\\/\\\/www.onefive.cz\\\/peakdesign\\\/#website\",\"url\":\"https:\\\/\\\/www.onefive.cz\\\/peakdesign\\\/\",\"name\":\"OneFive.cz - Prodejce Peak Design\",\"description\":\"Kryty a dr\u017e\u00e1ky pro telefony, cestovn\u00ed a everyday batohy a ta\u0161ky, organiz\u00e9ry a fotop\u0159\u00edslu\u0161enstv\u00ed. Ultim\u00e1tn\u00ed v\u00fdbava pro ty, kte\u0159\u00ed vy\u017eaduj\u00ed to nejlep\u0161\u00ed.\",\"potentialAction\":[{\"@type\":\"SearchAction\",\"target\":{\"@type\":\"EntryPoint\",\"urlTemplate\":\"https:\\\/\\\/www.onefive.cz\\\/peakdesign\\\/?s={search_term_string}\"},\"query-input\":{\"@type\":\"PropertyValueSpecification\",\"valueRequired\":true,\"valueName\":\"search_term_string\"}}],\"inLanguage\":\"cs\"}]}<\/script>\n<!-- \/ Yoast SEO plugin. -->","yoast_head_json":{"title":"Pono\u017eky Peak Design - OneFive.cz - Prodejce Peak Design","description":"Pono\u017eky Peak Design","robots":{"index":"index","follow":"follow","max-snippet":"max-snippet:-1","max-image-preview":"max-image-preview:large","max-video-preview":"max-video-preview:-1"},"canonical":"https:\/\/www.onefive.cz\/peakdesign\/produkt\/ponozky-peak-design\/","og_locale":"cs_CZ","og_type":"article","og_title":"Pono\u017eky Peak Design","og_description":"Pono\u017eky Peak Design","og_url":"https:\/\/www.onefive.cz\/peakdesign\/produkt\/ponozky-peak-design\/","og_site_name":"OneFive.cz - Prodejce Peak Design","article_modified_time":"2026-05-03T10:31:37+00:00","og_image":[{"width":1280,"height":1280,"url":"https:\/\/www.onefive.cz\/peakdesign\/wp-content\/uploads\/2024\/12\/pd-ponozka1-2.jpeg","type":"image\/jpeg"}],"twitter_card":"summary_large_image","twitter_misc":{"Odhadovan\u00e1 doba \u010dten\u00ed":"2 minuty"},"schema":{"@context":"https:\/\/schema.org","@graph":[{"@type":"WebPage","@id":"https:\/\/www.onefive.cz\/peakdesign\/produkt\/ponozky-peak-design\/","url":"https:\/\/www.onefive.cz\/peakdesign\/produkt\/ponozky-peak-design\/","name":"Pono\u017eky Peak Design - OneFive.cz - Prodejce Peak Design","isPartOf":{"@id":"https:\/\/www.onefive.cz\/peakdesign\/#website"},"primaryImageOfPage":{"@id":"https:\/\/www.onefive.cz\/peakdesign\/produkt\/ponozky-peak-design\/#primaryimage"},"image":{"@id":"https:\/\/www.onefive.cz\/peakdesign\/produkt\/ponozky-peak-design\/#primaryimage"},"thumbnailUrl":"https:\/\/www.onefive.cz\/peakdesign\/wp-content\/uploads\/2024\/12\/pd-ponozka1-2.jpeg","datePublished":"2024-12-06T23:12:25+00:00","dateModified":"2026-05-03T10:31:37+00:00","description":"Pono\u017eky Peak Design","breadcrumb":{"@id":"https:\/\/www.onefive.cz\/peakdesign\/produkt\/ponozky-peak-design\/#breadcrumb"},"inLanguage":"cs","potentialAction":[{"@type":"ReadAction","target":["https:\/\/www.onefive.cz\/peakdesign\/produkt\/ponozky-peak-design\/"]}]},{"@type":"ImageObject","inLanguage":"cs","@id":"https:\/\/www.onefive.cz\/peakdesign\/produkt\/ponozky-peak-design\/#primaryimage","url":"https:\/\/www.onefive.cz\/peakdesign\/wp-content\/uploads\/2024\/12\/pd-ponozka1-2.jpeg","contentUrl":"https:\/\/www.onefive.cz\/peakdesign\/wp-content\/uploads\/2024\/12\/pd-ponozka1-2.jpeg","width":1280,"height":1280},{"@type":"BreadcrumbList","@id":"https:\/\/www.onefive.cz\/peakdesign\/produkt\/ponozky-peak-design\/#breadcrumb","itemListElement":[{"@type":"ListItem","position":1,"name":"Dom\u016f","item":"https:\/\/www.onefive.cz\/peakdesign\/"},{"@type":"ListItem","position":2,"name":"Shop","item":"https:\/\/www.onefive.cz\/peakdesign\/shop\/"},{"@type":"ListItem","position":3,"name":"Pono\u017eky Peak Design"}]},{"@type":"WebSite","@id":"https:\/\/www.onefive.cz\/peakdesign\/#website","url":"https:\/\/www.onefive.cz\/peakdesign\/","name":"OneFive.cz - Prodejce Peak Design","description":"Kryty a dr\u017e\u00e1ky pro telefony, cestovn\u00ed a everyday batohy a ta\u0161ky, organiz\u00e9ry a fotop\u0159\u00edslu\u0161enstv\u00ed. Ultim\u00e1tn\u00ed v\u00fdbava pro ty, kte\u0159\u00ed vy\u017eaduj\u00ed to nejlep\u0161\u00ed.","potentialAction":[{"@type":"SearchAction","target":{"@type":"EntryPoint","urlTemplate":"https:\/\/www.onefive.cz\/peakdesign\/?s={search_term_string}"},"query-input":{"@type":"PropertyValueSpecification","valueRequired":true,"valueName":"search_term_string"}}],"inLanguage":"cs"}]}},"_links":{"self":[{"href":"https:\/\/www.onefive.cz\/peakdesign\/wp-json\/wp\/v2\/product\/118811","targetHints":{"allow":["GET"]}}],"collection":[{"href":"https:\/\/www.onefive.cz\/peakdesign\/wp-json\/wp\/v2\/product"}],"about":[{"href":"https:\/\/www.onefive.cz\/peakdesign\/wp-json\/wp\/v2\/types\/product"}],"wp:featuredmedia":[{"embeddable":true,"href":"https:\/\/www.onefive.cz\/peakdesign\/wp-json\/wp\/v2\/media\/118819"}],"wp:attachment":[{"href":"https:\/\/www.onefive.cz\/peakdesign\/wp-json\/wp\/v2\/media?parent=118811"}],"wp:term":[{"taxonomy":"product_brand","embeddable":true,"href":"https:\/\/www.onefive.cz\/peakdesign\/wp-json\/wp\/v2\/product_brand?post=118811"},{"taxonomy":"product_cat","embeddable":true,"href":"https:\/\/www.onefive.cz\/peakdesign\/wp-json\/wp\/v2\/product_cat?post=118811"},{"taxonomy":"product_tag","embeddable":true,"href":"https:\/\/www.onefive.cz\/peakdesign\/wp-json\/wp\/v2\/product_tag?post=118811"}],"curies":[{"name":"wp","href":"https:\/\/api.w.org\/{rel}","templated":true}]}}