{"id":122540,"date":"2025-05-06T23:14:16","date_gmt":"2025-05-06T21:14:16","guid":{"rendered":"https:\/\/www.onefive.cz\/peakdesign\/?post_type=product&#038;p=122540"},"modified":"2026-04-17T05:36:21","modified_gmt":"2026-04-17T03:36:21","slug":"roller-pro","status":"publish","type":"product","link":"https:\/\/www.onefive.cz\/peakdesign\/produkt\/roller-pro\/","title":{"rendered":"Roller Pro"},"content":{"rendered":"<div class='content-column one_half'><h2>Hlavn\u00ed rysy<\/h2>\n<p><strong>P\u0158EHLED VLASTNOST\u00cd<\/strong><\/p>\n<ul>\n<li>Spl\u0148uje glob\u00e1ln\u00edmi rozm\u011bry pro palubn\u00ed zavazadla<\/li>\n<li>Teleskopick\u00e1 rukoje\u0165 SlimDrive\u2122 z karbonu eliminuje ztr\u00e1tu vnit\u0159n\u00edho prostoru<\/li>\n<li>D\u00edky tuhosti madla je ovl\u00e1d\u00e1n\u00ed p\u0159i j\u00edzd\u011b plynulej\u0161\u00ed a citliv\u011bj\u0161\u00ed ne\u017e u jak\u00e9hokoli jin\u00e9ho kufru<\/li>\n<li>Hlavn\u00ed prostor se otev\u00edr\u00e1 jako padac\u00ed most \u2013 \u00fapln\u00fd p\u0159\u00edstup a p\u0159ehled s polovi\u010dn\u00edm n\u00e1rokem na m\u00edsto oproti b\u011b\u017en\u00e9mu kufru<\/li>\n<li>Vnit\u0159n\u00ed organiza\u010dn\u00ed panel pro drobnosti lze srolovat, pokud se nepou\u017e\u00edv\u00e1<\/li>\n<\/ul>\n<p><a href=\"https:\/\/www.onefive.cz\/peakdesign\/wp-content\/uploads\/2025\/05\/rollerpro-black-159A9091_1.jpg\"><img loading=\"lazy\" decoding=\"async\" class=\"alignnone size-full wp-image-123411\" src=\"https:\/\/www.onefive.cz\/peakdesign\/wp-content\/uploads\/2025\/05\/rollerpro-black-159A9091_1.jpg\" alt=\"\" width=\"1280\" height=\"854\" srcset=\"https:\/\/www.onefive.cz\/peakdesign\/wp-content\/uploads\/2025\/05\/rollerpro-black-159A9091_1.jpg 1280w, https:\/\/www.onefive.cz\/peakdesign\/wp-content\/uploads\/2025\/05\/rollerpro-black-159A9091_1-500x334.jpg 500w, https:\/\/www.onefive.cz\/peakdesign\/wp-content\/uploads\/2025\/05\/rollerpro-black-159A9091_1-768x512.jpg 768w, https:\/\/www.onefive.cz\/peakdesign\/wp-content\/uploads\/2025\/05\/rollerpro-black-159A9091_1-24x16.jpg 24w, https:\/\/www.onefive.cz\/peakdesign\/wp-content\/uploads\/2025\/05\/rollerpro-black-159A9091_1-36x24.jpg 36w, https:\/\/www.onefive.cz\/peakdesign\/wp-content\/uploads\/2025\/05\/rollerpro-black-159A9091_1-48x32.jpg 48w, https:\/\/www.onefive.cz\/peakdesign\/wp-content\/uploads\/2025\/05\/rollerpro-black-159A9091_1-450x300.jpg 450w\" sizes=\"auto, (max-width: 1280px) 100vw, 1280px\" \/><\/a><\/p>\n<ul>\n<li>Rychle p\u0159\u00edstupn\u00e1 vn\u011bj\u0161\u00ed kapsa Everyday Carry na sluch\u00e1tka, br\u00fdle, pas apod.<\/li>\n<li>Hlin\u00edkov\u00e9 poutko na kl\u00ed\u010de<\/li>\n<li>Samostatn\u00e1 chr\u00e1n\u011bn\u00e1 kapsa na laptop s magnetick\u00fdm uzav\u00edr\u00e1n\u00edm SnapTent\u2122 proti vypadnut\u00ed<\/li>\n<li>Hybridn\u00ed konstrukce tvrd\u00e9 sko\u0159epiny a m\u011bkk\u00e9ho vn\u011bj\u0161\u00edho pl\u00e1\u0161t\u011b zaji\u0161\u0165uje maxim\u00e1ln\u00ed ochranu a klasick\u00fd vzhled<\/li>\n<li>Vod\u011bodoln\u00fd vn\u011bj\u0161\u00ed materi\u00e1l VersaShell\u2122 ze 100% recyklovan\u00fdch vl\u00e1ken<\/li>\n<li>Odoln\u00e9 vod\u011bodoln\u00e9 zipy UltraZips\u2122 velikosti #8 \u2013 mnohem trvanliv\u011bj\u0161\u00ed ne\u017e b\u011b\u017en\u00e9 zipy<\/li>\n<li>Zipy lze rychle uzamknout b\u011b\u017en\u00fdm cestovn\u00edm z\u00e1mkem (nen\u00ed sou\u010d\u00e1st\u00ed balen\u00ed)<\/li>\n<li>Madla po cel\u00e9m obvodu kufru \u2013 360\u00b0 \u00fachop<\/li>\n<li>Vn\u011bj\u0161\u00ed syst\u00e9m Cord Hook\u2122 pro uchycen\u00ed bundy, stativu nebo dal\u0161\u00edho zavazadla<\/li>\n<li>Nen\u00e1padn\u00fd vnit\u0159n\u00ed syst\u00e9m Cord Hook\u2122 pro zaji\u0161t\u011bn\u00ed obsahu proti pohybu<\/li>\n<li>Pln\u011b kompatibiln\u00ed s vlo\u017ekami Peak Design <a href=\"https:\/\/www.onefive.cz\/peakdesign\/produkt\/camera-cube\/\">Camera Cube<\/a> \u2013 ide\u00e1ln\u00ed jako foto kufr<\/li>\n<li>Navr\u017eeno p\u0159esn\u011b pro vlo\u017een\u00ed Peak Design XL <a href=\"https:\/\/www.onefive.cz\/peakdesign\/produkt\/camera-cube\/\">Camera Cube<\/a> pro maxim\u00e1ln\u00ed vyu\u017eit\u00ed objemu pro ulo\u017een\u00ed foto\/video techniky<\/li>\n<li>Speci\u00e1ln\u011b navr\u017een\u00e1 kole\u010dka s hladk\u00fdm chodem (vym\u011bniteln\u00e1)<\/li>\n<li>Skryt\u00e1 kapsa na AirTag nebo Tile<\/li>\n<li>Tajn\u00e1 kapsa na cennosti<\/li>\n<li>Elegantn\u00ed a odoln\u00fd \u0161t\u00edtek na jm\u00e9no z materi\u00e1lu Hypalon je sou\u010d\u00e1st\u00ed balen\u00ed<\/li>\n<\/ul>\n<p><a href=\"https:\/\/www.onefive.cz\/peakdesign\/wp-content\/uploads\/2025\/05\/roller-lifestyle-serioustraveler-159A0515.jpg\"><img loading=\"lazy\" decoding=\"async\" class=\"alignnone size-full wp-image-123406\" src=\"https:\/\/www.onefive.cz\/peakdesign\/wp-content\/uploads\/2025\/05\/roller-lifestyle-serioustraveler-159A0515.jpg\" alt=\"\" width=\"1280\" height=\"854\" srcset=\"https:\/\/www.onefive.cz\/peakdesign\/wp-content\/uploads\/2025\/05\/roller-lifestyle-serioustraveler-159A0515.jpg 1280w, https:\/\/www.onefive.cz\/peakdesign\/wp-content\/uploads\/2025\/05\/roller-lifestyle-serioustraveler-159A0515-500x334.jpg 500w, https:\/\/www.onefive.cz\/peakdesign\/wp-content\/uploads\/2025\/05\/roller-lifestyle-serioustraveler-159A0515-768x512.jpg 768w, https:\/\/www.onefive.cz\/peakdesign\/wp-content\/uploads\/2025\/05\/roller-lifestyle-serioustraveler-159A0515-24x16.jpg 24w, https:\/\/www.onefive.cz\/peakdesign\/wp-content\/uploads\/2025\/05\/roller-lifestyle-serioustraveler-159A0515-36x24.jpg 36w, https:\/\/www.onefive.cz\/peakdesign\/wp-content\/uploads\/2025\/05\/roller-lifestyle-serioustraveler-159A0515-48x32.jpg 48w, https:\/\/www.onefive.cz\/peakdesign\/wp-content\/uploads\/2025\/05\/roller-lifestyle-serioustraveler-159A0515-450x300.jpg 450w\" sizes=\"auto, (max-width: 1280px) 100vw, 1280px\" \/><\/a><\/p><\/div>\n<div class='content-column one_half last_column'><h2>Video<\/h2>\n<p><iframe loading=\"lazy\" title=\"Kickstarter #14: Roller Pro By Peak Design\" width=\"500\" height=\"281\" src=\"https:\/\/www.youtube.com\/embed\/qCXifXFxIRo?feature=oembed&enablejsapi=1&origin=https:\/\/www.onefive.cz\" frameborder=\"0\" allow=\"accelerometer; autoplay; clipboard-write; encrypted-media; gyroscope; picture-in-picture; web-share\" referrerpolicy=\"strict-origin-when-cross-origin\" allowfullscreen><\/iframe><\/p>\n<h2 style=\"padding-top: 15px;\">Specifikace<\/h2>\n<p class=\"p1\"><strong>Vn\u011bj\u0161\u00ed rozm\u011bry<\/strong><\/p>\n<ul>\n<li class=\"p1\">Standardn\u00ed: 55,6 \u00d7 35,6 \u00d7 23 cm (21,8\u201d \u00d7 14\u201d \u00d7 9\u201d)<\/li>\n<li class=\"p1\">Roz\u0161\u00ed\u0159en\u00fd: 55,6 \u00d7 35,6 \u00d7 28 cm (21,8\u201d \u00d7 14\u201d \u00d7 11\u201d)<\/li>\n<li class=\"p1\">Spl\u0148uje glob\u00e1ln\u00edmi rozm\u011bry pro palubn\u00ed zavazadla (ne v roz\u0161\u00ed\u0159en\u00e9m stavu)<\/li>\n<\/ul>\n<p class=\"p1\"><strong>Vnit\u0159n\u00ed rozm\u011bry<\/strong><\/p>\n<ul>\n<li class=\"p1\">Standardn\u00ed: 51,5 \u00d7 35 \u00d7 22 cm (20,3\u201d \u00d7 13,8\u201d \u00d7 8,7\u201d)<\/li>\n<li class=\"p1\">Roz\u0161\u00ed\u0159en\u00fd: 51,5 \u00d7 35 \u00d7 27 cm (20,3\u201d \u00d7 13,8\u201d \u00d7 10,6\u201d)<\/li>\n<\/ul>\n<p class=\"p1\"><strong>V\u00fd\u0161ka madla od zem\u011b<\/strong><\/p>\n<ul>\n<li class=\"p1\">Pln\u011b vysunut\u00e9: 100 cm (39,4\u201d)<\/li>\n<li class=\"p1\">2\/3 vysunut\u00e9: 90,5 cm (35,6\u201d)<\/li>\n<\/ul>\n<p class=\"p1\"><strong>Hmotnost<\/strong><\/p>\n<ul>\n<li class=\"p1\">3,9 kg (8,6 lb)<\/li>\n<\/ul>\n<p class=\"p1\"><strong>Objem<\/strong><\/p>\n<ul>\n<li class=\"p1\">34 l (39 l v roz\u0161\u00ed\u0159en\u00e9m stavu)<\/li>\n<\/ul>\n<p class=\"p1\"><strong>Maxim\u00e1ln\u00ed rozm\u011br notebooku<\/strong><\/p>\n<ul>\n<li class=\"p1\">16\u201d Macbook Pro<\/li>\n<\/ul>\n<p class=\"p1\"><strong>Kapacita pro Camera Cube od Peak Design<\/strong><\/p>\n<ul>\n<li class=\"p1\">Navr\u017eeno p\u0159esn\u011b pro vlo\u017een\u00ed XL <a href=\"https:\/\/www.onefive.cz\/peakdesign\/produkt\/camera-cube\/\">Camera Cube<\/a><\/li>\n<li class=\"p1\">Pojme tak\u00e9 L <a href=\"https:\/\/www.onefive.cz\/peakdesign\/produkt\/camera-cube\/\">Camera Cube<\/a> + prostor nav\u00edc<\/li>\n<li class=\"p1\">Kompatibiln\u00ed s Camera Cubes V1 i V2<\/li>\n<\/ul>\n<p class=\"p1\"><strong>Kompatibilita s balic\u00edmi dopl\u0148ky Peak Design<\/strong><\/p>\n<ul>\n<li class=\"p1\">Kompatibiln\u00ed se v\u0161emi Packing Cubes a Pouches<\/li>\n<li class=\"p1\">Skute\u010dn\u00e1 kapacita z\u00e1vis\u00ed na napln\u011bn\u00ed jednotliv\u00fdch dopl\u0148k\u016f<\/li>\n<\/ul>\n<p class=\"p1\"><strong>Rozm\u011bry \u0161t\u00edtku na zavazadlo<\/strong><\/p>\n<ul>\n<li class=\"p1\">13 \u00d7 2,5 \u00d7 0,2 cm<\/li>\n<\/ul>\n<p class=\"p1\"><strong>Pou\u017eit\u00e9 materi\u00e1ly<\/strong><\/p>\n<ul>\n<li class=\"p1\">Teleskopick\u00e1 rukoje\u0165 z uhl\u00edkov\u00e9ho vl\u00e1kna 3K<\/li>\n<li class=\"p1\">Horn\u00ed \u010d\u00e1st madla a tla\u010d\u00edtko vysunut\u00ed z obr\u00e1b\u011bn\u00e9ho a anodizovan\u00e9ho hlin\u00edku<\/li>\n<li class=\"p1\">Sko\u0159epina z 70% recyklovan\u00e9ho polykarbon\u00e1tu<\/li>\n<li class=\"p1\">Vn\u011bj\u0161\u00ed materi\u00e1l VersaShell\u2122 500D nylon ze 100% recykl\u00e1tu, s certifikac\u00ed Bluesign<\/li>\n<li class=\"p1\">Tkanina bez PFAS s vodoodpudivou \u00fapravou bez chemik\u00e1li\u00ed (alternativa k DWR)<\/li>\n<li class=\"p1\">Odoln\u00e1 pod\u0161\u00edvka z p\u011bny EVA<\/li>\n<li class=\"p1\">Zipy UltraZips\u2122 velikosti #8 s vl\u00e1knem UHMWPE odoln\u00fdm proti od\u011bru<\/li>\n<li class=\"p1\">V\u0161echna lanka vyrobena z mimo\u0159\u00e1dn\u011b pevn\u00e9ho UHMWPE pro dlouhou \u017eivotnost<\/li>\n<li class=\"p1\">Plst\u011bn\u00fd interi\u00e9r s vysokou viditelnost\u00ed inspirovan\u00fd interi\u00e9rem automobilu<\/li>\n<li class=\"p1\">Laserem vy\u0159ez\u00e1van\u00fd \u0161t\u00edtek a n\u00e1\u0161ivka z recyklovan\u00e9ho Hypalonu s certifikac\u00ed Bluesign<\/li>\n<li class=\"p1\">Plasty ABS pou\u017eity na madlo, r\u00e1m madla a krytky kole\u010dek<\/li>\n<li class=\"p1\">Vn\u011bj\u0161\u00ed kapsy Everyday Carry z 90% recyklovan\u00e9ho polyesteru s vysokou viditelnost\u00ed, certifikace Bluesign<\/li>\n<li class=\"p1\">Vnit\u0159n\u00ed kapsy ze s\u00ed\u0165oviny z pr\u016fhledn\u00e9ho nylonov\u00e9ho ripstopu<\/li>\n<li class=\"p1\">T\u0159ec\u00ed panty hlavn\u00edho v\u00edka z nylonu vyztu\u017een\u00e9ho\u00a0skeln\u00fdmi vl\u00e1kny<\/li>\n<\/ul>\n<h2>Obsah balen\u00ed<\/h2>\n<ul>\n<li class=\"p1\">1\u00d7 Roller Pro Carry-On<\/li>\n<li class=\"p1\">2\u00d7 Gear Loops\u2122<\/li>\n<li class=\"p1\">2\u00d7 lanka pro otev\u00edr\u00e1n\u00ed typu drawbridge (nainstalovan\u00e9)<\/li>\n<li class=\"p1\">1\u00d7 vnit\u0159n\u00ed zaji\u0161\u0165ovac\u00ed lanko (nainstalovan\u00e1)<\/li>\n<li class=\"p1\">1\u00d7 hlin\u00edkov\u00e9 poutko na kl\u00ed\u010de (nainstalovan\u00e9)<\/li>\n<li class=\"p1\">1\u00d7 \u0161t\u00edtek na jm\u00e9no z Hypalonu<\/li>\n<\/ul><\/div><div class='clear_column'><\/div>\n","protected":false},"excerpt":{"rendered":"<p>Pr\u00e9miov\u00fd kabinov\u00fd kufr<\/p>\n<p class=\"p1\">P\u0159edstavujeme revoluci ve sv\u011bt\u011b zavazadel. Roller Pro Carry-On je \u010dty\u0159kole\u010dkov\u00fd roz\u0161i\u0159iteln\u00fd kabinov\u00fd kufr navr\u017een\u00fd od z\u00e1kladu jinak a l\u00e9pe ne\u017e v\u0161e p\u0159ed n\u00edm. M\u00e1 v\u011bt\u0161\u00ed objem, l\u00e9pe jezd\u00e9, l\u00e9pe chr\u00e1n\u00ed obsah a l\u00e9pe vypad\u00e1. Ve sv\u011bt\u011b kufr\u016f, kter\u00e9 vypadaj\u00ed jeden jako druh\u00fd a vznikaj\u00ed z katalogov\u00fdch komponent\u016f, jsme \u0161li tam, kam si jin\u00ed v\u00fdrobci netroufli. Posunuli jsme hranice a nastavili nov\u00fd standard kvality, funk\u010dnosti a estetiky palubn\u00edch zavazadel.<\/p>\n<p class=\"p1\">Za\u010d\u00edn\u00e1 to revolu\u010dn\u00edm madlem SlimDrive\u2122, vyroben\u00fdm z ploch\u00e9ho, lehk\u00e9ho a ultratuh\u00e9ho uhl\u00edkov\u00e9ho vl\u00e1kna. SlimDrive\u2122 eliminuje ztr\u00e1tu prostoru uvnit\u0159 kufru a tak\u00e9 oh\u00fdb\u00e1n\u00ed a kroucen\u00ed, ke kter\u00e9mu doch\u00e1z\u00ed u b\u011b\u017en\u00fdch dvou a t\u0159\u00edd\u00edln\u00fdch hlin\u00edkov\u00fdch madel. SlimDrive\u2122 nab\u00edz\u00ed z\u00e1\u017eitek z ovl\u00e1d\u00e1n\u00ed, kter\u00fd si je\u0161t\u011b nikdy nepoznal.<\/p>\n<p class=\"p1\">Hybridn\u00ed konstrukce Roller Pro (vnit\u0159n\u00ed polykarbon\u00e1tov\u00e1 sko\u0159epina + vn\u011bj\u0161\u00ed tkanina Versa Shell\u2122) poskytuje ochranu tvrd\u00e9ho kufru a flexibilitu m\u011bkk\u00e9ho zavazadla \u2013 kombinace, kterou jinde nenajde\u0161. Stejn\u011b tak unik\u00e1tn\u00ed otev\u00edr\u00e1n\u00ed typu drawbridge (padac\u00ed most), kter\u00e9 nab\u00edz\u00ed pln\u00fd p\u0159\u00edstup a z\u00e1rove\u0148 zab\u00edr\u00e1 jen polovinu m\u00edsta oproti klasick\u00e9mu \u201elasturov\u00e9mu\u201c designu. M\u016f\u017ee\u0161 tak balit i vybalovat v men\u0161\u00edch prostor\u00e1ch a m\u00edt lep\u0161\u00ed p\u0159ehled o obsahu.<\/p>\n<p class=\"p1\">Vn\u011bj\u0161\u00ed kapsa Everyday Carry slou\u017e\u00ed pro rychl\u00fd p\u0159\u00edstup k pasu, br\u00fdl\u00edm nebo sluch\u00e1tk\u016fm p\u0159i bezpe\u010dnostn\u00ed kontrole i b\u011bhem letu. Polstrovan\u00e1 kapsa na notebook se zav\u00edr\u00e1 magneticky a sama, tak\u017ee se z n\u00ed nic n\u00e1hodou nevysype. Vn\u011bj\u0161\u00ed syst\u00e9m Cord Hook\u2122 umo\u017e\u0148uje p\u0159ipevnit v\u011bci na vn\u011bj\u0161\u00ed stranu zavazadla \u2013 z\u00edsk\u00e1te tak volnou ruku p\u0159i sprintu termin\u00e1lem. Uvnit\u0159 pak syst\u00e9m Cord Hook\u2122 zaji\u0161\u0165uje obsah rychleji a elegantn\u011bji ne\u017e klasick\u00e9 kompresn\u00ed popruhy<span style=\"font-weight: 400;\">. [read more]<\/span><\/p>\n<p class=\"p1\">Chytr\u00e9 detaily najdete v\u0161ude: vod\u011bodoln\u00e9 zipy UltraZips\u2122, kter\u00e9 lze uzamknout (pomoc\u00ed samostatn\u011b prod\u00e1van\u00e9ho cestovn\u00edho z\u00e1mku), laserem vy\u0159ez\u00e1van\u00fd \u0161t\u00edtek na jm\u00e9no z materi\u00e1lu Hypalon, polstrovan\u00e1 madla ze v\u0161ech stran, skryt\u00e1 kapsa na AirTag i tajn\u00e1 schr\u00e1nka na cennosti.<\/p>\n<p class=\"p1\">A pro fotografy? Seznam se se sv\u00fdm nov\u00fdm mobiln\u00edm ateli\u00e9rem. Roller Pro je navr\u017een tak, aby p\u0159esn\u011b pasoval na nov\u00fd Peak Design XL <a href=\"https:\/\/www.onefive.cz\/peakdesign\/produkt\/camera-cube\/\">Camera Cube<\/a>*. Nab\u00edz\u00ed nekone\u010dn\u011b p\u0159izp\u016fsobiteln\u00e9 ulo\u017een\u00ed, snadn\u00fd p\u0159\u00edstup i \u0161pi\u010dkovou ochranu pro kompletn\u00ed profi v\u00fdbavu \u2013 v\u010detn\u011b svisl\u00e9ho prostoru na karty, baterie a drobnosti. A\u0165 u\u017e cestuje\u0161, pracuje\u0161 v ter\u00e9nu nebo ve studiu, Roller Pro je tebe ide\u00e1ln\u00ed asistent.<span style=\"font-weight: 400;\">[\/read]<\/span><\/p>\n<p><span style=\"font-weight: 400;\">*P\u0159\u00edslu\u0161enstv\u00ed se prod\u00e1v\u00e1 samostatn\u011b.<\/span><\/p>\n","protected":false},"featured_media":123386,"template":"","meta":[],"product_brand":[],"product_cat":[18],"product_tag":[],"class_list":{"0":"post-122540","1":"product","2":"type-product","3":"status-publish","4":"has-post-thumbnail","6":"product_cat-uncategorized","8":"first","9":"onbackorder","10":"taxable","11":"shipping-taxable","12":"purchasable","13":"product-type-variable","14":"has-default-attributes"},"yoast_head":"<!-- This site is optimized with the Yoast SEO plugin v27.4 - https:\/\/yoast.com\/product\/yoast-seo-wordpress\/ -->\n<title>Roller Pro - OneFive.cz - Prodejce Peak Design<\/title>\n<meta name=\"description\" content=\"Roller Pro\" \/>\n<meta name=\"robots\" content=\"index, follow, max-snippet:-1, max-image-preview:large, max-video-preview:-1\" \/>\n<link rel=\"canonical\" href=\"https:\/\/www.onefive.cz\/peakdesign\/produkt\/roller-pro\/\" \/>\n<meta property=\"og:locale\" content=\"cs_CZ\" \/>\n<meta property=\"og:type\" content=\"article\" \/>\n<meta property=\"og:title\" content=\"Roller Pro - OneFive.cz - Prodejce Peak Design\" \/>\n<meta property=\"og:description\" content=\"Roller Pro\" \/>\n<meta property=\"og:url\" content=\"https:\/\/www.onefive.cz\/peakdesign\/produkt\/roller-pro\/\" \/>\n<meta property=\"og:site_name\" content=\"OneFive.cz - Prodejce Peak Design\" \/>\n<meta property=\"article:modified_time\" content=\"2026-04-17T03:36:21+00:00\" \/>\n<meta property=\"og:image\" content=\"https:\/\/www.onefive.cz\/peakdesign\/wp-content\/uploads\/2025\/05\/Roller-Pro-Black-1.jpg\" \/>\n\t<meta property=\"og:image:width\" content=\"1280\" \/>\n\t<meta property=\"og:image:height\" content=\"1280\" \/>\n\t<meta property=\"og:image:type\" content=\"image\/jpeg\" \/>\n<meta name=\"twitter:card\" content=\"summary_large_image\" \/>\n<meta name=\"twitter:label1\" content=\"Odhadovan\u00e1 doba \u010dten\u00ed\" \/>\n\t<meta name=\"twitter:data1\" content=\"4 minuty\" \/>\n<script type=\"application\/ld+json\" class=\"yoast-schema-graph\">{\"@context\":\"https:\\\/\\\/schema.org\",\"@graph\":[{\"@type\":\"WebPage\",\"@id\":\"https:\\\/\\\/www.onefive.cz\\\/peakdesign\\\/produkt\\\/roller-pro\\\/\",\"url\":\"https:\\\/\\\/www.onefive.cz\\\/peakdesign\\\/produkt\\\/roller-pro\\\/\",\"name\":\"Roller Pro - OneFive.cz - Prodejce Peak Design\",\"isPartOf\":{\"@id\":\"https:\\\/\\\/www.onefive.cz\\\/peakdesign\\\/#website\"},\"primaryImageOfPage\":{\"@id\":\"https:\\\/\\\/www.onefive.cz\\\/peakdesign\\\/produkt\\\/roller-pro\\\/#primaryimage\"},\"image\":{\"@id\":\"https:\\\/\\\/www.onefive.cz\\\/peakdesign\\\/produkt\\\/roller-pro\\\/#primaryimage\"},\"thumbnailUrl\":\"https:\\\/\\\/www.onefive.cz\\\/peakdesign\\\/wp-content\\\/uploads\\\/2025\\\/05\\\/Roller-Pro-Black-1.jpg\",\"datePublished\":\"2025-05-06T21:14:16+00:00\",\"dateModified\":\"2026-04-17T03:36:21+00:00\",\"description\":\"Roller Pro\",\"breadcrumb\":{\"@id\":\"https:\\\/\\\/www.onefive.cz\\\/peakdesign\\\/produkt\\\/roller-pro\\\/#breadcrumb\"},\"inLanguage\":\"cs\",\"potentialAction\":[{\"@type\":\"ReadAction\",\"target\":[\"https:\\\/\\\/www.onefive.cz\\\/peakdesign\\\/produkt\\\/roller-pro\\\/\"]}]},{\"@type\":\"ImageObject\",\"inLanguage\":\"cs\",\"@id\":\"https:\\\/\\\/www.onefive.cz\\\/peakdesign\\\/produkt\\\/roller-pro\\\/#primaryimage\",\"url\":\"https:\\\/\\\/www.onefive.cz\\\/peakdesign\\\/wp-content\\\/uploads\\\/2025\\\/05\\\/Roller-Pro-Black-1.jpg\",\"contentUrl\":\"https:\\\/\\\/www.onefive.cz\\\/peakdesign\\\/wp-content\\\/uploads\\\/2025\\\/05\\\/Roller-Pro-Black-1.jpg\",\"width\":1280,\"height\":1280},{\"@type\":\"BreadcrumbList\",\"@id\":\"https:\\\/\\\/www.onefive.cz\\\/peakdesign\\\/produkt\\\/roller-pro\\\/#breadcrumb\",\"itemListElement\":[{\"@type\":\"ListItem\",\"position\":1,\"name\":\"Dom\u016f\",\"item\":\"https:\\\/\\\/www.onefive.cz\\\/peakdesign\\\/\"},{\"@type\":\"ListItem\",\"position\":2,\"name\":\"Shop\",\"item\":\"https:\\\/\\\/www.onefive.cz\\\/peakdesign\\\/shop\\\/\"},{\"@type\":\"ListItem\",\"position\":3,\"name\":\"Roller Pro\"}]},{\"@type\":\"WebSite\",\"@id\":\"https:\\\/\\\/www.onefive.cz\\\/peakdesign\\\/#website\",\"url\":\"https:\\\/\\\/www.onefive.cz\\\/peakdesign\\\/\",\"name\":\"OneFive.cz - Prodejce Peak Design\",\"description\":\"Kryty a dr\u017e\u00e1ky pro telefony, cestovn\u00ed a everyday batohy a ta\u0161ky, organiz\u00e9ry a fotop\u0159\u00edslu\u0161enstv\u00ed. Ultim\u00e1tn\u00ed v\u00fdbava pro ty, kte\u0159\u00ed vy\u017eaduj\u00ed to nejlep\u0161\u00ed.\",\"potentialAction\":[{\"@type\":\"SearchAction\",\"target\":{\"@type\":\"EntryPoint\",\"urlTemplate\":\"https:\\\/\\\/www.onefive.cz\\\/peakdesign\\\/?s={search_term_string}\"},\"query-input\":{\"@type\":\"PropertyValueSpecification\",\"valueRequired\":true,\"valueName\":\"search_term_string\"}}],\"inLanguage\":\"cs\"}]}<\/script>\n<!-- \/ Yoast SEO plugin. -->","yoast_head_json":{"title":"Roller Pro - OneFive.cz - Prodejce Peak Design","description":"Roller Pro","robots":{"index":"index","follow":"follow","max-snippet":"max-snippet:-1","max-image-preview":"max-image-preview:large","max-video-preview":"max-video-preview:-1"},"canonical":"https:\/\/www.onefive.cz\/peakdesign\/produkt\/roller-pro\/","og_locale":"cs_CZ","og_type":"article","og_title":"Roller Pro - OneFive.cz - Prodejce Peak Design","og_description":"Roller Pro","og_url":"https:\/\/www.onefive.cz\/peakdesign\/produkt\/roller-pro\/","og_site_name":"OneFive.cz - Prodejce Peak Design","article_modified_time":"2026-04-17T03:36:21+00:00","og_image":[{"width":1280,"height":1280,"url":"https:\/\/www.onefive.cz\/peakdesign\/wp-content\/uploads\/2025\/05\/Roller-Pro-Black-1.jpg","type":"image\/jpeg"}],"twitter_card":"summary_large_image","twitter_misc":{"Odhadovan\u00e1 doba \u010dten\u00ed":"4 minuty"},"schema":{"@context":"https:\/\/schema.org","@graph":[{"@type":"WebPage","@id":"https:\/\/www.onefive.cz\/peakdesign\/produkt\/roller-pro\/","url":"https:\/\/www.onefive.cz\/peakdesign\/produkt\/roller-pro\/","name":"Roller Pro - OneFive.cz - Prodejce Peak Design","isPartOf":{"@id":"https:\/\/www.onefive.cz\/peakdesign\/#website"},"primaryImageOfPage":{"@id":"https:\/\/www.onefive.cz\/peakdesign\/produkt\/roller-pro\/#primaryimage"},"image":{"@id":"https:\/\/www.onefive.cz\/peakdesign\/produkt\/roller-pro\/#primaryimage"},"thumbnailUrl":"https:\/\/www.onefive.cz\/peakdesign\/wp-content\/uploads\/2025\/05\/Roller-Pro-Black-1.jpg","datePublished":"2025-05-06T21:14:16+00:00","dateModified":"2026-04-17T03:36:21+00:00","description":"Roller Pro","breadcrumb":{"@id":"https:\/\/www.onefive.cz\/peakdesign\/produkt\/roller-pro\/#breadcrumb"},"inLanguage":"cs","potentialAction":[{"@type":"ReadAction","target":["https:\/\/www.onefive.cz\/peakdesign\/produkt\/roller-pro\/"]}]},{"@type":"ImageObject","inLanguage":"cs","@id":"https:\/\/www.onefive.cz\/peakdesign\/produkt\/roller-pro\/#primaryimage","url":"https:\/\/www.onefive.cz\/peakdesign\/wp-content\/uploads\/2025\/05\/Roller-Pro-Black-1.jpg","contentUrl":"https:\/\/www.onefive.cz\/peakdesign\/wp-content\/uploads\/2025\/05\/Roller-Pro-Black-1.jpg","width":1280,"height":1280},{"@type":"BreadcrumbList","@id":"https:\/\/www.onefive.cz\/peakdesign\/produkt\/roller-pro\/#breadcrumb","itemListElement":[{"@type":"ListItem","position":1,"name":"Dom\u016f","item":"https:\/\/www.onefive.cz\/peakdesign\/"},{"@type":"ListItem","position":2,"name":"Shop","item":"https:\/\/www.onefive.cz\/peakdesign\/shop\/"},{"@type":"ListItem","position":3,"name":"Roller Pro"}]},{"@type":"WebSite","@id":"https:\/\/www.onefive.cz\/peakdesign\/#website","url":"https:\/\/www.onefive.cz\/peakdesign\/","name":"OneFive.cz - Prodejce Peak Design","description":"Kryty a dr\u017e\u00e1ky pro telefony, cestovn\u00ed a everyday batohy a ta\u0161ky, organiz\u00e9ry a fotop\u0159\u00edslu\u0161enstv\u00ed. Ultim\u00e1tn\u00ed v\u00fdbava pro ty, kte\u0159\u00ed vy\u017eaduj\u00ed to nejlep\u0161\u00ed.","potentialAction":[{"@type":"SearchAction","target":{"@type":"EntryPoint","urlTemplate":"https:\/\/www.onefive.cz\/peakdesign\/?s={search_term_string}"},"query-input":{"@type":"PropertyValueSpecification","valueRequired":true,"valueName":"search_term_string"}}],"inLanguage":"cs"}]}},"_links":{"self":[{"href":"https:\/\/www.onefive.cz\/peakdesign\/wp-json\/wp\/v2\/product\/122540","targetHints":{"allow":["GET"]}}],"collection":[{"href":"https:\/\/www.onefive.cz\/peakdesign\/wp-json\/wp\/v2\/product"}],"about":[{"href":"https:\/\/www.onefive.cz\/peakdesign\/wp-json\/wp\/v2\/types\/product"}],"wp:featuredmedia":[{"embeddable":true,"href":"https:\/\/www.onefive.cz\/peakdesign\/wp-json\/wp\/v2\/media\/123386"}],"wp:attachment":[{"href":"https:\/\/www.onefive.cz\/peakdesign\/wp-json\/wp\/v2\/media?parent=122540"}],"wp:term":[{"taxonomy":"product_brand","embeddable":true,"href":"https:\/\/www.onefive.cz\/peakdesign\/wp-json\/wp\/v2\/product_brand?post=122540"},{"taxonomy":"product_cat","embeddable":true,"href":"https:\/\/www.onefive.cz\/peakdesign\/wp-json\/wp\/v2\/product_cat?post=122540"},{"taxonomy":"product_tag","embeddable":true,"href":"https:\/\/www.onefive.cz\/peakdesign\/wp-json\/wp\/v2\/product_tag?post=122540"}],"curies":[{"name":"wp","href":"https:\/\/api.w.org\/{rel}","templated":true}]}}