{"id":122675,"date":"2021-09-10T22:42:12","date_gmt":"2021-09-10T20:42:12","guid":{"rendered":"https:\/\/www.onefive.cz\/peakdesign\/?post_type=product&#038;p=122675"},"modified":"2026-05-02T12:06:03","modified_gmt":"2026-05-02T10:06:03","slug":"dual-car-power-adapter","status":"publish","type":"product","link":"https:\/\/www.onefive.cz\/peakdesign\/produkt\/dual-car-power-adapter\/","title":{"rendered":"Dual Car Power Adapter"},"content":{"rendered":"<div class='content-column one_half'><h2>Hlavn\u00ed rysy<\/h2>\n<p><strong>OPTIMALIZOV\u00c1NO PRO RYCHL\u00c9 NAB\u00cdJEN\u00cd<\/strong><\/p>\n<ul style=\"padding-left: 15px;\">\n<li>Maxim\u00e1ln\u00ed v\u00fdkon 2x 22.5 W<\/li>\n<li>V\u00fdstup 2x USB-C<\/li>\n<\/ul>\n<p><strong>VYDR\u017d\u00cd ROKY<\/strong><\/p>\n<ul style=\"padding-left: 15px;\">\n<li>Vyrobeno z prvot\u0159\u00eddn\u00edch komponent<\/li>\n<li>Do\u017eivotn\u00ed z\u00e1ruka, stejn\u011b jako u v\u0161ech produkt\u016f Peak Design<\/li>\n<\/ul>\n<p><strong>MATERI\u00c1LY<\/strong><\/p>\n<ul style=\"padding-left: 15px;\">\n<li>Pln\u011b CNC obr\u00e1b\u011bn\u00e9 t\u011blo z eloxovan\u00e9ho hlin\u00edku<\/li>\n<li>Elegantn\u00ed design, co nejmen\u0161\u00ed velikost<\/li>\n<\/ul><\/div>\n<div class='content-column one_half last_column'><h2>Video<\/h2>\n<p><iframe loading=\"lazy\" title=\"The Lamborghini of Car Power Adapters\" width=\"500\" height=\"281\" src=\"https:\/\/www.youtube.com\/embed\/MUEzhaiPKMU?feature=oembed&enablejsapi=1&origin=https:\/\/www.onefive.cz\" frameborder=\"0\" allow=\"accelerometer; autoplay; clipboard-write; encrypted-media; gyroscope; picture-in-picture; web-share\" referrerpolicy=\"strict-origin-when-cross-origin\" allowfullscreen><\/iframe><\/p>\n<h2>Specifikace<\/h2>\n<p><strong>Specifikace nab\u00edjen\u00ed<\/strong><br \/>\nCelkov\u00fd v\u00fdkon: 45 W<br \/>\nPo\u010det port\u016f: 2<br \/>\nMaxim\u00e1ln\u00ed v\u00fdkon na port: 22,5 W<br \/>\nPodporovan\u00e9 nap\u011b\u0165ov\u00e9 profily: 5 V, 9 V<\/p>\n<p><strong>Rozm\u011bry<\/strong><br \/>\nPr\u016fm\u011br: 26 mm<br \/>\nD\u00e9lka v\u010d. kol\u00edk\u016f: 49mm<\/p>\n<p><strong>Hmotnost<\/strong><br \/>\n25 g<\/p>\n<p><strong>Z\u00e1ruka<\/strong>: Do\u017eivotn\u00ed<\/p>\n<h2>Obsah balen\u00ed<\/h2>\n<ul style=\"padding-left: 15px; padding-bottom: 15px;\">\n<li>1. 1x Dual Car Power Adapter<\/li>\n<\/ul><\/div><div class='clear_column'><\/div>\n","protected":false},"excerpt":{"rendered":"<p>Nab\u00edjec\u00ed adapt\u00e9r USB-C do auta<\/p>\n<p class=\"p1\">Co by ud\u011blala ka\u017ed\u00e1 rozumn\u00e1 firma po mnoha letech v\u00fdvoje vlastn\u00edho ekosyst\u00e9mu \u0161pi\u010dkov\u00fdch dr\u017e\u00e1k\u016f na telefon s Qi2 nab\u00edjen\u00edm? Ano - s\u00e1hla po jednom z tis\u00edc\u016f dostupn\u00fdch 12V adapt\u00e9r\u016f, nalepila na n\u011bj logo Peak Design a nab\u00eddla ho jako dopln\u011bk. Jen\u017ee pokud zn\u00e1te Peak Design, v\u00edte, \u017ee takhle to u n\u00e1s nechod\u00ed.<\/p>\n<p class=\"p1\"><span class=\"s1\">Dual Car Power Adapter<\/span> je dvouportov\u00fd USB-C adapt\u00e9r navr\u017een\u00fd ve stylu Peak Design \u2013 od z\u00e1klad\u016f promy\u0161len\u00fd tak, aby nab\u00edzel vy\u0161\u0161\u00ed v\u00fdkon, l\u00e9pe vypadal a zab\u00edral m\u00e9n\u011b m\u00edsta.<\/p>\n<p class=\"p1\">Jeho <span class=\"s1\">ultran\u00edzk\u00fd profil<\/span> zapadne do jak\u00e9koliv b\u011b\u017en\u00e9 12V autoz\u00e1suvky a vy\u010dn\u00edv\u00e1 jen o p\u00e1r milimetr\u016f. P\u0159itom dod\u00e1v\u00e1 <span class=\"s1\">celkov\u00fd v\u00fdkon 45 W<\/span>, tedy <span class=\"s1\">22,5 W na ka\u017ed\u00fd port<\/span>, co\u017e umo\u017e\u0148uje nab\u00edjet dv\u011b za\u0159\u00edzen\u00ed z\u00e1rove\u0148 <span class=\"s1\">extr\u00e9mn\u011b rychle<\/span>. To znamen\u00e1, \u017ee krom\u011b nap\u00e1jen\u00ed va\u0161eho dr\u017e\u00e1ku s Qi2 nab\u00edjen\u00edm m\u016f\u017eete sou\u010dasn\u011b nab\u00edjet telefon spolujezdce, dob\u00edjet powerbanku, nap\u00e1jet palubn\u00ed kameru a dal\u0161\u00ed za\u0159\u00edzen\u00ed.<\/p>\n<p class=\"p1\">T\u011blo adapt\u00e9ru je cel\u00e9 vyrobeno z <span class=\"s1\">eloxovan\u00e9ho hlin\u00edku fr\u00e9zovan\u00e9ho na CNC<\/span>, co\u017e zaji\u0161\u0165uje nejen vysokou odolnost, ale tak\u00e9 elegantn\u00ed vzhled \u2013 a p\u0159edev\u0161\u00edm d\u016fv\u011bru, d\u00edky kter\u00e9 na adapt\u00e9r poskytujeme do\u017eivotn\u00ed z\u00e1ruku, stejn\u011b jako na v\u0161echny ostatn\u00ed produkty Peak Design.<\/p>\n","protected":false},"featured_media":122676,"template":"","meta":[],"product_brand":[],"product_cat":[25],"product_tag":[],"class_list":{"0":"post-122675","1":"product","2":"type-product","3":"status-publish","4":"has-post-thumbnail","6":"product_cat-mobile","8":"first","9":"instock","10":"taxable","11":"shipping-taxable","12":"purchasable","13":"product-type-simple"},"yoast_head":"<!-- This site is optimized with the Yoast SEO plugin v27.5 - https:\/\/yoast.com\/product\/yoast-seo-wordpress\/ -->\n<title>Dual Car Power Adapter - OneFive.cz - Prodejce Peak Design<\/title>\n<meta name=\"description\" content=\"Dual Car Power Adapter USB-C\" \/>\n<meta name=\"robots\" content=\"index, follow, max-snippet:-1, max-image-preview:large, max-video-preview:-1\" \/>\n<link rel=\"canonical\" href=\"https:\/\/www.onefive.cz\/peakdesign\/produkt\/dual-car-power-adapter\/\" \/>\n<meta property=\"og:locale\" content=\"cs_CZ\" \/>\n<meta property=\"og:type\" content=\"article\" \/>\n<meta property=\"og:title\" content=\"Dual Car Power Adapter USB-C\" \/>\n<meta property=\"og:description\" content=\"Dual Car Power Adapter USB-C\" \/>\n<meta property=\"og:url\" content=\"https:\/\/www.onefive.cz\/peakdesign\/produkt\/dual-car-power-adapter\/\" \/>\n<meta property=\"og:site_name\" content=\"OneFive.cz - Prodejce Peak Design\" \/>\n<meta property=\"article:modified_time\" content=\"2026-05-02T10:06:03+00:00\" \/>\n<meta property=\"og:image\" content=\"https:\/\/www.onefive.cz\/peakdesign\/wp-content\/uploads\/2025\/05\/mobile-dual-car-power-adapter-hero2.jpg\" \/>\n\t<meta property=\"og:image:width\" content=\"1280\" \/>\n\t<meta property=\"og:image:height\" content=\"1280\" \/>\n\t<meta property=\"og:image:type\" content=\"image\/jpeg\" \/>\n<meta name=\"twitter:card\" content=\"summary_large_image\" \/>\n<meta name=\"twitter:title\" content=\"S\u00ed\u0165ov\u00fd nap\u00e1jec\u00ed adapt\u00e9r USB-C\" \/>\n<meta name=\"twitter:description\" content=\"S\u00ed\u0165ov\u00fd nap\u00e1jec\u00ed adapt\u00e9r USB-C\" \/>\n<meta name=\"twitter:image\" content=\"https:\/\/www.onefive.cz\/peakdesign\/wp-content\/uploads\/2022\/02\/wall-power-adapter-eu-HERO.jpg\" \/>\n<meta name=\"twitter:label1\" content=\"Odhadovan\u00e1 doba \u010dten\u00ed\" \/>\n\t<meta name=\"twitter:data1\" content=\"1 minuta\" \/>\n<script type=\"application\/ld+json\" class=\"yoast-schema-graph\">{\"@context\":\"https:\\\/\\\/schema.org\",\"@graph\":[{\"@type\":\"WebPage\",\"@id\":\"https:\\\/\\\/www.onefive.cz\\\/peakdesign\\\/produkt\\\/dual-car-power-adapter\\\/\",\"url\":\"https:\\\/\\\/www.onefive.cz\\\/peakdesign\\\/produkt\\\/dual-car-power-adapter\\\/\",\"name\":\"Dual Car Power Adapter - OneFive.cz - Prodejce Peak Design\",\"isPartOf\":{\"@id\":\"https:\\\/\\\/www.onefive.cz\\\/peakdesign\\\/#website\"},\"primaryImageOfPage\":{\"@id\":\"https:\\\/\\\/www.onefive.cz\\\/peakdesign\\\/produkt\\\/dual-car-power-adapter\\\/#primaryimage\"},\"image\":{\"@id\":\"https:\\\/\\\/www.onefive.cz\\\/peakdesign\\\/produkt\\\/dual-car-power-adapter\\\/#primaryimage\"},\"thumbnailUrl\":\"https:\\\/\\\/www.onefive.cz\\\/peakdesign\\\/wp-content\\\/uploads\\\/2025\\\/05\\\/mobile-dual-car-power-adapter-hero2.jpg\",\"datePublished\":\"2021-09-10T20:42:12+00:00\",\"dateModified\":\"2026-05-02T10:06:03+00:00\",\"description\":\"Dual Car Power Adapter USB-C\",\"breadcrumb\":{\"@id\":\"https:\\\/\\\/www.onefive.cz\\\/peakdesign\\\/produkt\\\/dual-car-power-adapter\\\/#breadcrumb\"},\"inLanguage\":\"cs\",\"potentialAction\":[{\"@type\":\"ReadAction\",\"target\":[\"https:\\\/\\\/www.onefive.cz\\\/peakdesign\\\/produkt\\\/dual-car-power-adapter\\\/\"]}]},{\"@type\":\"ImageObject\",\"inLanguage\":\"cs\",\"@id\":\"https:\\\/\\\/www.onefive.cz\\\/peakdesign\\\/produkt\\\/dual-car-power-adapter\\\/#primaryimage\",\"url\":\"https:\\\/\\\/www.onefive.cz\\\/peakdesign\\\/wp-content\\\/uploads\\\/2025\\\/05\\\/mobile-dual-car-power-adapter-hero2.jpg\",\"contentUrl\":\"https:\\\/\\\/www.onefive.cz\\\/peakdesign\\\/wp-content\\\/uploads\\\/2025\\\/05\\\/mobile-dual-car-power-adapter-hero2.jpg\",\"width\":1280,\"height\":1280},{\"@type\":\"BreadcrumbList\",\"@id\":\"https:\\\/\\\/www.onefive.cz\\\/peakdesign\\\/produkt\\\/dual-car-power-adapter\\\/#breadcrumb\",\"itemListElement\":[{\"@type\":\"ListItem\",\"position\":1,\"name\":\"Dom\u016f\",\"item\":\"https:\\\/\\\/www.onefive.cz\\\/peakdesign\\\/\"},{\"@type\":\"ListItem\",\"position\":2,\"name\":\"Shop\",\"item\":\"https:\\\/\\\/www.onefive.cz\\\/peakdesign\\\/shop\\\/\"},{\"@type\":\"ListItem\",\"position\":3,\"name\":\"Dual Car Power Adapter\"}]},{\"@type\":\"WebSite\",\"@id\":\"https:\\\/\\\/www.onefive.cz\\\/peakdesign\\\/#website\",\"url\":\"https:\\\/\\\/www.onefive.cz\\\/peakdesign\\\/\",\"name\":\"OneFive.cz - Prodejce Peak Design\",\"description\":\"Kryty a dr\u017e\u00e1ky pro telefony, cestovn\u00ed a everyday batohy a ta\u0161ky, organiz\u00e9ry a fotop\u0159\u00edslu\u0161enstv\u00ed. Ultim\u00e1tn\u00ed v\u00fdbava pro ty, kte\u0159\u00ed vy\u017eaduj\u00ed to nejlep\u0161\u00ed.\",\"potentialAction\":[{\"@type\":\"SearchAction\",\"target\":{\"@type\":\"EntryPoint\",\"urlTemplate\":\"https:\\\/\\\/www.onefive.cz\\\/peakdesign\\\/?s={search_term_string}\"},\"query-input\":{\"@type\":\"PropertyValueSpecification\",\"valueRequired\":true,\"valueName\":\"search_term_string\"}}],\"inLanguage\":\"cs\"}]}<\/script>\n<!-- \/ Yoast SEO plugin. -->","yoast_head_json":{"title":"Dual Car Power Adapter - OneFive.cz - Prodejce Peak Design","description":"Dual Car Power Adapter USB-C","robots":{"index":"index","follow":"follow","max-snippet":"max-snippet:-1","max-image-preview":"max-image-preview:large","max-video-preview":"max-video-preview:-1"},"canonical":"https:\/\/www.onefive.cz\/peakdesign\/produkt\/dual-car-power-adapter\/","og_locale":"cs_CZ","og_type":"article","og_title":"Dual Car Power Adapter USB-C","og_description":"Dual Car Power Adapter USB-C","og_url":"https:\/\/www.onefive.cz\/peakdesign\/produkt\/dual-car-power-adapter\/","og_site_name":"OneFive.cz - Prodejce Peak Design","article_modified_time":"2026-05-02T10:06:03+00:00","og_image":[{"width":1280,"height":1280,"url":"https:\/\/www.onefive.cz\/peakdesign\/wp-content\/uploads\/2025\/05\/mobile-dual-car-power-adapter-hero2.jpg","type":"image\/jpeg"}],"twitter_card":"summary_large_image","twitter_title":"S\u00ed\u0165ov\u00fd nap\u00e1jec\u00ed adapt\u00e9r USB-C","twitter_description":"S\u00ed\u0165ov\u00fd nap\u00e1jec\u00ed adapt\u00e9r USB-C","twitter_image":"https:\/\/www.onefive.cz\/peakdesign\/wp-content\/uploads\/2022\/02\/wall-power-adapter-eu-HERO.jpg","twitter_misc":{"Odhadovan\u00e1 doba \u010dten\u00ed":"1 minuta"},"schema":{"@context":"https:\/\/schema.org","@graph":[{"@type":"WebPage","@id":"https:\/\/www.onefive.cz\/peakdesign\/produkt\/dual-car-power-adapter\/","url":"https:\/\/www.onefive.cz\/peakdesign\/produkt\/dual-car-power-adapter\/","name":"Dual Car Power Adapter - OneFive.cz - Prodejce Peak Design","isPartOf":{"@id":"https:\/\/www.onefive.cz\/peakdesign\/#website"},"primaryImageOfPage":{"@id":"https:\/\/www.onefive.cz\/peakdesign\/produkt\/dual-car-power-adapter\/#primaryimage"},"image":{"@id":"https:\/\/www.onefive.cz\/peakdesign\/produkt\/dual-car-power-adapter\/#primaryimage"},"thumbnailUrl":"https:\/\/www.onefive.cz\/peakdesign\/wp-content\/uploads\/2025\/05\/mobile-dual-car-power-adapter-hero2.jpg","datePublished":"2021-09-10T20:42:12+00:00","dateModified":"2026-05-02T10:06:03+00:00","description":"Dual Car Power Adapter USB-C","breadcrumb":{"@id":"https:\/\/www.onefive.cz\/peakdesign\/produkt\/dual-car-power-adapter\/#breadcrumb"},"inLanguage":"cs","potentialAction":[{"@type":"ReadAction","target":["https:\/\/www.onefive.cz\/peakdesign\/produkt\/dual-car-power-adapter\/"]}]},{"@type":"ImageObject","inLanguage":"cs","@id":"https:\/\/www.onefive.cz\/peakdesign\/produkt\/dual-car-power-adapter\/#primaryimage","url":"https:\/\/www.onefive.cz\/peakdesign\/wp-content\/uploads\/2025\/05\/mobile-dual-car-power-adapter-hero2.jpg","contentUrl":"https:\/\/www.onefive.cz\/peakdesign\/wp-content\/uploads\/2025\/05\/mobile-dual-car-power-adapter-hero2.jpg","width":1280,"height":1280},{"@type":"BreadcrumbList","@id":"https:\/\/www.onefive.cz\/peakdesign\/produkt\/dual-car-power-adapter\/#breadcrumb","itemListElement":[{"@type":"ListItem","position":1,"name":"Dom\u016f","item":"https:\/\/www.onefive.cz\/peakdesign\/"},{"@type":"ListItem","position":2,"name":"Shop","item":"https:\/\/www.onefive.cz\/peakdesign\/shop\/"},{"@type":"ListItem","position":3,"name":"Dual Car Power Adapter"}]},{"@type":"WebSite","@id":"https:\/\/www.onefive.cz\/peakdesign\/#website","url":"https:\/\/www.onefive.cz\/peakdesign\/","name":"OneFive.cz - Prodejce Peak Design","description":"Kryty a dr\u017e\u00e1ky pro telefony, cestovn\u00ed a everyday batohy a ta\u0161ky, organiz\u00e9ry a fotop\u0159\u00edslu\u0161enstv\u00ed. Ultim\u00e1tn\u00ed v\u00fdbava pro ty, kte\u0159\u00ed vy\u017eaduj\u00ed to nejlep\u0161\u00ed.","potentialAction":[{"@type":"SearchAction","target":{"@type":"EntryPoint","urlTemplate":"https:\/\/www.onefive.cz\/peakdesign\/?s={search_term_string}"},"query-input":{"@type":"PropertyValueSpecification","valueRequired":true,"valueName":"search_term_string"}}],"inLanguage":"cs"}]}},"_links":{"self":[{"href":"https:\/\/www.onefive.cz\/peakdesign\/wp-json\/wp\/v2\/product\/122675","targetHints":{"allow":["GET"]}}],"collection":[{"href":"https:\/\/www.onefive.cz\/peakdesign\/wp-json\/wp\/v2\/product"}],"about":[{"href":"https:\/\/www.onefive.cz\/peakdesign\/wp-json\/wp\/v2\/types\/product"}],"wp:featuredmedia":[{"embeddable":true,"href":"https:\/\/www.onefive.cz\/peakdesign\/wp-json\/wp\/v2\/media\/122676"}],"wp:attachment":[{"href":"https:\/\/www.onefive.cz\/peakdesign\/wp-json\/wp\/v2\/media?parent=122675"}],"wp:term":[{"taxonomy":"product_brand","embeddable":true,"href":"https:\/\/www.onefive.cz\/peakdesign\/wp-json\/wp\/v2\/product_brand?post=122675"},{"taxonomy":"product_cat","embeddable":true,"href":"https:\/\/www.onefive.cz\/peakdesign\/wp-json\/wp\/v2\/product_cat?post=122675"},{"taxonomy":"product_tag","embeddable":true,"href":"https:\/\/www.onefive.cz\/peakdesign\/wp-json\/wp\/v2\/product_tag?post=122675"}],"curies":[{"name":"wp","href":"https:\/\/api.w.org\/{rel}","templated":true}]}}