{"id":126613,"date":"2021-09-13T00:05:41","date_gmt":"2021-09-12T22:05:41","guid":{"rendered":"https:\/\/www.onefive.cz\/peakdesign\/?post_type=product&#038;p=126613"},"modified":"2026-04-17T06:06:45","modified_gmt":"2026-04-17T04:06:45","slug":"gnar-case-pro-pixel","status":"publish","type":"product","link":"https:\/\/www.onefive.cz\/peakdesign\/produkt\/gnar-case-pro-pixel\/","title":{"rendered":"GNAR Case pro Pixel"},"content":{"rendered":"<div class='content-column one_half'><h2>Hlavn\u00ed rysy<\/h2>\n<p><strong>100% FUNKCE, BEZ KOMPROMIS\u016e<\/strong><\/p>\n<ul style=\"padding-left: 15px;\">\n<li>D\u00edky vestav\u011bn\u00e9mu syst\u00e9mu p\u0159ipojen\u00ed toho kryt GNAR. Case um\u00ed v\u00edc ne\u017e jak\u00e9koliv jin\u00fd kryt na telefon na sv\u011bt\u011b.<\/li>\n<li>Kompatibiln\u00ed se v\u0161emi dr\u017e\u00e1ky a p\u0159\u00edslu\u0161enstv\u00edm Peak Design Mobile<\/li>\n<\/ul>\n<p><strong>SLIMLINK\u2122<\/strong><\/p>\n<ul style=\"padding-left: 15px;\">\n<li>Rychlost a bezpe\u010dnost vestav\u011bn\u00e9ho z\u00e1mku (tzv. SlimLink\u2122) t\u011b naprosto okouzl\u00ed<\/li>\n<li>P\u0159ipojen\u00ed ke v\u0161em dr\u017e\u00e1k\u016fm a p\u0159\u00edslu\u0161enstv\u00ed <a href=\"https:\/\/www.onefive.cz\/peakdesign\/mobile-shop\/\">Peak Design Mobile<\/a><\/li>\n<li>K dr\u017e\u00e1k\u016fm a p\u0159\u00edslu\u0161esntv\u00ed se p\u0159ipojuje magneticky nebo mechanicky (tam, kde je t\u0159eba extra pevnost p\u0159ipojen\u00ed)<\/li>\n<\/ul>\n<p><strong>KOMPATIBILN\u00cd S MAGSAFE*<\/strong><\/p>\n<ul style=\"padding-left: 15px;\">\n<li>Kompatibiln\u00ed tak\u00e9 s p\u0159\u00edslu\u0161enstv\u00edm a nab\u00edje\u010dkami MagSafe*<\/li>\n<li>Pouzdro je navr\u017eeno tak, aby umo\u017e\u0148ovalo spolehliv\u00e9 a rychl\u00e9 bezdr\u00e1tov\u00e9 nab\u00edjen\u00ed, na rozd\u00edl od mnoha siln\u011bj\u0161\u00edch pouzder jin\u00fdch v\u00fdrobc\u016f<\/li>\n<li>Kompatibilita se v\u0161emi nab\u00edje\u010dkami t\u0159et\u00edch stran (v\u010detn\u011b Qi certifikovan\u00fdch) nen\u00ed zaru\u010dena<\/li>\n<\/ul>\n<p><strong>MINIM\u00c1LN\u00cd TLOU\u0160\u0164KA A MAXIM\u00c1LN\u00cd OCHRANA<\/strong><\/p>\n<ul style=\"padding-left: 15px;\">\n<li>Lehk\u00e9 t\u011blo z recyklovan\u00e9ho polykarbon\u00e1tu se \u0161t\u00edhl\u00fdm profilem 3,2 mm<\/li>\n<li>Velmi hladk\u00fd povrch odoln\u00fd proti po\u0161kr\u00e1b\u00e1n\u00ed a skvrn\u00e1m, snadno se \u010dist\u00ed<\/li>\n<li>Masivn\u00ed 4,4mm TPU n\u00e1razn\u00edk po cel\u00e9m obvodu s ochranou displeje<\/li>\n<li>Zv\u00fd\u0161en\u00fd TPU r\u00e1me\u010dek fotoapar\u00e1tu pro lep\u0161\u00ed ochranu objektivu<\/li>\n<li>Odolnost proti p\u00e1du z v\u00fd\u0161ky a\u017e 4,5 metru<\/li>\n<\/ul>\n<p><strong>LEP\u0160\u00cd MATERI\u00c1LY = LEP\u0160\u00cd KRYT<\/strong><\/p>\n<ul style=\"padding-left: 15px;\">\n<li>Vroubkovan\u00e1 textura okraj\u016f ve stylu diamantov\u00e9ho vzoru pro lep\u0161\u00ed \u00fachop<\/li>\n<li>Extra \u0161irok\u00e1, precizn\u011b obr\u00e1b\u011bn\u00e1 a eloxovan\u00e1 hlin\u00edkov\u00e1 pro pohodln\u00e9 ovl\u00e1d\u00e1n\u00ed i v rukavic\u00edch<\/li>\n<li>Pln\u011b funk\u010dn\u00ed tla\u010d\u00edtko Camera Button pro ovl\u00e1d\u00e1n\u00ed fotoapar\u00e1tu<\/li>\n<li>Odn\u00edmateln\u00e1 krytka USB-C portu br\u00e1n\u00ed vniknut\u00ed vody a prachu<\/li>\n<li>Vnit\u0159n\u00ed pod\u0161\u00edvka z jemn\u00e9ho mikrovl\u00e1kna Clarino\u2122<\/li>\n<\/ul>\n<p><strong>LZE POU\u017d\u00cdT S PEAK DESIGN POPRUHY<\/strong><\/p>\n<ul style=\"padding-left: 15px;\">\n<li>2 mont\u00e1\u017en\u00ed body pro kotvi\u010dky Peak Design Anchor umo\u017e\u0148uj\u00ed telefon libovoln\u011b zabezpe\u010dit nebo nosit s jak\u00fdmkoli popruhem Peak Design<\/li>\n<\/ul>\n<p>*MagSafe je registrovan\u00e1 ochrann\u00e1 zn\u00e1mka spole\u010dnosti Apple, Inc.<\/p><\/div>\n<div class='content-column one_half last_column'><h2>Video<\/h2>\n<p>P\u0159ipravujeme<\/p>\n<h2 style=\"padding-top: 15px;\">Specifikace<\/h2>\n<p><strong>Rozm\u011bry<\/strong><br \/>\nTlou\u0161\u0165ka zadn\u00ed st\u011bny: 3,2 mm<br \/>\nBo\u010dn\u00ed n\u00e1razn\u00edk z TPU: 2,6 mm<br \/>\nHorn\u00ed a spodn\u00ed n\u00e1razn\u00edk z TPU: 5,2 mm<br \/>\nV\u00fd\u0161ka ochrann\u00e9ho r\u00e1me\u010dku kolem fotoapar\u00e1tu: 1,2 mm<br \/>\nV\u00fd\u0161ka r\u00e1me\u010dku okolo displeje: 0,9 mm<\/p>\n<p><strong>Hmotnost<\/strong><br \/>\nPro Max: 70,7 g<br \/>\nPro: 60,1 g<br \/>\nHmotnost se li\u0161\u00ed o +\/- 4 g v z\u00e1vislosti na modelu telefonu<\/p>\n<p><strong>Materi\u00e1ly<\/strong><br \/>\nT\u011blo z ultralehk\u00e9ho 100% recyklovan\u00e9ho polykarbon\u00e1tu<br \/>\nPogumovan\u00fd TPU n\u00e1razn\u00edk, ochrann\u00e9 r\u00e1me\u010dky a krytka USB-C<br \/>\nObr\u00e1b\u011bn\u00e1 a eloxovan\u00e1 hlin\u00edkov\u00e1 tla\u010d\u00edtka<br \/>\nVnit\u0159n\u00ed pod\u0161\u00edvka z mikrovl\u00e1kna Clarino\u2122<br \/>\nNeodymov\u00e9 magnety odoln\u00e9 v\u016f\u010di vysok\u00fdm teplot\u00e1m<br \/>\nVysokopevnostn\u00ed keramick\u00fd pojistn\u00fd r\u00e1me\u010dek (yttriem stabilizovan\u00fd zirkon)<\/p>\n<p><strong>Z\u00e1ruka<\/strong>: Do\u017eivotn\u00ed<\/p>\n<p><strong>N\u00e1vod<\/strong>: <a href=\"https:\/\/www.peakdesign.cz\/data\/manuals\/mobile\/Everyday%20Case%20CZ.pdf\" target=\"_blank\" rel=\"noopener\">st\u00e1hnout PDF<\/a><\/p>\n<h2>Obsah balen\u00ed<\/h2>\n<ul style=\"padding-left: 15px; padding-bottom: 15px;\">\n<li>1. 1 x GNAR Case<\/li>\n<\/ul><\/div><div class='clear_column'><\/div>\n","protected":false},"excerpt":{"rendered":"<p>Extra odoln\u00fd kryt na telefon s mo\u017enost\u00ed p\u0159ipevn\u011bn\u00ed k dal\u0161\u00edmu p\u0159\u00edslu\u0161enstv\u00ed.<\/p>\n<p class=\"p1\"><span class=\"s1\">Kryt GNAR.<\/span>\u00a0nab\u00edz\u00ed maxim\u00e1ln\u00ed ochranu, odolnost a snadn\u00e9 p\u0159ipojen\u00ed ke v\u0161em dr\u017e\u00e1k\u016fm a dopl\u0148k\u016fm \u2013 a p\u0159itom si zachov\u00e1v\u00e1 elegantn\u00ed, minimalistick\u00fd vzhled. Navrhli jsme ho pro aktivn\u00ed u\u017eivatele, kte\u0159\u00ed o\u010dek\u00e1vaj\u00ed \u0161pi\u010dkov\u00fd v\u00fdkon v ter\u00e9nu a v akci, ale z\u00e1rove\u0148 si potrp\u00ed na styl. Skv\u011bl\u00fd spole\u010dn\u00edk pro j\u00edzdu na motorce, horsk\u00e9 kolo nebo ka\u017edodenn\u00ed n\u00e1ro\u010dn\u00e9 pou\u017eit\u00ed.<\/p>\n<p>Oproti pouzdru Everyday Case nab\u00edz\u00ed GNAR. Case v\u011bt\u0161\u00ed m\u00edru ochrany \u2013 zes\u00edlen\u00e9 st\u011bny o tlou\u0161\u0165ce 3,2 mm (oproti 2,4 mm), \u0161ir\u0161\u00ed TPU n\u00e1razn\u00edk: 4,4 mm (oproti 3,4 mm) a zv\u00fd\u0161en\u00fd ochrann\u00fd r\u00e1me\u010dek fotoapar\u00e1tu. P\u0159esto si zachov\u00e1v\u00e1 \u0161t\u00edhl\u00fd, ploch\u00fd profil, d\u00edky kter\u00e9mu perfektn\u011b padne do ruky i do kapsy.<\/p>\n<p>T\u011blo je vyrobeno z lehk\u00e9ho recyklovan\u00e9ho polykarbon\u00e1tu s hladk\u00fdm povrchem odoln\u00fdm proti po\u0161kr\u00e1b\u00e1n\u00ed a ne\u010distot\u00e1m a velmi snadn\u00fdm \u010di\u0161t\u011bn\u00edm. Vroubkovan\u00e9 hrany a \u0161irok\u00e1, precizn\u011b obr\u00e1b\u011bn\u00e1 hlin\u00edkov\u00e1 tla\u010d\u00edtka zaji\u0161\u0165uj\u00ed pohodln\u00e9 ovl\u00e1d\u00e1n\u00ed \u2013 i v rukavic\u00edch. Uvnit\u0159 se nach\u00e1z\u00ed jemn\u00e1 v\u00fdstelka z mikrovl\u00e1kna Clarino\u2122, kter\u00e1 chr\u00e1n\u00ed telefon p\u0159ed od\u011brkami. Odn\u00edmateln\u00e1 gumov\u00e1 krytka USB-C portu br\u00e1n\u00ed vniknut\u00ed vody a prachu v n\u00e1ro\u010dn\u00e9m prost\u0159ed\u00ed a p\u0159i outdoorov\u00fdch aktivit\u00e1ch.<\/p>\n<p class=\"p1\">Samoz\u0159ejmost\u00ed je n\u00e1\u0161 jedine\u010dn\u00fd magneticko-mechanick\u00fd z\u00e1mek SlimLink\u2122, kter\u00fd umo\u017e\u0148uje okam\u017eit\u00e9 a spolehliv\u00e9 p\u0159ipojen\u00ed ke v\u0161em dr\u017e\u00e1k\u016fm, nab\u00edje\u010dk\u00e1m a p\u0159\u00edslu\u0161enstv\u00ed Peak Design Mobile.<\/p>\n<p class=\"p1\">Kryt GNAR. je navr\u017een tak, aby podporoval i <span class=\"s1\">rychl\u00e9 bezdr\u00e1tov\u00e9 nab\u00edjen\u00ed<\/span>, co\u017e b\u00fdv\u00e1 u n\u011bkter\u00fdch siln\u011bj\u0161\u00edch pouzder probl\u00e9mem. Funguje tak\u00e9 s nab\u00edje\u010dkami a dopl\u0148ky <span class=\"s1\">Apple MagSafe<\/span>, ale kompatibilita se v\u0161emi t\u0159et\u00edmi stranami nen\u00ed zaru\u010dena. [read more]<\/p>\n<p class=\"p1\">Trh s odoln\u00fdmi pouzdry je pln\u00fd masivn\u00edch, agresivn\u011b vyhl\u00ed\u017eej\u00edc\u00edch model\u016f, kter\u00e9 sv\u011btu hlasit\u011b dokazuj\u00ed svou odolnost. Peak Design tato zoufal\u00e1 vol\u00e1n\u00ed sly\u0161\u00ed, a kryt GNAR. \u00a0je na\u0161e odpov\u011b\u010f. Co vlastn\u011b znamen\u00e1 GNAR? <span class=\"s1\">\u201eGo Nuts And Ride\u201c<\/span>? Nebo snad <span class=\"s1\">\u201eGet Naked And Roll\u201c<\/span>? Sami douf\u00e1me, \u017ee to jednou zjist\u00edme.<\/p>\n<p>Pro v\u0161echny ostatn\u00ed telefony, ne\u017e pro kter\u00e9 je k dispozici kryt GNAR. Case, pou\u017eij <a href=\"https:\/\/www.onefive.cz\/peakdesign\/produkt\/everyday-case-pro-pixel\/\">Everyday Case<\/a> nebo \u00a0<a href=\"https:\/\/www.onefive.cz\/peakdesign\/produkt\/universal-adapter\/\">Universal Adapter<\/a>.[\/read]<\/p>\n","protected":false},"featured_media":126616,"template":"","meta":[],"product_brand":[],"product_cat":[25],"product_tag":[],"class_list":{"0":"post-126613","1":"product","2":"type-product","3":"status-publish","4":"has-post-thumbnail","6":"product_cat-mobile","8":"first","9":"instock","10":"taxable","11":"shipping-taxable","12":"purchasable","13":"product-type-variable","14":"has-default-attributes"},"yoast_head":"<!-- This site is optimized with the Yoast SEO plugin v27.4 - https:\/\/yoast.com\/product\/yoast-seo-wordpress\/ -->\n<title>GNAR Case pro Pixel - OneFive.cz - Prodejce Peak Design<\/title>\n<meta name=\"description\" content=\"Peak Design G.N.A.R. Case - Extra odoln\u00fd kryt na telefon s mo\u017enost\u00ed p\u0159ipevn\u011bn\u00ed k dal\u0161\u00edmu p\u0159\u00edslu\u0161enstv\u00ed.\" \/>\n<meta name=\"robots\" content=\"index, follow, max-snippet:-1, max-image-preview:large, max-video-preview:-1\" \/>\n<link rel=\"canonical\" href=\"https:\/\/www.onefive.cz\/peakdesign\/produkt\/gnar-case-pro-pixel\/\" \/>\n<meta property=\"og:locale\" content=\"cs_CZ\" \/>\n<meta property=\"og:type\" content=\"article\" \/>\n<meta property=\"og:title\" content=\"GNAR Case pro Pixel - OneFive.cz - Prodejce Peak Design\" \/>\n<meta property=\"og:description\" content=\"Peak Design G.N.A.R. Case - Extra odoln\u00fd kryt na telefon s mo\u017enost\u00ed p\u0159ipevn\u011bn\u00ed k dal\u0161\u00edmu p\u0159\u00edslu\u0161enstv\u00ed.\" \/>\n<meta property=\"og:url\" content=\"https:\/\/www.onefive.cz\/peakdesign\/produkt\/gnar-case-pro-pixel\/\" \/>\n<meta property=\"og:site_name\" content=\"OneFive.cz - Prodejce Peak Design\" \/>\n<meta property=\"article:modified_time\" content=\"2026-04-17T04:06:45+00:00\" \/>\n<meta property=\"og:image\" content=\"https:\/\/www.onefive.cz\/peakdesign\/wp-content\/uploads\/2025\/08\/peakdesign-mobile-gnarcase-pixel10pro-black-360-00000.jpg\" \/>\n\t<meta property=\"og:image:width\" content=\"1280\" \/>\n\t<meta property=\"og:image:height\" content=\"1280\" \/>\n\t<meta property=\"og:image:type\" content=\"image\/jpeg\" \/>\n<meta name=\"twitter:card\" content=\"summary_large_image\" \/>\n<meta name=\"twitter:label1\" content=\"Odhadovan\u00e1 doba \u010dten\u00ed\" \/>\n\t<meta name=\"twitter:data1\" content=\"3 minuty\" \/>\n<script type=\"application\/ld+json\" class=\"yoast-schema-graph\">{\"@context\":\"https:\\\/\\\/schema.org\",\"@graph\":[{\"@type\":\"WebPage\",\"@id\":\"https:\\\/\\\/www.onefive.cz\\\/peakdesign\\\/produkt\\\/gnar-case-pro-pixel\\\/\",\"url\":\"https:\\\/\\\/www.onefive.cz\\\/peakdesign\\\/produkt\\\/gnar-case-pro-pixel\\\/\",\"name\":\"GNAR Case pro Pixel - OneFive.cz - Prodejce Peak Design\",\"isPartOf\":{\"@id\":\"https:\\\/\\\/www.onefive.cz\\\/peakdesign\\\/#website\"},\"primaryImageOfPage\":{\"@id\":\"https:\\\/\\\/www.onefive.cz\\\/peakdesign\\\/produkt\\\/gnar-case-pro-pixel\\\/#primaryimage\"},\"image\":{\"@id\":\"https:\\\/\\\/www.onefive.cz\\\/peakdesign\\\/produkt\\\/gnar-case-pro-pixel\\\/#primaryimage\"},\"thumbnailUrl\":\"https:\\\/\\\/www.onefive.cz\\\/peakdesign\\\/wp-content\\\/uploads\\\/2025\\\/08\\\/peakdesign-mobile-gnarcase-pixel10pro-black-360-00000.jpg\",\"datePublished\":\"2021-09-12T22:05:41+00:00\",\"dateModified\":\"2026-04-17T04:06:45+00:00\",\"description\":\"Peak Design G.N.A.R. Case - Extra odoln\u00fd kryt na telefon s mo\u017enost\u00ed p\u0159ipevn\u011bn\u00ed k dal\u0161\u00edmu p\u0159\u00edslu\u0161enstv\u00ed.\",\"breadcrumb\":{\"@id\":\"https:\\\/\\\/www.onefive.cz\\\/peakdesign\\\/produkt\\\/gnar-case-pro-pixel\\\/#breadcrumb\"},\"inLanguage\":\"cs\",\"potentialAction\":[{\"@type\":\"ReadAction\",\"target\":[\"https:\\\/\\\/www.onefive.cz\\\/peakdesign\\\/produkt\\\/gnar-case-pro-pixel\\\/\"]}]},{\"@type\":\"ImageObject\",\"inLanguage\":\"cs\",\"@id\":\"https:\\\/\\\/www.onefive.cz\\\/peakdesign\\\/produkt\\\/gnar-case-pro-pixel\\\/#primaryimage\",\"url\":\"https:\\\/\\\/www.onefive.cz\\\/peakdesign\\\/wp-content\\\/uploads\\\/2025\\\/08\\\/peakdesign-mobile-gnarcase-pixel10pro-black-360-00000.jpg\",\"contentUrl\":\"https:\\\/\\\/www.onefive.cz\\\/peakdesign\\\/wp-content\\\/uploads\\\/2025\\\/08\\\/peakdesign-mobile-gnarcase-pixel10pro-black-360-00000.jpg\",\"width\":1280,\"height\":1280},{\"@type\":\"BreadcrumbList\",\"@id\":\"https:\\\/\\\/www.onefive.cz\\\/peakdesign\\\/produkt\\\/gnar-case-pro-pixel\\\/#breadcrumb\",\"itemListElement\":[{\"@type\":\"ListItem\",\"position\":1,\"name\":\"Dom\u016f\",\"item\":\"https:\\\/\\\/www.onefive.cz\\\/peakdesign\\\/\"},{\"@type\":\"ListItem\",\"position\":2,\"name\":\"Shop\",\"item\":\"https:\\\/\\\/www.onefive.cz\\\/peakdesign\\\/shop\\\/\"},{\"@type\":\"ListItem\",\"position\":3,\"name\":\"GNAR Case pro Pixel\"}]},{\"@type\":\"WebSite\",\"@id\":\"https:\\\/\\\/www.onefive.cz\\\/peakdesign\\\/#website\",\"url\":\"https:\\\/\\\/www.onefive.cz\\\/peakdesign\\\/\",\"name\":\"OneFive.cz - Prodejce Peak Design\",\"description\":\"Kryty a dr\u017e\u00e1ky pro telefony, cestovn\u00ed a everyday batohy a ta\u0161ky, organiz\u00e9ry a fotop\u0159\u00edslu\u0161enstv\u00ed. Ultim\u00e1tn\u00ed v\u00fdbava pro ty, kte\u0159\u00ed vy\u017eaduj\u00ed to nejlep\u0161\u00ed.\",\"potentialAction\":[{\"@type\":\"SearchAction\",\"target\":{\"@type\":\"EntryPoint\",\"urlTemplate\":\"https:\\\/\\\/www.onefive.cz\\\/peakdesign\\\/?s={search_term_string}\"},\"query-input\":{\"@type\":\"PropertyValueSpecification\",\"valueRequired\":true,\"valueName\":\"search_term_string\"}}],\"inLanguage\":\"cs\"}]}<\/script>\n<!-- \/ Yoast SEO plugin. -->","yoast_head_json":{"title":"GNAR Case pro Pixel - OneFive.cz - Prodejce Peak Design","description":"Peak Design G.N.A.R. Case - Extra odoln\u00fd kryt na telefon s mo\u017enost\u00ed p\u0159ipevn\u011bn\u00ed k dal\u0161\u00edmu p\u0159\u00edslu\u0161enstv\u00ed.","robots":{"index":"index","follow":"follow","max-snippet":"max-snippet:-1","max-image-preview":"max-image-preview:large","max-video-preview":"max-video-preview:-1"},"canonical":"https:\/\/www.onefive.cz\/peakdesign\/produkt\/gnar-case-pro-pixel\/","og_locale":"cs_CZ","og_type":"article","og_title":"GNAR Case pro Pixel - OneFive.cz - Prodejce Peak Design","og_description":"Peak Design G.N.A.R. Case - Extra odoln\u00fd kryt na telefon s mo\u017enost\u00ed p\u0159ipevn\u011bn\u00ed k dal\u0161\u00edmu p\u0159\u00edslu\u0161enstv\u00ed.","og_url":"https:\/\/www.onefive.cz\/peakdesign\/produkt\/gnar-case-pro-pixel\/","og_site_name":"OneFive.cz - Prodejce Peak Design","article_modified_time":"2026-04-17T04:06:45+00:00","og_image":[{"width":1280,"height":1280,"url":"https:\/\/www.onefive.cz\/peakdesign\/wp-content\/uploads\/2025\/08\/peakdesign-mobile-gnarcase-pixel10pro-black-360-00000.jpg","type":"image\/jpeg"}],"twitter_card":"summary_large_image","twitter_misc":{"Odhadovan\u00e1 doba \u010dten\u00ed":"3 minuty"},"schema":{"@context":"https:\/\/schema.org","@graph":[{"@type":"WebPage","@id":"https:\/\/www.onefive.cz\/peakdesign\/produkt\/gnar-case-pro-pixel\/","url":"https:\/\/www.onefive.cz\/peakdesign\/produkt\/gnar-case-pro-pixel\/","name":"GNAR Case pro Pixel - OneFive.cz - Prodejce Peak Design","isPartOf":{"@id":"https:\/\/www.onefive.cz\/peakdesign\/#website"},"primaryImageOfPage":{"@id":"https:\/\/www.onefive.cz\/peakdesign\/produkt\/gnar-case-pro-pixel\/#primaryimage"},"image":{"@id":"https:\/\/www.onefive.cz\/peakdesign\/produkt\/gnar-case-pro-pixel\/#primaryimage"},"thumbnailUrl":"https:\/\/www.onefive.cz\/peakdesign\/wp-content\/uploads\/2025\/08\/peakdesign-mobile-gnarcase-pixel10pro-black-360-00000.jpg","datePublished":"2021-09-12T22:05:41+00:00","dateModified":"2026-04-17T04:06:45+00:00","description":"Peak Design G.N.A.R. Case - Extra odoln\u00fd kryt na telefon s mo\u017enost\u00ed p\u0159ipevn\u011bn\u00ed k dal\u0161\u00edmu p\u0159\u00edslu\u0161enstv\u00ed.","breadcrumb":{"@id":"https:\/\/www.onefive.cz\/peakdesign\/produkt\/gnar-case-pro-pixel\/#breadcrumb"},"inLanguage":"cs","potentialAction":[{"@type":"ReadAction","target":["https:\/\/www.onefive.cz\/peakdesign\/produkt\/gnar-case-pro-pixel\/"]}]},{"@type":"ImageObject","inLanguage":"cs","@id":"https:\/\/www.onefive.cz\/peakdesign\/produkt\/gnar-case-pro-pixel\/#primaryimage","url":"https:\/\/www.onefive.cz\/peakdesign\/wp-content\/uploads\/2025\/08\/peakdesign-mobile-gnarcase-pixel10pro-black-360-00000.jpg","contentUrl":"https:\/\/www.onefive.cz\/peakdesign\/wp-content\/uploads\/2025\/08\/peakdesign-mobile-gnarcase-pixel10pro-black-360-00000.jpg","width":1280,"height":1280},{"@type":"BreadcrumbList","@id":"https:\/\/www.onefive.cz\/peakdesign\/produkt\/gnar-case-pro-pixel\/#breadcrumb","itemListElement":[{"@type":"ListItem","position":1,"name":"Dom\u016f","item":"https:\/\/www.onefive.cz\/peakdesign\/"},{"@type":"ListItem","position":2,"name":"Shop","item":"https:\/\/www.onefive.cz\/peakdesign\/shop\/"},{"@type":"ListItem","position":3,"name":"GNAR Case pro Pixel"}]},{"@type":"WebSite","@id":"https:\/\/www.onefive.cz\/peakdesign\/#website","url":"https:\/\/www.onefive.cz\/peakdesign\/","name":"OneFive.cz - Prodejce Peak Design","description":"Kryty a dr\u017e\u00e1ky pro telefony, cestovn\u00ed a everyday batohy a ta\u0161ky, organiz\u00e9ry a fotop\u0159\u00edslu\u0161enstv\u00ed. Ultim\u00e1tn\u00ed v\u00fdbava pro ty, kte\u0159\u00ed vy\u017eaduj\u00ed to nejlep\u0161\u00ed.","potentialAction":[{"@type":"SearchAction","target":{"@type":"EntryPoint","urlTemplate":"https:\/\/www.onefive.cz\/peakdesign\/?s={search_term_string}"},"query-input":{"@type":"PropertyValueSpecification","valueRequired":true,"valueName":"search_term_string"}}],"inLanguage":"cs"}]}},"_links":{"self":[{"href":"https:\/\/www.onefive.cz\/peakdesign\/wp-json\/wp\/v2\/product\/126613","targetHints":{"allow":["GET"]}}],"collection":[{"href":"https:\/\/www.onefive.cz\/peakdesign\/wp-json\/wp\/v2\/product"}],"about":[{"href":"https:\/\/www.onefive.cz\/peakdesign\/wp-json\/wp\/v2\/types\/product"}],"wp:featuredmedia":[{"embeddable":true,"href":"https:\/\/www.onefive.cz\/peakdesign\/wp-json\/wp\/v2\/media\/126616"}],"wp:attachment":[{"href":"https:\/\/www.onefive.cz\/peakdesign\/wp-json\/wp\/v2\/media?parent=126613"}],"wp:term":[{"taxonomy":"product_brand","embeddable":true,"href":"https:\/\/www.onefive.cz\/peakdesign\/wp-json\/wp\/v2\/product_brand?post=126613"},{"taxonomy":"product_cat","embeddable":true,"href":"https:\/\/www.onefive.cz\/peakdesign\/wp-json\/wp\/v2\/product_cat?post=126613"},{"taxonomy":"product_tag","embeddable":true,"href":"https:\/\/www.onefive.cz\/peakdesign\/wp-json\/wp\/v2\/product_tag?post=126613"}],"curies":[{"name":"wp","href":"https:\/\/api.w.org\/{rel}","templated":true}]}}