{"id":128505,"date":"2025-10-21T12:41:14","date_gmt":"2025-10-21T10:41:14","guid":{"rendered":"https:\/\/www.onefive.cz\/peakdesign\/?post_type=product&#038;p=128505"},"modified":"2026-05-02T12:06:13","modified_gmt":"2026-05-02T10:06:13","slug":"field-plate","status":"publish","type":"product","link":"https:\/\/www.onefive.cz\/peakdesign\/produkt\/field-plate\/","title":{"rendered":"Field Plate"},"content":{"rendered":"<div class='content-column one_half'><h2>Hlavn\u00ed rysy<\/h2>\n<ul style=\"padding-left: 15px;\">\n<li>Spolehliv\u00e9 upevn\u011bn\u00ed a snadn\u00e9 sejmut\u00ed bez pou\u017eit\u00ed n\u00e1\u0159ad\u00ed<\/li>\n<li>Speci\u00e1ln\u00ed \u0161roub se po stisknut\u00ed tla\u010d\u00edtka vyklop\u00ed, p\u0159i nepou\u017e\u00edv\u00e1n\u00ed z\u016fst\u00e1v\u00e1 zapu\u0161t\u011bn\u00fd<\/li>\n<li>Ergonomick\u00e1 hlava (\u201ethumb-drive\u201c) m\u00e1 v\u011bt\u0161\u00ed plochu ne\u017e jin\u00e9 D-krou\u017ekov\u00e9 konektory, co\u017e zaji\u0161\u0165uje vy\u0161\u0161\u00ed pohodl\u00ed a v\u00fdrazn\u011b v\u011bt\u0161\u00ed utahovac\u00ed moment<\/li>\n<li>Protiskluzov\u00e1 podlo\u017eka z lisovan\u00e9 gumy br\u00e1n\u00ed proto\u010den\u00ed desti\u010dky na t\u011ble fotoapar\u00e1tu<\/li>\n<li>Pr\u00e9miov\u00e1 konstrukce z CNC obr\u00e1b\u011bn\u00e9ho a eloxovan\u00e9ho hlin\u00edku s nerezov\u00fdmi komponenty<\/li>\n<li>Kompatibiln\u00ed se v\u0161emi stativy Peak Design<\/li>\n<li>Vhodn\u00e1 pro v\u011bt\u0161inu stativov\u00fdch hlav typu ARCA od jin\u00fdch v\u00fdrobc\u016f<\/li>\n<li>Kompatibiln\u00ed s dr\u017e\u00e1kem Capture V3 (nikoli V2 nebo V1)<\/li>\n<li>4 oka pro p\u0159ipevn\u011bn\u00ed kotvi\u010dek Peak Design Anchor<\/li>\n<\/ul>\n<p>Pozn\u00e1mka: \u0160roub u Field Plate je um\u00edst\u011bn napevno ve st\u0159edu desti\u010dky a desti\u010dku nelze posouvat do stran.<\/p><\/div>\n<div class='content-column one_half last_column'><h2>Video<\/h2>\n<p><iframe loading=\"lazy\" title=\"Peak Design Form Straps\" width=\"500\" height=\"281\" src=\"https:\/\/www.youtube.com\/embed\/IIWX5_uMNFk?feature=oembed&enablejsapi=1&origin=https:\/\/www.onefive.cz\" frameborder=\"0\" allow=\"accelerometer; autoplay; clipboard-write; encrypted-media; gyroscope; picture-in-picture; web-share\" referrerpolicy=\"strict-origin-when-cross-origin\" allowfullscreen><\/iframe><\/p>\n<h2 style=\"padding-top: 15px;\">Specifikace<\/h2>\n<p><strong>Hmotnost:<\/strong> 19 g<\/p>\n<p><strong>Rozm\u011bry: <\/strong>3,8 cm \u00d7 3,8 cm \u00d7 0,7 cm<\/p>\n<p><strong>Kompatibilita se stativy<\/strong><br \/>\nKompatibiln\u00ed se v\u0161emi stativy Peak Design<br \/>\nPasuje do v\u011bt\u0161iny stativov\u00fdch hlav typu ARCA od jin\u00fdch v\u00fdrobc\u016f<\/p>\n<p><strong>Kompatibilita s dr\u017e\u00e1kem Capture<\/strong><br \/>\nKompatibiln\u00ed pouze s Capture V3 (nikoli s V2 nebo V1)<\/p>\n<p><strong>Materi\u00e1ly<\/strong><br \/>\nDesti\u010dka: CNC obr\u00e1b\u011bn\u00fd eloxovan\u00fd hlin\u00edk<br \/>\nPodlo\u017eka: protiskluzov\u00e1 podlo\u017eka z lisovan\u00e9 gumy<br \/>\nSpojovac\u00ed \u0161roub: nerezov\u00fd \u0161roub, hlava a vnit\u0159n\u00ed mechanika. Aktiva\u010dn\u00ed tla\u010d\u00edtko z polykarbon\u00e1tu vyztu\u017een\u00e9ho skeln\u00fdmi vl\u00e1kny \"<\/p>\n<p><strong>Z\u00e1ruka<\/strong>: Do\u017eivotn\u00ed<\/p>\n<h2>Obsah balen\u00ed<\/h2>\n<ul style=\"padding-left: 15px; padding-bottom: 15px;\">\n<li>1\u00d7 desti\u010dka Field Plate<\/li>\n<\/ul><\/div><div class='clear_column'><\/div>\n","protected":false},"excerpt":{"rendered":"<p>Rychloup\u00ednac\u00ed desti\u010dka na stativ, kterou p\u0159ipevn\u00edte bez n\u00e1\u0159ad\u00ed<\/p>\n<p>Zapome\u0148te na imbusy, drobn\u00e9 mince a k\u0159ehk\u00e9 D-krou\u017eky \u2013 Field Plate je nov\u00fd typ rychloup\u00ednac\u00ed desti\u010dky na stativ, kterou p\u0159ipevn\u00edte a sund\u00e1te rychleji a snadn\u011bji ne\u017e jakoukoli jinou, a to bez pou\u017eit\u00ed n\u00e1\u0159ad\u00ed. Z\u00e1sadn\u00ed novinkou je speci\u00e1ln\u00ed v\u00fdklopn\u00fd \u0161roub, prvn\u00ed sv\u00e9ho druhu, kter\u00fd se po stisknut\u00ed tla\u010d\u00edtka vyklop\u00ed a vytvo\u0159\u00ed ergonomickou hlavu s dostate\u010dn\u011b velkou plochou pro bezpe\u010dn\u00e9 uta\u017een\u00ed i extr\u00e9mn\u011b rychl\u00e9 uvoln\u011bn\u00ed.<\/p>\n<p>A\u0165 u\u017e desti\u010dku sund\u00e1v\u00e1te n\u011bkolikr\u00e1t b\u011bhem focen\u00ed, nebo jen jednou za p\u016fl roku, s Field Plate u\u017e nikdy nebudete ztr\u00e1cet \u010das hled\u00e1n\u00edm imbusov\u00e9ho kl\u00ed\u010de. Konstrukce z CNC obr\u00e1b\u011bn\u00e9ho a eloxovan\u00e9ho hlin\u00edku zaru\u010duje vysokou odolnost a dlouhou \u017eivotnost. Protiskluzov\u00e1 gumov\u00e1 podlo\u017eka zabra\u0148uje proto\u010den\u00ed desti\u010dky i p\u0159i pou\u017eit\u00ed s t\u011b\u017ek\u00fdmi fotoapar\u00e1ty.<\/p>\n<p>Field Plate je kompatibiln\u00ed se v\u0161emi stativy Peak Design a s v\u011bt\u0161inou stativov\u00fdch hlav standardu ARCA. Pln\u011b funguje tak\u00e9 s dr\u017e\u00e1kem <a href=\"https:\/\/www.onefive.cz\/peakdesign\/produkt\/capture\/\">Capture Camera Clip V3<\/a>. \u010cty\u0159i integrovan\u00e1 oka umo\u017e\u0148uj\u00ed p\u0159ipojit kotvi\u010dky Peak Design Anchor a pou\u017e\u00edvat v\u0161echny popruhy PD.<\/p>\n","protected":false},"featured_media":128513,"template":"","meta":[],"product_brand":[],"product_cat":[18],"product_tag":[],"class_list":{"0":"post-128505","1":"product","2":"type-product","3":"status-publish","4":"has-post-thumbnail","6":"product_cat-uncategorized","8":"first","9":"instock","10":"taxable","11":"shipping-taxable","12":"purchasable","13":"product-type-simple"},"yoast_head":"<!-- This site is optimized with the Yoast SEO plugin v27.5 - https:\/\/yoast.com\/product\/yoast-seo-wordpress\/ -->\n<title>Field Plate - OneFive.cz - Prodejce Peak Design<\/title>\n<meta name=\"description\" content=\"Peak Design Field Plate\" \/>\n<meta name=\"robots\" content=\"index, follow, max-snippet:-1, max-image-preview:large, max-video-preview:-1\" \/>\n<link rel=\"canonical\" href=\"https:\/\/www.onefive.cz\/peakdesign\/produkt\/field-plate\/\" \/>\n<meta property=\"og:locale\" content=\"cs_CZ\" \/>\n<meta property=\"og:type\" content=\"article\" \/>\n<meta property=\"og:title\" content=\"Field Plate - OneFive.cz - Prodejce Peak Design\" \/>\n<meta property=\"og:description\" content=\"Peak Design Field Plate\" \/>\n<meta property=\"og:url\" content=\"https:\/\/www.onefive.cz\/peakdesign\/produkt\/field-plate\/\" \/>\n<meta property=\"og:site_name\" content=\"OneFive.cz - Prodejce Peak Design\" \/>\n<meta property=\"article:modified_time\" content=\"2026-05-02T10:06:13+00:00\" \/>\n<meta property=\"og:image\" content=\"https:\/\/www.onefive.cz\/peakdesign\/wp-content\/uploads\/2025\/10\/cameraplates-fieldplate-309-.jpg\" \/>\n\t<meta property=\"og:image:width\" content=\"1280\" \/>\n\t<meta property=\"og:image:height\" content=\"1280\" \/>\n\t<meta property=\"og:image:type\" content=\"image\/jpeg\" \/>\n<meta name=\"twitter:card\" content=\"summary_large_image\" \/>\n<meta name=\"twitter:label1\" content=\"Odhadovan\u00e1 doba \u010dten\u00ed\" \/>\n\t<meta name=\"twitter:data1\" content=\"2 minuty\" \/>\n<script type=\"application\/ld+json\" class=\"yoast-schema-graph\">{\"@context\":\"https:\\\/\\\/schema.org\",\"@graph\":[{\"@type\":\"WebPage\",\"@id\":\"https:\\\/\\\/www.onefive.cz\\\/peakdesign\\\/produkt\\\/field-plate\\\/\",\"url\":\"https:\\\/\\\/www.onefive.cz\\\/peakdesign\\\/produkt\\\/field-plate\\\/\",\"name\":\"Field Plate - OneFive.cz - Prodejce Peak Design\",\"isPartOf\":{\"@id\":\"https:\\\/\\\/www.onefive.cz\\\/peakdesign\\\/#website\"},\"primaryImageOfPage\":{\"@id\":\"https:\\\/\\\/www.onefive.cz\\\/peakdesign\\\/produkt\\\/field-plate\\\/#primaryimage\"},\"image\":{\"@id\":\"https:\\\/\\\/www.onefive.cz\\\/peakdesign\\\/produkt\\\/field-plate\\\/#primaryimage\"},\"thumbnailUrl\":\"https:\\\/\\\/www.onefive.cz\\\/peakdesign\\\/wp-content\\\/uploads\\\/2025\\\/10\\\/cameraplates-fieldplate-309-.jpg\",\"datePublished\":\"2025-10-21T10:41:14+00:00\",\"dateModified\":\"2026-05-02T10:06:13+00:00\",\"description\":\"Peak Design Field Plate\",\"breadcrumb\":{\"@id\":\"https:\\\/\\\/www.onefive.cz\\\/peakdesign\\\/produkt\\\/field-plate\\\/#breadcrumb\"},\"inLanguage\":\"cs\",\"potentialAction\":[{\"@type\":\"ReadAction\",\"target\":[\"https:\\\/\\\/www.onefive.cz\\\/peakdesign\\\/produkt\\\/field-plate\\\/\"]}]},{\"@type\":\"ImageObject\",\"inLanguage\":\"cs\",\"@id\":\"https:\\\/\\\/www.onefive.cz\\\/peakdesign\\\/produkt\\\/field-plate\\\/#primaryimage\",\"url\":\"https:\\\/\\\/www.onefive.cz\\\/peakdesign\\\/wp-content\\\/uploads\\\/2025\\\/10\\\/cameraplates-fieldplate-309-.jpg\",\"contentUrl\":\"https:\\\/\\\/www.onefive.cz\\\/peakdesign\\\/wp-content\\\/uploads\\\/2025\\\/10\\\/cameraplates-fieldplate-309-.jpg\",\"width\":1280,\"height\":1280},{\"@type\":\"BreadcrumbList\",\"@id\":\"https:\\\/\\\/www.onefive.cz\\\/peakdesign\\\/produkt\\\/field-plate\\\/#breadcrumb\",\"itemListElement\":[{\"@type\":\"ListItem\",\"position\":1,\"name\":\"Dom\u016f\",\"item\":\"https:\\\/\\\/www.onefive.cz\\\/peakdesign\\\/\"},{\"@type\":\"ListItem\",\"position\":2,\"name\":\"Shop\",\"item\":\"https:\\\/\\\/www.onefive.cz\\\/peakdesign\\\/shop\\\/\"},{\"@type\":\"ListItem\",\"position\":3,\"name\":\"Field Plate\"}]},{\"@type\":\"WebSite\",\"@id\":\"https:\\\/\\\/www.onefive.cz\\\/peakdesign\\\/#website\",\"url\":\"https:\\\/\\\/www.onefive.cz\\\/peakdesign\\\/\",\"name\":\"OneFive.cz - Prodejce Peak Design\",\"description\":\"Kryty a dr\u017e\u00e1ky pro telefony, cestovn\u00ed a everyday batohy a ta\u0161ky, organiz\u00e9ry a fotop\u0159\u00edslu\u0161enstv\u00ed. Ultim\u00e1tn\u00ed v\u00fdbava pro ty, kte\u0159\u00ed vy\u017eaduj\u00ed to nejlep\u0161\u00ed.\",\"potentialAction\":[{\"@type\":\"SearchAction\",\"target\":{\"@type\":\"EntryPoint\",\"urlTemplate\":\"https:\\\/\\\/www.onefive.cz\\\/peakdesign\\\/?s={search_term_string}\"},\"query-input\":{\"@type\":\"PropertyValueSpecification\",\"valueRequired\":true,\"valueName\":\"search_term_string\"}}],\"inLanguage\":\"cs\"}]}<\/script>\n<!-- \/ Yoast SEO plugin. -->","yoast_head_json":{"title":"Field Plate - OneFive.cz - Prodejce Peak Design","description":"Peak Design Field Plate","robots":{"index":"index","follow":"follow","max-snippet":"max-snippet:-1","max-image-preview":"max-image-preview:large","max-video-preview":"max-video-preview:-1"},"canonical":"https:\/\/www.onefive.cz\/peakdesign\/produkt\/field-plate\/","og_locale":"cs_CZ","og_type":"article","og_title":"Field Plate - OneFive.cz - Prodejce Peak Design","og_description":"Peak Design Field Plate","og_url":"https:\/\/www.onefive.cz\/peakdesign\/produkt\/field-plate\/","og_site_name":"OneFive.cz - Prodejce Peak Design","article_modified_time":"2026-05-02T10:06:13+00:00","og_image":[{"width":1280,"height":1280,"url":"https:\/\/www.onefive.cz\/peakdesign\/wp-content\/uploads\/2025\/10\/cameraplates-fieldplate-309-.jpg","type":"image\/jpeg"}],"twitter_card":"summary_large_image","twitter_misc":{"Odhadovan\u00e1 doba \u010dten\u00ed":"2 minuty"},"schema":{"@context":"https:\/\/schema.org","@graph":[{"@type":"WebPage","@id":"https:\/\/www.onefive.cz\/peakdesign\/produkt\/field-plate\/","url":"https:\/\/www.onefive.cz\/peakdesign\/produkt\/field-plate\/","name":"Field Plate - OneFive.cz - Prodejce Peak Design","isPartOf":{"@id":"https:\/\/www.onefive.cz\/peakdesign\/#website"},"primaryImageOfPage":{"@id":"https:\/\/www.onefive.cz\/peakdesign\/produkt\/field-plate\/#primaryimage"},"image":{"@id":"https:\/\/www.onefive.cz\/peakdesign\/produkt\/field-plate\/#primaryimage"},"thumbnailUrl":"https:\/\/www.onefive.cz\/peakdesign\/wp-content\/uploads\/2025\/10\/cameraplates-fieldplate-309-.jpg","datePublished":"2025-10-21T10:41:14+00:00","dateModified":"2026-05-02T10:06:13+00:00","description":"Peak Design Field Plate","breadcrumb":{"@id":"https:\/\/www.onefive.cz\/peakdesign\/produkt\/field-plate\/#breadcrumb"},"inLanguage":"cs","potentialAction":[{"@type":"ReadAction","target":["https:\/\/www.onefive.cz\/peakdesign\/produkt\/field-plate\/"]}]},{"@type":"ImageObject","inLanguage":"cs","@id":"https:\/\/www.onefive.cz\/peakdesign\/produkt\/field-plate\/#primaryimage","url":"https:\/\/www.onefive.cz\/peakdesign\/wp-content\/uploads\/2025\/10\/cameraplates-fieldplate-309-.jpg","contentUrl":"https:\/\/www.onefive.cz\/peakdesign\/wp-content\/uploads\/2025\/10\/cameraplates-fieldplate-309-.jpg","width":1280,"height":1280},{"@type":"BreadcrumbList","@id":"https:\/\/www.onefive.cz\/peakdesign\/produkt\/field-plate\/#breadcrumb","itemListElement":[{"@type":"ListItem","position":1,"name":"Dom\u016f","item":"https:\/\/www.onefive.cz\/peakdesign\/"},{"@type":"ListItem","position":2,"name":"Shop","item":"https:\/\/www.onefive.cz\/peakdesign\/shop\/"},{"@type":"ListItem","position":3,"name":"Field Plate"}]},{"@type":"WebSite","@id":"https:\/\/www.onefive.cz\/peakdesign\/#website","url":"https:\/\/www.onefive.cz\/peakdesign\/","name":"OneFive.cz - Prodejce Peak Design","description":"Kryty a dr\u017e\u00e1ky pro telefony, cestovn\u00ed a everyday batohy a ta\u0161ky, organiz\u00e9ry a fotop\u0159\u00edslu\u0161enstv\u00ed. Ultim\u00e1tn\u00ed v\u00fdbava pro ty, kte\u0159\u00ed vy\u017eaduj\u00ed to nejlep\u0161\u00ed.","potentialAction":[{"@type":"SearchAction","target":{"@type":"EntryPoint","urlTemplate":"https:\/\/www.onefive.cz\/peakdesign\/?s={search_term_string}"},"query-input":{"@type":"PropertyValueSpecification","valueRequired":true,"valueName":"search_term_string"}}],"inLanguage":"cs"}]}},"_links":{"self":[{"href":"https:\/\/www.onefive.cz\/peakdesign\/wp-json\/wp\/v2\/product\/128505","targetHints":{"allow":["GET"]}}],"collection":[{"href":"https:\/\/www.onefive.cz\/peakdesign\/wp-json\/wp\/v2\/product"}],"about":[{"href":"https:\/\/www.onefive.cz\/peakdesign\/wp-json\/wp\/v2\/types\/product"}],"wp:featuredmedia":[{"embeddable":true,"href":"https:\/\/www.onefive.cz\/peakdesign\/wp-json\/wp\/v2\/media\/128513"}],"wp:attachment":[{"href":"https:\/\/www.onefive.cz\/peakdesign\/wp-json\/wp\/v2\/media?parent=128505"}],"wp:term":[{"taxonomy":"product_brand","embeddable":true,"href":"https:\/\/www.onefive.cz\/peakdesign\/wp-json\/wp\/v2\/product_brand?post=128505"},{"taxonomy":"product_cat","embeddable":true,"href":"https:\/\/www.onefive.cz\/peakdesign\/wp-json\/wp\/v2\/product_cat?post=128505"},{"taxonomy":"product_tag","embeddable":true,"href":"https:\/\/www.onefive.cz\/peakdesign\/wp-json\/wp\/v2\/product_tag?post=128505"}],"curies":[{"name":"wp","href":"https:\/\/api.w.org\/{rel}","templated":true}]}}