{"id":128935,"date":"2025-11-05T23:35:16","date_gmt":"2025-11-05T22:35:16","guid":{"rendered":"https:\/\/www.onefive.cz\/peakdesign\/?post_type=product&#038;p=128935"},"modified":"2026-04-17T06:06:41","modified_gmt":"2026-04-17T04:06:41","slug":"pro-tripod","status":"publish","type":"product","link":"https:\/\/www.onefive.cz\/peakdesign\/produkt\/pro-tripod\/","title":{"rendered":"Pro Tripod"},"content":{"rendered":"<div class='content-column one_half'><h2>Hlavn\u00ed rysy<\/h2>\n<p><strong>Bezkonkuren\u010dn\u00ed p\u0159enosnost<\/strong><\/p>\n<ul style=\"padding-left: 15px;\">\n<li>Revolu\u010dn\u00ed konstrukce eliminuje nevyu\u017eit\u00fd prostor<\/li>\n<li>Ve slo\u017een\u00e9m stavu je v\u00fdrazn\u011b men\u0161\u00ed ne\u017e jak\u00fdkoli stativ ve sv\u00e9 t\u0159\u00edd\u011b<\/li>\n<li>Kompaktn\u00ed design ti umo\u017en\u00ed vz\u00edt stativ kamkoli a dostat se d\u00e1l ne\u017e kdykoli p\u0159edt\u00edm<\/li>\n<li>O\u010dka pro p\u0159ipojen\u00ed libovoln\u00e9ho popruhu Peak Design (prod\u00e1v\u00e1 se samostatn\u011b)<\/li>\n<\/ul>\n<p><strong>Profesion\u00e1ln\u00ed stabilita bez zbyte\u010dn\u00e9ho objemu<\/strong><\/p>\n<ul style=\"padding-left: 15px;\">\n<li>Nosnost 18 kg (40 lb) \u2013 stabilizuje i t\u011b\u017ek\u00e9 profesion\u00e1ln\u00ed sestavy v n\u00e1ro\u010dn\u00fdch podm\u00ednk\u00e1ch<\/li>\n<li>Stabilita a tlumen\u00ed vibrac\u00ed srovnateln\u00e9 s mnohem v\u011bt\u0161\u00edmi stativy<\/li>\n<li>Protiskluzov\u00e9 polyuretanov\u00e9 koncovky nohou tlum\u00edc\u00ed n\u00e1razy<\/li>\n<li>Vestav\u011bn\u00fd h\u00e1k pro zav\u011b\u0161en\u00ed z\u00e1t\u011b\u017ee<\/li>\n<\/ul>\n<p><strong>Okam\u017eit\u00fd p\u0159echod mezi focen\u00edm a videem<\/strong><\/p>\n<ul style=\"padding-left: 15px;\">\n<li>P\u0159em\u011b\u0148 stativ na plnohodnotn\u00fd video stativ s plynul\u00fdm pohybem pomoc\u00ed adapt\u00e9ru <a href=\"https:\/\/www.onefive.cz\/peakdesign\/produkt\/pro-tripod-tilt-mod-ball-head-video-adapter\/\">Tilt Mod<\/a> (prod\u00e1v\u00e1 se samostatn\u011b)<\/li>\n<li>Adapt\u00e9r nab\u00edz\u00ed fluidn\u00ed odpor, pru\u017einov\u00e9 vyv\u00e1\u017een\u00ed, teleskopickou rukoje\u0165 a areta\u010dn\u00ed kole\u010dko pro n\u00e1klon<\/li>\n<li>Snadn\u00e9 nasazen\u00ed i sejmut\u00ed adapt\u00e9ru, kter\u00fd lze ulo\u017eit do jak\u00e9koli fotobra\u0161ny<\/li>\n<\/ul>\n<p><strong>Rychl\u00e9 rozlo\u017een\u00ed a sbalen\u00ed<\/strong><\/p>\n<ul style=\"padding-left: 15px;\">\n<li>Vylep\u0161en\u00e9 p\u00e1kov\u00e9 z\u00e1mky nohou umo\u017e\u0148uj\u00ed odemknout v\u0161echny sekce t\u0159emi rychl\u00fdmi pohyby<\/li>\n<li>Rozlo\u017een\u00ed i sbalen\u00ed za polovinu \u010dasu oproti b\u011b\u017en\u00fdm stativ\u016fm s oto\u010dn\u00fdmi z\u00e1mky<\/li>\n<li>Re\u017eimy \u201elow\u201c a \u201einverted\u201c umo\u017e\u0148uj\u00ed um\u00edstit fotoapar\u00e1t jen p\u00e1r centimetr\u016f nad zem<\/li>\n<\/ul>\n<p><strong>Intuitivn\u00ed Pro Ball Head s bezkonkuren\u010dn\u00ed ovladatelnost\u00ed<\/strong><\/p>\n<ul style=\"padding-left: 15px;\">\n<li>Jeden plynul\u00fd ovl\u00e1dac\u00ed prstenec bez objemn\u00fdch nebo matouc\u00edch knofl\u00edk\u016f<\/li>\n<li>Integrovan\u00e9 plynul\u00e9 panor\u00e1mov\u00e1n\u00ed s \u00fahlovou stupnic\u00ed<\/li>\n<li>Nov\u00fd rychloup\u00ednac\u00ed syst\u00e9m uchyt\u00ed a uzamkne fotoapar\u00e1t okam\u017eit\u011b a pevn\u011bji ne\u017e kdy d\u0159\u00edv<\/li>\n<li>Nov\u00fd areta\u010dn\u00ed prstenec a ukazatel s\u00edly dota\u017een\u00ed pro okam\u017eit\u00e9 zv\u00fd\u0161en\u00ed stability<\/li>\n<li>Nov\u00e1 bezpe\u010dnostn\u00ed z\u00e1padka pro \u00fapln\u00e9 zaji\u0161t\u011bn\u00ed fotoapar\u00e1tu<\/li>\n<li>Snadn\u00e9 ovl\u00e1d\u00e1n\u00ed i v rukavic\u00edch<\/li>\n<li>Kompatibiln\u00ed se v\u0161emi PD desti\u010dkami a v\u011bt\u0161inou desti\u010dek typu Arca<\/li>\n<li>Odn\u00edmateln\u00e9 kol\u00ed\u010dky pro pou\u017eit\u00ed s v\u011bt\u0161inou L-bracket\u016f typu Arca<\/li>\n<li>V\u017edy viditeln\u00e1 kruhov\u00e1 vodov\u00e1ha<\/li>\n<li>Kloubov\u00e1 hlava nab\u00edz\u00ed \u00b115\u00b0 nastaven\u00ed i p\u0159i zcela zasunut\u00e9m st\u0159edov\u00e9m sloupku<\/li>\n<\/ul>\n<p><strong>Chyt\u0159e integrovan\u00e9 n\u00e1stroje<\/strong><\/p>\n<ul style=\"padding-left: 15px;\">\n<li>Magneticky ulo\u017een\u00fd imbus 4 mm + 2,5 mm ve st\u0159edov\u00e9m sloupku<\/li>\n<li>Skl\u00e1dac\u00ed dr\u017e\u00e1k na telefon (prod\u00e1v\u00e1 se samostatn\u011b) lze ulo\u017eit do stejn\u00e9ho prostoru<\/li>\n<li>Jeden n\u00e1stroj m\u016f\u017ee\u0161 ulo\u017eit do sloupku, druh\u00fd do p\u0159ilo\u017een\u00e9ho obalu stativu<\/li>\n<\/ul>\n<p><strong>Odoln\u00fd, pln\u011b servisovateln\u00fd a s do\u017eivotn\u00ed z\u00e1rukou<\/strong><\/p>\n<ul style=\"padding-left: 15px;\">\n<li>V\u0161echny komponenty jsou odoln\u00e9 v\u016f\u010di pov\u011btrnostn\u00edm vliv\u016fm a n\u00e1raz\u016fm<\/li>\n<li>\u0160t\u00edhl\u00e9 ochrann\u00e9 pouzdro s integrovan\u00fdm ramenn\u00edm popruhem a madlem<\/li>\n<li>V\u0161echny \u010d\u00e1sti jsou pln\u011b servisovateln\u00e9, \u010distiteln\u00e9 a vym\u011bniteln\u00e9<\/li>\n<\/ul>\n<p><strong>Hlavn\u00ed rozd\u00edly oproti Travel Tripodu<\/strong><\/p>\n<ul style=\"padding-left: 15px;\">\n<li>V\u00fdrazn\u011b vy\u0161\u0161\u00ed tuhost, stabilita a nosnost (18 kg vs. 9 kg)<\/li>\n<li>Kompletn\u011b CNC obr\u00e1b\u011bn\u00e1 konstrukce z recyklovan\u00e9ho hlin\u00edku 6061-T6 (Travel Tripod m\u00e1 n\u011bkter\u00e9 d\u00edly odl\u00e9van\u00e9 \/ pr\u00e1\u0161kovan\u00e9)<\/li>\n<li>Zcela p\u0159epracovan\u00e1 hlava Pro Ball Head s nov\u00fdmi funkcemi:<\/li>\n<li>Integrovan\u00e9 fluidn\u00ed panor\u00e1mov\u00e1n\u00ed<\/li>\n<li>Nov\u00fd rychloup\u00ednac\u00ed syst\u00e9m s pevn\u011bj\u0161\u00edm \u00fachopem<\/li>\n<li>Nov\u00fd areta\u010dn\u00ed prstenec s ukazatelem s\u00edly dota\u017een\u00ed<\/li>\n<li>Nov\u00e1 bezpe\u010dnostn\u00ed z\u00e1padka pro \u00fapln\u00e9 zaji\u0161t\u011bn\u00ed<\/li>\n<li>V\u017edy viditeln\u00e1 vodov\u00e1ha<\/li>\n<li>\u00b115\u00b0 nastaven\u00ed i p\u0159i zasunut\u00e9m sloupku<\/li>\n<li>Vylep\u0161en\u00e9 z\u00e1mky nohou, aretace \u00fahl\u016f a ovl\u00e1dac\u00ed prvky pro plynulej\u0161\u00ed a rychlej\u0161\u00ed pr\u00e1ci<\/li>\n<li>Nov\u00fd p\u0159epravn\u00ed obal s integrovan\u00fdm popruhem<\/li>\n<li>Nohy a z\u00e1mky snadno rozeb\u00edrateln\u00e9 pro \u010di\u0161t\u011bn\u00ed a \u00fadr\u017ebu<\/li>\n<\/ul><\/div>\n<div class='content-column one_half last_column'><h2>Video<\/h2>\n<p><iframe loading=\"lazy\" title=\"Complete Guide to Peak Design Tripods\" width=\"500\" height=\"281\" src=\"https:\/\/www.youtube.com\/embed\/U8GfxSpwVUE?feature=oembed&enablejsapi=1&origin=https:\/\/www.onefive.cz\" frameborder=\"0\" allow=\"accelerometer; autoplay; clipboard-write; encrypted-media; gyroscope; picture-in-picture; web-share\" referrerpolicy=\"strict-origin-when-cross-origin\" allowfullscreen><\/iframe><\/p>\n<h2 style=\"padding-top: 15px;\">Specifikace<\/h2>\n<p><strong>Hmotnost: <\/strong>1,9 kg<\/p>\n<p><strong>Nosnost: <\/strong>18,1 kg<\/p>\n<p><strong>Rozm\u011bry<\/strong> (slo\u017een\u00fd stav)<br \/>\nD\u00e9lka: 50,1 cm<br \/>\nPr\u016fm\u011br: 9,3 cm<\/p>\n<p><strong>V\u00fd\u0161ka<\/strong> (rozlo\u017een\u00fd stav):<br \/>\nMaxim\u00e1ln\u00ed v\u00fd\u0161ka (st\u0159edov\u00fd sloupek vysunut\u00fd): 168,4 cm<br \/>\nMaxim\u00e1ln\u00ed v\u00fd\u0161ka (st\u0159edov\u00fd sloupek zasunut\u00fd): 138,0 cm<br \/>\nMinim\u00e1ln\u00ed v\u00fd\u0161ka (re\u017eim \u201elow\u201c): 15,9 cm<\/p>\n<p><strong>Po\u010det sekc\u00ed nohou:<\/strong> 4<br \/>\n<strong>Z\u00e1mky nohou:<\/strong> Hlin\u00edkov\u00e9 p\u00e1kov\u00e9 z\u00e1mky \u2013 nov\u00fd design pro vy\u0161\u0161\u00ed tuhost a snaz\u0161\u00ed \u010di\u0161t\u011bn\u00ed oproti Travel Tripodu<\/p>\n<p><strong>Materi\u00e1ly<\/strong><\/p>\n<ul style=\"padding-left: 15px;\">\n<li>Kulov\u00e1 hlava, st\u0159ed, h\u00e1k na z\u00e1t\u011b\u017e, z\u00e1mky nohou: CNC-obr\u00e1b\u011bn\u00fd a eloxovan\u00fd recyklovan\u00fd hlin\u00edk 6061-T6 (\u017e\u00e1dn\u00e9 odl\u00e9van\u00e9 d\u00edly)<\/li>\n<li>Nohy: karbonov\u00e9 vl\u00e1kno 3K Weave (2\u00d72 Twill)<\/li>\n<li>St\u0159edov\u00fd sloupek: karbonov\u00e9 vl\u00e1kno 3K Weave (2\u00d72 Twill)<\/li>\n<li>Kov\u00e1n\u00ed: nerezov\u00e1 ocel<\/li>\n<li>Patky nohou: protiskluzov\u00fd TPU<\/li>\n<\/ul>\n<p><strong>Z\u00e1ruka<\/strong>: Do\u017eivotn\u00ed<\/p>\n<h2>Obsah balen\u00ed<\/h2>\n<ul style=\"padding-left: 15px; padding-bottom: 15px;\">\n<li>1. 1\u00d7 stativ Pro Tripod (nohy + kulov\u00e1 hlava)<\/li>\n<li>2. 1\u00d7 polstrovan\u00e9 p\u0159epravn\u00ed pouzdro na stativ<\/li>\n<li>3. 1\u00d7 stativov\u00e1 desti\u010dka Standard Plate (kompatibiln\u00ed s Arca)<\/li>\n<li>4. 1\u00d7 imbusov\u00fd kl\u00ed\u010d (4 mm + 2,5 mm)<\/li>\n<li>5. 1\u00d7 h\u00e1k na z\u00e1t\u011b\u017e (nainstalovan\u00fd ve st\u0159edov\u00e9m sloupku)<\/li>\n<\/ul><\/div><div class='clear_column'><\/div>\n","protected":false},"excerpt":{"rendered":"<p class=\"p1\">Profesion\u00e1ln\u00ed stativ<\/p>\n<p>Peak Design Pro Tripod je ultim\u00e1tn\u00ed profesion\u00e1ln\u00ed stativ \u2013 nab\u00edz\u00ed s\u00edlu a stabilitu pro pr\u00e1ci s t\u011b\u017ek\u00fdmi fotoapar\u00e1ty a objektivy, umo\u017en\u00ed ti tvo\u0159it obsah na \u0161pi\u010dkov\u00e9 \u00farovni, a p\u0159itom je dostate\u010dn\u011b skladn\u00fd, aby s tebou mohl vyrazit kamkoli. D\u00edky tomu m\u016f\u017ee\u0161 sv\u00e9 dovednosti posunout na vy\u0161\u0161\u00ed \u00farove\u0148 a nat\u00e1\u010det i v n\u00e1ro\u010dn\u011bj\u0161\u00edch podm\u00ednk\u00e1ch ne\u017e kdykoli p\u0159edt\u00edm.<\/p>\n<p>Vyvinut\u00fd ve spolupr\u00e1ci s legend\u00e1rn\u00edm fotografem a filma\u0159em Jimmy Chinem, vych\u00e1z\u00ed z revolu\u010dn\u00ed konstrukce p\u016fvodn\u00edho a n\u011bkolikr\u00e1t ocen\u011bn\u00e9ho Travel Tripod. Kontrukci Peak Design p\u0159epracoval a zv\u011bt\u0161il tak, aby stativ nab\u00eddl v\u00fdrazn\u011b v\u011bt\u0161\u00ed tuhost a pracovn\u00ed v\u00fd\u0161ku. Pro Tripod p\u0159in\u00e1\u0161\u00ed tak\u00e9 funkce ur\u010den\u00e9 profesion\u00e1l\u016fm \u2013 plynul\u00e9 panor\u00e1mov\u00e1n\u00ed, podporu videa a kompletn\u011b CNC obr\u00e1b\u011bn\u00e9 hlin\u00edkov\u00e9 komponenty. Ka\u017ed\u00e1 p\u00e1\u010dka, z\u00e1mek a ovl\u00e1dac\u00ed prvek byl precizn\u011b p\u0159epracov\u00e1n, aby poskytoval maxim\u00e1ln\u00ed jistotu a dokonal\u00fd u\u017eivatelsk\u00fd z\u00e1\u017eitek.<\/p>\n<p>\u017d\u00e1dn\u00fd jin\u00fd profesion\u00e1ln\u00ed stativ na sv\u011bt\u011b nespojuje takovou v\u00fdkonnost, skladnost a radost z pou\u017e\u00edv\u00e1n\u00ed.<\/p>\n<p>S unik\u00e1tn\u00edm a patentovan\u00fdm p\u0159\u00edslu\u0161enstv\u00edm <a href=\"https:\/\/www.onefive.cz\/peakdesign\/produkt\/pro-tripod-tilt-mod-ball-head-video-adapter\/\">Tilt Mod<\/a> (prod\u00e1v\u00e1 se samostatn\u011b) m\u016f\u017ee\u0161 Pro Tripod okam\u017eit\u011b p\u0159em\u011bnit na video stativ s plynul\u00fdm panem a n\u00e1klonem. Snadno tak p\u0159ep\u00edn\u00e1\u0161 mezi fotografov\u00e1n\u00edm a nat\u00e1\u010den\u00edm \u2013 a\u0165 u\u017e v ter\u00e9nu, nebo ve studiu \u2013 bez nutnosti tahat s sebou v\u00edce stativ\u016f nebo objemnou video hlavu. Video je dnes ned\u00edlnou sou\u010d\u00e1st\u00ed profesion\u00e1ln\u00ed pr\u00e1ce fotografa a \u017e\u00e1dn\u00fd jin\u00fd stativ na sv\u011bt\u011b ti neumo\u017en\u00ed tak rychl\u00fd p\u0159echod mezi t\u011bmito dv\u011bma re\u017eimy \u2013 nav\u00edc s dopl\u0148kem, kter\u00fd se pohodln\u011b vejde do p\u0159ihr\u00e1dky na objektiv ve fotobra\u0161n\u011b.<\/p>\n<p>Pro Tripod je dostupn\u00fd ve t\u0159ech verz\u00edch:<br \/>\n\u2022 <a href=\"https:\/\/www.onefive.cz\/peakdesign\/produkt\/pro-tall-tripod\/\">Pro Tall<\/a> s maxim\u00e1ln\u00ed v\u00fd\u0161kou 197,4 cm<br \/>\n\u2022 Pro s v\u00fd\u0161kou 168,4 cm<br \/>\n\u2022 <a href=\"https:\/\/www.onefive.cz\/peakdesign\/produkt\/pro-lite-tripod\/\">Pro Lite<\/a> s v\u00fd\u0161kou\u00a0162.5 cm<\/p>\n","protected":false},"featured_media":128953,"template":"","meta":[],"product_brand":[],"product_cat":[18],"product_tag":[],"class_list":{"0":"post-128935","1":"product","2":"type-product","3":"status-publish","4":"has-post-thumbnail","6":"product_cat-uncategorized","8":"first","9":"instock","10":"taxable","11":"shipping-taxable","12":"purchasable","13":"product-type-simple"},"yoast_head":"<!-- This site is optimized with the Yoast SEO plugin v27.4 - https:\/\/yoast.com\/product\/yoast-seo-wordpress\/ -->\n<title>Pro Tripod - OneFive.cz - Prodejce Peak Design<\/title>\n<meta name=\"description\" content=\"Peak Design Pro Tripod\" \/>\n<meta name=\"robots\" content=\"index, follow, max-snippet:-1, max-image-preview:large, max-video-preview:-1\" \/>\n<link rel=\"canonical\" href=\"https:\/\/www.onefive.cz\/peakdesign\/produkt\/pro-tripod\/\" \/>\n<meta property=\"og:locale\" content=\"cs_CZ\" \/>\n<meta property=\"og:type\" content=\"article\" \/>\n<meta property=\"og:title\" content=\"Pro Tripod - OneFive.cz - Prodejce Peak Design\" \/>\n<meta property=\"og:description\" content=\"Peak Design Pro Tripod\" \/>\n<meta property=\"og:url\" content=\"https:\/\/www.onefive.cz\/peakdesign\/produkt\/pro-tripod\/\" \/>\n<meta property=\"og:site_name\" content=\"OneFive.cz - Prodejce Peak Design\" \/>\n<meta property=\"article:modified_time\" content=\"2026-04-17T04:06:41+00:00\" \/>\n<meta property=\"og:image\" content=\"https:\/\/www.onefive.cz\/peakdesign\/wp-content\/uploads\/2025\/11\/Pro.jpg\" \/>\n\t<meta property=\"og:image:width\" content=\"1280\" \/>\n\t<meta property=\"og:image:height\" content=\"1280\" \/>\n\t<meta property=\"og:image:type\" content=\"image\/jpeg\" \/>\n<meta name=\"twitter:card\" content=\"summary_large_image\" \/>\n<meta name=\"twitter:label1\" content=\"Odhadovan\u00e1 doba \u010dten\u00ed\" \/>\n\t<meta name=\"twitter:data1\" content=\"4 minuty\" \/>\n<script type=\"application\/ld+json\" class=\"yoast-schema-graph\">{\"@context\":\"https:\\\/\\\/schema.org\",\"@graph\":[{\"@type\":\"WebPage\",\"@id\":\"https:\\\/\\\/www.onefive.cz\\\/peakdesign\\\/produkt\\\/pro-tripod\\\/\",\"url\":\"https:\\\/\\\/www.onefive.cz\\\/peakdesign\\\/produkt\\\/pro-tripod\\\/\",\"name\":\"Pro Tripod - OneFive.cz - Prodejce Peak Design\",\"isPartOf\":{\"@id\":\"https:\\\/\\\/www.onefive.cz\\\/peakdesign\\\/#website\"},\"primaryImageOfPage\":{\"@id\":\"https:\\\/\\\/www.onefive.cz\\\/peakdesign\\\/produkt\\\/pro-tripod\\\/#primaryimage\"},\"image\":{\"@id\":\"https:\\\/\\\/www.onefive.cz\\\/peakdesign\\\/produkt\\\/pro-tripod\\\/#primaryimage\"},\"thumbnailUrl\":\"https:\\\/\\\/www.onefive.cz\\\/peakdesign\\\/wp-content\\\/uploads\\\/2025\\\/11\\\/Pro.jpg\",\"datePublished\":\"2025-11-05T22:35:16+00:00\",\"dateModified\":\"2026-04-17T04:06:41+00:00\",\"description\":\"Peak Design Pro Tripod\",\"breadcrumb\":{\"@id\":\"https:\\\/\\\/www.onefive.cz\\\/peakdesign\\\/produkt\\\/pro-tripod\\\/#breadcrumb\"},\"inLanguage\":\"cs\",\"potentialAction\":[{\"@type\":\"ReadAction\",\"target\":[\"https:\\\/\\\/www.onefive.cz\\\/peakdesign\\\/produkt\\\/pro-tripod\\\/\"]}]},{\"@type\":\"ImageObject\",\"inLanguage\":\"cs\",\"@id\":\"https:\\\/\\\/www.onefive.cz\\\/peakdesign\\\/produkt\\\/pro-tripod\\\/#primaryimage\",\"url\":\"https:\\\/\\\/www.onefive.cz\\\/peakdesign\\\/wp-content\\\/uploads\\\/2025\\\/11\\\/Pro.jpg\",\"contentUrl\":\"https:\\\/\\\/www.onefive.cz\\\/peakdesign\\\/wp-content\\\/uploads\\\/2025\\\/11\\\/Pro.jpg\",\"width\":1280,\"height\":1280},{\"@type\":\"BreadcrumbList\",\"@id\":\"https:\\\/\\\/www.onefive.cz\\\/peakdesign\\\/produkt\\\/pro-tripod\\\/#breadcrumb\",\"itemListElement\":[{\"@type\":\"ListItem\",\"position\":1,\"name\":\"Dom\u016f\",\"item\":\"https:\\\/\\\/www.onefive.cz\\\/peakdesign\\\/\"},{\"@type\":\"ListItem\",\"position\":2,\"name\":\"Shop\",\"item\":\"https:\\\/\\\/www.onefive.cz\\\/peakdesign\\\/shop\\\/\"},{\"@type\":\"ListItem\",\"position\":3,\"name\":\"Pro Tripod\"}]},{\"@type\":\"WebSite\",\"@id\":\"https:\\\/\\\/www.onefive.cz\\\/peakdesign\\\/#website\",\"url\":\"https:\\\/\\\/www.onefive.cz\\\/peakdesign\\\/\",\"name\":\"OneFive.cz - Prodejce Peak Design\",\"description\":\"Kryty a dr\u017e\u00e1ky pro telefony, cestovn\u00ed a everyday batohy a ta\u0161ky, organiz\u00e9ry a fotop\u0159\u00edslu\u0161enstv\u00ed. Ultim\u00e1tn\u00ed v\u00fdbava pro ty, kte\u0159\u00ed vy\u017eaduj\u00ed to nejlep\u0161\u00ed.\",\"potentialAction\":[{\"@type\":\"SearchAction\",\"target\":{\"@type\":\"EntryPoint\",\"urlTemplate\":\"https:\\\/\\\/www.onefive.cz\\\/peakdesign\\\/?s={search_term_string}\"},\"query-input\":{\"@type\":\"PropertyValueSpecification\",\"valueRequired\":true,\"valueName\":\"search_term_string\"}}],\"inLanguage\":\"cs\"}]}<\/script>\n<!-- \/ Yoast SEO plugin. -->","yoast_head_json":{"title":"Pro Tripod - OneFive.cz - Prodejce Peak Design","description":"Peak Design Pro Tripod","robots":{"index":"index","follow":"follow","max-snippet":"max-snippet:-1","max-image-preview":"max-image-preview:large","max-video-preview":"max-video-preview:-1"},"canonical":"https:\/\/www.onefive.cz\/peakdesign\/produkt\/pro-tripod\/","og_locale":"cs_CZ","og_type":"article","og_title":"Pro Tripod - OneFive.cz - Prodejce Peak Design","og_description":"Peak Design Pro Tripod","og_url":"https:\/\/www.onefive.cz\/peakdesign\/produkt\/pro-tripod\/","og_site_name":"OneFive.cz - Prodejce Peak Design","article_modified_time":"2026-04-17T04:06:41+00:00","og_image":[{"width":1280,"height":1280,"url":"https:\/\/www.onefive.cz\/peakdesign\/wp-content\/uploads\/2025\/11\/Pro.jpg","type":"image\/jpeg"}],"twitter_card":"summary_large_image","twitter_misc":{"Odhadovan\u00e1 doba \u010dten\u00ed":"4 minuty"},"schema":{"@context":"https:\/\/schema.org","@graph":[{"@type":"WebPage","@id":"https:\/\/www.onefive.cz\/peakdesign\/produkt\/pro-tripod\/","url":"https:\/\/www.onefive.cz\/peakdesign\/produkt\/pro-tripod\/","name":"Pro Tripod - OneFive.cz - Prodejce Peak Design","isPartOf":{"@id":"https:\/\/www.onefive.cz\/peakdesign\/#website"},"primaryImageOfPage":{"@id":"https:\/\/www.onefive.cz\/peakdesign\/produkt\/pro-tripod\/#primaryimage"},"image":{"@id":"https:\/\/www.onefive.cz\/peakdesign\/produkt\/pro-tripod\/#primaryimage"},"thumbnailUrl":"https:\/\/www.onefive.cz\/peakdesign\/wp-content\/uploads\/2025\/11\/Pro.jpg","datePublished":"2025-11-05T22:35:16+00:00","dateModified":"2026-04-17T04:06:41+00:00","description":"Peak Design Pro Tripod","breadcrumb":{"@id":"https:\/\/www.onefive.cz\/peakdesign\/produkt\/pro-tripod\/#breadcrumb"},"inLanguage":"cs","potentialAction":[{"@type":"ReadAction","target":["https:\/\/www.onefive.cz\/peakdesign\/produkt\/pro-tripod\/"]}]},{"@type":"ImageObject","inLanguage":"cs","@id":"https:\/\/www.onefive.cz\/peakdesign\/produkt\/pro-tripod\/#primaryimage","url":"https:\/\/www.onefive.cz\/peakdesign\/wp-content\/uploads\/2025\/11\/Pro.jpg","contentUrl":"https:\/\/www.onefive.cz\/peakdesign\/wp-content\/uploads\/2025\/11\/Pro.jpg","width":1280,"height":1280},{"@type":"BreadcrumbList","@id":"https:\/\/www.onefive.cz\/peakdesign\/produkt\/pro-tripod\/#breadcrumb","itemListElement":[{"@type":"ListItem","position":1,"name":"Dom\u016f","item":"https:\/\/www.onefive.cz\/peakdesign\/"},{"@type":"ListItem","position":2,"name":"Shop","item":"https:\/\/www.onefive.cz\/peakdesign\/shop\/"},{"@type":"ListItem","position":3,"name":"Pro Tripod"}]},{"@type":"WebSite","@id":"https:\/\/www.onefive.cz\/peakdesign\/#website","url":"https:\/\/www.onefive.cz\/peakdesign\/","name":"OneFive.cz - Prodejce Peak Design","description":"Kryty a dr\u017e\u00e1ky pro telefony, cestovn\u00ed a everyday batohy a ta\u0161ky, organiz\u00e9ry a fotop\u0159\u00edslu\u0161enstv\u00ed. Ultim\u00e1tn\u00ed v\u00fdbava pro ty, kte\u0159\u00ed vy\u017eaduj\u00ed to nejlep\u0161\u00ed.","potentialAction":[{"@type":"SearchAction","target":{"@type":"EntryPoint","urlTemplate":"https:\/\/www.onefive.cz\/peakdesign\/?s={search_term_string}"},"query-input":{"@type":"PropertyValueSpecification","valueRequired":true,"valueName":"search_term_string"}}],"inLanguage":"cs"}]}},"_links":{"self":[{"href":"https:\/\/www.onefive.cz\/peakdesign\/wp-json\/wp\/v2\/product\/128935","targetHints":{"allow":["GET"]}}],"collection":[{"href":"https:\/\/www.onefive.cz\/peakdesign\/wp-json\/wp\/v2\/product"}],"about":[{"href":"https:\/\/www.onefive.cz\/peakdesign\/wp-json\/wp\/v2\/types\/product"}],"wp:featuredmedia":[{"embeddable":true,"href":"https:\/\/www.onefive.cz\/peakdesign\/wp-json\/wp\/v2\/media\/128953"}],"wp:attachment":[{"href":"https:\/\/www.onefive.cz\/peakdesign\/wp-json\/wp\/v2\/media?parent=128935"}],"wp:term":[{"taxonomy":"product_brand","embeddable":true,"href":"https:\/\/www.onefive.cz\/peakdesign\/wp-json\/wp\/v2\/product_brand?post=128935"},{"taxonomy":"product_cat","embeddable":true,"href":"https:\/\/www.onefive.cz\/peakdesign\/wp-json\/wp\/v2\/product_cat?post=128935"},{"taxonomy":"product_tag","embeddable":true,"href":"https:\/\/www.onefive.cz\/peakdesign\/wp-json\/wp\/v2\/product_tag?post=128935"}],"curies":[{"name":"wp","href":"https:\/\/api.w.org\/{rel}","templated":true}]}}