{"id":128966,"date":"2025-11-07T21:22:20","date_gmt":"2025-11-07T20:22:20","guid":{"rendered":"https:\/\/www.onefive.cz\/peakdesign\/?post_type=product&#038;p=128966"},"modified":"2026-05-02T12:06:31","modified_gmt":"2026-05-02T10:06:31","slug":"outdoor-gear-loop-straps-x2","status":"publish","type":"product","link":"https:\/\/www.onefive.cz\/peakdesign\/produkt\/outdoor-gear-loop-straps-x2\/","title":{"rendered":"Outdoor Gear Loop Straps (x2)"},"content":{"rendered":"<div class='content-column one_half'><\/div>\n<div class='content-column one_half last_column'><\/div><div class='clear_column'><\/div>\n","protected":false},"excerpt":{"rendered":"","protected":false},"featured_media":128970,"template":"","meta":[],"product_brand":[],"product_cat":[33],"product_tag":[],"class_list":{"0":"post-128966","1":"product","2":"type-product","3":"status-publish","4":"has-post-thumbnail","6":"product_cat-outdoor","8":"first","9":"instock","10":"taxable","11":"shipping-taxable","12":"purchasable","13":"product-type-variable"},"yoast_head":"<!-- This site is optimized with the Yoast SEO plugin v27.5 - https:\/\/yoast.com\/product\/yoast-seo-wordpress\/ -->\n<title>Outdoor Gear Loop Straps (x2) - OneFive.cz - Prodejce Peak Design<\/title>\n<meta name=\"description\" content=\"Peak Design Outdoor Gear Loop Straps (x2)\" \/>\n<meta name=\"robots\" content=\"index, follow, max-snippet:-1, max-image-preview:large, max-video-preview:-1\" \/>\n<link rel=\"canonical\" href=\"https:\/\/www.onefive.cz\/peakdesign\/produkt\/outdoor-gear-loop-straps-x2\/\" \/>\n<meta property=\"og:locale\" content=\"cs_CZ\" \/>\n<meta property=\"og:type\" content=\"article\" \/>\n<meta property=\"og:title\" content=\"Outdoor Gear Loop Straps (x2) - OneFive.cz - Prodejce Peak Design\" \/>\n<meta property=\"og:description\" content=\"Peak Design Outdoor Gear Loop Straps (x2)\" \/>\n<meta property=\"og:url\" content=\"https:\/\/www.onefive.cz\/peakdesign\/produkt\/outdoor-gear-loop-straps-x2\/\" \/>\n<meta property=\"og:site_name\" content=\"OneFive.cz - Prodejce Peak Design\" \/>\n<meta property=\"article:modified_time\" content=\"2026-05-02T10:06:31+00:00\" \/>\n<meta property=\"og:image\" content=\"https:\/\/www.onefive.cz\/peakdesign\/wp-content\/uploads\/2025\/11\/Outdoor-Gear-Loop-Straps-2-straps-Black.jpg\" \/>\n\t<meta property=\"og:image:width\" content=\"1280\" \/>\n\t<meta property=\"og:image:height\" content=\"1280\" \/>\n\t<meta property=\"og:image:type\" content=\"image\/jpeg\" \/>\n<meta name=\"twitter:card\" content=\"summary_large_image\" \/>\n<meta name=\"twitter:label1\" content=\"Odhadovan\u00e1 doba \u010dten\u00ed\" \/>\n\t<meta name=\"twitter:data1\" content=\"1 minuta\" \/>\n<script type=\"application\/ld+json\" class=\"yoast-schema-graph\">{\"@context\":\"https:\\\/\\\/schema.org\",\"@graph\":[{\"@type\":\"WebPage\",\"@id\":\"https:\\\/\\\/www.onefive.cz\\\/peakdesign\\\/produkt\\\/outdoor-gear-loop-straps-x2\\\/\",\"url\":\"https:\\\/\\\/www.onefive.cz\\\/peakdesign\\\/produkt\\\/outdoor-gear-loop-straps-x2\\\/\",\"name\":\"Outdoor Gear Loop Straps (x2) - OneFive.cz - Prodejce Peak Design\",\"isPartOf\":{\"@id\":\"https:\\\/\\\/www.onefive.cz\\\/peakdesign\\\/#website\"},\"primaryImageOfPage\":{\"@id\":\"https:\\\/\\\/www.onefive.cz\\\/peakdesign\\\/produkt\\\/outdoor-gear-loop-straps-x2\\\/#primaryimage\"},\"image\":{\"@id\":\"https:\\\/\\\/www.onefive.cz\\\/peakdesign\\\/produkt\\\/outdoor-gear-loop-straps-x2\\\/#primaryimage\"},\"thumbnailUrl\":\"https:\\\/\\\/www.onefive.cz\\\/peakdesign\\\/wp-content\\\/uploads\\\/2025\\\/11\\\/Outdoor-Gear-Loop-Straps-2-straps-Black.jpg\",\"datePublished\":\"2025-11-07T20:22:20+00:00\",\"dateModified\":\"2026-05-02T10:06:31+00:00\",\"description\":\"Peak Design Outdoor Gear Loop Straps (x2)\",\"breadcrumb\":{\"@id\":\"https:\\\/\\\/www.onefive.cz\\\/peakdesign\\\/produkt\\\/outdoor-gear-loop-straps-x2\\\/#breadcrumb\"},\"inLanguage\":\"cs\",\"potentialAction\":[{\"@type\":\"ReadAction\",\"target\":[\"https:\\\/\\\/www.onefive.cz\\\/peakdesign\\\/produkt\\\/outdoor-gear-loop-straps-x2\\\/\"]}]},{\"@type\":\"ImageObject\",\"inLanguage\":\"cs\",\"@id\":\"https:\\\/\\\/www.onefive.cz\\\/peakdesign\\\/produkt\\\/outdoor-gear-loop-straps-x2\\\/#primaryimage\",\"url\":\"https:\\\/\\\/www.onefive.cz\\\/peakdesign\\\/wp-content\\\/uploads\\\/2025\\\/11\\\/Outdoor-Gear-Loop-Straps-2-straps-Black.jpg\",\"contentUrl\":\"https:\\\/\\\/www.onefive.cz\\\/peakdesign\\\/wp-content\\\/uploads\\\/2025\\\/11\\\/Outdoor-Gear-Loop-Straps-2-straps-Black.jpg\",\"width\":1280,\"height\":1280},{\"@type\":\"BreadcrumbList\",\"@id\":\"https:\\\/\\\/www.onefive.cz\\\/peakdesign\\\/produkt\\\/outdoor-gear-loop-straps-x2\\\/#breadcrumb\",\"itemListElement\":[{\"@type\":\"ListItem\",\"position\":1,\"name\":\"Dom\u016f\",\"item\":\"https:\\\/\\\/www.onefive.cz\\\/peakdesign\\\/\"},{\"@type\":\"ListItem\",\"position\":2,\"name\":\"Shop\",\"item\":\"https:\\\/\\\/www.onefive.cz\\\/peakdesign\\\/shop\\\/\"},{\"@type\":\"ListItem\",\"position\":3,\"name\":\"Outdoor Gear Loop Straps (x2)\"}]},{\"@type\":\"WebSite\",\"@id\":\"https:\\\/\\\/www.onefive.cz\\\/peakdesign\\\/#website\",\"url\":\"https:\\\/\\\/www.onefive.cz\\\/peakdesign\\\/\",\"name\":\"OneFive.cz - Prodejce Peak Design\",\"description\":\"Kryty a dr\u017e\u00e1ky pro telefony, cestovn\u00ed a everyday batohy a ta\u0161ky, organiz\u00e9ry a fotop\u0159\u00edslu\u0161enstv\u00ed. Ultim\u00e1tn\u00ed v\u00fdbava pro ty, kte\u0159\u00ed vy\u017eaduj\u00ed to nejlep\u0161\u00ed.\",\"potentialAction\":[{\"@type\":\"SearchAction\",\"target\":{\"@type\":\"EntryPoint\",\"urlTemplate\":\"https:\\\/\\\/www.onefive.cz\\\/peakdesign\\\/?s={search_term_string}\"},\"query-input\":{\"@type\":\"PropertyValueSpecification\",\"valueRequired\":true,\"valueName\":\"search_term_string\"}}],\"inLanguage\":\"cs\"}]}<\/script>\n<!-- \/ Yoast SEO plugin. -->","yoast_head_json":{"title":"Outdoor Gear Loop Straps (x2) - OneFive.cz - Prodejce Peak Design","description":"Peak Design Outdoor Gear Loop Straps (x2)","robots":{"index":"index","follow":"follow","max-snippet":"max-snippet:-1","max-image-preview":"max-image-preview:large","max-video-preview":"max-video-preview:-1"},"canonical":"https:\/\/www.onefive.cz\/peakdesign\/produkt\/outdoor-gear-loop-straps-x2\/","og_locale":"cs_CZ","og_type":"article","og_title":"Outdoor Gear Loop Straps (x2) - OneFive.cz - Prodejce Peak Design","og_description":"Peak Design Outdoor Gear Loop Straps (x2)","og_url":"https:\/\/www.onefive.cz\/peakdesign\/produkt\/outdoor-gear-loop-straps-x2\/","og_site_name":"OneFive.cz - Prodejce Peak Design","article_modified_time":"2026-05-02T10:06:31+00:00","og_image":[{"width":1280,"height":1280,"url":"https:\/\/www.onefive.cz\/peakdesign\/wp-content\/uploads\/2025\/11\/Outdoor-Gear-Loop-Straps-2-straps-Black.jpg","type":"image\/jpeg"}],"twitter_card":"summary_large_image","twitter_misc":{"Odhadovan\u00e1 doba \u010dten\u00ed":"1 minuta"},"schema":{"@context":"https:\/\/schema.org","@graph":[{"@type":"WebPage","@id":"https:\/\/www.onefive.cz\/peakdesign\/produkt\/outdoor-gear-loop-straps-x2\/","url":"https:\/\/www.onefive.cz\/peakdesign\/produkt\/outdoor-gear-loop-straps-x2\/","name":"Outdoor Gear Loop Straps (x2) - OneFive.cz - Prodejce Peak Design","isPartOf":{"@id":"https:\/\/www.onefive.cz\/peakdesign\/#website"},"primaryImageOfPage":{"@id":"https:\/\/www.onefive.cz\/peakdesign\/produkt\/outdoor-gear-loop-straps-x2\/#primaryimage"},"image":{"@id":"https:\/\/www.onefive.cz\/peakdesign\/produkt\/outdoor-gear-loop-straps-x2\/#primaryimage"},"thumbnailUrl":"https:\/\/www.onefive.cz\/peakdesign\/wp-content\/uploads\/2025\/11\/Outdoor-Gear-Loop-Straps-2-straps-Black.jpg","datePublished":"2025-11-07T20:22:20+00:00","dateModified":"2026-05-02T10:06:31+00:00","description":"Peak Design Outdoor Gear Loop Straps (x2)","breadcrumb":{"@id":"https:\/\/www.onefive.cz\/peakdesign\/produkt\/outdoor-gear-loop-straps-x2\/#breadcrumb"},"inLanguage":"cs","potentialAction":[{"@type":"ReadAction","target":["https:\/\/www.onefive.cz\/peakdesign\/produkt\/outdoor-gear-loop-straps-x2\/"]}]},{"@type":"ImageObject","inLanguage":"cs","@id":"https:\/\/www.onefive.cz\/peakdesign\/produkt\/outdoor-gear-loop-straps-x2\/#primaryimage","url":"https:\/\/www.onefive.cz\/peakdesign\/wp-content\/uploads\/2025\/11\/Outdoor-Gear-Loop-Straps-2-straps-Black.jpg","contentUrl":"https:\/\/www.onefive.cz\/peakdesign\/wp-content\/uploads\/2025\/11\/Outdoor-Gear-Loop-Straps-2-straps-Black.jpg","width":1280,"height":1280},{"@type":"BreadcrumbList","@id":"https:\/\/www.onefive.cz\/peakdesign\/produkt\/outdoor-gear-loop-straps-x2\/#breadcrumb","itemListElement":[{"@type":"ListItem","position":1,"name":"Dom\u016f","item":"https:\/\/www.onefive.cz\/peakdesign\/"},{"@type":"ListItem","position":2,"name":"Shop","item":"https:\/\/www.onefive.cz\/peakdesign\/shop\/"},{"@type":"ListItem","position":3,"name":"Outdoor Gear Loop Straps (x2)"}]},{"@type":"WebSite","@id":"https:\/\/www.onefive.cz\/peakdesign\/#website","url":"https:\/\/www.onefive.cz\/peakdesign\/","name":"OneFive.cz - Prodejce Peak Design","description":"Kryty a dr\u017e\u00e1ky pro telefony, cestovn\u00ed a everyday batohy a ta\u0161ky, organiz\u00e9ry a fotop\u0159\u00edslu\u0161enstv\u00ed. Ultim\u00e1tn\u00ed v\u00fdbava pro ty, kte\u0159\u00ed vy\u017eaduj\u00ed to nejlep\u0161\u00ed.","potentialAction":[{"@type":"SearchAction","target":{"@type":"EntryPoint","urlTemplate":"https:\/\/www.onefive.cz\/peakdesign\/?s={search_term_string}"},"query-input":{"@type":"PropertyValueSpecification","valueRequired":true,"valueName":"search_term_string"}}],"inLanguage":"cs"}]}},"_links":{"self":[{"href":"https:\/\/www.onefive.cz\/peakdesign\/wp-json\/wp\/v2\/product\/128966","targetHints":{"allow":["GET"]}}],"collection":[{"href":"https:\/\/www.onefive.cz\/peakdesign\/wp-json\/wp\/v2\/product"}],"about":[{"href":"https:\/\/www.onefive.cz\/peakdesign\/wp-json\/wp\/v2\/types\/product"}],"wp:featuredmedia":[{"embeddable":true,"href":"https:\/\/www.onefive.cz\/peakdesign\/wp-json\/wp\/v2\/media\/128970"}],"wp:attachment":[{"href":"https:\/\/www.onefive.cz\/peakdesign\/wp-json\/wp\/v2\/media?parent=128966"}],"wp:term":[{"taxonomy":"product_brand","embeddable":true,"href":"https:\/\/www.onefive.cz\/peakdesign\/wp-json\/wp\/v2\/product_brand?post=128966"},{"taxonomy":"product_cat","embeddable":true,"href":"https:\/\/www.onefive.cz\/peakdesign\/wp-json\/wp\/v2\/product_cat?post=128966"},{"taxonomy":"product_tag","embeddable":true,"href":"https:\/\/www.onefive.cz\/peakdesign\/wp-json\/wp\/v2\/product_tag?post=128966"}],"curies":[{"name":"wp","href":"https:\/\/api.w.org\/{rel}","templated":true}]}}