{"id":129309,"date":"2025-11-12T16:59:56","date_gmt":"2025-11-12T15:59:56","guid":{"rendered":"https:\/\/www.onefive.cz\/peakdesign\/?post_type=product&#038;p=129309"},"modified":"2026-05-02T12:06:26","modified_gmt":"2026-05-02T10:06:26","slug":"pro-tripod-spike-feet-set","status":"publish","type":"product","link":"https:\/\/www.onefive.cz\/peakdesign\/produkt\/pro-tripod-spike-feet-set\/","title":{"rendered":"Pro Tripod Spike Feet Set"},"content":{"rendered":"<div class='content-column one_half'><h2>Hlavn\u00ed rysy<\/h2>\n<ul style=\"padding-left: 15px;\">\n<li>Zajist\u00ed maxim\u00e1ln\u00ed stabilitu na kluzk\u00e9m nebo sypk\u00e9m povrchu<\/li>\n<li>Extr\u00e9mn\u011b odoln\u00e1 konstrukce z nerezov\u00e9 oceli 420<\/li>\n<li>Rychl\u00e1 instalace pomoc\u00ed imbusu 4 mm (sou\u010d\u00e1st\u00ed v\u0161ech stativ\u016f Peak Design)<\/li>\n<\/ul><\/div>\n<div class='content-column one_half last_column'><h2>Video<\/h2>\n<p><iframe loading=\"lazy\" title=\"Complete Guide to Peak Design Tripods\" width=\"500\" height=\"281\" src=\"https:\/\/www.youtube.com\/embed\/U8GfxSpwVUE?feature=oembed&enablejsapi=1&origin=https:\/\/www.onefive.cz\" frameborder=\"0\" allow=\"accelerometer; autoplay; clipboard-write; encrypted-media; gyroscope; picture-in-picture; web-share\" referrerpolicy=\"strict-origin-when-cross-origin\" allowfullscreen><\/iframe><\/p>\n<h2 style=\"padding-top: 15px;\">Specifikace<\/h2>\n<p><strong>D\u00e9lka koncovky<\/strong><br \/>\nPro: 3,6 cm<\/p>\n<p><strong>Hmotnost<\/strong><br \/>\nPro: 43,5 g jeden kus (celkem 130,5 g sada)<\/p>\n<p><strong>Celkov\u00e1 hmotnost stativu s hrotov\u00fdmi koncovkami<\/strong><br \/>\nPro Tripod: 1,9 kg + 130,5 g = 2,03 kg (4,48 lb)<\/p>\n<p><strong>Materi\u00e1ly<\/strong><\/p>\n<ul style=\"padding-left: 15px;\">\n<li>Koncovky: nerezov\u00e1 ocel 420<\/li>\n<li>Kov\u00e1n\u00ed: nerezov\u00e1 ocel<\/li>\n<\/ul>\n<p><strong>Z\u00e1ruka<\/strong>: Do\u017eivotn\u00ed<\/p>\n<h2>Obsah balen\u00ed<\/h2>\n<ul style=\"padding-left: 15px; padding-bottom: 15px;\">\n<li>1. 3\u00d7 hrotov\u00e9 koncovky Spike Feet<\/li>\n<li>2. 1\u00d7 imbusov\u00fd kl\u00ed\u010d 4 mm<\/li>\n<li>3. 1\u00d7 mikrovl\u00e1knov\u00e9 pouzdro<\/li>\n<\/ul><\/div><div class='clear_column'><\/div>\n","protected":false},"excerpt":{"rendered":"<p>Z\u00edskej maxim\u00e1ln\u00ed stabilitu a p\u0159ilnavost p\u0159i focen\u00ed na kluzk\u00e9m nebo sypk\u00e9m povrchu. Kompatibiln\u00ed s\u00a0<a href=\"https:\/\/www.onefive.cz\/peakdesign\/produkt\/pro-tripod\/\">Pro Tripod<\/a>\/<a href=\"https:\/\/www.onefive.cz\/peakdesign\/produkt\/pro-tall-tripod\/\">Pro Tall Tripod<\/a><\/p>\n<p>Spike Feet Set je ide\u00e1ln\u00ed dopln\u011bk pro fotografov\u00e1n\u00ed na ledu, hladk\u00fdch kamenech nebo v p\u00edsku, hl\u00edn\u011b \u010di \u0161t\u011brku. Skv\u011ble poslou\u017e\u00ed tak\u00e9 p\u0159i pou\u017eit\u00ed t\u011b\u017e\u0161\u00edch foto a video sestav v exteri\u00e9ru. Sta\u010d\u00ed jednodu\u0161e sejmout standardn\u00ed gumov\u00e9 patky na konc\u00edch nohou stativu a na\u0161roubovat tyto t\u0159i kovov\u00e9 hroty.<\/p>\n<p>Koncovky se upev\u0148uj\u00ed pomoc\u00ed t\u0159\u00ed \u0161roub\u016f s hlavou na imbus 4 mm \u2013 imbusov\u00fd kl\u00ed\u010d je sou\u010d\u00e1st\u00ed ka\u017ed\u00e9ho stativu a dal\u0161\u00ed je p\u0159ilo\u017een v balen\u00ed Spike Feet Set.<\/p>\n<p>Dostupn\u00e9 pro v\u0161echny stativy Peak Design:<br \/>\n\u2022 <a href=\"https:\/\/www.onefive.cz\/peakdesign\/produkt\/spike-feet-set\/\">Travel Tripod<\/a> (karbon i hlin\u00edk)<br \/>\n\u2022 <a href=\"https:\/\/www.onefive.cz\/peakdesign\/produkt\/pro-lite-tripod-spike-feet-set\/\">Pro Lite Tripod<\/a><br \/>\n\u2022 Pro \/ Pro Tall Tripods (tento produkt)<\/p>\n<p>P\u0159edobjedn\u00e1vka, bude expedov\u00e1no 20. 11. 2025.<\/p>\n","protected":false},"featured_media":129313,"template":"","meta":[],"product_brand":[],"product_cat":[18],"product_tag":[],"class_list":{"0":"post-129309","1":"product","2":"type-product","3":"status-publish","4":"has-post-thumbnail","6":"product_cat-uncategorized","8":"first","9":"instock","10":"taxable","11":"shipping-taxable","12":"purchasable","13":"product-type-simple"},"yoast_head":"<!-- This site is optimized with the Yoast SEO plugin v27.5 - https:\/\/yoast.com\/product\/yoast-seo-wordpress\/ -->\n<title>Pro Tripod Spike Feet Set - OneFive.cz - Prodejce Peak Design<\/title>\n<meta name=\"description\" content=\"Peak Design Pro Tripod Spike Feet Set\" \/>\n<meta name=\"robots\" content=\"index, follow, max-snippet:-1, max-image-preview:large, max-video-preview:-1\" \/>\n<link rel=\"canonical\" href=\"https:\/\/www.onefive.cz\/peakdesign\/produkt\/pro-tripod-spike-feet-set\/\" \/>\n<meta property=\"og:locale\" content=\"cs_CZ\" \/>\n<meta property=\"og:type\" content=\"article\" \/>\n<meta property=\"og:title\" content=\"Pro Tripod Spike Feet Set - OneFive.cz - Prodejce Peak Design\" \/>\n<meta property=\"og:description\" content=\"Peak Design Pro Tripod Spike Feet Set\" \/>\n<meta property=\"og:url\" content=\"https:\/\/www.onefive.cz\/peakdesign\/produkt\/pro-tripod-spike-feet-set\/\" \/>\n<meta property=\"og:site_name\" content=\"OneFive.cz - Prodejce Peak Design\" \/>\n<meta property=\"article:modified_time\" content=\"2026-05-02T10:06:26+00:00\" \/>\n<meta property=\"og:image\" content=\"https:\/\/www.onefive.cz\/peakdesign\/wp-content\/uploads\/2025\/11\/Accessories-Packaging-Renders-Export.564.jpg\" \/>\n\t<meta property=\"og:image:width\" content=\"1280\" \/>\n\t<meta property=\"og:image:height\" content=\"1280\" \/>\n\t<meta property=\"og:image:type\" content=\"image\/jpeg\" \/>\n<meta name=\"twitter:card\" content=\"summary_large_image\" \/>\n<meta name=\"twitter:label1\" content=\"Odhadovan\u00e1 doba \u010dten\u00ed\" \/>\n\t<meta name=\"twitter:data1\" content=\"1 minuta\" \/>\n<script type=\"application\/ld+json\" class=\"yoast-schema-graph\">{\"@context\":\"https:\\\/\\\/schema.org\",\"@graph\":[{\"@type\":\"WebPage\",\"@id\":\"https:\\\/\\\/www.onefive.cz\\\/peakdesign\\\/produkt\\\/pro-tripod-spike-feet-set\\\/\",\"url\":\"https:\\\/\\\/www.onefive.cz\\\/peakdesign\\\/produkt\\\/pro-tripod-spike-feet-set\\\/\",\"name\":\"Pro Tripod Spike Feet Set - OneFive.cz - Prodejce Peak Design\",\"isPartOf\":{\"@id\":\"https:\\\/\\\/www.onefive.cz\\\/peakdesign\\\/#website\"},\"primaryImageOfPage\":{\"@id\":\"https:\\\/\\\/www.onefive.cz\\\/peakdesign\\\/produkt\\\/pro-tripod-spike-feet-set\\\/#primaryimage\"},\"image\":{\"@id\":\"https:\\\/\\\/www.onefive.cz\\\/peakdesign\\\/produkt\\\/pro-tripod-spike-feet-set\\\/#primaryimage\"},\"thumbnailUrl\":\"https:\\\/\\\/www.onefive.cz\\\/peakdesign\\\/wp-content\\\/uploads\\\/2025\\\/11\\\/Accessories-Packaging-Renders-Export.564.jpg\",\"datePublished\":\"2025-11-12T15:59:56+00:00\",\"dateModified\":\"2026-05-02T10:06:26+00:00\",\"description\":\"Peak Design Pro Tripod Spike Feet Set\",\"breadcrumb\":{\"@id\":\"https:\\\/\\\/www.onefive.cz\\\/peakdesign\\\/produkt\\\/pro-tripod-spike-feet-set\\\/#breadcrumb\"},\"inLanguage\":\"cs\",\"potentialAction\":[{\"@type\":\"ReadAction\",\"target\":[\"https:\\\/\\\/www.onefive.cz\\\/peakdesign\\\/produkt\\\/pro-tripod-spike-feet-set\\\/\"]}]},{\"@type\":\"ImageObject\",\"inLanguage\":\"cs\",\"@id\":\"https:\\\/\\\/www.onefive.cz\\\/peakdesign\\\/produkt\\\/pro-tripod-spike-feet-set\\\/#primaryimage\",\"url\":\"https:\\\/\\\/www.onefive.cz\\\/peakdesign\\\/wp-content\\\/uploads\\\/2025\\\/11\\\/Accessories-Packaging-Renders-Export.564.jpg\",\"contentUrl\":\"https:\\\/\\\/www.onefive.cz\\\/peakdesign\\\/wp-content\\\/uploads\\\/2025\\\/11\\\/Accessories-Packaging-Renders-Export.564.jpg\",\"width\":1280,\"height\":1280},{\"@type\":\"BreadcrumbList\",\"@id\":\"https:\\\/\\\/www.onefive.cz\\\/peakdesign\\\/produkt\\\/pro-tripod-spike-feet-set\\\/#breadcrumb\",\"itemListElement\":[{\"@type\":\"ListItem\",\"position\":1,\"name\":\"Dom\u016f\",\"item\":\"https:\\\/\\\/www.onefive.cz\\\/peakdesign\\\/\"},{\"@type\":\"ListItem\",\"position\":2,\"name\":\"Shop\",\"item\":\"https:\\\/\\\/www.onefive.cz\\\/peakdesign\\\/shop\\\/\"},{\"@type\":\"ListItem\",\"position\":3,\"name\":\"Pro Tripod Spike Feet Set\"}]},{\"@type\":\"WebSite\",\"@id\":\"https:\\\/\\\/www.onefive.cz\\\/peakdesign\\\/#website\",\"url\":\"https:\\\/\\\/www.onefive.cz\\\/peakdesign\\\/\",\"name\":\"OneFive.cz - Prodejce Peak Design\",\"description\":\"Kryty a dr\u017e\u00e1ky pro telefony, cestovn\u00ed a everyday batohy a ta\u0161ky, organiz\u00e9ry a fotop\u0159\u00edslu\u0161enstv\u00ed. Ultim\u00e1tn\u00ed v\u00fdbava pro ty, kte\u0159\u00ed vy\u017eaduj\u00ed to nejlep\u0161\u00ed.\",\"potentialAction\":[{\"@type\":\"SearchAction\",\"target\":{\"@type\":\"EntryPoint\",\"urlTemplate\":\"https:\\\/\\\/www.onefive.cz\\\/peakdesign\\\/?s={search_term_string}\"},\"query-input\":{\"@type\":\"PropertyValueSpecification\",\"valueRequired\":true,\"valueName\":\"search_term_string\"}}],\"inLanguage\":\"cs\"}]}<\/script>\n<!-- \/ Yoast SEO plugin. -->","yoast_head_json":{"title":"Pro Tripod Spike Feet Set - OneFive.cz - Prodejce Peak Design","description":"Peak Design Pro Tripod Spike Feet Set","robots":{"index":"index","follow":"follow","max-snippet":"max-snippet:-1","max-image-preview":"max-image-preview:large","max-video-preview":"max-video-preview:-1"},"canonical":"https:\/\/www.onefive.cz\/peakdesign\/produkt\/pro-tripod-spike-feet-set\/","og_locale":"cs_CZ","og_type":"article","og_title":"Pro Tripod Spike Feet Set - OneFive.cz - Prodejce Peak Design","og_description":"Peak Design Pro Tripod Spike Feet Set","og_url":"https:\/\/www.onefive.cz\/peakdesign\/produkt\/pro-tripod-spike-feet-set\/","og_site_name":"OneFive.cz - Prodejce Peak Design","article_modified_time":"2026-05-02T10:06:26+00:00","og_image":[{"width":1280,"height":1280,"url":"https:\/\/www.onefive.cz\/peakdesign\/wp-content\/uploads\/2025\/11\/Accessories-Packaging-Renders-Export.564.jpg","type":"image\/jpeg"}],"twitter_card":"summary_large_image","twitter_misc":{"Odhadovan\u00e1 doba \u010dten\u00ed":"1 minuta"},"schema":{"@context":"https:\/\/schema.org","@graph":[{"@type":"WebPage","@id":"https:\/\/www.onefive.cz\/peakdesign\/produkt\/pro-tripod-spike-feet-set\/","url":"https:\/\/www.onefive.cz\/peakdesign\/produkt\/pro-tripod-spike-feet-set\/","name":"Pro Tripod Spike Feet Set - OneFive.cz - Prodejce Peak Design","isPartOf":{"@id":"https:\/\/www.onefive.cz\/peakdesign\/#website"},"primaryImageOfPage":{"@id":"https:\/\/www.onefive.cz\/peakdesign\/produkt\/pro-tripod-spike-feet-set\/#primaryimage"},"image":{"@id":"https:\/\/www.onefive.cz\/peakdesign\/produkt\/pro-tripod-spike-feet-set\/#primaryimage"},"thumbnailUrl":"https:\/\/www.onefive.cz\/peakdesign\/wp-content\/uploads\/2025\/11\/Accessories-Packaging-Renders-Export.564.jpg","datePublished":"2025-11-12T15:59:56+00:00","dateModified":"2026-05-02T10:06:26+00:00","description":"Peak Design Pro Tripod Spike Feet Set","breadcrumb":{"@id":"https:\/\/www.onefive.cz\/peakdesign\/produkt\/pro-tripod-spike-feet-set\/#breadcrumb"},"inLanguage":"cs","potentialAction":[{"@type":"ReadAction","target":["https:\/\/www.onefive.cz\/peakdesign\/produkt\/pro-tripod-spike-feet-set\/"]}]},{"@type":"ImageObject","inLanguage":"cs","@id":"https:\/\/www.onefive.cz\/peakdesign\/produkt\/pro-tripod-spike-feet-set\/#primaryimage","url":"https:\/\/www.onefive.cz\/peakdesign\/wp-content\/uploads\/2025\/11\/Accessories-Packaging-Renders-Export.564.jpg","contentUrl":"https:\/\/www.onefive.cz\/peakdesign\/wp-content\/uploads\/2025\/11\/Accessories-Packaging-Renders-Export.564.jpg","width":1280,"height":1280},{"@type":"BreadcrumbList","@id":"https:\/\/www.onefive.cz\/peakdesign\/produkt\/pro-tripod-spike-feet-set\/#breadcrumb","itemListElement":[{"@type":"ListItem","position":1,"name":"Dom\u016f","item":"https:\/\/www.onefive.cz\/peakdesign\/"},{"@type":"ListItem","position":2,"name":"Shop","item":"https:\/\/www.onefive.cz\/peakdesign\/shop\/"},{"@type":"ListItem","position":3,"name":"Pro Tripod Spike Feet Set"}]},{"@type":"WebSite","@id":"https:\/\/www.onefive.cz\/peakdesign\/#website","url":"https:\/\/www.onefive.cz\/peakdesign\/","name":"OneFive.cz - Prodejce Peak Design","description":"Kryty a dr\u017e\u00e1ky pro telefony, cestovn\u00ed a everyday batohy a ta\u0161ky, organiz\u00e9ry a fotop\u0159\u00edslu\u0161enstv\u00ed. Ultim\u00e1tn\u00ed v\u00fdbava pro ty, kte\u0159\u00ed vy\u017eaduj\u00ed to nejlep\u0161\u00ed.","potentialAction":[{"@type":"SearchAction","target":{"@type":"EntryPoint","urlTemplate":"https:\/\/www.onefive.cz\/peakdesign\/?s={search_term_string}"},"query-input":{"@type":"PropertyValueSpecification","valueRequired":true,"valueName":"search_term_string"}}],"inLanguage":"cs"}]}},"_links":{"self":[{"href":"https:\/\/www.onefive.cz\/peakdesign\/wp-json\/wp\/v2\/product\/129309","targetHints":{"allow":["GET"]}}],"collection":[{"href":"https:\/\/www.onefive.cz\/peakdesign\/wp-json\/wp\/v2\/product"}],"about":[{"href":"https:\/\/www.onefive.cz\/peakdesign\/wp-json\/wp\/v2\/types\/product"}],"wp:featuredmedia":[{"embeddable":true,"href":"https:\/\/www.onefive.cz\/peakdesign\/wp-json\/wp\/v2\/media\/129313"}],"wp:attachment":[{"href":"https:\/\/www.onefive.cz\/peakdesign\/wp-json\/wp\/v2\/media?parent=129309"}],"wp:term":[{"taxonomy":"product_brand","embeddable":true,"href":"https:\/\/www.onefive.cz\/peakdesign\/wp-json\/wp\/v2\/product_brand?post=129309"},{"taxonomy":"product_cat","embeddable":true,"href":"https:\/\/www.onefive.cz\/peakdesign\/wp-json\/wp\/v2\/product_cat?post=129309"},{"taxonomy":"product_tag","embeddable":true,"href":"https:\/\/www.onefive.cz\/peakdesign\/wp-json\/wp\/v2\/product_tag?post=129309"}],"curies":[{"name":"wp","href":"https:\/\/api.w.org\/{rel}","templated":true}]}}