{"id":132668,"date":"2026-01-15T00:09:50","date_gmt":"2026-01-14T23:09:50","guid":{"rendered":"https:\/\/www.onefive.cz\/peakdesign\/?post_type=product&#038;p=132668"},"modified":"2026-04-17T07:06:14","modified_gmt":"2026-04-17T05:06:14","slug":"mobile-mobile-strap-adapter","status":"publish","type":"product","link":"https:\/\/www.onefive.cz\/peakdesign\/produkt\/mobile-mobile-strap-adapter\/","title":{"rendered":"Mobile - Mobile Strap Adapter"},"content":{"rendered":"<div class='content-column one_half'><h2>Hlavn\u00ed rysy<\/h2>\n<ul style=\"padding-left: 15px; padding-bottom: 15px;\">\n<li>\u00a0Kompatibiln\u00ed s t\u00e9m\u011b\u0159 jak\u00fdmkoli telefonem nebo krytem t\u0159et\u00ed strany<\/li>\n<li>Funguje se v\u0161emi Mobile popruhy Peak Design<\/li>\n<li>Syst\u00e9m uchycen\u00ed Micro Anchor\u2122 je rychlej\u0161\u00ed, pevn\u011bj\u0161\u00ed a intuitivn\u011bj\u0161\u00ed ne\u017e jak\u00e9koli jin\u00e9 \u0159e\u0161en\u00ed<\/li>\n<li>Ultrapevn\u00e1 a ultratenk\u00e1 laminovan\u00e1 konstrukce<\/li>\n<\/ul><\/div>\n<div class='content-column one_half last_column'><h2 style=\"padding-top: 15px;\">Specifikace<\/h2>\n<p><strong>Hmotnost<\/strong>: 1,4 g<\/p>\n<p><strong>\u0160\u00ed\u0159ka<\/strong>: 5,7 cm<\/p>\n<p><strong>V\u00fd\u0161ka<\/strong> (v\u010detn\u011b lanka a kotvi\u010dky): 6,4 cm<\/p>\n<p><strong>Tlou\u0161\u0165ka<\/strong>: 0,1 cm<\/p>\n<p><strong>Nosnost<\/strong>: Ka\u017ed\u00fd Micro Anchor\u2122 je dimenzov\u00e1n na zat\u00ed\u017een\u00ed a\u017e 23 kg<\/p>\n<p><strong>Kompatibilita s kryty<\/strong>: Funguje s jak\u00fdmkoli krytem telefonu t\u0159et\u00ed strany, kter\u00fd m\u00e1 v\u00fd\u0159ez pro USB-C port s pevn\u00fdm okrajem po cel\u00e9m obvodu.<\/p>\n<p><strong>Materi\u00e1ly<\/strong><\/p>\n<p>Hardware:<\/p>\n<p>Podlo\u017eka (80 %):<\/p>\n<ul style=\"padding-left: 15px; padding-bottom: 0px;\">\n<li>Lamin\u00e1t z nylonov\u00e9 a polykarbon\u00e1tov\u00e9 tkaniny<\/li>\n<\/ul>\n<p>Micro Anchors\u2122:<\/p>\n<ul style=\"padding-left: 15px; padding-bottom: 0x;\">\n<li>POM (polyoxymetylen) s v\u00edcevrstv\u00fdm termoplastick\u00fdm lankem (20 %)<\/li>\n<\/ul>\n<p><strong>Z\u00e1ruka<\/strong>: Do\u017eivotn\u00ed<\/p>\n<h2>Obsah balen\u00ed<\/h2>\n<ul style=\"padding-left: 15px; padding-bottom: 15px;\">\n<li>1\u00d7 Mobile Strap Adapter<\/li>\n<\/ul><\/div><div class='clear_column'><\/div>\n","protected":false},"excerpt":{"rendered":"<p>Sada 3 rychlospojek Micro Ancho pro Mobile popruhy<\/p>\n<p>Micro Anchors\u2122 jsou kompatibiln\u00ed se v\u0161emi kryty Peak Design i s jak\u00fdmkoli krytem telefonu t\u0159et\u00ed strany, kter\u00fd m\u00e1 jeden nebo v\u00edce \u00fachyt\u016f pro popruh (v\u010detn\u011b v\u011bt\u0161iny kryt\u016f Apple pro iPhone 17). Lze je tak\u00e9 p\u0159ipojit k dal\u0161\u00edm mal\u00fdm za\u0159\u00edzen\u00edm s okem pro popruh \u010di poutko \u2013 nap\u0159\u00edklad ke kompaktn\u00edm fotoapar\u00e1t\u016fm, diktafon\u016fm, expozimetr\u016fm, pouzdr\u016fm na sluch\u00e1tka a dal\u0161\u00edm.<\/p>\n<p>Ka\u017ed\u00fd Micro Anchor\u2122 je dimenzov\u00e1n na zat\u00ed\u017een\u00ed a\u017e 23 kg.<\/p>\n","protected":false},"featured_media":132669,"template":"","meta":[],"product_brand":[],"product_cat":[25,35],"product_tag":[],"class_list":{"0":"post-132668","1":"product","2":"type-product","3":"status-publish","4":"has-post-thumbnail","6":"product_cat-mobile","7":"product_cat-mobile-straps","9":"first","10":"instock","11":"taxable","12":"shipping-taxable","13":"purchasable","14":"product-type-simple"},"yoast_head":"<!-- This site is optimized with the Yoast SEO plugin v27.4 - https:\/\/yoast.com\/product\/yoast-seo-wordpress\/ -->\n<title>Mobile - Mobile Strap Adapter - OneFive.cz - Prodejce Peak Design<\/title>\n<meta name=\"description\" content=\"Peak Design Mobile Strap Adapter\" \/>\n<meta name=\"robots\" content=\"index, follow, max-snippet:-1, max-image-preview:large, max-video-preview:-1\" \/>\n<link rel=\"canonical\" href=\"https:\/\/www.onefive.cz\/peakdesign\/produkt\/mobile-mobile-strap-adapter\/\" \/>\n<meta property=\"og:locale\" content=\"cs_CZ\" \/>\n<meta property=\"og:type\" content=\"article\" \/>\n<meta property=\"og:title\" content=\"Mobile - Mobile Strap Adapter - OneFive.cz - Prodejce Peak Design\" \/>\n<meta property=\"og:description\" content=\"Peak Design Mobile Strap Adapter\" \/>\n<meta property=\"og:url\" content=\"https:\/\/www.onefive.cz\/peakdesign\/produkt\/mobile-mobile-strap-adapter\/\" \/>\n<meta property=\"og:site_name\" content=\"OneFive.cz - Prodejce Peak Design\" \/>\n<meta property=\"article:modified_time\" content=\"2026-04-17T05:06:14+00:00\" \/>\n<meta property=\"og:image\" content=\"https:\/\/www.onefive.cz\/peakdesign\/wp-content\/uploads\/2026\/03\/mobile-strapadapter-studio-hero.webp\" \/>\n\t<meta property=\"og:image:width\" content=\"1280\" \/>\n\t<meta property=\"og:image:height\" content=\"1280\" \/>\n\t<meta property=\"og:image:type\" content=\"image\/webp\" \/>\n<meta name=\"twitter:card\" content=\"summary_large_image\" \/>\n<meta name=\"twitter:label1\" content=\"Odhadovan\u00e1 doba \u010dten\u00ed\" \/>\n\t<meta name=\"twitter:data1\" content=\"1 minuta\" \/>\n<script type=\"application\/ld+json\" class=\"yoast-schema-graph\">{\"@context\":\"https:\\\/\\\/schema.org\",\"@graph\":[{\"@type\":\"WebPage\",\"@id\":\"https:\\\/\\\/www.onefive.cz\\\/peakdesign\\\/produkt\\\/mobile-mobile-strap-adapter\\\/\",\"url\":\"https:\\\/\\\/www.onefive.cz\\\/peakdesign\\\/produkt\\\/mobile-mobile-strap-adapter\\\/\",\"name\":\"Mobile - Mobile Strap Adapter - OneFive.cz - Prodejce Peak Design\",\"isPartOf\":{\"@id\":\"https:\\\/\\\/www.onefive.cz\\\/peakdesign\\\/#website\"},\"primaryImageOfPage\":{\"@id\":\"https:\\\/\\\/www.onefive.cz\\\/peakdesign\\\/produkt\\\/mobile-mobile-strap-adapter\\\/#primaryimage\"},\"image\":{\"@id\":\"https:\\\/\\\/www.onefive.cz\\\/peakdesign\\\/produkt\\\/mobile-mobile-strap-adapter\\\/#primaryimage\"},\"thumbnailUrl\":\"https:\\\/\\\/www.onefive.cz\\\/peakdesign\\\/wp-content\\\/uploads\\\/2026\\\/03\\\/mobile-strapadapter-studio-hero.webp\",\"datePublished\":\"2026-01-14T23:09:50+00:00\",\"dateModified\":\"2026-04-17T05:06:14+00:00\",\"description\":\"Peak Design Mobile Strap Adapter\",\"breadcrumb\":{\"@id\":\"https:\\\/\\\/www.onefive.cz\\\/peakdesign\\\/produkt\\\/mobile-mobile-strap-adapter\\\/#breadcrumb\"},\"inLanguage\":\"cs\",\"potentialAction\":[{\"@type\":\"ReadAction\",\"target\":[\"https:\\\/\\\/www.onefive.cz\\\/peakdesign\\\/produkt\\\/mobile-mobile-strap-adapter\\\/\"]}]},{\"@type\":\"ImageObject\",\"inLanguage\":\"cs\",\"@id\":\"https:\\\/\\\/www.onefive.cz\\\/peakdesign\\\/produkt\\\/mobile-mobile-strap-adapter\\\/#primaryimage\",\"url\":\"https:\\\/\\\/www.onefive.cz\\\/peakdesign\\\/wp-content\\\/uploads\\\/2026\\\/03\\\/mobile-strapadapter-studio-hero.webp\",\"contentUrl\":\"https:\\\/\\\/www.onefive.cz\\\/peakdesign\\\/wp-content\\\/uploads\\\/2026\\\/03\\\/mobile-strapadapter-studio-hero.webp\",\"width\":1280,\"height\":1280},{\"@type\":\"BreadcrumbList\",\"@id\":\"https:\\\/\\\/www.onefive.cz\\\/peakdesign\\\/produkt\\\/mobile-mobile-strap-adapter\\\/#breadcrumb\",\"itemListElement\":[{\"@type\":\"ListItem\",\"position\":1,\"name\":\"Dom\u016f\",\"item\":\"https:\\\/\\\/www.onefive.cz\\\/peakdesign\\\/\"},{\"@type\":\"ListItem\",\"position\":2,\"name\":\"Shop\",\"item\":\"https:\\\/\\\/www.onefive.cz\\\/peakdesign\\\/shop\\\/\"},{\"@type\":\"ListItem\",\"position\":3,\"name\":\"Mobile - Mobile Strap Adapter\"}]},{\"@type\":\"WebSite\",\"@id\":\"https:\\\/\\\/www.onefive.cz\\\/peakdesign\\\/#website\",\"url\":\"https:\\\/\\\/www.onefive.cz\\\/peakdesign\\\/\",\"name\":\"OneFive.cz - Prodejce Peak Design\",\"description\":\"Kryty a dr\u017e\u00e1ky pro telefony, cestovn\u00ed a everyday batohy a ta\u0161ky, organiz\u00e9ry a fotop\u0159\u00edslu\u0161enstv\u00ed. Ultim\u00e1tn\u00ed v\u00fdbava pro ty, kte\u0159\u00ed vy\u017eaduj\u00ed to nejlep\u0161\u00ed.\",\"potentialAction\":[{\"@type\":\"SearchAction\",\"target\":{\"@type\":\"EntryPoint\",\"urlTemplate\":\"https:\\\/\\\/www.onefive.cz\\\/peakdesign\\\/?s={search_term_string}\"},\"query-input\":{\"@type\":\"PropertyValueSpecification\",\"valueRequired\":true,\"valueName\":\"search_term_string\"}}],\"inLanguage\":\"cs\"}]}<\/script>\n<!-- \/ Yoast SEO plugin. -->","yoast_head_json":{"title":"Mobile - Mobile Strap Adapter - OneFive.cz - Prodejce Peak Design","description":"Peak Design Mobile Strap Adapter","robots":{"index":"index","follow":"follow","max-snippet":"max-snippet:-1","max-image-preview":"max-image-preview:large","max-video-preview":"max-video-preview:-1"},"canonical":"https:\/\/www.onefive.cz\/peakdesign\/produkt\/mobile-mobile-strap-adapter\/","og_locale":"cs_CZ","og_type":"article","og_title":"Mobile - Mobile Strap Adapter - OneFive.cz - Prodejce Peak Design","og_description":"Peak Design Mobile Strap Adapter","og_url":"https:\/\/www.onefive.cz\/peakdesign\/produkt\/mobile-mobile-strap-adapter\/","og_site_name":"OneFive.cz - Prodejce Peak Design","article_modified_time":"2026-04-17T05:06:14+00:00","og_image":[{"width":1280,"height":1280,"url":"https:\/\/www.onefive.cz\/peakdesign\/wp-content\/uploads\/2026\/03\/mobile-strapadapter-studio-hero.webp","type":"image\/webp"}],"twitter_card":"summary_large_image","twitter_misc":{"Odhadovan\u00e1 doba \u010dten\u00ed":"1 minuta"},"schema":{"@context":"https:\/\/schema.org","@graph":[{"@type":"WebPage","@id":"https:\/\/www.onefive.cz\/peakdesign\/produkt\/mobile-mobile-strap-adapter\/","url":"https:\/\/www.onefive.cz\/peakdesign\/produkt\/mobile-mobile-strap-adapter\/","name":"Mobile - Mobile Strap Adapter - OneFive.cz - Prodejce Peak Design","isPartOf":{"@id":"https:\/\/www.onefive.cz\/peakdesign\/#website"},"primaryImageOfPage":{"@id":"https:\/\/www.onefive.cz\/peakdesign\/produkt\/mobile-mobile-strap-adapter\/#primaryimage"},"image":{"@id":"https:\/\/www.onefive.cz\/peakdesign\/produkt\/mobile-mobile-strap-adapter\/#primaryimage"},"thumbnailUrl":"https:\/\/www.onefive.cz\/peakdesign\/wp-content\/uploads\/2026\/03\/mobile-strapadapter-studio-hero.webp","datePublished":"2026-01-14T23:09:50+00:00","dateModified":"2026-04-17T05:06:14+00:00","description":"Peak Design Mobile Strap Adapter","breadcrumb":{"@id":"https:\/\/www.onefive.cz\/peakdesign\/produkt\/mobile-mobile-strap-adapter\/#breadcrumb"},"inLanguage":"cs","potentialAction":[{"@type":"ReadAction","target":["https:\/\/www.onefive.cz\/peakdesign\/produkt\/mobile-mobile-strap-adapter\/"]}]},{"@type":"ImageObject","inLanguage":"cs","@id":"https:\/\/www.onefive.cz\/peakdesign\/produkt\/mobile-mobile-strap-adapter\/#primaryimage","url":"https:\/\/www.onefive.cz\/peakdesign\/wp-content\/uploads\/2026\/03\/mobile-strapadapter-studio-hero.webp","contentUrl":"https:\/\/www.onefive.cz\/peakdesign\/wp-content\/uploads\/2026\/03\/mobile-strapadapter-studio-hero.webp","width":1280,"height":1280},{"@type":"BreadcrumbList","@id":"https:\/\/www.onefive.cz\/peakdesign\/produkt\/mobile-mobile-strap-adapter\/#breadcrumb","itemListElement":[{"@type":"ListItem","position":1,"name":"Dom\u016f","item":"https:\/\/www.onefive.cz\/peakdesign\/"},{"@type":"ListItem","position":2,"name":"Shop","item":"https:\/\/www.onefive.cz\/peakdesign\/shop\/"},{"@type":"ListItem","position":3,"name":"Mobile - Mobile Strap Adapter"}]},{"@type":"WebSite","@id":"https:\/\/www.onefive.cz\/peakdesign\/#website","url":"https:\/\/www.onefive.cz\/peakdesign\/","name":"OneFive.cz - Prodejce Peak Design","description":"Kryty a dr\u017e\u00e1ky pro telefony, cestovn\u00ed a everyday batohy a ta\u0161ky, organiz\u00e9ry a fotop\u0159\u00edslu\u0161enstv\u00ed. Ultim\u00e1tn\u00ed v\u00fdbava pro ty, kte\u0159\u00ed vy\u017eaduj\u00ed to nejlep\u0161\u00ed.","potentialAction":[{"@type":"SearchAction","target":{"@type":"EntryPoint","urlTemplate":"https:\/\/www.onefive.cz\/peakdesign\/?s={search_term_string}"},"query-input":{"@type":"PropertyValueSpecification","valueRequired":true,"valueName":"search_term_string"}}],"inLanguage":"cs"}]}},"_links":{"self":[{"href":"https:\/\/www.onefive.cz\/peakdesign\/wp-json\/wp\/v2\/product\/132668","targetHints":{"allow":["GET"]}}],"collection":[{"href":"https:\/\/www.onefive.cz\/peakdesign\/wp-json\/wp\/v2\/product"}],"about":[{"href":"https:\/\/www.onefive.cz\/peakdesign\/wp-json\/wp\/v2\/types\/product"}],"wp:featuredmedia":[{"embeddable":true,"href":"https:\/\/www.onefive.cz\/peakdesign\/wp-json\/wp\/v2\/media\/132669"}],"wp:attachment":[{"href":"https:\/\/www.onefive.cz\/peakdesign\/wp-json\/wp\/v2\/media?parent=132668"}],"wp:term":[{"taxonomy":"product_brand","embeddable":true,"href":"https:\/\/www.onefive.cz\/peakdesign\/wp-json\/wp\/v2\/product_brand?post=132668"},{"taxonomy":"product_cat","embeddable":true,"href":"https:\/\/www.onefive.cz\/peakdesign\/wp-json\/wp\/v2\/product_cat?post=132668"},{"taxonomy":"product_tag","embeddable":true,"href":"https:\/\/www.onefive.cz\/peakdesign\/wp-json\/wp\/v2\/product_tag?post=132668"}],"curies":[{"name":"wp","href":"https:\/\/api.w.org\/{rel}","templated":true}]}}