{"id":1633,"date":"2016-02-03T23:00:00","date_gmt":"2016-02-03T23:00:00","guid":{"rendered":"http:\/\/onefive.cz\/peak-design\/pro-plate\/"},"modified":"2026-04-17T07:05:15","modified_gmt":"2026-04-17T05:05:15","slug":"dual-plate","status":"publish","type":"product","link":"https:\/\/www.onefive.cz\/peakdesign\/produkt\/dual-plate\/","title":{"rendered":"Dual Plate"},"content":{"rendered":"<div class='content-column one_half'><h2>Hlavn\u00ed rysy<\/h2>\n<ul style=\"padding-top: 15px;padding-left: 15px;padding-bottom: 15px\">\n<li><strong>Kompatibiln\u00ed s Manfrotto a Arca<\/strong> M\u00e1te stativovou hlavu Manfrotto RC2? Pak pot\u0159ebujete tuto desti\u010dku. Nav\u00edc je kompatibiln\u00ed i s v\u011bt\u0161inou stativov\u00fdch hlav typu Arca. V\u00edce o kompatibilit\u011b: Pokud m\u00e1 va\u0161e stativov\u00e1 hlava v n\u00e1zvu RC2 nebo je RC2 zm\u00edn\u011bno v popisu, pak je s Dual Plate kompatibiln\u00ed. Dal\u0161\u00ed informace o kompatibilit\u011b na <a href=\"http:\/\/pkdsn.com\/tripod\" rel=\"noopener noreferrer\" target=\"_blank\">pkdsn.com\/tripod<\/a>.<\/li>\n<li><b>2 sm\u011bry<\/b> Do dr\u017e\u00e1ku Capture lze zasunout 2 sm\u011bry.<\/li>\n<li><b>Se v\u0161emi PD popruhy<\/b> \u010cty\u0159i oka pro p\u0159ipevn\u011bn\u00ed kotvi\u010dek Peak Design Anchor.<\/li>\n<li><b>Pro v\u0161echnu fotoapar\u00e1ty<\/b> Lze p\u0159ipevnit ke v\u0161em fotoapar\u00e1t\u016fm se standardn\u00edm 1\/4\u201d-20 stativov\u00fdm z\u00e1vitem.<\/li>\n<li><b>Nastaven\u00ed polohy<\/b> Prot\u00e1hl\u00fd otvor pro stativov\u00fd \u0161roub na desti\u010dce umo\u017e\u0148uje vyhnout se objektivu, dv\u00ed\u0159k\u016fm bateriov\u00e9ho prostoru nebo vykl\u00e1p\u011bc\u00edmu displeji.<\/li>\n<li><b>Odolnost proti proto\u010den\u00ed<\/b> Odoln\u00e1 podlo\u017eka zabra\u0148uje proto\u010den\u00ed desti\u010dky p\u0159i p\u0159ipev\u0148ov\u00e1n\u00ed i t\u011bch nejt\u011b\u017e\u0161\u00edch fotoapar\u00e1t\u016f.<\/li>\n<\/ul>\n<p><b>NOVINKY A VYLEP\u0160EN\u00cd<\/b><\/p>\n<ul style=\"padding-left: 15px;padding-bottom: 15px\">\n<li><b>Lep\u0161\u00ed konstrukce<\/b> Anodizovan\u00fd CNC obroben\u00fd dural pro v\u011bt\u0161\u00ed odolnost a hladk\u00fd povrch.<\/li>\n<\/ul><\/div>\n<div class='content-column one_half last_column'><h2>Specifikace<\/h2>\n<ul style=\"padding-left: 15px;padding-bottom: 15px;\">\n<li><strong>Objednac\u00ed k\u00f3d<\/strong>: PL-D-2 (Black)<\/li>\n<li><strong>Velikost<\/strong>: 5.2cm x 4.2cm x 1.1cm<\/li>\n<li><strong>Materi\u00e1l<\/strong>: CNC-obr\u00e1b\u011bn\u00fd dural, anodizace povrchu, podlo\u017eka z vst\u0159ikovan\u00e9ho PVC<\/li>\n<li><strong>Hmotnost<\/strong>: 28g<\/li>\n<li><strong>Kompatibilita s popruhy<\/strong>: V\u0161echny popruhy Peak Design<\/li>\n<li><strong>Zp\u011btn\u00e1 kompatibilita<\/strong>: V\u0161echny (i star\u0161\u00ed) verze <a href=\"https:\/\/www.onefive.cz\/peakdesign\/produkt\/capture\/\">Capture<\/a><\/li>\n<li><strong>Z\u00e1ruka<\/strong>: Do\u017eivotn\u00ed<\/li>\n<\/ul>\n<h2>Obsah balen\u00ed<\/h2>\n<p><img decoding=\"async\" src=\"https:\/\/www.peakdesign.cz\/wp-content\/uploads\/2016\/02\/in-box-dualplate-2017.jpg\" alt=\"\" width=\"450\" class=\"alignnone size-full wp-image-2539\" \/><\/p>\n<li>1. 1x Desti\u010dka Dual Plate<\/li>\n<li>2. 1x Kl\u00ed\u010d imbus 4mm<\/li>\n<\/ul><\/div><div class='clear_column'><\/div>\n","protected":false},"excerpt":{"rendered":"<p>\nS desti\u010dkou Dual Plate m\u016f\u017eete fotoapar\u00e1t vysunout z Capture (nen\u00ed sou\u010d\u00e1st\u00ed balen\u00ed) a rovnou vlo\u017eit do v\u011bt\u0161iny stativ\u00fdch hlav standardu Manfrotto\u00ae RC2. Jak napov\u00edd\u00e1 n\u00e1zev desti\u010dky, je tak\u00e9 kompatibiln\u00ed s v\u011bt\u0161inou stativ\u00fdch hlav Arca. Do dr\u017e\u00e1ku Capture lze zasunout 2 sm\u011bry a m\u00e1 \u010dty\u0159i oka pro p\u0159ipevn\u011bn\u00ed Peak Design kotvi\u010dek Anchor. Vyrobeno z duralu CNC obr\u00e1b\u011bn\u00edm a anodizav\u00e1no pro v\u011bt\u0161\u00ed odolnost. Prot\u00e1hl\u00fd otvor pro stativov\u00fd \u0161roub na desti\u010dce umo\u017e\u0148uje vyhnout se objektivu, dv\u00ed\u0159k\u016fm bateriov\u00e9ho prostoru nebo vykl\u00e1p\u011bc\u00edmu displeji.\n<\/p>\n<p>Dostupnost: skladem<\/p>\n","protected":false},"featured_media":3241,"template":"","meta":[],"product_brand":[],"product_cat":[18],"product_tag":[],"class_list":{"0":"post-1633","1":"product","2":"type-product","3":"status-publish","4":"has-post-thumbnail","6":"product_cat-uncategorized","8":"first","9":"instock","10":"taxable","11":"shipping-taxable","12":"purchasable","13":"product-type-simple"},"yoast_head":"<!-- This site is optimized with the Yoast SEO plugin v27.4 - https:\/\/yoast.com\/product\/yoast-seo-wordpress\/ -->\n<title>Dual Plate - OneFive.cz - Prodejce Peak Design<\/title>\n<meta name=\"robots\" content=\"index, follow, max-snippet:-1, max-image-preview:large, max-video-preview:-1\" \/>\n<link rel=\"canonical\" href=\"https:\/\/www.onefive.cz\/peakdesign\/produkt\/dual-plate\/\" \/>\n<meta property=\"og:locale\" content=\"cs_CZ\" \/>\n<meta property=\"og:type\" content=\"article\" \/>\n<meta property=\"og:title\" content=\"Dual Plate - OneFive.cz - Prodejce Peak Design\" \/>\n<meta property=\"og:description\" content=\"S desti\u010dkou Dual Plate m\u016f\u017eete fotoapar\u00e1t vysunout z Capture (nen\u00ed sou\u010d\u00e1st\u00ed balen\u00ed) a rovnou vlo\u017eit do v\u011bt\u0161iny stativ\u00fdch hlav standardu Manfrotto\u00ae RC2. Jak napov\u00edd\u00e1 n\u00e1zev desti\u010dky, je tak\u00e9 kompatibiln\u00ed s v\u011bt\u0161inou stativ\u00fdch hlav Arca. Do dr\u017e\u00e1ku Capture lze zasunout 2 sm\u011bry a m\u00e1 \u010dty\u0159i oka pro p\u0159ipevn\u011bn\u00ed Peak Design kotvi\u010dek Anchor. Vyrobeno z duralu CNC obr\u00e1b\u011bn\u00edm a anodizav\u00e1no pro v\u011bt\u0161\u00ed odolnost. Prot\u00e1hl\u00fd otvor pro stativov\u00fd \u0161roub na desti\u010dce umo\u017e\u0148uje vyhnout se objektivu, dv\u00ed\u0159k\u016fm bateriov\u00e9ho prostoru nebo vykl\u00e1p\u011bc\u00edmu displeji.  Dostupnost: skladem\" \/>\n<meta property=\"og:url\" content=\"https:\/\/www.onefive.cz\/peakdesign\/produkt\/dual-plate\/\" \/>\n<meta property=\"og:site_name\" content=\"OneFive.cz - Prodejce Peak Design\" \/>\n<meta property=\"article:modified_time\" content=\"2026-04-17T05:05:15+00:00\" \/>\n<meta property=\"og:image\" content=\"https:\/\/www.onefive.cz\/peakdesign\/wp-content\/uploads\/2016\/02\/dualplate-1.jpg\" \/>\n\t<meta property=\"og:image:width\" content=\"1000\" \/>\n\t<meta property=\"og:image:height\" content=\"1000\" \/>\n\t<meta property=\"og:image:type\" content=\"image\/jpeg\" \/>\n<meta name=\"twitter:card\" content=\"summary_large_image\" \/>\n<meta name=\"twitter:label1\" content=\"Odhadovan\u00e1 doba \u010dten\u00ed\" \/>\n\t<meta name=\"twitter:data1\" content=\"2 minuty\" \/>\n<script type=\"application\/ld+json\" class=\"yoast-schema-graph\">{\"@context\":\"https:\\\/\\\/schema.org\",\"@graph\":[{\"@type\":\"WebPage\",\"@id\":\"https:\\\/\\\/www.onefive.cz\\\/peakdesign\\\/produkt\\\/dual-plate\\\/\",\"url\":\"https:\\\/\\\/www.onefive.cz\\\/peakdesign\\\/produkt\\\/dual-plate\\\/\",\"name\":\"Dual Plate - OneFive.cz - Prodejce Peak Design\",\"isPartOf\":{\"@id\":\"https:\\\/\\\/www.onefive.cz\\\/peakdesign\\\/#website\"},\"primaryImageOfPage\":{\"@id\":\"https:\\\/\\\/www.onefive.cz\\\/peakdesign\\\/produkt\\\/dual-plate\\\/#primaryimage\"},\"image\":{\"@id\":\"https:\\\/\\\/www.onefive.cz\\\/peakdesign\\\/produkt\\\/dual-plate\\\/#primaryimage\"},\"thumbnailUrl\":\"https:\\\/\\\/www.onefive.cz\\\/peakdesign\\\/wp-content\\\/uploads\\\/2016\\\/02\\\/dualplate-1.jpg\",\"datePublished\":\"2016-02-03T23:00:00+00:00\",\"dateModified\":\"2026-04-17T05:05:15+00:00\",\"breadcrumb\":{\"@id\":\"https:\\\/\\\/www.onefive.cz\\\/peakdesign\\\/produkt\\\/dual-plate\\\/#breadcrumb\"},\"inLanguage\":\"cs\",\"potentialAction\":[{\"@type\":\"ReadAction\",\"target\":[\"https:\\\/\\\/www.onefive.cz\\\/peakdesign\\\/produkt\\\/dual-plate\\\/\"]}]},{\"@type\":\"ImageObject\",\"inLanguage\":\"cs\",\"@id\":\"https:\\\/\\\/www.onefive.cz\\\/peakdesign\\\/produkt\\\/dual-plate\\\/#primaryimage\",\"url\":\"https:\\\/\\\/www.onefive.cz\\\/peakdesign\\\/wp-content\\\/uploads\\\/2016\\\/02\\\/dualplate-1.jpg\",\"contentUrl\":\"https:\\\/\\\/www.onefive.cz\\\/peakdesign\\\/wp-content\\\/uploads\\\/2016\\\/02\\\/dualplate-1.jpg\",\"width\":1000,\"height\":1000},{\"@type\":\"BreadcrumbList\",\"@id\":\"https:\\\/\\\/www.onefive.cz\\\/peakdesign\\\/produkt\\\/dual-plate\\\/#breadcrumb\",\"itemListElement\":[{\"@type\":\"ListItem\",\"position\":1,\"name\":\"Dom\u016f\",\"item\":\"https:\\\/\\\/www.onefive.cz\\\/peakdesign\\\/\"},{\"@type\":\"ListItem\",\"position\":2,\"name\":\"Shop\",\"item\":\"https:\\\/\\\/www.onefive.cz\\\/peakdesign\\\/shop\\\/\"},{\"@type\":\"ListItem\",\"position\":3,\"name\":\"Dual Plate\"}]},{\"@type\":\"WebSite\",\"@id\":\"https:\\\/\\\/www.onefive.cz\\\/peakdesign\\\/#website\",\"url\":\"https:\\\/\\\/www.onefive.cz\\\/peakdesign\\\/\",\"name\":\"OneFive.cz - Prodejce Peak Design\",\"description\":\"Kryty a dr\u017e\u00e1ky pro telefony, cestovn\u00ed a everyday batohy a ta\u0161ky, organiz\u00e9ry a fotop\u0159\u00edslu\u0161enstv\u00ed. Ultim\u00e1tn\u00ed v\u00fdbava pro ty, kte\u0159\u00ed vy\u017eaduj\u00ed to nejlep\u0161\u00ed.\",\"potentialAction\":[{\"@type\":\"SearchAction\",\"target\":{\"@type\":\"EntryPoint\",\"urlTemplate\":\"https:\\\/\\\/www.onefive.cz\\\/peakdesign\\\/?s={search_term_string}\"},\"query-input\":{\"@type\":\"PropertyValueSpecification\",\"valueRequired\":true,\"valueName\":\"search_term_string\"}}],\"inLanguage\":\"cs\"}]}<\/script>\n<!-- \/ Yoast SEO plugin. -->","yoast_head_json":{"title":"Dual Plate - OneFive.cz - Prodejce Peak Design","robots":{"index":"index","follow":"follow","max-snippet":"max-snippet:-1","max-image-preview":"max-image-preview:large","max-video-preview":"max-video-preview:-1"},"canonical":"https:\/\/www.onefive.cz\/peakdesign\/produkt\/dual-plate\/","og_locale":"cs_CZ","og_type":"article","og_title":"Dual Plate - OneFive.cz - Prodejce Peak Design","og_description":"S desti\u010dkou Dual Plate m\u016f\u017eete fotoapar\u00e1t vysunout z Capture (nen\u00ed sou\u010d\u00e1st\u00ed balen\u00ed) a rovnou vlo\u017eit do v\u011bt\u0161iny stativ\u00fdch hlav standardu Manfrotto\u00ae RC2. Jak napov\u00edd\u00e1 n\u00e1zev desti\u010dky, je tak\u00e9 kompatibiln\u00ed s v\u011bt\u0161inou stativ\u00fdch hlav Arca. Do dr\u017e\u00e1ku Capture lze zasunout 2 sm\u011bry a m\u00e1 \u010dty\u0159i oka pro p\u0159ipevn\u011bn\u00ed Peak Design kotvi\u010dek Anchor. Vyrobeno z duralu CNC obr\u00e1b\u011bn\u00edm a anodizav\u00e1no pro v\u011bt\u0161\u00ed odolnost. Prot\u00e1hl\u00fd otvor pro stativov\u00fd \u0161roub na desti\u010dce umo\u017e\u0148uje vyhnout se objektivu, dv\u00ed\u0159k\u016fm bateriov\u00e9ho prostoru nebo vykl\u00e1p\u011bc\u00edmu displeji.  Dostupnost: skladem","og_url":"https:\/\/www.onefive.cz\/peakdesign\/produkt\/dual-plate\/","og_site_name":"OneFive.cz - Prodejce Peak Design","article_modified_time":"2026-04-17T05:05:15+00:00","og_image":[{"width":1000,"height":1000,"url":"https:\/\/www.onefive.cz\/peakdesign\/wp-content\/uploads\/2016\/02\/dualplate-1.jpg","type":"image\/jpeg"}],"twitter_card":"summary_large_image","twitter_misc":{"Odhadovan\u00e1 doba \u010dten\u00ed":"2 minuty"},"schema":{"@context":"https:\/\/schema.org","@graph":[{"@type":"WebPage","@id":"https:\/\/www.onefive.cz\/peakdesign\/produkt\/dual-plate\/","url":"https:\/\/www.onefive.cz\/peakdesign\/produkt\/dual-plate\/","name":"Dual Plate - OneFive.cz - Prodejce Peak Design","isPartOf":{"@id":"https:\/\/www.onefive.cz\/peakdesign\/#website"},"primaryImageOfPage":{"@id":"https:\/\/www.onefive.cz\/peakdesign\/produkt\/dual-plate\/#primaryimage"},"image":{"@id":"https:\/\/www.onefive.cz\/peakdesign\/produkt\/dual-plate\/#primaryimage"},"thumbnailUrl":"https:\/\/www.onefive.cz\/peakdesign\/wp-content\/uploads\/2016\/02\/dualplate-1.jpg","datePublished":"2016-02-03T23:00:00+00:00","dateModified":"2026-04-17T05:05:15+00:00","breadcrumb":{"@id":"https:\/\/www.onefive.cz\/peakdesign\/produkt\/dual-plate\/#breadcrumb"},"inLanguage":"cs","potentialAction":[{"@type":"ReadAction","target":["https:\/\/www.onefive.cz\/peakdesign\/produkt\/dual-plate\/"]}]},{"@type":"ImageObject","inLanguage":"cs","@id":"https:\/\/www.onefive.cz\/peakdesign\/produkt\/dual-plate\/#primaryimage","url":"https:\/\/www.onefive.cz\/peakdesign\/wp-content\/uploads\/2016\/02\/dualplate-1.jpg","contentUrl":"https:\/\/www.onefive.cz\/peakdesign\/wp-content\/uploads\/2016\/02\/dualplate-1.jpg","width":1000,"height":1000},{"@type":"BreadcrumbList","@id":"https:\/\/www.onefive.cz\/peakdesign\/produkt\/dual-plate\/#breadcrumb","itemListElement":[{"@type":"ListItem","position":1,"name":"Dom\u016f","item":"https:\/\/www.onefive.cz\/peakdesign\/"},{"@type":"ListItem","position":2,"name":"Shop","item":"https:\/\/www.onefive.cz\/peakdesign\/shop\/"},{"@type":"ListItem","position":3,"name":"Dual Plate"}]},{"@type":"WebSite","@id":"https:\/\/www.onefive.cz\/peakdesign\/#website","url":"https:\/\/www.onefive.cz\/peakdesign\/","name":"OneFive.cz - Prodejce Peak Design","description":"Kryty a dr\u017e\u00e1ky pro telefony, cestovn\u00ed a everyday batohy a ta\u0161ky, organiz\u00e9ry a fotop\u0159\u00edslu\u0161enstv\u00ed. Ultim\u00e1tn\u00ed v\u00fdbava pro ty, kte\u0159\u00ed vy\u017eaduj\u00ed to nejlep\u0161\u00ed.","potentialAction":[{"@type":"SearchAction","target":{"@type":"EntryPoint","urlTemplate":"https:\/\/www.onefive.cz\/peakdesign\/?s={search_term_string}"},"query-input":{"@type":"PropertyValueSpecification","valueRequired":true,"valueName":"search_term_string"}}],"inLanguage":"cs"}]}},"_links":{"self":[{"href":"https:\/\/www.onefive.cz\/peakdesign\/wp-json\/wp\/v2\/product\/1633","targetHints":{"allow":["GET"]}}],"collection":[{"href":"https:\/\/www.onefive.cz\/peakdesign\/wp-json\/wp\/v2\/product"}],"about":[{"href":"https:\/\/www.onefive.cz\/peakdesign\/wp-json\/wp\/v2\/types\/product"}],"wp:featuredmedia":[{"embeddable":true,"href":"https:\/\/www.onefive.cz\/peakdesign\/wp-json\/wp\/v2\/media\/3241"}],"wp:attachment":[{"href":"https:\/\/www.onefive.cz\/peakdesign\/wp-json\/wp\/v2\/media?parent=1633"}],"wp:term":[{"taxonomy":"product_brand","embeddable":true,"href":"https:\/\/www.onefive.cz\/peakdesign\/wp-json\/wp\/v2\/product_brand?post=1633"},{"taxonomy":"product_cat","embeddable":true,"href":"https:\/\/www.onefive.cz\/peakdesign\/wp-json\/wp\/v2\/product_cat?post=1633"},{"taxonomy":"product_tag","embeddable":true,"href":"https:\/\/www.onefive.cz\/peakdesign\/wp-json\/wp\/v2\/product_tag?post=1633"}],"curies":[{"name":"wp","href":"https:\/\/api.w.org\/{rel}","templated":true}]}}