{"id":2452,"date":"2017-08-14T21:35:53","date_gmt":"2017-08-14T21:35:53","guid":{"rendered":"https:\/\/www.peak-design.cz\/?post_type=product&#038;p=2452"},"modified":"2026-04-17T05:36:19","modified_gmt":"2026-04-17T03:36:19","slug":"cuff","status":"publish","type":"product","link":"https:\/\/www.onefive.cz\/peakdesign\/produkt\/cuff\/","title":{"rendered":"Cuff"},"content":{"rendered":"<div class='content-column one_half'><h2>Hlavn\u00ed rysy<\/h2>\n<p><img decoding=\"async\" class=\"alignnone size-full\" src=\"https:\/\/www.peakdesign.cz\/wp-content\/uploads\/2017\/08\/Features-Image-Cuff.jpeg\" alt=\"cuff\" width=\"450\" \/><\/p>\n<p><b>KOMPATIBILITA<\/b><\/p>\n<ul style=\"padding-left: 15px; padding-bottom: 15px;\">\n<li><b>Mal\u00fd, ale velmi praktick\u00fd<\/b> Nenechte se zm\u00e1st t\u00edm, jak je Cuff mal\u00fd. Cuff p\u0159ekvapuje spoustou funkc\u00ed a v\u0161estrannost\u00ed. A tak\u00e9 sakra dob\u0159e vypad\u00e1. Pod\u00edvejte se na <a href=\"https:\/\/www.peakdesign.cz\/cuff-tipy-vlastnosti-funkce\/\">instrukt\u00e1\u017en\u00ed video<\/a> s popisem v\u0161ech funkc\u00ed a tipy pro pou\u017eit\u00ed.<\/li>\n<\/ul>\n<p><b>KOMPLETN\u011a P\u0158EPRACOVAN\u00dd<\/b><\/p>\n<ul style=\"padding-left: 15px; padding-bottom: 15px;\">\n<li><b>Nov\u00e1 p\u0159ezka<\/b> Anodizovanou duralovou p\u0159ezkou lze popruh zajistit v otev\u0159en\u00e9 poloze, nebo zcela ut\u00e1hnout na z\u00e1p\u011bst\u00ed.<\/li>\n<li><b>Magnety!<\/b> D\u00edky nastaviteln\u00e9mu magnetu lze Cuff po odpojen\u00ed fotoapar\u00e1tu nosit jako n\u00e1ramek.<\/li>\n<li><b>Nov\u00fd tvar kotvi\u010dky<\/b> Zkosen\u00e1 kotvi\u010dka umo\u017e\u0148uje velmi jednoduch\u00e9 zalo\u017een\u00ed a zacvaknut\u00ed jednou rukou.<\/li>\n<li><b>\u0160t\u00edhlej\u0161\u00ed spojky<\/b> O 25% \u0161t\u00edhlej\u0161\u00ed spojky kotvi\u010dek.<\/li>\n<li><b>Nov\u00fd \u00faplet<\/b> Kvalitn\u011bj\u0161\u00ed popruh z nov\u00e9ho hlad\u0161\u00edho a odoln\u011bj\u0161\u00edho nylonov\u00e9ho materi\u00e1lu s pevn\u011bj\u0161\u00edm \u00fapletem a v\u011bt\u0161\u00ed odolnost\u00ed proti kroucen\u00ed.<\/li>\n<li><b>Vylep\u0161en\u00e1 estetika<\/b> Pr\u00e9miov\u00e9 materi\u00e1ly a p\u0159epracovan\u00e9 dotykov\u00e9 a nam\u00e1han\u00e9 body.<\/li>\n<\/ul>\n<p><b>BEZKONKUREN\u010cN\u00cd V\u0160ESTRANNOST<\/b><\/p>\n<ul style=\"padding-left: 15px; padding-bottom: 15px;\">\n<li><b>N\u00e1ramek<\/b> Po odpojen\u00ed fotoapar\u00e1tu lze Cuff obto\u010dit kolem z\u00e1p\u011bst\u00ed a nosit jej jako n\u00e1ramek. Obvod z\u00e1p\u011bst\u00ed nastaviteln\u00fd posunem magnetu.<\/li>\n<li><b>Otev\u0159en\u00fd nebo uta\u017een\u00fd<\/b> S novou p\u0159ezkou lze popruh zajistit v otev\u0159en\u00e9 poloze a pou\u017e\u00edvat ho jako voln\u00e9 poutko. Jednoduch\u00fdm zata\u017een\u00edm se popruh zcela ut\u00e1hne kolem z\u00e1p\u011bst\u00ed pro v\u011bt\u0161\u00ed bezpe\u010dnost.<\/li>\n<li><b>Automatick\u00e1 ochrana p\u0159ed p\u00e1dem<\/b> Pokud fotoapar\u00e1t upust\u00edte, Cuff se ut\u00e1hne kolem z\u00e1p\u011bst\u00ed a vy si po\u0159\u00e1dn\u011b oddechnete.<\/li>\n<li><b>Nejen pro fotoapar\u00e1ty<\/b> P\u0159ipojte Cuff k dalekohled\u016fm, GoPro, n\u00e1stroj\u016fm atd.<\/li>\n<\/ul>\n<p><b>PR\u00c9MIOV\u00c9 MATERI\u00c1LY A KOSTRUKCE<\/b><\/p>\n<ul style=\"padding-left: 15px; padding-bottom: 15px;\">\n<li><b>Ultra lehk\u00fd a kompaktn\u00ed<\/b> Cuff m\u016f\u017eete nechat na fotoapar\u00e1tu, na z\u00e1p\u011bst\u00ed, nebo v kapse. Ultralehk\u00e9 materi\u00e1ly zaru\u010duj\u00ed absolutn\u00ed bezpe\u010dnost va\u0161\u00ed techniky p\u0159i co nejmen\u0161\u00ed velikosti.<\/li>\n<li><b>Super pevn\u00fd<\/b> Dostate\u010dn\u011b pevn\u00fd pro no\u0161en\u00ed libovoln\u00e9 kombinace fotoapar\u00e1tu\/objektivu\/v\u00fdbavy. Nosnost ka\u017ed\u00e9 kotvi\u010dky Anchor je minim\u00e1ln\u011b 90kg a m\u00e1 extr\u00e9mn\u00ed odolnost proti od\u0159en\u00ed.<\/li>\n<li><b>Sed\u00ed (t\u00e9m\u011b\u0159) v\u0161em<\/b> Cuff navl\u00e9knou i ti s dlan\u00ed \u0161ir\u0161\u00ed ne\u017e 13 cm.<\/li>\n<\/ul><\/div>\n<div class='content-column one_half last_column'><h2>Video<\/h2>\n<p><iframe loading=\"lazy\" title=\"Peak Design Cuff: Setup + Tips\" width=\"500\" height=\"281\" src=\"https:\/\/www.youtube.com\/embed\/_hYLeP_crk4?feature=oembed&enablejsapi=1&origin=https:\/\/www.onefive.cz\" frameborder=\"0\" allow=\"accelerometer; autoplay; clipboard-write; encrypted-media; gyroscope; picture-in-picture; web-share\" referrerpolicy=\"strict-origin-when-cross-origin\" allowfullscreen><\/iframe><\/p>\n<h2 style=\"padding-top: 15px;\">Specifikace<\/h2>\n<ul style=\"padding-left: 15px; padding-bottom: 15px;\">\n<li><strong>Objednac\u00ed k\u00f3d<\/strong>: CF-BL-3 (Black), CF-AS-3 (Ash), CF-SG-3 (Sage), CF-MN-3 (Midnight Blue)<\/li>\n<li><strong>D\u00e9lka popruhu<\/strong>: 12 - 29 cm<\/li>\n<li><strong>Pr\u016fm\u011br smy\u010dky popruhu<\/strong>: 9.7 cm (ale lze navleknout na ruku s \u0161\u00ed\u0159kou dlan\u011b p\u0159es 13 cm), p\u0159i max. uta\u017een\u00ed: 4.5 cm<\/li>\n<li><strong>\u0160\u00ed\u0159ka popruhu<\/strong>: 19 mm<\/li>\n<li><strong>Materi\u00e1l<\/strong>: Popruh: nylonov\u00fd \u00faplet, materi\u00e1l podobn\u00fd bezpe\u010dnostn\u00edmu p\u00e1su, anodizovan\u00e9 duralov\u00e9 p\u0159ezky, detaily z materi\u00e1lu Hypalon\u00ae a k\u016f\u017ee (pouze u Ash verze). Spojky: nylon se skeln\u00fdmi vl\u00e1kny a pru\u017eina z nerezov\u00e9 oceli, dvouvrstv\u00e1 smy\u010dka s \u00fapletem zabra\u0148uj\u00edc\u00edm opot\u0159eben\u00ed, kotvi\u010dka z tvrzen\u00e9ho termoplastu Delrin.<\/li>\n<li><strong>Magnet<\/strong>: posuvn\u00fd magnet (pro no\u0161en\u00ed jako n\u00e1ramek), bezpe\u010dn\u00fd pro elektroniku.<\/li>\n<li><strong>Nosnost<\/strong>: nosnost ka\u017ed\u00e9 kotvi\u010dky Anchor se smy\u010dkou z materi\u00e1lu Dyneema\u00ae je minim\u00e1ln\u011b 90kg<\/li>\n<li><strong>Z\u00e1ruka<\/strong>: Do\u017eivotn\u00ed<\/li>\n<\/ul>\n<h2>Obsah balen\u00ed<\/h2>\n<p><img decoding=\"async\" class=\"alignnone size-full\" src=\"https:\/\/www.peakdesign.cz\/wp-content\/uploads\/2017\/08\/in-box-CF3-cuff.jpg\" alt=\"\" width=\"450\" \/><\/p>\n<ul>\n<li>1. 2 Dyneema kotvi\u010dky Micro Anchor (4. generace)<\/li>\n<li>2. Cuff<\/li>\n<li>3. Pytl\u00edk z mikrovl\u00e1kna<\/li>\n<\/ul><\/div><div class='clear_column'><\/div>\n<p><a href=\"https:\/\/www.onefive.cz\/peakdesign\/wp-content\/uploads\/2017\/08\/DSC03168-scaled.jpg\"><img loading=\"lazy\" decoding=\"async\" class=\"alignnone size-large wp-image-112347\" src=\"https:\/\/www.onefive.cz\/peakdesign\/wp-content\/uploads\/2017\/08\/DSC03168-1500x1000.jpg\" alt=\"\" width=\"1500\" height=\"1000\" srcset=\"https:\/\/www.onefive.cz\/peakdesign\/wp-content\/uploads\/2017\/08\/DSC03168-1500x1000.jpg 1500w, https:\/\/www.onefive.cz\/peakdesign\/wp-content\/uploads\/2017\/08\/DSC03168-2048x1365.jpg 2048w, https:\/\/www.onefive.cz\/peakdesign\/wp-content\/uploads\/2017\/08\/DSC03168-500x333.jpg 500w, https:\/\/www.onefive.cz\/peakdesign\/wp-content\/uploads\/2017\/08\/DSC03168-768x512.jpg 768w, https:\/\/www.onefive.cz\/peakdesign\/wp-content\/uploads\/2017\/08\/DSC03168-1536x1024.jpg 1536w, https:\/\/www.onefive.cz\/peakdesign\/wp-content\/uploads\/2017\/08\/DSC03168-24x16.jpg 24w, https:\/\/www.onefive.cz\/peakdesign\/wp-content\/uploads\/2017\/08\/DSC03168-36x24.jpg 36w, https:\/\/www.onefive.cz\/peakdesign\/wp-content\/uploads\/2017\/08\/DSC03168-48x32.jpg 48w, https:\/\/www.onefive.cz\/peakdesign\/wp-content\/uploads\/2017\/08\/DSC03168-450x300.jpg 450w, https:\/\/www.onefive.cz\/peakdesign\/wp-content\/uploads\/2017\/08\/DSC03168-scaled.jpg 2560w\" sizes=\"auto, (max-width: 1500px) 100vw, 1500px\" \/><\/a><\/p>\n","protected":false},"excerpt":{"rendered":"<p>Ultralehk\u00fd rychloup\u00ednac\u00ed popruh na z\u00e1p\u011bst\u00ed.<\/p>\n<p>Tot\u00e1ln\u00ed jistota v tom nejmen\u0161\u00edm balen\u00ed. Cuff je nejelegantn\u011bj\u0161\u00ed a nejnen\u00e1padn\u011bj\u0161\u00ed zp\u016fsob, jak chr\u00e1nit fotoapar\u00e1t p\u0159ed n\u00e1hodn\u00fdm p\u00e1dem. K fotoapar\u00e1tu, dalekohledu nebo jin\u00e9mu za\u0159\u00edzen\u00ed jej p\u0159ipoj\u00edte rychle a bezpe\u010dn\u011b pomoc\u00ed na\u0161eho jedine\u010dn\u00e9ho syst\u00e9mu kotvi\u010dek Anchor Link. Popruh lze na z\u00e1p\u011bst\u00ed zajistit v otev\u0159en\u00e9 poloze nebo pohodln\u011b ut\u00e1hnout kolem z\u00e1p\u011bst\u00ed pro v\u011bt\u0161\u00ed zabezpe\u010den\u00ed. Nov\u00e9 anodizovan\u00e9 duralov\u00e9 komponenty navrhnut\u00e9 pouze pro Cuff. Po odpojen\u00ed fotoapar\u00e1tu jej lze nosit jako n\u00e1ramek na z\u00e1p\u011bst\u00ed a m\u00edt ho tak doslova v\u017edy po ruce.<\/p>\n","protected":false},"featured_media":126304,"template":"","meta":[],"product_brand":[],"product_cat":[18],"product_tag":[],"class_list":{"0":"post-2452","1":"product","2":"type-product","3":"status-publish","4":"has-post-thumbnail","6":"product_cat-uncategorized","8":"first","9":"instock","10":"sale","11":"taxable","12":"shipping-taxable","13":"purchasable","14":"product-type-variable","15":"has-default-attributes"},"yoast_head":"<!-- This site is optimized with the Yoast SEO plugin v27.4 - https:\/\/yoast.com\/product\/yoast-seo-wordpress\/ -->\n<title>Cuff - OneFive.cz - Prodejce Peak Design<\/title>\n<meta name=\"robots\" content=\"index, follow, max-snippet:-1, max-image-preview:large, max-video-preview:-1\" \/>\n<link rel=\"canonical\" href=\"https:\/\/www.onefive.cz\/peakdesign\/produkt\/cuff\/\" \/>\n<meta property=\"og:locale\" content=\"cs_CZ\" \/>\n<meta property=\"og:type\" content=\"article\" \/>\n<meta property=\"og:title\" content=\"Cuff - OneFive.cz - Prodejce Peak Design\" \/>\n<meta property=\"og:description\" content=\"Ultralehk\u00fd rychloup\u00ednac\u00ed popruh na z\u00e1p\u011bst\u00ed.  Tot\u00e1ln\u00ed jistota v tom nejmen\u0161\u00edm balen\u00ed. Cuff je nejelegantn\u011bj\u0161\u00ed a nejnen\u00e1padn\u011bj\u0161\u00ed zp\u016fsob, jak chr\u00e1nit fotoapar\u00e1t p\u0159ed n\u00e1hodn\u00fdm p\u00e1dem. K fotoapar\u00e1tu, dalekohledu nebo jin\u00e9mu za\u0159\u00edzen\u00ed jej p\u0159ipoj\u00edte rychle a bezpe\u010dn\u011b pomoc\u00ed na\u0161eho jedine\u010dn\u00e9ho syst\u00e9mu kotvi\u010dek Anchor Link. Popruh lze na z\u00e1p\u011bst\u00ed zajistit v otev\u0159en\u00e9 poloze nebo pohodln\u011b ut\u00e1hnout kolem z\u00e1p\u011bst\u00ed pro v\u011bt\u0161\u00ed zabezpe\u010den\u00ed. Nov\u00e9 anodizovan\u00e9 duralov\u00e9 komponenty navrhnut\u00e9 pouze pro Cuff. Po odpojen\u00ed fotoapar\u00e1tu jej lze nosit jako n\u00e1ramek na z\u00e1p\u011bst\u00ed a m\u00edt ho tak doslova v\u017edy po ruce.\" \/>\n<meta property=\"og:url\" content=\"https:\/\/www.onefive.cz\/peakdesign\/produkt\/cuff\/\" \/>\n<meta property=\"og:site_name\" content=\"OneFive.cz - Prodejce Peak Design\" \/>\n<meta property=\"article:modified_time\" content=\"2026-04-17T03:36:19+00:00\" \/>\n<meta property=\"og:image\" content=\"https:\/\/www.onefive.cz\/peakdesign\/wp-content\/uploads\/2025\/08\/Cuff_TopDown_Ocean_Anchors.jpg\" \/>\n\t<meta property=\"og:image:width\" content=\"1280\" \/>\n\t<meta property=\"og:image:height\" content=\"1280\" \/>\n\t<meta property=\"og:image:type\" content=\"image\/jpeg\" \/>\n<meta name=\"twitter:card\" content=\"summary_large_image\" \/>\n<meta name=\"twitter:label1\" content=\"Odhadovan\u00e1 doba \u010dten\u00ed\" \/>\n\t<meta name=\"twitter:data1\" content=\"3 minuty\" \/>\n<script type=\"application\/ld+json\" class=\"yoast-schema-graph\">{\"@context\":\"https:\\\/\\\/schema.org\",\"@graph\":[{\"@type\":\"WebPage\",\"@id\":\"https:\\\/\\\/www.onefive.cz\\\/peakdesign\\\/produkt\\\/cuff\\\/\",\"url\":\"https:\\\/\\\/www.onefive.cz\\\/peakdesign\\\/produkt\\\/cuff\\\/\",\"name\":\"Cuff - OneFive.cz - Prodejce Peak Design\",\"isPartOf\":{\"@id\":\"https:\\\/\\\/www.onefive.cz\\\/peakdesign\\\/#website\"},\"primaryImageOfPage\":{\"@id\":\"https:\\\/\\\/www.onefive.cz\\\/peakdesign\\\/produkt\\\/cuff\\\/#primaryimage\"},\"image\":{\"@id\":\"https:\\\/\\\/www.onefive.cz\\\/peakdesign\\\/produkt\\\/cuff\\\/#primaryimage\"},\"thumbnailUrl\":\"https:\\\/\\\/www.onefive.cz\\\/peakdesign\\\/wp-content\\\/uploads\\\/2025\\\/08\\\/Cuff_TopDown_Ocean_Anchors.jpg\",\"datePublished\":\"2017-08-14T21:35:53+00:00\",\"dateModified\":\"2026-04-17T03:36:19+00:00\",\"breadcrumb\":{\"@id\":\"https:\\\/\\\/www.onefive.cz\\\/peakdesign\\\/produkt\\\/cuff\\\/#breadcrumb\"},\"inLanguage\":\"cs\",\"potentialAction\":[{\"@type\":\"ReadAction\",\"target\":[\"https:\\\/\\\/www.onefive.cz\\\/peakdesign\\\/produkt\\\/cuff\\\/\"]}]},{\"@type\":\"ImageObject\",\"inLanguage\":\"cs\",\"@id\":\"https:\\\/\\\/www.onefive.cz\\\/peakdesign\\\/produkt\\\/cuff\\\/#primaryimage\",\"url\":\"https:\\\/\\\/www.onefive.cz\\\/peakdesign\\\/wp-content\\\/uploads\\\/2025\\\/08\\\/Cuff_TopDown_Ocean_Anchors.jpg\",\"contentUrl\":\"https:\\\/\\\/www.onefive.cz\\\/peakdesign\\\/wp-content\\\/uploads\\\/2025\\\/08\\\/Cuff_TopDown_Ocean_Anchors.jpg\",\"width\":1280,\"height\":1280},{\"@type\":\"BreadcrumbList\",\"@id\":\"https:\\\/\\\/www.onefive.cz\\\/peakdesign\\\/produkt\\\/cuff\\\/#breadcrumb\",\"itemListElement\":[{\"@type\":\"ListItem\",\"position\":1,\"name\":\"Dom\u016f\",\"item\":\"https:\\\/\\\/www.onefive.cz\\\/peakdesign\\\/\"},{\"@type\":\"ListItem\",\"position\":2,\"name\":\"Shop\",\"item\":\"https:\\\/\\\/www.onefive.cz\\\/peakdesign\\\/shop\\\/\"},{\"@type\":\"ListItem\",\"position\":3,\"name\":\"Cuff\"}]},{\"@type\":\"WebSite\",\"@id\":\"https:\\\/\\\/www.onefive.cz\\\/peakdesign\\\/#website\",\"url\":\"https:\\\/\\\/www.onefive.cz\\\/peakdesign\\\/\",\"name\":\"OneFive.cz - Prodejce Peak Design\",\"description\":\"Kryty a dr\u017e\u00e1ky pro telefony, cestovn\u00ed a everyday batohy a ta\u0161ky, organiz\u00e9ry a fotop\u0159\u00edslu\u0161enstv\u00ed. Ultim\u00e1tn\u00ed v\u00fdbava pro ty, kte\u0159\u00ed vy\u017eaduj\u00ed to nejlep\u0161\u00ed.\",\"potentialAction\":[{\"@type\":\"SearchAction\",\"target\":{\"@type\":\"EntryPoint\",\"urlTemplate\":\"https:\\\/\\\/www.onefive.cz\\\/peakdesign\\\/?s={search_term_string}\"},\"query-input\":{\"@type\":\"PropertyValueSpecification\",\"valueRequired\":true,\"valueName\":\"search_term_string\"}}],\"inLanguage\":\"cs\"}]}<\/script>\n<!-- \/ Yoast SEO plugin. -->","yoast_head_json":{"title":"Cuff - OneFive.cz - Prodejce Peak Design","robots":{"index":"index","follow":"follow","max-snippet":"max-snippet:-1","max-image-preview":"max-image-preview:large","max-video-preview":"max-video-preview:-1"},"canonical":"https:\/\/www.onefive.cz\/peakdesign\/produkt\/cuff\/","og_locale":"cs_CZ","og_type":"article","og_title":"Cuff - OneFive.cz - Prodejce Peak Design","og_description":"Ultralehk\u00fd rychloup\u00ednac\u00ed popruh na z\u00e1p\u011bst\u00ed.  Tot\u00e1ln\u00ed jistota v tom nejmen\u0161\u00edm balen\u00ed. Cuff je nejelegantn\u011bj\u0161\u00ed a nejnen\u00e1padn\u011bj\u0161\u00ed zp\u016fsob, jak chr\u00e1nit fotoapar\u00e1t p\u0159ed n\u00e1hodn\u00fdm p\u00e1dem. K fotoapar\u00e1tu, dalekohledu nebo jin\u00e9mu za\u0159\u00edzen\u00ed jej p\u0159ipoj\u00edte rychle a bezpe\u010dn\u011b pomoc\u00ed na\u0161eho jedine\u010dn\u00e9ho syst\u00e9mu kotvi\u010dek Anchor Link. Popruh lze na z\u00e1p\u011bst\u00ed zajistit v otev\u0159en\u00e9 poloze nebo pohodln\u011b ut\u00e1hnout kolem z\u00e1p\u011bst\u00ed pro v\u011bt\u0161\u00ed zabezpe\u010den\u00ed. Nov\u00e9 anodizovan\u00e9 duralov\u00e9 komponenty navrhnut\u00e9 pouze pro Cuff. Po odpojen\u00ed fotoapar\u00e1tu jej lze nosit jako n\u00e1ramek na z\u00e1p\u011bst\u00ed a m\u00edt ho tak doslova v\u017edy po ruce.","og_url":"https:\/\/www.onefive.cz\/peakdesign\/produkt\/cuff\/","og_site_name":"OneFive.cz - Prodejce Peak Design","article_modified_time":"2026-04-17T03:36:19+00:00","og_image":[{"width":1280,"height":1280,"url":"https:\/\/www.onefive.cz\/peakdesign\/wp-content\/uploads\/2025\/08\/Cuff_TopDown_Ocean_Anchors.jpg","type":"image\/jpeg"}],"twitter_card":"summary_large_image","twitter_misc":{"Odhadovan\u00e1 doba \u010dten\u00ed":"3 minuty"},"schema":{"@context":"https:\/\/schema.org","@graph":[{"@type":"WebPage","@id":"https:\/\/www.onefive.cz\/peakdesign\/produkt\/cuff\/","url":"https:\/\/www.onefive.cz\/peakdesign\/produkt\/cuff\/","name":"Cuff - OneFive.cz - Prodejce Peak Design","isPartOf":{"@id":"https:\/\/www.onefive.cz\/peakdesign\/#website"},"primaryImageOfPage":{"@id":"https:\/\/www.onefive.cz\/peakdesign\/produkt\/cuff\/#primaryimage"},"image":{"@id":"https:\/\/www.onefive.cz\/peakdesign\/produkt\/cuff\/#primaryimage"},"thumbnailUrl":"https:\/\/www.onefive.cz\/peakdesign\/wp-content\/uploads\/2025\/08\/Cuff_TopDown_Ocean_Anchors.jpg","datePublished":"2017-08-14T21:35:53+00:00","dateModified":"2026-04-17T03:36:19+00:00","breadcrumb":{"@id":"https:\/\/www.onefive.cz\/peakdesign\/produkt\/cuff\/#breadcrumb"},"inLanguage":"cs","potentialAction":[{"@type":"ReadAction","target":["https:\/\/www.onefive.cz\/peakdesign\/produkt\/cuff\/"]}]},{"@type":"ImageObject","inLanguage":"cs","@id":"https:\/\/www.onefive.cz\/peakdesign\/produkt\/cuff\/#primaryimage","url":"https:\/\/www.onefive.cz\/peakdesign\/wp-content\/uploads\/2025\/08\/Cuff_TopDown_Ocean_Anchors.jpg","contentUrl":"https:\/\/www.onefive.cz\/peakdesign\/wp-content\/uploads\/2025\/08\/Cuff_TopDown_Ocean_Anchors.jpg","width":1280,"height":1280},{"@type":"BreadcrumbList","@id":"https:\/\/www.onefive.cz\/peakdesign\/produkt\/cuff\/#breadcrumb","itemListElement":[{"@type":"ListItem","position":1,"name":"Dom\u016f","item":"https:\/\/www.onefive.cz\/peakdesign\/"},{"@type":"ListItem","position":2,"name":"Shop","item":"https:\/\/www.onefive.cz\/peakdesign\/shop\/"},{"@type":"ListItem","position":3,"name":"Cuff"}]},{"@type":"WebSite","@id":"https:\/\/www.onefive.cz\/peakdesign\/#website","url":"https:\/\/www.onefive.cz\/peakdesign\/","name":"OneFive.cz - Prodejce Peak Design","description":"Kryty a dr\u017e\u00e1ky pro telefony, cestovn\u00ed a everyday batohy a ta\u0161ky, organiz\u00e9ry a fotop\u0159\u00edslu\u0161enstv\u00ed. Ultim\u00e1tn\u00ed v\u00fdbava pro ty, kte\u0159\u00ed vy\u017eaduj\u00ed to nejlep\u0161\u00ed.","potentialAction":[{"@type":"SearchAction","target":{"@type":"EntryPoint","urlTemplate":"https:\/\/www.onefive.cz\/peakdesign\/?s={search_term_string}"},"query-input":{"@type":"PropertyValueSpecification","valueRequired":true,"valueName":"search_term_string"}}],"inLanguage":"cs"}]}},"_links":{"self":[{"href":"https:\/\/www.onefive.cz\/peakdesign\/wp-json\/wp\/v2\/product\/2452","targetHints":{"allow":["GET"]}}],"collection":[{"href":"https:\/\/www.onefive.cz\/peakdesign\/wp-json\/wp\/v2\/product"}],"about":[{"href":"https:\/\/www.onefive.cz\/peakdesign\/wp-json\/wp\/v2\/types\/product"}],"wp:featuredmedia":[{"embeddable":true,"href":"https:\/\/www.onefive.cz\/peakdesign\/wp-json\/wp\/v2\/media\/126304"}],"wp:attachment":[{"href":"https:\/\/www.onefive.cz\/peakdesign\/wp-json\/wp\/v2\/media?parent=2452"}],"wp:term":[{"taxonomy":"product_brand","embeddable":true,"href":"https:\/\/www.onefive.cz\/peakdesign\/wp-json\/wp\/v2\/product_brand?post=2452"},{"taxonomy":"product_cat","embeddable":true,"href":"https:\/\/www.onefive.cz\/peakdesign\/wp-json\/wp\/v2\/product_cat?post=2452"},{"taxonomy":"product_tag","embeddable":true,"href":"https:\/\/www.onefive.cz\/peakdesign\/wp-json\/wp\/v2\/product_tag?post=2452"}],"curies":[{"name":"wp","href":"https:\/\/api.w.org\/{rel}","templated":true}]}}