{"id":33022,"date":"2019-11-22T18:00:33","date_gmt":"2019-11-22T17:00:33","guid":{"rendered":"https:\/\/www.peakdesign.cz\/?post_type=product&#038;p=33022"},"modified":"2026-05-02T11:02:32","modified_gmt":"2026-05-02T09:02:32","slug":"everyday-totepack","status":"publish","type":"product","link":"https:\/\/www.onefive.cz\/peakdesign\/produkt\/everyday-totepack\/","title":{"rendered":"Everyday Totepack"},"content":{"rendered":"<div class='content-column one_half'><h2>Hlavn\u00ed rysy<\/h2>\n<p><strong>ZAVAZADLO PRO KA\u017dD\u00dd DEN, BEZ KOMPROMIS\u016e<\/strong><\/p>\n<ul style=\"padding-left: 15px;\">\n<li><strong>Pro ka\u017ed\u00fd den nebo foto techniku<\/strong>: Everyday Totepack je ide\u00e1ln\u00ed zavazadlo pro denn\u00ed cesty do pr\u00e1ce, cestovatele, fotografy a v\u0161echno mezi t\u00edm.<\/li>\n<li><strong>Perfektn\u00ed uspo\u0159\u00e1d\u00e1n\u00ed<\/strong>: Zcela nov\u00fd unik\u00e1tn\u00ed syst\u00e9m p\u0159ep\u00e1\u017eek zaru\u010d\u00ed perfektn\u00ed uspo\u0159\u00e1d\u00e1n\u00ed, ochranu a dosa\u017eitelnost v\u0161ech p\u0159en\u00e1\u0161en\u00fdch v\u011bc\u00ed - tedy ne v jednom chumlu na dn\u011b batohu.<\/li>\n<\/ul>\n<p><strong>POHODL\u00cd A VARIABILITA NO\u0160EN\u00cd<\/strong><\/p>\n<ul style=\"padding-left: 15px;\">\n<li><strong>Polstrovan\u00e9 ramenn\u00ed popruhy<\/strong>: Odejmuteln\u00e9 polstrovan\u00e9 ramenn\u00ed popruhy pro no\u0161en\u00ed jako batoh.<\/li>\n<li><strong>Praktick\u00e9 popruhy do ruky<\/strong>: Polstrovan\u00e9 popruhy pro no\u0161en\u00ed v ruce s vestav\u011bn\u00fdmi magnety dr\u017e\u00ed po uvoln\u011bn\u00ed u sebe.<\/li>\n<\/ul>\n<p><strong>INTELIGENTN\u00cd VNIT\u0158N\u00cd USPO\u0158\u00c1D\u00c1N\u00cd<\/strong><\/p>\n<ul style=\"padding-left: 15px;\">\n<li><strong>P\u0159ep\u00e1\u017eky Flex-Fold\u2122<\/strong>: 2 konfigurovateln\u00e9 p\u0159ep\u00e1\u017eky FlexFold inspirovan\u00e9 origami nab\u00edz\u00ed nekone\u010dn\u011b mo\u017enost\u00ed nastaven\u00ed a rozd\u011blen\u00ed vnit\u0159n\u00edho prostoru a uspo\u0159\u00e1d\u00e1n\u00ed a ochranu v\u00fdbavy.<\/li>\n<li><strong>P\u0159ep\u00e1\u017eky pro notebook a tablet<\/strong>: Vyhrazen\u00e1 polstrovan\u00e1 kapsa pro a\u017e 15\u201d notebook Max. rozm\u011bry notebooku naleznete ve Specifikaci.<\/li>\n<li><strong>Pojistka na kl\u00ed\u010de<\/strong>: Integrovan\u00fd \u00favazek s p\u0159ipojenou spojkou Peak Design Anchor Links, pro p\u0159ipojen\u00ed kotvi\u010dek Anchor a rychl\u00e9mu a bezpe\u010dn\u00e9mu p\u0159ipojen\u00ed kl\u00ed\u010d\u016f, vstupn\u00edch pas\u016f atd.<\/li>\n<\/ul>\n<p><strong>POZORUHODN\u00c1 ROZ\u0160I\u0158ITELNOST<\/strong><\/p>\n<ul style=\"padding-left: 15px;\">\n<li><strong>Zv\u011bt\u0161en\u00ed kapacity<\/strong>: Vrchn\u00ed Roll-top zav\u00edr\u00e1n\u00ed nab\u00edz\u00ed roz\u0161\u00ed\u0159en\u00ed kapacity o dal\u0161\u00edch 5l na celkov\u00fdch 25l.<\/li>\n<li><strong>Revolu\u010dn\u00ed p\u0159ipevn\u011bn\u00ed vn\u011b batohu<\/strong>: 2 konfigurovateln\u00e9 stahovac\u00ed p\u00e1sky se syst\u00e9mem h\u00e1\u010dk\u016f Cord Hook pro jednoduch\u00e9 p\u0159ipevn\u011bn\u00ed objemn\u00fdch a t\u011b\u017ek\u00fdch p\u0159edm\u011bt\u016f vn\u011b batohu. Pokud nejsou pou\u017e\u00edv\u00e1ny, lze p\u00e1sky odejmou a zabr\u00e1nit tak voln\u011b se houpaj\u00edc\u00edm konc\u016fm.<\/li>\n<\/ul>\n<p><strong>P\u0158IPRAVENO PRO CESTOV\u00c1N\u00cd<\/strong><\/p>\n<ul style=\"padding-left: 15px;\">\n<li><strong>Schv\u00e1len\u00e9 kabinov\u00e9 zavazadlo<\/strong>: Rozm\u011bry kabinov\u00e9ho zavazadla.<\/li>\n<\/ul>\n<p><strong>BEZKONKUREN\u010cN\u00cd P\u0158\u00cdSTUP K OBSAHU<\/strong><\/p>\n<ul style=\"padding-left: 15px;\">\n<li><strong>Rychl\u00fd a pohodln\u00fd p\u0159\u00edstup<\/strong>: \u0160irok\u00fd horn\u00ed p\u0159\u00edstup s magnetick\u00fdm zav\u00edrac\u00edm prou\u017ekem<\/li>\n<li><strong>Bezpe\u010dn\u00e9 uzav\u0159en\u00ed<\/strong>: Zip odoln\u00fd vliv\u016fm po\u010das\u00ed pro bezpe\u010dn\u011bj\u0161\u00ed zav\u0159en\u00ed horn\u00edho p\u0159\u00edstupu.<\/li>\n<\/ul>\n<p><strong>OCHRANA V PRVN\u00cd \u0158AD\u011a<\/strong><\/p>\n<ul style=\"padding-left: 15px;\">\n<li><strong>Vod\u011b odoln\u00fd povrch<\/strong>: Vliv\u016fm po\u010das\u00ed odoln\u00e1, vodoodpudiv\u00e1 a 100% recyklovan\u00e1 tkanina 400D s DWR impregnac\u00ed, dvojit\u00fdm PU (polyuretanov\u00fdm) potahem a Bluesign\u00ae certifikac\u00ed (v\u0161echny barvy krom\u011b \u010dern\u00e9). Vodot\u011bsn\u00e1 spodn\u00ed vlo\u017eka z tkaniny 900D.<\/li>\n<li><strong>Dokonal\u00e9 zipy<\/strong>: Po\u010das\u00ed odoln\u00e9 vn\u011bj\u0161\u00ed zipy UltraZip s vl\u00e1knem odoln\u00fdm proti od\u011bru p\u0159ipraven\u00e9 pro des\u00edtky let pou\u017e\u00edv\u00e1n\u00ed. Zipy maj\u00ed tah\u00e1\u010dky s ochranou proti rychl\u00e9mu otev\u0159en\u00ed.<\/li>\n<li><strong>Pr\u00e9miov\u00e9 materi\u00e1ly a konstrukce<\/strong>: M\u011bkk\u00fd a odoln\u00fd vnit\u0159ek \u0161ed\u00e9 barvy (pro dobr\u00fd p\u0159ehled a viditelnost), nylon a poly kepr. Na zak\u00e1zku vyroben\u00e9 anodizovan\u00e9 duralov\u00e9 komponenty.<\/li>\n<\/ul><\/div>\n<div class='content-column one_half last_column'><h2>Video<\/h2>\n<p><iframe loading=\"lazy\" title=\"Everyday Totepack - A backpack with the soul of a tote\" width=\"500\" height=\"281\" src=\"https:\/\/www.youtube.com\/embed\/3bwXadGv8n4?feature=oembed&enablejsapi=1&origin=https:\/\/www.onefive.cz\" frameborder=\"0\" allow=\"accelerometer; autoplay; clipboard-write; encrypted-media; gyroscope; picture-in-picture; web-share\" referrerpolicy=\"strict-origin-when-cross-origin\" allowfullscreen><\/iframe><\/p>\n<p><strong style=\"color: #ef3b24;\">ROZD\u00cdLY OPROTI <a href=\"https:\/\/www.onefive.cz\/peakdesign\/produkt\/everyday-tote\/\">EVERYDATY TOTE<\/a><\/strong><\/p>\n<ul style=\"padding-left: 15px; padding-bottom: 15px;\">\n<li>Rychl\u00fd p\u0159\u00edstup z obou stran<\/li>\n<li>Ramenn\u00ed popruhy pro no\u0161en\u00ed jako batoh<\/li>\n<li>Bez ramenn\u00edho popruhu pro no\u0161en\u00ed na jednom rameni<\/li>\n<li>O 5l v\u011bt\u0161\u00ed objem<\/li>\n<li>Pojme 15\u201d notebook (oproti 13\u201d u Tote)<\/li>\n<li>Bez mo\u017enosti p\u0159ipevn\u011bn\u00ed na v\u011bt\u0161\u00ed zavazadla<\/li>\n<li>M\u00e9n\u011b mal\u00fdch kapes na drobnosti (1 vn\u011bj\u0161\u00ed, 0 vnit\u0159n\u00ed)<\/li>\n<\/ul>\n<h2>Specifikace<\/h2>\n<p><strong>EVERYDAY TOTEPACK 20L<\/strong><\/p>\n<ul style=\"padding-left: 15px;\">\n<li><strong>Kapacita<\/strong>: min 20l, max 25l<\/li>\n<li><strong>Max rozm\u011bry notebooku<\/strong>: 15\": 38.1cm x 25.4cm x 2.5cm<\/li>\n<li><strong>Max rozm\u011bry tabletu<\/strong>: iPad Pro: 30.6cm x 22.1cm x .7 cm<\/li>\n<li><strong>Vn\u011bj\u0161\u00ed rozm\u011bry<\/strong>: 46cm x 38cm x 17cm<\/li>\n<li><strong>Vnit\u0159n\u00ed rozm\u011bry<\/strong>: 38cm x 32cm x 15cm<\/li>\n<li><strong>Hmotnost (bez p\u0159ep\u00e1\u017eek)<\/strong>: 1.05<\/li>\n<li><strong>Hmotnost (s p\u0159ep\u00e1\u017ekami)<\/strong>: 1.25kg<\/li>\n<\/ul>\n<p><strong>DAL\u0160\u00cd SPECIFIKACE<\/strong><\/p>\n<ul style=\"padding-left: 15px; padding-bottom: 15px;\">\n<li><strong>Materi\u00e1ly<\/strong>: Vn\u011bj\u0161\u00ed: Tkanina 400D s DWR impregnac\u00ed, dvojit\u00fdm PU (polyuretanov\u00fdm) potahem, 100% recyklovan\u00e1 (PCR - post-consumer recycled), Bluesign\u00ae certifikace (pouze Bone). Tkanina 900D - vodot\u011bsn\u00e1 spodn\u00ed vlo\u017eka. Vnit\u0159n\u00ed: nylon a poly kepr, Bluesign\u00ae certifikace. P\u0159ezky z anodizovan\u00e9 slitiny hlin\u00edku a skeln\u00fdmi vl\u00e1kny zes\u00edlen\u00e9ho nylonu. Super odoln\u00e9 UltraZips s materi\u00e1lem UHMW. Estetick\u00e9 dopl\u0148ky z k\u016f\u017ee (Bone) nebo Hypalonu (Black).<\/li>\n<li><strong>Z\u00e1ruka<\/strong>: Do\u017eivotn\u00ed<\/li>\n<\/ul>\n<h2>Obsah balen\u00ed<\/h2>\n<p><img decoding=\"async\" class=\"alignnone size-full\" src=\"https:\/\/www.peakdesign.cz\/wp-content\/uploads\/2019\/11\/WITB-V2-Totepack-Black.jpg\" alt=\"\" width=\"450\" \/><\/p>\n<ul style=\"padding-left: 15px; padding-bottom: 15px;\">\n<li>1. Bra\u0161na Everyday Totepack<\/li>\n<li>2. 2 p\u0159ep\u00e1\u017eky Flex-Fold<\/li>\n<li>3. poj\u00edtko na kl\u00ed\u010de<\/li>\n<li>4. 2 vn\u011bj\u0161\u00ed stahovac\u00ed popruhy<\/li>\n<\/ul><\/div><div class='clear_column'><\/div>\n","protected":false},"excerpt":{"rendered":"<p>Elegantn\u00ed kombinace mezi ta\u0161kou a batohem nabit\u00e1 funkcemi pro ka\u017ed\u00fd den i foto v\u00fdbavu.<\/p>\n<p>Elegantn\u00ed vzhled ta\u0161ky s prakti\u010dnost\u00ed a pohodln\u00fdm no\u0161en\u00edm batohu - Everyday Totepack je ide\u00e1ln\u00edm zavazadlem pro ka\u017edodenn\u00ed v\u00fdbavu nebo foto techniku. Polstrovan\u00e9 ramenn\u00ed popruhy lze rychle skr\u00fdt a pou\u017e\u00edt robustn\u00ed polstrovan\u00e9 ru\u010dn\u00ed popruhy. Velmi jednoduch\u00e9 a rychl\u00e9 otev\u0159en\u00ed a zav\u0159en\u00ed ta\u0161ky d\u00edky magnetick\u00e9mu zav\u00edrac\u00edmu prou\u017eku nebo zipu odoln\u00e9mu vliv\u016fm po\u010das\u00ed. Rychl\u00fd p\u0159\u00edstup k l\u00e1hvi, foto technice nebo dal\u0161\u00edm drobnostem z obou stran pomoc\u00ed dvojit\u00fdch zip\u016f. Uvnit\u0159 je v\u0161e perfektn\u011b uspo\u0159\u00e1d\u00e1no a chr\u00e1n\u011bno d\u00edky 2 unik\u00e1tn\u00edm rychle konfigurovateln\u00fdm p\u0159ep\u00e1\u017ek\u00e1m FlexFold. Elastick\u00e9 vnit\u0159n\u00ed kapsy na drobnosti a odd\u011blen\u00e1 p\u0159ep\u00e1\u017eka pro max. 15\u2033 notebook a tablet nebo dokumenty. [read more] Zvenku je v\u0161e chr\u00e1n\u011bno 100% recyklovanou a po\u010das\u00ed odol\u00e1vaj\u00edc\u00ed tkaninou 400D.<br \/>\nDal\u0161\u00ed p\u0159epravn\u00ed kapacita vn\u011b ta\u0161ky d\u00edky vn\u011bj\u0161\u00edm stahovac\u00edm popruh\u016fm. [\/read]<\/p>\n","protected":false},"featured_media":126667,"template":"","meta":[],"product_brand":[],"product_cat":[18],"product_tag":[],"class_list":{"0":"post-33022","1":"product","2":"type-product","3":"status-publish","4":"has-post-thumbnail","6":"product_cat-uncategorized","8":"first","9":"instock","10":"taxable","11":"shipping-taxable","12":"purchasable","13":"product-type-variable","14":"has-default-attributes"},"yoast_head":"<!-- This site is optimized with the Yoast SEO plugin v27.5 - https:\/\/yoast.com\/product\/yoast-seo-wordpress\/ -->\n<title>Everyday Totepack - OneFive.cz - Prodejce Peak Design<\/title>\n<meta name=\"description\" content=\"Everyday Totepack \u2013 Elegantn\u00ed kombinace mezi ta\u0161kou a batohem nabit\u00e1 funkcemi pro ka\u017ed\u00fd den i foto v\u00fdbavu.\" \/>\n<meta name=\"robots\" content=\"index, follow, max-snippet:-1, max-image-preview:large, max-video-preview:-1\" \/>\n<link rel=\"canonical\" href=\"https:\/\/www.onefive.cz\/peakdesign\/produkt\/everyday-totepack\/\" \/>\n<meta property=\"og:locale\" content=\"cs_CZ\" \/>\n<meta property=\"og:type\" content=\"article\" \/>\n<meta property=\"og:title\" content=\"Everyday Totepack - OneFive.cz - Prodejce Peak Design\" \/>\n<meta property=\"og:description\" content=\"Everyday Totepack \u2013 Elegantn\u00ed kombinace mezi ta\u0161kou a batohem nabit\u00e1 funkcemi pro ka\u017ed\u00fd den i foto v\u00fdbavu.\" \/>\n<meta property=\"og:url\" content=\"https:\/\/www.onefive.cz\/peakdesign\/produkt\/everyday-totepack\/\" \/>\n<meta property=\"og:site_name\" content=\"OneFive.cz - Prodejce Peak Design\" \/>\n<meta property=\"article:modified_time\" content=\"2026-05-02T09:02:32+00:00\" \/>\n<meta property=\"og:image\" content=\"https:\/\/www.onefive.cz\/peakdesign\/wp-content\/uploads\/2019\/11\/Totepack.jpg\" \/>\n\t<meta property=\"og:image:width\" content=\"1000\" \/>\n\t<meta property=\"og:image:height\" content=\"642\" \/>\n\t<meta property=\"og:image:type\" content=\"image\/jpeg\" \/>\n<meta name=\"twitter:card\" content=\"summary_large_image\" \/>\n<meta name=\"twitter:label1\" content=\"Odhadovan\u00e1 doba \u010dten\u00ed\" \/>\n\t<meta name=\"twitter:data1\" content=\"4 minuty\" \/>\n<script type=\"application\/ld+json\" class=\"yoast-schema-graph\">{\"@context\":\"https:\\\/\\\/schema.org\",\"@graph\":[{\"@type\":\"WebPage\",\"@id\":\"https:\\\/\\\/www.onefive.cz\\\/peakdesign\\\/produkt\\\/everyday-totepack\\\/\",\"url\":\"https:\\\/\\\/www.onefive.cz\\\/peakdesign\\\/produkt\\\/everyday-totepack\\\/\",\"name\":\"Everyday Totepack - OneFive.cz - Prodejce Peak Design\",\"isPartOf\":{\"@id\":\"https:\\\/\\\/www.onefive.cz\\\/peakdesign\\\/#website\"},\"primaryImageOfPage\":{\"@id\":\"https:\\\/\\\/www.onefive.cz\\\/peakdesign\\\/produkt\\\/everyday-totepack\\\/#primaryimage\"},\"image\":{\"@id\":\"https:\\\/\\\/www.onefive.cz\\\/peakdesign\\\/produkt\\\/everyday-totepack\\\/#primaryimage\"},\"thumbnailUrl\":\"https:\\\/\\\/www.onefive.cz\\\/peakdesign\\\/wp-content\\\/uploads\\\/2019\\\/11\\\/totebageveryday-1.png\",\"datePublished\":\"2019-11-22T17:00:33+00:00\",\"dateModified\":\"2026-05-02T09:02:32+00:00\",\"description\":\"Everyday Totepack \u2013 Elegantn\u00ed kombinace mezi ta\u0161kou a batohem nabit\u00e1 funkcemi pro ka\u017ed\u00fd den i foto v\u00fdbavu.\",\"breadcrumb\":{\"@id\":\"https:\\\/\\\/www.onefive.cz\\\/peakdesign\\\/produkt\\\/everyday-totepack\\\/#breadcrumb\"},\"inLanguage\":\"cs\",\"potentialAction\":[{\"@type\":\"ReadAction\",\"target\":[\"https:\\\/\\\/www.onefive.cz\\\/peakdesign\\\/produkt\\\/everyday-totepack\\\/\"]}]},{\"@type\":\"ImageObject\",\"inLanguage\":\"cs\",\"@id\":\"https:\\\/\\\/www.onefive.cz\\\/peakdesign\\\/produkt\\\/everyday-totepack\\\/#primaryimage\",\"url\":\"https:\\\/\\\/www.onefive.cz\\\/peakdesign\\\/wp-content\\\/uploads\\\/2019\\\/11\\\/totebageveryday-1.png\",\"contentUrl\":\"https:\\\/\\\/www.onefive.cz\\\/peakdesign\\\/wp-content\\\/uploads\\\/2019\\\/11\\\/totebageveryday-1.png\",\"width\":960,\"height\":960},{\"@type\":\"BreadcrumbList\",\"@id\":\"https:\\\/\\\/www.onefive.cz\\\/peakdesign\\\/produkt\\\/everyday-totepack\\\/#breadcrumb\",\"itemListElement\":[{\"@type\":\"ListItem\",\"position\":1,\"name\":\"Dom\u016f\",\"item\":\"https:\\\/\\\/www.onefive.cz\\\/peakdesign\\\/\"},{\"@type\":\"ListItem\",\"position\":2,\"name\":\"Shop\",\"item\":\"https:\\\/\\\/www.onefive.cz\\\/peakdesign\\\/shop\\\/\"},{\"@type\":\"ListItem\",\"position\":3,\"name\":\"Everyday Totepack\"}]},{\"@type\":\"WebSite\",\"@id\":\"https:\\\/\\\/www.onefive.cz\\\/peakdesign\\\/#website\",\"url\":\"https:\\\/\\\/www.onefive.cz\\\/peakdesign\\\/\",\"name\":\"OneFive.cz - Prodejce Peak Design\",\"description\":\"Kryty a dr\u017e\u00e1ky pro telefony, cestovn\u00ed a everyday batohy a ta\u0161ky, organiz\u00e9ry a fotop\u0159\u00edslu\u0161enstv\u00ed. Ultim\u00e1tn\u00ed v\u00fdbava pro ty, kte\u0159\u00ed vy\u017eaduj\u00ed to nejlep\u0161\u00ed.\",\"potentialAction\":[{\"@type\":\"SearchAction\",\"target\":{\"@type\":\"EntryPoint\",\"urlTemplate\":\"https:\\\/\\\/www.onefive.cz\\\/peakdesign\\\/?s={search_term_string}\"},\"query-input\":{\"@type\":\"PropertyValueSpecification\",\"valueRequired\":true,\"valueName\":\"search_term_string\"}}],\"inLanguage\":\"cs\"}]}<\/script>\n<!-- \/ Yoast SEO plugin. -->","yoast_head_json":{"title":"Everyday Totepack - OneFive.cz - Prodejce Peak Design","description":"Everyday Totepack \u2013 Elegantn\u00ed kombinace mezi ta\u0161kou a batohem nabit\u00e1 funkcemi pro ka\u017ed\u00fd den i foto v\u00fdbavu.","robots":{"index":"index","follow":"follow","max-snippet":"max-snippet:-1","max-image-preview":"max-image-preview:large","max-video-preview":"max-video-preview:-1"},"canonical":"https:\/\/www.onefive.cz\/peakdesign\/produkt\/everyday-totepack\/","og_locale":"cs_CZ","og_type":"article","og_title":"Everyday Totepack - OneFive.cz - Prodejce Peak Design","og_description":"Everyday Totepack \u2013 Elegantn\u00ed kombinace mezi ta\u0161kou a batohem nabit\u00e1 funkcemi pro ka\u017ed\u00fd den i foto v\u00fdbavu.","og_url":"https:\/\/www.onefive.cz\/peakdesign\/produkt\/everyday-totepack\/","og_site_name":"OneFive.cz - Prodejce Peak Design","article_modified_time":"2026-05-02T09:02:32+00:00","og_image":[{"width":1000,"height":642,"url":"https:\/\/www.onefive.cz\/peakdesign\/wp-content\/uploads\/2019\/11\/Totepack.jpg","type":"image\/jpeg"}],"twitter_card":"summary_large_image","twitter_misc":{"Odhadovan\u00e1 doba \u010dten\u00ed":"4 minuty"},"schema":{"@context":"https:\/\/schema.org","@graph":[{"@type":"WebPage","@id":"https:\/\/www.onefive.cz\/peakdesign\/produkt\/everyday-totepack\/","url":"https:\/\/www.onefive.cz\/peakdesign\/produkt\/everyday-totepack\/","name":"Everyday Totepack - OneFive.cz - Prodejce Peak Design","isPartOf":{"@id":"https:\/\/www.onefive.cz\/peakdesign\/#website"},"primaryImageOfPage":{"@id":"https:\/\/www.onefive.cz\/peakdesign\/produkt\/everyday-totepack\/#primaryimage"},"image":{"@id":"https:\/\/www.onefive.cz\/peakdesign\/produkt\/everyday-totepack\/#primaryimage"},"thumbnailUrl":"https:\/\/www.onefive.cz\/peakdesign\/wp-content\/uploads\/2019\/11\/totebageveryday-1.png","datePublished":"2019-11-22T17:00:33+00:00","dateModified":"2026-05-02T09:02:32+00:00","description":"Everyday Totepack \u2013 Elegantn\u00ed kombinace mezi ta\u0161kou a batohem nabit\u00e1 funkcemi pro ka\u017ed\u00fd den i foto v\u00fdbavu.","breadcrumb":{"@id":"https:\/\/www.onefive.cz\/peakdesign\/produkt\/everyday-totepack\/#breadcrumb"},"inLanguage":"cs","potentialAction":[{"@type":"ReadAction","target":["https:\/\/www.onefive.cz\/peakdesign\/produkt\/everyday-totepack\/"]}]},{"@type":"ImageObject","inLanguage":"cs","@id":"https:\/\/www.onefive.cz\/peakdesign\/produkt\/everyday-totepack\/#primaryimage","url":"https:\/\/www.onefive.cz\/peakdesign\/wp-content\/uploads\/2019\/11\/totebageveryday-1.png","contentUrl":"https:\/\/www.onefive.cz\/peakdesign\/wp-content\/uploads\/2019\/11\/totebageveryday-1.png","width":960,"height":960},{"@type":"BreadcrumbList","@id":"https:\/\/www.onefive.cz\/peakdesign\/produkt\/everyday-totepack\/#breadcrumb","itemListElement":[{"@type":"ListItem","position":1,"name":"Dom\u016f","item":"https:\/\/www.onefive.cz\/peakdesign\/"},{"@type":"ListItem","position":2,"name":"Shop","item":"https:\/\/www.onefive.cz\/peakdesign\/shop\/"},{"@type":"ListItem","position":3,"name":"Everyday Totepack"}]},{"@type":"WebSite","@id":"https:\/\/www.onefive.cz\/peakdesign\/#website","url":"https:\/\/www.onefive.cz\/peakdesign\/","name":"OneFive.cz - Prodejce Peak Design","description":"Kryty a dr\u017e\u00e1ky pro telefony, cestovn\u00ed a everyday batohy a ta\u0161ky, organiz\u00e9ry a fotop\u0159\u00edslu\u0161enstv\u00ed. Ultim\u00e1tn\u00ed v\u00fdbava pro ty, kte\u0159\u00ed vy\u017eaduj\u00ed to nejlep\u0161\u00ed.","potentialAction":[{"@type":"SearchAction","target":{"@type":"EntryPoint","urlTemplate":"https:\/\/www.onefive.cz\/peakdesign\/?s={search_term_string}"},"query-input":{"@type":"PropertyValueSpecification","valueRequired":true,"valueName":"search_term_string"}}],"inLanguage":"cs"}]}},"_links":{"self":[{"href":"https:\/\/www.onefive.cz\/peakdesign\/wp-json\/wp\/v2\/product\/33022","targetHints":{"allow":["GET"]}}],"collection":[{"href":"https:\/\/www.onefive.cz\/peakdesign\/wp-json\/wp\/v2\/product"}],"about":[{"href":"https:\/\/www.onefive.cz\/peakdesign\/wp-json\/wp\/v2\/types\/product"}],"wp:featuredmedia":[{"embeddable":true,"href":"https:\/\/www.onefive.cz\/peakdesign\/wp-json\/wp\/v2\/media\/126667"}],"wp:attachment":[{"href":"https:\/\/www.onefive.cz\/peakdesign\/wp-json\/wp\/v2\/media?parent=33022"}],"wp:term":[{"taxonomy":"product_brand","embeddable":true,"href":"https:\/\/www.onefive.cz\/peakdesign\/wp-json\/wp\/v2\/product_brand?post=33022"},{"taxonomy":"product_cat","embeddable":true,"href":"https:\/\/www.onefive.cz\/peakdesign\/wp-json\/wp\/v2\/product_cat?post=33022"},{"taxonomy":"product_tag","embeddable":true,"href":"https:\/\/www.onefive.cz\/peakdesign\/wp-json\/wp\/v2\/product_tag?post=33022"}],"curies":[{"name":"wp","href":"https:\/\/api.w.org\/{rel}","templated":true}]}}