{"id":3892,"date":"2022-02-07T00:30:36","date_gmt":"2022-02-06T23:30:36","guid":{"rendered":"https:\/\/www.peakdesign.cz\/?post_type=product&#038;p=3892"},"modified":"2026-04-17T07:36:25","modified_gmt":"2026-04-17T05:36:25","slug":"travel-duffelpack-65l","status":"publish","type":"product","link":"https:\/\/www.onefive.cz\/peakdesign\/produkt\/travel-duffelpack-65l\/","title":{"rendered":"Travel Duffelpack 65L"},"content":{"rendered":"<div style=\"padding-bottom: 15px;\"><\/div>\n<div class='content-column one_half'><h2>Hlavn\u00ed rysy - Travel Duffelpack 65L<\/h2>\n<p><strong>REVOLU\u010cN\u00cd DESIGN<\/strong><\/p>\n<ul style=\"padding-left: 15px; padding-bottom: 15px;\">\n<li>Na\u0161\u00edm c\u00edlem bylo nab\u00eddnout maxim\u00e1ln\u00ed prostor pro p\u0159epravu p\u0159i zachov\u00e1n\u00ed maxim\u00e1ln\u00edho komfortu no\u0161en\u00ed. V\u00fdsledkem je mo\u017enost zv\u011bt\u0161en\u00ed kapacity o 20L a plnohodnotn\u00e9 komfortn\u00ed ramenn\u00ed a bedern\u00ed popruhy.<\/li>\n<\/ul>\n<p><strong>EXTRA M\u00cdSTO<\/strong><\/p>\n<ul style=\"padding-left: 15px; padding-bottom: 15px;\">\n<li>2 vn\u011bj\u0161\u00ed a 2 vnit\u0159n\u00ed kapsy pro lep\u0161\u00ed uspo\u0159\u00e1d\u00e1n\u00ed.<\/li>\n<li>Skryt\u00e9 stahovac\u00ed p\u00e1sky pro jednoduch\u00e9 p\u0159ipevn\u011bn\u00ed p\u0159edm\u011bt\u016f vn\u011b batohu.<\/li>\n<\/ul>\n<p><strong>KOMFORTN\u00cd POPRUHY<\/strong><\/p>\n<ul style=\"padding-left: 15px; padding-bottom: 15px;\">\n<li>Ve sv\u00e9 t\u0159\u00edd\u011b nejlep\u0161\u00ed ergonomick\u00e9 polstrovan\u00e9 ramenn\u00ed (jako u batohu) a bedern\u00ed popruhy i pro tu nejv\u011bt\u0161\u00ed z\u00e1t\u011b\u017e. Hrudn\u00ed popruh vlastn\u00ed kostrukce. Ukryt\u00ed ramenn\u00edch a bedern\u00edch popruh\u016f pomoc\u00ed magnet\u016f.<\/li>\n<\/ul>\n<p><strong>PERFEKTN\u00cd P\u0158\u00cdSTUP<\/strong><\/p>\n<ul style=\"padding-left: 15px; padding-bottom: 15px;\">\n<li>Prodlou\u017een\u00fd hlavn\u00ed zip nab\u00edz\u00ed v\u00fdrazn\u011b \u0161ir\u0161\u00ed otvor ne\u017e tradi\u010dn\u00ed duffely a snadn\u011bj\u0161\u00ed a p\u0159ehledn\u011bj\u0161\u00ed p\u0159\u00edstup do vnit\u0159n\u00edho prostoru.<\/li>\n<\/ul>\n<p><strong>ZV\u011aT\u0160EN\u00cd A ZMEN\u0160EN\u00cd<\/strong><\/p>\n<ul style=\"padding-left: 15px; padding-bottom: 15px;\">\n<li>Obrovsk\u00e9 zv\u011bt\u0161en\u00ed kapacity o 20L pomoc\u00ed expanzn\u00edch zip\u016f (45L min na 65L max).<\/li>\n<\/ul>\n<p><strong>OCHRANA<\/strong><\/p>\n<ul style=\"padding-left: 15px; padding-bottom: 15px;\">\n<li>Vliv\u016fm po\u010das\u00ed odoln\u00e1 100% recyklovan\u00e1 nylonov\u00e1 tkanina 600D, sv\u011btle \u0161ed\u00fd vnit\u0159ek pro lep\u0161\u00ed p\u0159ehlednost.<\/li>\n<li>Masivn\u00ed (#10) vliv\u016fm po\u010das\u00ed odoln\u00fd zip. Hlavn\u00ed i bo\u010dn\u00ed zipy maj\u00ed mo\u017enost uzam\u010den\u00ed, kter\u00e9 zabr\u00e1n\u00ed rychl\u00e9mu otev\u0159en\u00ed.<\/li>\n<\/ul>\n<p><strong>KOMPATIBILITA<\/strong><\/p>\n<ul style=\"padding-left: 15px; padding-bottom: 15px;\">\n<li>Ramenn\u00ed i bedern\u00ed popruhy s upev\u0148ovac\u00edmi body pro dr\u017e\u00e1k <a href=\"https:\/\/www.onefive.cz\/peakdesign\/produkt\/capture\/\">Capture<\/a> (v prodeji zvl\u00e1\u0161\u0165).<\/li>\n<li>Dimenzov\u00e1no p\u0159esn\u011b pro organiz\u00e9ry Peak Design Packing Tools (<a href=\"https:\/\/www.onefive.cz\/peakdesign\/produkt\/packing-cube\/\">Packing Cube<\/a>, <a href=\"https:\/\/www.onefive.cz\/peakdesign\/produkt\/camera-cube\/\">Camera Cube<\/a>, <a href=\"https:\/\/www.onefive.cz\/peakdesign\/produkt\/tech-pouch\/\">Tech Pouch<\/a>, <a href=\"https:\/\/www.onefive.cz\/peakdesign\/produkt\/wash-pouch\/\">Wash Pouch<\/a>, <a href=\"https:\/\/www.onefive.cz\/peakdesign\/produkt\/shoe-pouch\/\">Shoe Pouch<\/a>), pojme \u010dty\u0159i objemov\u00e9 jednotky (v prodeji zvl\u00e1\u0161\u0165).<\/li>\n<\/ul>\n<p><strong>PRAKTICK\u00c1 DR\u017dADLA<\/strong><\/p>\n<ul style=\"padding-left: 15px; padding-bottom: 15px;\">\n<li>6 polstrovan\u00fdch rukojet\u00ed (po stran\u00e1ch, na horn\u00ed a doln\u00ed \u010d\u00e1sti a na popruz\u00edch) nab\u00edz\u00ed rychl\u00e9 a pohodln\u00e9 uchopen\u00ed.<\/li>\n<\/ul><\/div>\n<div class='content-column one_half last_column'><h2>Video<\/h2>\n<p><iframe loading=\"lazy\" title=\"Travel Duffelpack 65L - Feature-Packed Gear Hauler\" width=\"500\" height=\"281\" src=\"https:\/\/www.youtube.com\/embed\/Nmivqvgye9k?feature=oembed&enablejsapi=1&origin=https:\/\/www.onefive.cz\" frameborder=\"0\" allow=\"accelerometer; autoplay; clipboard-write; encrypted-media; gyroscope; picture-in-picture; web-share\" referrerpolicy=\"strict-origin-when-cross-origin\" allowfullscreen><\/iframe><\/p>\n<h2 style=\"padding-top: 15px;\">Specifikace<\/h2>\n<p><strong>TRAVEL DUFFELPACK 65L<\/strong><\/p>\n<ul style=\"padding-left: 15px; padding-bottom: 15px;\">\n<li><strong>Objednac\u00ed k\u00f3d<\/strong>: BTRDP-65-BK-1 (Black), BTRDP-65-SG-1 (Sage)<\/li>\n<li><strong>Hmotnost<\/strong>: 1.77kg<\/li>\n<li><strong>Objem<\/strong>: v\u00fdchoz\u00ed 45l, roz\u0161\u00ed\u0159en\u00fd 65l<\/li>\n<li><strong>Vn\u011bj\u0161\u00ed rozm\u011bry (v\u00fdchoz\u00ed)<\/strong>: 66cm x 38 cm x 30cm, obvod 110cm<\/li>\n<li><strong>Vn\u011bj\u0161\u00ed rozm\u011bry (roz\u0161\u00ed\u0159en\u00fd)<\/strong>: 66cm x 42 cm x 34cm, obvod 134cm<\/li>\n<\/ul>\n<p><strong>DAL\u0160\u00cd SPECIFIKACE<\/strong><\/p>\n<ul style=\"padding-left: 15px; padding-bottom: 15px;\">\n<li><strong>Materi\u00e1l<\/strong>: Vliv\u016fm po\u010das\u00ed odoln\u00e1 100% recyklovan\u00e1 nylonov\u00e1 tkanina 600D. Robustn\u00ed dno (900D Ottoman-weave Poly). Nylonov\u00e9 popruhy s Hypalonem. Detaily z k\u016f\u017ee NuBuck (pouze u barvy Sage). Vnit\u0159n\u00ed kapsy pota\u017een\u00e9 silikonem.<\/li>\n<li><strong>Z\u00e1ruka<\/strong>: Do\u017eivotn\u00ed<\/li>\n<\/ul>\n<h2>Obsah balen\u00ed<\/h2>\n<p><img decoding=\"async\" class=\"alignnone size-full\" src=\"https:\/\/www.peakdesign.cz\/wp-content\/uploads\/2018\/07\/65L-duffelpack.jpg\" alt=\"\" width=\"450\" \/><\/p>\n<ul style=\"padding-left: 15px; padding-bottom: 15px;\">\n<li>1. Travel Duffelpack 65L (\u010dern\u00e1, \u0161alv\u011bjov\u00e1)<\/li>\n<li>2. (nen\u00ed zobrazeno) 2 popruhy pro p\u0159ipevn\u011bn\u00ed v\u011bc\u00ed vn\u011b ta\u0161ky.<\/li>\n<\/ul><\/div><div class='clear_column'><\/div>\n","protected":false},"excerpt":{"rendered":"<p style=\"padding-top: 30px;\">Cestovn\u00ed ta\u0161ka (duffel bag) s obrovskou kapacitou, maximem pohodl\u00ed a roz\u0161i\u0159itelnou konstrukc\u00ed. S Travel Duffelpack 65L je v\u00e1m k dispozici opravdu hodn\u011b m\u00edsta, sou\u010dasn\u011b je v\u0161ak zachov\u00e1n komfort a v\u0161estrannost. Ergonomick\u00e9 polstrovan\u00e9 ramenn\u00ed (jako u batohu) a bedern\u00ed popruhy zaji\u0161\u0165uj\u00ed dostatek pohodl\u00ed i p\u0159i nejv\u011bt\u0161\u00edm zat\u00ed\u017een\u00ed a lze je rychle skr\u00fdt za magnety zaji\u0161t\u011bnou z\u00e1dovou \u010d\u00e1st. Pevn\u00e1 bo\u010dn\u00ed dr\u017eadla pro rychl\u00e9 uchopen\u00ed a dal\u0161\u00ed zp\u016fsob nesen\u00ed. Pomoc\u00ed expanzn\u00edch zip\u016f lze kapacitu zv\u011bt\u0161it o cel\u00fdch 20L (z minim\u00e1ln\u00edch 45L na maxim\u00e1ln\u00edch 65L). Vliv\u016fm po\u010das\u00ed odoln\u00e1 100% recyklovan\u00e1 nylonov\u00e1 tkanina s vnit\u0159n\u00edm polstrov\u00e1n\u00edm nab\u00edz\u00ed vynikaj\u00edc\u00ed ochranu a dr\u017e\u00ed tvar ta\u0161ky pro snadn\u00fd p\u0159\u00edstup dovnit\u0159. Velmi komfortn\u00ed p\u0159\u00edstup a v\u00fdborn\u00fd p\u0159ehled vnit\u0159n\u00edho prostoru d\u00edky dlouh\u00e9mu masivn\u00edmu (#10) vliv\u016fm po\u010das\u00ed odoln\u00e9mu zipu. Rozm\u011bry vnit\u0159n\u00edho prostoru (bez p\u0159ep\u00e1\u017eek) dimenzov\u00e1ny p\u0159esn\u011b pro organiz\u00e9ry Packing Tools (v prodeji zvl\u00e1\u0161\u0165) pro lep\u0161\u00ed uspo\u0159\u00e1d\u00e1n\u00ed obsahu ta\u0161ky. K dispozici v \u010dern\u00e9 a \u0161alv\u011bjov\u011b zelen\u00e9 (black &amp; sage) barv\u011b.<\/p>\n<p>Packing Tools nab\u00edz\u00ed nekone\u010dn\u00e9 mo\u017enosti p\u0159izp\u016fsoben\u00ed, uspo\u0159\u00e1d\u00e1n\u00ed a ochranu oble\u010den\u00ed, obuvi, toaletn\u00edch pot\u0159eb, drobn\u00e9 techniky a foto\/video v\u00fdbavy. Jsou navr\u017eeny tak, aby perfektn\u011b sed\u011bly v cestovn\u00edch zavazadlech Peak Design a ka\u017ed\u00e1 z kostek nebo pouzder nab\u00edz\u00ed snadn\u00fd p\u0159\u00edstup, promy\u0161len\u00e9 uspo\u0159\u00e1d\u00e1n\u00ed, odoln\u00e9 materi\u00e1ly a jednotnou estetickou \u010distotu. Ka\u017ed\u00fd balic\u00ed prvek byl navr\u017een od sam\u00e9ho po\u010d\u00e1tku jako samostatn\u00fd produkt, kter\u00fd m\u00e1 svou kategorii posunout vp\u0159ed jedine\u010dn\u00fdm stylem, vlastnostmi a inovacemi.<\/p>\n","protected":false},"featured_media":126677,"template":"","meta":[],"product_brand":[],"product_cat":[18],"product_tag":[],"class_list":{"0":"post-3892","1":"product","2":"type-product","3":"status-publish","4":"has-post-thumbnail","6":"product_cat-uncategorized","8":"first","9":"instock","10":"sale","11":"taxable","12":"shipping-taxable","13":"purchasable","14":"product-type-variable","15":"has-default-attributes"},"yoast_head":"<!-- This site is optimized with the Yoast SEO plugin v27.4 - https:\/\/yoast.com\/product\/yoast-seo-wordpress\/ -->\n<title>Travel Duffelpack 65L - OneFive.cz - Prodejce Peak Design<\/title>\n<meta name=\"description\" content=\"Travel Duffelpack 65L - cestovn\u00ed ta\u0161ka (duffel bag) s obrovskou kapacitou, maximem pohodl\u00ed a roz\u0161i\u0159itelnou konstrukc\u00ed.\" \/>\n<meta name=\"robots\" content=\"index, follow, max-snippet:-1, max-image-preview:large, max-video-preview:-1\" \/>\n<link rel=\"canonical\" href=\"https:\/\/www.onefive.cz\/peakdesign\/produkt\/travel-duffelpack-65l\/\" \/>\n<meta property=\"og:locale\" content=\"cs_CZ\" \/>\n<meta property=\"og:type\" content=\"article\" \/>\n<meta property=\"og:title\" content=\"Travel Duffelpack 65L - Peak Design CZ\/SK\" \/>\n<meta property=\"og:description\" content=\"Travel Duffelpack 65L \u2013 cestovn\u00ed ta\u0161ka (duffel bag) s obrovskou kapacitou, maximem pohodl\u00ed a roz\u0161i\u0159itelnou konstrukc\u00ed.\" \/>\n<meta property=\"og:url\" content=\"https:\/\/www.onefive.cz\/peakdesign\/produkt\/travel-duffelpack-65l\/\" \/>\n<meta property=\"og:site_name\" content=\"OneFive.cz - Prodejce Peak Design\" \/>\n<meta property=\"article:modified_time\" content=\"2026-04-17T05:36:25+00:00\" \/>\n<meta property=\"og:image\" content=\"https:\/\/www.onefive.cz\/peakdesign\/wp-content\/uploads\/2018\/09\/travelduffelpack65l-fb-1.jpg\" \/>\n\t<meta property=\"og:image:width\" content=\"1200\" \/>\n\t<meta property=\"og:image:height\" content=\"628\" \/>\n\t<meta property=\"og:image:type\" content=\"image\/jpeg\" \/>\n<meta name=\"twitter:card\" content=\"summary_large_image\" \/>\n<meta name=\"twitter:label1\" content=\"Odhadovan\u00e1 doba \u010dten\u00ed\" \/>\n\t<meta name=\"twitter:data1\" content=\"3 minuty\" \/>\n<script type=\"application\/ld+json\" class=\"yoast-schema-graph\">{\"@context\":\"https:\\\/\\\/schema.org\",\"@graph\":[{\"@type\":\"WebPage\",\"@id\":\"https:\\\/\\\/www.onefive.cz\\\/peakdesign\\\/produkt\\\/travel-duffelpack-65l\\\/\",\"url\":\"https:\\\/\\\/www.onefive.cz\\\/peakdesign\\\/produkt\\\/travel-duffelpack-65l\\\/\",\"name\":\"Travel Duffelpack 65L - OneFive.cz - Prodejce Peak Design\",\"isPartOf\":{\"@id\":\"https:\\\/\\\/www.onefive.cz\\\/peakdesign\\\/#website\"},\"primaryImageOfPage\":{\"@id\":\"https:\\\/\\\/www.onefive.cz\\\/peakdesign\\\/produkt\\\/travel-duffelpack-65l\\\/#primaryimage\"},\"image\":{\"@id\":\"https:\\\/\\\/www.onefive.cz\\\/peakdesign\\\/produkt\\\/travel-duffelpack-65l\\\/#primaryimage\"},\"thumbnailUrl\":\"https:\\\/\\\/www.onefive.cz\\\/peakdesign\\\/wp-content\\\/uploads\\\/2022\\\/02\\\/duffelpack-1.png\",\"datePublished\":\"2022-02-06T23:30:36+00:00\",\"dateModified\":\"2026-04-17T05:36:25+00:00\",\"description\":\"Travel Duffelpack 65L - cestovn\u00ed ta\u0161ka (duffel bag) s obrovskou kapacitou, maximem pohodl\u00ed a roz\u0161i\u0159itelnou konstrukc\u00ed.\",\"breadcrumb\":{\"@id\":\"https:\\\/\\\/www.onefive.cz\\\/peakdesign\\\/produkt\\\/travel-duffelpack-65l\\\/#breadcrumb\"},\"inLanguage\":\"cs\",\"potentialAction\":[{\"@type\":\"ReadAction\",\"target\":[\"https:\\\/\\\/www.onefive.cz\\\/peakdesign\\\/produkt\\\/travel-duffelpack-65l\\\/\"]}]},{\"@type\":\"ImageObject\",\"inLanguage\":\"cs\",\"@id\":\"https:\\\/\\\/www.onefive.cz\\\/peakdesign\\\/produkt\\\/travel-duffelpack-65l\\\/#primaryimage\",\"url\":\"https:\\\/\\\/www.onefive.cz\\\/peakdesign\\\/wp-content\\\/uploads\\\/2022\\\/02\\\/duffelpack-1.png\",\"contentUrl\":\"https:\\\/\\\/www.onefive.cz\\\/peakdesign\\\/wp-content\\\/uploads\\\/2022\\\/02\\\/duffelpack-1.png\",\"width\":960,\"height\":960},{\"@type\":\"BreadcrumbList\",\"@id\":\"https:\\\/\\\/www.onefive.cz\\\/peakdesign\\\/produkt\\\/travel-duffelpack-65l\\\/#breadcrumb\",\"itemListElement\":[{\"@type\":\"ListItem\",\"position\":1,\"name\":\"Dom\u016f\",\"item\":\"https:\\\/\\\/www.onefive.cz\\\/peakdesign\\\/\"},{\"@type\":\"ListItem\",\"position\":2,\"name\":\"Shop\",\"item\":\"https:\\\/\\\/www.onefive.cz\\\/peakdesign\\\/shop\\\/\"},{\"@type\":\"ListItem\",\"position\":3,\"name\":\"Travel Duffelpack 65L\"}]},{\"@type\":\"WebSite\",\"@id\":\"https:\\\/\\\/www.onefive.cz\\\/peakdesign\\\/#website\",\"url\":\"https:\\\/\\\/www.onefive.cz\\\/peakdesign\\\/\",\"name\":\"OneFive.cz - Prodejce Peak Design\",\"description\":\"Kryty a dr\u017e\u00e1ky pro telefony, cestovn\u00ed a everyday batohy a ta\u0161ky, organiz\u00e9ry a fotop\u0159\u00edslu\u0161enstv\u00ed. Ultim\u00e1tn\u00ed v\u00fdbava pro ty, kte\u0159\u00ed vy\u017eaduj\u00ed to nejlep\u0161\u00ed.\",\"potentialAction\":[{\"@type\":\"SearchAction\",\"target\":{\"@type\":\"EntryPoint\",\"urlTemplate\":\"https:\\\/\\\/www.onefive.cz\\\/peakdesign\\\/?s={search_term_string}\"},\"query-input\":{\"@type\":\"PropertyValueSpecification\",\"valueRequired\":true,\"valueName\":\"search_term_string\"}}],\"inLanguage\":\"cs\"}]}<\/script>\n<!-- \/ Yoast SEO plugin. -->","yoast_head_json":{"title":"Travel Duffelpack 65L - OneFive.cz - Prodejce Peak Design","description":"Travel Duffelpack 65L - cestovn\u00ed ta\u0161ka (duffel bag) s obrovskou kapacitou, maximem pohodl\u00ed a roz\u0161i\u0159itelnou konstrukc\u00ed.","robots":{"index":"index","follow":"follow","max-snippet":"max-snippet:-1","max-image-preview":"max-image-preview:large","max-video-preview":"max-video-preview:-1"},"canonical":"https:\/\/www.onefive.cz\/peakdesign\/produkt\/travel-duffelpack-65l\/","og_locale":"cs_CZ","og_type":"article","og_title":"Travel Duffelpack 65L - Peak Design CZ\/SK","og_description":"Travel Duffelpack 65L \u2013 cestovn\u00ed ta\u0161ka (duffel bag) s obrovskou kapacitou, maximem pohodl\u00ed a roz\u0161i\u0159itelnou konstrukc\u00ed.","og_url":"https:\/\/www.onefive.cz\/peakdesign\/produkt\/travel-duffelpack-65l\/","og_site_name":"OneFive.cz - Prodejce Peak Design","article_modified_time":"2026-04-17T05:36:25+00:00","og_image":[{"width":1200,"height":628,"url":"https:\/\/www.onefive.cz\/peakdesign\/wp-content\/uploads\/2018\/09\/travelduffelpack65l-fb-1.jpg","type":"image\/jpeg"}],"twitter_card":"summary_large_image","twitter_misc":{"Odhadovan\u00e1 doba \u010dten\u00ed":"3 minuty"},"schema":{"@context":"https:\/\/schema.org","@graph":[{"@type":"WebPage","@id":"https:\/\/www.onefive.cz\/peakdesign\/produkt\/travel-duffelpack-65l\/","url":"https:\/\/www.onefive.cz\/peakdesign\/produkt\/travel-duffelpack-65l\/","name":"Travel Duffelpack 65L - OneFive.cz - Prodejce Peak Design","isPartOf":{"@id":"https:\/\/www.onefive.cz\/peakdesign\/#website"},"primaryImageOfPage":{"@id":"https:\/\/www.onefive.cz\/peakdesign\/produkt\/travel-duffelpack-65l\/#primaryimage"},"image":{"@id":"https:\/\/www.onefive.cz\/peakdesign\/produkt\/travel-duffelpack-65l\/#primaryimage"},"thumbnailUrl":"https:\/\/www.onefive.cz\/peakdesign\/wp-content\/uploads\/2022\/02\/duffelpack-1.png","datePublished":"2022-02-06T23:30:36+00:00","dateModified":"2026-04-17T05:36:25+00:00","description":"Travel Duffelpack 65L - cestovn\u00ed ta\u0161ka (duffel bag) s obrovskou kapacitou, maximem pohodl\u00ed a roz\u0161i\u0159itelnou konstrukc\u00ed.","breadcrumb":{"@id":"https:\/\/www.onefive.cz\/peakdesign\/produkt\/travel-duffelpack-65l\/#breadcrumb"},"inLanguage":"cs","potentialAction":[{"@type":"ReadAction","target":["https:\/\/www.onefive.cz\/peakdesign\/produkt\/travel-duffelpack-65l\/"]}]},{"@type":"ImageObject","inLanguage":"cs","@id":"https:\/\/www.onefive.cz\/peakdesign\/produkt\/travel-duffelpack-65l\/#primaryimage","url":"https:\/\/www.onefive.cz\/peakdesign\/wp-content\/uploads\/2022\/02\/duffelpack-1.png","contentUrl":"https:\/\/www.onefive.cz\/peakdesign\/wp-content\/uploads\/2022\/02\/duffelpack-1.png","width":960,"height":960},{"@type":"BreadcrumbList","@id":"https:\/\/www.onefive.cz\/peakdesign\/produkt\/travel-duffelpack-65l\/#breadcrumb","itemListElement":[{"@type":"ListItem","position":1,"name":"Dom\u016f","item":"https:\/\/www.onefive.cz\/peakdesign\/"},{"@type":"ListItem","position":2,"name":"Shop","item":"https:\/\/www.onefive.cz\/peakdesign\/shop\/"},{"@type":"ListItem","position":3,"name":"Travel Duffelpack 65L"}]},{"@type":"WebSite","@id":"https:\/\/www.onefive.cz\/peakdesign\/#website","url":"https:\/\/www.onefive.cz\/peakdesign\/","name":"OneFive.cz - Prodejce Peak Design","description":"Kryty a dr\u017e\u00e1ky pro telefony, cestovn\u00ed a everyday batohy a ta\u0161ky, organiz\u00e9ry a fotop\u0159\u00edslu\u0161enstv\u00ed. Ultim\u00e1tn\u00ed v\u00fdbava pro ty, kte\u0159\u00ed vy\u017eaduj\u00ed to nejlep\u0161\u00ed.","potentialAction":[{"@type":"SearchAction","target":{"@type":"EntryPoint","urlTemplate":"https:\/\/www.onefive.cz\/peakdesign\/?s={search_term_string}"},"query-input":{"@type":"PropertyValueSpecification","valueRequired":true,"valueName":"search_term_string"}}],"inLanguage":"cs"}]}},"_links":{"self":[{"href":"https:\/\/www.onefive.cz\/peakdesign\/wp-json\/wp\/v2\/product\/3892","targetHints":{"allow":["GET"]}}],"collection":[{"href":"https:\/\/www.onefive.cz\/peakdesign\/wp-json\/wp\/v2\/product"}],"about":[{"href":"https:\/\/www.onefive.cz\/peakdesign\/wp-json\/wp\/v2\/types\/product"}],"wp:featuredmedia":[{"embeddable":true,"href":"https:\/\/www.onefive.cz\/peakdesign\/wp-json\/wp\/v2\/media\/126677"}],"wp:attachment":[{"href":"https:\/\/www.onefive.cz\/peakdesign\/wp-json\/wp\/v2\/media?parent=3892"}],"wp:term":[{"taxonomy":"product_brand","embeddable":true,"href":"https:\/\/www.onefive.cz\/peakdesign\/wp-json\/wp\/v2\/product_brand?post=3892"},{"taxonomy":"product_cat","embeddable":true,"href":"https:\/\/www.onefive.cz\/peakdesign\/wp-json\/wp\/v2\/product_cat?post=3892"},{"taxonomy":"product_tag","embeddable":true,"href":"https:\/\/www.onefive.cz\/peakdesign\/wp-json\/wp\/v2\/product_tag?post=3892"}],"curies":[{"name":"wp","href":"https:\/\/api.w.org\/{rel}","templated":true}]}}