{"id":3911,"date":"2018-06-01T11:46:19","date_gmt":"2018-06-01T09:46:19","guid":{"rendered":"https:\/\/www.peakdesign.cz\/?post_type=product&#038;p=3911"},"modified":"2026-04-17T05:36:20","modified_gmt":"2026-04-17T03:36:20","slug":"tech-pouch","status":"publish","type":"product","link":"https:\/\/www.onefive.cz\/peakdesign\/produkt\/tech-pouch\/","title":{"rendered":"Tech Pouch"},"content":{"rendered":"<div class='content-column one_half'><h2>Hlavn\u00ed rysy<\/h2>\n<p><strong>P\u0158EHLED VLASTNOST\u00cd<\/strong><\/p>\n<ul style=\"padding-left: 15px; padding-bottom: 15px;\">\n<li>Konstrukce vnit\u0159n\u00edch kapes inspirovan\u00e1 origami<\/li>\n<li>Men\u0161\u00ed kapsy a poutka na drobnosti a pro pera, SD karty, baterie atd.<\/li>\n<li>Dvojit\u00e9 rukojeti pro rychl\u00e9 otev\u00edr\u00e1n\u00ed a p\u0159\u00edstup<\/li>\n<li>Vn\u011bj\u0161\u00ed kapsa na pas nebo jin\u00e9 doklady<\/li>\n<li>Otvor pro kabel pro pohodln\u00e9 nab\u00edjen\u00ed za\u0159\u00edzen\u00ed<\/li>\n<li>Body pro p\u0159ipnut\u00ed Peak Design popruh\u016f (v prodeji samostatn\u011b)<\/li>\n<li>Velk\u00fd zip #8 odoln\u00fd proti pov\u011btrnostn\u00edm vliv\u016fm<\/li>\n<li>Vn\u011bj\u0161\u00ed obal z 100% recyklovan\u00e9 200D nylonov\u00e9 impregnovan\u00fd (DWR) tkaniny<\/li>\n<\/ul>\n<p><strong>FUNGUJE \u00a0S DAL\u0160\u00cdM VYBAVEN\u00cdM<\/strong><\/p>\n<ul style=\"padding-left: 15px;\">\n<li>2 extern\u00ed poutka Cord Hook\u2122 na p\u0159en\u00e1\u0161en\u00ed pomoc\u00ed PD <a href=\"https:\/\/www.onefive.cz\/peakdesign\/popruhy\/\">popruh\u016f<\/a> na fotoapar\u00e1t nebo <a href=\"https:\/\/www.onefive.cz\/peakdesign\/produkt\/flathook-carry-strap\/\">popruhu na no\u0161en\u00ed<\/a> (prod\u00e1v\u00e1 se samostatn\u011b)<\/li>\n<\/ul><\/div> <div class='content-column one_half last_column'><h2>Video<\/h2>\n<p><iframe loading=\"lazy\" title=\"Peak Design Tech Pouch\" width=\"500\" height=\"281\" src=\"https:\/\/www.youtube.com\/embed\/M0XQOnXluXs?feature=oembed&enablejsapi=1&origin=https:\/\/www.onefive.cz\" frameborder=\"0\" allow=\"accelerometer; autoplay; clipboard-write; encrypted-media; gyroscope; picture-in-picture; web-share\" referrerpolicy=\"strict-origin-when-cross-origin\" allowfullscreen><\/iframe><\/p>\n<h2 style=\"padding-top: 15px;\">Specifikace<\/h2>\n<ul style=\"padding-left: 15px; padding-bottom: 15px;\">\n<li><strong>Objednac\u00ed k\u00f3d<\/strong>: BTP-BK-1 (Black), BTP-SG-1 (Sage), BTP-MN-2 (Midnight), BTP-CH-2 (Charcoal), BTP-BO-2 (Bone)<\/li>\n<li><strong>Hmotnost<\/strong>: 288g<\/li>\n<li><strong>Objem<\/strong>: 2l<\/li>\n<li><strong>Vn\u011bj\u0161\u00ed rozm\u011bry<\/strong>: 15cm x 24cm x 10cm<\/li>\n<\/ul>\n<p><strong>DAL\u0160\u00cd SPECIFIKACE<\/strong><\/p>\n<ul style=\"padding-left: 15px; padding-bottom: 15px;\">\n<li><strong>Materi\u00e1ly<\/strong>: Versa Shell\u2122 400D 100% recyklovan\u00fd vod\u011bodoln\u00fd vn\u011bj\u0161\u00ed materi\u00e1l. Extr\u00e9mn\u011b odoln\u00fd zip #8 UltraZip s vl\u00e1knem UHMPE odoln\u00fdm proti od\u011bru. Interi\u00e9r z vysoce viditeln\u00e9ho \u0161ed\u00e9ho nylonu\/polyesteru. Vnit\u0159n\u00ed a vn\u011bj\u0161\u00ed tkaniny jsou schv\u00e1leny Bluesign. Vnit\u0159n\u00ed a vn\u011bj\u0161\u00ed tkaniny jsou barveny v roztoku pro \u00fasporu energie a spot\u0159eby vody. Hypalonov\u00e9 stresov\u00e9 body a logo odznak (Black a Coyote). Sage, Midnight, Bone a Charcoal maj\u00ed ko\u017een\u00fd odznak, certifikovan\u00fd Gold-Rated Leather Working Group. Bez PFAS. Pou\u017e\u00edv\u00e1 C0 DWR, vodoodpudivou \u00fapravu, kter\u00e1 je ekologi\u010dt\u011bj\u0161\u00ed alternativou k tradi\u010dn\u00edm DWR \u00faprav\u00e1m.<\/li>\n<li><strong>Materi\u00e1l Coyote<\/strong>: Barevn\u00e1 varianta Coyote je vyrobena ze speci\u00e1ln\u00edho materi\u00e1lu X-PAC VX-21 Ocean Edition. Ten je vyvinut\u00fd a vyroben\u00fd v USA, je extr\u00e9mn\u011b odoln\u00fd, a to jak mechanicky, tak proti vod\u011b a ne\u010distot\u00e1m. Konstrukce za pou\u017eit\u00ed v\u00edcevrstevn\u00e1 laminace a zes\u00edlen\u00ed pomoc\u00ed polyesterov\u00e9ho vl\u00e1kna X-Ply zaji\u0161\u0165uje skv\u011bl\u00fd pom\u011br n\u00edzk\u00e9 hmotnosti a pevnosti. Neobsahuje PFAS, je vyroben\u00fd z recyklovan\u00fdch nylonov\u00fdch ryb\u00e1\u0159sk\u00fdch s\u00edt\u00ed a o\u0161et\u0159en\u00fd ekologickou vod\u011bodpudivou \u00fapravou DWR C0. Spl\u0148uje tak na\u0161e vysok\u00e9 n\u00e1roky na odolnost i udr\u017eitetelnost.<\/li>\n<li><strong>Z\u00e1ruka<\/strong>: Do\u017eivotn\u00ed<\/li>\n<\/ul><\/div><div class='clear_column'><\/div><\/p>\n","protected":false},"excerpt":{"rendered":"<p style=\"padding-top: 30px;\">Geni\u00e1ln\u00ed organiz\u00e9r s jednoduch\u00fdm p\u0159\u00edstupem pro r\u016fzn\u00e9 p\u0159\u00edslu\u0161enstv\u00ed a cestovn\u00ed n\u00e1le\u017eitosti.<\/p>\n<p>A\u0165 u\u017e jde o skladov\u00e1n\u00ed kabel\u016f, ka\u017edodenn\u00edch mali\u010dkost\u00ed nebo cestovn\u00ed pot\u0159eby, Tech Pouch nab\u00edz\u00ed bezkonkuren\u010dn\u00ed organizaci a snadn\u00fd p\u0159\u00edstup. Unik\u00e1tn\u00ed konstrukce vnit\u0159n\u00edch kapes inspirovan\u00e1 origami vytv\u00e1\u0159\u00ed \u00fa\u017easnou prostorovou efektivitu a umo\u017e\u0148uje v\u0161e zabalit do men\u0161\u00edho prostoru a z\u00e1rove\u0148 v\u0161e udr\u017eet \u00fahledn\u011b uspo\u0159\u00e1dan\u00e9 a snadno a rychle p\u0159\u00edstupn\u00e9. D\u00edky elastick\u00fdm poutk\u016fm jsou drobn\u00e9 p\u0159edm\u011bty jako tu\u017eky, SD karty a baterie v\u017edy po ruce. Vn\u011bj\u0161\u00ed rukojeti a otev\u00edr\u00e1n\u00ed ve tvaru V zaji\u0161\u0165uj\u00ed velmi snadn\u00e9 dr\u017een\u00ed a rychl\u00fd p\u0159\u00edstup. Vn\u011bj\u0161\u00ed kapsa na zip m\u00e1 pr\u016fchod kabelu pro snadn\u00e9 nab\u00edjen\u00ed r\u016fzn\u00fdch za\u0159\u00edzen\u00ed. Zkonstruov\u00e1no z pov\u011btrnostn\u00edm vliv\u016fm odoln\u00e9 a esteticky \u010dist\u00e9 recyklovan\u00e9 nylonov\u00e9 tkaniny 200D. Tech Pouch je jedn\u00edm z balic\u00edch prvk\u016f Packing Tools, kter\u00e9 nab\u00edz\u00ed nekone\u010dn\u00e9 mo\u017enosti p\u0159izp\u016fsoben\u00ed, uspo\u0159\u00e1d\u00e1n\u00ed a ochranu oble\u010den\u00ed, obuvi, kosmetick\u00fdch pot\u0159eb, drobn\u00e9 techniky a foto\/video v\u00fdbavy. Jsou navr\u017eeny tak, aby perfektn\u011b sed\u011bly (nejen) v cestovn\u00edch zavazadlech Peak Design Travel Line. Nab\u00edz\u00ed snadn\u00fd p\u0159\u00edstup, promy\u0161len\u00e9 uspo\u0159\u00e1d\u00e1n\u00ed, odoln\u00e9 materi\u00e1ly a jednotnou estetickou \u010distotu. Ka\u017ed\u00fd balic\u00ed prvek byl navr\u017een od sam\u00e9ho po\u010d\u00e1tku jako samostatn\u00fd produkt, kter\u00fd m\u00e1 svou kategorii posunout vp\u0159ed jedine\u010dn\u00fdm stylem, vlastnostmi a inovacemi.<\/p>\n","protected":false},"featured_media":126658,"template":"","meta":[],"product_brand":[],"product_cat":[18],"product_tag":[],"class_list":{"0":"post-3911","1":"product","2":"type-product","3":"status-publish","4":"has-post-thumbnail","6":"product_cat-uncategorized","8":"first","9":"instock","10":"taxable","11":"shipping-taxable","12":"purchasable","13":"product-type-variable","14":"has-default-attributes"},"yoast_head":"<!-- This site is optimized with the Yoast SEO plugin v27.4 - https:\/\/yoast.com\/product\/yoast-seo-wordpress\/ -->\n<title>Tech Pouch - OneFive.cz - Prodejce Peak Design<\/title>\n<meta name=\"description\" content=\"Peak Design Tech Pouch - \u0161pi\u010dkov\u00fd organiz\u00e9r v podob\u011b odoln\u00e9ho pouzdra s celou \u0159adou geni\u00e1ln\u011b vymy\u0161len\u00fdch origami kapes a p\u0159ihr\u00e1dek.\" \/>\n<meta name=\"robots\" content=\"index, follow, max-snippet:-1, max-image-preview:large, max-video-preview:-1\" \/>\n<link rel=\"canonical\" href=\"https:\/\/www.onefive.cz\/peakdesign\/produkt\/tech-pouch\/\" \/>\n<meta property=\"og:locale\" content=\"cs_CZ\" \/>\n<meta property=\"og:type\" content=\"article\" \/>\n<meta property=\"og:title\" content=\"Tech Pouch - Peak Design CZ\/SK\" \/>\n<meta property=\"og:description\" content=\"Tech Pouch \u2013 geni\u00e1ln\u00ed organiz\u00e9r s jednoduch\u00fdm p\u0159\u00edstupem.\" \/>\n<meta property=\"og:url\" content=\"https:\/\/www.onefive.cz\/peakdesign\/produkt\/tech-pouch\/\" \/>\n<meta property=\"og:site_name\" content=\"OneFive.cz - Prodejce Peak Design\" \/>\n<meta property=\"article:modified_time\" content=\"2026-04-17T03:36:20+00:00\" \/>\n<meta property=\"og:image\" content=\"https:\/\/www.onefive.cz\/peakdesign\/wp-content\/uploads\/2018\/06\/hero-tech-pouch-fb2.jpg\" \/>\n\t<meta property=\"og:image:width\" content=\"841\" \/>\n\t<meta property=\"og:image:height\" content=\"588\" \/>\n\t<meta property=\"og:image:type\" content=\"image\/jpeg\" \/>\n<meta name=\"twitter:card\" content=\"summary_large_image\" \/>\n<meta name=\"twitter:label1\" content=\"Odhadovan\u00e1 doba \u010dten\u00ed\" \/>\n\t<meta name=\"twitter:data1\" content=\"2 minuty\" \/>\n<script type=\"application\/ld+json\" class=\"yoast-schema-graph\">{\"@context\":\"https:\\\/\\\/schema.org\",\"@graph\":[{\"@type\":\"WebPage\",\"@id\":\"https:\\\/\\\/www.onefive.cz\\\/peakdesign\\\/produkt\\\/tech-pouch\\\/\",\"url\":\"https:\\\/\\\/www.onefive.cz\\\/peakdesign\\\/produkt\\\/tech-pouch\\\/\",\"name\":\"Tech Pouch - OneFive.cz - Prodejce Peak Design\",\"isPartOf\":{\"@id\":\"https:\\\/\\\/www.onefive.cz\\\/peakdesign\\\/#website\"},\"primaryImageOfPage\":{\"@id\":\"https:\\\/\\\/www.onefive.cz\\\/peakdesign\\\/produkt\\\/tech-pouch\\\/#primaryimage\"},\"image\":{\"@id\":\"https:\\\/\\\/www.onefive.cz\\\/peakdesign\\\/produkt\\\/tech-pouch\\\/#primaryimage\"},\"thumbnailUrl\":\"https:\\\/\\\/www.onefive.cz\\\/peakdesign\\\/wp-content\\\/uploads\\\/2018\\\/06\\\/tech-pouch-1.png\",\"datePublished\":\"2018-06-01T09:46:19+00:00\",\"dateModified\":\"2026-04-17T03:36:20+00:00\",\"description\":\"Peak Design Tech Pouch - \u0161pi\u010dkov\u00fd organiz\u00e9r v podob\u011b odoln\u00e9ho pouzdra s celou \u0159adou geni\u00e1ln\u011b vymy\u0161len\u00fdch origami kapes a p\u0159ihr\u00e1dek.\",\"breadcrumb\":{\"@id\":\"https:\\\/\\\/www.onefive.cz\\\/peakdesign\\\/produkt\\\/tech-pouch\\\/#breadcrumb\"},\"inLanguage\":\"cs\",\"potentialAction\":[{\"@type\":\"ReadAction\",\"target\":[\"https:\\\/\\\/www.onefive.cz\\\/peakdesign\\\/produkt\\\/tech-pouch\\\/\"]}]},{\"@type\":\"ImageObject\",\"inLanguage\":\"cs\",\"@id\":\"https:\\\/\\\/www.onefive.cz\\\/peakdesign\\\/produkt\\\/tech-pouch\\\/#primaryimage\",\"url\":\"https:\\\/\\\/www.onefive.cz\\\/peakdesign\\\/wp-content\\\/uploads\\\/2018\\\/06\\\/tech-pouch-1.png\",\"contentUrl\":\"https:\\\/\\\/www.onefive.cz\\\/peakdesign\\\/wp-content\\\/uploads\\\/2018\\\/06\\\/tech-pouch-1.png\",\"width\":960,\"height\":960},{\"@type\":\"BreadcrumbList\",\"@id\":\"https:\\\/\\\/www.onefive.cz\\\/peakdesign\\\/produkt\\\/tech-pouch\\\/#breadcrumb\",\"itemListElement\":[{\"@type\":\"ListItem\",\"position\":1,\"name\":\"Dom\u016f\",\"item\":\"https:\\\/\\\/www.onefive.cz\\\/peakdesign\\\/\"},{\"@type\":\"ListItem\",\"position\":2,\"name\":\"Shop\",\"item\":\"https:\\\/\\\/www.onefive.cz\\\/peakdesign\\\/shop\\\/\"},{\"@type\":\"ListItem\",\"position\":3,\"name\":\"Tech Pouch\"}]},{\"@type\":\"WebSite\",\"@id\":\"https:\\\/\\\/www.onefive.cz\\\/peakdesign\\\/#website\",\"url\":\"https:\\\/\\\/www.onefive.cz\\\/peakdesign\\\/\",\"name\":\"OneFive.cz - Prodejce Peak Design\",\"description\":\"Kryty a dr\u017e\u00e1ky pro telefony, cestovn\u00ed a everyday batohy a ta\u0161ky, organiz\u00e9ry a fotop\u0159\u00edslu\u0161enstv\u00ed. Ultim\u00e1tn\u00ed v\u00fdbava pro ty, kte\u0159\u00ed vy\u017eaduj\u00ed to nejlep\u0161\u00ed.\",\"potentialAction\":[{\"@type\":\"SearchAction\",\"target\":{\"@type\":\"EntryPoint\",\"urlTemplate\":\"https:\\\/\\\/www.onefive.cz\\\/peakdesign\\\/?s={search_term_string}\"},\"query-input\":{\"@type\":\"PropertyValueSpecification\",\"valueRequired\":true,\"valueName\":\"search_term_string\"}}],\"inLanguage\":\"cs\"}]}<\/script>\n<!-- \/ Yoast SEO plugin. -->","yoast_head_json":{"title":"Tech Pouch - OneFive.cz - Prodejce Peak Design","description":"Peak Design Tech Pouch - \u0161pi\u010dkov\u00fd organiz\u00e9r v podob\u011b odoln\u00e9ho pouzdra s celou \u0159adou geni\u00e1ln\u011b vymy\u0161len\u00fdch origami kapes a p\u0159ihr\u00e1dek.","robots":{"index":"index","follow":"follow","max-snippet":"max-snippet:-1","max-image-preview":"max-image-preview:large","max-video-preview":"max-video-preview:-1"},"canonical":"https:\/\/www.onefive.cz\/peakdesign\/produkt\/tech-pouch\/","og_locale":"cs_CZ","og_type":"article","og_title":"Tech Pouch - Peak Design CZ\/SK","og_description":"Tech Pouch \u2013 geni\u00e1ln\u00ed organiz\u00e9r s jednoduch\u00fdm p\u0159\u00edstupem.","og_url":"https:\/\/www.onefive.cz\/peakdesign\/produkt\/tech-pouch\/","og_site_name":"OneFive.cz - Prodejce Peak Design","article_modified_time":"2026-04-17T03:36:20+00:00","og_image":[{"width":841,"height":588,"url":"https:\/\/www.onefive.cz\/peakdesign\/wp-content\/uploads\/2018\/06\/hero-tech-pouch-fb2.jpg","type":"image\/jpeg"}],"twitter_card":"summary_large_image","twitter_misc":{"Odhadovan\u00e1 doba \u010dten\u00ed":"2 minuty"},"schema":{"@context":"https:\/\/schema.org","@graph":[{"@type":"WebPage","@id":"https:\/\/www.onefive.cz\/peakdesign\/produkt\/tech-pouch\/","url":"https:\/\/www.onefive.cz\/peakdesign\/produkt\/tech-pouch\/","name":"Tech Pouch - OneFive.cz - Prodejce Peak Design","isPartOf":{"@id":"https:\/\/www.onefive.cz\/peakdesign\/#website"},"primaryImageOfPage":{"@id":"https:\/\/www.onefive.cz\/peakdesign\/produkt\/tech-pouch\/#primaryimage"},"image":{"@id":"https:\/\/www.onefive.cz\/peakdesign\/produkt\/tech-pouch\/#primaryimage"},"thumbnailUrl":"https:\/\/www.onefive.cz\/peakdesign\/wp-content\/uploads\/2018\/06\/tech-pouch-1.png","datePublished":"2018-06-01T09:46:19+00:00","dateModified":"2026-04-17T03:36:20+00:00","description":"Peak Design Tech Pouch - \u0161pi\u010dkov\u00fd organiz\u00e9r v podob\u011b odoln\u00e9ho pouzdra s celou \u0159adou geni\u00e1ln\u011b vymy\u0161len\u00fdch origami kapes a p\u0159ihr\u00e1dek.","breadcrumb":{"@id":"https:\/\/www.onefive.cz\/peakdesign\/produkt\/tech-pouch\/#breadcrumb"},"inLanguage":"cs","potentialAction":[{"@type":"ReadAction","target":["https:\/\/www.onefive.cz\/peakdesign\/produkt\/tech-pouch\/"]}]},{"@type":"ImageObject","inLanguage":"cs","@id":"https:\/\/www.onefive.cz\/peakdesign\/produkt\/tech-pouch\/#primaryimage","url":"https:\/\/www.onefive.cz\/peakdesign\/wp-content\/uploads\/2018\/06\/tech-pouch-1.png","contentUrl":"https:\/\/www.onefive.cz\/peakdesign\/wp-content\/uploads\/2018\/06\/tech-pouch-1.png","width":960,"height":960},{"@type":"BreadcrumbList","@id":"https:\/\/www.onefive.cz\/peakdesign\/produkt\/tech-pouch\/#breadcrumb","itemListElement":[{"@type":"ListItem","position":1,"name":"Dom\u016f","item":"https:\/\/www.onefive.cz\/peakdesign\/"},{"@type":"ListItem","position":2,"name":"Shop","item":"https:\/\/www.onefive.cz\/peakdesign\/shop\/"},{"@type":"ListItem","position":3,"name":"Tech Pouch"}]},{"@type":"WebSite","@id":"https:\/\/www.onefive.cz\/peakdesign\/#website","url":"https:\/\/www.onefive.cz\/peakdesign\/","name":"OneFive.cz - Prodejce Peak Design","description":"Kryty a dr\u017e\u00e1ky pro telefony, cestovn\u00ed a everyday batohy a ta\u0161ky, organiz\u00e9ry a fotop\u0159\u00edslu\u0161enstv\u00ed. Ultim\u00e1tn\u00ed v\u00fdbava pro ty, kte\u0159\u00ed vy\u017eaduj\u00ed to nejlep\u0161\u00ed.","potentialAction":[{"@type":"SearchAction","target":{"@type":"EntryPoint","urlTemplate":"https:\/\/www.onefive.cz\/peakdesign\/?s={search_term_string}"},"query-input":{"@type":"PropertyValueSpecification","valueRequired":true,"valueName":"search_term_string"}}],"inLanguage":"cs"}]}},"_links":{"self":[{"href":"https:\/\/www.onefive.cz\/peakdesign\/wp-json\/wp\/v2\/product\/3911","targetHints":{"allow":["GET"]}}],"collection":[{"href":"https:\/\/www.onefive.cz\/peakdesign\/wp-json\/wp\/v2\/product"}],"about":[{"href":"https:\/\/www.onefive.cz\/peakdesign\/wp-json\/wp\/v2\/types\/product"}],"wp:featuredmedia":[{"embeddable":true,"href":"https:\/\/www.onefive.cz\/peakdesign\/wp-json\/wp\/v2\/media\/126658"}],"wp:attachment":[{"href":"https:\/\/www.onefive.cz\/peakdesign\/wp-json\/wp\/v2\/media?parent=3911"}],"wp:term":[{"taxonomy":"product_brand","embeddable":true,"href":"https:\/\/www.onefive.cz\/peakdesign\/wp-json\/wp\/v2\/product_brand?post=3911"},{"taxonomy":"product_cat","embeddable":true,"href":"https:\/\/www.onefive.cz\/peakdesign\/wp-json\/wp\/v2\/product_cat?post=3911"},{"taxonomy":"product_tag","embeddable":true,"href":"https:\/\/www.onefive.cz\/peakdesign\/wp-json\/wp\/v2\/product_tag?post=3911"}],"curies":[{"name":"wp","href":"https:\/\/api.w.org\/{rel}","templated":true}]}}