{"id":4053,"date":"2018-05-22T06:17:24","date_gmt":"2018-05-22T04:17:24","guid":{"rendered":"https:\/\/www.peakdesign.cz\/?post_type=product&#038;p=4053"},"modified":"2026-04-17T05:36:16","modified_gmt":"2026-04-17T03:36:16","slug":"rain-fly","status":"publish","type":"product","link":"https:\/\/www.onefive.cz\/peakdesign\/produkt\/rain-fly\/","title":{"rendered":"Rain Fly"},"content":{"rendered":"<div class='content-column one_half'><h2>Hlavn\u00ed rysy<\/h2>\n<p><strong>P\u0158EHLED VLASTNOST\u00cd<\/strong><\/p>\n<ul style=\"padding-left: 15px; padding-bottom: 15px;\">\n<li>Pln\u011b odoln\u00e1 proti de\u0161ti<\/li>\n<li>Ripstop nylon 200D se silikonov\u00fdm potahem a podlepen\u00fdmi \u0161vy<\/li>\n<li>Integrovan\u00e9 pouzdro, kter\u00e9 lze p\u0159ipojit k vn\u011bj\u0161\u00edm upev\u0148ovac\u00edm bod\u016fm na Travel Backpack 45L a m\u016f\u017ee b\u00fdt \u00fahledn\u011b ulo\u017eeno uvnit\u0159 p\u0159edn\u00ed spodn\u00ed kapsy s magnetick\u00fdm uzav\u00edr\u00e1n\u00edm<\/li>\n<li>Po nasazen\u00ed lze na batohu pevn\u011b p\u0159ipevnit jednou rukou pomoc\u00ed stahovac\u00edho mechanismu<\/li>\n<li>Odvod\u0148ovac\u00ed otvory v doln\u00ed \u010d\u00e1sti pro odvod vlhkost, kter\u00e1 by se mohla nashrom\u00e1\u017edit uvnit\u0159<\/li>\n<\/ul><\/div>\n<div class='content-column one_half last_column'><h2>Video<\/h2>\n<p><iframe loading=\"lazy\" title=\"Peak Design Travel Packing Tools: Setup + Tips\" width=\"500\" height=\"281\" src=\"https:\/\/www.youtube.com\/embed\/NJRy3DlLbJ0?feature=oembed&enablejsapi=1&origin=https:\/\/www.onefive.cz\" frameborder=\"0\" allow=\"accelerometer; autoplay; clipboard-write; encrypted-media; gyroscope; picture-in-picture; web-share\" referrerpolicy=\"strict-origin-when-cross-origin\" allowfullscreen><\/iframe><br \/>\n(Info o Rain Fly za\u010d\u00edn\u00e1 v \u010dase 17m37s)<\/p>\n<h2 style=\"padding-top: 15px;\">Specifikace<\/h2>\n<ul style=\"padding-left: 15px; padding-bottom: 15px;\">\n<li><strong>Objednac\u00ed k\u00f3d<\/strong>: BTR-RF-45-BK-1<\/li>\n<li><strong>Hmotnost<\/strong>: 94g<\/li>\n<li><strong>Rozm\u011bry max<\/strong>: P\u0159esn\u011b pasuje na Travel Backpack 45L v roz\u0161\u00ed\u0159en\u00e9m stavu<\/li>\n<li><strong>Rozm\u011bry zbalen\u00e9<\/strong>: 18cm x 3cm x 10cm<\/li>\n<li><strong>Objem<\/strong>: 9L<\/li>\n<\/ul><\/div><div class='clear_column'><\/div>\n","protected":false},"excerpt":{"rendered":"<p><strong>Prodej ukon\u010den<\/strong>, nahrazeno\u00a0<a href=\"https:\/\/www.onefive.cz\/peakdesign\/produkt\/rain-fly-2\/\">Rain Fly<\/a> (v2)<\/p>\n<p>Nepromokav\u00e1 pl\u00e1\u0161t\u011bnka pro Travel Backpack 45L<\/p>\n<p>Pot\u0159ebujete-li \u00faplnou ochranu p\u0159ed de\u0161t\u011bm a sn\u011bhem, utra-sbaliteln\u00e1 pl\u00e1\u0161t\u011bnka 45L Rainfly je tou nejlep\u0161\u00ed volbou. Nen\u00ed to v\u0161ak oby\u010dejn\u00e1 pl\u00e1\u0161t\u011bnka. Je zkonstruov\u00e1na z ripstop nylonu 200D se silikonov\u00fdm potahem a lze ji sbalit do integrovan\u00e9ho p\u0159enosn\u00e9ho pouzdra. Pouzdro se bezpe\u010dn\u011b p\u0159ipojuje k vn\u011bj\u0161\u00edm upev\u0148ovac\u00edm bod\u016fm na Travel Backpack 45L a m\u016f\u017ee b\u00fdt \u00fahledn\u011b ulo\u017eeno uvnit\u0159 p\u0159edn\u00ed spodn\u00ed kapsy s magnetick\u00fdm uzav\u00edr\u00e1n\u00edm. Kdy\u017e za\u010dne pr\u0161et, Rain Fly m\u016f\u017eete okam\u017eit\u011b nasadit, ani\u017e by ji bylo pot\u0159eba odpojovat od batohu.<\/p>\n<p>Rain Fly je jedn\u00edm z balic\u00edch prvk\u016f Packing Tools, kter\u00e9 nab\u00edz\u00ed nekone\u010dn\u00e9 mo\u017enosti p\u0159izp\u016fsoben\u00ed, uspo\u0159\u00e1d\u00e1n\u00ed a ochranu oble\u010den\u00ed, obuvi, kosmetick\u00fdch pot\u0159eb, drobn\u00e9 techniky a foto\/video v\u00fdbavy. Jsou navr\u017eeny tak, aby perfektn\u011b sed\u011bly (nejen) v cestovn\u00edch zavazadlech Peak Design Travel Line. Nab\u00edz\u00ed snadn\u00fd p\u0159\u00edstup, promy\u0161len\u00e9 uspo\u0159\u00e1d\u00e1n\u00ed, odoln\u00e9 materi\u00e1ly a jednotnou estetickou \u010distotu. Ka\u017ed\u00fd balic\u00ed prvek byl navr\u017een od sam\u00e9ho po\u010d\u00e1tku jako samostatn\u00fd produkt, kter\u00fd m\u00e1 svou kategorii posunout vp\u0159ed jedine\u010dn\u00fdm stylem, vlastnostmi a inovacemi.<\/p>\n","protected":false},"featured_media":4055,"template":"","meta":[],"product_brand":[],"product_cat":[18],"product_tag":[],"class_list":{"0":"post-4053","1":"product","2":"type-product","3":"status-publish","4":"has-post-thumbnail","6":"product_cat-uncategorized","8":"first","9":"outofstock","10":"taxable","11":"shipping-taxable","12":"purchasable","13":"product-type-simple"},"yoast_head":"<!-- This site is optimized with the Yoast SEO plugin v27.4 - https:\/\/yoast.com\/product\/yoast-seo-wordpress\/ -->\n<title>Rain Fly - OneFive.cz - Prodejce Peak Design<\/title>\n<meta name=\"description\" content=\"Travel Backpack 45L \u2013 batoh velikosti kabinov\u00e9ho zavazadla nabit\u00fd t\u011bmi nejlep\u0161\u00edmi funkcemi pro cestov\u00e1n\u00ed.\" \/>\n<meta name=\"robots\" content=\"index, follow, max-snippet:-1, max-image-preview:large, max-video-preview:-1\" \/>\n<link rel=\"canonical\" href=\"https:\/\/www.onefive.cz\/peakdesign\/produkt\/rain-fly\/\" \/>\n<meta property=\"og:locale\" content=\"cs_CZ\" \/>\n<meta property=\"og:type\" content=\"article\" \/>\n<meta property=\"og:title\" content=\"Rain Fly - Peak Design CZ\/SK\" \/>\n<meta property=\"og:description\" content=\"Rain Fly \u2013 nepromokav\u00e1 pl\u00e1\u0161t\u011bnka pro Travel Backpack 45L\" \/>\n<meta property=\"og:url\" content=\"https:\/\/www.onefive.cz\/peakdesign\/produkt\/rain-fly\/\" \/>\n<meta property=\"og:site_name\" content=\"OneFive.cz - Prodejce Peak Design\" \/>\n<meta property=\"article:modified_time\" content=\"2026-04-17T03:36:16+00:00\" \/>\n<meta property=\"og:image\" content=\"https:\/\/www.onefive.cz\/peakdesign\/wp-content\/uploads\/2018\/09\/hero-rain-fly-fb.jpg\" \/>\n\t<meta property=\"og:image:width\" content=\"841\" \/>\n\t<meta property=\"og:image:height\" content=\"588\" \/>\n\t<meta property=\"og:image:type\" content=\"image\/jpeg\" \/>\n<meta name=\"twitter:card\" content=\"summary_large_image\" \/>\n<meta name=\"twitter:label1\" content=\"Odhadovan\u00e1 doba \u010dten\u00ed\" \/>\n\t<meta name=\"twitter:data1\" content=\"1 minuta\" \/>\n<script type=\"application\/ld+json\" class=\"yoast-schema-graph\">{\"@context\":\"https:\\\/\\\/schema.org\",\"@graph\":[{\"@type\":\"WebPage\",\"@id\":\"https:\\\/\\\/www.onefive.cz\\\/peakdesign\\\/produkt\\\/rain-fly\\\/\",\"url\":\"https:\\\/\\\/www.onefive.cz\\\/peakdesign\\\/produkt\\\/rain-fly\\\/\",\"name\":\"Rain Fly - OneFive.cz - Prodejce Peak Design\",\"isPartOf\":{\"@id\":\"https:\\\/\\\/www.onefive.cz\\\/peakdesign\\\/#website\"},\"primaryImageOfPage\":{\"@id\":\"https:\\\/\\\/www.onefive.cz\\\/peakdesign\\\/produkt\\\/rain-fly\\\/#primaryimage\"},\"image\":{\"@id\":\"https:\\\/\\\/www.onefive.cz\\\/peakdesign\\\/produkt\\\/rain-fly\\\/#primaryimage\"},\"thumbnailUrl\":\"https:\\\/\\\/www.onefive.cz\\\/peakdesign\\\/wp-content\\\/uploads\\\/2018\\\/09\\\/hero-rain-fly.jpg\",\"datePublished\":\"2018-05-22T04:17:24+00:00\",\"dateModified\":\"2026-04-17T03:36:16+00:00\",\"description\":\"Travel Backpack 45L \u2013 batoh velikosti kabinov\u00e9ho zavazadla nabit\u00fd t\u011bmi nejlep\u0161\u00edmi funkcemi pro cestov\u00e1n\u00ed.\",\"breadcrumb\":{\"@id\":\"https:\\\/\\\/www.onefive.cz\\\/peakdesign\\\/produkt\\\/rain-fly\\\/#breadcrumb\"},\"inLanguage\":\"cs\",\"potentialAction\":[{\"@type\":\"ReadAction\",\"target\":[\"https:\\\/\\\/www.onefive.cz\\\/peakdesign\\\/produkt\\\/rain-fly\\\/\"]}]},{\"@type\":\"ImageObject\",\"inLanguage\":\"cs\",\"@id\":\"https:\\\/\\\/www.onefive.cz\\\/peakdesign\\\/produkt\\\/rain-fly\\\/#primaryimage\",\"url\":\"https:\\\/\\\/www.onefive.cz\\\/peakdesign\\\/wp-content\\\/uploads\\\/2018\\\/09\\\/hero-rain-fly.jpg\",\"contentUrl\":\"https:\\\/\\\/www.onefive.cz\\\/peakdesign\\\/wp-content\\\/uploads\\\/2018\\\/09\\\/hero-rain-fly.jpg\",\"width\":640,\"height\":640},{\"@type\":\"BreadcrumbList\",\"@id\":\"https:\\\/\\\/www.onefive.cz\\\/peakdesign\\\/produkt\\\/rain-fly\\\/#breadcrumb\",\"itemListElement\":[{\"@type\":\"ListItem\",\"position\":1,\"name\":\"Dom\u016f\",\"item\":\"https:\\\/\\\/www.onefive.cz\\\/peakdesign\\\/\"},{\"@type\":\"ListItem\",\"position\":2,\"name\":\"Shop\",\"item\":\"https:\\\/\\\/www.onefive.cz\\\/peakdesign\\\/shop\\\/\"},{\"@type\":\"ListItem\",\"position\":3,\"name\":\"Rain Fly\"}]},{\"@type\":\"WebSite\",\"@id\":\"https:\\\/\\\/www.onefive.cz\\\/peakdesign\\\/#website\",\"url\":\"https:\\\/\\\/www.onefive.cz\\\/peakdesign\\\/\",\"name\":\"OneFive.cz - Prodejce Peak Design\",\"description\":\"Kryty a dr\u017e\u00e1ky pro telefony, cestovn\u00ed a everyday batohy a ta\u0161ky, organiz\u00e9ry a fotop\u0159\u00edslu\u0161enstv\u00ed. Ultim\u00e1tn\u00ed v\u00fdbava pro ty, kte\u0159\u00ed vy\u017eaduj\u00ed to nejlep\u0161\u00ed.\",\"potentialAction\":[{\"@type\":\"SearchAction\",\"target\":{\"@type\":\"EntryPoint\",\"urlTemplate\":\"https:\\\/\\\/www.onefive.cz\\\/peakdesign\\\/?s={search_term_string}\"},\"query-input\":{\"@type\":\"PropertyValueSpecification\",\"valueRequired\":true,\"valueName\":\"search_term_string\"}}],\"inLanguage\":\"cs\"}]}<\/script>\n<!-- \/ Yoast SEO plugin. -->","yoast_head_json":{"title":"Rain Fly - OneFive.cz - Prodejce Peak Design","description":"Travel Backpack 45L \u2013 batoh velikosti kabinov\u00e9ho zavazadla nabit\u00fd t\u011bmi nejlep\u0161\u00edmi funkcemi pro cestov\u00e1n\u00ed.","robots":{"index":"index","follow":"follow","max-snippet":"max-snippet:-1","max-image-preview":"max-image-preview:large","max-video-preview":"max-video-preview:-1"},"canonical":"https:\/\/www.onefive.cz\/peakdesign\/produkt\/rain-fly\/","og_locale":"cs_CZ","og_type":"article","og_title":"Rain Fly - Peak Design CZ\/SK","og_description":"Rain Fly \u2013 nepromokav\u00e1 pl\u00e1\u0161t\u011bnka pro Travel Backpack 45L","og_url":"https:\/\/www.onefive.cz\/peakdesign\/produkt\/rain-fly\/","og_site_name":"OneFive.cz - Prodejce Peak Design","article_modified_time":"2026-04-17T03:36:16+00:00","og_image":[{"width":841,"height":588,"url":"https:\/\/www.onefive.cz\/peakdesign\/wp-content\/uploads\/2018\/09\/hero-rain-fly-fb.jpg","type":"image\/jpeg"}],"twitter_card":"summary_large_image","twitter_misc":{"Odhadovan\u00e1 doba \u010dten\u00ed":"1 minuta"},"schema":{"@context":"https:\/\/schema.org","@graph":[{"@type":"WebPage","@id":"https:\/\/www.onefive.cz\/peakdesign\/produkt\/rain-fly\/","url":"https:\/\/www.onefive.cz\/peakdesign\/produkt\/rain-fly\/","name":"Rain Fly - OneFive.cz - Prodejce Peak Design","isPartOf":{"@id":"https:\/\/www.onefive.cz\/peakdesign\/#website"},"primaryImageOfPage":{"@id":"https:\/\/www.onefive.cz\/peakdesign\/produkt\/rain-fly\/#primaryimage"},"image":{"@id":"https:\/\/www.onefive.cz\/peakdesign\/produkt\/rain-fly\/#primaryimage"},"thumbnailUrl":"https:\/\/www.onefive.cz\/peakdesign\/wp-content\/uploads\/2018\/09\/hero-rain-fly.jpg","datePublished":"2018-05-22T04:17:24+00:00","dateModified":"2026-04-17T03:36:16+00:00","description":"Travel Backpack 45L \u2013 batoh velikosti kabinov\u00e9ho zavazadla nabit\u00fd t\u011bmi nejlep\u0161\u00edmi funkcemi pro cestov\u00e1n\u00ed.","breadcrumb":{"@id":"https:\/\/www.onefive.cz\/peakdesign\/produkt\/rain-fly\/#breadcrumb"},"inLanguage":"cs","potentialAction":[{"@type":"ReadAction","target":["https:\/\/www.onefive.cz\/peakdesign\/produkt\/rain-fly\/"]}]},{"@type":"ImageObject","inLanguage":"cs","@id":"https:\/\/www.onefive.cz\/peakdesign\/produkt\/rain-fly\/#primaryimage","url":"https:\/\/www.onefive.cz\/peakdesign\/wp-content\/uploads\/2018\/09\/hero-rain-fly.jpg","contentUrl":"https:\/\/www.onefive.cz\/peakdesign\/wp-content\/uploads\/2018\/09\/hero-rain-fly.jpg","width":640,"height":640},{"@type":"BreadcrumbList","@id":"https:\/\/www.onefive.cz\/peakdesign\/produkt\/rain-fly\/#breadcrumb","itemListElement":[{"@type":"ListItem","position":1,"name":"Dom\u016f","item":"https:\/\/www.onefive.cz\/peakdesign\/"},{"@type":"ListItem","position":2,"name":"Shop","item":"https:\/\/www.onefive.cz\/peakdesign\/shop\/"},{"@type":"ListItem","position":3,"name":"Rain Fly"}]},{"@type":"WebSite","@id":"https:\/\/www.onefive.cz\/peakdesign\/#website","url":"https:\/\/www.onefive.cz\/peakdesign\/","name":"OneFive.cz - Prodejce Peak Design","description":"Kryty a dr\u017e\u00e1ky pro telefony, cestovn\u00ed a everyday batohy a ta\u0161ky, organiz\u00e9ry a fotop\u0159\u00edslu\u0161enstv\u00ed. Ultim\u00e1tn\u00ed v\u00fdbava pro ty, kte\u0159\u00ed vy\u017eaduj\u00ed to nejlep\u0161\u00ed.","potentialAction":[{"@type":"SearchAction","target":{"@type":"EntryPoint","urlTemplate":"https:\/\/www.onefive.cz\/peakdesign\/?s={search_term_string}"},"query-input":{"@type":"PropertyValueSpecification","valueRequired":true,"valueName":"search_term_string"}}],"inLanguage":"cs"}]}},"_links":{"self":[{"href":"https:\/\/www.onefive.cz\/peakdesign\/wp-json\/wp\/v2\/product\/4053","targetHints":{"allow":["GET"]}}],"collection":[{"href":"https:\/\/www.onefive.cz\/peakdesign\/wp-json\/wp\/v2\/product"}],"about":[{"href":"https:\/\/www.onefive.cz\/peakdesign\/wp-json\/wp\/v2\/types\/product"}],"wp:featuredmedia":[{"embeddable":true,"href":"https:\/\/www.onefive.cz\/peakdesign\/wp-json\/wp\/v2\/media\/4055"}],"wp:attachment":[{"href":"https:\/\/www.onefive.cz\/peakdesign\/wp-json\/wp\/v2\/media?parent=4053"}],"wp:term":[{"taxonomy":"product_brand","embeddable":true,"href":"https:\/\/www.onefive.cz\/peakdesign\/wp-json\/wp\/v2\/product_brand?post=4053"},{"taxonomy":"product_cat","embeddable":true,"href":"https:\/\/www.onefive.cz\/peakdesign\/wp-json\/wp\/v2\/product_cat?post=4053"},{"taxonomy":"product_tag","embeddable":true,"href":"https:\/\/www.onefive.cz\/peakdesign\/wp-json\/wp\/v2\/product_tag?post=4053"}],"curies":[{"name":"wp","href":"https:\/\/api.w.org\/{rel}","templated":true}]}}